{"id":76439,"date":"2025-10-12T19:27:32","date_gmt":"2025-10-12T16:27:32","guid":{"rendered":"https:\/\/kidsplay.lt\/produktas\/woopie-elektroniniu-zaidimu-ratas-ir-kryzminis-loginis-mokymas-4in1\/"},"modified":"2026-04-13T13:54:46","modified_gmt":"2026-04-13T10:54:46","slug":"woopie-elektroniniu-zaidimu-ratas-ir-kryzminis-loginis-mokymas-4in1","status":"publish","type":"product","link":"https:\/\/kidsplay.lt\/lv\/products\/woopie-elektroniniu-zaidimu-ratas-ir-kryzminis-loginis-mokymas-4in1\/","title":{"rendered":"WOOPIE elektronini\u0173 \u017eaidim\u0173 ratas ir kry\u017eminis loginis mokymas 4in1"},"content":{"rendered":"<p>Pristatome novatori\u0161k\u0105 ikoninio \u017eaidimo tic-tac-toe versij\u0105! Ta\u00a0elektroninis \u017eaislas i\u0161 Woopie\u00a0tai perkelia tradicines pramogas \u012f visi\u0161kai nauj\u0105 lyg\u012f. Sukurta atminties ir koncentracijos ugdymui, ji si\u016blo kelet\u0105 \u017eaidimo re\u017eim\u0173, \u012fskaitant konkurencij\u0105 su \u201edirbtiniu intelektu\u201c ir \u017eaviu\u00a0\u201eInfinite Tic-Tac-Toe\u201d re\u017eimas, kur dingsta seniausi p\u0117stininkai, ver\u010diantys \u017eaid\u0117jus m\u0105styti strategi\u0161kai. A\u010di\u016b\u00a0kompakti\u0161kas dydis\u00a0ir\u00a0patvarios ABS med\u017eiagos, \u0160is \u017eaidimas puikiai tinka \u017eaisti namuose ir kelyje.<br \/>\nRaksturojums:<\/p>\n<p> \t\u2013 B\u0113rnu rota\u013clieta 3 gadiem.<br \/>\n \t&#8211;\u00a0Elektronin\u0117 versija\u00a0populiarus \u017eaidimas.<br \/>\n \t&#8211; Tur\u0117s\u00a0keli \u017eaidimo re\u017eimai, \u012fskaitant vieno \u017eaid\u0117jo re\u017eim\u0105 ir \u201eInfinite Tic-Tac-Toe\u201c re\u017eim\u0105.<br \/>\n \t&#8211; Pagaminta i\u0161\u00a0aplinkai nekenksminga ABS med\u017eiaga\u201e.<br \/>\n \t&#8211;\u00a0Kompakti\u0161kas ir lengvai ne\u0161iojamas\u201e.<br \/>\n \t&#8211; Varomas\u00a03 AAA baterijos\u00a0(ne\u012ftraukta).<\/p>\n<p>Komplekt\u0101 ietilpst:<\/p>\n<p> \t&#8211; Elektroninis Tic-Tac-Toe \u017eaidimas.<br \/>\n \t&#8211; Originali pakuot\u0117.<br \/>\n \t\u00a0&#8211; Instrukcija<\/p>\n<p>Rota\u013clieta att\u012bst\u0101s:<\/p>\n<p> \t&#8211; Atmintis ir koncentracija.<br \/>\n \t&#8211; Loginis m\u0105stymas ir strateginio planavimo geb\u0117jimai.<br \/>\n \t&#8211; Suvokimas.<br \/>\n \t&#8211; Rank\u0173 ir aki\u0173 koordinavimas.<\/p>","protected":false},"excerpt":{"rendered":"<p>Pristatome novatori\u0161k\u0105 ikoninio \u017eaidimo tic-tac-toe versij\u0105! Ta\u00a0elektroninis \u017eaislas i\u0161 Woopie\u00a0tai perkelia tradicines pramogas \u012f visi\u0161kai nauj\u0105 lyg\u012f. Sukurta atminties ir<\/p>","protected":false},"featured_media":76441,"template":"","meta":{"_acf_changed":false,"_glsr_average":0,"_glsr_ranking":0,"_glsr_reviews":0},"product_brand":[],"product_cat":[388,229],"product_tag":[],"class_list":{"0":"post-76439","1":"product","2":"type-product","3":"status-publish","4":"has-post-thumbnail","6":"product_cat-edukaciniai-lavinamieji-zaislai","7":"product_cat-zaislai-vaikams","8":"\"style=\"background-color: #2ecc711c;\"","10":"first","11":"instock","12":"purchasable","13":"product-type-simple"},"acf":[],"yoast_head":"<!-- This site is optimized with the Yoast SEO plugin v27.4 - https:\/\/yoast.com\/product\/yoast-seo-wordpress\/ -->\n<title>WOOPIE elektronini\u0173 \u017eaidim\u0173 ratas ir kry\u017eminis loginis mokymas 4in1<\/title>\n<meta name=\"description\" content=\"WOOPIE elektronini\u0173 \u017eaidim\u0173 ratas ir kry\u017eminis loginis mokymas 4in1 - KidsPlay. Did\u017eiausias vaik\u0173 \u017eaisl\u0173 pasirinkimas.\" \/>\n<meta name=\"robots\" content=\"index, follow, max-snippet:-1, max-image-preview:large, max-video-preview:-1\" \/>\n<link rel=\"canonical\" href=\"https:\/\/kidsplay.lt\/lv\/products\/woopie-elektroniniu-zaidimu-ratas-ir-kryzminis-loginis-mokymas-4in1\/\" \/>\n<meta property=\"og:locale\" content=\"lv_LV\" \/>\n<meta property=\"og:type\" content=\"article\" \/>\n<meta property=\"og:title\" content=\"WOOPIE elektronini\u0173 \u017eaidim\u0173 ratas ir kry\u017eminis loginis mokymas 4in1\" \/>\n<meta property=\"og:description\" content=\"WOOPIE elektronini\u0173 \u017eaidim\u0173 ratas ir kry\u017eminis loginis mokymas 4in1 - KidsPlay. Did\u017eiausias vaik\u0173 \u017eaisl\u0173 pasirinkimas.\" \/>\n<meta property=\"og:url\" content=\"https:\/\/kidsplay.lt\/lv\/products\/woopie-elektroniniu-zaidimu-ratas-ir-kryzminis-loginis-mokymas-4in1\/\" \/>\n<meta property=\"og:site_name\" content=\"KidsPlay\" \/>\n<meta property=\"article:publisher\" content=\"https:\/\/www.facebook.com\/www.kidsplay.lt\" \/>\n<meta property=\"article:modified_time\" content=\"2026-04-13T10:54:46+00:00\" \/>\n<meta property=\"og:image\" content=\"https:\/\/kidsplay.lt\/wp-content\/uploads\/2025\/10\/WOOPIE-elektroniniu-zaidimu-ratas-ir-kryzminis-loginis-mokymas-4in1.jpg\" \/>\n\t<meta property=\"og:image:width\" content=\"1000\" \/>\n\t<meta property=\"og:image:height\" content=\"1000\" \/>\n\t<meta property=\"og:image:type\" content=\"image\/jpeg\" \/>\n<meta name=\"twitter:card\" content=\"summary_large_image\" \/>\n<meta name=\"twitter:label1\" content=\"Est. reading time\" \/>\n\t<meta name=\"twitter:data1\" content=\"1 min\u016bte\" \/>\n<script type=\"application\/ld+json\" class=\"yoast-schema-graph\">{\"@context\":\"https:\\\/\\\/schema.org\",\"@graph\":[{\"@type\":\"WebPage\",\"@id\":\"https:\\\/\\\/kidsplay.lt\\\/produktas\\\/woopie-elektroniniu-zaidimu-ratas-ir-kryzminis-loginis-mokymas-4in1\\\/\",\"url\":\"https:\\\/\\\/kidsplay.lt\\\/produktas\\\/woopie-elektroniniu-zaidimu-ratas-ir-kryzminis-loginis-mokymas-4in1\\\/\",\"name\":\"WOOPIE elektronini\u0173 \u017eaidim\u0173 ratas ir kry\u017eminis loginis mokymas 4in1\",\"isPartOf\":{\"@id\":\"https:\\\/\\\/kidsplay.lt\\\/#website\"},\"primaryImageOfPage\":{\"@id\":\"https:\\\/\\\/kidsplay.lt\\\/produktas\\\/woopie-elektroniniu-zaidimu-ratas-ir-kryzminis-loginis-mokymas-4in1\\\/#primaryimage\"},\"image\":{\"@id\":\"https:\\\/\\\/kidsplay.lt\\\/produktas\\\/woopie-elektroniniu-zaidimu-ratas-ir-kryzminis-loginis-mokymas-4in1\\\/#primaryimage\"},\"thumbnailUrl\":\"https:\\\/\\\/kidsplay.lt\\\/wp-content\\\/uploads\\\/2025\\\/10\\\/WOOPIE-elektroniniu-zaidimu-ratas-ir-kryzminis-loginis-mokymas-4in1.jpg\",\"datePublished\":\"2025-10-12T16:27:32+00:00\",\"dateModified\":\"2026-04-13T10:54:46+00:00\",\"description\":\"WOOPIE elektronini\u0173 \u017eaidim\u0173 ratas ir kry\u017eminis loginis mokymas 4in1 - KidsPlay. Did\u017eiausias vaik\u0173 \u017eaisl\u0173 pasirinkimas.\",\"breadcrumb\":{\"@id\":\"https:\\\/\\\/kidsplay.lt\\\/produktas\\\/woopie-elektroniniu-zaidimu-ratas-ir-kryzminis-loginis-mokymas-4in1\\\/#breadcrumb\"},\"inLanguage\":\"lv-LV\",\"potentialAction\":[{\"@type\":\"ReadAction\",\"target\":[\"https:\\\/\\\/kidsplay.lt\\\/produktas\\\/woopie-elektroniniu-zaidimu-ratas-ir-kryzminis-loginis-mokymas-4in1\\\/\"]}]},{\"@type\":\"ImageObject\",\"inLanguage\":\"lv-LV\",\"@id\":\"https:\\\/\\\/kidsplay.lt\\\/produktas\\\/woopie-elektroniniu-zaidimu-ratas-ir-kryzminis-loginis-mokymas-4in1\\\/#primaryimage\",\"url\":\"https:\\\/\\\/kidsplay.lt\\\/wp-content\\\/uploads\\\/2025\\\/10\\\/WOOPIE-elektroniniu-zaidimu-ratas-ir-kryzminis-loginis-mokymas-4in1.jpg\",\"contentUrl\":\"https:\\\/\\\/kidsplay.lt\\\/wp-content\\\/uploads\\\/2025\\\/10\\\/WOOPIE-elektroniniu-zaidimu-ratas-ir-kryzminis-loginis-mokymas-4in1.jpg\",\"width\":1000,\"height\":1000,\"caption\":\"WOOPIE elektronini\u0173 \u017eaidim\u0173 ratas ir kry\u017eminis loginis mokymas 4in1\"},{\"@type\":\"BreadcrumbList\",\"@id\":\"https:\\\/\\\/kidsplay.lt\\\/produktas\\\/woopie-elektroniniu-zaidimu-ratas-ir-kryzminis-loginis-mokymas-4in1\\\/#breadcrumb\",\"itemListElement\":[{\"@type\":\"ListItem\",\"position\":1,\"name\":\"Pagrindinis\",\"item\":\"https:\\\/\\\/kidsplay.lt\\\/\"},{\"@type\":\"ListItem\",\"position\":2,\"name\":\"Parduotuv\u0117\",\"item\":\"https:\\\/\\\/kidsplay.lt\\\/parduotuve\\\/\"},{\"@type\":\"ListItem\",\"position\":3,\"name\":\"WOOPIE elektronini\u0173 \u017eaidim\u0173 ratas ir kry\u017eminis loginis mokymas 4in1\"}]},{\"@type\":\"WebSite\",\"@id\":\"https:\\\/\\\/kidsplay.lt\\\/#website\",\"url\":\"https:\\\/\\\/kidsplay.lt\\\/\",\"name\":\"Kidsplay.lt\",\"description\":\"\u012evairios prek\u0117s vaikams\",\"publisher\":{\"@id\":\"https:\\\/\\\/kidsplay.lt\\\/#organization\"},\"alternateName\":\"Kidsplay\",\"potentialAction\":[{\"@type\":\"SearchAction\",\"target\":{\"@type\":\"EntryPoint\",\"urlTemplate\":\"https:\\\/\\\/kidsplay.lt\\\/?s={search_term_string}\"},\"query-input\":{\"@type\":\"PropertyValueSpecification\",\"valueRequired\":true,\"valueName\":\"search_term_string\"}}],\"inLanguage\":\"lv-LV\"},{\"@type\":\"Organization\",\"@id\":\"https:\\\/\\\/kidsplay.lt\\\/#organization\",\"name\":\"KidsPlay\",\"url\":\"https:\\\/\\\/kidsplay.lt\\\/\",\"logo\":{\"@type\":\"ImageObject\",\"inLanguage\":\"lv-LV\",\"@id\":\"https:\\\/\\\/kidsplay.lt\\\/#\\\/schema\\\/logo\\\/image\\\/\",\"url\":\"https:\\\/\\\/kidsplay.lt\\\/wp-content\\\/uploads\\\/2023\\\/07\\\/kidsplay-logo.png\",\"contentUrl\":\"https:\\\/\\\/kidsplay.lt\\\/wp-content\\\/uploads\\\/2023\\\/07\\\/kidsplay-logo.png\",\"width\":451,\"height\":98,\"caption\":\"KidsPlay\"},\"image\":{\"@id\":\"https:\\\/\\\/kidsplay.lt\\\/#\\\/schema\\\/logo\\\/image\\\/\"},\"sameAs\":[\"https:\\\/\\\/www.facebook.com\\\/www.kidsplay.lt\"]}]}<\/script>\n<!-- \/ Yoast SEO plugin. -->","yoast_head_json":{"title":"WOOPIE elektronini\u0173 \u017eaidim\u0173 ratas ir kry\u017eminis loginis mokymas 4in1","description":"WOOPIE elektronini\u0173 \u017eaidim\u0173 ratas ir kry\u017eminis loginis mokymas 4in1 - KidsPlay. Did\u017eiausias vaik\u0173 \u017eaisl\u0173 pasirinkimas.","robots":{"index":"index","follow":"follow","max-snippet":"max-snippet:-1","max-image-preview":"max-image-preview:large","max-video-preview":"max-video-preview:-1"},"canonical":"https:\/\/kidsplay.lt\/lv\/products\/woopie-elektroniniu-zaidimu-ratas-ir-kryzminis-loginis-mokymas-4in1\/","og_locale":"lv_LV","og_type":"article","og_title":"WOOPIE elektronini\u0173 \u017eaidim\u0173 ratas ir kry\u017eminis loginis mokymas 4in1","og_description":"WOOPIE elektronini\u0173 \u017eaidim\u0173 ratas ir kry\u017eminis loginis mokymas 4in1 - KidsPlay. Did\u017eiausias vaik\u0173 \u017eaisl\u0173 pasirinkimas.","og_url":"https:\/\/kidsplay.lt\/lv\/products\/woopie-elektroniniu-zaidimu-ratas-ir-kryzminis-loginis-mokymas-4in1\/","og_site_name":"KidsPlay","article_publisher":"https:\/\/www.facebook.com\/www.kidsplay.lt","article_modified_time":"2026-04-13T10:54:46+00:00","og_image":[{"width":1000,"height":1000,"url":"https:\/\/kidsplay.lt\/wp-content\/uploads\/2025\/10\/WOOPIE-elektroniniu-zaidimu-ratas-ir-kryzminis-loginis-mokymas-4in1.jpg","type":"image\/jpeg"}],"twitter_card":"summary_large_image","twitter_misc":{"Est. reading time":"1 min\u016bte"},"schema":{"@context":"https:\/\/schema.org","@graph":[{"@type":"WebPage","@id":"https:\/\/kidsplay.lt\/produktas\/woopie-elektroniniu-zaidimu-ratas-ir-kryzminis-loginis-mokymas-4in1\/","url":"https:\/\/kidsplay.lt\/produktas\/woopie-elektroniniu-zaidimu-ratas-ir-kryzminis-loginis-mokymas-4in1\/","name":"WOOPIE elektronini\u0173 \u017eaidim\u0173 ratas ir kry\u017eminis loginis mokymas 4in1","isPartOf":{"@id":"https:\/\/kidsplay.lt\/#website"},"primaryImageOfPage":{"@id":"https:\/\/kidsplay.lt\/produktas\/woopie-elektroniniu-zaidimu-ratas-ir-kryzminis-loginis-mokymas-4in1\/#primaryimage"},"image":{"@id":"https:\/\/kidsplay.lt\/produktas\/woopie-elektroniniu-zaidimu-ratas-ir-kryzminis-loginis-mokymas-4in1\/#primaryimage"},"thumbnailUrl":"https:\/\/kidsplay.lt\/wp-content\/uploads\/2025\/10\/WOOPIE-elektroniniu-zaidimu-ratas-ir-kryzminis-loginis-mokymas-4in1.jpg","datePublished":"2025-10-12T16:27:32+00:00","dateModified":"2026-04-13T10:54:46+00:00","description":"WOOPIE elektronini\u0173 \u017eaidim\u0173 ratas ir kry\u017eminis loginis mokymas 4in1 - KidsPlay. Did\u017eiausias vaik\u0173 \u017eaisl\u0173 pasirinkimas.","breadcrumb":{"@id":"https:\/\/kidsplay.lt\/produktas\/woopie-elektroniniu-zaidimu-ratas-ir-kryzminis-loginis-mokymas-4in1\/#breadcrumb"},"inLanguage":"lv-LV","potentialAction":[{"@type":"ReadAction","target":["https:\/\/kidsplay.lt\/produktas\/woopie-elektroniniu-zaidimu-ratas-ir-kryzminis-loginis-mokymas-4in1\/"]}]},{"@type":"ImageObject","inLanguage":"lv-LV","@id":"https:\/\/kidsplay.lt\/produktas\/woopie-elektroniniu-zaidimu-ratas-ir-kryzminis-loginis-mokymas-4in1\/#primaryimage","url":"https:\/\/kidsplay.lt\/wp-content\/uploads\/2025\/10\/WOOPIE-elektroniniu-zaidimu-ratas-ir-kryzminis-loginis-mokymas-4in1.jpg","contentUrl":"https:\/\/kidsplay.lt\/wp-content\/uploads\/2025\/10\/WOOPIE-elektroniniu-zaidimu-ratas-ir-kryzminis-loginis-mokymas-4in1.jpg","width":1000,"height":1000,"caption":"WOOPIE elektronini\u0173 \u017eaidim\u0173 ratas ir kry\u017eminis loginis mokymas 4in1"},{"@type":"BreadcrumbList","@id":"https:\/\/kidsplay.lt\/produktas\/woopie-elektroniniu-zaidimu-ratas-ir-kryzminis-loginis-mokymas-4in1\/#breadcrumb","itemListElement":[{"@type":"ListItem","position":1,"name":"Pagrindinis","item":"https:\/\/kidsplay.lt\/"},{"@type":"ListItem","position":2,"name":"Parduotuv\u0117","item":"https:\/\/kidsplay.lt\/parduotuve\/"},{"@type":"ListItem","position":3,"name":"WOOPIE elektronini\u0173 \u017eaidim\u0173 ratas ir kry\u017eminis loginis mokymas 4in1"}]},{"@type":"WebSite","@id":"https:\/\/kidsplay.lt\/#website","url":"https:\/\/kidsplay.lt\/","name":"B\u0113rnu sp\u0113les.lv","description":"\u012evairios prek\u0117s vaikams","publisher":{"@id":"https:\/\/kidsplay.lt\/#organization"},"alternateName":"Kidsplay","potentialAction":[{"@type":"SearchAction","target":{"@type":"EntryPoint","urlTemplate":"https:\/\/kidsplay.lt\/?s={search_term_string}"},"query-input":{"@type":"PropertyValueSpecification","valueRequired":true,"valueName":"search_term_string"}}],"inLanguage":"lv-LV"},{"@type":"Organization","@id":"https:\/\/kidsplay.lt\/#organization","name":"B\u0113rnu sp\u0113le","url":"https:\/\/kidsplay.lt\/","logo":{"@type":"ImageObject","inLanguage":"lv-LV","@id":"https:\/\/kidsplay.lt\/#\/schema\/logo\/image\/","url":"https:\/\/kidsplay.lt\/wp-content\/uploads\/2023\/07\/kidsplay-logo.png","contentUrl":"https:\/\/kidsplay.lt\/wp-content\/uploads\/2023\/07\/kidsplay-logo.png","width":451,"height":98,"caption":"KidsPlay"},"image":{"@id":"https:\/\/kidsplay.lt\/#\/schema\/logo\/image\/"},"sameAs":["https:\/\/www.facebook.com\/www.kidsplay.lt"]}]}},"_links":{"self":[{"href":"https:\/\/kidsplay.lt\/lv\/wp-json\/wp\/v2\/product\/76439","targetHints":{"allow":["GET"]}}],"collection":[{"href":"https:\/\/kidsplay.lt\/lv\/wp-json\/wp\/v2\/product"}],"about":[{"href":"https:\/\/kidsplay.lt\/lv\/wp-json\/wp\/v2\/types\/product"}],"version-history":[{"count":1,"href":"https:\/\/kidsplay.lt\/lv\/wp-json\/wp\/v2\/product\/76439\/revisions"}],"predecessor-version":[{"id":76440,"href":"https:\/\/kidsplay.lt\/lv\/wp-json\/wp\/v2\/product\/76439\/revisions\/76440"}],"wp:featuredmedia":[{"embeddable":true,"href":"https:\/\/kidsplay.lt\/lv\/wp-json\/wp\/v2\/media\/76441"}],"wp:attachment":[{"href":"https:\/\/kidsplay.lt\/lv\/wp-json\/wp\/v2\/media?parent=76439"}],"wp:term":[{"taxonomy":"product_brand","embeddable":true,"href":"https:\/\/kidsplay.lt\/lv\/wp-json\/wp\/v2\/product_brand?post=76439"},{"taxonomy":"product_cat","embeddable":true,"href":"https:\/\/kidsplay.lt\/lv\/wp-json\/wp\/v2\/product_cat?post=76439"},{"taxonomy":"product_tag","embeddable":true,"href":"https:\/\/kidsplay.lt\/lv\/wp-json\/wp\/v2\/product_tag?post=76439"}],"curies":[{"name":"wp","href":"https:\/\/api.w.org\/{rel}","templated":true}]}}