{"id":76449,"date":"2025-10-12T19:28:05","date_gmt":"2025-10-12T16:28:05","guid":{"rendered":"https:\/\/kidsplay.lt\/produktas\/woopie-guess-who-seimos-socialinis-zaidimas\/"},"modified":"2026-04-20T07:56:33","modified_gmt":"2026-04-20T04:56:33","slug":"woopie-guess-who-seimos-socialinis-zaidimas","status":"publish","type":"product","link":"https:\/\/kidsplay.lt\/lv\/products\/woopie-guess-who-seimos-socialinis-zaidimas\/","title":{"rendered":"WOOPIE Uzmini, kur\u0161 \u0123imenes soci\u0101l\u0101 sp\u0113le"},"content":{"rendered":"<p>Atsp\u0117k Kas\u00a0i\u0161 mark\u0117s\u00a0Woopie\u00a0tai visai \u0161eimai skirtas \u017eaidimas, paremtas ikoniniu \u201eAtsp\u0117k, kas?\u201c formatu, ta\u010diau visi\u0161kai nauja, patrauklia versija! D\u0117l unikalaus formos lentos dizaino\u00a0mokyklinis autobusas\u201e\u017eaidimas patraukia jauniausi\u0173j\u0173 d\u0117mes\u012f ir skatina login\u012f m\u0105stym\u0105, smag\u0173 klausim\u0173 u\u017edavim\u0105 ir tobul\u0117jim\u0105\u00a0atmintis, suvokimas ir bendravimas\u201e. \u017daidimas apima atsp\u0117jim\u0105, koks veik\u0117jas (\u017emogus ar gyv\u016bnas) yra prie\u0161ininko kortel\u0117je. Nor\u0117dami tai padaryti, \u017eaid\u0117jai turi u\u017eduoti atitinkamus klausimus ir pa\u0161alinti simbolius, kurie neatitinka j\u0173 pateikt\u0173 atsakym\u0173. Tai ne tik puikus vakar\u0117li\u0173 \u017eaidimas, bet ir edukacin\u0117 priemon\u0117, kuri\u00a0palaiko vaiko intelektin\u012f vystym\u0105si\u201e. Ma\u017eiukai\u00a0jie mokosi loginio m\u0105stymo, klausim\u0173 formulavimo, sprendim\u0173 pri\u0117mimo, susikaupimo ir i\u0161vad\u0173 darymo\u201e. D\u0117l draugi\u0161kos formos \u017eaidimas tampa pretekstu leisti laik\u0105 kartu su \u0161eima. \u017daidimas &#8211; puiki dovan\u0173 id\u0117ja, kuri suteiks ilgas d\u017eiaugsmo valandas tiek vaikams, tiek suaugusiems. \u017daislas tinka vaikams nuo trej\u0173 met\u0173 am\u017eiaus, o d\u0117l paprastos mechanikos, spalvingos grafikos ir patvarios konstrukcijos jis bus s\u0117kmingai naudojamas daugel\u012f linksmybi\u0173 sezon\u0173.<\/p>\n<p>Raksturojums:<\/p>\n<p> \t&#8211; Vaiki\u0161kas \u017eaislas\u00a0nuo 3 met\u0173 am\u017eiaus<br \/>\n \t&#8211;\u00a0\u017daidimas dviems \u017emon\u0117ms<br \/>\n \t&#8211; Plakatai\u00a0autobuso formos<br \/>\n \t&#8211;\u00a0Spalvingos persona\u017e\u0173 iliustracijos\u00a0\u2013 tikrovi\u0161kas ir draugi\u0161kas vaikams<br \/>\n \t&#8211;\u00a0Stabili konstrukcija\u00a0\u2013 patogu pastatyti ant stalo<br \/>\n \t&#8211;\u00a0Lengvas valdymas vaikams\u00a0\u2013 lang\u0173 atidarymas ir u\u017edarymas<br \/>\n \t&#8211;\u00a0Nereikia akumuliatoriaus\u00a0\u2013 visi\u0161kai mechaninis ir saugus<br \/>\n \t&#8211;\u00a0\u0160eimos \u017daidimas\u00a0\u2013 puikiai tinka bendriems vakarams, vakar\u0117liams ir linksmyb\u0117ms keliaujant<\/p>\n<p>Komplekt\u0101 ietilpst:<\/p>\n<p> \t&#8211; 2 autobuso formos lentos (m\u0117lynos ir raudonos)<br \/>\n \t&#8211; Dvipus\u0117s lentos \u012fterpti (simboliai ir gyv\u016bnai)<br \/>\n \t&#8211; Originali d\u0117\u017eut\u0117 su spalvota grafika<br \/>\n \t&#8211; \u017daidimo taisykli\u0173 vadovas<\/p>\n<p>Rota\u013clieta att\u012bst\u0101s:<\/p>\n<p> \t&#8211; loginis m\u0105stymas ir samprotavimas<br \/>\n \t&#8211; atmintis ir koncentracija<br \/>\n \t&#8211; bendravimo ir kalbos \u012fg\u016bd\u017eiai<br \/>\n \t&#8211; socialin\u0117 s\u0105veika ir bendradarbiavimas<br \/>\n \t&#8211; planavimas ir strategija<\/p>","protected":false},"excerpt":{"rendered":"<p>Atsp\u0117k Kas\u00a0i\u0161 mark\u0117s\u00a0Woopie\u00a0tai visai \u0161eimai skirtas \u017eaidimas, paremtas ikoniniu \u201eAtsp\u0117k, kas?\u201c formatu, ta\u010diau visi\u0161kai nauja, patrauklia versija! D\u0117l unikalaus formos<\/p>","protected":false},"featured_media":76451,"template":"","meta":{"_acf_changed":false,"_glsr_average":0,"_glsr_ranking":0,"_glsr_reviews":0},"product_brand":[],"product_cat":[445,229],"product_tag":[],"class_list":{"0":"post-76449","1":"product","2":"type-product","3":"status-publish","4":"has-post-thumbnail","6":"product_cat-stalo-zaidimai","7":"product_cat-zaislai-vaikams","8":"\"style=\"background-color: #2ecc711c;\"","10":"first","11":"instock","12":"purchasable","13":"product-type-simple"},"acf":[],"yoast_head":"<!-- This site is optimized with the Yoast SEO plugin v27.4 - https:\/\/yoast.com\/product\/yoast-seo-wordpress\/ -->\n<title>WOOPIE Guess Who \u0160eimos Socialinis \u017daidimas<\/title>\n<meta name=\"description\" content=\"WOOPIE Guess Who \u0160eimos Socialinis \u017daidimas - KidsPlay. Did\u017eiausias vaik\u0173 \u017eaisl\u0173 pasirinkimas.\" \/>\n<meta name=\"robots\" content=\"index, follow, max-snippet:-1, max-image-preview:large, max-video-preview:-1\" \/>\n<link rel=\"canonical\" href=\"https:\/\/kidsplay.lt\/lv\/products\/woopie-guess-who-seimos-socialinis-zaidimas\/\" \/>\n<meta property=\"og:locale\" content=\"lv_LV\" \/>\n<meta property=\"og:type\" content=\"article\" \/>\n<meta property=\"og:title\" content=\"WOOPIE Guess Who \u0160eimos Socialinis \u017daidimas\" \/>\n<meta property=\"og:description\" content=\"WOOPIE Guess Who \u0160eimos Socialinis \u017daidimas - KidsPlay. Did\u017eiausias vaik\u0173 \u017eaisl\u0173 pasirinkimas.\" \/>\n<meta property=\"og:url\" content=\"https:\/\/kidsplay.lt\/lv\/products\/woopie-guess-who-seimos-socialinis-zaidimas\/\" \/>\n<meta property=\"og:site_name\" content=\"KidsPlay\" \/>\n<meta property=\"article:publisher\" content=\"https:\/\/www.facebook.com\/www.kidsplay.lt\" \/>\n<meta property=\"article:modified_time\" content=\"2026-04-20T04:56:33+00:00\" \/>\n<meta property=\"og:image\" content=\"https:\/\/kidsplay.lt\/wp-content\/uploads\/2025\/10\/WOOPIE-Guess-Who-Seimos-Socialinis-Zaidimas.jpg\" \/>\n\t<meta property=\"og:image:width\" content=\"1000\" \/>\n\t<meta property=\"og:image:height\" content=\"1000\" \/>\n\t<meta property=\"og:image:type\" content=\"image\/jpeg\" \/>\n<meta name=\"twitter:card\" content=\"summary_large_image\" \/>\n<meta name=\"twitter:label1\" content=\"Est. reading time\" \/>\n\t<meta name=\"twitter:data1\" content=\"2 min\u016btes\" \/>\n<script type=\"application\/ld+json\" class=\"yoast-schema-graph\">{\"@context\":\"https:\\\/\\\/schema.org\",\"@graph\":[{\"@type\":\"WebPage\",\"@id\":\"https:\\\/\\\/kidsplay.lt\\\/produktas\\\/woopie-guess-who-seimos-socialinis-zaidimas\\\/\",\"url\":\"https:\\\/\\\/kidsplay.lt\\\/produktas\\\/woopie-guess-who-seimos-socialinis-zaidimas\\\/\",\"name\":\"WOOPIE Guess Who \u0160eimos Socialinis \u017daidimas\",\"isPartOf\":{\"@id\":\"https:\\\/\\\/kidsplay.lt\\\/#website\"},\"primaryImageOfPage\":{\"@id\":\"https:\\\/\\\/kidsplay.lt\\\/produktas\\\/woopie-guess-who-seimos-socialinis-zaidimas\\\/#primaryimage\"},\"image\":{\"@id\":\"https:\\\/\\\/kidsplay.lt\\\/produktas\\\/woopie-guess-who-seimos-socialinis-zaidimas\\\/#primaryimage\"},\"thumbnailUrl\":\"https:\\\/\\\/kidsplay.lt\\\/wp-content\\\/uploads\\\/2025\\\/10\\\/WOOPIE-Guess-Who-Seimos-Socialinis-Zaidimas.jpg\",\"datePublished\":\"2025-10-12T16:28:05+00:00\",\"dateModified\":\"2026-04-20T04:56:33+00:00\",\"description\":\"WOOPIE Guess Who \u0160eimos Socialinis \u017daidimas - KidsPlay. Did\u017eiausias vaik\u0173 \u017eaisl\u0173 pasirinkimas.\",\"breadcrumb\":{\"@id\":\"https:\\\/\\\/kidsplay.lt\\\/produktas\\\/woopie-guess-who-seimos-socialinis-zaidimas\\\/#breadcrumb\"},\"inLanguage\":\"lv-LV\",\"potentialAction\":[{\"@type\":\"ReadAction\",\"target\":[\"https:\\\/\\\/kidsplay.lt\\\/produktas\\\/woopie-guess-who-seimos-socialinis-zaidimas\\\/\"]}]},{\"@type\":\"ImageObject\",\"inLanguage\":\"lv-LV\",\"@id\":\"https:\\\/\\\/kidsplay.lt\\\/produktas\\\/woopie-guess-who-seimos-socialinis-zaidimas\\\/#primaryimage\",\"url\":\"https:\\\/\\\/kidsplay.lt\\\/wp-content\\\/uploads\\\/2025\\\/10\\\/WOOPIE-Guess-Who-Seimos-Socialinis-Zaidimas.jpg\",\"contentUrl\":\"https:\\\/\\\/kidsplay.lt\\\/wp-content\\\/uploads\\\/2025\\\/10\\\/WOOPIE-Guess-Who-Seimos-Socialinis-Zaidimas.jpg\",\"width\":1000,\"height\":1000,\"caption\":\"WOOPIE Guess Who \u0160eimos Socialinis \u017daidimas\"},{\"@type\":\"BreadcrumbList\",\"@id\":\"https:\\\/\\\/kidsplay.lt\\\/produktas\\\/woopie-guess-who-seimos-socialinis-zaidimas\\\/#breadcrumb\",\"itemListElement\":[{\"@type\":\"ListItem\",\"position\":1,\"name\":\"Pagrindinis\",\"item\":\"https:\\\/\\\/kidsplay.lt\\\/\"},{\"@type\":\"ListItem\",\"position\":2,\"name\":\"Parduotuv\u0117\",\"item\":\"https:\\\/\\\/kidsplay.lt\\\/parduotuve\\\/\"},{\"@type\":\"ListItem\",\"position\":3,\"name\":\"WOOPIE Guess Who \u0160eimos Socialinis \u017daidimas\"}]},{\"@type\":\"WebSite\",\"@id\":\"https:\\\/\\\/kidsplay.lt\\\/#website\",\"url\":\"https:\\\/\\\/kidsplay.lt\\\/\",\"name\":\"Kidsplay.lt\",\"description\":\"\u012evairios prek\u0117s vaikams\",\"publisher\":{\"@id\":\"https:\\\/\\\/kidsplay.lt\\\/#organization\"},\"alternateName\":\"Kidsplay\",\"potentialAction\":[{\"@type\":\"SearchAction\",\"target\":{\"@type\":\"EntryPoint\",\"urlTemplate\":\"https:\\\/\\\/kidsplay.lt\\\/?s={search_term_string}\"},\"query-input\":{\"@type\":\"PropertyValueSpecification\",\"valueRequired\":true,\"valueName\":\"search_term_string\"}}],\"inLanguage\":\"lv-LV\"},{\"@type\":\"Organization\",\"@id\":\"https:\\\/\\\/kidsplay.lt\\\/#organization\",\"name\":\"KidsPlay\",\"url\":\"https:\\\/\\\/kidsplay.lt\\\/\",\"logo\":{\"@type\":\"ImageObject\",\"inLanguage\":\"lv-LV\",\"@id\":\"https:\\\/\\\/kidsplay.lt\\\/#\\\/schema\\\/logo\\\/image\\\/\",\"url\":\"https:\\\/\\\/kidsplay.lt\\\/wp-content\\\/uploads\\\/2023\\\/07\\\/kidsplay-logo.png\",\"contentUrl\":\"https:\\\/\\\/kidsplay.lt\\\/wp-content\\\/uploads\\\/2023\\\/07\\\/kidsplay-logo.png\",\"width\":451,\"height\":98,\"caption\":\"KidsPlay\"},\"image\":{\"@id\":\"https:\\\/\\\/kidsplay.lt\\\/#\\\/schema\\\/logo\\\/image\\\/\"},\"sameAs\":[\"https:\\\/\\\/www.facebook.com\\\/www.kidsplay.lt\"]}]}<\/script>\n<!-- \/ Yoast SEO plugin. -->","yoast_head_json":{"title":"WOOPIE Uzmini, kur\u0161 \u0123imenes soci\u0101l\u0101 sp\u0113le","description":"WOOPIE Guess Who \u0160eimos Socialinis \u017daidimas - KidsPlay. Did\u017eiausias vaik\u0173 \u017eaisl\u0173 pasirinkimas.","robots":{"index":"index","follow":"follow","max-snippet":"max-snippet:-1","max-image-preview":"max-image-preview:large","max-video-preview":"max-video-preview:-1"},"canonical":"https:\/\/kidsplay.lt\/lv\/products\/woopie-guess-who-seimos-socialinis-zaidimas\/","og_locale":"lv_LV","og_type":"article","og_title":"WOOPIE Guess Who \u0160eimos Socialinis \u017daidimas","og_description":"WOOPIE Guess Who \u0160eimos Socialinis \u017daidimas - KidsPlay. Did\u017eiausias vaik\u0173 \u017eaisl\u0173 pasirinkimas.","og_url":"https:\/\/kidsplay.lt\/lv\/products\/woopie-guess-who-seimos-socialinis-zaidimas\/","og_site_name":"KidsPlay","article_publisher":"https:\/\/www.facebook.com\/www.kidsplay.lt","article_modified_time":"2026-04-20T04:56:33+00:00","og_image":[{"width":1000,"height":1000,"url":"https:\/\/kidsplay.lt\/wp-content\/uploads\/2025\/10\/WOOPIE-Guess-Who-Seimos-Socialinis-Zaidimas.jpg","type":"image\/jpeg"}],"twitter_card":"summary_large_image","twitter_misc":{"Est. reading time":"2 min\u016btes"},"schema":{"@context":"https:\/\/schema.org","@graph":[{"@type":"WebPage","@id":"https:\/\/kidsplay.lt\/produktas\/woopie-guess-who-seimos-socialinis-zaidimas\/","url":"https:\/\/kidsplay.lt\/produktas\/woopie-guess-who-seimos-socialinis-zaidimas\/","name":"WOOPIE Uzmini, kur\u0161 \u0123imenes soci\u0101l\u0101 sp\u0113le","isPartOf":{"@id":"https:\/\/kidsplay.lt\/#website"},"primaryImageOfPage":{"@id":"https:\/\/kidsplay.lt\/produktas\/woopie-guess-who-seimos-socialinis-zaidimas\/#primaryimage"},"image":{"@id":"https:\/\/kidsplay.lt\/produktas\/woopie-guess-who-seimos-socialinis-zaidimas\/#primaryimage"},"thumbnailUrl":"https:\/\/kidsplay.lt\/wp-content\/uploads\/2025\/10\/WOOPIE-Guess-Who-Seimos-Socialinis-Zaidimas.jpg","datePublished":"2025-10-12T16:28:05+00:00","dateModified":"2026-04-20T04:56:33+00:00","description":"WOOPIE Guess Who \u0160eimos Socialinis \u017daidimas - KidsPlay. Did\u017eiausias vaik\u0173 \u017eaisl\u0173 pasirinkimas.","breadcrumb":{"@id":"https:\/\/kidsplay.lt\/produktas\/woopie-guess-who-seimos-socialinis-zaidimas\/#breadcrumb"},"inLanguage":"lv-LV","potentialAction":[{"@type":"ReadAction","target":["https:\/\/kidsplay.lt\/produktas\/woopie-guess-who-seimos-socialinis-zaidimas\/"]}]},{"@type":"ImageObject","inLanguage":"lv-LV","@id":"https:\/\/kidsplay.lt\/produktas\/woopie-guess-who-seimos-socialinis-zaidimas\/#primaryimage","url":"https:\/\/kidsplay.lt\/wp-content\/uploads\/2025\/10\/WOOPIE-Guess-Who-Seimos-Socialinis-Zaidimas.jpg","contentUrl":"https:\/\/kidsplay.lt\/wp-content\/uploads\/2025\/10\/WOOPIE-Guess-Who-Seimos-Socialinis-Zaidimas.jpg","width":1000,"height":1000,"caption":"WOOPIE Guess Who \u0160eimos Socialinis \u017daidimas"},{"@type":"BreadcrumbList","@id":"https:\/\/kidsplay.lt\/produktas\/woopie-guess-who-seimos-socialinis-zaidimas\/#breadcrumb","itemListElement":[{"@type":"ListItem","position":1,"name":"Pagrindinis","item":"https:\/\/kidsplay.lt\/"},{"@type":"ListItem","position":2,"name":"Parduotuv\u0117","item":"https:\/\/kidsplay.lt\/parduotuve\/"},{"@type":"ListItem","position":3,"name":"WOOPIE Guess Who \u0160eimos Socialinis \u017daidimas"}]},{"@type":"WebSite","@id":"https:\/\/kidsplay.lt\/#website","url":"https:\/\/kidsplay.lt\/","name":"B\u0113rnu sp\u0113les.lv","description":"\u012evairios prek\u0117s vaikams","publisher":{"@id":"https:\/\/kidsplay.lt\/#organization"},"alternateName":"Kidsplay","potentialAction":[{"@type":"SearchAction","target":{"@type":"EntryPoint","urlTemplate":"https:\/\/kidsplay.lt\/?s={search_term_string}"},"query-input":{"@type":"PropertyValueSpecification","valueRequired":true,"valueName":"search_term_string"}}],"inLanguage":"lv-LV"},{"@type":"Organization","@id":"https:\/\/kidsplay.lt\/#organization","name":"B\u0113rnu sp\u0113le","url":"https:\/\/kidsplay.lt\/","logo":{"@type":"ImageObject","inLanguage":"lv-LV","@id":"https:\/\/kidsplay.lt\/#\/schema\/logo\/image\/","url":"https:\/\/kidsplay.lt\/wp-content\/uploads\/2023\/07\/kidsplay-logo.png","contentUrl":"https:\/\/kidsplay.lt\/wp-content\/uploads\/2023\/07\/kidsplay-logo.png","width":451,"height":98,"caption":"KidsPlay"},"image":{"@id":"https:\/\/kidsplay.lt\/#\/schema\/logo\/image\/"},"sameAs":["https:\/\/www.facebook.com\/www.kidsplay.lt"]}]}},"_links":{"self":[{"href":"https:\/\/kidsplay.lt\/lv\/wp-json\/wp\/v2\/product\/76449","targetHints":{"allow":["GET"]}}],"collection":[{"href":"https:\/\/kidsplay.lt\/lv\/wp-json\/wp\/v2\/product"}],"about":[{"href":"https:\/\/kidsplay.lt\/lv\/wp-json\/wp\/v2\/types\/product"}],"version-history":[{"count":1,"href":"https:\/\/kidsplay.lt\/lv\/wp-json\/wp\/v2\/product\/76449\/revisions"}],"predecessor-version":[{"id":76450,"href":"https:\/\/kidsplay.lt\/lv\/wp-json\/wp\/v2\/product\/76449\/revisions\/76450"}],"wp:featuredmedia":[{"embeddable":true,"href":"https:\/\/kidsplay.lt\/lv\/wp-json\/wp\/v2\/media\/76451"}],"wp:attachment":[{"href":"https:\/\/kidsplay.lt\/lv\/wp-json\/wp\/v2\/media?parent=76449"}],"wp:term":[{"taxonomy":"product_brand","embeddable":true,"href":"https:\/\/kidsplay.lt\/lv\/wp-json\/wp\/v2\/product_brand?post=76449"},{"taxonomy":"product_cat","embeddable":true,"href":"https:\/\/kidsplay.lt\/lv\/wp-json\/wp\/v2\/product_cat?post=76449"},{"taxonomy":"product_tag","embeddable":true,"href":"https:\/\/kidsplay.lt\/lv\/wp-json\/wp\/v2\/product_tag?post=76449"}],"curies":[{"name":"wp","href":"https:\/\/api.w.org\/{rel}","templated":true}]}}