{"id":76454,"date":"2025-10-12T19:28:18","date_gmt":"2025-10-12T16:28:18","guid":{"rendered":"https:\/\/kidsplay.lt\/produktas\/woopie-konstrukcinis-rinkinys-steam-construction-vehicles-6in1-223-vnt\/"},"modified":"2026-04-13T14:26:10","modified_gmt":"2026-04-13T11:26:10","slug":"woopie-konstrukcinis-rinkinys-steam-construction-vehicles-6in1-223-vnt","status":"publish","type":"product","link":"https:\/\/kidsplay.lt\/lv\/products\/woopie-konstrukcinis-rinkinys-steam-construction-vehicles-6in1-223-vnt\/","title":{"rendered":"WOOPIE konstruktora komplekts STEAM B\u016bvniec\u012bbas transportl\u012bdzek\u013ci 6in1 223 gab."},"content":{"rendered":"<p>Atraskite \u017eav\u0173 statyb\u0173 pasaul\u012f su STEAM Construction Vehicles prek\u0117s \u017eenklo dizaino rinkiniu\u00a0Woopie.\u00a0\u0160is unikalus statybini\u0173 blok\u0173 rinkinys leid\u017eia vaikams susikurti iki\u00a06 skirtingi modeliai\u00a0statybin\u0117s transporto priemon\u0117s\u00a0i\u0161 vieno dali\u0173 rinkinio. Kiekvienas modelis reprezentuoja tikras ma\u0161inas, naudojamas karjeruose ir statybviet\u0117se &#8211; nuo galing\u0173 ekskavatori\u0173, per statybinius kranus, iki gelb\u0117jimo sraigtasparni\u0173. Geltona ir juoda spalvos suteikia \u017eaislui profesional\u0173, pramonin\u012f charakter\u012f ir daugyb\u0119\u00a0judantys elementai\u00a0jie suteikia tikrovi\u0161k\u0105 linksm\u0105 patirt\u012f.<\/p>\n<p>Raksturojums:<\/p>\n<p>&#8211; Vaikams nuo\u00a05 metu<br \/>\n&#8211; 6-in-1 daugiafunkci\u0161kumas, komplektas leid\u017eia sukurti iki 6 skirting\u0173 transporto priemoni\u0173<br \/>\n\u2013 Izgatavots no augstas kvalit\u0101tes materi\u0101liem<br \/>\n&#8211; Judantys elementai<br \/>\n&#8211; Paprastas ir intuityvus dizainas leid\u017eia greitai surinkti nereikalaujant \u012franki\u0173<\/p>\n<p>Rota\u013clieta att\u012bst\u0101s:<\/p>\n<p>&#8211; Vaizduot\u0117<br \/>\n&#8211; Logika<br \/>\n\u2013 Dzin\u0113ji<br \/>\n\u2013 Roku-acu koordin\u0101cija<\/p>","protected":false},"excerpt":{"rendered":"<p>Atraskite \u017eav\u0173 statyb\u0173 pasaul\u012f su STEAM Construction Vehicles prek\u0117s \u017eenklo dizaino rinkiniu\u00a0Woopie.\u00a0\u0160is unikalus statybini\u0173 blok\u0173 rinkinys leid\u017eia vaikams susikurti iki\u00a06<\/p>","protected":false},"featured_media":76456,"template":"","meta":{"_acf_changed":false,"_glsr_average":0,"_glsr_ranking":0,"_glsr_reviews":0},"product_brand":[],"product_cat":[72,446,229],"product_tag":[],"class_list":{"0":"post-76454","1":"product","2":"type-product","3":"status-publish","4":"has-post-thumbnail","6":"product_cat-ispardavimas","7":"product_cat-konstruktoriai","8":"product_cat-zaislai-vaikams","9":"\"style=\"background-color: #2ecc711c;\"","11":"first","12":"instock","13":"sale","14":"purchasable","15":"product-type-simple"},"acf":[],"yoast_head":"<!-- This site is optimized with the Yoast SEO plugin v27.3 - https:\/\/yoast.com\/product\/yoast-seo-wordpress\/ -->\n<title>WOOPIE Konstrukcinis rinkinys STEAM Construction Vehicles 6in1 223 vnt.<\/title>\n<meta name=\"description\" content=\"WOOPIE Konstrukcinis rinkinys STEAM Construction Vehicles 6in1 223 vnt. - KidsPlay. Did\u017eiausias vaik\u0173 \u017eaisl\u0173 pasirinkimas.\" \/>\n<meta name=\"robots\" content=\"index, follow, max-snippet:-1, max-image-preview:large, max-video-preview:-1\" \/>\n<link rel=\"canonical\" href=\"https:\/\/kidsplay.lt\/lv\/products\/woopie-konstrukcinis-rinkinys-steam-construction-vehicles-6in1-223-vnt\/\" \/>\n<meta property=\"og:locale\" content=\"lv_LV\" \/>\n<meta property=\"og:type\" content=\"article\" \/>\n<meta property=\"og:title\" content=\"WOOPIE Konstrukcinis rinkinys STEAM Construction Vehicles 6in1 223 vnt.\" \/>\n<meta property=\"og:description\" content=\"WOOPIE Konstrukcinis rinkinys STEAM Construction Vehicles 6in1 223 vnt. - KidsPlay. Did\u017eiausias vaik\u0173 \u017eaisl\u0173 pasirinkimas.\" \/>\n<meta property=\"og:url\" content=\"https:\/\/kidsplay.lt\/lv\/products\/woopie-konstrukcinis-rinkinys-steam-construction-vehicles-6in1-223-vnt\/\" \/>\n<meta property=\"og:site_name\" content=\"KidsPlay\" \/>\n<meta property=\"article:publisher\" content=\"https:\/\/www.facebook.com\/www.kidsplay.lt\" \/>\n<meta property=\"article:modified_time\" content=\"2026-04-13T11:26:10+00:00\" \/>\n<meta property=\"og:image\" content=\"https:\/\/kidsplay.lt\/wp-content\/uploads\/2025\/10\/WOOPIE-Konstrukcinis-rinkinys-STEAM-Construction-Vehicles-6in1-223-vnt.jpg\" \/>\n\t<meta property=\"og:image:width\" content=\"1000\" \/>\n\t<meta property=\"og:image:height\" content=\"1000\" \/>\n\t<meta property=\"og:image:type\" content=\"image\/jpeg\" \/>\n<meta name=\"twitter:card\" content=\"summary_large_image\" \/>\n<meta name=\"twitter:label1\" content=\"Est. reading time\" \/>\n\t<meta name=\"twitter:data1\" content=\"1 min\u016bte\" \/>\n<script type=\"application\/ld+json\" class=\"yoast-schema-graph\">{\"@context\":\"https:\\\/\\\/schema.org\",\"@graph\":[{\"@type\":\"WebPage\",\"@id\":\"https:\\\/\\\/kidsplay.lt\\\/produktas\\\/woopie-konstrukcinis-rinkinys-steam-construction-vehicles-6in1-223-vnt\\\/\",\"url\":\"https:\\\/\\\/kidsplay.lt\\\/produktas\\\/woopie-konstrukcinis-rinkinys-steam-construction-vehicles-6in1-223-vnt\\\/\",\"name\":\"WOOPIE Konstrukcinis rinkinys STEAM Construction Vehicles 6in1 223 vnt.\",\"isPartOf\":{\"@id\":\"https:\\\/\\\/kidsplay.lt\\\/#website\"},\"primaryImageOfPage\":{\"@id\":\"https:\\\/\\\/kidsplay.lt\\\/produktas\\\/woopie-konstrukcinis-rinkinys-steam-construction-vehicles-6in1-223-vnt\\\/#primaryimage\"},\"image\":{\"@id\":\"https:\\\/\\\/kidsplay.lt\\\/produktas\\\/woopie-konstrukcinis-rinkinys-steam-construction-vehicles-6in1-223-vnt\\\/#primaryimage\"},\"thumbnailUrl\":\"https:\\\/\\\/kidsplay.lt\\\/wp-content\\\/uploads\\\/2025\\\/10\\\/WOOPIE-Konstrukcinis-rinkinys-STEAM-Construction-Vehicles-6in1-223-vnt.jpg\",\"datePublished\":\"2025-10-12T16:28:18+00:00\",\"dateModified\":\"2026-04-13T11:26:10+00:00\",\"description\":\"WOOPIE Konstrukcinis rinkinys STEAM Construction Vehicles 6in1 223 vnt. - KidsPlay. Did\u017eiausias vaik\u0173 \u017eaisl\u0173 pasirinkimas.\",\"breadcrumb\":{\"@id\":\"https:\\\/\\\/kidsplay.lt\\\/produktas\\\/woopie-konstrukcinis-rinkinys-steam-construction-vehicles-6in1-223-vnt\\\/#breadcrumb\"},\"inLanguage\":\"lv-LV\",\"potentialAction\":[{\"@type\":\"ReadAction\",\"target\":[\"https:\\\/\\\/kidsplay.lt\\\/produktas\\\/woopie-konstrukcinis-rinkinys-steam-construction-vehicles-6in1-223-vnt\\\/\"]}]},{\"@type\":\"ImageObject\",\"inLanguage\":\"lv-LV\",\"@id\":\"https:\\\/\\\/kidsplay.lt\\\/produktas\\\/woopie-konstrukcinis-rinkinys-steam-construction-vehicles-6in1-223-vnt\\\/#primaryimage\",\"url\":\"https:\\\/\\\/kidsplay.lt\\\/wp-content\\\/uploads\\\/2025\\\/10\\\/WOOPIE-Konstrukcinis-rinkinys-STEAM-Construction-Vehicles-6in1-223-vnt.jpg\",\"contentUrl\":\"https:\\\/\\\/kidsplay.lt\\\/wp-content\\\/uploads\\\/2025\\\/10\\\/WOOPIE-Konstrukcinis-rinkinys-STEAM-Construction-Vehicles-6in1-223-vnt.jpg\",\"width\":1000,\"height\":1000,\"caption\":\"WOOPIE Konstrukcinis rinkinys STEAM Construction Vehicles 6in1 223 vnt.\"},{\"@type\":\"BreadcrumbList\",\"@id\":\"https:\\\/\\\/kidsplay.lt\\\/produktas\\\/woopie-konstrukcinis-rinkinys-steam-construction-vehicles-6in1-223-vnt\\\/#breadcrumb\",\"itemListElement\":[{\"@type\":\"ListItem\",\"position\":1,\"name\":\"Pagrindinis\",\"item\":\"https:\\\/\\\/kidsplay.lt\\\/\"},{\"@type\":\"ListItem\",\"position\":2,\"name\":\"Parduotuv\u0117\",\"item\":\"https:\\\/\\\/kidsplay.lt\\\/parduotuve\\\/\"},{\"@type\":\"ListItem\",\"position\":3,\"name\":\"WOOPIE Konstrukcinis rinkinys STEAM Construction Vehicles 6in1 223 vnt.\"}]},{\"@type\":\"WebSite\",\"@id\":\"https:\\\/\\\/kidsplay.lt\\\/#website\",\"url\":\"https:\\\/\\\/kidsplay.lt\\\/\",\"name\":\"Kidsplay.lt\",\"description\":\"\u012evairios prek\u0117s vaikams\",\"publisher\":{\"@id\":\"https:\\\/\\\/kidsplay.lt\\\/#organization\"},\"alternateName\":\"Kidsplay\",\"potentialAction\":[{\"@type\":\"SearchAction\",\"target\":{\"@type\":\"EntryPoint\",\"urlTemplate\":\"https:\\\/\\\/kidsplay.lt\\\/?s={search_term_string}\"},\"query-input\":{\"@type\":\"PropertyValueSpecification\",\"valueRequired\":true,\"valueName\":\"search_term_string\"}}],\"inLanguage\":\"lv-LV\"},{\"@type\":\"Organization\",\"@id\":\"https:\\\/\\\/kidsplay.lt\\\/#organization\",\"name\":\"KidsPlay\",\"url\":\"https:\\\/\\\/kidsplay.lt\\\/\",\"logo\":{\"@type\":\"ImageObject\",\"inLanguage\":\"lv-LV\",\"@id\":\"https:\\\/\\\/kidsplay.lt\\\/#\\\/schema\\\/logo\\\/image\\\/\",\"url\":\"https:\\\/\\\/kidsplay.lt\\\/wp-content\\\/uploads\\\/2023\\\/07\\\/kidsplay-logo.png\",\"contentUrl\":\"https:\\\/\\\/kidsplay.lt\\\/wp-content\\\/uploads\\\/2023\\\/07\\\/kidsplay-logo.png\",\"width\":451,\"height\":98,\"caption\":\"KidsPlay\"},\"image\":{\"@id\":\"https:\\\/\\\/kidsplay.lt\\\/#\\\/schema\\\/logo\\\/image\\\/\"},\"sameAs\":[\"https:\\\/\\\/www.facebook.com\\\/www.kidsplay.lt\"]}]}<\/script>\n<!-- \/ Yoast SEO plugin. -->","yoast_head_json":{"title":"WOOPIE konstruktora komplekts STEAM B\u016bvniec\u012bbas transportl\u012bdzek\u013ci 6in1 223 gab.","description":"WOOPIE Konstrukcinis rinkinys STEAM Construction Vehicles 6in1 223 vnt. - KidsPlay. Did\u017eiausias vaik\u0173 \u017eaisl\u0173 pasirinkimas.","robots":{"index":"index","follow":"follow","max-snippet":"max-snippet:-1","max-image-preview":"max-image-preview:large","max-video-preview":"max-video-preview:-1"},"canonical":"https:\/\/kidsplay.lt\/lv\/products\/woopie-konstrukcinis-rinkinys-steam-construction-vehicles-6in1-223-vnt\/","og_locale":"lv_LV","og_type":"article","og_title":"WOOPIE Konstrukcinis rinkinys STEAM Construction Vehicles 6in1 223 vnt.","og_description":"WOOPIE Konstrukcinis rinkinys STEAM Construction Vehicles 6in1 223 vnt. - KidsPlay. Did\u017eiausias vaik\u0173 \u017eaisl\u0173 pasirinkimas.","og_url":"https:\/\/kidsplay.lt\/lv\/products\/woopie-konstrukcinis-rinkinys-steam-construction-vehicles-6in1-223-vnt\/","og_site_name":"KidsPlay","article_publisher":"https:\/\/www.facebook.com\/www.kidsplay.lt","article_modified_time":"2026-04-13T11:26:10+00:00","og_image":[{"width":1000,"height":1000,"url":"https:\/\/kidsplay.lt\/wp-content\/uploads\/2025\/10\/WOOPIE-Konstrukcinis-rinkinys-STEAM-Construction-Vehicles-6in1-223-vnt.jpg","type":"image\/jpeg"}],"twitter_card":"summary_large_image","twitter_misc":{"Est. reading time":"1 min\u016bte"},"schema":{"@context":"https:\/\/schema.org","@graph":[{"@type":"WebPage","@id":"https:\/\/kidsplay.lt\/produktas\/woopie-konstrukcinis-rinkinys-steam-construction-vehicles-6in1-223-vnt\/","url":"https:\/\/kidsplay.lt\/produktas\/woopie-konstrukcinis-rinkinys-steam-construction-vehicles-6in1-223-vnt\/","name":"WOOPIE konstruktora komplekts STEAM B\u016bvniec\u012bbas transportl\u012bdzek\u013ci 6in1 223 gab.","isPartOf":{"@id":"https:\/\/kidsplay.lt\/#website"},"primaryImageOfPage":{"@id":"https:\/\/kidsplay.lt\/produktas\/woopie-konstrukcinis-rinkinys-steam-construction-vehicles-6in1-223-vnt\/#primaryimage"},"image":{"@id":"https:\/\/kidsplay.lt\/produktas\/woopie-konstrukcinis-rinkinys-steam-construction-vehicles-6in1-223-vnt\/#primaryimage"},"thumbnailUrl":"https:\/\/kidsplay.lt\/wp-content\/uploads\/2025\/10\/WOOPIE-Konstrukcinis-rinkinys-STEAM-Construction-Vehicles-6in1-223-vnt.jpg","datePublished":"2025-10-12T16:28:18+00:00","dateModified":"2026-04-13T11:26:10+00:00","description":"WOOPIE Konstrukcinis rinkinys STEAM Construction Vehicles 6in1 223 vnt. - KidsPlay. Did\u017eiausias vaik\u0173 \u017eaisl\u0173 pasirinkimas.","breadcrumb":{"@id":"https:\/\/kidsplay.lt\/produktas\/woopie-konstrukcinis-rinkinys-steam-construction-vehicles-6in1-223-vnt\/#breadcrumb"},"inLanguage":"lv-LV","potentialAction":[{"@type":"ReadAction","target":["https:\/\/kidsplay.lt\/produktas\/woopie-konstrukcinis-rinkinys-steam-construction-vehicles-6in1-223-vnt\/"]}]},{"@type":"ImageObject","inLanguage":"lv-LV","@id":"https:\/\/kidsplay.lt\/produktas\/woopie-konstrukcinis-rinkinys-steam-construction-vehicles-6in1-223-vnt\/#primaryimage","url":"https:\/\/kidsplay.lt\/wp-content\/uploads\/2025\/10\/WOOPIE-Konstrukcinis-rinkinys-STEAM-Construction-Vehicles-6in1-223-vnt.jpg","contentUrl":"https:\/\/kidsplay.lt\/wp-content\/uploads\/2025\/10\/WOOPIE-Konstrukcinis-rinkinys-STEAM-Construction-Vehicles-6in1-223-vnt.jpg","width":1000,"height":1000,"caption":"WOOPIE Konstrukcinis rinkinys STEAM Construction Vehicles 6in1 223 vnt."},{"@type":"BreadcrumbList","@id":"https:\/\/kidsplay.lt\/produktas\/woopie-konstrukcinis-rinkinys-steam-construction-vehicles-6in1-223-vnt\/#breadcrumb","itemListElement":[{"@type":"ListItem","position":1,"name":"Pagrindinis","item":"https:\/\/kidsplay.lt\/"},{"@type":"ListItem","position":2,"name":"Parduotuv\u0117","item":"https:\/\/kidsplay.lt\/parduotuve\/"},{"@type":"ListItem","position":3,"name":"WOOPIE Konstrukcinis rinkinys STEAM Construction Vehicles 6in1 223 vnt."}]},{"@type":"WebSite","@id":"https:\/\/kidsplay.lt\/#website","url":"https:\/\/kidsplay.lt\/","name":"B\u0113rnu sp\u0113les.lv","description":"\u012evairios prek\u0117s vaikams","publisher":{"@id":"https:\/\/kidsplay.lt\/#organization"},"alternateName":"Kidsplay","potentialAction":[{"@type":"SearchAction","target":{"@type":"EntryPoint","urlTemplate":"https:\/\/kidsplay.lt\/?s={search_term_string}"},"query-input":{"@type":"PropertyValueSpecification","valueRequired":true,"valueName":"search_term_string"}}],"inLanguage":"lv-LV"},{"@type":"Organization","@id":"https:\/\/kidsplay.lt\/#organization","name":"B\u0113rnu sp\u0113le","url":"https:\/\/kidsplay.lt\/","logo":{"@type":"ImageObject","inLanguage":"lv-LV","@id":"https:\/\/kidsplay.lt\/#\/schema\/logo\/image\/","url":"https:\/\/kidsplay.lt\/wp-content\/uploads\/2023\/07\/kidsplay-logo.png","contentUrl":"https:\/\/kidsplay.lt\/wp-content\/uploads\/2023\/07\/kidsplay-logo.png","width":451,"height":98,"caption":"KidsPlay"},"image":{"@id":"https:\/\/kidsplay.lt\/#\/schema\/logo\/image\/"},"sameAs":["https:\/\/www.facebook.com\/www.kidsplay.lt"]}]}},"_links":{"self":[{"href":"https:\/\/kidsplay.lt\/lv\/wp-json\/wp\/v2\/product\/76454","targetHints":{"allow":["GET"]}}],"collection":[{"href":"https:\/\/kidsplay.lt\/lv\/wp-json\/wp\/v2\/product"}],"about":[{"href":"https:\/\/kidsplay.lt\/lv\/wp-json\/wp\/v2\/types\/product"}],"version-history":[{"count":2,"href":"https:\/\/kidsplay.lt\/lv\/wp-json\/wp\/v2\/product\/76454\/revisions"}],"predecessor-version":[{"id":80811,"href":"https:\/\/kidsplay.lt\/lv\/wp-json\/wp\/v2\/product\/76454\/revisions\/80811"}],"wp:featuredmedia":[{"embeddable":true,"href":"https:\/\/kidsplay.lt\/lv\/wp-json\/wp\/v2\/media\/76456"}],"wp:attachment":[{"href":"https:\/\/kidsplay.lt\/lv\/wp-json\/wp\/v2\/media?parent=76454"}],"wp:term":[{"taxonomy":"product_brand","embeddable":true,"href":"https:\/\/kidsplay.lt\/lv\/wp-json\/wp\/v2\/product_brand?post=76454"},{"taxonomy":"product_cat","embeddable":true,"href":"https:\/\/kidsplay.lt\/lv\/wp-json\/wp\/v2\/product_cat?post=76454"},{"taxonomy":"product_tag","embeddable":true,"href":"https:\/\/kidsplay.lt\/lv\/wp-json\/wp\/v2\/product_tag?post=76454"}],"curies":[{"name":"wp","href":"https:\/\/api.w.org\/{rel}","templated":true}]}}