{"id":76488,"date":"2025-10-12T19:30:02","date_gmt":"2025-10-12T16:30:02","guid":{"rendered":"https:\/\/kidsplay.lt\/produktas\/woopie-interaktyvus-didelis-space-rover-kosmoso-rinkinys\/"},"modified":"2026-04-07T10:05:39","modified_gmt":"2026-04-07T07:05:39","slug":"woopie-interaktyvus-didelis-space-rover-kosmoso-rinkinys","status":"publish","type":"product","link":"https:\/\/kidsplay.lt\/lv\/products\/woopie-interaktyvus-didelis-space-rover-kosmoso-rinkinys\/","title":{"rendered":"WOOPIE interakt\u012bvais lielais kosmosa rovera kosmosa komplekts"},"content":{"rendered":"<p>Leiskite savo vaikui patekti \u012f \u017eaving\u0105 tarp\u017evaig\u017edini\u0173 kelioni\u0173 pasaul\u012f su\u00a0Didysis kosmoso roveris\u00a0mark\u0117s\u00a0Woopie\u00a0\u2013 yra ne tik \u017eaislas, bet ir tikrasis kiekvienos vaik\u0173 kosmin\u0117s misijos komand\u0173 centras! \u0160i itin detali transporto priemon\u0117 nuves ma\u017eus tyrin\u0117tojus tiesiai \u012f svetimos planetos pavir\u0161i\u0173, kur jie gal\u0117s rinkti duomenis, tyrin\u0117ti reljef\u0105 ir susisiekti su baze d\u0117l tikrovi\u0161k\u0173 element\u0173, toki\u0173 kaip\u00a0besisukantis radaras,\u00a0atidaromas priekinis stiklas\u00a0ar\u00a0interaktyvios \u0161viesos ir garsai\u201e. Sukurta saugiam ir k\u016brybi\u0161kam \u017eaidimui, transporto priemon\u0117 pagaminta i\u0161 patvaraus ABS plastiko, kuris u\u017etikrina atsparum\u0105 sm\u016bgiams ir intensyv\u0173 naudojim\u0105 ma\u017eomis rankomis. Platus,\u00a0gumuoti ratai su bekel\u0117s protektoriumi\u00a0jie leid\u017eia keliauti per bet kur\u012f kambar\u012f, sod\u0105 ar \u017eaidim\u0173 aik\u0161tel\u0119, suteikiant linksmyb\u0117ms visi\u0161kai nauj\u0105 dimensij\u0105. Mygtuko paspaudimas pradedamas\u00a0ap\u0161vietimas ir garso efektai, kurio d\u0117ka vaikai gali jaustis tikrais astronautais pavojingos tyrin\u0117jimo misijos metu. Be to, transporto priemon\u0117s rat\u0173 sukimasis automati\u0161kai pajudina transporto priemon\u0119\u00a0palydovin\u0117 antena\u00a0\u0161is mechaninis sprendimas, pastatytas ant \u2013 stogo, d\u017eiugina vaikus ir ugdo j\u0173 smalsum\u0105, kaip veikia prietaisai.\u00a0Priekiniai \u017eibintai\u00a0transporto priemon\u0117 bus ap\u0161viesta u\u017etamsinta erdve.\u00a0Rinkinyje taip pat yra:\u00a0\u017ealioji astronauto fig\u016br\u0117l\u0117(kuris puikiai tinka transporto priemon\u0117s kabinoje. \u0160is \u017eaislas yra puiki pagalbin\u0117 priemon\u0117\u00a0vaizduot\u0117s, pa\u017einimo geb\u0117jim\u0173 ir mokslini\u0173 interes\u0173 ugdymas\u00a0\u2013 ir visa tai d\u0117l ner\u016bpestingo, k\u016brybi\u0161ko linksmumo!<\/p>\n<p>Raksturojums:<\/p>\n<p> \t&#8211; Vaiki\u0161kas \u017eaislas\u00a0nuo 3 met\u0173 am\u017eiaus<br \/>\n \t&#8211;\u00a0Interaktyvi kosmin\u0117 transporto priemon\u0117\u00a0su judan\u010diu radaru ir atidaromu stiklu<br \/>\n \t&#8211;\u00a0\u0160viesos ir garso efektai\u00a0mygtukas valdomas<br \/>\n \t&#8211;\u00a0Sukamasis radaras\u00a0aktyvuojama rat\u0173 jud\u0117jimu<br \/>\n \t&#8211;\u00a0Astronautas Figurine\u00a0\u2013 komplektas puikiai telpa \u012f salono vid\u0173<br \/>\n \t&#8211;\u00a0Patvar\u016bs, neslystantys ratai\u00a0su dideliu sukibimu su bet kokiu pavir\u0161iumi<br \/>\n \t&#8211;\u00a0Patvari ABS konstrukcija\u00a0\u2013 atsparumas intensyviam \u017eaidimui<br \/>\n \t&#8211;\u00a0\u0160iuolaikinis stilius\u00a0su neonin\u0117mis spalvomis ir mokslin\u0117s fantastikos detal\u0117mis<br \/>\n \t&#8211; Akumuliatorin\u0117 transporto priemon\u0117 (3 x LR44 &#8211;\u00a0\u012ftraukta)<\/p>\n<p>Komplekt\u0101 ietilpst:<\/p>\n<p> \t&#8211; Kosmin\u0117 transporto priemon\u0117 su interaktyviomis funkcijomis<br \/>\n \t&#8211; Astronauto fig\u016br\u0117l\u0117 judan\u010diomis gal\u016bn\u0117mis<br \/>\n \t&#8211; Spalvinga pakuot\u0117 puikiai tinka dovanai<\/p>\n<p>Rota\u013clieta att\u012bst\u0101s:<\/p>\n<p> \t&#8211; vaiko erdvin\u0117 vaizduot\u0117 ir k\u016brybi\u0161kumas<br \/>\n \t&#8211; rankiniai \u012fg\u016bd\u017eiai ir judesi\u0173 tikslumas<br \/>\n \t&#8211; loginis m\u0105stymas \u017eaid\u017eiant realisti\u0161kus scenarijus<br \/>\n \t&#8211; smalsumas pasauliui, mokslui ir technologijoms<br \/>\n \t&#8211; socialin\u0117 kompetencija \u017eaid\u017eiant su bendraam\u017eiais<br \/>\n \t&#8211; prie\u017easties ir pasekm\u0117s santyki\u0173 supratimas<\/p>","protected":false},"excerpt":{"rendered":"<p>Leiskite savo vaikui patekti \u012f \u017eaving\u0105 tarp\u017evaig\u017edini\u0173 kelioni\u0173 pasaul\u012f su\u00a0Didysis kosmoso roveris\u00a0mark\u0117s\u00a0Woopie\u00a0\u2013 yra ne tik \u017eaislas, bet ir tikrasis kiekvienos<\/p>","protected":false},"featured_media":76490,"template":"","meta":{"_acf_changed":false,"_glsr_average":0,"_glsr_ranking":0,"_glsr_reviews":0},"product_brand":[],"product_cat":[448,229],"product_tag":[],"class_list":{"0":"post-76488","1":"product","2":"type-product","3":"status-publish","4":"has-post-thumbnail","6":"product_cat-automobiliai-ir-transportas","7":"product_cat-zaislai-vaikams","8":"\"style=\"background-color: #2ecc711c;\"","10":"first","11":"instock","12":"purchasable","13":"product-type-simple"},"acf":[],"yoast_head":"<!-- This site is optimized with the Yoast SEO plugin v27.3 - https:\/\/yoast.com\/product\/yoast-seo-wordpress\/ -->\n<title>WOOPIE Interaktyvus didelis Space Rover kosmoso rinkinys<\/title>\n<meta name=\"description\" content=\"WOOPIE Interaktyvus didelis Space Rover kosmoso rinkinys - KidsPlay. Did\u017eiausias vaik\u0173 \u017eaisl\u0173 pasirinkimas.\" \/>\n<meta name=\"robots\" content=\"index, follow, max-snippet:-1, max-image-preview:large, max-video-preview:-1\" \/>\n<link rel=\"canonical\" href=\"https:\/\/kidsplay.lt\/lv\/products\/woopie-interaktyvus-didelis-space-rover-kosmoso-rinkinys\/\" \/>\n<meta property=\"og:locale\" content=\"lv_LV\" \/>\n<meta property=\"og:type\" content=\"article\" \/>\n<meta property=\"og:title\" content=\"WOOPIE Interaktyvus didelis Space Rover kosmoso rinkinys\" \/>\n<meta property=\"og:description\" content=\"WOOPIE Interaktyvus didelis Space Rover kosmoso rinkinys - KidsPlay. Did\u017eiausias vaik\u0173 \u017eaisl\u0173 pasirinkimas.\" \/>\n<meta property=\"og:url\" content=\"https:\/\/kidsplay.lt\/lv\/products\/woopie-interaktyvus-didelis-space-rover-kosmoso-rinkinys\/\" \/>\n<meta property=\"og:site_name\" content=\"KidsPlay\" \/>\n<meta property=\"article:publisher\" content=\"https:\/\/www.facebook.com\/www.kidsplay.lt\" \/>\n<meta property=\"article:modified_time\" content=\"2026-04-07T07:05:39+00:00\" \/>\n<meta property=\"og:image\" content=\"https:\/\/kidsplay.lt\/wp-content\/uploads\/2025\/10\/WOOPIE-Interaktyvus-didelis-Space-Rover-kosmoso-rinkinys.jpg\" \/>\n\t<meta property=\"og:image:width\" content=\"1000\" \/>\n\t<meta property=\"og:image:height\" content=\"1000\" \/>\n\t<meta property=\"og:image:type\" content=\"image\/jpeg\" \/>\n<meta name=\"twitter:card\" content=\"summary_large_image\" \/>\n<meta name=\"twitter:label1\" content=\"Est. reading time\" \/>\n\t<meta name=\"twitter:data1\" content=\"2 min\u016btes\" \/>\n<script type=\"application\/ld+json\" class=\"yoast-schema-graph\">{\"@context\":\"https:\\\/\\\/schema.org\",\"@graph\":[{\"@type\":\"WebPage\",\"@id\":\"https:\\\/\\\/kidsplay.lt\\\/produktas\\\/woopie-interaktyvus-didelis-space-rover-kosmoso-rinkinys\\\/\",\"url\":\"https:\\\/\\\/kidsplay.lt\\\/produktas\\\/woopie-interaktyvus-didelis-space-rover-kosmoso-rinkinys\\\/\",\"name\":\"WOOPIE Interaktyvus didelis Space Rover kosmoso rinkinys\",\"isPartOf\":{\"@id\":\"https:\\\/\\\/kidsplay.lt\\\/#website\"},\"primaryImageOfPage\":{\"@id\":\"https:\\\/\\\/kidsplay.lt\\\/produktas\\\/woopie-interaktyvus-didelis-space-rover-kosmoso-rinkinys\\\/#primaryimage\"},\"image\":{\"@id\":\"https:\\\/\\\/kidsplay.lt\\\/produktas\\\/woopie-interaktyvus-didelis-space-rover-kosmoso-rinkinys\\\/#primaryimage\"},\"thumbnailUrl\":\"https:\\\/\\\/kidsplay.lt\\\/wp-content\\\/uploads\\\/2025\\\/10\\\/WOOPIE-Interaktyvus-didelis-Space-Rover-kosmoso-rinkinys.jpg\",\"datePublished\":\"2025-10-12T16:30:02+00:00\",\"dateModified\":\"2026-04-07T07:05:39+00:00\",\"description\":\"WOOPIE Interaktyvus didelis Space Rover kosmoso rinkinys - KidsPlay. Did\u017eiausias vaik\u0173 \u017eaisl\u0173 pasirinkimas.\",\"breadcrumb\":{\"@id\":\"https:\\\/\\\/kidsplay.lt\\\/produktas\\\/woopie-interaktyvus-didelis-space-rover-kosmoso-rinkinys\\\/#breadcrumb\"},\"inLanguage\":\"lv-LV\",\"potentialAction\":[{\"@type\":\"ReadAction\",\"target\":[\"https:\\\/\\\/kidsplay.lt\\\/produktas\\\/woopie-interaktyvus-didelis-space-rover-kosmoso-rinkinys\\\/\"]}]},{\"@type\":\"ImageObject\",\"inLanguage\":\"lv-LV\",\"@id\":\"https:\\\/\\\/kidsplay.lt\\\/produktas\\\/woopie-interaktyvus-didelis-space-rover-kosmoso-rinkinys\\\/#primaryimage\",\"url\":\"https:\\\/\\\/kidsplay.lt\\\/wp-content\\\/uploads\\\/2025\\\/10\\\/WOOPIE-Interaktyvus-didelis-Space-Rover-kosmoso-rinkinys.jpg\",\"contentUrl\":\"https:\\\/\\\/kidsplay.lt\\\/wp-content\\\/uploads\\\/2025\\\/10\\\/WOOPIE-Interaktyvus-didelis-Space-Rover-kosmoso-rinkinys.jpg\",\"width\":1000,\"height\":1000,\"caption\":\"WOOPIE Interaktyvus didelis Space Rover kosmoso rinkinys\"},{\"@type\":\"BreadcrumbList\",\"@id\":\"https:\\\/\\\/kidsplay.lt\\\/produktas\\\/woopie-interaktyvus-didelis-space-rover-kosmoso-rinkinys\\\/#breadcrumb\",\"itemListElement\":[{\"@type\":\"ListItem\",\"position\":1,\"name\":\"Pagrindinis\",\"item\":\"https:\\\/\\\/kidsplay.lt\\\/\"},{\"@type\":\"ListItem\",\"position\":2,\"name\":\"Parduotuv\u0117\",\"item\":\"https:\\\/\\\/kidsplay.lt\\\/parduotuve\\\/\"},{\"@type\":\"ListItem\",\"position\":3,\"name\":\"WOOPIE Interaktyvus didelis Space Rover kosmoso rinkinys\"}]},{\"@type\":\"WebSite\",\"@id\":\"https:\\\/\\\/kidsplay.lt\\\/#website\",\"url\":\"https:\\\/\\\/kidsplay.lt\\\/\",\"name\":\"Kidsplay.lt\",\"description\":\"\u012evairios prek\u0117s vaikams\",\"publisher\":{\"@id\":\"https:\\\/\\\/kidsplay.lt\\\/#organization\"},\"alternateName\":\"Kidsplay\",\"potentialAction\":[{\"@type\":\"SearchAction\",\"target\":{\"@type\":\"EntryPoint\",\"urlTemplate\":\"https:\\\/\\\/kidsplay.lt\\\/?s={search_term_string}\"},\"query-input\":{\"@type\":\"PropertyValueSpecification\",\"valueRequired\":true,\"valueName\":\"search_term_string\"}}],\"inLanguage\":\"lv-LV\"},{\"@type\":\"Organization\",\"@id\":\"https:\\\/\\\/kidsplay.lt\\\/#organization\",\"name\":\"KidsPlay\",\"url\":\"https:\\\/\\\/kidsplay.lt\\\/\",\"logo\":{\"@type\":\"ImageObject\",\"inLanguage\":\"lv-LV\",\"@id\":\"https:\\\/\\\/kidsplay.lt\\\/#\\\/schema\\\/logo\\\/image\\\/\",\"url\":\"https:\\\/\\\/kidsplay.lt\\\/wp-content\\\/uploads\\\/2023\\\/07\\\/kidsplay-logo.png\",\"contentUrl\":\"https:\\\/\\\/kidsplay.lt\\\/wp-content\\\/uploads\\\/2023\\\/07\\\/kidsplay-logo.png\",\"width\":451,\"height\":98,\"caption\":\"KidsPlay\"},\"image\":{\"@id\":\"https:\\\/\\\/kidsplay.lt\\\/#\\\/schema\\\/logo\\\/image\\\/\"},\"sameAs\":[\"https:\\\/\\\/www.facebook.com\\\/www.kidsplay.lt\"]}]}<\/script>\n<!-- \/ Yoast SEO plugin. -->","yoast_head_json":{"title":"WOOPIE interakt\u012bvais lielais kosmosa rovera kosmosa komplekts","description":"WOOPIE Interaktyvus didelis Space Rover kosmoso rinkinys - KidsPlay. Did\u017eiausias vaik\u0173 \u017eaisl\u0173 pasirinkimas.","robots":{"index":"index","follow":"follow","max-snippet":"max-snippet:-1","max-image-preview":"max-image-preview:large","max-video-preview":"max-video-preview:-1"},"canonical":"https:\/\/kidsplay.lt\/lv\/products\/woopie-interaktyvus-didelis-space-rover-kosmoso-rinkinys\/","og_locale":"lv_LV","og_type":"article","og_title":"WOOPIE Interaktyvus didelis Space Rover kosmoso rinkinys","og_description":"WOOPIE Interaktyvus didelis Space Rover kosmoso rinkinys - KidsPlay. Did\u017eiausias vaik\u0173 \u017eaisl\u0173 pasirinkimas.","og_url":"https:\/\/kidsplay.lt\/lv\/products\/woopie-interaktyvus-didelis-space-rover-kosmoso-rinkinys\/","og_site_name":"KidsPlay","article_publisher":"https:\/\/www.facebook.com\/www.kidsplay.lt","article_modified_time":"2026-04-07T07:05:39+00:00","og_image":[{"width":1000,"height":1000,"url":"https:\/\/kidsplay.lt\/wp-content\/uploads\/2025\/10\/WOOPIE-Interaktyvus-didelis-Space-Rover-kosmoso-rinkinys.jpg","type":"image\/jpeg"}],"twitter_card":"summary_large_image","twitter_misc":{"Est. reading time":"2 min\u016btes"},"schema":{"@context":"https:\/\/schema.org","@graph":[{"@type":"WebPage","@id":"https:\/\/kidsplay.lt\/produktas\/woopie-interaktyvus-didelis-space-rover-kosmoso-rinkinys\/","url":"https:\/\/kidsplay.lt\/produktas\/woopie-interaktyvus-didelis-space-rover-kosmoso-rinkinys\/","name":"WOOPIE interakt\u012bvais lielais kosmosa rovera kosmosa komplekts","isPartOf":{"@id":"https:\/\/kidsplay.lt\/#website"},"primaryImageOfPage":{"@id":"https:\/\/kidsplay.lt\/produktas\/woopie-interaktyvus-didelis-space-rover-kosmoso-rinkinys\/#primaryimage"},"image":{"@id":"https:\/\/kidsplay.lt\/produktas\/woopie-interaktyvus-didelis-space-rover-kosmoso-rinkinys\/#primaryimage"},"thumbnailUrl":"https:\/\/kidsplay.lt\/wp-content\/uploads\/2025\/10\/WOOPIE-Interaktyvus-didelis-Space-Rover-kosmoso-rinkinys.jpg","datePublished":"2025-10-12T16:30:02+00:00","dateModified":"2026-04-07T07:05:39+00:00","description":"WOOPIE Interaktyvus didelis Space Rover kosmoso rinkinys - KidsPlay. Did\u017eiausias vaik\u0173 \u017eaisl\u0173 pasirinkimas.","breadcrumb":{"@id":"https:\/\/kidsplay.lt\/produktas\/woopie-interaktyvus-didelis-space-rover-kosmoso-rinkinys\/#breadcrumb"},"inLanguage":"lv-LV","potentialAction":[{"@type":"ReadAction","target":["https:\/\/kidsplay.lt\/produktas\/woopie-interaktyvus-didelis-space-rover-kosmoso-rinkinys\/"]}]},{"@type":"ImageObject","inLanguage":"lv-LV","@id":"https:\/\/kidsplay.lt\/produktas\/woopie-interaktyvus-didelis-space-rover-kosmoso-rinkinys\/#primaryimage","url":"https:\/\/kidsplay.lt\/wp-content\/uploads\/2025\/10\/WOOPIE-Interaktyvus-didelis-Space-Rover-kosmoso-rinkinys.jpg","contentUrl":"https:\/\/kidsplay.lt\/wp-content\/uploads\/2025\/10\/WOOPIE-Interaktyvus-didelis-Space-Rover-kosmoso-rinkinys.jpg","width":1000,"height":1000,"caption":"WOOPIE Interaktyvus didelis Space Rover kosmoso rinkinys"},{"@type":"BreadcrumbList","@id":"https:\/\/kidsplay.lt\/produktas\/woopie-interaktyvus-didelis-space-rover-kosmoso-rinkinys\/#breadcrumb","itemListElement":[{"@type":"ListItem","position":1,"name":"Pagrindinis","item":"https:\/\/kidsplay.lt\/"},{"@type":"ListItem","position":2,"name":"Parduotuv\u0117","item":"https:\/\/kidsplay.lt\/parduotuve\/"},{"@type":"ListItem","position":3,"name":"WOOPIE Interaktyvus didelis Space Rover kosmoso rinkinys"}]},{"@type":"WebSite","@id":"https:\/\/kidsplay.lt\/#website","url":"https:\/\/kidsplay.lt\/","name":"B\u0113rnu sp\u0113les.lv","description":"\u012evairios prek\u0117s vaikams","publisher":{"@id":"https:\/\/kidsplay.lt\/#organization"},"alternateName":"Kidsplay","potentialAction":[{"@type":"SearchAction","target":{"@type":"EntryPoint","urlTemplate":"https:\/\/kidsplay.lt\/?s={search_term_string}"},"query-input":{"@type":"PropertyValueSpecification","valueRequired":true,"valueName":"search_term_string"}}],"inLanguage":"lv-LV"},{"@type":"Organization","@id":"https:\/\/kidsplay.lt\/#organization","name":"B\u0113rnu sp\u0113le","url":"https:\/\/kidsplay.lt\/","logo":{"@type":"ImageObject","inLanguage":"lv-LV","@id":"https:\/\/kidsplay.lt\/#\/schema\/logo\/image\/","url":"https:\/\/kidsplay.lt\/wp-content\/uploads\/2023\/07\/kidsplay-logo.png","contentUrl":"https:\/\/kidsplay.lt\/wp-content\/uploads\/2023\/07\/kidsplay-logo.png","width":451,"height":98,"caption":"KidsPlay"},"image":{"@id":"https:\/\/kidsplay.lt\/#\/schema\/logo\/image\/"},"sameAs":["https:\/\/www.facebook.com\/www.kidsplay.lt"]}]}},"_links":{"self":[{"href":"https:\/\/kidsplay.lt\/lv\/wp-json\/wp\/v2\/product\/76488","targetHints":{"allow":["GET"]}}],"collection":[{"href":"https:\/\/kidsplay.lt\/lv\/wp-json\/wp\/v2\/product"}],"about":[{"href":"https:\/\/kidsplay.lt\/lv\/wp-json\/wp\/v2\/types\/product"}],"version-history":[{"count":1,"href":"https:\/\/kidsplay.lt\/lv\/wp-json\/wp\/v2\/product\/76488\/revisions"}],"predecessor-version":[{"id":76489,"href":"https:\/\/kidsplay.lt\/lv\/wp-json\/wp\/v2\/product\/76488\/revisions\/76489"}],"wp:featuredmedia":[{"embeddable":true,"href":"https:\/\/kidsplay.lt\/lv\/wp-json\/wp\/v2\/media\/76490"}],"wp:attachment":[{"href":"https:\/\/kidsplay.lt\/lv\/wp-json\/wp\/v2\/media?parent=76488"}],"wp:term":[{"taxonomy":"product_brand","embeddable":true,"href":"https:\/\/kidsplay.lt\/lv\/wp-json\/wp\/v2\/product_brand?post=76488"},{"taxonomy":"product_cat","embeddable":true,"href":"https:\/\/kidsplay.lt\/lv\/wp-json\/wp\/v2\/product_cat?post=76488"},{"taxonomy":"product_tag","embeddable":true,"href":"https:\/\/kidsplay.lt\/lv\/wp-json\/wp\/v2\/product_tag?post=76488"}],"curies":[{"name":"wp","href":"https:\/\/api.w.org\/{rel}","templated":true}]}}