{"id":76493,"date":"2025-10-12T19:30:21","date_gmt":"2025-10-12T16:30:21","guid":{"rendered":"https:\/\/kidsplay.lt\/produktas\/woopie-interactive-space-rover-space-set\/"},"modified":"2026-04-13T14:26:23","modified_gmt":"2026-04-13T11:26:23","slug":"woopie-interactive-space-rover-space-set","status":"publish","type":"product","link":"https:\/\/kidsplay.lt\/lv\/products\/woopie-interactive-space-rover-space-set\/","title":{"rendered":"WOOPIE interakt\u012bvais kosmosa rovera kosmosa komplekts"},"content":{"rendered":"<p>\u012eeikite \u012f \u017eaving\u0173 kosmoso tyrin\u0117jim\u0173 pasaul\u012f su unikaliu\u00a0Rover\u00a0kosmin\u0117\u00a0i\u0161\u00a0Woopie! \u0160is naujovi\u0161kas\u00a0transporto priemon\u0117 su astronauto fig\u016br\u0117le\u00a0tai idealus pasi\u016blymas ma\u017eiesiems tyrin\u0117tojams, svajojantiems u\u017ekariauti svetimas planetas. D\u0117l gerai apgalvoto dizaino ir interaktyvi\u0173 funkcij\u0173 vaikas ne tik labai smagiai leid\u017eia laik\u0105, bet ir lavina savo pa\u017einimo, motorinius ir vaizduot\u0117s \u012fg\u016bd\u017eius. Kosmin\u0117 transporto priemon\u0117 daro \u012fsp\u016bd\u012f savo futuristiniu \u2013 dizainu, d\u0117l balto korpuso kartu su ry\u0161kiai \u017ealiais ratais ir detal\u0117mis ji atrodo kaip tikra NASA tyrim\u0173 ma\u0161ina. A\u010di\u016b\u00a0atidaroma kabina\u00a0ma\u017eylis gali lengvai \u012fd\u0117ti \u012f vid\u0173 astronaut\u0105, kuris yra prie valdymo pulto, pasiruo\u0161\u0119s naujiems i\u0161\u0161\u016bkiams. Jis yra ant transporto priemon\u0117s stogo\u00a0interaktyvus radaras\u00a0\u2013 kai paspausite mygtuk\u0105, antena automati\u0161kai pakyla, suteikdama jums papildom\u0105 linksmumo ir netik\u0117tumo element\u0105. Tai dar ne viskas! Atlikus misij\u0105, u\u017etenka\u00a0paspauskite priekin\u012f bufer\u012f, o radaras slepia save \u2013 yra kaip tikra kosmoso technologija miniati\u016brin\u0117je versijoje!\u00a0Neslystan\u010dios gumin\u0117s padangos\u00a0jie u\u017etikrina va\u017eiavimo stabilum\u0105 ant \u012fvairi\u0173 pavir\u0161i\u0173, a\u00a0trinties pavara\u00a0tai leid\u017eia transporto priemonei dinami\u0161kai jud\u0117ti nenaudojant \u2013 akumuliatoriaus, tiesiog stumkite j\u012f taip, kad automobilis jud\u0117t\u0173 \u012f priek\u012f su impulsu! Tai puikus b\u016bdas \u012f\u00a0fizinio aktyvumo ir koordinacijos skatinimas\u00a0vaikas. Rinkinys puikiai tinka kaip dovana kiekvienam mokslu, kosmosu, technologijomis ir nuotykiais besidomin\u010diam vaikui. Tai puikiai tinka tiek berniuk\u0173, tiek mergai\u010di\u0173 poreikiams, ugdant daugyb\u0119 svarbi\u0173 \u012fg\u016bd\u017ei\u0173. Tai ne tik \u2013 \u017eaislas\u00a0tikro tarp\u017evaig\u017edinio nuotykio prad\u017eia&#8217;, kuris prasideda j\u016bs\u0173 namuose!<\/p>\n<p>Raksturojums:<\/p>\n<p> \t&#8211; Vaiki\u0161kas \u017eaislas\u00a0nuo 3 met\u0173 am\u017eiaus<br \/>\n \t&#8211;\u00a0I\u0161ple\u010diamasis radaras\u00a0\u012fjungiamas mygtuku ant transporto priemon\u0117s stogo<br \/>\n \t&#8211;\u00a0Radaro lankstymas\u00a0kai paspausite bufer\u012f<br \/>\n \t&#8211;\u00a0Atidaryta skaidri kabina<br \/>\n \t&#8211;\u00a0Neslystan\u010dios padangos\u00a0mink\u0161ta guma \u2013 puikus sukibimas ir stabilumas<br \/>\n \t&#8211;\u00a0Trinties pavara\u00a0\u2013 tiesiog stumkite transporto priemon\u0119, kad ji prad\u0117t\u0173 veikti pati<br \/>\n \t&#8211;\u00a0Ilgalaik\u0117 konstrukcija\u00a0pagaminta i\u0161 auk\u0161tos kokyb\u0117s ABS plastiko<br \/>\n \t&#8211;\u00a0Unikalus dizainas\u00a0su futuristiniais elementais<\/p>\n<p>Komplekt\u0101 ietilpst:<\/p>\n<p> \t&#8211; Kosmin\u0117 transporto priemon\u0117 su interaktyviomis funkcijomis<br \/>\n \t&#8211; Astronauto fig\u016br\u0117l\u0117 judan\u010diomis gal\u016bn\u0117mis<br \/>\n \t&#8211; Spalvinga pakuot\u0117 puikiai tinka dovanai<\/p>\n<p>Rota\u013clieta att\u012bst\u0101s:<\/p>\n<p> \t&#8211; vaizduot\u0117 ir k\u016brybi\u0161kumas<br \/>\n \t&#8211; rank\u0173 ir aki\u0173 koordinavimas<br \/>\n \t&#8211; rankiniai \u012fg\u016bd\u017eiai<br \/>\n \t&#8211; susidom\u0117jimas mokslu ir technologijomis<\/p>","protected":false},"excerpt":{"rendered":"<p>\u012eeikite \u012f \u017eaving\u0173 kosmoso tyrin\u0117jim\u0173 pasaul\u012f su unikaliu\u00a0Rover\u00a0kosmin\u0117\u00a0i\u0161\u00a0Woopie! \u0160is naujovi\u0161kas\u00a0transporto priemon\u0117 su astronauto fig\u016br\u0117le\u00a0tai idealus pasi\u016blymas ma\u017eiesiems tyrin\u0117tojams, svajojantiems u\u017ekariauti<\/p>","protected":false},"featured_media":76495,"template":"","meta":{"_acf_changed":false,"_glsr_average":0,"_glsr_ranking":0,"_glsr_reviews":0},"product_brand":[],"product_cat":[448,229],"product_tag":[],"class_list":{"0":"post-76493","1":"product","2":"type-product","3":"status-publish","4":"has-post-thumbnail","6":"product_cat-automobiliai-ir-transportas","7":"product_cat-zaislai-vaikams","8":"\"style=\"background-color: #2ecc711c;\"","10":"first","11":"instock","12":"purchasable","13":"product-type-simple"},"acf":[],"yoast_head":"<!-- This site is optimized with the Yoast SEO plugin v27.4 - https:\/\/yoast.com\/product\/yoast-seo-wordpress\/ -->\n<title>WOOPIE Interactive Space Rover Space Set<\/title>\n<meta name=\"description\" content=\"WOOPIE Interactive Space Rover Space Set - KidsPlay. Did\u017eiausias vaik\u0173 \u017eaisl\u0173 pasirinkimas.\" \/>\n<meta name=\"robots\" content=\"index, follow, max-snippet:-1, max-image-preview:large, max-video-preview:-1\" \/>\n<link rel=\"canonical\" href=\"https:\/\/kidsplay.lt\/lv\/products\/woopie-interactive-space-rover-space-set\/\" \/>\n<meta property=\"og:locale\" content=\"lv_LV\" \/>\n<meta property=\"og:type\" content=\"article\" \/>\n<meta property=\"og:title\" content=\"WOOPIE Interactive Space Rover Space Set\" \/>\n<meta property=\"og:description\" content=\"WOOPIE Interactive Space Rover Space Set - KidsPlay. Did\u017eiausias vaik\u0173 \u017eaisl\u0173 pasirinkimas.\" \/>\n<meta property=\"og:url\" content=\"https:\/\/kidsplay.lt\/lv\/products\/woopie-interactive-space-rover-space-set\/\" \/>\n<meta property=\"og:site_name\" content=\"KidsPlay\" \/>\n<meta property=\"article:publisher\" content=\"https:\/\/www.facebook.com\/www.kidsplay.lt\" \/>\n<meta property=\"article:modified_time\" content=\"2026-04-13T11:26:23+00:00\" \/>\n<meta property=\"og:image\" content=\"https:\/\/kidsplay.lt\/wp-content\/uploads\/2025\/10\/WOOPIE-Interactive-Space-Rover-Space-Set.jpg\" \/>\n\t<meta property=\"og:image:width\" content=\"1000\" \/>\n\t<meta property=\"og:image:height\" content=\"1000\" \/>\n\t<meta property=\"og:image:type\" content=\"image\/jpeg\" \/>\n<meta name=\"twitter:card\" content=\"summary_large_image\" \/>\n<meta name=\"twitter:label1\" content=\"Est. reading time\" \/>\n\t<meta name=\"twitter:data1\" content=\"2 min\u016btes\" \/>\n<script type=\"application\/ld+json\" class=\"yoast-schema-graph\">{\"@context\":\"https:\\\/\\\/schema.org\",\"@graph\":[{\"@type\":\"WebPage\",\"@id\":\"https:\\\/\\\/kidsplay.lt\\\/produktas\\\/woopie-interactive-space-rover-space-set\\\/\",\"url\":\"https:\\\/\\\/kidsplay.lt\\\/produktas\\\/woopie-interactive-space-rover-space-set\\\/\",\"name\":\"WOOPIE Interactive Space Rover Space Set\",\"isPartOf\":{\"@id\":\"https:\\\/\\\/kidsplay.lt\\\/#website\"},\"primaryImageOfPage\":{\"@id\":\"https:\\\/\\\/kidsplay.lt\\\/produktas\\\/woopie-interactive-space-rover-space-set\\\/#primaryimage\"},\"image\":{\"@id\":\"https:\\\/\\\/kidsplay.lt\\\/produktas\\\/woopie-interactive-space-rover-space-set\\\/#primaryimage\"},\"thumbnailUrl\":\"https:\\\/\\\/kidsplay.lt\\\/wp-content\\\/uploads\\\/2025\\\/10\\\/WOOPIE-Interactive-Space-Rover-Space-Set.jpg\",\"datePublished\":\"2025-10-12T16:30:21+00:00\",\"dateModified\":\"2026-04-13T11:26:23+00:00\",\"description\":\"WOOPIE Interactive Space Rover Space Set - KidsPlay. Did\u017eiausias vaik\u0173 \u017eaisl\u0173 pasirinkimas.\",\"breadcrumb\":{\"@id\":\"https:\\\/\\\/kidsplay.lt\\\/produktas\\\/woopie-interactive-space-rover-space-set\\\/#breadcrumb\"},\"inLanguage\":\"lv-LV\",\"potentialAction\":[{\"@type\":\"ReadAction\",\"target\":[\"https:\\\/\\\/kidsplay.lt\\\/produktas\\\/woopie-interactive-space-rover-space-set\\\/\"]}]},{\"@type\":\"ImageObject\",\"inLanguage\":\"lv-LV\",\"@id\":\"https:\\\/\\\/kidsplay.lt\\\/produktas\\\/woopie-interactive-space-rover-space-set\\\/#primaryimage\",\"url\":\"https:\\\/\\\/kidsplay.lt\\\/wp-content\\\/uploads\\\/2025\\\/10\\\/WOOPIE-Interactive-Space-Rover-Space-Set.jpg\",\"contentUrl\":\"https:\\\/\\\/kidsplay.lt\\\/wp-content\\\/uploads\\\/2025\\\/10\\\/WOOPIE-Interactive-Space-Rover-Space-Set.jpg\",\"width\":1000,\"height\":1000,\"caption\":\"WOOPIE Interactive Space Rover Space Set\"},{\"@type\":\"BreadcrumbList\",\"@id\":\"https:\\\/\\\/kidsplay.lt\\\/produktas\\\/woopie-interactive-space-rover-space-set\\\/#breadcrumb\",\"itemListElement\":[{\"@type\":\"ListItem\",\"position\":1,\"name\":\"Pagrindinis\",\"item\":\"https:\\\/\\\/kidsplay.lt\\\/\"},{\"@type\":\"ListItem\",\"position\":2,\"name\":\"Parduotuv\u0117\",\"item\":\"https:\\\/\\\/kidsplay.lt\\\/parduotuve\\\/\"},{\"@type\":\"ListItem\",\"position\":3,\"name\":\"WOOPIE Interactive Space Rover Space Set\"}]},{\"@type\":\"WebSite\",\"@id\":\"https:\\\/\\\/kidsplay.lt\\\/#website\",\"url\":\"https:\\\/\\\/kidsplay.lt\\\/\",\"name\":\"Kidsplay.lt\",\"description\":\"\u012evairios prek\u0117s vaikams\",\"publisher\":{\"@id\":\"https:\\\/\\\/kidsplay.lt\\\/#organization\"},\"alternateName\":\"Kidsplay\",\"potentialAction\":[{\"@type\":\"SearchAction\",\"target\":{\"@type\":\"EntryPoint\",\"urlTemplate\":\"https:\\\/\\\/kidsplay.lt\\\/?s={search_term_string}\"},\"query-input\":{\"@type\":\"PropertyValueSpecification\",\"valueRequired\":true,\"valueName\":\"search_term_string\"}}],\"inLanguage\":\"lv-LV\"},{\"@type\":\"Organization\",\"@id\":\"https:\\\/\\\/kidsplay.lt\\\/#organization\",\"name\":\"KidsPlay\",\"url\":\"https:\\\/\\\/kidsplay.lt\\\/\",\"logo\":{\"@type\":\"ImageObject\",\"inLanguage\":\"lv-LV\",\"@id\":\"https:\\\/\\\/kidsplay.lt\\\/#\\\/schema\\\/logo\\\/image\\\/\",\"url\":\"https:\\\/\\\/kidsplay.lt\\\/wp-content\\\/uploads\\\/2023\\\/07\\\/kidsplay-logo.png\",\"contentUrl\":\"https:\\\/\\\/kidsplay.lt\\\/wp-content\\\/uploads\\\/2023\\\/07\\\/kidsplay-logo.png\",\"width\":451,\"height\":98,\"caption\":\"KidsPlay\"},\"image\":{\"@id\":\"https:\\\/\\\/kidsplay.lt\\\/#\\\/schema\\\/logo\\\/image\\\/\"},\"sameAs\":[\"https:\\\/\\\/www.facebook.com\\\/www.kidsplay.lt\"]}]}<\/script>\n<!-- \/ Yoast SEO plugin. -->","yoast_head_json":{"title":"WOOPIE interakt\u012bvais kosmosa rovera kosmosa komplekts","description":"WOOPIE Interactive Space Rover Space Set - KidsPlay. Did\u017eiausias vaik\u0173 \u017eaisl\u0173 pasirinkimas.","robots":{"index":"index","follow":"follow","max-snippet":"max-snippet:-1","max-image-preview":"max-image-preview:large","max-video-preview":"max-video-preview:-1"},"canonical":"https:\/\/kidsplay.lt\/lv\/products\/woopie-interactive-space-rover-space-set\/","og_locale":"lv_LV","og_type":"article","og_title":"WOOPIE Interactive Space Rover Space Set","og_description":"WOOPIE Interactive Space Rover Space Set - KidsPlay. Did\u017eiausias vaik\u0173 \u017eaisl\u0173 pasirinkimas.","og_url":"https:\/\/kidsplay.lt\/lv\/products\/woopie-interactive-space-rover-space-set\/","og_site_name":"KidsPlay","article_publisher":"https:\/\/www.facebook.com\/www.kidsplay.lt","article_modified_time":"2026-04-13T11:26:23+00:00","og_image":[{"width":1000,"height":1000,"url":"https:\/\/kidsplay.lt\/wp-content\/uploads\/2025\/10\/WOOPIE-Interactive-Space-Rover-Space-Set.jpg","type":"image\/jpeg"}],"twitter_card":"summary_large_image","twitter_misc":{"Est. reading time":"2 min\u016btes"},"schema":{"@context":"https:\/\/schema.org","@graph":[{"@type":"WebPage","@id":"https:\/\/kidsplay.lt\/produktas\/woopie-interactive-space-rover-space-set\/","url":"https:\/\/kidsplay.lt\/produktas\/woopie-interactive-space-rover-space-set\/","name":"WOOPIE interakt\u012bvais kosmosa rovera kosmosa komplekts","isPartOf":{"@id":"https:\/\/kidsplay.lt\/#website"},"primaryImageOfPage":{"@id":"https:\/\/kidsplay.lt\/produktas\/woopie-interactive-space-rover-space-set\/#primaryimage"},"image":{"@id":"https:\/\/kidsplay.lt\/produktas\/woopie-interactive-space-rover-space-set\/#primaryimage"},"thumbnailUrl":"https:\/\/kidsplay.lt\/wp-content\/uploads\/2025\/10\/WOOPIE-Interactive-Space-Rover-Space-Set.jpg","datePublished":"2025-10-12T16:30:21+00:00","dateModified":"2026-04-13T11:26:23+00:00","description":"WOOPIE Interactive Space Rover Space Set - KidsPlay. Did\u017eiausias vaik\u0173 \u017eaisl\u0173 pasirinkimas.","breadcrumb":{"@id":"https:\/\/kidsplay.lt\/produktas\/woopie-interactive-space-rover-space-set\/#breadcrumb"},"inLanguage":"lv-LV","potentialAction":[{"@type":"ReadAction","target":["https:\/\/kidsplay.lt\/produktas\/woopie-interactive-space-rover-space-set\/"]}]},{"@type":"ImageObject","inLanguage":"lv-LV","@id":"https:\/\/kidsplay.lt\/produktas\/woopie-interactive-space-rover-space-set\/#primaryimage","url":"https:\/\/kidsplay.lt\/wp-content\/uploads\/2025\/10\/WOOPIE-Interactive-Space-Rover-Space-Set.jpg","contentUrl":"https:\/\/kidsplay.lt\/wp-content\/uploads\/2025\/10\/WOOPIE-Interactive-Space-Rover-Space-Set.jpg","width":1000,"height":1000,"caption":"WOOPIE Interactive Space Rover Space Set"},{"@type":"BreadcrumbList","@id":"https:\/\/kidsplay.lt\/produktas\/woopie-interactive-space-rover-space-set\/#breadcrumb","itemListElement":[{"@type":"ListItem","position":1,"name":"Pagrindinis","item":"https:\/\/kidsplay.lt\/"},{"@type":"ListItem","position":2,"name":"Parduotuv\u0117","item":"https:\/\/kidsplay.lt\/parduotuve\/"},{"@type":"ListItem","position":3,"name":"WOOPIE Interactive Space Rover Space Set"}]},{"@type":"WebSite","@id":"https:\/\/kidsplay.lt\/#website","url":"https:\/\/kidsplay.lt\/","name":"B\u0113rnu sp\u0113les.lv","description":"\u012evairios prek\u0117s vaikams","publisher":{"@id":"https:\/\/kidsplay.lt\/#organization"},"alternateName":"Kidsplay","potentialAction":[{"@type":"SearchAction","target":{"@type":"EntryPoint","urlTemplate":"https:\/\/kidsplay.lt\/?s={search_term_string}"},"query-input":{"@type":"PropertyValueSpecification","valueRequired":true,"valueName":"search_term_string"}}],"inLanguage":"lv-LV"},{"@type":"Organization","@id":"https:\/\/kidsplay.lt\/#organization","name":"B\u0113rnu sp\u0113le","url":"https:\/\/kidsplay.lt\/","logo":{"@type":"ImageObject","inLanguage":"lv-LV","@id":"https:\/\/kidsplay.lt\/#\/schema\/logo\/image\/","url":"https:\/\/kidsplay.lt\/wp-content\/uploads\/2023\/07\/kidsplay-logo.png","contentUrl":"https:\/\/kidsplay.lt\/wp-content\/uploads\/2023\/07\/kidsplay-logo.png","width":451,"height":98,"caption":"KidsPlay"},"image":{"@id":"https:\/\/kidsplay.lt\/#\/schema\/logo\/image\/"},"sameAs":["https:\/\/www.facebook.com\/www.kidsplay.lt"]}]}},"_links":{"self":[{"href":"https:\/\/kidsplay.lt\/lv\/wp-json\/wp\/v2\/product\/76493","targetHints":{"allow":["GET"]}}],"collection":[{"href":"https:\/\/kidsplay.lt\/lv\/wp-json\/wp\/v2\/product"}],"about":[{"href":"https:\/\/kidsplay.lt\/lv\/wp-json\/wp\/v2\/types\/product"}],"version-history":[{"count":1,"href":"https:\/\/kidsplay.lt\/lv\/wp-json\/wp\/v2\/product\/76493\/revisions"}],"predecessor-version":[{"id":76494,"href":"https:\/\/kidsplay.lt\/lv\/wp-json\/wp\/v2\/product\/76493\/revisions\/76494"}],"wp:featuredmedia":[{"embeddable":true,"href":"https:\/\/kidsplay.lt\/lv\/wp-json\/wp\/v2\/media\/76495"}],"wp:attachment":[{"href":"https:\/\/kidsplay.lt\/lv\/wp-json\/wp\/v2\/media?parent=76493"}],"wp:term":[{"taxonomy":"product_brand","embeddable":true,"href":"https:\/\/kidsplay.lt\/lv\/wp-json\/wp\/v2\/product_brand?post=76493"},{"taxonomy":"product_cat","embeddable":true,"href":"https:\/\/kidsplay.lt\/lv\/wp-json\/wp\/v2\/product_cat?post=76493"},{"taxonomy":"product_tag","embeddable":true,"href":"https:\/\/kidsplay.lt\/lv\/wp-json\/wp\/v2\/product_tag?post=76493"}],"curies":[{"name":"wp","href":"https:\/\/api.w.org\/{rel}","templated":true}]}}