{"id":76525,"date":"2025-10-12T20:20:42","date_gmt":"2025-10-12T17:20:42","guid":{"rendered":"https:\/\/kidsplay.lt\/produktas\/woopie-didelis-statybiniu-transporto-priemoniu-rinkinys-6in1\/"},"modified":"2026-04-07T10:33:27","modified_gmt":"2026-04-07T07:33:27","slug":"woopie-didelis-statybiniu-transporto-priemoniu-rinkinys-6in1","status":"publish","type":"product","link":"https:\/\/kidsplay.lt\/lv\/products\/woopie-didelis-statybiniu-transporto-priemoniu-rinkinys-6in1\/","title":{"rendered":"WOOPIE didelis statybini\u0173 transporto priemoni\u0173 rinkinys 6in1"},"content":{"rendered":"<p>DIDELIS statybini\u0173 transporto priemoni\u0173 rinkinys\u00a0i\u0161\u00a0WOOPIE\u00a0yra \u017eaislas, kuris patiks kiekvienam ma\u017eajam automobili\u0173 entuziastui. Jis\u00a0perkels j\u016bs\u0173 ma\u017eyl\u012f \u012f \u017eaislini\u0173 automobili\u0173 ir sunkve\u017eimi\u0173 pasaul\u012f\u00a0, suteikdamas valand\u0173 valandas pramog\u0173.\u00a0\u0160iame did\u017eiuliame\u00a0rinkinyje yra\u00a06 DIDEL\u0116S transporto priemon\u0117s su judan\u010diomis\u00a0dalimis.\u00a0<\/p>\n<p>Raksturojums:<\/p>\n<p> \t&#8211; \u017daislas\u00a0nuo 3 met\u0173 am\u017eiaus<br \/>\n \t&#8211;\u00a0did\u017eiulis\u00a0automobili\u0173 dydis &#8211; iki\u00a020 cm ilgio<\/p>\n<p> \t&#8211;\u00a0Realistinis\u00a0poilsis.<br \/>\n \t&#8211;\u00a0Dinaminiai\u00a0elementai.<br \/>\n \t&#8211;\u00a0Kiekvienas automobilis turi priekini\u0173 rat\u0173 pavar\u0105<br \/>\n \t&#8211;\u00a0Transporto priemon\u0117s turi judan\u010dias dalis \u2013 judan\u010dius krep\u0161ius, i\u0161traukiamas ir besisukan\u010dias krano str\u0117les<br \/>\n \t&#8211; \u017eaislas lavina\u00a0vaizduot\u0119, pasitik\u0117jim\u0105 savimi ir dr\u0105s\u0105<\/p>\n<p>Komplekt\u0101 ietilpst:<\/p>\n<p> \t&#8211; Betono mai\u0161ykl\u0117:\u00a0\u00a026 x 13 x 8 cm<br \/>\n \t&#8211; Kranas:\u00a0\u00a028 x 16 x 22 cm<br \/>\n \t&#8211; Ekskavatorius su dideliu kau\u0161u:\u00a0\u00a029 x 18 x 9,5 cm<br \/>\n \t&#8211; Savivartis:\u00a0\u00a014 x 23 x 8 cm<br \/>\n \t&#8211; Ekskavatorius su ma\u017eu kau\u0161u:\u00a0\u00a022 x 30 x 11 cm<br \/>\n \t&#8211; Statybin\u0117 transporto priemon\u0117:\u00a0\u00a044 x 24 x 16 cm<\/p>","protected":false},"excerpt":{"rendered":"<p>DIDELIS statybini\u0173 transporto priemoni\u0173 rinkinys\u00a0i\u0161\u00a0WOOPIE\u00a0yra \u017eaislas, kuris patiks kiekvienam ma\u017eajam automobili\u0173 entuziastui. Jis\u00a0perkels j\u016bs\u0173 ma\u017eyl\u012f \u012f \u017eaislini\u0173 automobili\u0173 ir sunkve\u017eimi\u0173<\/p>","protected":false},"featured_media":76527,"template":"","meta":{"_acf_changed":false,"_glsr_average":0,"_glsr_ranking":0,"_glsr_reviews":0},"product_brand":[],"product_cat":[448,229],"product_tag":[],"class_list":{"0":"post-76525","1":"product","2":"type-product","3":"status-publish","4":"has-post-thumbnail","6":"product_cat-automobiliai-ir-transportas","7":"product_cat-zaislai-vaikams","8":"\"style=\"background-color: #2ecc711c;\"","10":"first","11":"instock","12":"purchasable","13":"product-type-simple"},"acf":[],"yoast_head":"<!-- This site is optimized with the Yoast SEO plugin v27.3 - https:\/\/yoast.com\/product\/yoast-seo-wordpress\/ -->\n<title>WOOPIE didelis statybini\u0173 transporto priemoni\u0173 rinkinys 6in1<\/title>\n<meta name=\"description\" content=\"WOOPIE didelis statybini\u0173 transporto priemoni\u0173 rinkinys 6in1 - KidsPlay. Did\u017eiausias vaik\u0173 \u017eaisl\u0173 pasirinkimas.\" \/>\n<meta name=\"robots\" content=\"index, follow, max-snippet:-1, max-image-preview:large, max-video-preview:-1\" \/>\n<link rel=\"canonical\" href=\"https:\/\/kidsplay.lt\/lv\/products\/woopie-didelis-statybiniu-transporto-priemoniu-rinkinys-6in1\/\" \/>\n<meta property=\"og:locale\" content=\"lv_LV\" \/>\n<meta property=\"og:type\" content=\"article\" \/>\n<meta property=\"og:title\" content=\"WOOPIE didelis statybini\u0173 transporto priemoni\u0173 rinkinys 6in1\" \/>\n<meta property=\"og:description\" content=\"WOOPIE didelis statybini\u0173 transporto priemoni\u0173 rinkinys 6in1 - KidsPlay. Did\u017eiausias vaik\u0173 \u017eaisl\u0173 pasirinkimas.\" \/>\n<meta property=\"og:url\" content=\"https:\/\/kidsplay.lt\/lv\/products\/woopie-didelis-statybiniu-transporto-priemoniu-rinkinys-6in1\/\" \/>\n<meta property=\"og:site_name\" content=\"KidsPlay\" \/>\n<meta property=\"article:publisher\" content=\"https:\/\/www.facebook.com\/www.kidsplay.lt\" \/>\n<meta property=\"article:modified_time\" content=\"2026-04-07T07:33:27+00:00\" \/>\n<meta property=\"og:image\" content=\"https:\/\/kidsplay.lt\/wp-content\/uploads\/2025\/10\/WOOPIE-didelis-statybiniu-transporto-priemoniu-rinkinys-6in1.jpg\" \/>\n\t<meta property=\"og:image:width\" content=\"2560\" \/>\n\t<meta property=\"og:image:height\" content=\"2560\" \/>\n\t<meta property=\"og:image:type\" content=\"image\/jpeg\" \/>\n<meta name=\"twitter:card\" content=\"summary_large_image\" \/>\n<meta name=\"twitter:label1\" content=\"Est. reading time\" \/>\n\t<meta name=\"twitter:data1\" content=\"1 min\u016bte\" \/>\n<script type=\"application\/ld+json\" class=\"yoast-schema-graph\">{\"@context\":\"https:\\\/\\\/schema.org\",\"@graph\":[{\"@type\":\"WebPage\",\"@id\":\"https:\\\/\\\/kidsplay.lt\\\/produktas\\\/woopie-didelis-statybiniu-transporto-priemoniu-rinkinys-6in1\\\/\",\"url\":\"https:\\\/\\\/kidsplay.lt\\\/produktas\\\/woopie-didelis-statybiniu-transporto-priemoniu-rinkinys-6in1\\\/\",\"name\":\"WOOPIE didelis statybini\u0173 transporto priemoni\u0173 rinkinys 6in1\",\"isPartOf\":{\"@id\":\"https:\\\/\\\/kidsplay.lt\\\/#website\"},\"primaryImageOfPage\":{\"@id\":\"https:\\\/\\\/kidsplay.lt\\\/produktas\\\/woopie-didelis-statybiniu-transporto-priemoniu-rinkinys-6in1\\\/#primaryimage\"},\"image\":{\"@id\":\"https:\\\/\\\/kidsplay.lt\\\/produktas\\\/woopie-didelis-statybiniu-transporto-priemoniu-rinkinys-6in1\\\/#primaryimage\"},\"thumbnailUrl\":\"https:\\\/\\\/kidsplay.lt\\\/wp-content\\\/uploads\\\/2025\\\/10\\\/WOOPIE-didelis-statybiniu-transporto-priemoniu-rinkinys-6in1.jpg\",\"datePublished\":\"2025-10-12T17:20:42+00:00\",\"dateModified\":\"2026-04-07T07:33:27+00:00\",\"description\":\"WOOPIE didelis statybini\u0173 transporto priemoni\u0173 rinkinys 6in1 - KidsPlay. Did\u017eiausias vaik\u0173 \u017eaisl\u0173 pasirinkimas.\",\"breadcrumb\":{\"@id\":\"https:\\\/\\\/kidsplay.lt\\\/produktas\\\/woopie-didelis-statybiniu-transporto-priemoniu-rinkinys-6in1\\\/#breadcrumb\"},\"inLanguage\":\"lv-LV\",\"potentialAction\":[{\"@type\":\"ReadAction\",\"target\":[\"https:\\\/\\\/kidsplay.lt\\\/produktas\\\/woopie-didelis-statybiniu-transporto-priemoniu-rinkinys-6in1\\\/\"]}]},{\"@type\":\"ImageObject\",\"inLanguage\":\"lv-LV\",\"@id\":\"https:\\\/\\\/kidsplay.lt\\\/produktas\\\/woopie-didelis-statybiniu-transporto-priemoniu-rinkinys-6in1\\\/#primaryimage\",\"url\":\"https:\\\/\\\/kidsplay.lt\\\/wp-content\\\/uploads\\\/2025\\\/10\\\/WOOPIE-didelis-statybiniu-transporto-priemoniu-rinkinys-6in1.jpg\",\"contentUrl\":\"https:\\\/\\\/kidsplay.lt\\\/wp-content\\\/uploads\\\/2025\\\/10\\\/WOOPIE-didelis-statybiniu-transporto-priemoniu-rinkinys-6in1.jpg\",\"width\":2560,\"height\":2560,\"caption\":\"WOOPIE didelis statybini\u0173 transporto priemoni\u0173 rinkinys 6in1\"},{\"@type\":\"BreadcrumbList\",\"@id\":\"https:\\\/\\\/kidsplay.lt\\\/produktas\\\/woopie-didelis-statybiniu-transporto-priemoniu-rinkinys-6in1\\\/#breadcrumb\",\"itemListElement\":[{\"@type\":\"ListItem\",\"position\":1,\"name\":\"Pagrindinis\",\"item\":\"https:\\\/\\\/kidsplay.lt\\\/\"},{\"@type\":\"ListItem\",\"position\":2,\"name\":\"Parduotuv\u0117\",\"item\":\"https:\\\/\\\/kidsplay.lt\\\/parduotuve\\\/\"},{\"@type\":\"ListItem\",\"position\":3,\"name\":\"WOOPIE didelis statybini\u0173 transporto priemoni\u0173 rinkinys 6in1\"}]},{\"@type\":\"WebSite\",\"@id\":\"https:\\\/\\\/kidsplay.lt\\\/#website\",\"url\":\"https:\\\/\\\/kidsplay.lt\\\/\",\"name\":\"Kidsplay.lt\",\"description\":\"\u012evairios prek\u0117s vaikams\",\"publisher\":{\"@id\":\"https:\\\/\\\/kidsplay.lt\\\/#organization\"},\"alternateName\":\"Kidsplay\",\"potentialAction\":[{\"@type\":\"SearchAction\",\"target\":{\"@type\":\"EntryPoint\",\"urlTemplate\":\"https:\\\/\\\/kidsplay.lt\\\/?s={search_term_string}\"},\"query-input\":{\"@type\":\"PropertyValueSpecification\",\"valueRequired\":true,\"valueName\":\"search_term_string\"}}],\"inLanguage\":\"lv-LV\"},{\"@type\":\"Organization\",\"@id\":\"https:\\\/\\\/kidsplay.lt\\\/#organization\",\"name\":\"KidsPlay\",\"url\":\"https:\\\/\\\/kidsplay.lt\\\/\",\"logo\":{\"@type\":\"ImageObject\",\"inLanguage\":\"lv-LV\",\"@id\":\"https:\\\/\\\/kidsplay.lt\\\/#\\\/schema\\\/logo\\\/image\\\/\",\"url\":\"https:\\\/\\\/kidsplay.lt\\\/wp-content\\\/uploads\\\/2023\\\/07\\\/kidsplay-logo.png\",\"contentUrl\":\"https:\\\/\\\/kidsplay.lt\\\/wp-content\\\/uploads\\\/2023\\\/07\\\/kidsplay-logo.png\",\"width\":451,\"height\":98,\"caption\":\"KidsPlay\"},\"image\":{\"@id\":\"https:\\\/\\\/kidsplay.lt\\\/#\\\/schema\\\/logo\\\/image\\\/\"},\"sameAs\":[\"https:\\\/\\\/www.facebook.com\\\/www.kidsplay.lt\"]}]}<\/script>\n<!-- \/ Yoast SEO plugin. -->","yoast_head_json":{"title":"WOOPIE didelis statybini\u0173 transporto priemoni\u0173 rinkinys 6in1","description":"WOOPIE didelis statybini\u0173 transporto priemoni\u0173 rinkinys 6in1 - KidsPlay. Did\u017eiausias vaik\u0173 \u017eaisl\u0173 pasirinkimas.","robots":{"index":"index","follow":"follow","max-snippet":"max-snippet:-1","max-image-preview":"max-image-preview:large","max-video-preview":"max-video-preview:-1"},"canonical":"https:\/\/kidsplay.lt\/lv\/products\/woopie-didelis-statybiniu-transporto-priemoniu-rinkinys-6in1\/","og_locale":"lv_LV","og_type":"article","og_title":"WOOPIE didelis statybini\u0173 transporto priemoni\u0173 rinkinys 6in1","og_description":"WOOPIE didelis statybini\u0173 transporto priemoni\u0173 rinkinys 6in1 - KidsPlay. Did\u017eiausias vaik\u0173 \u017eaisl\u0173 pasirinkimas.","og_url":"https:\/\/kidsplay.lt\/lv\/products\/woopie-didelis-statybiniu-transporto-priemoniu-rinkinys-6in1\/","og_site_name":"KidsPlay","article_publisher":"https:\/\/www.facebook.com\/www.kidsplay.lt","article_modified_time":"2026-04-07T07:33:27+00:00","og_image":[{"width":2560,"height":2560,"url":"https:\/\/kidsplay.lt\/wp-content\/uploads\/2025\/10\/WOOPIE-didelis-statybiniu-transporto-priemoniu-rinkinys-6in1.jpg","type":"image\/jpeg"}],"twitter_card":"summary_large_image","twitter_misc":{"Est. reading time":"1 min\u016bte"},"schema":{"@context":"https:\/\/schema.org","@graph":[{"@type":"WebPage","@id":"https:\/\/kidsplay.lt\/produktas\/woopie-didelis-statybiniu-transporto-priemoniu-rinkinys-6in1\/","url":"https:\/\/kidsplay.lt\/produktas\/woopie-didelis-statybiniu-transporto-priemoniu-rinkinys-6in1\/","name":"WOOPIE didelis statybini\u0173 transporto priemoni\u0173 rinkinys 6in1","isPartOf":{"@id":"https:\/\/kidsplay.lt\/#website"},"primaryImageOfPage":{"@id":"https:\/\/kidsplay.lt\/produktas\/woopie-didelis-statybiniu-transporto-priemoniu-rinkinys-6in1\/#primaryimage"},"image":{"@id":"https:\/\/kidsplay.lt\/produktas\/woopie-didelis-statybiniu-transporto-priemoniu-rinkinys-6in1\/#primaryimage"},"thumbnailUrl":"https:\/\/kidsplay.lt\/wp-content\/uploads\/2025\/10\/WOOPIE-didelis-statybiniu-transporto-priemoniu-rinkinys-6in1.jpg","datePublished":"2025-10-12T17:20:42+00:00","dateModified":"2026-04-07T07:33:27+00:00","description":"WOOPIE didelis statybini\u0173 transporto priemoni\u0173 rinkinys 6in1 - KidsPlay. Did\u017eiausias vaik\u0173 \u017eaisl\u0173 pasirinkimas.","breadcrumb":{"@id":"https:\/\/kidsplay.lt\/produktas\/woopie-didelis-statybiniu-transporto-priemoniu-rinkinys-6in1\/#breadcrumb"},"inLanguage":"lv-LV","potentialAction":[{"@type":"ReadAction","target":["https:\/\/kidsplay.lt\/produktas\/woopie-didelis-statybiniu-transporto-priemoniu-rinkinys-6in1\/"]}]},{"@type":"ImageObject","inLanguage":"lv-LV","@id":"https:\/\/kidsplay.lt\/produktas\/woopie-didelis-statybiniu-transporto-priemoniu-rinkinys-6in1\/#primaryimage","url":"https:\/\/kidsplay.lt\/wp-content\/uploads\/2025\/10\/WOOPIE-didelis-statybiniu-transporto-priemoniu-rinkinys-6in1.jpg","contentUrl":"https:\/\/kidsplay.lt\/wp-content\/uploads\/2025\/10\/WOOPIE-didelis-statybiniu-transporto-priemoniu-rinkinys-6in1.jpg","width":2560,"height":2560,"caption":"WOOPIE didelis statybini\u0173 transporto priemoni\u0173 rinkinys 6in1"},{"@type":"BreadcrumbList","@id":"https:\/\/kidsplay.lt\/produktas\/woopie-didelis-statybiniu-transporto-priemoniu-rinkinys-6in1\/#breadcrumb","itemListElement":[{"@type":"ListItem","position":1,"name":"Pagrindinis","item":"https:\/\/kidsplay.lt\/"},{"@type":"ListItem","position":2,"name":"Parduotuv\u0117","item":"https:\/\/kidsplay.lt\/parduotuve\/"},{"@type":"ListItem","position":3,"name":"WOOPIE didelis statybini\u0173 transporto priemoni\u0173 rinkinys 6in1"}]},{"@type":"WebSite","@id":"https:\/\/kidsplay.lt\/#website","url":"https:\/\/kidsplay.lt\/","name":"B\u0113rnu sp\u0113les.lv","description":"\u012evairios prek\u0117s vaikams","publisher":{"@id":"https:\/\/kidsplay.lt\/#organization"},"alternateName":"Kidsplay","potentialAction":[{"@type":"SearchAction","target":{"@type":"EntryPoint","urlTemplate":"https:\/\/kidsplay.lt\/?s={search_term_string}"},"query-input":{"@type":"PropertyValueSpecification","valueRequired":true,"valueName":"search_term_string"}}],"inLanguage":"lv-LV"},{"@type":"Organization","@id":"https:\/\/kidsplay.lt\/#organization","name":"B\u0113rnu sp\u0113le","url":"https:\/\/kidsplay.lt\/","logo":{"@type":"ImageObject","inLanguage":"lv-LV","@id":"https:\/\/kidsplay.lt\/#\/schema\/logo\/image\/","url":"https:\/\/kidsplay.lt\/wp-content\/uploads\/2023\/07\/kidsplay-logo.png","contentUrl":"https:\/\/kidsplay.lt\/wp-content\/uploads\/2023\/07\/kidsplay-logo.png","width":451,"height":98,"caption":"KidsPlay"},"image":{"@id":"https:\/\/kidsplay.lt\/#\/schema\/logo\/image\/"},"sameAs":["https:\/\/www.facebook.com\/www.kidsplay.lt"]}]}},"_links":{"self":[{"href":"https:\/\/kidsplay.lt\/lv\/wp-json\/wp\/v2\/product\/76525","targetHints":{"allow":["GET"]}}],"collection":[{"href":"https:\/\/kidsplay.lt\/lv\/wp-json\/wp\/v2\/product"}],"about":[{"href":"https:\/\/kidsplay.lt\/lv\/wp-json\/wp\/v2\/types\/product"}],"version-history":[{"count":1,"href":"https:\/\/kidsplay.lt\/lv\/wp-json\/wp\/v2\/product\/76525\/revisions"}],"predecessor-version":[{"id":76526,"href":"https:\/\/kidsplay.lt\/lv\/wp-json\/wp\/v2\/product\/76525\/revisions\/76526"}],"wp:featuredmedia":[{"embeddable":true,"href":"https:\/\/kidsplay.lt\/lv\/wp-json\/wp\/v2\/media\/76527"}],"wp:attachment":[{"href":"https:\/\/kidsplay.lt\/lv\/wp-json\/wp\/v2\/media?parent=76525"}],"wp:term":[{"taxonomy":"product_brand","embeddable":true,"href":"https:\/\/kidsplay.lt\/lv\/wp-json\/wp\/v2\/product_brand?post=76525"},{"taxonomy":"product_cat","embeddable":true,"href":"https:\/\/kidsplay.lt\/lv\/wp-json\/wp\/v2\/product_cat?post=76525"},{"taxonomy":"product_tag","embeddable":true,"href":"https:\/\/kidsplay.lt\/lv\/wp-json\/wp\/v2\/product_tag?post=76525"}],"curies":[{"name":"wp","href":"https:\/\/api.w.org\/{rel}","templated":true}]}}