{"id":76530,"date":"2025-10-12T20:21:05","date_gmt":"2025-10-12T17:21:05","guid":{"rendered":"https:\/\/kidsplay.lt\/produktas\/woopie-sunkvezimio-transporterio-rinkinys-3in1-melyna-policija\/"},"modified":"2026-04-13T14:55:01","modified_gmt":"2026-04-13T11:55:01","slug":"woopie-sunkvezimio-transporterio-rinkinys-3in1-melyna-policija","status":"publish","type":"product","link":"https:\/\/kidsplay.lt\/lv\/products\/woopie-sunkvezimio-transporterio-rinkinys-3in1-melyna-policija\/","title":{"rendered":"WOOPIE kravas automa\u0161\u012bnu p\u0101rvad\u0101t\u0101ju komplekts 3in1 zils policijas"},"content":{"rendered":"<p>WOOPIE\u00a03 viename policijos sunkve\u017eimis\u00a0yra tobulas \u017eaislas kiekvienam ma\u017eajam\u00a0policijos\u00a0transporto priemoni\u0173 ,\u00a0transporto ir veiksmo gerb\u0117jui!\u00a0Rinkin\u012f sudaro\u00a0didel\u0117 sunkve\u017eimio priekaba\u00a0, kurioje telpa iki\u00a0keturi\u0173\u00a0policijos automobili\u0173, sraigtasparnis\u00a0ir papildomi\u00a0\u012fsp\u0117jamieji \u017eenklai\u00a0, kurie suteikia \u017eaidimo patir\u010diai realizmo. D\u0117l ant\u00a0priekabos\u00a0esan\u010dio paleidimo \u012frenginio vaikai gali\u00a0prailginti automobilius\u00a0ir\u00a0paleisti\u00a0juos \u012fvairiais atstumais. Priekaba yra\u00a040 cm ilgio,\u00a0tod\u0117l ji\u00a0pakankamai didel\u0117, kad tilpt\u0173 visos transporto priemon\u0117s\u00a0ir\u00a0priedai.\u00a0Rinkinys puikiai\u00a0lavina\u00a0vaik\u0173 vaizduot\u0119, pad\u0117damas jiems\u00a0kurti savo \u017eaidimo scenarijus .\u00a0\u012esp\u0117jam\u0173j\u0173 \u017eenkl\u0173\u00a0d\u0117ka jie gali i\u0161mokti\u00a0keli\u0173 eismo\u00a0saugumo\u00a0pagrind\u0173 ,\u00a0tod\u0117l \u017eaidimo patirtis bus ir lavinanti, ir \u012fdomi.<\/p>\n<p>Rakstur\u012bgs:<\/p>\n<p> \t&#8211; \u017daislas nuo\u00a03 met\u0173 am\u017eiaus.<br \/>\n \t&#8211; Vilkikas apr\u016bpintas\u00a0paleidimo \u012frenginiu\u00a0, leid\u017eian\u010diu\u00a0paleisti policijos automobilius\u00a0, u\u017etikrinant veiksmo kupinas pramogas.\u00a0Tiesiog \u012fstatykite automobil\u012f \u012f ang\u0105 vilkiko stoge, ir po akimirkos automobilis i\u0161\u0161oks i\u0161 variklio dang\u010dio!<br \/>\n \t&#8211; \u012esp\u0117jamieji \u017eenklai moko vaikus keli\u0173 eismo saugumo pagrind\u0173.<br \/>\n \t&#8211; Auk\u0161tos kokyb\u0117s med\u017eiagos u\u017etikrina ilgaam\u017ei\u0161kum\u0105 ir\u00a0saug\u0173 \u017eaidim\u0105.<br \/>\n \t&#8211; \u017daislas lavina\u00a0vaizduot\u0119, motorin\u0119 koordinacij\u0105\u00a0ir\u00a0rank\u0173 \u012fg\u016bd\u017eius\u00a0.<br \/>\n \t&#8211; Spalvingi elementai patraukia d\u0117mes\u012f ir skatina\u00a0ilgalaik\u012f \u017eaidim\u0105\u00a0.<\/p>\n<p>Komplekt\u0101 ietilpst:<\/p>\n<p> \t&#8211; sunkve\u017eimis su priekaba &#8211;\u00a0\u00a0Iki 40 cm ilgio!<br \/>\n \t&#8211; 5 automobiliai, \u012fskaitant policijos automobilius<br \/>\n \t&#8211; sraigtasparnis<br \/>\n \t&#8211; eismo k\u016bgis<br \/>\n \t&#8211; kelio u\u017etvaras<br \/>\n \t&#8211; STOP \u017eenklas<br \/>\n \t&#8211; \u012fsp\u0117jamasis \u017eenklas<\/p>","protected":false},"excerpt":{"rendered":"<p>WOOPIE\u00a03 viename policijos sunkve\u017eimis\u00a0yra tobulas \u017eaislas kiekvienam ma\u017eajam\u00a0policijos\u00a0transporto priemoni\u0173 ,\u00a0transporto ir veiksmo gerb\u0117jui!\u00a0Rinkin\u012f sudaro\u00a0didel\u0117 sunkve\u017eimio priekaba\u00a0, kurioje telpa iki\u00a0keturi\u0173\u00a0policijos automobili\u0173,<\/p>","protected":false},"featured_media":76532,"template":"","meta":{"_acf_changed":false,"_glsr_average":0,"_glsr_ranking":0,"_glsr_reviews":0},"product_brand":[],"product_cat":[448,229],"product_tag":[],"class_list":{"0":"post-76530","1":"product","2":"type-product","3":"status-publish","4":"has-post-thumbnail","6":"product_cat-automobiliai-ir-transportas","7":"product_cat-zaislai-vaikams","8":"\"style=\"background-color: #2ecc711c;\"","10":"first","11":"instock","12":"purchasable","13":"product-type-simple"},"acf":[],"yoast_head":"<!-- This site is optimized with the Yoast SEO plugin v27.3 - https:\/\/yoast.com\/product\/yoast-seo-wordpress\/ -->\n<title>WOOPIE sunkve\u017eimio transporterio rinkinys 3in1 m\u0117lyna policija<\/title>\n<meta name=\"description\" content=\"WOOPIE sunkve\u017eimio transporterio rinkinys 3in1 m\u0117lyna policija - KidsPlay. Did\u017eiausias vaik\u0173 \u017eaisl\u0173 pasirinkimas.\" \/>\n<meta name=\"robots\" content=\"index, follow, max-snippet:-1, max-image-preview:large, max-video-preview:-1\" \/>\n<link rel=\"canonical\" href=\"https:\/\/kidsplay.lt\/lv\/products\/woopie-sunkvezimio-transporterio-rinkinys-3in1-melyna-policija\/\" \/>\n<meta property=\"og:locale\" content=\"lv_LV\" \/>\n<meta property=\"og:type\" content=\"article\" \/>\n<meta property=\"og:title\" content=\"WOOPIE sunkve\u017eimio transporterio rinkinys 3in1 m\u0117lyna policija\" \/>\n<meta property=\"og:description\" content=\"WOOPIE sunkve\u017eimio transporterio rinkinys 3in1 m\u0117lyna policija - KidsPlay. Did\u017eiausias vaik\u0173 \u017eaisl\u0173 pasirinkimas.\" \/>\n<meta property=\"og:url\" content=\"https:\/\/kidsplay.lt\/lv\/products\/woopie-sunkvezimio-transporterio-rinkinys-3in1-melyna-policija\/\" \/>\n<meta property=\"og:site_name\" content=\"KidsPlay\" \/>\n<meta property=\"article:publisher\" content=\"https:\/\/www.facebook.com\/www.kidsplay.lt\" \/>\n<meta property=\"article:modified_time\" content=\"2026-04-13T11:55:01+00:00\" \/>\n<meta property=\"og:image\" content=\"https:\/\/kidsplay.lt\/wp-content\/uploads\/2025\/10\/WOOPIE-sunkvezimio-transporterio-rinkinys-3in1-melyna-policija.jpg\" \/>\n\t<meta property=\"og:image:width\" content=\"1000\" \/>\n\t<meta property=\"og:image:height\" content=\"1000\" \/>\n\t<meta property=\"og:image:type\" content=\"image\/jpeg\" \/>\n<meta name=\"twitter:card\" content=\"summary_large_image\" \/>\n<meta name=\"twitter:label1\" content=\"Est. reading time\" \/>\n\t<meta name=\"twitter:data1\" content=\"1 min\u016bte\" \/>\n<script type=\"application\/ld+json\" class=\"yoast-schema-graph\">{\"@context\":\"https:\\\/\\\/schema.org\",\"@graph\":[{\"@type\":\"WebPage\",\"@id\":\"https:\\\/\\\/kidsplay.lt\\\/produktas\\\/woopie-sunkvezimio-transporterio-rinkinys-3in1-melyna-policija\\\/\",\"url\":\"https:\\\/\\\/kidsplay.lt\\\/produktas\\\/woopie-sunkvezimio-transporterio-rinkinys-3in1-melyna-policija\\\/\",\"name\":\"WOOPIE sunkve\u017eimio transporterio rinkinys 3in1 m\u0117lyna policija\",\"isPartOf\":{\"@id\":\"https:\\\/\\\/kidsplay.lt\\\/#website\"},\"primaryImageOfPage\":{\"@id\":\"https:\\\/\\\/kidsplay.lt\\\/produktas\\\/woopie-sunkvezimio-transporterio-rinkinys-3in1-melyna-policija\\\/#primaryimage\"},\"image\":{\"@id\":\"https:\\\/\\\/kidsplay.lt\\\/produktas\\\/woopie-sunkvezimio-transporterio-rinkinys-3in1-melyna-policija\\\/#primaryimage\"},\"thumbnailUrl\":\"https:\\\/\\\/kidsplay.lt\\\/wp-content\\\/uploads\\\/2025\\\/10\\\/WOOPIE-sunkvezimio-transporterio-rinkinys-3in1-melyna-policija.jpg\",\"datePublished\":\"2025-10-12T17:21:05+00:00\",\"dateModified\":\"2026-04-13T11:55:01+00:00\",\"description\":\"WOOPIE sunkve\u017eimio transporterio rinkinys 3in1 m\u0117lyna policija - KidsPlay. Did\u017eiausias vaik\u0173 \u017eaisl\u0173 pasirinkimas.\",\"breadcrumb\":{\"@id\":\"https:\\\/\\\/kidsplay.lt\\\/produktas\\\/woopie-sunkvezimio-transporterio-rinkinys-3in1-melyna-policija\\\/#breadcrumb\"},\"inLanguage\":\"lv-LV\",\"potentialAction\":[{\"@type\":\"ReadAction\",\"target\":[\"https:\\\/\\\/kidsplay.lt\\\/produktas\\\/woopie-sunkvezimio-transporterio-rinkinys-3in1-melyna-policija\\\/\"]}]},{\"@type\":\"ImageObject\",\"inLanguage\":\"lv-LV\",\"@id\":\"https:\\\/\\\/kidsplay.lt\\\/produktas\\\/woopie-sunkvezimio-transporterio-rinkinys-3in1-melyna-policija\\\/#primaryimage\",\"url\":\"https:\\\/\\\/kidsplay.lt\\\/wp-content\\\/uploads\\\/2025\\\/10\\\/WOOPIE-sunkvezimio-transporterio-rinkinys-3in1-melyna-policija.jpg\",\"contentUrl\":\"https:\\\/\\\/kidsplay.lt\\\/wp-content\\\/uploads\\\/2025\\\/10\\\/WOOPIE-sunkvezimio-transporterio-rinkinys-3in1-melyna-policija.jpg\",\"width\":1000,\"height\":1000,\"caption\":\"WOOPIE sunkve\u017eimio transporterio rinkinys 3in1 m\u0117lyna policija\"},{\"@type\":\"BreadcrumbList\",\"@id\":\"https:\\\/\\\/kidsplay.lt\\\/produktas\\\/woopie-sunkvezimio-transporterio-rinkinys-3in1-melyna-policija\\\/#breadcrumb\",\"itemListElement\":[{\"@type\":\"ListItem\",\"position\":1,\"name\":\"Pagrindinis\",\"item\":\"https:\\\/\\\/kidsplay.lt\\\/\"},{\"@type\":\"ListItem\",\"position\":2,\"name\":\"Parduotuv\u0117\",\"item\":\"https:\\\/\\\/kidsplay.lt\\\/parduotuve\\\/\"},{\"@type\":\"ListItem\",\"position\":3,\"name\":\"WOOPIE sunkve\u017eimio transporterio rinkinys 3in1 m\u0117lyna policija\"}]},{\"@type\":\"WebSite\",\"@id\":\"https:\\\/\\\/kidsplay.lt\\\/#website\",\"url\":\"https:\\\/\\\/kidsplay.lt\\\/\",\"name\":\"Kidsplay.lt\",\"description\":\"\u012evairios prek\u0117s vaikams\",\"publisher\":{\"@id\":\"https:\\\/\\\/kidsplay.lt\\\/#organization\"},\"alternateName\":\"Kidsplay\",\"potentialAction\":[{\"@type\":\"SearchAction\",\"target\":{\"@type\":\"EntryPoint\",\"urlTemplate\":\"https:\\\/\\\/kidsplay.lt\\\/?s={search_term_string}\"},\"query-input\":{\"@type\":\"PropertyValueSpecification\",\"valueRequired\":true,\"valueName\":\"search_term_string\"}}],\"inLanguage\":\"lv-LV\"},{\"@type\":\"Organization\",\"@id\":\"https:\\\/\\\/kidsplay.lt\\\/#organization\",\"name\":\"KidsPlay\",\"url\":\"https:\\\/\\\/kidsplay.lt\\\/\",\"logo\":{\"@type\":\"ImageObject\",\"inLanguage\":\"lv-LV\",\"@id\":\"https:\\\/\\\/kidsplay.lt\\\/#\\\/schema\\\/logo\\\/image\\\/\",\"url\":\"https:\\\/\\\/kidsplay.lt\\\/wp-content\\\/uploads\\\/2023\\\/07\\\/kidsplay-logo.png\",\"contentUrl\":\"https:\\\/\\\/kidsplay.lt\\\/wp-content\\\/uploads\\\/2023\\\/07\\\/kidsplay-logo.png\",\"width\":451,\"height\":98,\"caption\":\"KidsPlay\"},\"image\":{\"@id\":\"https:\\\/\\\/kidsplay.lt\\\/#\\\/schema\\\/logo\\\/image\\\/\"},\"sameAs\":[\"https:\\\/\\\/www.facebook.com\\\/www.kidsplay.lt\"]}]}<\/script>\n<!-- \/ Yoast SEO plugin. -->","yoast_head_json":{"title":"WOOPIE kravas automa\u0161\u012bnu p\u0101rvad\u0101t\u0101ju komplekts 3in1 zils policijas","description":"WOOPIE sunkve\u017eimio transporterio rinkinys 3in1 m\u0117lyna policija - KidsPlay. Did\u017eiausias vaik\u0173 \u017eaisl\u0173 pasirinkimas.","robots":{"index":"index","follow":"follow","max-snippet":"max-snippet:-1","max-image-preview":"max-image-preview:large","max-video-preview":"max-video-preview:-1"},"canonical":"https:\/\/kidsplay.lt\/lv\/products\/woopie-sunkvezimio-transporterio-rinkinys-3in1-melyna-policija\/","og_locale":"lv_LV","og_type":"article","og_title":"WOOPIE sunkve\u017eimio transporterio rinkinys 3in1 m\u0117lyna policija","og_description":"WOOPIE sunkve\u017eimio transporterio rinkinys 3in1 m\u0117lyna policija - KidsPlay. Did\u017eiausias vaik\u0173 \u017eaisl\u0173 pasirinkimas.","og_url":"https:\/\/kidsplay.lt\/lv\/products\/woopie-sunkvezimio-transporterio-rinkinys-3in1-melyna-policija\/","og_site_name":"KidsPlay","article_publisher":"https:\/\/www.facebook.com\/www.kidsplay.lt","article_modified_time":"2026-04-13T11:55:01+00:00","og_image":[{"width":1000,"height":1000,"url":"https:\/\/kidsplay.lt\/wp-content\/uploads\/2025\/10\/WOOPIE-sunkvezimio-transporterio-rinkinys-3in1-melyna-policija.jpg","type":"image\/jpeg"}],"twitter_card":"summary_large_image","twitter_misc":{"Est. reading time":"1 min\u016bte"},"schema":{"@context":"https:\/\/schema.org","@graph":[{"@type":"WebPage","@id":"https:\/\/kidsplay.lt\/produktas\/woopie-sunkvezimio-transporterio-rinkinys-3in1-melyna-policija\/","url":"https:\/\/kidsplay.lt\/produktas\/woopie-sunkvezimio-transporterio-rinkinys-3in1-melyna-policija\/","name":"WOOPIE kravas automa\u0161\u012bnu p\u0101rvad\u0101t\u0101ju komplekts 3in1 zils policijas","isPartOf":{"@id":"https:\/\/kidsplay.lt\/#website"},"primaryImageOfPage":{"@id":"https:\/\/kidsplay.lt\/produktas\/woopie-sunkvezimio-transporterio-rinkinys-3in1-melyna-policija\/#primaryimage"},"image":{"@id":"https:\/\/kidsplay.lt\/produktas\/woopie-sunkvezimio-transporterio-rinkinys-3in1-melyna-policija\/#primaryimage"},"thumbnailUrl":"https:\/\/kidsplay.lt\/wp-content\/uploads\/2025\/10\/WOOPIE-sunkvezimio-transporterio-rinkinys-3in1-melyna-policija.jpg","datePublished":"2025-10-12T17:21:05+00:00","dateModified":"2026-04-13T11:55:01+00:00","description":"WOOPIE sunkve\u017eimio transporterio rinkinys 3in1 m\u0117lyna policija - KidsPlay. Did\u017eiausias vaik\u0173 \u017eaisl\u0173 pasirinkimas.","breadcrumb":{"@id":"https:\/\/kidsplay.lt\/produktas\/woopie-sunkvezimio-transporterio-rinkinys-3in1-melyna-policija\/#breadcrumb"},"inLanguage":"lv-LV","potentialAction":[{"@type":"ReadAction","target":["https:\/\/kidsplay.lt\/produktas\/woopie-sunkvezimio-transporterio-rinkinys-3in1-melyna-policija\/"]}]},{"@type":"ImageObject","inLanguage":"lv-LV","@id":"https:\/\/kidsplay.lt\/produktas\/woopie-sunkvezimio-transporterio-rinkinys-3in1-melyna-policija\/#primaryimage","url":"https:\/\/kidsplay.lt\/wp-content\/uploads\/2025\/10\/WOOPIE-sunkvezimio-transporterio-rinkinys-3in1-melyna-policija.jpg","contentUrl":"https:\/\/kidsplay.lt\/wp-content\/uploads\/2025\/10\/WOOPIE-sunkvezimio-transporterio-rinkinys-3in1-melyna-policija.jpg","width":1000,"height":1000,"caption":"WOOPIE sunkve\u017eimio transporterio rinkinys 3in1 m\u0117lyna policija"},{"@type":"BreadcrumbList","@id":"https:\/\/kidsplay.lt\/produktas\/woopie-sunkvezimio-transporterio-rinkinys-3in1-melyna-policija\/#breadcrumb","itemListElement":[{"@type":"ListItem","position":1,"name":"Pagrindinis","item":"https:\/\/kidsplay.lt\/"},{"@type":"ListItem","position":2,"name":"Parduotuv\u0117","item":"https:\/\/kidsplay.lt\/parduotuve\/"},{"@type":"ListItem","position":3,"name":"WOOPIE sunkve\u017eimio transporterio rinkinys 3in1 m\u0117lyna policija"}]},{"@type":"WebSite","@id":"https:\/\/kidsplay.lt\/#website","url":"https:\/\/kidsplay.lt\/","name":"B\u0113rnu sp\u0113les.lv","description":"\u012evairios prek\u0117s vaikams","publisher":{"@id":"https:\/\/kidsplay.lt\/#organization"},"alternateName":"Kidsplay","potentialAction":[{"@type":"SearchAction","target":{"@type":"EntryPoint","urlTemplate":"https:\/\/kidsplay.lt\/?s={search_term_string}"},"query-input":{"@type":"PropertyValueSpecification","valueRequired":true,"valueName":"search_term_string"}}],"inLanguage":"lv-LV"},{"@type":"Organization","@id":"https:\/\/kidsplay.lt\/#organization","name":"B\u0113rnu sp\u0113le","url":"https:\/\/kidsplay.lt\/","logo":{"@type":"ImageObject","inLanguage":"lv-LV","@id":"https:\/\/kidsplay.lt\/#\/schema\/logo\/image\/","url":"https:\/\/kidsplay.lt\/wp-content\/uploads\/2023\/07\/kidsplay-logo.png","contentUrl":"https:\/\/kidsplay.lt\/wp-content\/uploads\/2023\/07\/kidsplay-logo.png","width":451,"height":98,"caption":"KidsPlay"},"image":{"@id":"https:\/\/kidsplay.lt\/#\/schema\/logo\/image\/"},"sameAs":["https:\/\/www.facebook.com\/www.kidsplay.lt"]}]}},"_links":{"self":[{"href":"https:\/\/kidsplay.lt\/lv\/wp-json\/wp\/v2\/product\/76530","targetHints":{"allow":["GET"]}}],"collection":[{"href":"https:\/\/kidsplay.lt\/lv\/wp-json\/wp\/v2\/product"}],"about":[{"href":"https:\/\/kidsplay.lt\/lv\/wp-json\/wp\/v2\/types\/product"}],"version-history":[{"count":1,"href":"https:\/\/kidsplay.lt\/lv\/wp-json\/wp\/v2\/product\/76530\/revisions"}],"predecessor-version":[{"id":76531,"href":"https:\/\/kidsplay.lt\/lv\/wp-json\/wp\/v2\/product\/76530\/revisions\/76531"}],"wp:featuredmedia":[{"embeddable":true,"href":"https:\/\/kidsplay.lt\/lv\/wp-json\/wp\/v2\/media\/76532"}],"wp:attachment":[{"href":"https:\/\/kidsplay.lt\/lv\/wp-json\/wp\/v2\/media?parent=76530"}],"wp:term":[{"taxonomy":"product_brand","embeddable":true,"href":"https:\/\/kidsplay.lt\/lv\/wp-json\/wp\/v2\/product_brand?post=76530"},{"taxonomy":"product_cat","embeddable":true,"href":"https:\/\/kidsplay.lt\/lv\/wp-json\/wp\/v2\/product_cat?post=76530"},{"taxonomy":"product_tag","embeddable":true,"href":"https:\/\/kidsplay.lt\/lv\/wp-json\/wp\/v2\/product_tag?post=76530"}],"curies":[{"name":"wp","href":"https:\/\/api.w.org\/{rel}","templated":true}]}}