{"id":76555,"date":"2025-10-12T20:22:47","date_gmt":"2025-10-12T17:22:47","guid":{"rendered":"https:\/\/kidsplay.lt\/produktas\/tooky-toy-kambariui-medine-vonio-kriaukle-vonios-kambariui-su-priedais\/"},"modified":"2026-04-13T14:55:14","modified_gmt":"2026-04-13T11:55:14","slug":"tooky-toy-kambariui-medine-vonio-kriaukle-vonios-kambariui-su-priedais","status":"publish","type":"product","link":"https:\/\/kidsplay.lt\/lv\/products\/tooky-toy-kambariui-medine-vonio-kriaukle-vonios-kambariui-su-priedais\/","title":{"rendered":"TOOKY TOY kambariui medin\u0117 vonio kriaukl\u0117 vonios kambariui su priedais"},"content":{"rendered":"<p>Kasdienius vonios kambario ritualus paverskite k\u016brybi\u0161kais \u017eaidimais su\u00a0\u201eTooky Toy\u201c\u00a0tualeto ir vonios kambario\u00a0rinkiniu\u00a0. \u0160iame \u017eavingame miniati\u016briniame rinkinyje yra viskas, ko reikia\u00a0vonios kambario scenoms vaidmenimis \u017eaisti\u00a0, \u012fskaitant\u00a0veidrod\u012f\u00a0,\u00a0netikr\u0173 kriaukl\u0119 su mai\u0161ytuvu\u00a0ir\u00a0tikrovi\u0161k\u0173 aksesuar\u0173 kolekcij\u0105\u00a0. Visi daiktai sukurti taip, kad primint\u0173 tikrus vonios kambario aksesuarus, skatindami\u00a0svarbi\u0173 higienos \u012fpro\u010di\u0173 ugdym\u0105\u00a0. Tualeto ir vonios kambario rinkinys yra puikus b\u016bdas lavinti k\u016brybi\u0161kum\u0105 ir mokytis kasdieni\u0173 \u012fpro\u010di\u0173, tuo pa\u010diu suteikiant unikal\u0173 papildym\u0105 vaik\u0173 \u017eaidimams.<\/p>\n<p>Rakstur\u012bgs:<\/p>\n<p> \t\u00a0&#8211; \u017eaislas vaikams nuo 3 met\u0173 am\u017eiaus<br \/>\n \t&#8211; vonios reikmen\u0173 rinkinys: dant\u0173 \u0161epet\u0117lis su puodeliu, dant\u0173 pasta, plauk\u0173 d\u017eiovintuvas, muilas, losjonas, \u0161ukos ir rank\u0161luostis<br \/>\n \t\u00a0&#8211; da\u017eyta netoksi\u0161kais, prislopint\u0173 spalv\u0173 da\u017eais<br \/>\n \t&#8211; Priedus galima laikyti pagrinde ir, d\u0117ka patogios rankenos, ne\u0161iotis bet kur<br \/>\n \t&#8211; pagaminta i\u0161 FSC sertifikuotos medienos<\/p>\n<p>Rota\u013clieta att\u012bst\u0101s:<\/p>\n<p> \t&#8211; k\u016brybi\u0161kumas<br \/>\n \t&#8211; higienos \u012fpro\u010diai<br \/>\n \t&#8211; vaizduot\u0117<\/p>","protected":false},"excerpt":{"rendered":"<p>Kasdienius vonios kambario ritualus paverskite k\u016brybi\u0161kais \u017eaidimais su\u00a0\u201eTooky Toy\u201c\u00a0tualeto ir vonios kambario\u00a0rinkiniu\u00a0. \u0160iame \u017eavingame miniati\u016briniame rinkinyje yra viskas, ko reikia\u00a0vonios<\/p>","protected":false},"featured_media":76557,"template":"","meta":{"_acf_changed":false,"_glsr_average":0,"_glsr_ranking":0,"_glsr_reviews":0},"product_brand":[],"product_cat":[896,399,229],"product_tag":[],"class_list":{"0":"post-76555","1":"product","2":"type-product","3":"status-publish","4":"has-post-thumbnail","6":"product_cat-namu-ukis-vaidmenu-zaidimai","7":"product_cat-vaidmenu-zaidimai-2","8":"product_cat-zaislai-vaikams","9":"\"style=\"background-color: #2ecc711c;\"","11":"first","12":"instock","13":"purchasable","14":"product-type-simple"},"acf":[],"yoast_head":"<!-- This site is optimized with the Yoast SEO plugin v27.4 - https:\/\/yoast.com\/product\/yoast-seo-wordpress\/ -->\n<title>TOOKY TOY kambariui medin\u0117 vonio kriaukl\u0117 vonios kambariui su priedais<\/title>\n<meta name=\"description\" content=\"TOOKY TOY kambariui medin\u0117 vonio kriaukl\u0117 vonios kambariui su priedais - KidsPlay. Did\u017eiausias vaik\u0173 \u017eaisl\u0173 pasirinkimas.\" \/>\n<meta name=\"robots\" content=\"index, follow, max-snippet:-1, max-image-preview:large, max-video-preview:-1\" \/>\n<link rel=\"canonical\" href=\"https:\/\/kidsplay.lt\/lv\/products\/tooky-toy-kambariui-medine-vonio-kriaukle-vonios-kambariui-su-priedais\/\" \/>\n<meta property=\"og:locale\" content=\"lv_LV\" \/>\n<meta property=\"og:type\" content=\"article\" \/>\n<meta property=\"og:title\" content=\"TOOKY TOY kambariui medin\u0117 vonio kriaukl\u0117 vonios kambariui su priedais\" \/>\n<meta property=\"og:description\" content=\"TOOKY TOY kambariui medin\u0117 vonio kriaukl\u0117 vonios kambariui su priedais - KidsPlay. Did\u017eiausias vaik\u0173 \u017eaisl\u0173 pasirinkimas.\" \/>\n<meta property=\"og:url\" content=\"https:\/\/kidsplay.lt\/lv\/products\/tooky-toy-kambariui-medine-vonio-kriaukle-vonios-kambariui-su-priedais\/\" \/>\n<meta property=\"og:site_name\" content=\"KidsPlay\" \/>\n<meta property=\"article:publisher\" content=\"https:\/\/www.facebook.com\/www.kidsplay.lt\" \/>\n<meta property=\"article:modified_time\" content=\"2026-04-13T11:55:14+00:00\" \/>\n<meta property=\"og:image\" content=\"https:\/\/kidsplay.lt\/wp-content\/uploads\/2025\/10\/TOOKY-TOY-kambariui-medine-vonio-kriaukle-vonios-kambariui-su-priedais.jpg\" \/>\n\t<meta property=\"og:image:width\" content=\"2500\" \/>\n\t<meta property=\"og:image:height\" content=\"2500\" \/>\n\t<meta property=\"og:image:type\" content=\"image\/jpeg\" \/>\n<meta name=\"twitter:card\" content=\"summary_large_image\" \/>\n<meta name=\"twitter:label1\" content=\"Est. reading time\" \/>\n\t<meta name=\"twitter:data1\" content=\"1 min\u016bte\" \/>\n<script type=\"application\/ld+json\" class=\"yoast-schema-graph\">{\"@context\":\"https:\\\/\\\/schema.org\",\"@graph\":[{\"@type\":\"WebPage\",\"@id\":\"https:\\\/\\\/kidsplay.lt\\\/produktas\\\/tooky-toy-kambariui-medine-vonio-kriaukle-vonios-kambariui-su-priedais\\\/\",\"url\":\"https:\\\/\\\/kidsplay.lt\\\/produktas\\\/tooky-toy-kambariui-medine-vonio-kriaukle-vonios-kambariui-su-priedais\\\/\",\"name\":\"TOOKY TOY kambariui medin\u0117 vonio kriaukl\u0117 vonios kambariui su priedais\",\"isPartOf\":{\"@id\":\"https:\\\/\\\/kidsplay.lt\\\/#website\"},\"primaryImageOfPage\":{\"@id\":\"https:\\\/\\\/kidsplay.lt\\\/produktas\\\/tooky-toy-kambariui-medine-vonio-kriaukle-vonios-kambariui-su-priedais\\\/#primaryimage\"},\"image\":{\"@id\":\"https:\\\/\\\/kidsplay.lt\\\/produktas\\\/tooky-toy-kambariui-medine-vonio-kriaukle-vonios-kambariui-su-priedais\\\/#primaryimage\"},\"thumbnailUrl\":\"https:\\\/\\\/kidsplay.lt\\\/wp-content\\\/uploads\\\/2025\\\/10\\\/TOOKY-TOY-kambariui-medine-vonio-kriaukle-vonios-kambariui-su-priedais.jpg\",\"datePublished\":\"2025-10-12T17:22:47+00:00\",\"dateModified\":\"2026-04-13T11:55:14+00:00\",\"description\":\"TOOKY TOY kambariui medin\u0117 vonio kriaukl\u0117 vonios kambariui su priedais - KidsPlay. Did\u017eiausias vaik\u0173 \u017eaisl\u0173 pasirinkimas.\",\"breadcrumb\":{\"@id\":\"https:\\\/\\\/kidsplay.lt\\\/produktas\\\/tooky-toy-kambariui-medine-vonio-kriaukle-vonios-kambariui-su-priedais\\\/#breadcrumb\"},\"inLanguage\":\"lv-LV\",\"potentialAction\":[{\"@type\":\"ReadAction\",\"target\":[\"https:\\\/\\\/kidsplay.lt\\\/produktas\\\/tooky-toy-kambariui-medine-vonio-kriaukle-vonios-kambariui-su-priedais\\\/\"]}]},{\"@type\":\"ImageObject\",\"inLanguage\":\"lv-LV\",\"@id\":\"https:\\\/\\\/kidsplay.lt\\\/produktas\\\/tooky-toy-kambariui-medine-vonio-kriaukle-vonios-kambariui-su-priedais\\\/#primaryimage\",\"url\":\"https:\\\/\\\/kidsplay.lt\\\/wp-content\\\/uploads\\\/2025\\\/10\\\/TOOKY-TOY-kambariui-medine-vonio-kriaukle-vonios-kambariui-su-priedais.jpg\",\"contentUrl\":\"https:\\\/\\\/kidsplay.lt\\\/wp-content\\\/uploads\\\/2025\\\/10\\\/TOOKY-TOY-kambariui-medine-vonio-kriaukle-vonios-kambariui-su-priedais.jpg\",\"width\":2500,\"height\":2500,\"caption\":\"TOOKY TOY kambariui medin\u0117 vonio kriaukl\u0117 vonios kambariui su priedais\"},{\"@type\":\"BreadcrumbList\",\"@id\":\"https:\\\/\\\/kidsplay.lt\\\/produktas\\\/tooky-toy-kambariui-medine-vonio-kriaukle-vonios-kambariui-su-priedais\\\/#breadcrumb\",\"itemListElement\":[{\"@type\":\"ListItem\",\"position\":1,\"name\":\"Pagrindinis\",\"item\":\"https:\\\/\\\/kidsplay.lt\\\/\"},{\"@type\":\"ListItem\",\"position\":2,\"name\":\"Parduotuv\u0117\",\"item\":\"https:\\\/\\\/kidsplay.lt\\\/parduotuve\\\/\"},{\"@type\":\"ListItem\",\"position\":3,\"name\":\"TOOKY TOY kambariui medin\u0117 vonio kriaukl\u0117 vonios kambariui su priedais\"}]},{\"@type\":\"WebSite\",\"@id\":\"https:\\\/\\\/kidsplay.lt\\\/#website\",\"url\":\"https:\\\/\\\/kidsplay.lt\\\/\",\"name\":\"Kidsplay.lt\",\"description\":\"\u012evairios prek\u0117s vaikams\",\"publisher\":{\"@id\":\"https:\\\/\\\/kidsplay.lt\\\/#organization\"},\"alternateName\":\"Kidsplay\",\"potentialAction\":[{\"@type\":\"SearchAction\",\"target\":{\"@type\":\"EntryPoint\",\"urlTemplate\":\"https:\\\/\\\/kidsplay.lt\\\/?s={search_term_string}\"},\"query-input\":{\"@type\":\"PropertyValueSpecification\",\"valueRequired\":true,\"valueName\":\"search_term_string\"}}],\"inLanguage\":\"lv-LV\"},{\"@type\":\"Organization\",\"@id\":\"https:\\\/\\\/kidsplay.lt\\\/#organization\",\"name\":\"KidsPlay\",\"url\":\"https:\\\/\\\/kidsplay.lt\\\/\",\"logo\":{\"@type\":\"ImageObject\",\"inLanguage\":\"lv-LV\",\"@id\":\"https:\\\/\\\/kidsplay.lt\\\/#\\\/schema\\\/logo\\\/image\\\/\",\"url\":\"https:\\\/\\\/kidsplay.lt\\\/wp-content\\\/uploads\\\/2023\\\/07\\\/kidsplay-logo.png\",\"contentUrl\":\"https:\\\/\\\/kidsplay.lt\\\/wp-content\\\/uploads\\\/2023\\\/07\\\/kidsplay-logo.png\",\"width\":451,\"height\":98,\"caption\":\"KidsPlay\"},\"image\":{\"@id\":\"https:\\\/\\\/kidsplay.lt\\\/#\\\/schema\\\/logo\\\/image\\\/\"},\"sameAs\":[\"https:\\\/\\\/www.facebook.com\\\/www.kidsplay.lt\"]}]}<\/script>\n<!-- \/ Yoast SEO plugin. -->","yoast_head_json":{"title":"TOOKY TOY kambariui medin\u0117 vonio kriaukl\u0117 vonios kambariui su priedais","description":"TOOKY TOY kambariui medin\u0117 vonio kriaukl\u0117 vonios kambariui su priedais - KidsPlay. Did\u017eiausias vaik\u0173 \u017eaisl\u0173 pasirinkimas.","robots":{"index":"index","follow":"follow","max-snippet":"max-snippet:-1","max-image-preview":"max-image-preview:large","max-video-preview":"max-video-preview:-1"},"canonical":"https:\/\/kidsplay.lt\/lv\/products\/tooky-toy-kambariui-medine-vonio-kriaukle-vonios-kambariui-su-priedais\/","og_locale":"lv_LV","og_type":"article","og_title":"TOOKY TOY kambariui medin\u0117 vonio kriaukl\u0117 vonios kambariui su priedais","og_description":"TOOKY TOY kambariui medin\u0117 vonio kriaukl\u0117 vonios kambariui su priedais - KidsPlay. Did\u017eiausias vaik\u0173 \u017eaisl\u0173 pasirinkimas.","og_url":"https:\/\/kidsplay.lt\/lv\/products\/tooky-toy-kambariui-medine-vonio-kriaukle-vonios-kambariui-su-priedais\/","og_site_name":"KidsPlay","article_publisher":"https:\/\/www.facebook.com\/www.kidsplay.lt","article_modified_time":"2026-04-13T11:55:14+00:00","og_image":[{"width":2500,"height":2500,"url":"https:\/\/kidsplay.lt\/wp-content\/uploads\/2025\/10\/TOOKY-TOY-kambariui-medine-vonio-kriaukle-vonios-kambariui-su-priedais.jpg","type":"image\/jpeg"}],"twitter_card":"summary_large_image","twitter_misc":{"Est. reading time":"1 min\u016bte"},"schema":{"@context":"https:\/\/schema.org","@graph":[{"@type":"WebPage","@id":"https:\/\/kidsplay.lt\/produktas\/tooky-toy-kambariui-medine-vonio-kriaukle-vonios-kambariui-su-priedais\/","url":"https:\/\/kidsplay.lt\/produktas\/tooky-toy-kambariui-medine-vonio-kriaukle-vonios-kambariui-su-priedais\/","name":"TOOKY TOY kambariui medin\u0117 vonio kriaukl\u0117 vonios kambariui su priedais","isPartOf":{"@id":"https:\/\/kidsplay.lt\/#website"},"primaryImageOfPage":{"@id":"https:\/\/kidsplay.lt\/produktas\/tooky-toy-kambariui-medine-vonio-kriaukle-vonios-kambariui-su-priedais\/#primaryimage"},"image":{"@id":"https:\/\/kidsplay.lt\/produktas\/tooky-toy-kambariui-medine-vonio-kriaukle-vonios-kambariui-su-priedais\/#primaryimage"},"thumbnailUrl":"https:\/\/kidsplay.lt\/wp-content\/uploads\/2025\/10\/TOOKY-TOY-kambariui-medine-vonio-kriaukle-vonios-kambariui-su-priedais.jpg","datePublished":"2025-10-12T17:22:47+00:00","dateModified":"2026-04-13T11:55:14+00:00","description":"TOOKY TOY kambariui medin\u0117 vonio kriaukl\u0117 vonios kambariui su priedais - KidsPlay. Did\u017eiausias vaik\u0173 \u017eaisl\u0173 pasirinkimas.","breadcrumb":{"@id":"https:\/\/kidsplay.lt\/produktas\/tooky-toy-kambariui-medine-vonio-kriaukle-vonios-kambariui-su-priedais\/#breadcrumb"},"inLanguage":"lv-LV","potentialAction":[{"@type":"ReadAction","target":["https:\/\/kidsplay.lt\/produktas\/tooky-toy-kambariui-medine-vonio-kriaukle-vonios-kambariui-su-priedais\/"]}]},{"@type":"ImageObject","inLanguage":"lv-LV","@id":"https:\/\/kidsplay.lt\/produktas\/tooky-toy-kambariui-medine-vonio-kriaukle-vonios-kambariui-su-priedais\/#primaryimage","url":"https:\/\/kidsplay.lt\/wp-content\/uploads\/2025\/10\/TOOKY-TOY-kambariui-medine-vonio-kriaukle-vonios-kambariui-su-priedais.jpg","contentUrl":"https:\/\/kidsplay.lt\/wp-content\/uploads\/2025\/10\/TOOKY-TOY-kambariui-medine-vonio-kriaukle-vonios-kambariui-su-priedais.jpg","width":2500,"height":2500,"caption":"TOOKY TOY kambariui medin\u0117 vonio kriaukl\u0117 vonios kambariui su priedais"},{"@type":"BreadcrumbList","@id":"https:\/\/kidsplay.lt\/produktas\/tooky-toy-kambariui-medine-vonio-kriaukle-vonios-kambariui-su-priedais\/#breadcrumb","itemListElement":[{"@type":"ListItem","position":1,"name":"Pagrindinis","item":"https:\/\/kidsplay.lt\/"},{"@type":"ListItem","position":2,"name":"Parduotuv\u0117","item":"https:\/\/kidsplay.lt\/parduotuve\/"},{"@type":"ListItem","position":3,"name":"TOOKY TOY kambariui medin\u0117 vonio kriaukl\u0117 vonios kambariui su priedais"}]},{"@type":"WebSite","@id":"https:\/\/kidsplay.lt\/#website","url":"https:\/\/kidsplay.lt\/","name":"B\u0113rnu sp\u0113les.lv","description":"\u012evairios prek\u0117s vaikams","publisher":{"@id":"https:\/\/kidsplay.lt\/#organization"},"alternateName":"Kidsplay","potentialAction":[{"@type":"SearchAction","target":{"@type":"EntryPoint","urlTemplate":"https:\/\/kidsplay.lt\/?s={search_term_string}"},"query-input":{"@type":"PropertyValueSpecification","valueRequired":true,"valueName":"search_term_string"}}],"inLanguage":"lv-LV"},{"@type":"Organization","@id":"https:\/\/kidsplay.lt\/#organization","name":"B\u0113rnu sp\u0113le","url":"https:\/\/kidsplay.lt\/","logo":{"@type":"ImageObject","inLanguage":"lv-LV","@id":"https:\/\/kidsplay.lt\/#\/schema\/logo\/image\/","url":"https:\/\/kidsplay.lt\/wp-content\/uploads\/2023\/07\/kidsplay-logo.png","contentUrl":"https:\/\/kidsplay.lt\/wp-content\/uploads\/2023\/07\/kidsplay-logo.png","width":451,"height":98,"caption":"KidsPlay"},"image":{"@id":"https:\/\/kidsplay.lt\/#\/schema\/logo\/image\/"},"sameAs":["https:\/\/www.facebook.com\/www.kidsplay.lt"]}]}},"_links":{"self":[{"href":"https:\/\/kidsplay.lt\/lv\/wp-json\/wp\/v2\/product\/76555","targetHints":{"allow":["GET"]}}],"collection":[{"href":"https:\/\/kidsplay.lt\/lv\/wp-json\/wp\/v2\/product"}],"about":[{"href":"https:\/\/kidsplay.lt\/lv\/wp-json\/wp\/v2\/types\/product"}],"version-history":[{"count":1,"href":"https:\/\/kidsplay.lt\/lv\/wp-json\/wp\/v2\/product\/76555\/revisions"}],"predecessor-version":[{"id":76556,"href":"https:\/\/kidsplay.lt\/lv\/wp-json\/wp\/v2\/product\/76555\/revisions\/76556"}],"wp:featuredmedia":[{"embeddable":true,"href":"https:\/\/kidsplay.lt\/lv\/wp-json\/wp\/v2\/media\/76557"}],"wp:attachment":[{"href":"https:\/\/kidsplay.lt\/lv\/wp-json\/wp\/v2\/media?parent=76555"}],"wp:term":[{"taxonomy":"product_brand","embeddable":true,"href":"https:\/\/kidsplay.lt\/lv\/wp-json\/wp\/v2\/product_brand?post=76555"},{"taxonomy":"product_cat","embeddable":true,"href":"https:\/\/kidsplay.lt\/lv\/wp-json\/wp\/v2\/product_cat?post=76555"},{"taxonomy":"product_tag","embeddable":true,"href":"https:\/\/kidsplay.lt\/lv\/wp-json\/wp\/v2\/product_tag?post=76555"}],"curies":[{"name":"wp","href":"https:\/\/api.w.org\/{rel}","templated":true}]}}