{"id":76588,"date":"2025-10-12T20:27:42","date_gmt":"2025-10-12T17:27:42","guid":{"rendered":"https:\/\/kidsplay.lt\/produktas\/woopie-green-medinis-muzikinis-kamuoliuku-takelis\/"},"modified":"2026-04-07T11:27:08","modified_gmt":"2026-04-07T08:27:08","slug":"woopie-green-medinis-muzikinis-kamuoliuku-takelis","status":"publish","type":"product","link":"https:\/\/kidsplay.lt\/lv\/products\/woopie-green-medinis-muzikinis-kamuoliuku-takelis\/","title":{"rendered":"WOOPIE GREEN medinis muzikinis kamuoliuk\u0173 takelis"},"content":{"rendered":"<p>Medinis muzikos medis\u00a0\u2013 kamuoliukai, spalvos ir mokymosi d\u017eiaugsmas!<\/p>\n<p>Sveiki atvyk\u0119 \u012f spalv\u0173 , gars\u0173 ir nesibaigian\u010di\u0173 linksmybi\u0173\u00a0pasaul\u012f !\u00a0WOOPIE GREEN kamuoliuk\u0173 takelis\u00a0yra unikalus, lavinamasis \u017eaislas, kuris \u012ftraukia vaikus \u012f linksmybi\u0173 ir mokymosi s\u016bkur\u012f tuo pa\u010diu metu. Be to,\u00a0\u0161veln\u016bs krintan\u010di\u0173 kamuoliuk\u0173 skleid\u017eiami garsai primena cimbol\u0105\u00a0, tod\u0117l \u017eaidimas tampa dar \u012fdomesnis ir stimuliuojantis.<\/p>\n<p>Rakstur\u012bgs:<\/p>\n<p>&#8211; Vaikams\u00a0nuo 3 met\u0173 am\u017eiaus<br \/>\n&#8211; Medinis kamuoliuk\u0173 takelis su\u00a0muzikiniu efektu<br \/>\n&#8211; \u0160veln\u016bs, raminantys garsai krintant kamuoliui<br \/>\n&#8211;\u00a0Auk\u0161tos kokyb\u0117s mediena\u00a0+ netoksi\u0161ki da\u017eai<br \/>\n&#8211; Lengvas surinkimas \u2013 paruo\u0161tas\u00a0\u017eaisti vos per kelias akimirkas<br \/>\n&#8211; padeda vystyti\u00a0vaiko\u00a0motorinius \u012fg\u016bd\u017eius<br \/>\n&#8211; rinkinyje yra 1 kamuoliuk\u0173 b\u0117gimo takelis ir 6 pasteliniai kamuoliukai<\/p>\n<p>Rota\u013clieta att\u012bst\u0101s:<\/p>\n<p>&#8211;\u00a0Aki\u0173 ir rank\u0173 koordinacija\u00a0\u2013 kamuoliuk\u0173 steb\u0117jimas ir sekimas trajektorija lavina tikslum\u0105 ir susikaupim\u0105<br \/>\n&#8211;\u00a0Rankiniai \u012fg\u016bd\u017eiai\u00a0\u2013 kamuoli\u0173 m\u0117tymas ir gaudymas yra puikus pratimas ma\u017eoms rankyt\u0117ms<br \/>\n&#8211;\u00a0Vikrumas\u00a0\u2013 kamuoliuk\u0173 valdymas ir reagavimas \u012f j\u0173 jud\u0117jim\u0105 lavina bendr\u0105 vaiko vikrum\u0105<br \/>\n&#8211;\u00a0Loginis m\u0105stymas\u00a0\u2013 vaikas i\u0161moksta analizuoti jud\u0117jimo trajektorij\u0105 ir atpa\u017einti prie\u017easties ir pasekm\u0117s ry\u0161ius<br \/>\n&#8211;\u00a0Poj\u016b\u010di\u0173 stimuliavimas\u00a0\u2013 subtil\u016bs kamuoliuk\u0173 garsai veikia klaus\u0105, stiprindami jutimin\u012f suvokim\u0105<\/p>","protected":false},"excerpt":{"rendered":"<p>5906280651831<\/p>","protected":false},"featured_media":76590,"template":"","meta":{"_acf_changed":false,"_glsr_average":0,"_glsr_ranking":0,"_glsr_reviews":0},"product_brand":[],"product_cat":[884,72,883,229],"product_tag":[],"class_list":{"0":"post-76588","1":"product","2":"type-product","3":"status-publish","4":"has-post-thumbnail","6":"product_cat-edukaciniai-lavinamieji-mediniai-zaislai","7":"product_cat-ispardavimas","8":"product_cat-mediniai-zaislai-2","9":"product_cat-zaislai-vaikams","10":"\"style=\"background-color: #2ecc711c;\"","12":"first","13":"instock","14":"sale","15":"purchasable","16":"product-type-simple"},"acf":[],"yoast_head":"<!-- This site is optimized with the Yoast SEO plugin v27.3 - https:\/\/yoast.com\/product\/yoast-seo-wordpress\/ -->\n<title>WOOPIE GREEN medinis muzikinis kamuoliuk\u0173 takelis<\/title>\n<meta name=\"description\" content=\"WOOPIE GREEN medinis muzikinis kamuoliuk\u0173 takelis - KidsPlay. Did\u017eiausias vaik\u0173 \u017eaisl\u0173 pasirinkimas.\" \/>\n<meta name=\"robots\" content=\"index, follow, max-snippet:-1, max-image-preview:large, max-video-preview:-1\" \/>\n<link rel=\"canonical\" href=\"https:\/\/kidsplay.lt\/lv\/products\/woopie-green-medinis-muzikinis-kamuoliuku-takelis\/\" \/>\n<meta property=\"og:locale\" content=\"lv_LV\" \/>\n<meta property=\"og:type\" content=\"article\" \/>\n<meta property=\"og:title\" content=\"WOOPIE GREEN medinis muzikinis kamuoliuk\u0173 takelis\" \/>\n<meta property=\"og:description\" content=\"WOOPIE GREEN medinis muzikinis kamuoliuk\u0173 takelis - KidsPlay. Did\u017eiausias vaik\u0173 \u017eaisl\u0173 pasirinkimas.\" \/>\n<meta property=\"og:url\" content=\"https:\/\/kidsplay.lt\/lv\/products\/woopie-green-medinis-muzikinis-kamuoliuku-takelis\/\" \/>\n<meta property=\"og:site_name\" content=\"KidsPlay\" \/>\n<meta property=\"article:publisher\" content=\"https:\/\/www.facebook.com\/www.kidsplay.lt\" \/>\n<meta property=\"article:modified_time\" content=\"2026-04-07T08:27:08+00:00\" \/>\n<meta property=\"og:image\" content=\"https:\/\/kidsplay.lt\/wp-content\/uploads\/2025\/10\/WOOPIE-GREEN-medinis-muzikinis-kamuoliuku-takelis.jpg\" \/>\n\t<meta property=\"og:image:width\" content=\"2560\" \/>\n\t<meta property=\"og:image:height\" content=\"2560\" \/>\n\t<meta property=\"og:image:type\" content=\"image\/jpeg\" \/>\n<meta name=\"twitter:card\" content=\"summary_large_image\" \/>\n<meta name=\"twitter:label1\" content=\"Est. reading time\" \/>\n\t<meta name=\"twitter:data1\" content=\"2 min\u016btes\" \/>\n<script type=\"application\/ld+json\" class=\"yoast-schema-graph\">{\"@context\":\"https:\\\/\\\/schema.org\",\"@graph\":[{\"@type\":\"WebPage\",\"@id\":\"https:\\\/\\\/kidsplay.lt\\\/produktas\\\/woopie-green-medinis-muzikinis-kamuoliuku-takelis\\\/\",\"url\":\"https:\\\/\\\/kidsplay.lt\\\/produktas\\\/woopie-green-medinis-muzikinis-kamuoliuku-takelis\\\/\",\"name\":\"WOOPIE GREEN medinis muzikinis kamuoliuk\u0173 takelis\",\"isPartOf\":{\"@id\":\"https:\\\/\\\/kidsplay.lt\\\/#website\"},\"primaryImageOfPage\":{\"@id\":\"https:\\\/\\\/kidsplay.lt\\\/produktas\\\/woopie-green-medinis-muzikinis-kamuoliuku-takelis\\\/#primaryimage\"},\"image\":{\"@id\":\"https:\\\/\\\/kidsplay.lt\\\/produktas\\\/woopie-green-medinis-muzikinis-kamuoliuku-takelis\\\/#primaryimage\"},\"thumbnailUrl\":\"https:\\\/\\\/kidsplay.lt\\\/wp-content\\\/uploads\\\/2025\\\/10\\\/WOOPIE-GREEN-medinis-muzikinis-kamuoliuku-takelis.jpg\",\"datePublished\":\"2025-10-12T17:27:42+00:00\",\"dateModified\":\"2026-04-07T08:27:08+00:00\",\"description\":\"WOOPIE GREEN medinis muzikinis kamuoliuk\u0173 takelis - KidsPlay. Did\u017eiausias vaik\u0173 \u017eaisl\u0173 pasirinkimas.\",\"breadcrumb\":{\"@id\":\"https:\\\/\\\/kidsplay.lt\\\/produktas\\\/woopie-green-medinis-muzikinis-kamuoliuku-takelis\\\/#breadcrumb\"},\"inLanguage\":\"lv-LV\",\"potentialAction\":[{\"@type\":\"ReadAction\",\"target\":[\"https:\\\/\\\/kidsplay.lt\\\/produktas\\\/woopie-green-medinis-muzikinis-kamuoliuku-takelis\\\/\"]}]},{\"@type\":\"ImageObject\",\"inLanguage\":\"lv-LV\",\"@id\":\"https:\\\/\\\/kidsplay.lt\\\/produktas\\\/woopie-green-medinis-muzikinis-kamuoliuku-takelis\\\/#primaryimage\",\"url\":\"https:\\\/\\\/kidsplay.lt\\\/wp-content\\\/uploads\\\/2025\\\/10\\\/WOOPIE-GREEN-medinis-muzikinis-kamuoliuku-takelis.jpg\",\"contentUrl\":\"https:\\\/\\\/kidsplay.lt\\\/wp-content\\\/uploads\\\/2025\\\/10\\\/WOOPIE-GREEN-medinis-muzikinis-kamuoliuku-takelis.jpg\",\"width\":2560,\"height\":2560,\"caption\":\"WOOPIE GREEN medinis muzikinis kamuoliuk\u0173 takelis\"},{\"@type\":\"BreadcrumbList\",\"@id\":\"https:\\\/\\\/kidsplay.lt\\\/produktas\\\/woopie-green-medinis-muzikinis-kamuoliuku-takelis\\\/#breadcrumb\",\"itemListElement\":[{\"@type\":\"ListItem\",\"position\":1,\"name\":\"Pagrindinis\",\"item\":\"https:\\\/\\\/kidsplay.lt\\\/\"},{\"@type\":\"ListItem\",\"position\":2,\"name\":\"Parduotuv\u0117\",\"item\":\"https:\\\/\\\/kidsplay.lt\\\/parduotuve\\\/\"},{\"@type\":\"ListItem\",\"position\":3,\"name\":\"WOOPIE GREEN medinis muzikinis kamuoliuk\u0173 takelis\"}]},{\"@type\":\"WebSite\",\"@id\":\"https:\\\/\\\/kidsplay.lt\\\/#website\",\"url\":\"https:\\\/\\\/kidsplay.lt\\\/\",\"name\":\"Kidsplay.lt\",\"description\":\"\u012evairios prek\u0117s vaikams\",\"publisher\":{\"@id\":\"https:\\\/\\\/kidsplay.lt\\\/#organization\"},\"alternateName\":\"Kidsplay\",\"potentialAction\":[{\"@type\":\"SearchAction\",\"target\":{\"@type\":\"EntryPoint\",\"urlTemplate\":\"https:\\\/\\\/kidsplay.lt\\\/?s={search_term_string}\"},\"query-input\":{\"@type\":\"PropertyValueSpecification\",\"valueRequired\":true,\"valueName\":\"search_term_string\"}}],\"inLanguage\":\"lv-LV\"},{\"@type\":\"Organization\",\"@id\":\"https:\\\/\\\/kidsplay.lt\\\/#organization\",\"name\":\"KidsPlay\",\"url\":\"https:\\\/\\\/kidsplay.lt\\\/\",\"logo\":{\"@type\":\"ImageObject\",\"inLanguage\":\"lv-LV\",\"@id\":\"https:\\\/\\\/kidsplay.lt\\\/#\\\/schema\\\/logo\\\/image\\\/\",\"url\":\"https:\\\/\\\/kidsplay.lt\\\/wp-content\\\/uploads\\\/2023\\\/07\\\/kidsplay-logo.png\",\"contentUrl\":\"https:\\\/\\\/kidsplay.lt\\\/wp-content\\\/uploads\\\/2023\\\/07\\\/kidsplay-logo.png\",\"width\":451,\"height\":98,\"caption\":\"KidsPlay\"},\"image\":{\"@id\":\"https:\\\/\\\/kidsplay.lt\\\/#\\\/schema\\\/logo\\\/image\\\/\"},\"sameAs\":[\"https:\\\/\\\/www.facebook.com\\\/www.kidsplay.lt\"]}]}<\/script>\n<!-- \/ Yoast SEO plugin. -->","yoast_head_json":{"title":"WOOPIE GREEN medinis muzikinis kamuoliuk\u0173 takelis","description":"WOOPIE GREEN medinis muzikinis kamuoliuk\u0173 takelis - KidsPlay. Did\u017eiausias vaik\u0173 \u017eaisl\u0173 pasirinkimas.","robots":{"index":"index","follow":"follow","max-snippet":"max-snippet:-1","max-image-preview":"max-image-preview:large","max-video-preview":"max-video-preview:-1"},"canonical":"https:\/\/kidsplay.lt\/lv\/products\/woopie-green-medinis-muzikinis-kamuoliuku-takelis\/","og_locale":"lv_LV","og_type":"article","og_title":"WOOPIE GREEN medinis muzikinis kamuoliuk\u0173 takelis","og_description":"WOOPIE GREEN medinis muzikinis kamuoliuk\u0173 takelis - KidsPlay. Did\u017eiausias vaik\u0173 \u017eaisl\u0173 pasirinkimas.","og_url":"https:\/\/kidsplay.lt\/lv\/products\/woopie-green-medinis-muzikinis-kamuoliuku-takelis\/","og_site_name":"KidsPlay","article_publisher":"https:\/\/www.facebook.com\/www.kidsplay.lt","article_modified_time":"2026-04-07T08:27:08+00:00","og_image":[{"width":2560,"height":2560,"url":"https:\/\/kidsplay.lt\/wp-content\/uploads\/2025\/10\/WOOPIE-GREEN-medinis-muzikinis-kamuoliuku-takelis.jpg","type":"image\/jpeg"}],"twitter_card":"summary_large_image","twitter_misc":{"Est. reading time":"2 min\u016btes"},"schema":{"@context":"https:\/\/schema.org","@graph":[{"@type":"WebPage","@id":"https:\/\/kidsplay.lt\/produktas\/woopie-green-medinis-muzikinis-kamuoliuku-takelis\/","url":"https:\/\/kidsplay.lt\/produktas\/woopie-green-medinis-muzikinis-kamuoliuku-takelis\/","name":"WOOPIE GREEN medinis muzikinis kamuoliuk\u0173 takelis","isPartOf":{"@id":"https:\/\/kidsplay.lt\/#website"},"primaryImageOfPage":{"@id":"https:\/\/kidsplay.lt\/produktas\/woopie-green-medinis-muzikinis-kamuoliuku-takelis\/#primaryimage"},"image":{"@id":"https:\/\/kidsplay.lt\/produktas\/woopie-green-medinis-muzikinis-kamuoliuku-takelis\/#primaryimage"},"thumbnailUrl":"https:\/\/kidsplay.lt\/wp-content\/uploads\/2025\/10\/WOOPIE-GREEN-medinis-muzikinis-kamuoliuku-takelis.jpg","datePublished":"2025-10-12T17:27:42+00:00","dateModified":"2026-04-07T08:27:08+00:00","description":"WOOPIE GREEN medinis muzikinis kamuoliuk\u0173 takelis - KidsPlay. Did\u017eiausias vaik\u0173 \u017eaisl\u0173 pasirinkimas.","breadcrumb":{"@id":"https:\/\/kidsplay.lt\/produktas\/woopie-green-medinis-muzikinis-kamuoliuku-takelis\/#breadcrumb"},"inLanguage":"lv-LV","potentialAction":[{"@type":"ReadAction","target":["https:\/\/kidsplay.lt\/produktas\/woopie-green-medinis-muzikinis-kamuoliuku-takelis\/"]}]},{"@type":"ImageObject","inLanguage":"lv-LV","@id":"https:\/\/kidsplay.lt\/produktas\/woopie-green-medinis-muzikinis-kamuoliuku-takelis\/#primaryimage","url":"https:\/\/kidsplay.lt\/wp-content\/uploads\/2025\/10\/WOOPIE-GREEN-medinis-muzikinis-kamuoliuku-takelis.jpg","contentUrl":"https:\/\/kidsplay.lt\/wp-content\/uploads\/2025\/10\/WOOPIE-GREEN-medinis-muzikinis-kamuoliuku-takelis.jpg","width":2560,"height":2560,"caption":"WOOPIE GREEN medinis muzikinis kamuoliuk\u0173 takelis"},{"@type":"BreadcrumbList","@id":"https:\/\/kidsplay.lt\/produktas\/woopie-green-medinis-muzikinis-kamuoliuku-takelis\/#breadcrumb","itemListElement":[{"@type":"ListItem","position":1,"name":"Pagrindinis","item":"https:\/\/kidsplay.lt\/"},{"@type":"ListItem","position":2,"name":"Parduotuv\u0117","item":"https:\/\/kidsplay.lt\/parduotuve\/"},{"@type":"ListItem","position":3,"name":"WOOPIE GREEN medinis muzikinis kamuoliuk\u0173 takelis"}]},{"@type":"WebSite","@id":"https:\/\/kidsplay.lt\/#website","url":"https:\/\/kidsplay.lt\/","name":"B\u0113rnu sp\u0113les.lv","description":"\u012evairios prek\u0117s vaikams","publisher":{"@id":"https:\/\/kidsplay.lt\/#organization"},"alternateName":"Kidsplay","potentialAction":[{"@type":"SearchAction","target":{"@type":"EntryPoint","urlTemplate":"https:\/\/kidsplay.lt\/?s={search_term_string}"},"query-input":{"@type":"PropertyValueSpecification","valueRequired":true,"valueName":"search_term_string"}}],"inLanguage":"lv-LV"},{"@type":"Organization","@id":"https:\/\/kidsplay.lt\/#organization","name":"B\u0113rnu sp\u0113le","url":"https:\/\/kidsplay.lt\/","logo":{"@type":"ImageObject","inLanguage":"lv-LV","@id":"https:\/\/kidsplay.lt\/#\/schema\/logo\/image\/","url":"https:\/\/kidsplay.lt\/wp-content\/uploads\/2023\/07\/kidsplay-logo.png","contentUrl":"https:\/\/kidsplay.lt\/wp-content\/uploads\/2023\/07\/kidsplay-logo.png","width":451,"height":98,"caption":"KidsPlay"},"image":{"@id":"https:\/\/kidsplay.lt\/#\/schema\/logo\/image\/"},"sameAs":["https:\/\/www.facebook.com\/www.kidsplay.lt"]}]}},"_links":{"self":[{"href":"https:\/\/kidsplay.lt\/lv\/wp-json\/wp\/v2\/product\/76588","targetHints":{"allow":["GET"]}}],"collection":[{"href":"https:\/\/kidsplay.lt\/lv\/wp-json\/wp\/v2\/product"}],"about":[{"href":"https:\/\/kidsplay.lt\/lv\/wp-json\/wp\/v2\/types\/product"}],"version-history":[{"count":3,"href":"https:\/\/kidsplay.lt\/lv\/wp-json\/wp\/v2\/product\/76588\/revisions"}],"predecessor-version":[{"id":80768,"href":"https:\/\/kidsplay.lt\/lv\/wp-json\/wp\/v2\/product\/76588\/revisions\/80768"}],"wp:featuredmedia":[{"embeddable":true,"href":"https:\/\/kidsplay.lt\/lv\/wp-json\/wp\/v2\/media\/76590"}],"wp:attachment":[{"href":"https:\/\/kidsplay.lt\/lv\/wp-json\/wp\/v2\/media?parent=76588"}],"wp:term":[{"taxonomy":"product_brand","embeddable":true,"href":"https:\/\/kidsplay.lt\/lv\/wp-json\/wp\/v2\/product_brand?post=76588"},{"taxonomy":"product_cat","embeddable":true,"href":"https:\/\/kidsplay.lt\/lv\/wp-json\/wp\/v2\/product_cat?post=76588"},{"taxonomy":"product_tag","embeddable":true,"href":"https:\/\/kidsplay.lt\/lv\/wp-json\/wp\/v2\/product_tag?post=76588"}],"curies":[{"name":"wp","href":"https:\/\/api.w.org\/{rel}","templated":true}]}}