{"id":76752,"date":"2025-10-14T08:19:37","date_gmt":"2025-10-14T05:19:37","guid":{"rendered":"https:\/\/kidsplay.lt\/produktas\/woopie-magnetiniai-blokai-transporto-priemoniu-mini-pastatai-22vnt\/"},"modified":"2026-04-07T10:02:16","modified_gmt":"2026-04-07T07:02:16","slug":"woopie-magnetiniai-blokai-transporto-priemoniu-mini-pastatai-22vnt","status":"publish","type":"product","link":"https:\/\/kidsplay.lt\/lv\/products\/woopie-magnetiniai-blokai-transporto-priemoniu-mini-pastatai-22vnt\/","title":{"rendered":"WOOPIE magn\u0113tiskie kluc\u012b\u0161i, transportl\u012bdzek\u013ci, mini \u0113kas, 22 gab."},"content":{"rendered":"<p>Atraskite statybos su rinkiniu magij\u0105\u00a03d magnetiniai blokai\u00a0i\u0161 mark\u0117s\u00a0Woopie! \u012e \u0161\u012f kompakti\u0161k\u0105 rinkin\u012f \u012feina\u00a022 \u012fvairiaspalviai elementai, puikiai tinka ma\u017eiems statybininkams. Formos blokai\u00a0kvadratai ir trikampiai\u00a0jie jungiasi vienas su kitu naudodami magnetus, leid\u017eian\u010dius kurti\u00a0trima\u010diai pastatai, pvz., namas arba\u00a0transporto priemon\u0117 ant rat\u0173\u201e. Magnetin\u0117s jungtys daro strukt\u016bras egzistuojan\u010dias\u00a0stabilus ir lengvai kuriamas bei transformuojamas, kuris puikiai tinka vaikams\u00a0vir\u0161 3 met\u0173 am\u017eiaus\u201e. Blokai palaiko koncepcijos pl\u0117tr\u0105\u00a0GAR\u0172\u00a0(Mokslas, technologijos, in\u017einerija, menas, matematika), \u012fkvepiantis mokytis per \u017eaidim\u0105. Ry\u0161kios, skaidrios spalvos pritraukia d\u0117mes\u012f ir pat\u012f linksmum\u0105\u00a0lavina erdvin\u0119 vaizduot\u0119\u00a0ir\u00a0rankiniai geb\u0117jimai\u201e. \u0160is rinkinys yra puiki prad\u017eia j\u016bs\u0173 nuotykiams su magnetiniais blokais arba puikus papildymas didesnei kolekcijai.<\/p>\n<p>Raksturojums:<\/p>\n<p> \t&#8211; \u017daislas vaikams nuo 3 met\u0173.<br \/>\n \t&#8211; Leid\u017eia statyti\u00a0transporto priemon\u0117s ir ma\u017eos 3D konstrukcijos\u201e.<br \/>\n \t&#8211; \u012etraukta\u00a0geometriniai blokai (kvadratai, trikampiai) ir pagrindas su apskritimais\u201e.<br \/>\n \t&#8211; \u017daislas palaiko \u0161vietim\u0105\u00a0GAR\u0172\u00a0(mokslas, technologijos, in\u017einerija, menas, matematika).<\/p>\n<p>Komplekt\u0101 ietilpst:<\/p>\n<p> \t&#8211; 22 prek\u0117s, i\u0161 kuri\u0173:<br \/>\n \t&#8211; 6 x trikampis<br \/>\n \t&#8211; 10 x kvadratas<br \/>\n \t&#8211; 2 x pagrindas su ratukais<br \/>\n \t&#8211; 4 x jungiamasis elementas\/kita<\/p>\n<p>Rota\u013clieta att\u012bst\u0101s:<\/p>\n<p> \t&#8211; Vaizduot\u0117 ir k\u016brybi\u0161kumas.<br \/>\n \t&#8211; Motoriniai \u012fg\u016bd\u017eiai ir judesi\u0173 tikslumas.<br \/>\n \t&#8211; Loginis m\u0105stymas ir problem\u0173 sprendimo geb\u0117jimas.<br \/>\n \t&#8211; Geometrijos ir magnetizmo princip\u0173 supratimas.<\/p>","protected":false},"excerpt":{"rendered":"<p>Atraskite statybos su rinkiniu magij\u0105\u00a03d magnetiniai blokai\u00a0i\u0161 mark\u0117s\u00a0Woopie! \u012e \u0161\u012f kompakti\u0161k\u0105 rinkin\u012f \u012feina\u00a022 \u012fvairiaspalviai elementai, puikiai tinka ma\u017eiems statybininkams. Formos<\/p>","protected":false},"featured_media":76754,"template":"","meta":{"_acf_changed":false,"_glsr_average":0,"_glsr_ranking":0,"_glsr_reviews":0},"product_brand":[],"product_cat":[446,229],"product_tag":[],"class_list":{"0":"post-76752","1":"product","2":"type-product","3":"status-publish","4":"has-post-thumbnail","6":"product_cat-konstruktoriai","7":"product_cat-zaislai-vaikams","8":"\"style=\"background-color: #2ecc711c;\"","10":"first","11":"instock","12":"purchasable","13":"product-type-simple"},"acf":[],"yoast_head":"<!-- This site is optimized with the Yoast SEO plugin v27.3 - https:\/\/yoast.com\/product\/yoast-seo-wordpress\/ -->\n<title>WOOPIE Magnetiniai blokai Transporto priemoni\u0173 mini pastatai 22vnt<\/title>\n<meta name=\"description\" content=\"WOOPIE Magnetiniai blokai Transporto priemoni\u0173 mini pastatai 22vnt - KidsPlay. Did\u017eiausias vaik\u0173 \u017eaisl\u0173 pasirinkimas.\" \/>\n<meta name=\"robots\" content=\"index, follow, max-snippet:-1, max-image-preview:large, max-video-preview:-1\" \/>\n<link rel=\"canonical\" href=\"https:\/\/kidsplay.lt\/lv\/products\/woopie-magnetiniai-blokai-transporto-priemoniu-mini-pastatai-22vnt\/\" \/>\n<meta property=\"og:locale\" content=\"lv_LV\" \/>\n<meta property=\"og:type\" content=\"article\" \/>\n<meta property=\"og:title\" content=\"WOOPIE Magnetiniai blokai Transporto priemoni\u0173 mini pastatai 22vnt\" \/>\n<meta property=\"og:description\" content=\"WOOPIE Magnetiniai blokai Transporto priemoni\u0173 mini pastatai 22vnt - KidsPlay. Did\u017eiausias vaik\u0173 \u017eaisl\u0173 pasirinkimas.\" \/>\n<meta property=\"og:url\" content=\"https:\/\/kidsplay.lt\/lv\/products\/woopie-magnetiniai-blokai-transporto-priemoniu-mini-pastatai-22vnt\/\" \/>\n<meta property=\"og:site_name\" content=\"KidsPlay\" \/>\n<meta property=\"article:publisher\" content=\"https:\/\/www.facebook.com\/www.kidsplay.lt\" \/>\n<meta property=\"article:modified_time\" content=\"2026-04-07T07:02:16+00:00\" \/>\n<meta property=\"og:image\" content=\"https:\/\/kidsplay.lt\/wp-content\/uploads\/2025\/10\/WOOPIE-Magnetiniai-blokai-Transporto-priemoniu-mini-pastatai-22vnt.jpg\" \/>\n\t<meta property=\"og:image:width\" content=\"1000\" \/>\n\t<meta property=\"og:image:height\" content=\"1000\" \/>\n\t<meta property=\"og:image:type\" content=\"image\/jpeg\" \/>\n<meta name=\"twitter:card\" content=\"summary_large_image\" \/>\n<meta name=\"twitter:label1\" content=\"Est. reading time\" \/>\n\t<meta name=\"twitter:data1\" content=\"1 min\u016bte\" \/>\n<script type=\"application\/ld+json\" class=\"yoast-schema-graph\">{\"@context\":\"https:\\\/\\\/schema.org\",\"@graph\":[{\"@type\":\"WebPage\",\"@id\":\"https:\\\/\\\/kidsplay.lt\\\/produktas\\\/woopie-magnetiniai-blokai-transporto-priemoniu-mini-pastatai-22vnt\\\/\",\"url\":\"https:\\\/\\\/kidsplay.lt\\\/produktas\\\/woopie-magnetiniai-blokai-transporto-priemoniu-mini-pastatai-22vnt\\\/\",\"name\":\"WOOPIE Magnetiniai blokai Transporto priemoni\u0173 mini pastatai 22vnt\",\"isPartOf\":{\"@id\":\"https:\\\/\\\/kidsplay.lt\\\/#website\"},\"primaryImageOfPage\":{\"@id\":\"https:\\\/\\\/kidsplay.lt\\\/produktas\\\/woopie-magnetiniai-blokai-transporto-priemoniu-mini-pastatai-22vnt\\\/#primaryimage\"},\"image\":{\"@id\":\"https:\\\/\\\/kidsplay.lt\\\/produktas\\\/woopie-magnetiniai-blokai-transporto-priemoniu-mini-pastatai-22vnt\\\/#primaryimage\"},\"thumbnailUrl\":\"https:\\\/\\\/kidsplay.lt\\\/wp-content\\\/uploads\\\/2025\\\/10\\\/WOOPIE-Magnetiniai-blokai-Transporto-priemoniu-mini-pastatai-22vnt.jpg\",\"datePublished\":\"2025-10-14T05:19:37+00:00\",\"dateModified\":\"2026-04-07T07:02:16+00:00\",\"description\":\"WOOPIE Magnetiniai blokai Transporto priemoni\u0173 mini pastatai 22vnt - KidsPlay. Did\u017eiausias vaik\u0173 \u017eaisl\u0173 pasirinkimas.\",\"breadcrumb\":{\"@id\":\"https:\\\/\\\/kidsplay.lt\\\/produktas\\\/woopie-magnetiniai-blokai-transporto-priemoniu-mini-pastatai-22vnt\\\/#breadcrumb\"},\"inLanguage\":\"lv-LV\",\"potentialAction\":[{\"@type\":\"ReadAction\",\"target\":[\"https:\\\/\\\/kidsplay.lt\\\/produktas\\\/woopie-magnetiniai-blokai-transporto-priemoniu-mini-pastatai-22vnt\\\/\"]}]},{\"@type\":\"ImageObject\",\"inLanguage\":\"lv-LV\",\"@id\":\"https:\\\/\\\/kidsplay.lt\\\/produktas\\\/woopie-magnetiniai-blokai-transporto-priemoniu-mini-pastatai-22vnt\\\/#primaryimage\",\"url\":\"https:\\\/\\\/kidsplay.lt\\\/wp-content\\\/uploads\\\/2025\\\/10\\\/WOOPIE-Magnetiniai-blokai-Transporto-priemoniu-mini-pastatai-22vnt.jpg\",\"contentUrl\":\"https:\\\/\\\/kidsplay.lt\\\/wp-content\\\/uploads\\\/2025\\\/10\\\/WOOPIE-Magnetiniai-blokai-Transporto-priemoniu-mini-pastatai-22vnt.jpg\",\"width\":1000,\"height\":1000,\"caption\":\"WOOPIE Magnetiniai blokai Transporto priemoni\u0173 mini pastatai 22vnt\"},{\"@type\":\"BreadcrumbList\",\"@id\":\"https:\\\/\\\/kidsplay.lt\\\/produktas\\\/woopie-magnetiniai-blokai-transporto-priemoniu-mini-pastatai-22vnt\\\/#breadcrumb\",\"itemListElement\":[{\"@type\":\"ListItem\",\"position\":1,\"name\":\"Pagrindinis\",\"item\":\"https:\\\/\\\/kidsplay.lt\\\/\"},{\"@type\":\"ListItem\",\"position\":2,\"name\":\"Parduotuv\u0117\",\"item\":\"https:\\\/\\\/kidsplay.lt\\\/parduotuve\\\/\"},{\"@type\":\"ListItem\",\"position\":3,\"name\":\"WOOPIE Magnetiniai blokai Transporto priemoni\u0173 mini pastatai 22vnt\"}]},{\"@type\":\"WebSite\",\"@id\":\"https:\\\/\\\/kidsplay.lt\\\/#website\",\"url\":\"https:\\\/\\\/kidsplay.lt\\\/\",\"name\":\"Kidsplay.lt\",\"description\":\"\u012evairios prek\u0117s vaikams\",\"publisher\":{\"@id\":\"https:\\\/\\\/kidsplay.lt\\\/#organization\"},\"alternateName\":\"Kidsplay\",\"potentialAction\":[{\"@type\":\"SearchAction\",\"target\":{\"@type\":\"EntryPoint\",\"urlTemplate\":\"https:\\\/\\\/kidsplay.lt\\\/?s={search_term_string}\"},\"query-input\":{\"@type\":\"PropertyValueSpecification\",\"valueRequired\":true,\"valueName\":\"search_term_string\"}}],\"inLanguage\":\"lv-LV\"},{\"@type\":\"Organization\",\"@id\":\"https:\\\/\\\/kidsplay.lt\\\/#organization\",\"name\":\"KidsPlay\",\"url\":\"https:\\\/\\\/kidsplay.lt\\\/\",\"logo\":{\"@type\":\"ImageObject\",\"inLanguage\":\"lv-LV\",\"@id\":\"https:\\\/\\\/kidsplay.lt\\\/#\\\/schema\\\/logo\\\/image\\\/\",\"url\":\"https:\\\/\\\/kidsplay.lt\\\/wp-content\\\/uploads\\\/2023\\\/07\\\/kidsplay-logo.png\",\"contentUrl\":\"https:\\\/\\\/kidsplay.lt\\\/wp-content\\\/uploads\\\/2023\\\/07\\\/kidsplay-logo.png\",\"width\":451,\"height\":98,\"caption\":\"KidsPlay\"},\"image\":{\"@id\":\"https:\\\/\\\/kidsplay.lt\\\/#\\\/schema\\\/logo\\\/image\\\/\"},\"sameAs\":[\"https:\\\/\\\/www.facebook.com\\\/www.kidsplay.lt\"]}]}<\/script>\n<!-- \/ Yoast SEO plugin. -->","yoast_head_json":{"title":"WOOPIE magn\u0113tiskie kluc\u012b\u0161i, transportl\u012bdzek\u013ci, mini \u0113kas, 22 gab.","description":"WOOPIE Magnetiniai blokai Transporto priemoni\u0173 mini pastatai 22vnt - KidsPlay. Did\u017eiausias vaik\u0173 \u017eaisl\u0173 pasirinkimas.","robots":{"index":"index","follow":"follow","max-snippet":"max-snippet:-1","max-image-preview":"max-image-preview:large","max-video-preview":"max-video-preview:-1"},"canonical":"https:\/\/kidsplay.lt\/lv\/products\/woopie-magnetiniai-blokai-transporto-priemoniu-mini-pastatai-22vnt\/","og_locale":"lv_LV","og_type":"article","og_title":"WOOPIE Magnetiniai blokai Transporto priemoni\u0173 mini pastatai 22vnt","og_description":"WOOPIE Magnetiniai blokai Transporto priemoni\u0173 mini pastatai 22vnt - KidsPlay. Did\u017eiausias vaik\u0173 \u017eaisl\u0173 pasirinkimas.","og_url":"https:\/\/kidsplay.lt\/lv\/products\/woopie-magnetiniai-blokai-transporto-priemoniu-mini-pastatai-22vnt\/","og_site_name":"KidsPlay","article_publisher":"https:\/\/www.facebook.com\/www.kidsplay.lt","article_modified_time":"2026-04-07T07:02:16+00:00","og_image":[{"width":1000,"height":1000,"url":"https:\/\/kidsplay.lt\/wp-content\/uploads\/2025\/10\/WOOPIE-Magnetiniai-blokai-Transporto-priemoniu-mini-pastatai-22vnt.jpg","type":"image\/jpeg"}],"twitter_card":"summary_large_image","twitter_misc":{"Est. reading time":"1 min\u016bte"},"schema":{"@context":"https:\/\/schema.org","@graph":[{"@type":"WebPage","@id":"https:\/\/kidsplay.lt\/produktas\/woopie-magnetiniai-blokai-transporto-priemoniu-mini-pastatai-22vnt\/","url":"https:\/\/kidsplay.lt\/produktas\/woopie-magnetiniai-blokai-transporto-priemoniu-mini-pastatai-22vnt\/","name":"WOOPIE magn\u0113tiskie kluc\u012b\u0161i, transportl\u012bdzek\u013ci, mini \u0113kas, 22 gab.","isPartOf":{"@id":"https:\/\/kidsplay.lt\/#website"},"primaryImageOfPage":{"@id":"https:\/\/kidsplay.lt\/produktas\/woopie-magnetiniai-blokai-transporto-priemoniu-mini-pastatai-22vnt\/#primaryimage"},"image":{"@id":"https:\/\/kidsplay.lt\/produktas\/woopie-magnetiniai-blokai-transporto-priemoniu-mini-pastatai-22vnt\/#primaryimage"},"thumbnailUrl":"https:\/\/kidsplay.lt\/wp-content\/uploads\/2025\/10\/WOOPIE-Magnetiniai-blokai-Transporto-priemoniu-mini-pastatai-22vnt.jpg","datePublished":"2025-10-14T05:19:37+00:00","dateModified":"2026-04-07T07:02:16+00:00","description":"WOOPIE Magnetiniai blokai Transporto priemoni\u0173 mini pastatai 22vnt - KidsPlay. Did\u017eiausias vaik\u0173 \u017eaisl\u0173 pasirinkimas.","breadcrumb":{"@id":"https:\/\/kidsplay.lt\/produktas\/woopie-magnetiniai-blokai-transporto-priemoniu-mini-pastatai-22vnt\/#breadcrumb"},"inLanguage":"lv-LV","potentialAction":[{"@type":"ReadAction","target":["https:\/\/kidsplay.lt\/produktas\/woopie-magnetiniai-blokai-transporto-priemoniu-mini-pastatai-22vnt\/"]}]},{"@type":"ImageObject","inLanguage":"lv-LV","@id":"https:\/\/kidsplay.lt\/produktas\/woopie-magnetiniai-blokai-transporto-priemoniu-mini-pastatai-22vnt\/#primaryimage","url":"https:\/\/kidsplay.lt\/wp-content\/uploads\/2025\/10\/WOOPIE-Magnetiniai-blokai-Transporto-priemoniu-mini-pastatai-22vnt.jpg","contentUrl":"https:\/\/kidsplay.lt\/wp-content\/uploads\/2025\/10\/WOOPIE-Magnetiniai-blokai-Transporto-priemoniu-mini-pastatai-22vnt.jpg","width":1000,"height":1000,"caption":"WOOPIE Magnetiniai blokai Transporto priemoni\u0173 mini pastatai 22vnt"},{"@type":"BreadcrumbList","@id":"https:\/\/kidsplay.lt\/produktas\/woopie-magnetiniai-blokai-transporto-priemoniu-mini-pastatai-22vnt\/#breadcrumb","itemListElement":[{"@type":"ListItem","position":1,"name":"Pagrindinis","item":"https:\/\/kidsplay.lt\/"},{"@type":"ListItem","position":2,"name":"Parduotuv\u0117","item":"https:\/\/kidsplay.lt\/parduotuve\/"},{"@type":"ListItem","position":3,"name":"WOOPIE Magnetiniai blokai Transporto priemoni\u0173 mini pastatai 22vnt"}]},{"@type":"WebSite","@id":"https:\/\/kidsplay.lt\/#website","url":"https:\/\/kidsplay.lt\/","name":"B\u0113rnu sp\u0113les.lv","description":"\u012evairios prek\u0117s vaikams","publisher":{"@id":"https:\/\/kidsplay.lt\/#organization"},"alternateName":"Kidsplay","potentialAction":[{"@type":"SearchAction","target":{"@type":"EntryPoint","urlTemplate":"https:\/\/kidsplay.lt\/?s={search_term_string}"},"query-input":{"@type":"PropertyValueSpecification","valueRequired":true,"valueName":"search_term_string"}}],"inLanguage":"lv-LV"},{"@type":"Organization","@id":"https:\/\/kidsplay.lt\/#organization","name":"B\u0113rnu sp\u0113le","url":"https:\/\/kidsplay.lt\/","logo":{"@type":"ImageObject","inLanguage":"lv-LV","@id":"https:\/\/kidsplay.lt\/#\/schema\/logo\/image\/","url":"https:\/\/kidsplay.lt\/wp-content\/uploads\/2023\/07\/kidsplay-logo.png","contentUrl":"https:\/\/kidsplay.lt\/wp-content\/uploads\/2023\/07\/kidsplay-logo.png","width":451,"height":98,"caption":"KidsPlay"},"image":{"@id":"https:\/\/kidsplay.lt\/#\/schema\/logo\/image\/"},"sameAs":["https:\/\/www.facebook.com\/www.kidsplay.lt"]}]}},"_links":{"self":[{"href":"https:\/\/kidsplay.lt\/lv\/wp-json\/wp\/v2\/product\/76752","targetHints":{"allow":["GET"]}}],"collection":[{"href":"https:\/\/kidsplay.lt\/lv\/wp-json\/wp\/v2\/product"}],"about":[{"href":"https:\/\/kidsplay.lt\/lv\/wp-json\/wp\/v2\/types\/product"}],"version-history":[{"count":1,"href":"https:\/\/kidsplay.lt\/lv\/wp-json\/wp\/v2\/product\/76752\/revisions"}],"predecessor-version":[{"id":76753,"href":"https:\/\/kidsplay.lt\/lv\/wp-json\/wp\/v2\/product\/76752\/revisions\/76753"}],"wp:featuredmedia":[{"embeddable":true,"href":"https:\/\/kidsplay.lt\/lv\/wp-json\/wp\/v2\/media\/76754"}],"wp:attachment":[{"href":"https:\/\/kidsplay.lt\/lv\/wp-json\/wp\/v2\/media?parent=76752"}],"wp:term":[{"taxonomy":"product_brand","embeddable":true,"href":"https:\/\/kidsplay.lt\/lv\/wp-json\/wp\/v2\/product_brand?post=76752"},{"taxonomy":"product_cat","embeddable":true,"href":"https:\/\/kidsplay.lt\/lv\/wp-json\/wp\/v2\/product_cat?post=76752"},{"taxonomy":"product_tag","embeddable":true,"href":"https:\/\/kidsplay.lt\/lv\/wp-json\/wp\/v2\/product_tag?post=76752"}],"curies":[{"name":"wp","href":"https:\/\/api.w.org\/{rel}","templated":true}]}}