{"id":76787,"date":"2025-10-14T08:22:00","date_gmt":"2025-10-14T05:22:00","guid":{"rendered":"https:\/\/kidsplay.lt\/produktas\/viga-polarb-mediniu-skrudintuvu-rinkinys-zalias-priedai\/"},"modified":"2026-04-07T10:02:26","modified_gmt":"2026-04-07T07:02:26","slug":"viga-polarb-mediniu-skrudintuvu-rinkinys-zalias-priedai","status":"publish","type":"product","link":"https:\/\/kidsplay.lt\/lv\/product\/viga-polarb-mediniu-skrudintuvu-rinkinys-zalias-priedai\/","title":{"rendered":"VIGA PolarB medini\u0173 skrudintuv\u0173 rinkinys \u017ealias + priedai"},"content":{"rendered":"<p>Mediena, stilinga \u017ealia\u00a0skrudintuvas\u00a0i\u0161 serijos\u00a0PolarB\u00a0k\u016brybi\u0161koms maisto gaminimo pramogoms. Lavina pa\u017eintinius, rankinius \u012fg\u016bd\u017eius, k\u016brybi\u0161kum\u0105, vaizduot\u0119 ir susi\u017eav\u0117jim\u0105 patiekal\u0173 k\u016brimo pasauliu. Puikus papildymas vaik\u0173 virtuvei. Pasukite ranken\u0117l\u0119 ir tada patraukite svirt\u012f. Tada baigtas skrebutis i\u0161\u0161oks kaip tikri! Sukdami ranken\u0117l\u0119 i\u0161girsime tikrovi\u0161kus garsus Gra\u017eiai pagamintas, saugus \u017eaislas.<\/p>\n<p>Raksturojums:<\/p>\n<p> \t&#8211; \u017daislas, skirtas vaikams\u00a0nuo 3 met\u0173 am\u017eiaus<br \/>\n \t&#8211; Komplekt\u0105 sudaro skrudintuvas, 2 riekel\u0117s duonos, l\u0117k\u0161t\u0117, keptas kiau\u0161inis, sviestas ir s\u016bris<br \/>\n \t&#8211; Gra\u017eiai pagamintas, saugus \u017eaislas<br \/>\n \t&#8211; Fantasti\u0161kas stilius kelia \u0161ypsen\u0105 j\u016bs\u0173 ma\u017eylio veiduose<br \/>\n \t\u201eSukdamas ranken\u0117l\u0119 jis skleid\u017eia garsus\u201c.<br \/>\n \t&#8211; Paspaudus ranken\u0117l\u0119 i\u0161\u0161oka skrebu\u010diai<br \/>\n \t&#8211; Produktas pagamintas i\u0161 med\u017eio, kuris dar labiau suteikia jam stili\u0173 ir suteikia draugi\u0161k\u0105 po\u017ei\u016br\u012f \u012f aplink\u0105.<br \/>\n \t&#8211;\u00a0Papildomi priedai i\u0161 serijos: kavos aparatas (kodas 44216) ir mai\u0161ytuvas (kodas 44217)<br \/>\n \t&#8211; \u017daislas baigtas\u00a0pagaminta i\u0161 lakuotos medienos, ir nuda\u017eytas\u00a0netoksi\u0161kas\u00a0da\u017eai<\/p>\n<p>Rota\u013clieta att\u012bst\u0101s:<\/p>\n<p> \t&#8211; k\u016brybi\u0161kumas,<br \/>\n \t&#8211; vaizduot\u0117,<br \/>\n \t&#8211; rankiniai \u012fg\u016bd\u017eiai,<br \/>\n \t&#8211; koncentracija.<\/p>","protected":false},"excerpt":{"rendered":"<p>Mediena, stilinga \u017ealia\u00a0skrudintuvas\u00a0i\u0161 serijos\u00a0PolarB\u00a0k\u016brybi\u0161koms maisto gaminimo pramogoms. Lavina pa\u017eintinius, rankinius \u012fg\u016bd\u017eius, k\u016brybi\u0161kum\u0105, vaizduot\u0119 ir susi\u017eav\u0117jim\u0105 patiekal\u0173 k\u016brimo pasauliu. Puikus papildymas<\/p>","protected":false},"featured_media":76789,"template":"","meta":{"_acf_changed":false,"_glsr_average":0,"_glsr_ranking":0,"_glsr_reviews":0},"product_brand":[],"product_cat":[399,282,229],"product_tag":[],"class_list":{"0":"post-76787","1":"product","2":"type-product","3":"status-publish","4":"has-post-thumbnail","6":"product_cat-vaidmenu-zaidimai-2","7":"product_cat-virtuves-reikmenys-vaidmenu-zaidimai","8":"product_cat-zaislai-vaikams","9":"\"style=\"background-color: #2ecc711c;\"","11":"first","12":"instock","13":"purchasable","14":"product-type-simple"},"acf":[],"yoast_head":"<!-- This site is optimized with the Yoast SEO plugin v27.3 - https:\/\/yoast.com\/product\/yoast-seo-wordpress\/ -->\n<title>VIGA PolarB medini\u0173 skrudintuv\u0173 rinkinys \u017ealias + priedai<\/title>\n<meta name=\"description\" content=\"VIGA PolarB medini\u0173 skrudintuv\u0173 rinkinys \u017ealias + priedai - KidsPlay. Did\u017eiausias vaik\u0173 \u017eaisl\u0173 pasirinkimas.\" \/>\n<meta name=\"robots\" content=\"index, follow, max-snippet:-1, max-image-preview:large, max-video-preview:-1\" \/>\n<link rel=\"canonical\" href=\"https:\/\/kidsplay.lt\/lv\/product\/viga-polarb-mediniu-skrudintuvu-rinkinys-zalias-priedai\/\" \/>\n<meta property=\"og:locale\" content=\"lv_LV\" \/>\n<meta property=\"og:type\" content=\"article\" \/>\n<meta property=\"og:title\" content=\"VIGA PolarB medini\u0173 skrudintuv\u0173 rinkinys \u017ealias + priedai\" \/>\n<meta property=\"og:description\" content=\"VIGA PolarB medini\u0173 skrudintuv\u0173 rinkinys \u017ealias + priedai - KidsPlay. Did\u017eiausias vaik\u0173 \u017eaisl\u0173 pasirinkimas.\" \/>\n<meta property=\"og:url\" content=\"https:\/\/kidsplay.lt\/lv\/product\/viga-polarb-mediniu-skrudintuvu-rinkinys-zalias-priedai\/\" \/>\n<meta property=\"og:site_name\" content=\"KidsPlay\" \/>\n<meta property=\"article:publisher\" content=\"https:\/\/www.facebook.com\/www.kidsplay.lt\" \/>\n<meta property=\"article:modified_time\" content=\"2026-04-07T07:02:26+00:00\" \/>\n<meta property=\"og:image\" content=\"https:\/\/kidsplay.lt\/wp-content\/uploads\/2025\/10\/VIGA-PolarB-mediniu-skrudintuvu-rinkinys-zalias-priedai.jpg\" \/>\n\t<meta property=\"og:image:width\" content=\"2560\" \/>\n\t<meta property=\"og:image:height\" content=\"2560\" \/>\n\t<meta property=\"og:image:type\" content=\"image\/jpeg\" \/>\n<meta name=\"twitter:card\" content=\"summary_large_image\" \/>\n<meta name=\"twitter:label1\" content=\"Est. reading time\" \/>\n\t<meta name=\"twitter:data1\" content=\"1 min\u016bte\" \/>\n<script type=\"application\/ld+json\" class=\"yoast-schema-graph\">{\"@context\":\"https:\\\/\\\/schema.org\",\"@graph\":[{\"@type\":\"WebPage\",\"@id\":\"https:\\\/\\\/kidsplay.lt\\\/produktas\\\/viga-polarb-mediniu-skrudintuvu-rinkinys-zalias-priedai\\\/\",\"url\":\"https:\\\/\\\/kidsplay.lt\\\/produktas\\\/viga-polarb-mediniu-skrudintuvu-rinkinys-zalias-priedai\\\/\",\"name\":\"VIGA PolarB medini\u0173 skrudintuv\u0173 rinkinys \u017ealias + priedai\",\"isPartOf\":{\"@id\":\"https:\\\/\\\/kidsplay.lt\\\/#website\"},\"primaryImageOfPage\":{\"@id\":\"https:\\\/\\\/kidsplay.lt\\\/produktas\\\/viga-polarb-mediniu-skrudintuvu-rinkinys-zalias-priedai\\\/#primaryimage\"},\"image\":{\"@id\":\"https:\\\/\\\/kidsplay.lt\\\/produktas\\\/viga-polarb-mediniu-skrudintuvu-rinkinys-zalias-priedai\\\/#primaryimage\"},\"thumbnailUrl\":\"https:\\\/\\\/kidsplay.lt\\\/wp-content\\\/uploads\\\/2025\\\/10\\\/VIGA-PolarB-mediniu-skrudintuvu-rinkinys-zalias-priedai.jpg\",\"datePublished\":\"2025-10-14T05:22:00+00:00\",\"dateModified\":\"2026-04-07T07:02:26+00:00\",\"description\":\"VIGA PolarB medini\u0173 skrudintuv\u0173 rinkinys \u017ealias + priedai - KidsPlay. Did\u017eiausias vaik\u0173 \u017eaisl\u0173 pasirinkimas.\",\"breadcrumb\":{\"@id\":\"https:\\\/\\\/kidsplay.lt\\\/produktas\\\/viga-polarb-mediniu-skrudintuvu-rinkinys-zalias-priedai\\\/#breadcrumb\"},\"inLanguage\":\"lv-LV\",\"potentialAction\":[{\"@type\":\"ReadAction\",\"target\":[\"https:\\\/\\\/kidsplay.lt\\\/produktas\\\/viga-polarb-mediniu-skrudintuvu-rinkinys-zalias-priedai\\\/\"]}]},{\"@type\":\"ImageObject\",\"inLanguage\":\"lv-LV\",\"@id\":\"https:\\\/\\\/kidsplay.lt\\\/produktas\\\/viga-polarb-mediniu-skrudintuvu-rinkinys-zalias-priedai\\\/#primaryimage\",\"url\":\"https:\\\/\\\/kidsplay.lt\\\/wp-content\\\/uploads\\\/2025\\\/10\\\/VIGA-PolarB-mediniu-skrudintuvu-rinkinys-zalias-priedai.jpg\",\"contentUrl\":\"https:\\\/\\\/kidsplay.lt\\\/wp-content\\\/uploads\\\/2025\\\/10\\\/VIGA-PolarB-mediniu-skrudintuvu-rinkinys-zalias-priedai.jpg\",\"width\":2560,\"height\":2560,\"caption\":\"VIGA PolarB medini\u0173 skrudintuv\u0173 rinkinys \u017ealias + priedai\"},{\"@type\":\"BreadcrumbList\",\"@id\":\"https:\\\/\\\/kidsplay.lt\\\/produktas\\\/viga-polarb-mediniu-skrudintuvu-rinkinys-zalias-priedai\\\/#breadcrumb\",\"itemListElement\":[{\"@type\":\"ListItem\",\"position\":1,\"name\":\"Pagrindinis\",\"item\":\"https:\\\/\\\/kidsplay.lt\\\/\"},{\"@type\":\"ListItem\",\"position\":2,\"name\":\"Parduotuv\u0117\",\"item\":\"https:\\\/\\\/kidsplay.lt\\\/parduotuve\\\/\"},{\"@type\":\"ListItem\",\"position\":3,\"name\":\"VIGA PolarB medini\u0173 skrudintuv\u0173 rinkinys \u017ealias + priedai\"}]},{\"@type\":\"WebSite\",\"@id\":\"https:\\\/\\\/kidsplay.lt\\\/#website\",\"url\":\"https:\\\/\\\/kidsplay.lt\\\/\",\"name\":\"Kidsplay.lt\",\"description\":\"\u012evairios prek\u0117s vaikams\",\"publisher\":{\"@id\":\"https:\\\/\\\/kidsplay.lt\\\/#organization\"},\"alternateName\":\"Kidsplay\",\"potentialAction\":[{\"@type\":\"SearchAction\",\"target\":{\"@type\":\"EntryPoint\",\"urlTemplate\":\"https:\\\/\\\/kidsplay.lt\\\/?s={search_term_string}\"},\"query-input\":{\"@type\":\"PropertyValueSpecification\",\"valueRequired\":true,\"valueName\":\"search_term_string\"}}],\"inLanguage\":\"lv-LV\"},{\"@type\":\"Organization\",\"@id\":\"https:\\\/\\\/kidsplay.lt\\\/#organization\",\"name\":\"KidsPlay\",\"url\":\"https:\\\/\\\/kidsplay.lt\\\/\",\"logo\":{\"@type\":\"ImageObject\",\"inLanguage\":\"lv-LV\",\"@id\":\"https:\\\/\\\/kidsplay.lt\\\/#\\\/schema\\\/logo\\\/image\\\/\",\"url\":\"https:\\\/\\\/kidsplay.lt\\\/wp-content\\\/uploads\\\/2023\\\/07\\\/kidsplay-logo.png\",\"contentUrl\":\"https:\\\/\\\/kidsplay.lt\\\/wp-content\\\/uploads\\\/2023\\\/07\\\/kidsplay-logo.png\",\"width\":451,\"height\":98,\"caption\":\"KidsPlay\"},\"image\":{\"@id\":\"https:\\\/\\\/kidsplay.lt\\\/#\\\/schema\\\/logo\\\/image\\\/\"},\"sameAs\":[\"https:\\\/\\\/www.facebook.com\\\/www.kidsplay.lt\"]}]}<\/script>\n<!-- \/ Yoast SEO plugin. -->","yoast_head_json":{"title":"VIGA PolarB medini\u0173 skrudintuv\u0173 rinkinys \u017ealias + priedai","description":"VIGA PolarB medini\u0173 skrudintuv\u0173 rinkinys \u017ealias + priedai - KidsPlay. Did\u017eiausias vaik\u0173 \u017eaisl\u0173 pasirinkimas.","robots":{"index":"index","follow":"follow","max-snippet":"max-snippet:-1","max-image-preview":"max-image-preview:large","max-video-preview":"max-video-preview:-1"},"canonical":"https:\/\/kidsplay.lt\/lv\/product\/viga-polarb-mediniu-skrudintuvu-rinkinys-zalias-priedai\/","og_locale":"lv_LV","og_type":"article","og_title":"VIGA PolarB medini\u0173 skrudintuv\u0173 rinkinys \u017ealias + priedai","og_description":"VIGA PolarB medini\u0173 skrudintuv\u0173 rinkinys \u017ealias + priedai - KidsPlay. Did\u017eiausias vaik\u0173 \u017eaisl\u0173 pasirinkimas.","og_url":"https:\/\/kidsplay.lt\/lv\/product\/viga-polarb-mediniu-skrudintuvu-rinkinys-zalias-priedai\/","og_site_name":"KidsPlay","article_publisher":"https:\/\/www.facebook.com\/www.kidsplay.lt","article_modified_time":"2026-04-07T07:02:26+00:00","og_image":[{"width":2560,"height":2560,"url":"https:\/\/kidsplay.lt\/wp-content\/uploads\/2025\/10\/VIGA-PolarB-mediniu-skrudintuvu-rinkinys-zalias-priedai.jpg","type":"image\/jpeg"}],"twitter_card":"summary_large_image","twitter_misc":{"Est. reading time":"1 min\u016bte"},"schema":{"@context":"https:\/\/schema.org","@graph":[{"@type":"WebPage","@id":"https:\/\/kidsplay.lt\/produktas\/viga-polarb-mediniu-skrudintuvu-rinkinys-zalias-priedai\/","url":"https:\/\/kidsplay.lt\/produktas\/viga-polarb-mediniu-skrudintuvu-rinkinys-zalias-priedai\/","name":"VIGA PolarB medini\u0173 skrudintuv\u0173 rinkinys \u017ealias + priedai","isPartOf":{"@id":"https:\/\/kidsplay.lt\/#website"},"primaryImageOfPage":{"@id":"https:\/\/kidsplay.lt\/produktas\/viga-polarb-mediniu-skrudintuvu-rinkinys-zalias-priedai\/#primaryimage"},"image":{"@id":"https:\/\/kidsplay.lt\/produktas\/viga-polarb-mediniu-skrudintuvu-rinkinys-zalias-priedai\/#primaryimage"},"thumbnailUrl":"https:\/\/kidsplay.lt\/wp-content\/uploads\/2025\/10\/VIGA-PolarB-mediniu-skrudintuvu-rinkinys-zalias-priedai.jpg","datePublished":"2025-10-14T05:22:00+00:00","dateModified":"2026-04-07T07:02:26+00:00","description":"VIGA PolarB medini\u0173 skrudintuv\u0173 rinkinys \u017ealias + priedai - KidsPlay. Did\u017eiausias vaik\u0173 \u017eaisl\u0173 pasirinkimas.","breadcrumb":{"@id":"https:\/\/kidsplay.lt\/produktas\/viga-polarb-mediniu-skrudintuvu-rinkinys-zalias-priedai\/#breadcrumb"},"inLanguage":"lv-LV","potentialAction":[{"@type":"ReadAction","target":["https:\/\/kidsplay.lt\/produktas\/viga-polarb-mediniu-skrudintuvu-rinkinys-zalias-priedai\/"]}]},{"@type":"ImageObject","inLanguage":"lv-LV","@id":"https:\/\/kidsplay.lt\/produktas\/viga-polarb-mediniu-skrudintuvu-rinkinys-zalias-priedai\/#primaryimage","url":"https:\/\/kidsplay.lt\/wp-content\/uploads\/2025\/10\/VIGA-PolarB-mediniu-skrudintuvu-rinkinys-zalias-priedai.jpg","contentUrl":"https:\/\/kidsplay.lt\/wp-content\/uploads\/2025\/10\/VIGA-PolarB-mediniu-skrudintuvu-rinkinys-zalias-priedai.jpg","width":2560,"height":2560,"caption":"VIGA PolarB medini\u0173 skrudintuv\u0173 rinkinys \u017ealias + priedai"},{"@type":"BreadcrumbList","@id":"https:\/\/kidsplay.lt\/produktas\/viga-polarb-mediniu-skrudintuvu-rinkinys-zalias-priedai\/#breadcrumb","itemListElement":[{"@type":"ListItem","position":1,"name":"Pagrindinis","item":"https:\/\/kidsplay.lt\/"},{"@type":"ListItem","position":2,"name":"Parduotuv\u0117","item":"https:\/\/kidsplay.lt\/parduotuve\/"},{"@type":"ListItem","position":3,"name":"VIGA PolarB medini\u0173 skrudintuv\u0173 rinkinys \u017ealias + priedai"}]},{"@type":"WebSite","@id":"https:\/\/kidsplay.lt\/#website","url":"https:\/\/kidsplay.lt\/","name":"B\u0113rnu sp\u0113les.lv","description":"\u012evairios prek\u0117s vaikams","publisher":{"@id":"https:\/\/kidsplay.lt\/#organization"},"alternateName":"Kidsplay","potentialAction":[{"@type":"SearchAction","target":{"@type":"EntryPoint","urlTemplate":"https:\/\/kidsplay.lt\/?s={search_term_string}"},"query-input":{"@type":"PropertyValueSpecification","valueRequired":true,"valueName":"search_term_string"}}],"inLanguage":"lv-LV"},{"@type":"Organization","@id":"https:\/\/kidsplay.lt\/#organization","name":"B\u0113rnu sp\u0113le","url":"https:\/\/kidsplay.lt\/","logo":{"@type":"ImageObject","inLanguage":"lv-LV","@id":"https:\/\/kidsplay.lt\/#\/schema\/logo\/image\/","url":"https:\/\/kidsplay.lt\/wp-content\/uploads\/2023\/07\/kidsplay-logo.png","contentUrl":"https:\/\/kidsplay.lt\/wp-content\/uploads\/2023\/07\/kidsplay-logo.png","width":451,"height":98,"caption":"KidsPlay"},"image":{"@id":"https:\/\/kidsplay.lt\/#\/schema\/logo\/image\/"},"sameAs":["https:\/\/www.facebook.com\/www.kidsplay.lt"]}]}},"_links":{"self":[{"href":"https:\/\/kidsplay.lt\/lv\/wp-json\/wp\/v2\/product\/76787","targetHints":{"allow":["GET"]}}],"collection":[{"href":"https:\/\/kidsplay.lt\/lv\/wp-json\/wp\/v2\/product"}],"about":[{"href":"https:\/\/kidsplay.lt\/lv\/wp-json\/wp\/v2\/types\/product"}],"version-history":[{"count":1,"href":"https:\/\/kidsplay.lt\/lv\/wp-json\/wp\/v2\/product\/76787\/revisions"}],"predecessor-version":[{"id":76788,"href":"https:\/\/kidsplay.lt\/lv\/wp-json\/wp\/v2\/product\/76787\/revisions\/76788"}],"wp:featuredmedia":[{"embeddable":true,"href":"https:\/\/kidsplay.lt\/lv\/wp-json\/wp\/v2\/media\/76789"}],"wp:attachment":[{"href":"https:\/\/kidsplay.lt\/lv\/wp-json\/wp\/v2\/media?parent=76787"}],"wp:term":[{"taxonomy":"product_brand","embeddable":true,"href":"https:\/\/kidsplay.lt\/lv\/wp-json\/wp\/v2\/product_brand?post=76787"},{"taxonomy":"product_cat","embeddable":true,"href":"https:\/\/kidsplay.lt\/lv\/wp-json\/wp\/v2\/product_cat?post=76787"},{"taxonomy":"product_tag","embeddable":true,"href":"https:\/\/kidsplay.lt\/lv\/wp-json\/wp\/v2\/product_tag?post=76787"}],"curies":[{"name":"wp","href":"https:\/\/api.w.org\/{rel}","templated":true}]}}