{"id":76811,"date":"2025-10-14T09:15:37","date_gmt":"2025-10-14T06:15:37","guid":{"rendered":"https:\/\/kidsplay.lt\/produktas\/woopie-arkadinis-zaidimas-lazdeles\/"},"modified":"2026-04-07T10:32:20","modified_gmt":"2026-04-07T07:32:20","slug":"woopie-arkadinis-zaidimas-lazdeles","status":"publish","type":"product","link":"https:\/\/kidsplay.lt\/lv\/products\/woopie-arkadinis-zaidimas-lazdeles\/","title":{"rendered":"WOOPIE arkadinis \u017eaidimas lazdel\u0117s"},"content":{"rendered":"<p>Pasinerkite \u012f jaudinan\u010di\u0173 var\u017eyb\u0173 ir nesibaigian\u010di\u0173 pramog\u0173 pasaul\u012f su\u00a0\u201eWoopie\u00a0Ball\u00a0Drop Picks\u201c\u00a0arkadiniu \u017eaidimu ! Priklausomyb\u0119 sukelianti ir lengvai i\u0161mokstama mechanika paver\u010dia \u0161\u012f rinkin\u012f m\u0117gstamiausiu j\u016bs\u0173 vaiko ir visos \u0161eimos \u017eaidimu. \u017daidimo metu atsargiai i\u0161traukiamos lazdel\u0117s i\u0161 konstrukcijos, kad viduje esantys kamuoliukai nenukrist\u0173 \u012f apatin\u012f ind\u0105. Kas bus taiklesnis, o kas sukels kamuoliuk\u0173 lavin\u0105? Tai i\u0161\u0161\u016bkis, kuris suteiks valand\u0173 valandas pramog\u0173! D\u0117l spalvingo, permatomo bok\u0161to ir ry\u0161ki\u0173 element\u0173\u00a0\u017eaidimas tampa vizualiai patrauklus ir \u012ftraukiantis\u00a0. Produktas pagamintas i\u0161\u00a0saugios, netoksi\u0161kos med\u017eiagos\u00a0, u\u017etikrinan\u010dios visi\u0161k\u0105 saugum\u0105 net ir intensyvaus \u017eaidimo metu. \u0160is \u017eaislas teikia ne tik pramogas, bet ir verting\u0105 edukacin\u0119 naud\u0105 \u2013\u00a0moko strateginio m\u0105stymo ir planavimo, lavina kantryb\u0119 ir susikaupim\u0105\u00a0. \u017daidimas puikiai tinka \u017eaisti\u00a0tiek namuose, tiek lauke\u00a0, o d\u0117l kompakti\u0161ko dyd\u017eio ir paprasto dizaino j\u012f galima lengvai sulankstyti, laikyti ir pasiimti su savimi kelyje. Skirtas vaikams nuo 4 met\u0173 am\u017eiaus, jis puikiai tinka tiek savaranki\u0161kam \u017eaidimui, tiek su bendraam\u017eiais ar visa \u0161eima.<\/p>\n<p>Rakstur\u012bgs:<\/p>\n<p> \t&#8211; \u017daislas vaikams\u00a0nuo 3 met\u0173 am\u017eiaus<br \/>\n \t&#8211; \u012eg\u016bd\u017ei\u0173 ir logikos \u017eaidimas visai \u0161eimai<br \/>\n \t&#8211;\u00a0\u00a0Saugios, netoksi\u0161kos med\u017eiagos\u00a0\u2013 puikiai tinka vaikams<br \/>\n \t&#8211;\u00a0\u00a0Modernus dizainas\u00a0\u2013 permatomas bok\u0161tas, spalvingi kamuoliukai ir lazdel\u0117s<br \/>\n \t&#8211;\u00a0\u00a0Lengvas montavimas ir intuityvus valdymas<br \/>\n \t&#8211;\u00a0\u00a0\u017daidimas 2 ar daugiau \u017eaid\u0117j\u0173<br \/>\n \t&#8211;\u00a0\u00a0Puiki pramoga grup\u0117je\u00a0\u2013 puikiai tinka vakar\u0117liams, piknikams ir \u0161eimos vakarams<br \/>\n \t&#8211;\u00a0\u00a0Lavina refleksus, susikaupim\u0105 ir judesi\u0173 planavim\u0105<br \/>\n \t&#8211;\u00a0\u00a0Daugkartinio naudojimo\u00a0\u2013 po vieno \u017eaidimo nenuobod\u017eiausite<\/p>\n<p>Rota\u013clieta att\u012bst\u0101s:<\/p>\n<p> \t&#8211; rank\u0173 ir aki\u0173 koordinacija<br \/>\n \t&#8211; refleksai ir koncentracija<br \/>\n \t&#8211; geb\u0117jimas logi\u0161kai m\u0105styti<br \/>\n \t&#8211; kantryb\u0117 ir savikontrol\u0117<br \/>\n \t&#8211; geb\u0117jimas numatyti<br \/>\n \t&#8211; bendradarbiavimas ir konkurencija grup\u0117je<\/p>\n<p>Gaminio matmenys: 19 x 19 x 30 (cm)<\/p>\n<p>Pakuot\u0117s matmenys: 27 x 27 x 10 (cm)<\/p>","protected":false},"excerpt":{"rendered":"<p>Pasinerkite \u012f jaudinan\u010di\u0173 var\u017eyb\u0173 ir nesibaigian\u010di\u0173 pramog\u0173 pasaul\u012f su\u00a0\u201eWoopie\u00a0Ball\u00a0Drop Picks\u201c\u00a0arkadiniu \u017eaidimu ! Priklausomyb\u0119 sukelianti ir lengvai i\u0161mokstama mechanika paver\u010dia \u0161\u012f<\/p>","protected":false},"featured_media":76813,"template":"","meta":{"_acf_changed":false,"_glsr_average":0,"_glsr_ranking":0,"_glsr_reviews":0},"product_brand":[],"product_cat":[445,229],"product_tag":[],"class_list":{"0":"post-76811","1":"product","2":"type-product","3":"status-publish","4":"has-post-thumbnail","6":"product_cat-stalo-zaidimai","7":"product_cat-zaislai-vaikams","8":"\"style=\"background-color: #2ecc711c;\"","10":"first","11":"instock","12":"purchasable","13":"product-type-simple"},"acf":[],"yoast_head":"<!-- This site is optimized with the Yoast SEO plugin v27.3 - https:\/\/yoast.com\/product\/yoast-seo-wordpress\/ -->\n<title>WOOPIE arkadinis \u017eaidimas lazdel\u0117s<\/title>\n<meta name=\"description\" content=\"WOOPIE arkadinis \u017eaidimas lazdel\u0117s - KidsPlay. Did\u017eiausias vaik\u0173 \u017eaisl\u0173 pasirinkimas.\" \/>\n<meta name=\"robots\" content=\"index, follow, max-snippet:-1, max-image-preview:large, max-video-preview:-1\" \/>\n<link rel=\"canonical\" href=\"https:\/\/kidsplay.lt\/lv\/products\/woopie-arkadinis-zaidimas-lazdeles\/\" \/>\n<meta property=\"og:locale\" content=\"lv_LV\" \/>\n<meta property=\"og:type\" content=\"article\" \/>\n<meta property=\"og:title\" content=\"WOOPIE arkadinis \u017eaidimas lazdel\u0117s\" \/>\n<meta property=\"og:description\" content=\"WOOPIE arkadinis \u017eaidimas lazdel\u0117s - KidsPlay. Did\u017eiausias vaik\u0173 \u017eaisl\u0173 pasirinkimas.\" \/>\n<meta property=\"og:url\" content=\"https:\/\/kidsplay.lt\/lv\/products\/woopie-arkadinis-zaidimas-lazdeles\/\" \/>\n<meta property=\"og:site_name\" content=\"KidsPlay\" \/>\n<meta property=\"article:publisher\" content=\"https:\/\/www.facebook.com\/www.kidsplay.lt\" \/>\n<meta property=\"article:modified_time\" content=\"2026-04-07T07:32:20+00:00\" \/>\n<meta property=\"og:image\" content=\"https:\/\/kidsplay.lt\/wp-content\/uploads\/2025\/10\/WOOPIE-arkadinis-zaidimas-lazdeles.jpg\" \/>\n\t<meta property=\"og:image:width\" content=\"1000\" \/>\n\t<meta property=\"og:image:height\" content=\"1000\" \/>\n\t<meta property=\"og:image:type\" content=\"image\/jpeg\" \/>\n<meta name=\"twitter:card\" content=\"summary_large_image\" \/>\n<meta name=\"twitter:label1\" content=\"Est. reading time\" \/>\n\t<meta name=\"twitter:data1\" content=\"1 min\u016bte\" \/>\n<script type=\"application\/ld+json\" class=\"yoast-schema-graph\">{\"@context\":\"https:\\\/\\\/schema.org\",\"@graph\":[{\"@type\":\"WebPage\",\"@id\":\"https:\\\/\\\/kidsplay.lt\\\/produktas\\\/woopie-arkadinis-zaidimas-lazdeles\\\/\",\"url\":\"https:\\\/\\\/kidsplay.lt\\\/produktas\\\/woopie-arkadinis-zaidimas-lazdeles\\\/\",\"name\":\"WOOPIE arkadinis \u017eaidimas lazdel\u0117s\",\"isPartOf\":{\"@id\":\"https:\\\/\\\/kidsplay.lt\\\/#website\"},\"primaryImageOfPage\":{\"@id\":\"https:\\\/\\\/kidsplay.lt\\\/produktas\\\/woopie-arkadinis-zaidimas-lazdeles\\\/#primaryimage\"},\"image\":{\"@id\":\"https:\\\/\\\/kidsplay.lt\\\/produktas\\\/woopie-arkadinis-zaidimas-lazdeles\\\/#primaryimage\"},\"thumbnailUrl\":\"https:\\\/\\\/kidsplay.lt\\\/wp-content\\\/uploads\\\/2025\\\/10\\\/WOOPIE-arkadinis-zaidimas-lazdeles.jpg\",\"datePublished\":\"2025-10-14T06:15:37+00:00\",\"dateModified\":\"2026-04-07T07:32:20+00:00\",\"description\":\"WOOPIE arkadinis \u017eaidimas lazdel\u0117s - KidsPlay. Did\u017eiausias vaik\u0173 \u017eaisl\u0173 pasirinkimas.\",\"breadcrumb\":{\"@id\":\"https:\\\/\\\/kidsplay.lt\\\/produktas\\\/woopie-arkadinis-zaidimas-lazdeles\\\/#breadcrumb\"},\"inLanguage\":\"lv-LV\",\"potentialAction\":[{\"@type\":\"ReadAction\",\"target\":[\"https:\\\/\\\/kidsplay.lt\\\/produktas\\\/woopie-arkadinis-zaidimas-lazdeles\\\/\"]}]},{\"@type\":\"ImageObject\",\"inLanguage\":\"lv-LV\",\"@id\":\"https:\\\/\\\/kidsplay.lt\\\/produktas\\\/woopie-arkadinis-zaidimas-lazdeles\\\/#primaryimage\",\"url\":\"https:\\\/\\\/kidsplay.lt\\\/wp-content\\\/uploads\\\/2025\\\/10\\\/WOOPIE-arkadinis-zaidimas-lazdeles.jpg\",\"contentUrl\":\"https:\\\/\\\/kidsplay.lt\\\/wp-content\\\/uploads\\\/2025\\\/10\\\/WOOPIE-arkadinis-zaidimas-lazdeles.jpg\",\"width\":1000,\"height\":1000,\"caption\":\"WOOPIE arkadinis \u017eaidimas lazdel\u0117s\"},{\"@type\":\"BreadcrumbList\",\"@id\":\"https:\\\/\\\/kidsplay.lt\\\/produktas\\\/woopie-arkadinis-zaidimas-lazdeles\\\/#breadcrumb\",\"itemListElement\":[{\"@type\":\"ListItem\",\"position\":1,\"name\":\"Pagrindinis\",\"item\":\"https:\\\/\\\/kidsplay.lt\\\/\"},{\"@type\":\"ListItem\",\"position\":2,\"name\":\"Parduotuv\u0117\",\"item\":\"https:\\\/\\\/kidsplay.lt\\\/parduotuve\\\/\"},{\"@type\":\"ListItem\",\"position\":3,\"name\":\"WOOPIE arkadinis \u017eaidimas lazdel\u0117s\"}]},{\"@type\":\"WebSite\",\"@id\":\"https:\\\/\\\/kidsplay.lt\\\/#website\",\"url\":\"https:\\\/\\\/kidsplay.lt\\\/\",\"name\":\"Kidsplay.lt\",\"description\":\"\u012evairios prek\u0117s vaikams\",\"publisher\":{\"@id\":\"https:\\\/\\\/kidsplay.lt\\\/#organization\"},\"alternateName\":\"Kidsplay\",\"potentialAction\":[{\"@type\":\"SearchAction\",\"target\":{\"@type\":\"EntryPoint\",\"urlTemplate\":\"https:\\\/\\\/kidsplay.lt\\\/?s={search_term_string}\"},\"query-input\":{\"@type\":\"PropertyValueSpecification\",\"valueRequired\":true,\"valueName\":\"search_term_string\"}}],\"inLanguage\":\"lv-LV\"},{\"@type\":\"Organization\",\"@id\":\"https:\\\/\\\/kidsplay.lt\\\/#organization\",\"name\":\"KidsPlay\",\"url\":\"https:\\\/\\\/kidsplay.lt\\\/\",\"logo\":{\"@type\":\"ImageObject\",\"inLanguage\":\"lv-LV\",\"@id\":\"https:\\\/\\\/kidsplay.lt\\\/#\\\/schema\\\/logo\\\/image\\\/\",\"url\":\"https:\\\/\\\/kidsplay.lt\\\/wp-content\\\/uploads\\\/2023\\\/07\\\/kidsplay-logo.png\",\"contentUrl\":\"https:\\\/\\\/kidsplay.lt\\\/wp-content\\\/uploads\\\/2023\\\/07\\\/kidsplay-logo.png\",\"width\":451,\"height\":98,\"caption\":\"KidsPlay\"},\"image\":{\"@id\":\"https:\\\/\\\/kidsplay.lt\\\/#\\\/schema\\\/logo\\\/image\\\/\"},\"sameAs\":[\"https:\\\/\\\/www.facebook.com\\\/www.kidsplay.lt\"]}]}<\/script>\n<!-- \/ Yoast SEO plugin. -->","yoast_head_json":{"title":"WOOPIE arkadinis \u017eaidimas lazdel\u0117s","description":"WOOPIE arkadinis \u017eaidimas lazdel\u0117s - KidsPlay. Did\u017eiausias vaik\u0173 \u017eaisl\u0173 pasirinkimas.","robots":{"index":"index","follow":"follow","max-snippet":"max-snippet:-1","max-image-preview":"max-image-preview:large","max-video-preview":"max-video-preview:-1"},"canonical":"https:\/\/kidsplay.lt\/lv\/products\/woopie-arkadinis-zaidimas-lazdeles\/","og_locale":"lv_LV","og_type":"article","og_title":"WOOPIE arkadinis \u017eaidimas lazdel\u0117s","og_description":"WOOPIE arkadinis \u017eaidimas lazdel\u0117s - KidsPlay. Did\u017eiausias vaik\u0173 \u017eaisl\u0173 pasirinkimas.","og_url":"https:\/\/kidsplay.lt\/lv\/products\/woopie-arkadinis-zaidimas-lazdeles\/","og_site_name":"KidsPlay","article_publisher":"https:\/\/www.facebook.com\/www.kidsplay.lt","article_modified_time":"2026-04-07T07:32:20+00:00","og_image":[{"width":1000,"height":1000,"url":"https:\/\/kidsplay.lt\/wp-content\/uploads\/2025\/10\/WOOPIE-arkadinis-zaidimas-lazdeles.jpg","type":"image\/jpeg"}],"twitter_card":"summary_large_image","twitter_misc":{"Est. reading time":"1 min\u016bte"},"schema":{"@context":"https:\/\/schema.org","@graph":[{"@type":"WebPage","@id":"https:\/\/kidsplay.lt\/produktas\/woopie-arkadinis-zaidimas-lazdeles\/","url":"https:\/\/kidsplay.lt\/produktas\/woopie-arkadinis-zaidimas-lazdeles\/","name":"WOOPIE arkadinis \u017eaidimas lazdel\u0117s","isPartOf":{"@id":"https:\/\/kidsplay.lt\/#website"},"primaryImageOfPage":{"@id":"https:\/\/kidsplay.lt\/produktas\/woopie-arkadinis-zaidimas-lazdeles\/#primaryimage"},"image":{"@id":"https:\/\/kidsplay.lt\/produktas\/woopie-arkadinis-zaidimas-lazdeles\/#primaryimage"},"thumbnailUrl":"https:\/\/kidsplay.lt\/wp-content\/uploads\/2025\/10\/WOOPIE-arkadinis-zaidimas-lazdeles.jpg","datePublished":"2025-10-14T06:15:37+00:00","dateModified":"2026-04-07T07:32:20+00:00","description":"WOOPIE arkadinis \u017eaidimas lazdel\u0117s - KidsPlay. Did\u017eiausias vaik\u0173 \u017eaisl\u0173 pasirinkimas.","breadcrumb":{"@id":"https:\/\/kidsplay.lt\/produktas\/woopie-arkadinis-zaidimas-lazdeles\/#breadcrumb"},"inLanguage":"lv-LV","potentialAction":[{"@type":"ReadAction","target":["https:\/\/kidsplay.lt\/produktas\/woopie-arkadinis-zaidimas-lazdeles\/"]}]},{"@type":"ImageObject","inLanguage":"lv-LV","@id":"https:\/\/kidsplay.lt\/produktas\/woopie-arkadinis-zaidimas-lazdeles\/#primaryimage","url":"https:\/\/kidsplay.lt\/wp-content\/uploads\/2025\/10\/WOOPIE-arkadinis-zaidimas-lazdeles.jpg","contentUrl":"https:\/\/kidsplay.lt\/wp-content\/uploads\/2025\/10\/WOOPIE-arkadinis-zaidimas-lazdeles.jpg","width":1000,"height":1000,"caption":"WOOPIE arkadinis \u017eaidimas lazdel\u0117s"},{"@type":"BreadcrumbList","@id":"https:\/\/kidsplay.lt\/produktas\/woopie-arkadinis-zaidimas-lazdeles\/#breadcrumb","itemListElement":[{"@type":"ListItem","position":1,"name":"Pagrindinis","item":"https:\/\/kidsplay.lt\/"},{"@type":"ListItem","position":2,"name":"Parduotuv\u0117","item":"https:\/\/kidsplay.lt\/parduotuve\/"},{"@type":"ListItem","position":3,"name":"WOOPIE arkadinis \u017eaidimas lazdel\u0117s"}]},{"@type":"WebSite","@id":"https:\/\/kidsplay.lt\/#website","url":"https:\/\/kidsplay.lt\/","name":"B\u0113rnu sp\u0113les.lv","description":"\u012evairios prek\u0117s vaikams","publisher":{"@id":"https:\/\/kidsplay.lt\/#organization"},"alternateName":"Kidsplay","potentialAction":[{"@type":"SearchAction","target":{"@type":"EntryPoint","urlTemplate":"https:\/\/kidsplay.lt\/?s={search_term_string}"},"query-input":{"@type":"PropertyValueSpecification","valueRequired":true,"valueName":"search_term_string"}}],"inLanguage":"lv-LV"},{"@type":"Organization","@id":"https:\/\/kidsplay.lt\/#organization","name":"B\u0113rnu sp\u0113le","url":"https:\/\/kidsplay.lt\/","logo":{"@type":"ImageObject","inLanguage":"lv-LV","@id":"https:\/\/kidsplay.lt\/#\/schema\/logo\/image\/","url":"https:\/\/kidsplay.lt\/wp-content\/uploads\/2023\/07\/kidsplay-logo.png","contentUrl":"https:\/\/kidsplay.lt\/wp-content\/uploads\/2023\/07\/kidsplay-logo.png","width":451,"height":98,"caption":"KidsPlay"},"image":{"@id":"https:\/\/kidsplay.lt\/#\/schema\/logo\/image\/"},"sameAs":["https:\/\/www.facebook.com\/www.kidsplay.lt"]}]}},"_links":{"self":[{"href":"https:\/\/kidsplay.lt\/lv\/wp-json\/wp\/v2\/product\/76811","targetHints":{"allow":["GET"]}}],"collection":[{"href":"https:\/\/kidsplay.lt\/lv\/wp-json\/wp\/v2\/product"}],"about":[{"href":"https:\/\/kidsplay.lt\/lv\/wp-json\/wp\/v2\/types\/product"}],"version-history":[{"count":1,"href":"https:\/\/kidsplay.lt\/lv\/wp-json\/wp\/v2\/product\/76811\/revisions"}],"predecessor-version":[{"id":76812,"href":"https:\/\/kidsplay.lt\/lv\/wp-json\/wp\/v2\/product\/76811\/revisions\/76812"}],"wp:featuredmedia":[{"embeddable":true,"href":"https:\/\/kidsplay.lt\/lv\/wp-json\/wp\/v2\/media\/76813"}],"wp:attachment":[{"href":"https:\/\/kidsplay.lt\/lv\/wp-json\/wp\/v2\/media?parent=76811"}],"wp:term":[{"taxonomy":"product_brand","embeddable":true,"href":"https:\/\/kidsplay.lt\/lv\/wp-json\/wp\/v2\/product_brand?post=76811"},{"taxonomy":"product_cat","embeddable":true,"href":"https:\/\/kidsplay.lt\/lv\/wp-json\/wp\/v2\/product_cat?post=76811"},{"taxonomy":"product_tag","embeddable":true,"href":"https:\/\/kidsplay.lt\/lv\/wp-json\/wp\/v2\/product_tag?post=76811"}],"curies":[{"name":"wp","href":"https:\/\/api.w.org\/{rel}","templated":true}]}}