{"id":76826,"date":"2025-10-14T09:16:12","date_gmt":"2025-10-14T06:16:12","guid":{"rendered":"https:\/\/kidsplay.lt\/produktas\/woopie-sarados-zaidimas-nupiesk-ir-atspek-paveiksleli-piesimas-nosimi\/"},"modified":"2026-04-07T10:32:58","modified_gmt":"2026-04-07T07:32:58","slug":"woopie-sarados-zaidimas-nupiesk-ir-atspek-paveiksleli-piesimas-nosimi","status":"publish","type":"product","link":"https:\/\/kidsplay.lt\/lv\/products\/woopie-sarados-zaidimas-nupiesk-ir-atspek-paveiksleli-piesimas-nosimi\/","title":{"rendered":"WOOPIE \u0161ar\u0101des sp\u0113le &quot;Uzz\u012bm\u0113 un uzmini att\u0113lu&quot; deguna z\u012bm\u0113jums"},"content":{"rendered":"<p>Ar kada nors \u012fsivaizdavote ,\u00a0kad pie\u0161iate vien nosimi? D\u0117l nuostabaus WOOPIE \u017eaidimo\u00a0\u201e\u00a0Pie\u0161k ir atsp\u0117k paveiksl\u0117l\u012f\u201c\u00a0gal\u0117site tai padaryti, nes tai j\u016bs\u0173 darbas! U\u017esid\u0117kite specialius akinius su \u017eymekliu ir nupie\u0161kite nupie\u0161t\u0105 paveiksl\u0117l\u012f lentoje prie\u0161ais save \u2013 tai vienintelis b\u016bdas j\u016bs\u0173 komandai atsp\u0117ti \u017eod\u017eius.\u00a0Laiko tr\u016bksta, tad paskub\u0117kite, nes sm\u0117lio laikrodis tiksi!<\/p>\n<p>Rakstur\u012bgs:<\/p>\n<p> \t&#8211; \u017daid\u017eia nuo 4 met\u0173 am\u017eiaus<\/p>\n<p> \t&#8211; Puikus \u017eaidimas\u00a02\u00a0ar daugiau \u017emoni\u0173 \u2013 tiesiog susiskirstykite \u012f\u00a0dvi komandas<br \/>\n \t&#8211;\u00a0Garantuojame puikias pramogas kiekvienai am\u017eiaus grupei!<\/p>\n<p> \t&#8211; Kupinas juoko\u00a0ir netik\u0117t\u0173 siu\u017eeto vingi\u0173<br \/>\n \t\u2013 Vienintel\u0117 riba \u2013 m\u016bs\u0173 vaizduot\u0117. Be pie\u0161ini\u0173 i\u0161 kort\u0173, \u017eaid\u0117jai taip pat gali kurti savo paveiksl\u0117lius ir juos nupie\u0161ti \u2013 tai padarys \u017eaidim\u0105 \u012fdomesn\u012f ir niekada nepabos!<\/p>\n<p>\u017daidimo taisykl\u0117s:<\/p>\n<p> \tPirmasis \u017eaid\u0117jas arba pasirinktas komandos narysu\u017esideda specialius akinius su \u017eymekliu<br \/>\n \tTrauk\u0119s \u017eaid\u0117jas traukia pirm\u0105j\u0105 kort\u0105 ir padeda j\u0105 atversta \u017eemyn ant lentos vir\u0161aus.<br \/>\n \t\u017daid\u0117jas laiko lentas prie\u0161ais save, jis turi nosimi nupie\u0161ti paveiksl\u0117l\u012f, kur\u012f mato kortel\u0117je.<br \/>\n \tKiti \u017eaid\u0117jai kuo grei\u010diau bando atsp\u0117ti, kas traukiama.<br \/>\n \tLaikas ribojamas sm\u0117lio laikrod\u017eio, tod\u0117l turite veikti greitai!<br \/>\n \tLaimi komanda, kuri atsp\u0117ja daugiausiai slapta\u017eod\u017ei\u0173.<\/p>\n<p>Komplekt\u0101 ietilpst:<\/p>\n<p> \t&#8211; Akiniai su vieta \u017eymekliui ir galvos juostel\u0117mis, kurios pritaiko akini\u0173 dyd\u012f prie j\u016bs\u0173 galvos dyd\u017eio<br \/>\n \t&#8211; 8 \u017eymekliai su trintuku<br \/>\n \t&#8211; Sm\u0117lio laikrodis laikui matuoti<br \/>\n \t&#8211; Permatoma pie\u0161imo lenta<br \/>\n \t&#8211; Kortel\u0117s su \u017eod\u017eiais, kuriuos reikia pie\u0161ti<\/p>","protected":false},"excerpt":{"rendered":"<p>Ar kada nors \u012fsivaizdavote ,\u00a0kad pie\u0161iate vien nosimi? D\u0117l nuostabaus WOOPIE \u017eaidimo\u00a0\u201e\u00a0Pie\u0161k ir atsp\u0117k paveiksl\u0117l\u012f\u201c\u00a0gal\u0117site tai padaryti, nes tai j\u016bs\u0173<\/p>","protected":false},"featured_media":76828,"template":"","meta":{"_acf_changed":false,"_glsr_average":0,"_glsr_ranking":0,"_glsr_reviews":0},"product_brand":[],"product_cat":[445,229],"product_tag":[],"class_list":{"0":"post-76826","1":"product","2":"type-product","3":"status-publish","4":"has-post-thumbnail","6":"product_cat-stalo-zaidimai","7":"product_cat-zaislai-vaikams","8":"\"style=\"background-color: #2ecc711c;\"","10":"first","11":"instock","12":"purchasable","13":"product-type-simple"},"acf":[],"yoast_head":"<!-- This site is optimized with the Yoast SEO plugin v27.3 - https:\/\/yoast.com\/product\/yoast-seo-wordpress\/ -->\n<title>WOOPIE \u0161arados \u017eaidimas \u201eNupie\u0161k ir atsp\u0117k paveiksl\u0117l\u012f\u201c pie\u0161imas nosimi<\/title>\n<meta name=\"description\" content=\"WOOPIE \u0161arados \u017eaidimas \u201eNupie\u0161k ir atsp\u0117k paveiksl\u0117l\u012f\u201c pie\u0161imas nosimi - KidsPlay. Did\u017eiausias vaik\u0173 \u017eaisl\u0173 pasirinkimas.\" \/>\n<meta name=\"robots\" content=\"index, follow, max-snippet:-1, max-image-preview:large, max-video-preview:-1\" \/>\n<link rel=\"canonical\" href=\"https:\/\/kidsplay.lt\/lv\/products\/woopie-sarados-zaidimas-nupiesk-ir-atspek-paveiksleli-piesimas-nosimi\/\" \/>\n<meta property=\"og:locale\" content=\"lv_LV\" \/>\n<meta property=\"og:type\" content=\"article\" \/>\n<meta property=\"og:title\" content=\"WOOPIE \u0161arados \u017eaidimas \u201eNupie\u0161k ir atsp\u0117k paveiksl\u0117l\u012f\u201c pie\u0161imas nosimi\" \/>\n<meta property=\"og:description\" content=\"WOOPIE \u0161arados \u017eaidimas \u201eNupie\u0161k ir atsp\u0117k paveiksl\u0117l\u012f\u201c pie\u0161imas nosimi - KidsPlay. Did\u017eiausias vaik\u0173 \u017eaisl\u0173 pasirinkimas.\" \/>\n<meta property=\"og:url\" content=\"https:\/\/kidsplay.lt\/lv\/products\/woopie-sarados-zaidimas-nupiesk-ir-atspek-paveiksleli-piesimas-nosimi\/\" \/>\n<meta property=\"og:site_name\" content=\"KidsPlay\" \/>\n<meta property=\"article:publisher\" content=\"https:\/\/www.facebook.com\/www.kidsplay.lt\" \/>\n<meta property=\"article:modified_time\" content=\"2026-04-07T07:32:58+00:00\" \/>\n<meta property=\"og:image\" content=\"https:\/\/kidsplay.lt\/wp-content\/uploads\/2025\/10\/WOOPIE-sarados-zaidimas-\u201eNupiesk-ir-atspek-paveiksleli-piesimas-nosimi.jpg\" \/>\n\t<meta property=\"og:image:width\" content=\"2560\" \/>\n\t<meta property=\"og:image:height\" content=\"2560\" \/>\n\t<meta property=\"og:image:type\" content=\"image\/jpeg\" \/>\n<meta name=\"twitter:card\" content=\"summary_large_image\" \/>\n<meta name=\"twitter:label1\" content=\"Est. reading time\" \/>\n\t<meta name=\"twitter:data1\" content=\"1 min\u016bte\" \/>\n<script type=\"application\/ld+json\" class=\"yoast-schema-graph\">{\"@context\":\"https:\\\/\\\/schema.org\",\"@graph\":[{\"@type\":\"WebPage\",\"@id\":\"https:\\\/\\\/kidsplay.lt\\\/produktas\\\/woopie-sarados-zaidimas-nupiesk-ir-atspek-paveiksleli-piesimas-nosimi\\\/\",\"url\":\"https:\\\/\\\/kidsplay.lt\\\/produktas\\\/woopie-sarados-zaidimas-nupiesk-ir-atspek-paveiksleli-piesimas-nosimi\\\/\",\"name\":\"WOOPIE \u0161arados \u017eaidimas \u201eNupie\u0161k ir atsp\u0117k paveiksl\u0117l\u012f\u201c pie\u0161imas nosimi\",\"isPartOf\":{\"@id\":\"https:\\\/\\\/kidsplay.lt\\\/#website\"},\"primaryImageOfPage\":{\"@id\":\"https:\\\/\\\/kidsplay.lt\\\/produktas\\\/woopie-sarados-zaidimas-nupiesk-ir-atspek-paveiksleli-piesimas-nosimi\\\/#primaryimage\"},\"image\":{\"@id\":\"https:\\\/\\\/kidsplay.lt\\\/produktas\\\/woopie-sarados-zaidimas-nupiesk-ir-atspek-paveiksleli-piesimas-nosimi\\\/#primaryimage\"},\"thumbnailUrl\":\"https:\\\/\\\/kidsplay.lt\\\/wp-content\\\/uploads\\\/2025\\\/10\\\/WOOPIE-sarados-zaidimas-\u201eNupiesk-ir-atspek-paveiksleli-piesimas-nosimi.jpg\",\"datePublished\":\"2025-10-14T06:16:12+00:00\",\"dateModified\":\"2026-04-07T07:32:58+00:00\",\"description\":\"WOOPIE \u0161arados \u017eaidimas \u201eNupie\u0161k ir atsp\u0117k paveiksl\u0117l\u012f\u201c pie\u0161imas nosimi - KidsPlay. Did\u017eiausias vaik\u0173 \u017eaisl\u0173 pasirinkimas.\",\"breadcrumb\":{\"@id\":\"https:\\\/\\\/kidsplay.lt\\\/produktas\\\/woopie-sarados-zaidimas-nupiesk-ir-atspek-paveiksleli-piesimas-nosimi\\\/#breadcrumb\"},\"inLanguage\":\"lv-LV\",\"potentialAction\":[{\"@type\":\"ReadAction\",\"target\":[\"https:\\\/\\\/kidsplay.lt\\\/produktas\\\/woopie-sarados-zaidimas-nupiesk-ir-atspek-paveiksleli-piesimas-nosimi\\\/\"]}]},{\"@type\":\"ImageObject\",\"inLanguage\":\"lv-LV\",\"@id\":\"https:\\\/\\\/kidsplay.lt\\\/produktas\\\/woopie-sarados-zaidimas-nupiesk-ir-atspek-paveiksleli-piesimas-nosimi\\\/#primaryimage\",\"url\":\"https:\\\/\\\/kidsplay.lt\\\/wp-content\\\/uploads\\\/2025\\\/10\\\/WOOPIE-sarados-zaidimas-\u201eNupiesk-ir-atspek-paveiksleli-piesimas-nosimi.jpg\",\"contentUrl\":\"https:\\\/\\\/kidsplay.lt\\\/wp-content\\\/uploads\\\/2025\\\/10\\\/WOOPIE-sarados-zaidimas-\u201eNupiesk-ir-atspek-paveiksleli-piesimas-nosimi.jpg\",\"width\":2560,\"height\":2560,\"caption\":\"WOOPIE \u0161arados \u017eaidimas \u201eNupie\u0161k ir atsp\u0117k paveiksl\u0117l\u012f\u201c pie\u0161imas nosimi\"},{\"@type\":\"BreadcrumbList\",\"@id\":\"https:\\\/\\\/kidsplay.lt\\\/produktas\\\/woopie-sarados-zaidimas-nupiesk-ir-atspek-paveiksleli-piesimas-nosimi\\\/#breadcrumb\",\"itemListElement\":[{\"@type\":\"ListItem\",\"position\":1,\"name\":\"Pagrindinis\",\"item\":\"https:\\\/\\\/kidsplay.lt\\\/\"},{\"@type\":\"ListItem\",\"position\":2,\"name\":\"Parduotuv\u0117\",\"item\":\"https:\\\/\\\/kidsplay.lt\\\/parduotuve\\\/\"},{\"@type\":\"ListItem\",\"position\":3,\"name\":\"WOOPIE \u0161arados \u017eaidimas \u201eNupie\u0161k ir atsp\u0117k paveiksl\u0117l\u012f\u201c pie\u0161imas nosimi\"}]},{\"@type\":\"WebSite\",\"@id\":\"https:\\\/\\\/kidsplay.lt\\\/#website\",\"url\":\"https:\\\/\\\/kidsplay.lt\\\/\",\"name\":\"Kidsplay.lt\",\"description\":\"\u012evairios prek\u0117s vaikams\",\"publisher\":{\"@id\":\"https:\\\/\\\/kidsplay.lt\\\/#organization\"},\"alternateName\":\"Kidsplay\",\"potentialAction\":[{\"@type\":\"SearchAction\",\"target\":{\"@type\":\"EntryPoint\",\"urlTemplate\":\"https:\\\/\\\/kidsplay.lt\\\/?s={search_term_string}\"},\"query-input\":{\"@type\":\"PropertyValueSpecification\",\"valueRequired\":true,\"valueName\":\"search_term_string\"}}],\"inLanguage\":\"lv-LV\"},{\"@type\":\"Organization\",\"@id\":\"https:\\\/\\\/kidsplay.lt\\\/#organization\",\"name\":\"KidsPlay\",\"url\":\"https:\\\/\\\/kidsplay.lt\\\/\",\"logo\":{\"@type\":\"ImageObject\",\"inLanguage\":\"lv-LV\",\"@id\":\"https:\\\/\\\/kidsplay.lt\\\/#\\\/schema\\\/logo\\\/image\\\/\",\"url\":\"https:\\\/\\\/kidsplay.lt\\\/wp-content\\\/uploads\\\/2023\\\/07\\\/kidsplay-logo.png\",\"contentUrl\":\"https:\\\/\\\/kidsplay.lt\\\/wp-content\\\/uploads\\\/2023\\\/07\\\/kidsplay-logo.png\",\"width\":451,\"height\":98,\"caption\":\"KidsPlay\"},\"image\":{\"@id\":\"https:\\\/\\\/kidsplay.lt\\\/#\\\/schema\\\/logo\\\/image\\\/\"},\"sameAs\":[\"https:\\\/\\\/www.facebook.com\\\/www.kidsplay.lt\"]}]}<\/script>\n<!-- \/ Yoast SEO plugin. -->","yoast_head_json":{"title":"WOOPIE \u0161ar\u0101des sp\u0113le &quot;Uzz\u012bm\u0113 un uzmini att\u0113lu&quot; deguna z\u012bm\u0113jums","description":"WOOPIE \u0161arados \u017eaidimas \u201eNupie\u0161k ir atsp\u0117k paveiksl\u0117l\u012f\u201c pie\u0161imas nosimi - KidsPlay. Did\u017eiausias vaik\u0173 \u017eaisl\u0173 pasirinkimas.","robots":{"index":"index","follow":"follow","max-snippet":"max-snippet:-1","max-image-preview":"max-image-preview:large","max-video-preview":"max-video-preview:-1"},"canonical":"https:\/\/kidsplay.lt\/lv\/products\/woopie-sarados-zaidimas-nupiesk-ir-atspek-paveiksleli-piesimas-nosimi\/","og_locale":"lv_LV","og_type":"article","og_title":"WOOPIE \u0161arados \u017eaidimas \u201eNupie\u0161k ir atsp\u0117k paveiksl\u0117l\u012f\u201c pie\u0161imas nosimi","og_description":"WOOPIE \u0161arados \u017eaidimas \u201eNupie\u0161k ir atsp\u0117k paveiksl\u0117l\u012f\u201c pie\u0161imas nosimi - KidsPlay. Did\u017eiausias vaik\u0173 \u017eaisl\u0173 pasirinkimas.","og_url":"https:\/\/kidsplay.lt\/lv\/products\/woopie-sarados-zaidimas-nupiesk-ir-atspek-paveiksleli-piesimas-nosimi\/","og_site_name":"KidsPlay","article_publisher":"https:\/\/www.facebook.com\/www.kidsplay.lt","article_modified_time":"2026-04-07T07:32:58+00:00","og_image":[{"width":2560,"height":2560,"url":"https:\/\/kidsplay.lt\/wp-content\/uploads\/2025\/10\/WOOPIE-sarados-zaidimas-\u201eNupiesk-ir-atspek-paveiksleli-piesimas-nosimi.jpg","type":"image\/jpeg"}],"twitter_card":"summary_large_image","twitter_misc":{"Est. reading time":"1 min\u016bte"},"schema":{"@context":"https:\/\/schema.org","@graph":[{"@type":"WebPage","@id":"https:\/\/kidsplay.lt\/produktas\/woopie-sarados-zaidimas-nupiesk-ir-atspek-paveiksleli-piesimas-nosimi\/","url":"https:\/\/kidsplay.lt\/produktas\/woopie-sarados-zaidimas-nupiesk-ir-atspek-paveiksleli-piesimas-nosimi\/","name":"WOOPIE \u0161ar\u0101des sp\u0113le &quot;Uzz\u012bm\u0113 un uzmini att\u0113lu&quot; deguna z\u012bm\u0113jums","isPartOf":{"@id":"https:\/\/kidsplay.lt\/#website"},"primaryImageOfPage":{"@id":"https:\/\/kidsplay.lt\/produktas\/woopie-sarados-zaidimas-nupiesk-ir-atspek-paveiksleli-piesimas-nosimi\/#primaryimage"},"image":{"@id":"https:\/\/kidsplay.lt\/produktas\/woopie-sarados-zaidimas-nupiesk-ir-atspek-paveiksleli-piesimas-nosimi\/#primaryimage"},"thumbnailUrl":"https:\/\/kidsplay.lt\/wp-content\/uploads\/2025\/10\/WOOPIE-sarados-zaidimas-\u201eNupiesk-ir-atspek-paveiksleli-piesimas-nosimi.jpg","datePublished":"2025-10-14T06:16:12+00:00","dateModified":"2026-04-07T07:32:58+00:00","description":"WOOPIE \u0161arados \u017eaidimas \u201eNupie\u0161k ir atsp\u0117k paveiksl\u0117l\u012f\u201c pie\u0161imas nosimi - KidsPlay. Did\u017eiausias vaik\u0173 \u017eaisl\u0173 pasirinkimas.","breadcrumb":{"@id":"https:\/\/kidsplay.lt\/produktas\/woopie-sarados-zaidimas-nupiesk-ir-atspek-paveiksleli-piesimas-nosimi\/#breadcrumb"},"inLanguage":"lv-LV","potentialAction":[{"@type":"ReadAction","target":["https:\/\/kidsplay.lt\/produktas\/woopie-sarados-zaidimas-nupiesk-ir-atspek-paveiksleli-piesimas-nosimi\/"]}]},{"@type":"ImageObject","inLanguage":"lv-LV","@id":"https:\/\/kidsplay.lt\/produktas\/woopie-sarados-zaidimas-nupiesk-ir-atspek-paveiksleli-piesimas-nosimi\/#primaryimage","url":"https:\/\/kidsplay.lt\/wp-content\/uploads\/2025\/10\/WOOPIE-sarados-zaidimas-\u201eNupiesk-ir-atspek-paveiksleli-piesimas-nosimi.jpg","contentUrl":"https:\/\/kidsplay.lt\/wp-content\/uploads\/2025\/10\/WOOPIE-sarados-zaidimas-\u201eNupiesk-ir-atspek-paveiksleli-piesimas-nosimi.jpg","width":2560,"height":2560,"caption":"WOOPIE \u0161arados \u017eaidimas \u201eNupie\u0161k ir atsp\u0117k paveiksl\u0117l\u012f\u201c pie\u0161imas nosimi"},{"@type":"BreadcrumbList","@id":"https:\/\/kidsplay.lt\/produktas\/woopie-sarados-zaidimas-nupiesk-ir-atspek-paveiksleli-piesimas-nosimi\/#breadcrumb","itemListElement":[{"@type":"ListItem","position":1,"name":"Pagrindinis","item":"https:\/\/kidsplay.lt\/"},{"@type":"ListItem","position":2,"name":"Parduotuv\u0117","item":"https:\/\/kidsplay.lt\/parduotuve\/"},{"@type":"ListItem","position":3,"name":"WOOPIE \u0161arados \u017eaidimas \u201eNupie\u0161k ir atsp\u0117k paveiksl\u0117l\u012f\u201c pie\u0161imas nosimi"}]},{"@type":"WebSite","@id":"https:\/\/kidsplay.lt\/#website","url":"https:\/\/kidsplay.lt\/","name":"B\u0113rnu sp\u0113les.lv","description":"\u012evairios prek\u0117s vaikams","publisher":{"@id":"https:\/\/kidsplay.lt\/#organization"},"alternateName":"Kidsplay","potentialAction":[{"@type":"SearchAction","target":{"@type":"EntryPoint","urlTemplate":"https:\/\/kidsplay.lt\/?s={search_term_string}"},"query-input":{"@type":"PropertyValueSpecification","valueRequired":true,"valueName":"search_term_string"}}],"inLanguage":"lv-LV"},{"@type":"Organization","@id":"https:\/\/kidsplay.lt\/#organization","name":"B\u0113rnu sp\u0113le","url":"https:\/\/kidsplay.lt\/","logo":{"@type":"ImageObject","inLanguage":"lv-LV","@id":"https:\/\/kidsplay.lt\/#\/schema\/logo\/image\/","url":"https:\/\/kidsplay.lt\/wp-content\/uploads\/2023\/07\/kidsplay-logo.png","contentUrl":"https:\/\/kidsplay.lt\/wp-content\/uploads\/2023\/07\/kidsplay-logo.png","width":451,"height":98,"caption":"KidsPlay"},"image":{"@id":"https:\/\/kidsplay.lt\/#\/schema\/logo\/image\/"},"sameAs":["https:\/\/www.facebook.com\/www.kidsplay.lt"]}]}},"_links":{"self":[{"href":"https:\/\/kidsplay.lt\/lv\/wp-json\/wp\/v2\/product\/76826","targetHints":{"allow":["GET"]}}],"collection":[{"href":"https:\/\/kidsplay.lt\/lv\/wp-json\/wp\/v2\/product"}],"about":[{"href":"https:\/\/kidsplay.lt\/lv\/wp-json\/wp\/v2\/types\/product"}],"version-history":[{"count":1,"href":"https:\/\/kidsplay.lt\/lv\/wp-json\/wp\/v2\/product\/76826\/revisions"}],"predecessor-version":[{"id":76827,"href":"https:\/\/kidsplay.lt\/lv\/wp-json\/wp\/v2\/product\/76826\/revisions\/76827"}],"wp:featuredmedia":[{"embeddable":true,"href":"https:\/\/kidsplay.lt\/lv\/wp-json\/wp\/v2\/media\/76828"}],"wp:attachment":[{"href":"https:\/\/kidsplay.lt\/lv\/wp-json\/wp\/v2\/media?parent=76826"}],"wp:term":[{"taxonomy":"product_brand","embeddable":true,"href":"https:\/\/kidsplay.lt\/lv\/wp-json\/wp\/v2\/product_brand?post=76826"},{"taxonomy":"product_cat","embeddable":true,"href":"https:\/\/kidsplay.lt\/lv\/wp-json\/wp\/v2\/product_cat?post=76826"},{"taxonomy":"product_tag","embeddable":true,"href":"https:\/\/kidsplay.lt\/lv\/wp-json\/wp\/v2\/product_tag?post=76826"}],"curies":[{"name":"wp","href":"https:\/\/api.w.org\/{rel}","templated":true}]}}