{"id":76838,"date":"2025-10-14T09:16:54","date_gmt":"2025-10-14T06:16:54","guid":{"rendered":"https:\/\/kidsplay.lt\/produktas\/woopie-iq-loginis-zaidimas-strateginis-smegenu-lavinimas-kryziukai-nuliukai-nuliukai-36-vnt\/"},"modified":"2026-04-13T14:54:40","modified_gmt":"2026-04-13T11:54:40","slug":"woopie-iq-loginis-zaidimas-strateginis-smegenu-lavinimas-kryziukai-nuliukai-nuliukai-36-vnt","status":"publish","type":"product","link":"https:\/\/kidsplay.lt\/lv\/products\/woopie-iq-loginis-zaidimas-strateginis-smegenu-lavinimas-kryziukai-nuliukai-nuliukai-36-vnt\/","title":{"rendered":"WOOPIE IQ Lo\u0123ikas sp\u0113le Strat\u0113\u0123isk\u0101 smadze\u0146u treni\u0146\u0161 Tic-tac-toe 36 gab."},"content":{"rendered":"<p>D\u0117lion\u0117\u00a0\u201eWOOPIE\u201c\u00a0\u2013\u00a0puiki \u0161eimos \u017eaidimo id\u0117ja, suteikianti daug konkurencijos ir teigiamai veikianti m\u0105stym\u0105 bei susikaupim\u0105. \u017daidimas yra puiki priemon\u0117 stiprinti \u0161eimos ry\u0161ius ir lavinti vaik\u0173 pa\u017eintinius \u012fg\u016bd\u017eius, derinant pramog\u0173 ir lavinimo elementus. \u017daidimas reikalauja strateginio m\u0105stymo ir susikaupimo, tod\u0117l idealiai tinka \u0161eimos vakarams ir socialiniams susib\u016brimams.<br \/>\n\u017daidimo ypatyb\u0117s:<\/p>\n<p> \t&#8211; \u017daid\u017eiama nuo\u00a03 met\u0173 am\u017eiaus<br \/>\n \t&#8211; \u017daidimas 1-4 \u017emon\u0117ms<\/p>\n<p> \t\u2013 Vaikai lavina problem\u0173 sprendimo ir strateginio m\u0105stymo \u012fg\u016bd\u017eius.<br \/>\n \t&#8211; \u017daidimas moko kantryb\u0117s, loginio m\u0105stymo ir sveikos konkurencijos<\/p>\n<p>Sp\u0113les noteikumi:<\/p>\n<p> \t\u017daid\u0117jai pasirenka fig\u016br\u0117li\u0173 spalvas, kurias naudos \u017eaidimo metu.<br \/>\n \t\u017daid\u0117jai paeiliui stato po vien\u0105 p\u0117stinink\u0105 ant pasirinkto langelio. Jie turi trij\u0173 skirting\u0173 dyd\u017ei\u0173 p\u0117stininkus (ma\u017eus, vidutinius, didelius).<br \/>\n \tP\u0117stinink\u0105 galima pastatyti ant tu\u0161\u010dio langelio arba ant ma\u017eesnio prie\u0161ininko p\u0117stininko.<br \/>\n \tNor\u0117dami laim\u0117ti, turite i\u0161d\u0117lioti \u012f eil\u0119 (vertikaliai, horizontaliai arba \u012fstri\u017eai): Tris tos pa\u010dios spalvos fig\u016br\u0117les tokia tvarka: &#8211; Nuo did\u017eiausios iki ma\u017eiausios &#8211; To paties dyd\u017eio fig\u016br\u0117les &#8211; Nuo did\u017eiausios iki ma\u017eiausios<br \/>\n \t\u017daidimas baigiasi, kai vienas i\u0161 \u017eaid\u0117j\u0173 sukuria laim\u0117jimo linij\u0105 arba kai lenta u\u017esipildo ir n\u0117ra galimyb\u0117s laim\u0117ti \u2013 tokiu atveju \u017eaid\u017eiama lygiosiomis.<\/p>\n<p>\u017daid\u0117jas turi ne tik sukurti savo linijas, bet ir neleisti savo prie\u0161ininkui sudaryti laim\u0117jimo derinio, tinkamai blokuodamas jo \u0117jimus.<\/p>","protected":false},"excerpt":{"rendered":"<p>D\u0117lion\u0117\u00a0\u201eWOOPIE\u201c\u00a0\u2013\u00a0puiki \u0161eimos \u017eaidimo id\u0117ja, suteikianti daug konkurencijos ir teigiamai veikianti m\u0105stym\u0105 bei susikaupim\u0105. \u017daidimas yra puiki priemon\u0117 stiprinti \u0161eimos ry\u0161ius<\/p>","protected":false},"featured_media":57659,"template":"","meta":{"_acf_changed":false,"_glsr_average":0,"_glsr_ranking":0,"_glsr_reviews":0},"product_brand":[],"product_cat":[445,229],"product_tag":[],"class_list":{"0":"post-76838","1":"product","2":"type-product","3":"status-publish","4":"has-post-thumbnail","6":"product_cat-stalo-zaidimai","7":"product_cat-zaislai-vaikams","8":"\"style=\"background-color: #2ecc711c;\"","10":"first","11":"instock","12":"purchasable","13":"product-type-simple"},"acf":[],"yoast_head":"<!-- This site is optimized with the Yoast SEO plugin v27.3 - https:\/\/yoast.com\/product\/yoast-seo-wordpress\/ -->\n<title>WOOPIE IQ Loginis \u017eaidimas Strateginis smegen\u0173 lavinimas Kry\u017eiukai-nuliukai-nuliukai 36 vnt.<\/title>\n<meta name=\"description\" content=\"WOOPIE IQ Loginis \u017eaidimas Strateginis smegen\u0173 lavinimas Kry\u017eiukai-nuliukai-nuliukai 36 vnt. - KidsPlay. Did\u017eiausias vaik\u0173 \u017eaisl\u0173 pasirinkimas.\" \/>\n<meta name=\"robots\" content=\"index, follow, max-snippet:-1, max-image-preview:large, max-video-preview:-1\" \/>\n<link rel=\"canonical\" href=\"https:\/\/kidsplay.lt\/lv\/products\/woopie-iq-loginis-zaidimas-strateginis-smegenu-lavinimas-kryziukai-nuliukai-nuliukai-36-vnt\/\" \/>\n<meta property=\"og:locale\" content=\"lv_LV\" \/>\n<meta property=\"og:type\" content=\"article\" \/>\n<meta property=\"og:title\" content=\"WOOPIE IQ Loginis \u017eaidimas Strateginis smegen\u0173 lavinimas Kry\u017eiukai-nuliukai-nuliukai 36 vnt.\" \/>\n<meta property=\"og:description\" content=\"WOOPIE IQ Loginis \u017eaidimas Strateginis smegen\u0173 lavinimas Kry\u017eiukai-nuliukai-nuliukai 36 vnt. - KidsPlay. Did\u017eiausias vaik\u0173 \u017eaisl\u0173 pasirinkimas.\" \/>\n<meta property=\"og:url\" content=\"https:\/\/kidsplay.lt\/lv\/products\/woopie-iq-loginis-zaidimas-strateginis-smegenu-lavinimas-kryziukai-nuliukai-nuliukai-36-vnt\/\" \/>\n<meta property=\"og:site_name\" content=\"KidsPlay\" \/>\n<meta property=\"article:publisher\" content=\"https:\/\/www.facebook.com\/www.kidsplay.lt\" \/>\n<meta property=\"article:modified_time\" content=\"2026-04-13T11:54:40+00:00\" \/>\n<meta property=\"og:image\" content=\"https:\/\/kidsplay.lt\/wp-content\/uploads\/2024\/10\/Strateginis-loginis-zaidimas-proto-lavinimui.jpg\" \/>\n\t<meta property=\"og:image:width\" content=\"2560\" \/>\n\t<meta property=\"og:image:height\" content=\"2560\" \/>\n\t<meta property=\"og:image:type\" content=\"image\/jpeg\" \/>\n<meta name=\"twitter:card\" content=\"summary_large_image\" \/>\n<meta name=\"twitter:label1\" content=\"Est. reading time\" \/>\n\t<meta name=\"twitter:data1\" content=\"1 min\u016bte\" \/>\n<script type=\"application\/ld+json\" class=\"yoast-schema-graph\">{\"@context\":\"https:\\\/\\\/schema.org\",\"@graph\":[{\"@type\":\"WebPage\",\"@id\":\"https:\\\/\\\/kidsplay.lt\\\/produktas\\\/woopie-iq-loginis-zaidimas-strateginis-smegenu-lavinimas-kryziukai-nuliukai-nuliukai-36-vnt\\\/\",\"url\":\"https:\\\/\\\/kidsplay.lt\\\/produktas\\\/woopie-iq-loginis-zaidimas-strateginis-smegenu-lavinimas-kryziukai-nuliukai-nuliukai-36-vnt\\\/\",\"name\":\"WOOPIE IQ Loginis \u017eaidimas Strateginis smegen\u0173 lavinimas Kry\u017eiukai-nuliukai-nuliukai 36 vnt.\",\"isPartOf\":{\"@id\":\"https:\\\/\\\/kidsplay.lt\\\/#website\"},\"primaryImageOfPage\":{\"@id\":\"https:\\\/\\\/kidsplay.lt\\\/produktas\\\/woopie-iq-loginis-zaidimas-strateginis-smegenu-lavinimas-kryziukai-nuliukai-nuliukai-36-vnt\\\/#primaryimage\"},\"image\":{\"@id\":\"https:\\\/\\\/kidsplay.lt\\\/produktas\\\/woopie-iq-loginis-zaidimas-strateginis-smegenu-lavinimas-kryziukai-nuliukai-nuliukai-36-vnt\\\/#primaryimage\"},\"thumbnailUrl\":\"https:\\\/\\\/kidsplay.lt\\\/wp-content\\\/uploads\\\/2024\\\/10\\\/Strateginis-loginis-zaidimas-proto-lavinimui.jpg\",\"datePublished\":\"2025-10-14T06:16:54+00:00\",\"dateModified\":\"2026-04-13T11:54:40+00:00\",\"description\":\"WOOPIE IQ Loginis \u017eaidimas Strateginis smegen\u0173 lavinimas Kry\u017eiukai-nuliukai-nuliukai 36 vnt. - KidsPlay. Did\u017eiausias vaik\u0173 \u017eaisl\u0173 pasirinkimas.\",\"breadcrumb\":{\"@id\":\"https:\\\/\\\/kidsplay.lt\\\/produktas\\\/woopie-iq-loginis-zaidimas-strateginis-smegenu-lavinimas-kryziukai-nuliukai-nuliukai-36-vnt\\\/#breadcrumb\"},\"inLanguage\":\"lv-LV\",\"potentialAction\":[{\"@type\":\"ReadAction\",\"target\":[\"https:\\\/\\\/kidsplay.lt\\\/produktas\\\/woopie-iq-loginis-zaidimas-strateginis-smegenu-lavinimas-kryziukai-nuliukai-nuliukai-36-vnt\\\/\"]}]},{\"@type\":\"ImageObject\",\"inLanguage\":\"lv-LV\",\"@id\":\"https:\\\/\\\/kidsplay.lt\\\/produktas\\\/woopie-iq-loginis-zaidimas-strateginis-smegenu-lavinimas-kryziukai-nuliukai-nuliukai-36-vnt\\\/#primaryimage\",\"url\":\"https:\\\/\\\/kidsplay.lt\\\/wp-content\\\/uploads\\\/2024\\\/10\\\/Strateginis-loginis-zaidimas-proto-lavinimui.jpg\",\"contentUrl\":\"https:\\\/\\\/kidsplay.lt\\\/wp-content\\\/uploads\\\/2024\\\/10\\\/Strateginis-loginis-zaidimas-proto-lavinimui.jpg\",\"width\":2560,\"height\":2560,\"caption\":\"WOOPIE IQ Loginis \u017eaidimas Strateginis smegen\u0173 lavinimas Kry\u017eiukai-nuliukai-nuliukai 36 vnt.\"},{\"@type\":\"BreadcrumbList\",\"@id\":\"https:\\\/\\\/kidsplay.lt\\\/produktas\\\/woopie-iq-loginis-zaidimas-strateginis-smegenu-lavinimas-kryziukai-nuliukai-nuliukai-36-vnt\\\/#breadcrumb\",\"itemListElement\":[{\"@type\":\"ListItem\",\"position\":1,\"name\":\"Pagrindinis\",\"item\":\"https:\\\/\\\/kidsplay.lt\\\/\"},{\"@type\":\"ListItem\",\"position\":2,\"name\":\"Parduotuv\u0117\",\"item\":\"https:\\\/\\\/kidsplay.lt\\\/parduotuve\\\/\"},{\"@type\":\"ListItem\",\"position\":3,\"name\":\"WOOPIE IQ Loginis \u017eaidimas Strateginis smegen\u0173 lavinimas Kry\u017eiukai-nuliukai-nuliukai 36 vnt.\"}]},{\"@type\":\"WebSite\",\"@id\":\"https:\\\/\\\/kidsplay.lt\\\/#website\",\"url\":\"https:\\\/\\\/kidsplay.lt\\\/\",\"name\":\"Kidsplay.lt\",\"description\":\"\u012evairios prek\u0117s vaikams\",\"publisher\":{\"@id\":\"https:\\\/\\\/kidsplay.lt\\\/#organization\"},\"alternateName\":\"Kidsplay\",\"potentialAction\":[{\"@type\":\"SearchAction\",\"target\":{\"@type\":\"EntryPoint\",\"urlTemplate\":\"https:\\\/\\\/kidsplay.lt\\\/?s={search_term_string}\"},\"query-input\":{\"@type\":\"PropertyValueSpecification\",\"valueRequired\":true,\"valueName\":\"search_term_string\"}}],\"inLanguage\":\"lv-LV\"},{\"@type\":\"Organization\",\"@id\":\"https:\\\/\\\/kidsplay.lt\\\/#organization\",\"name\":\"KidsPlay\",\"url\":\"https:\\\/\\\/kidsplay.lt\\\/\",\"logo\":{\"@type\":\"ImageObject\",\"inLanguage\":\"lv-LV\",\"@id\":\"https:\\\/\\\/kidsplay.lt\\\/#\\\/schema\\\/logo\\\/image\\\/\",\"url\":\"https:\\\/\\\/kidsplay.lt\\\/wp-content\\\/uploads\\\/2023\\\/07\\\/kidsplay-logo.png\",\"contentUrl\":\"https:\\\/\\\/kidsplay.lt\\\/wp-content\\\/uploads\\\/2023\\\/07\\\/kidsplay-logo.png\",\"width\":451,\"height\":98,\"caption\":\"KidsPlay\"},\"image\":{\"@id\":\"https:\\\/\\\/kidsplay.lt\\\/#\\\/schema\\\/logo\\\/image\\\/\"},\"sameAs\":[\"https:\\\/\\\/www.facebook.com\\\/www.kidsplay.lt\"]}]}<\/script>\n<!-- \/ Yoast SEO plugin. -->","yoast_head_json":{"title":"WOOPIE IQ Lo\u0123ikas sp\u0113le Strat\u0113\u0123isk\u0101 smadze\u0146u treni\u0146\u0161 Tic-tac-toe 36 gab.","description":"WOOPIE IQ Loginis \u017eaidimas Strateginis smegen\u0173 lavinimas Kry\u017eiukai-nuliukai-nuliukai 36 vnt. - KidsPlay. Did\u017eiausias vaik\u0173 \u017eaisl\u0173 pasirinkimas.","robots":{"index":"index","follow":"follow","max-snippet":"max-snippet:-1","max-image-preview":"max-image-preview:large","max-video-preview":"max-video-preview:-1"},"canonical":"https:\/\/kidsplay.lt\/lv\/products\/woopie-iq-loginis-zaidimas-strateginis-smegenu-lavinimas-kryziukai-nuliukai-nuliukai-36-vnt\/","og_locale":"lv_LV","og_type":"article","og_title":"WOOPIE IQ Loginis \u017eaidimas Strateginis smegen\u0173 lavinimas Kry\u017eiukai-nuliukai-nuliukai 36 vnt.","og_description":"WOOPIE IQ Loginis \u017eaidimas Strateginis smegen\u0173 lavinimas Kry\u017eiukai-nuliukai-nuliukai 36 vnt. - KidsPlay. Did\u017eiausias vaik\u0173 \u017eaisl\u0173 pasirinkimas.","og_url":"https:\/\/kidsplay.lt\/lv\/products\/woopie-iq-loginis-zaidimas-strateginis-smegenu-lavinimas-kryziukai-nuliukai-nuliukai-36-vnt\/","og_site_name":"KidsPlay","article_publisher":"https:\/\/www.facebook.com\/www.kidsplay.lt","article_modified_time":"2026-04-13T11:54:40+00:00","og_image":[{"width":2560,"height":2560,"url":"https:\/\/kidsplay.lt\/wp-content\/uploads\/2024\/10\/Strateginis-loginis-zaidimas-proto-lavinimui.jpg","type":"image\/jpeg"}],"twitter_card":"summary_large_image","twitter_misc":{"Est. reading time":"1 min\u016bte"},"schema":{"@context":"https:\/\/schema.org","@graph":[{"@type":"WebPage","@id":"https:\/\/kidsplay.lt\/produktas\/woopie-iq-loginis-zaidimas-strateginis-smegenu-lavinimas-kryziukai-nuliukai-nuliukai-36-vnt\/","url":"https:\/\/kidsplay.lt\/produktas\/woopie-iq-loginis-zaidimas-strateginis-smegenu-lavinimas-kryziukai-nuliukai-nuliukai-36-vnt\/","name":"WOOPIE IQ Lo\u0123ikas sp\u0113le Strat\u0113\u0123isk\u0101 smadze\u0146u treni\u0146\u0161 Tic-tac-toe 36 gab.","isPartOf":{"@id":"https:\/\/kidsplay.lt\/#website"},"primaryImageOfPage":{"@id":"https:\/\/kidsplay.lt\/produktas\/woopie-iq-loginis-zaidimas-strateginis-smegenu-lavinimas-kryziukai-nuliukai-nuliukai-36-vnt\/#primaryimage"},"image":{"@id":"https:\/\/kidsplay.lt\/produktas\/woopie-iq-loginis-zaidimas-strateginis-smegenu-lavinimas-kryziukai-nuliukai-nuliukai-36-vnt\/#primaryimage"},"thumbnailUrl":"https:\/\/kidsplay.lt\/wp-content\/uploads\/2024\/10\/Strateginis-loginis-zaidimas-proto-lavinimui.jpg","datePublished":"2025-10-14T06:16:54+00:00","dateModified":"2026-04-13T11:54:40+00:00","description":"WOOPIE IQ Loginis \u017eaidimas Strateginis smegen\u0173 lavinimas Kry\u017eiukai-nuliukai-nuliukai 36 vnt. - KidsPlay. Did\u017eiausias vaik\u0173 \u017eaisl\u0173 pasirinkimas.","breadcrumb":{"@id":"https:\/\/kidsplay.lt\/produktas\/woopie-iq-loginis-zaidimas-strateginis-smegenu-lavinimas-kryziukai-nuliukai-nuliukai-36-vnt\/#breadcrumb"},"inLanguage":"lv-LV","potentialAction":[{"@type":"ReadAction","target":["https:\/\/kidsplay.lt\/produktas\/woopie-iq-loginis-zaidimas-strateginis-smegenu-lavinimas-kryziukai-nuliukai-nuliukai-36-vnt\/"]}]},{"@type":"ImageObject","inLanguage":"lv-LV","@id":"https:\/\/kidsplay.lt\/produktas\/woopie-iq-loginis-zaidimas-strateginis-smegenu-lavinimas-kryziukai-nuliukai-nuliukai-36-vnt\/#primaryimage","url":"https:\/\/kidsplay.lt\/wp-content\/uploads\/2024\/10\/Strateginis-loginis-zaidimas-proto-lavinimui.jpg","contentUrl":"https:\/\/kidsplay.lt\/wp-content\/uploads\/2024\/10\/Strateginis-loginis-zaidimas-proto-lavinimui.jpg","width":2560,"height":2560,"caption":"WOOPIE IQ Loginis \u017eaidimas Strateginis smegen\u0173 lavinimas Kry\u017eiukai-nuliukai-nuliukai 36 vnt."},{"@type":"BreadcrumbList","@id":"https:\/\/kidsplay.lt\/produktas\/woopie-iq-loginis-zaidimas-strateginis-smegenu-lavinimas-kryziukai-nuliukai-nuliukai-36-vnt\/#breadcrumb","itemListElement":[{"@type":"ListItem","position":1,"name":"Pagrindinis","item":"https:\/\/kidsplay.lt\/"},{"@type":"ListItem","position":2,"name":"Parduotuv\u0117","item":"https:\/\/kidsplay.lt\/parduotuve\/"},{"@type":"ListItem","position":3,"name":"WOOPIE IQ Loginis \u017eaidimas Strateginis smegen\u0173 lavinimas Kry\u017eiukai-nuliukai-nuliukai 36 vnt."}]},{"@type":"WebSite","@id":"https:\/\/kidsplay.lt\/#website","url":"https:\/\/kidsplay.lt\/","name":"B\u0113rnu sp\u0113les.lv","description":"\u012evairios prek\u0117s vaikams","publisher":{"@id":"https:\/\/kidsplay.lt\/#organization"},"alternateName":"Kidsplay","potentialAction":[{"@type":"SearchAction","target":{"@type":"EntryPoint","urlTemplate":"https:\/\/kidsplay.lt\/?s={search_term_string}"},"query-input":{"@type":"PropertyValueSpecification","valueRequired":true,"valueName":"search_term_string"}}],"inLanguage":"lv-LV"},{"@type":"Organization","@id":"https:\/\/kidsplay.lt\/#organization","name":"B\u0113rnu sp\u0113le","url":"https:\/\/kidsplay.lt\/","logo":{"@type":"ImageObject","inLanguage":"lv-LV","@id":"https:\/\/kidsplay.lt\/#\/schema\/logo\/image\/","url":"https:\/\/kidsplay.lt\/wp-content\/uploads\/2023\/07\/kidsplay-logo.png","contentUrl":"https:\/\/kidsplay.lt\/wp-content\/uploads\/2023\/07\/kidsplay-logo.png","width":451,"height":98,"caption":"KidsPlay"},"image":{"@id":"https:\/\/kidsplay.lt\/#\/schema\/logo\/image\/"},"sameAs":["https:\/\/www.facebook.com\/www.kidsplay.lt"]}]}},"_links":{"self":[{"href":"https:\/\/kidsplay.lt\/lv\/wp-json\/wp\/v2\/product\/76838","targetHints":{"allow":["GET"]}}],"collection":[{"href":"https:\/\/kidsplay.lt\/lv\/wp-json\/wp\/v2\/product"}],"about":[{"href":"https:\/\/kidsplay.lt\/lv\/wp-json\/wp\/v2\/types\/product"}],"version-history":[{"count":1,"href":"https:\/\/kidsplay.lt\/lv\/wp-json\/wp\/v2\/product\/76838\/revisions"}],"predecessor-version":[{"id":76839,"href":"https:\/\/kidsplay.lt\/lv\/wp-json\/wp\/v2\/product\/76838\/revisions\/76839"}],"wp:featuredmedia":[{"embeddable":true,"href":"https:\/\/kidsplay.lt\/lv\/wp-json\/wp\/v2\/media\/57659"}],"wp:attachment":[{"href":"https:\/\/kidsplay.lt\/lv\/wp-json\/wp\/v2\/media?parent=76838"}],"wp:term":[{"taxonomy":"product_brand","embeddable":true,"href":"https:\/\/kidsplay.lt\/lv\/wp-json\/wp\/v2\/product_brand?post=76838"},{"taxonomy":"product_cat","embeddable":true,"href":"https:\/\/kidsplay.lt\/lv\/wp-json\/wp\/v2\/product_cat?post=76838"},{"taxonomy":"product_tag","embeddable":true,"href":"https:\/\/kidsplay.lt\/lv\/wp-json\/wp\/v2\/product_tag?post=76838"}],"curies":[{"name":"wp","href":"https:\/\/api.w.org\/{rel}","templated":true}]}}