{"id":76840,"date":"2025-10-14T09:17:07","date_gmt":"2025-10-14T06:17:07","guid":{"rendered":"https:\/\/kidsplay.lt\/produktas\/woopie-mazojo-mados-dizainerio-aprangos-zaidimas\/"},"modified":"2026-03-30T19:57:30","modified_gmt":"2026-03-30T16:57:30","slug":"woopie-mazojo-mados-dizainerio-aprangos-zaidimas","status":"publish","type":"product","link":"https:\/\/kidsplay.lt\/lv\/products\/woopie-mazojo-mados-dizainerio-aprangos-zaidimas\/","title":{"rendered":"WOOPIE Ma\u017eojo mados dizainerio aprangos \u017eaidimas"},"content":{"rendered":"<p>\u201e Woopie\u00a0\u201c\u00a0\u017eaidimas\u00a0\u00a0\u201ePlan Your Outfit\u201c\u00a0\u2013 tai puikus pasirinkimas vaikams, kuriame\u00a0derinami linksmyb\u0117s\u00a0,\u00a0mokymosi\u00a0ir\u00a0loginiai i\u0161\u0161\u016bkiai\u00a0. \u0160is lavinamasis \u017eaidimas padeda vaikams lavinti analitinius \u012fg\u016bd\u017eius, k\u016brybi\u0161kum\u0105 ir geb\u0117jim\u0105 atskirti spalvas bei ra\u0161tus \u2013 visa tai smagiai ir \u012ftraukian\u010diai. Rinkinyje yra\u00a048 skirtingi i\u0161\u0161\u016bkiai\u00a0, suskirstyti \u012f tris sud\u0117tingumo lygius. Pradedate pasirinkdami model\u012f, nesvarbu, ar tai kat\u0117, begemotas, triu\u0161is, ar mielas dinozauras, o tada pradedate i\u0161\u0161\u016bk\u012f! J\u016bs\u0173 tikslas \u2013 suderinti pasirinkt\u0105 persona\u017e\u0105 su atitinkama apranga pagal u\u017eduoties gaires.\u00a0Kiekvienoje i\u0161\u0161\u016bkio kortel\u0117je yra skirtingas spalv\u0173 ir ra\u0161t\u0173 derinys\u00a0, kur\u012f reikia tiksliai atkurti. \u017daidimas ne tik labai smagus, bet ir\u00a0skatina login\u012f m\u0105stym\u0105, moko susikaupti ir planuoti\u00a0. \u012eveik\u0119s visus lygius, j\u016bs\u0173 ma\u017easis \u017eaid\u0117jas gali did\u017eiuotis gal\u0117damas vadintis vaik\u0173 mados meistru!<\/p>\n<p>Rakstur\u012bgs:<\/p>\n<p> \t&#8211; \u017daislas nuo\u00a03 met\u0173 am\u017eiaus<br \/>\n \t&#8211;\u00a0Rinkin\u012f\u00a0sudaro\u00a0: \u017eaidimo stovas, 4 \u0161ablonai, 18 korteli\u0173 su ra\u0161tais ir knygel\u0117 su u\u017eduotimis<br \/>\n \t&#8211; \u017daislas yra d\u0117\u017eut\u0117je, puikiai tinkan\u010dioje dovanai<br \/>\n \t&#8211; Suteikia pramog\u0173 ir kartu remia\u00a0intelektualin\u012f vystym\u0105si<\/p>\n<p>\u017daidimo taisykl\u0117s:<\/p>\n<p> \tAtsitiktinai pasirinkite i\u0161\u0161\u016bkio kortel\u0119 ir tinkam\u0105 model\u012f \u2013 kat\u0119, begemot\u0105, triu\u0161\u012f arba dinozaur\u0105<br \/>\n \tAtid\u017eiai pa\u017ei\u016br\u0117kite \u012f i\u0161\u0161\u016bkio kortel\u0119, analizuodami aprangos ra\u0161t\u0105 ir spalvas.<br \/>\n \tPasirinkite tinkamas drabu\u017ei\u0173 korteles ir i\u0161d\u0117liokite jas ant stovo taip, kad tiksliai atkartot\u0173 i\u0161\u0161\u016bkio kortel\u0117je esan\u010di\u0105 aprang\u0105.<br \/>\n \tLavinkite savo \u012fg\u016bd\u017eius \u012fveikdami visus 48 i\u0161\u0161\u016bkius \u2013 nuo \u200b\u200blengv\u0173 iki sud\u0117ting\u0173<\/p>\n<p>Rota\u013clieta att\u012bst\u0101s:<\/p>\n<p> \t&#8211;\u00a0Logika\u00a0\u2013 korteli\u0173 i\u0161d\u0117stymas teisinga tvarka platformoje moko vaikus orientuotis erdv\u0117je ir suprasti, kaip atskiri elementai veikia kartu<br \/>\n \t&#8211;\u00a0K\u016brybi\u0161kumas\u00a0\u2013\u00a0spr\u0119sdamas v\u0117lesnes u\u017eduotis, vaikas \u012fgyja pasitik\u0117jimo priimdamas sprendimus ir siekia tikslo<br \/>\n \t&#8211; Geb\u0117jimas susikaupti\u00a0\u2013 kiekviename lygyje reikia susikaupti, kad b\u016bt\u0173 galima tinkamai i\u0161analizuoti ra\u0161tus ir spalvas bei kruop\u0161\u010diai atkurti aprang\u0105<br \/>\n \t&#8211; Ra\u0161t\u0173 ir spalv\u0173 suvokimas\u00a0&#8211; \u017eaidimas moko vaikus atskirti formas, spalvas ir ra\u0161tus<\/p>","protected":false},"excerpt":{"rendered":"<p>\u201e Woopie\u00a0\u201c\u00a0\u017eaidimas\u00a0\u00a0\u201ePlan Your Outfit\u201c\u00a0\u2013 tai puikus pasirinkimas vaikams, kuriame\u00a0derinami linksmyb\u0117s\u00a0,\u00a0mokymosi\u00a0ir\u00a0loginiai i\u0161\u0161\u016bkiai\u00a0. \u0160is lavinamasis \u017eaidimas padeda vaikams lavinti analitinius \u012fg\u016bd\u017eius, k\u016brybi\u0161kum\u0105<\/p>","protected":false},"featured_media":76842,"template":"","meta":{"_acf_changed":false,"_glsr_average":0,"_glsr_ranking":0,"_glsr_reviews":0},"product_brand":[],"product_cat":[445,229],"product_tag":[],"class_list":{"0":"post-76840","1":"product","2":"type-product","3":"status-publish","4":"has-post-thumbnail","6":"product_cat-stalo-zaidimai","7":"product_cat-zaislai-vaikams","8":"\"style=\"background-color: #2ecc711c;\"","10":"first","11":"outofstock","12":"purchasable","13":"product-type-simple"},"acf":[],"yoast_head":"<!-- This site is optimized with the Yoast SEO plugin v27.3 - https:\/\/yoast.com\/product\/yoast-seo-wordpress\/ -->\n<title>WOOPIE Ma\u017eojo mados dizainerio aprangos \u017eaidimas<\/title>\n<meta name=\"description\" content=\"WOOPIE Ma\u017eojo mados dizainerio aprangos \u017eaidimas - KidsPlay. Did\u017eiausias vaik\u0173 \u017eaisl\u0173 pasirinkimas.\" \/>\n<meta name=\"robots\" content=\"index, follow, max-snippet:-1, max-image-preview:large, max-video-preview:-1\" \/>\n<link rel=\"canonical\" href=\"https:\/\/kidsplay.lt\/lv\/products\/woopie-mazojo-mados-dizainerio-aprangos-zaidimas\/\" \/>\n<meta property=\"og:locale\" content=\"lv_LV\" \/>\n<meta property=\"og:type\" content=\"article\" \/>\n<meta property=\"og:title\" content=\"WOOPIE Ma\u017eojo mados dizainerio aprangos \u017eaidimas\" \/>\n<meta property=\"og:description\" content=\"WOOPIE Ma\u017eojo mados dizainerio aprangos \u017eaidimas - KidsPlay. Did\u017eiausias vaik\u0173 \u017eaisl\u0173 pasirinkimas.\" \/>\n<meta property=\"og:url\" content=\"https:\/\/kidsplay.lt\/lv\/products\/woopie-mazojo-mados-dizainerio-aprangos-zaidimas\/\" \/>\n<meta property=\"og:site_name\" content=\"KidsPlay\" \/>\n<meta property=\"article:publisher\" content=\"https:\/\/www.facebook.com\/www.kidsplay.lt\" \/>\n<meta property=\"article:modified_time\" content=\"2026-03-30T16:57:30+00:00\" \/>\n<meta property=\"og:image\" content=\"https:\/\/kidsplay.lt\/wp-content\/uploads\/2025\/10\/WOOPIE-Mazojo-mados-dizainerio-aprangos-zaidimas.jpg\" \/>\n\t<meta property=\"og:image:width\" content=\"2560\" \/>\n\t<meta property=\"og:image:height\" content=\"2560\" \/>\n\t<meta property=\"og:image:type\" content=\"image\/jpeg\" \/>\n<meta name=\"twitter:card\" content=\"summary_large_image\" \/>\n<meta name=\"twitter:label1\" content=\"Est. reading time\" \/>\n\t<meta name=\"twitter:data1\" content=\"2 min\u016btes\" \/>\n<script type=\"application\/ld+json\" class=\"yoast-schema-graph\">{\"@context\":\"https:\\\/\\\/schema.org\",\"@graph\":[{\"@type\":\"WebPage\",\"@id\":\"https:\\\/\\\/kidsplay.lt\\\/produktas\\\/woopie-mazojo-mados-dizainerio-aprangos-zaidimas\\\/\",\"url\":\"https:\\\/\\\/kidsplay.lt\\\/produktas\\\/woopie-mazojo-mados-dizainerio-aprangos-zaidimas\\\/\",\"name\":\"WOOPIE Ma\u017eojo mados dizainerio aprangos \u017eaidimas\",\"isPartOf\":{\"@id\":\"https:\\\/\\\/kidsplay.lt\\\/#website\"},\"primaryImageOfPage\":{\"@id\":\"https:\\\/\\\/kidsplay.lt\\\/produktas\\\/woopie-mazojo-mados-dizainerio-aprangos-zaidimas\\\/#primaryimage\"},\"image\":{\"@id\":\"https:\\\/\\\/kidsplay.lt\\\/produktas\\\/woopie-mazojo-mados-dizainerio-aprangos-zaidimas\\\/#primaryimage\"},\"thumbnailUrl\":\"https:\\\/\\\/kidsplay.lt\\\/wp-content\\\/uploads\\\/2025\\\/10\\\/WOOPIE-Mazojo-mados-dizainerio-aprangos-zaidimas.jpg\",\"datePublished\":\"2025-10-14T06:17:07+00:00\",\"dateModified\":\"2026-03-30T16:57:30+00:00\",\"description\":\"WOOPIE Ma\u017eojo mados dizainerio aprangos \u017eaidimas - KidsPlay. Did\u017eiausias vaik\u0173 \u017eaisl\u0173 pasirinkimas.\",\"breadcrumb\":{\"@id\":\"https:\\\/\\\/kidsplay.lt\\\/produktas\\\/woopie-mazojo-mados-dizainerio-aprangos-zaidimas\\\/#breadcrumb\"},\"inLanguage\":\"lv-LV\",\"potentialAction\":[{\"@type\":\"ReadAction\",\"target\":[\"https:\\\/\\\/kidsplay.lt\\\/produktas\\\/woopie-mazojo-mados-dizainerio-aprangos-zaidimas\\\/\"]}]},{\"@type\":\"ImageObject\",\"inLanguage\":\"lv-LV\",\"@id\":\"https:\\\/\\\/kidsplay.lt\\\/produktas\\\/woopie-mazojo-mados-dizainerio-aprangos-zaidimas\\\/#primaryimage\",\"url\":\"https:\\\/\\\/kidsplay.lt\\\/wp-content\\\/uploads\\\/2025\\\/10\\\/WOOPIE-Mazojo-mados-dizainerio-aprangos-zaidimas.jpg\",\"contentUrl\":\"https:\\\/\\\/kidsplay.lt\\\/wp-content\\\/uploads\\\/2025\\\/10\\\/WOOPIE-Mazojo-mados-dizainerio-aprangos-zaidimas.jpg\",\"width\":2560,\"height\":2560,\"caption\":\"WOOPIE Ma\u017eojo mados dizainerio aprangos \u017eaidimas\"},{\"@type\":\"BreadcrumbList\",\"@id\":\"https:\\\/\\\/kidsplay.lt\\\/produktas\\\/woopie-mazojo-mados-dizainerio-aprangos-zaidimas\\\/#breadcrumb\",\"itemListElement\":[{\"@type\":\"ListItem\",\"position\":1,\"name\":\"Pagrindinis\",\"item\":\"https:\\\/\\\/kidsplay.lt\\\/\"},{\"@type\":\"ListItem\",\"position\":2,\"name\":\"Parduotuv\u0117\",\"item\":\"https:\\\/\\\/kidsplay.lt\\\/parduotuve\\\/\"},{\"@type\":\"ListItem\",\"position\":3,\"name\":\"WOOPIE Ma\u017eojo mados dizainerio aprangos \u017eaidimas\"}]},{\"@type\":\"WebSite\",\"@id\":\"https:\\\/\\\/kidsplay.lt\\\/#website\",\"url\":\"https:\\\/\\\/kidsplay.lt\\\/\",\"name\":\"Kidsplay.lt\",\"description\":\"\u012evairios prek\u0117s vaikams\",\"publisher\":{\"@id\":\"https:\\\/\\\/kidsplay.lt\\\/#organization\"},\"alternateName\":\"Kidsplay\",\"potentialAction\":[{\"@type\":\"SearchAction\",\"target\":{\"@type\":\"EntryPoint\",\"urlTemplate\":\"https:\\\/\\\/kidsplay.lt\\\/?s={search_term_string}\"},\"query-input\":{\"@type\":\"PropertyValueSpecification\",\"valueRequired\":true,\"valueName\":\"search_term_string\"}}],\"inLanguage\":\"lv-LV\"},{\"@type\":\"Organization\",\"@id\":\"https:\\\/\\\/kidsplay.lt\\\/#organization\",\"name\":\"KidsPlay\",\"url\":\"https:\\\/\\\/kidsplay.lt\\\/\",\"logo\":{\"@type\":\"ImageObject\",\"inLanguage\":\"lv-LV\",\"@id\":\"https:\\\/\\\/kidsplay.lt\\\/#\\\/schema\\\/logo\\\/image\\\/\",\"url\":\"https:\\\/\\\/kidsplay.lt\\\/wp-content\\\/uploads\\\/2023\\\/07\\\/kidsplay-logo.png\",\"contentUrl\":\"https:\\\/\\\/kidsplay.lt\\\/wp-content\\\/uploads\\\/2023\\\/07\\\/kidsplay-logo.png\",\"width\":451,\"height\":98,\"caption\":\"KidsPlay\"},\"image\":{\"@id\":\"https:\\\/\\\/kidsplay.lt\\\/#\\\/schema\\\/logo\\\/image\\\/\"},\"sameAs\":[\"https:\\\/\\\/www.facebook.com\\\/www.kidsplay.lt\"]}]}<\/script>\n<!-- \/ Yoast SEO plugin. -->","yoast_head_json":{"title":"WOOPIE Ma\u017eojo mados dizainerio aprangos \u017eaidimas","description":"WOOPIE Ma\u017eojo mados dizainerio aprangos \u017eaidimas - KidsPlay. Did\u017eiausias vaik\u0173 \u017eaisl\u0173 pasirinkimas.","robots":{"index":"index","follow":"follow","max-snippet":"max-snippet:-1","max-image-preview":"max-image-preview:large","max-video-preview":"max-video-preview:-1"},"canonical":"https:\/\/kidsplay.lt\/lv\/products\/woopie-mazojo-mados-dizainerio-aprangos-zaidimas\/","og_locale":"lv_LV","og_type":"article","og_title":"WOOPIE Ma\u017eojo mados dizainerio aprangos \u017eaidimas","og_description":"WOOPIE Ma\u017eojo mados dizainerio aprangos \u017eaidimas - KidsPlay. Did\u017eiausias vaik\u0173 \u017eaisl\u0173 pasirinkimas.","og_url":"https:\/\/kidsplay.lt\/lv\/products\/woopie-mazojo-mados-dizainerio-aprangos-zaidimas\/","og_site_name":"KidsPlay","article_publisher":"https:\/\/www.facebook.com\/www.kidsplay.lt","article_modified_time":"2026-03-30T16:57:30+00:00","og_image":[{"width":2560,"height":2560,"url":"https:\/\/kidsplay.lt\/wp-content\/uploads\/2025\/10\/WOOPIE-Mazojo-mados-dizainerio-aprangos-zaidimas.jpg","type":"image\/jpeg"}],"twitter_card":"summary_large_image","twitter_misc":{"Est. reading time":"2 min\u016btes"},"schema":{"@context":"https:\/\/schema.org","@graph":[{"@type":"WebPage","@id":"https:\/\/kidsplay.lt\/produktas\/woopie-mazojo-mados-dizainerio-aprangos-zaidimas\/","url":"https:\/\/kidsplay.lt\/produktas\/woopie-mazojo-mados-dizainerio-aprangos-zaidimas\/","name":"WOOPIE Ma\u017eojo mados dizainerio aprangos \u017eaidimas","isPartOf":{"@id":"https:\/\/kidsplay.lt\/#website"},"primaryImageOfPage":{"@id":"https:\/\/kidsplay.lt\/produktas\/woopie-mazojo-mados-dizainerio-aprangos-zaidimas\/#primaryimage"},"image":{"@id":"https:\/\/kidsplay.lt\/produktas\/woopie-mazojo-mados-dizainerio-aprangos-zaidimas\/#primaryimage"},"thumbnailUrl":"https:\/\/kidsplay.lt\/wp-content\/uploads\/2025\/10\/WOOPIE-Mazojo-mados-dizainerio-aprangos-zaidimas.jpg","datePublished":"2025-10-14T06:17:07+00:00","dateModified":"2026-03-30T16:57:30+00:00","description":"WOOPIE Ma\u017eojo mados dizainerio aprangos \u017eaidimas - KidsPlay. Did\u017eiausias vaik\u0173 \u017eaisl\u0173 pasirinkimas.","breadcrumb":{"@id":"https:\/\/kidsplay.lt\/produktas\/woopie-mazojo-mados-dizainerio-aprangos-zaidimas\/#breadcrumb"},"inLanguage":"lv-LV","potentialAction":[{"@type":"ReadAction","target":["https:\/\/kidsplay.lt\/produktas\/woopie-mazojo-mados-dizainerio-aprangos-zaidimas\/"]}]},{"@type":"ImageObject","inLanguage":"lv-LV","@id":"https:\/\/kidsplay.lt\/produktas\/woopie-mazojo-mados-dizainerio-aprangos-zaidimas\/#primaryimage","url":"https:\/\/kidsplay.lt\/wp-content\/uploads\/2025\/10\/WOOPIE-Mazojo-mados-dizainerio-aprangos-zaidimas.jpg","contentUrl":"https:\/\/kidsplay.lt\/wp-content\/uploads\/2025\/10\/WOOPIE-Mazojo-mados-dizainerio-aprangos-zaidimas.jpg","width":2560,"height":2560,"caption":"WOOPIE Ma\u017eojo mados dizainerio aprangos \u017eaidimas"},{"@type":"BreadcrumbList","@id":"https:\/\/kidsplay.lt\/produktas\/woopie-mazojo-mados-dizainerio-aprangos-zaidimas\/#breadcrumb","itemListElement":[{"@type":"ListItem","position":1,"name":"Pagrindinis","item":"https:\/\/kidsplay.lt\/"},{"@type":"ListItem","position":2,"name":"Parduotuv\u0117","item":"https:\/\/kidsplay.lt\/parduotuve\/"},{"@type":"ListItem","position":3,"name":"WOOPIE Ma\u017eojo mados dizainerio aprangos \u017eaidimas"}]},{"@type":"WebSite","@id":"https:\/\/kidsplay.lt\/#website","url":"https:\/\/kidsplay.lt\/","name":"B\u0113rnu sp\u0113les.lv","description":"\u012evairios prek\u0117s vaikams","publisher":{"@id":"https:\/\/kidsplay.lt\/#organization"},"alternateName":"Kidsplay","potentialAction":[{"@type":"SearchAction","target":{"@type":"EntryPoint","urlTemplate":"https:\/\/kidsplay.lt\/?s={search_term_string}"},"query-input":{"@type":"PropertyValueSpecification","valueRequired":true,"valueName":"search_term_string"}}],"inLanguage":"lv-LV"},{"@type":"Organization","@id":"https:\/\/kidsplay.lt\/#organization","name":"B\u0113rnu sp\u0113le","url":"https:\/\/kidsplay.lt\/","logo":{"@type":"ImageObject","inLanguage":"lv-LV","@id":"https:\/\/kidsplay.lt\/#\/schema\/logo\/image\/","url":"https:\/\/kidsplay.lt\/wp-content\/uploads\/2023\/07\/kidsplay-logo.png","contentUrl":"https:\/\/kidsplay.lt\/wp-content\/uploads\/2023\/07\/kidsplay-logo.png","width":451,"height":98,"caption":"KidsPlay"},"image":{"@id":"https:\/\/kidsplay.lt\/#\/schema\/logo\/image\/"},"sameAs":["https:\/\/www.facebook.com\/www.kidsplay.lt"]}]}},"_links":{"self":[{"href":"https:\/\/kidsplay.lt\/lv\/wp-json\/wp\/v2\/product\/76840","targetHints":{"allow":["GET"]}}],"collection":[{"href":"https:\/\/kidsplay.lt\/lv\/wp-json\/wp\/v2\/product"}],"about":[{"href":"https:\/\/kidsplay.lt\/lv\/wp-json\/wp\/v2\/types\/product"}],"version-history":[{"count":1,"href":"https:\/\/kidsplay.lt\/lv\/wp-json\/wp\/v2\/product\/76840\/revisions"}],"predecessor-version":[{"id":76841,"href":"https:\/\/kidsplay.lt\/lv\/wp-json\/wp\/v2\/product\/76840\/revisions\/76841"}],"wp:featuredmedia":[{"embeddable":true,"href":"https:\/\/kidsplay.lt\/lv\/wp-json\/wp\/v2\/media\/76842"}],"wp:attachment":[{"href":"https:\/\/kidsplay.lt\/lv\/wp-json\/wp\/v2\/media?parent=76840"}],"wp:term":[{"taxonomy":"product_brand","embeddable":true,"href":"https:\/\/kidsplay.lt\/lv\/wp-json\/wp\/v2\/product_brand?post=76840"},{"taxonomy":"product_cat","embeddable":true,"href":"https:\/\/kidsplay.lt\/lv\/wp-json\/wp\/v2\/product_cat?post=76840"},{"taxonomy":"product_tag","embeddable":true,"href":"https:\/\/kidsplay.lt\/lv\/wp-json\/wp\/v2\/product_tag?post=76840"}],"curies":[{"name":"wp","href":"https:\/\/api.w.org\/{rel}","templated":true}]}}