{"id":76922,"date":"2025-10-14T21:43:06","date_gmt":"2025-10-14T18:43:06","guid":{"rendered":"https:\/\/kidsplay.lt\/?post_type=product&#038;p=76922"},"modified":"2025-12-30T06:08:25","modified_gmt":"2025-12-30T04:08:25","slug":"rc-automobilis-su-wifi-kamera","status":"publish","type":"product","link":"https:\/\/kidsplay.lt\/lv\/products\/rc-automobilis-su-wifi-kamera\/","title":{"rendered":"RC automobilis su Wifi kamera"},"content":{"rendered":"<div class=\"mpof_ki myre_zn myre_8v_l m389_6m_l\">\n<div class=\"mp4t_16_s mryx_16_s mr3m_1 mli2_1 mh85_56 mh85_0_l\">\n<div class=\"mgn2_16 _0d3bd_am0a-\">\n<h1><span dir=\"auto\">AUTOMOBILIS SU WIFI KAMERA, TIESIOGINIO VAIZDO FUNKCIJA, MONSTRINIS BEKEL\u0116S AUTOMOBILIS + NUOTOLINIO VALDYMO PULTAS<\/span><\/h1>\n<\/div>\n<\/div>\n<\/div>\n<div class=\"mpof_ki myre_zn myre_8v_l m389_6m_l\">\n<div class=\"mp4t_16_s mryx_16_s mr3m_1 mli2_1 mh85_56 mh85_0_l\">\n<div class=\"mgn2_16 _0d3bd_am0a-\">\n<h2><span dir=\"auto\">Nuotoliniu b\u016bdu valdomas visureigis ROCK CRAWLER su WiFi kamera<\/span><\/h2>\n<p><b><span dir=\"auto\">\u0160is automobilis puikiai tinka pramogoms bekel\u0117je. Niekas negali jo sustabdyti!<\/span><\/b><\/p>\n<p><b><span dir=\"auto\">Puiki dovanos id\u0117ja visiems berniukams!<\/span><\/b><\/p>\n<h2><span dir=\"auto\">Rakstur\u012bgs:<\/span><\/h2>\n<ul>\n<li><b><span dir=\"auto\">\u201eWi-Fi\u201c kamera su telefono per\u017ei\u016bra<\/span><\/b><\/li>\n<li><b><span dir=\"auto\">Galimyb\u0117 fotografuoti ir filmuoti<\/span><\/b><\/li>\n<li><span dir=\"auto\">Auk\u0161tos kokyb\u0117s meistri\u0161kumas<\/span><\/li>\n<li><span dir=\"auto\">Dideli ratai<\/span><\/li>\n<li><span dir=\"auto\">Gumin\u0117s padangos<\/span><\/li>\n<li><span dir=\"auto\">Amortizatoriai<\/span><\/li>\n<li><span dir=\"auto\">Jis va\u017eiuoja pirmyn, atgal ir sukasi<\/span><\/li>\n<li><span dir=\"auto\">Da\u017enis: 2,4 GHz<\/span><\/li>\n<li><span dir=\"auto\">Puiki pramoga<\/span><\/li>\n<\/ul>\n<\/div>\n<\/div>\n<div class=\"mp4t_16_s mryx_16_s mr3m_1 mli2_1 mh85_56 mh85_0_l\">\n<div class=\"mg9e_8 mj7a_8 mg9e_0_s mvrt_0_s mj7a_0_s mh36_0_s mzmg_6m munh_16_l m3h2_16_l\">\n<div class=\"mp4t_0 mryx_0 munh_56 m3h2_56\">\n<div class=\"mp7g_oh\"><button class=\"mg9e_0 mvrt_0 mj7a_0 mh36_0 mp4t_0 m3h2_0 mryx_0 munh_0 mqen_m6 mpof_z0 mx7m_0 m7er_k4 mse2_k4 msts_pt\" data-analytics-interaction=\"true\" data-analytics-interaction-label=\"zoomable-image-open\" aria-disabled=\"true\"><img decoding=\"async\" class=\"msub_k4 mupj_5k mjru_k4 mse2_k4 mp7g_f6 mq1m_0 mj7u_0 m7er_k4 mqen_m6 m31c_d8 m0ux_fp lazyloaded\" src=\"https:\/\/a.allegroimg.com\/original\/115176\/937ad20b42a8a942029a6b26566f\/AUTO-Z-KAMERA-WiFi-PODGLAD-NA-ZYWO-SAMOCHOD-TERENOWY-MONSTER-PILOT\" sizes=\"(min-width: 1200px) 560px, (min-width: 992px) 50vw, 100vw\" srcset=\"https:\/\/a.allegroimg.com\/s360\/115176\/937ad20b42a8a942029a6b26566f\/AUTO-Z-KAMERA-WiFi-PODGLAD-NA-ZYWO-SAMOCHOD-TERENOWY-MONSTER-PILOT 360w,https:\/\/a.allegroimg.com\/s720\/115176\/937ad20b42a8a942029a6b26566f\/AUTO-Z-KAMERA-WiFi-PODGLAD-NA-ZYWO-SAMOCHOD-TERENOWY-MONSTER-PILOT 720w,https:\/\/a.allegroimg.com\/s1024\/115176\/937ad20b42a8a942029a6b26566f\/AUTO-Z-KAMERA-WiFi-PODGLAD-NA-ZYWO-SAMOCHOD-TERENOWY-MONSTER-PILOT 850w,https:\/\/a.allegroimg.com\/original\/115176\/937ad20b42a8a942029a6b26566f\/AUTO-Z-KAMERA-WiFi-PODGLAD-NA-ZYWO-SAMOCHOD-TERENOWY-MONSTER-PILOT 850w\" alt=\"AUTOMOBILIS SU WIFI KAMERA, TIESIOGINIO VAIZDO FUNKCIJA, MONSTRINIS BEKEL\u0116S AUTOMOBILIS + NUOTOLINIO VALDYMO PULTAS\" width=\"850px\" data-srcset=\"\" \/><\/button><\/div>\n<\/div>\n<\/div>\n<\/div>\n<\/div>\n<div class=\"mpof_ki myre_zn myre_8v_l m389_6m_l\">\n<div class=\"mp4t_16_s mryx_16_s mr3m_1 mli2_1 mh85_56 mh85_0_l\">\n<div class=\"mgn2_16 _0d3bd_am0a-\">\n<h2><span dir=\"auto\">Steb\u0117jimas realiuoju laiku per \u201eWi-Fi\u201c<\/span><\/h2>\n<p><span dir=\"auto\">Automobilyje \u012frengta 720P HD kamera, kuri leid\u017eia per\u017ei\u016br\u0117ti tikrai puikios kokyb\u0117s vaizd\u0105!<\/span><\/p>\n<p><span dir=\"auto\">Jums tereikia i\u0161maniojo telefono su \u201eWi-Fi\u201c.\u00a0<\/span><b><span dir=\"auto\">Nemokama speciali program\u0117l\u0117<\/span><\/b><span dir=\"auto\">\u00a0leid\u017eia\u00a0<\/span><b><span dir=\"auto\">per\u017ei\u016br\u0117ti tiesiogin\u012f vaizdo \u012fra\u0161\u0105, i\u0161saugoti nuotraukas ir \u012fra\u0161us i\u0161maniajame telefone<\/span><\/b><span dir=\"auto\">\u00a0ir netgi\u00a0<\/span><b><span dir=\"auto\">valdyti transporto priemon\u0119 naudojant i\u0161man\u0173j\u012f telefon\u0105<\/span><\/b><span dir=\"auto\">\u00a0!<\/span><\/p>\n<p><span dir=\"auto\">Program\u0117l\u0117 suderinama su \u201eAndroid\u201c ir \u201eiOS\u201c sistemomis.<\/span><\/p>\n<p><span dir=\"auto\">\u201eWifi\u201c nuotolinio valdymo pulto ir valdymo atstumas yra apie 30 metr\u0173.<\/span><\/p>\n<\/div>\n<\/div>\n<div class=\"mp4t_16_s mryx_16_s mr3m_1 mli2_1 mh85_56 mh85_0_l\">\n<div class=\"mg9e_8 mj7a_8 mg9e_0_s mvrt_0_s mj7a_0_s mh36_0_s mzmg_6m munh_16_l m3h2_16_l\">\n<div class=\"mp4t_0 mryx_0 munh_56 m3h2_56\">\n<div class=\"mp7g_oh\"><button class=\"mg9e_0 mvrt_0 mj7a_0 mh36_0 mp4t_0 m3h2_0 mryx_0 munh_0 mqen_m6 mpof_z0 mx7m_0 m7er_k4 mse2_k4 msts_pt\" data-analytics-interaction=\"true\" data-analytics-interaction-label=\"zoomable-image-open\" aria-disabled=\"true\"><img decoding=\"async\" class=\"msub_k4 mupj_5k mjru_k4 mse2_k4 mp7g_f6 mq1m_0 mj7u_0 m7er_k4 mqen_m6 m31c_d8 m0ux_fp lazyloaded\" src=\"https:\/\/a.allegroimg.com\/original\/114ef8\/fd3f009b461195794c77c5d6192b\/AUTO-Z-KAMERA-WiFi-PODGLAD-NA-ZYWO-SAMOCHOD-TERENOWY-MONSTER-PILOT-Marka-click4TOYS\" sizes=\"(min-width: 1200px) 560px, (min-width: 992px) 50vw, 100vw\" srcset=\"https:\/\/a.allegroimg.com\/s360\/114ef8\/fd3f009b461195794c77c5d6192b\/AUTO-Z-KAMERA-WiFi-PODGLAD-NA-ZYWO-SAMOCHOD-TERENOWY-MONSTER-PILOT-Marka-click4TOYS 360w,https:\/\/a.allegroimg.com\/s720\/114ef8\/fd3f009b461195794c77c5d6192b\/AUTO-Z-KAMERA-WiFi-PODGLAD-NA-ZYWO-SAMOCHOD-TERENOWY-MONSTER-PILOT-Marka-click4TOYS 653w,https:\/\/a.allegroimg.com\/original\/114ef8\/fd3f009b461195794c77c5d6192b\/AUTO-Z-KAMERA-WiFi-PODGLAD-NA-ZYWO-SAMOCHOD-TERENOWY-MONSTER-PILOT-Marka-click4TOYS 653w\" alt=\"AUTOMOBILIS SU WIFI KAMERA, TIESIOGINIO VAIZDO MONSTRAS, BEKEL\u0116S AUTOMOBILIS + NUOTOLINIO VALDYMO PULTAS. Gamintojas click4TOYS\" width=\"653px\" data-srcset=\"\" \/><\/button><\/div>\n<\/div>\n<\/div>\n<\/div>\n<\/div>\n<div class=\"mpof_ki myre_zn myre_8v_l m389_6m_l\">\n<div class=\"mp4t_16_s mryx_16_s mr3m_1 mli2_1 mh85_56 mh85_0_l\">\n<div class=\"mgn2_16 _0d3bd_am0a-\">\n<h2><span dir=\"auto\">Profesionalus, patogus nuotolinio valdymo pultas<\/span><\/h2>\n<p><span dir=\"auto\">Jei kada nors vairavote profesional\u0173 automobil\u012f, \u017einote, kad\u00a0<\/span><b><span dir=\"auto\">tokio tipo nuotolinio valdymo pultas leid\u017eia maksimaliai padidinti vairavimo malonum\u0105.<\/span><\/b><span dir=\"auto\">\u00a0Tikslus vairavimas ir \u017eaibi\u0161kas reagavimas u\u017etikrina visi\u0161k\u0105 automobilio valdym\u0105.<\/span><\/p>\n<p><span dir=\"auto\">Be to, nuotolinio valdymo pultas turi special\u0173 telefono laikikl\u012f, kad\u00a0<\/span><b><span dir=\"auto\">gal\u0117tum\u0117te steb\u0117ti tiesiogin\u012f<\/span><\/b><span dir=\"auto\">\u00a0vaizd\u0105 i\u0161 transporto priemon\u0117s kameros, fotografuoti ir net \u012fra\u0161yti!<\/span><\/p>\n<h2><span dir=\"auto\">D\u0117mesys vystymuisi<\/span><\/h2>\n<p><span dir=\"auto\">Automobilis derina funkcionalum\u0105 su \u012fdomiu dizainu, pritraukdamas tiek vaik\u0173, tiek suaugusi\u0173j\u0173 d\u0117mes\u012f. Be to, kad teikia puikias pramogas,\u00a0<\/span><b><span dir=\"auto\">jis taip pat lavina rank\u0173 miklum\u0105 ir aki\u0173 bei rank\u0173 koordinacij\u0105.<\/span><\/b><\/p>\n<\/div>\n<\/div>\n<div class=\"mp4t_16_s mryx_16_s mr3m_1 mli2_1 mh85_56 mh85_0_l\">\n<div class=\"mg9e_8 mj7a_8 mg9e_0_s mvrt_0_s mj7a_0_s mh36_0_s mzmg_6m munh_16_l m3h2_16_l\">\n<div class=\"mp4t_0 mryx_0 munh_56 m3h2_56\">\n<div class=\"mp7g_oh\"><button class=\"mg9e_0 mvrt_0 mj7a_0 mh36_0 mp4t_0 m3h2_0 mryx_0 munh_0 mqen_m6 mpof_z0 mx7m_0 m7er_k4 mse2_k4 msts_pt\" data-analytics-interaction=\"true\" data-analytics-interaction-label=\"zoomable-image-open\" aria-disabled=\"true\"><img decoding=\"async\" class=\"msub_k4 mupj_5k mjru_k4 mse2_k4 mp7g_f6 mq1m_0 mj7u_0 m7er_k4 mqen_m6 m31c_d8 m0ux_fp lazyloaded\" src=\"https:\/\/a.allegroimg.com\/original\/1174cb\/8cf7c6d84aea92f64a342a193aee\/AUTO-Z-KAMERA-WiFi-PODGLAD-NA-ZYWO-SAMOCHOD-TERENOWY-MONSTER-PILOT-EAN-GTIN-5903772582475\" sizes=\"(min-width: 1200px) 560px, (min-width: 992px) 50vw, 100vw\" srcset=\"https:\/\/a.allegroimg.com\/s360\/1174cb\/8cf7c6d84aea92f64a342a193aee\/AUTO-Z-KAMERA-WiFi-PODGLAD-NA-ZYWO-SAMOCHOD-TERENOWY-MONSTER-PILOT-EAN-GTIN-5903772582475 360w,https:\/\/a.allegroimg.com\/s720\/1174cb\/8cf7c6d84aea92f64a342a193aee\/AUTO-Z-KAMERA-WiFi-PODGLAD-NA-ZYWO-SAMOCHOD-TERENOWY-MONSTER-PILOT-EAN-GTIN-5903772582475 720w,https:\/\/a.allegroimg.com\/s1024\/1174cb\/8cf7c6d84aea92f64a342a193aee\/AUTO-Z-KAMERA-WiFi-PODGLAD-NA-ZYWO-SAMOCHOD-TERENOWY-MONSTER-PILOT-EAN-GTIN-5903772582475 800w,https:\/\/a.allegroimg.com\/original\/1174cb\/8cf7c6d84aea92f64a342a193aee\/AUTO-Z-KAMERA-WiFi-PODGLAD-NA-ZYWO-SAMOCHOD-TERENOWY-MONSTER-PILOT-EAN-GTIN-5903772582475 800w\" alt=\"AUTOMOBILIS SU WIFI KAMERA, TIESIOGINIO VAIZDO FUNKCIJA, MONSTER BEKEL\u0116S AUTOMOBILIS + NUOTOLINIO VALDYMO PULTAS EAN (GTIN) 5903772582475\" width=\"800px\" data-srcset=\"\" \/><\/button><\/div>\n<\/div>\n<\/div>\n<\/div>\n<\/div>\n<div class=\"mpof_ki myre_zn myre_8v_l m389_6m_l\">\n<div class=\"mp4t_16_s mryx_16_s mr3m_1 mli2_1 mh85_56 mh85_0_l\">\n<div class=\"mgn2_16 _0d3bd_am0a-\">\n<h2><span dir=\"auto\">Tvirta konstrukcija<\/span><\/h2>\n<p><span dir=\"auto\">Automobilis pagamintas i\u0161 auk\u0161\u010diausios kokyb\u0117s ir itin patvari\u0173 med\u017eiag\u0173, tod\u0117l yra\u00a0<\/span><b><span dir=\"auto\">atsparus sm\u016bgiams<\/span><\/b><span dir=\"auto\">\u00a0. Priekinis bamperis u\u017etikrina saugum\u0105 ekstremalesnio vairavimo metu.<\/span><\/p>\n<p><span dir=\"auto\">Be to, modelis neturi joki\u0173 nelygum\u0173 ar a\u0161tri\u0173 briaun\u0173 \u2013\u00a0<\/span><b><span dir=\"auto\">jis idealiai tinka vaikams \u017eaisti<\/span><\/b><span dir=\"auto\">\u00a0.<\/span><\/p>\n<h2><span dir=\"auto\">\u012esp\u016bdingi ratai<\/span><\/h2>\n<p><span dir=\"auto\">Automobilis valdomas ne\u012ftik\u0117tinai skland\u017eiai. Sklandus ir malonus va\u017eiavimas pasiekiamas specialiai suprojektuot\u0173 rat\u0173 d\u0117ka.\u00a0<\/span><b><span dir=\"auto\">Pla\u010dios gumin\u0117s padangos<\/span><\/b><span dir=\"auto\">\u00a0u\u017etikrina puik\u0173 sukibim\u0105 ir tinka bet kokiam reljefui.<\/span><\/p>\n<p><span dir=\"auto\">Automobilyje taip pat yra\u00a0<\/span><b><span dir=\"auto\">amortizatoriai<\/span><\/b><span dir=\"auto\">\u00a0, kurie\u00a0<\/span><b><span dir=\"auto\">sugeria vibracij\u0105.<\/span><\/b><\/p>\n<\/div>\n<\/div>\n<div class=\"mp4t_16_s mryx_16_s mr3m_1 mli2_1 mh85_56 mh85_0_l\">\n<div class=\"mg9e_8 mj7a_8 mg9e_0_s mvrt_0_s mj7a_0_s mh36_0_s mzmg_6m munh_16_l m3h2_16_l\">\n<div class=\"mp4t_0 mryx_0 munh_56 m3h2_56\">\n<div class=\"mp7g_oh\"><button class=\"mg9e_0 mvrt_0 mj7a_0 mh36_0 mp4t_0 m3h2_0 mryx_0 munh_0 mqen_m6 mpof_z0 mx7m_0 m7er_k4 mse2_k4 msts_pt\" data-analytics-interaction=\"true\" data-analytics-interaction-label=\"zoomable-image-open\" aria-disabled=\"true\"><img decoding=\"async\" class=\"msub_k4 mupj_5k mjru_k4 mse2_k4 mp7g_f6 mq1m_0 mj7u_0 m7er_k4 mqen_m6 m31c_d8 m0ux_fp lazyloaded\" src=\"https:\/\/a.allegroimg.com\/original\/11f87f\/d02e45a54059bd28571841d7fe3f\/AUTO-Z-KAMERA-WiFi-PODGLAD-NA-ZYWO-SAMOCHOD-TERENOWY-MONSTER-PILOT-Kod-producenta-5903772582475\" sizes=\"(min-width: 1200px) 560px, (min-width: 992px) 50vw, 100vw\" srcset=\"https:\/\/a.allegroimg.com\/s360\/11f87f\/d02e45a54059bd28571841d7fe3f\/AUTO-Z-KAMERA-WiFi-PODGLAD-NA-ZYWO-SAMOCHOD-TERENOWY-MONSTER-PILOT-Kod-producenta-5903772582475 360w,https:\/\/a.allegroimg.com\/s720\/11f87f\/d02e45a54059bd28571841d7fe3f\/AUTO-Z-KAMERA-WiFi-PODGLAD-NA-ZYWO-SAMOCHOD-TERENOWY-MONSTER-PILOT-Kod-producenta-5903772582475 720w,https:\/\/a.allegroimg.com\/s1024\/11f87f\/d02e45a54059bd28571841d7fe3f\/AUTO-Z-KAMERA-WiFi-PODGLAD-NA-ZYWO-SAMOCHOD-TERENOWY-MONSTER-PILOT-Kod-producenta-5903772582475 800w,https:\/\/a.allegroimg.com\/original\/11f87f\/d02e45a54059bd28571841d7fe3f\/AUTO-Z-KAMERA-WiFi-PODGLAD-NA-ZYWO-SAMOCHOD-TERENOWY-MONSTER-PILOT-Kod-producenta-5903772582475 800w\" alt=\"AUTOMOBILIS SU WIFI KAMERA, TIESIOGINIO VAIZDO, MONSTRAS BEKEL\u0116S AUTOMOBILIS + NUOTOLINIO VALDYMO PULTAS Gamintojo kodas 5903772582475\" width=\"800px\" data-srcset=\"\" \/><\/button><\/div>\n<\/div>\n<\/div>\n<\/div>\n<\/div>\n<div class=\"mpof_ki myre_zn myre_8v_l m389_6m_l\">\n<div class=\"mp4t_16_s mryx_16_s mr3m_1 mli2_1 mh85_56 mh85_0_l\">\n<div class=\"mgn2_16 _0d3bd_am0a-\">\n<h2><span dir=\"auto\">Technin\u0117s specifikacijos:<\/span><\/h2>\n<ul>\n<li><b><span dir=\"auto\">Da\u017enis:<\/span><\/b><span dir=\"auto\">\u00a02,4 GHz<\/span><\/li>\n<li><b><span dir=\"auto\">Pavaros:<\/span><\/b><span dir=\"auto\">\u00a0galin\u0117<\/span><\/li>\n<li><b><span dir=\"auto\">Am\u017eius:<\/span><\/b><span dir=\"auto\">\u00a06 metai ir daugiau<\/span><\/li>\n<li><b><span dir=\"auto\">Materi\u0101ls:<\/span><\/b><span dir=\"auto\">\u00a0auk\u0161tos kokyb\u0117s plastikas, metalas<\/span><\/li>\n<li><b><span dir=\"auto\">Izm\u0113ri:<\/span><\/b><span dir=\"auto\">\u00a020,5 x 14 x 12 cm (plotis x gylis x auk\u0161tis)<\/span><\/li>\n<li><b><span dir=\"auto\">Automobilio maitinimas:<\/span><\/b><span dir=\"auto\">\u00a03,7 V 500 mAh baterija<\/span><\/li>\n<li><b><span dir=\"auto\">\u012ekrovimo laikas:<\/span><\/b><span dir=\"auto\">\u00a0apie 120 minu\u010di\u0173<\/span><\/li>\n<li><b><span dir=\"auto\">\u017daidimo laikas:<\/span><\/b><span dir=\"auto\">\u00a0iki 20 minu\u010di\u0173<\/span><\/li>\n<li><b><span dir=\"auto\">Diapazonas:<\/span><\/b><span dir=\"auto\">\u00a030 metr\u0173<\/span><\/li>\n<li><b><span dir=\"auto\">Valdiklio maitinimo \u0161altinis:<\/span><\/b><span dir=\"auto\">\u00a02 x AA (nepridedamos)<\/span><\/li>\n<li><b><span dir=\"auto\">D\u0117\u017eut\u0117s matmenys:<\/span><\/b><span dir=\"auto\">\u00a023,5 x 17,9 x 15,4 cm<\/span><\/li>\n<\/ul>\n<h2><span dir=\"auto\">Komplekt\u0101 ietilpst:<\/span><\/h2>\n<ul>\n<li><span dir=\"auto\">RC uol\u0173 rop\u0161tukas su kamera<\/span><\/li>\n<li><span dir=\"auto\">3,7 V 500 mAh baterija<\/span><\/li>\n<li><span dir=\"auto\">2.4G valdiklis su telefono laikikliu<\/span><\/li>\n<li><span dir=\"auto\">USB uzl\u0101des kabelis<\/span><\/li>\n<li><span dir=\"auto\">Atsuktuvas<\/span><\/li>\n<li><span dir=\"auto\">Originali pakuot\u0117<\/span><\/li>\n<\/ul>\n<\/div>\n<\/div>\n<\/div>","protected":false},"excerpt":{"rendered":"<p>AUTOMOBILIS SU WIFI KAMERA, TIESIOGINIO VAIZDO FUNKCIJA, MONSTRINIS BEKEL\u0116S AUTOMOBILIS + NUOTOLINIO VALDYMO PULTAS Nuotoliniu b\u016bdu valdomas visureigis ROCK CRAWLER<\/p>","protected":false},"featured_media":76923,"template":"","meta":{"_acf_changed":false,"_glsr_average":0,"_glsr_ranking":0,"_glsr_reviews":0},"product_brand":[],"product_cat":[447,229],"product_tag":[],"class_list":{"0":"post-76922","1":"product","2":"type-product","3":"status-publish","4":"has-post-thumbnail","6":"product_cat-rc-zaislai","7":"product_cat-zaislai-vaikams","8":"\"style=\"background-color: #2ecc711c;\"","10":"first","11":"instock","12":"shipping-taxable","13":"purchasable","14":"product-type-simple"},"acf":[],"yoast_head":"<!-- This site is optimized with the Yoast SEO plugin v27.3 - https:\/\/yoast.com\/product\/yoast-seo-wordpress\/ -->\n<title>RC automobilis su Wifi kamera - KidsPlay<\/title>\n<meta name=\"description\" content=\"RC automobilis su Wifi kamera - KidsPlay. Did\u017eiausias vaik\u0173 \u017eaisl\u0173 pasirinkimas.\" \/>\n<meta name=\"robots\" content=\"index, follow, max-snippet:-1, max-image-preview:large, max-video-preview:-1\" \/>\n<link rel=\"canonical\" href=\"https:\/\/kidsplay.lt\/lv\/products\/rc-automobilis-su-wifi-kamera\/\" \/>\n<meta property=\"og:locale\" content=\"lv_LV\" \/>\n<meta property=\"og:type\" content=\"article\" \/>\n<meta property=\"og:title\" content=\"RC automobilis su Wifi kamera - KidsPlay\" \/>\n<meta property=\"og:description\" content=\"RC automobilis su Wifi kamera - KidsPlay. Did\u017eiausias vaik\u0173 \u017eaisl\u0173 pasirinkimas.\" \/>\n<meta property=\"og:url\" content=\"https:\/\/kidsplay.lt\/lv\/products\/rc-automobilis-su-wifi-kamera\/\" \/>\n<meta property=\"og:site_name\" content=\"KidsPlay\" \/>\n<meta property=\"article:publisher\" content=\"https:\/\/www.facebook.com\/www.kidsplay.lt\" \/>\n<meta property=\"article:modified_time\" content=\"2025-12-30T04:08:25+00:00\" \/>\n<meta property=\"og:image\" content=\"https:\/\/kidsplay.lt\/wp-content\/uploads\/2025\/10\/Screenshot_294.png\" \/>\n\t<meta property=\"og:image:width\" content=\"642\" \/>\n\t<meta property=\"og:image:height\" content=\"544\" \/>\n\t<meta property=\"og:image:type\" content=\"image\/png\" \/>\n<meta name=\"twitter:card\" content=\"summary_large_image\" \/>\n<meta name=\"twitter:label1\" content=\"Est. reading time\" \/>\n\t<meta name=\"twitter:data1\" content=\"4 min\u016btes\" \/>\n<script type=\"application\/ld+json\" class=\"yoast-schema-graph\">{\"@context\":\"https:\\\/\\\/schema.org\",\"@graph\":[{\"@type\":\"WebPage\",\"@id\":\"https:\\\/\\\/kidsplay.lt\\\/produktas\\\/rc-automobilis-su-wifi-kamera\\\/\",\"url\":\"https:\\\/\\\/kidsplay.lt\\\/produktas\\\/rc-automobilis-su-wifi-kamera\\\/\",\"name\":\"RC automobilis su Wifi kamera - KidsPlay\",\"isPartOf\":{\"@id\":\"https:\\\/\\\/kidsplay.lt\\\/#website\"},\"primaryImageOfPage\":{\"@id\":\"https:\\\/\\\/kidsplay.lt\\\/produktas\\\/rc-automobilis-su-wifi-kamera\\\/#primaryimage\"},\"image\":{\"@id\":\"https:\\\/\\\/kidsplay.lt\\\/produktas\\\/rc-automobilis-su-wifi-kamera\\\/#primaryimage\"},\"thumbnailUrl\":\"https:\\\/\\\/kidsplay.lt\\\/wp-content\\\/uploads\\\/2025\\\/10\\\/Screenshot_294.png\",\"datePublished\":\"2025-10-14T18:43:06+00:00\",\"dateModified\":\"2025-12-30T04:08:25+00:00\",\"description\":\"RC automobilis su Wifi kamera - KidsPlay. Did\u017eiausias vaik\u0173 \u017eaisl\u0173 pasirinkimas.\",\"breadcrumb\":{\"@id\":\"https:\\\/\\\/kidsplay.lt\\\/produktas\\\/rc-automobilis-su-wifi-kamera\\\/#breadcrumb\"},\"inLanguage\":\"lv-LV\",\"potentialAction\":[{\"@type\":\"ReadAction\",\"target\":[\"https:\\\/\\\/kidsplay.lt\\\/produktas\\\/rc-automobilis-su-wifi-kamera\\\/\"]}]},{\"@type\":\"ImageObject\",\"inLanguage\":\"lv-LV\",\"@id\":\"https:\\\/\\\/kidsplay.lt\\\/produktas\\\/rc-automobilis-su-wifi-kamera\\\/#primaryimage\",\"url\":\"https:\\\/\\\/kidsplay.lt\\\/wp-content\\\/uploads\\\/2025\\\/10\\\/Screenshot_294.png\",\"contentUrl\":\"https:\\\/\\\/kidsplay.lt\\\/wp-content\\\/uploads\\\/2025\\\/10\\\/Screenshot_294.png\",\"width\":642,\"height\":544},{\"@type\":\"BreadcrumbList\",\"@id\":\"https:\\\/\\\/kidsplay.lt\\\/produktas\\\/rc-automobilis-su-wifi-kamera\\\/#breadcrumb\",\"itemListElement\":[{\"@type\":\"ListItem\",\"position\":1,\"name\":\"Pagrindinis\",\"item\":\"https:\\\/\\\/kidsplay.lt\\\/\"},{\"@type\":\"ListItem\",\"position\":2,\"name\":\"Parduotuv\u0117\",\"item\":\"https:\\\/\\\/kidsplay.lt\\\/parduotuve\\\/\"},{\"@type\":\"ListItem\",\"position\":3,\"name\":\"RC automobilis su Wifi kamera\"}]},{\"@type\":\"WebSite\",\"@id\":\"https:\\\/\\\/kidsplay.lt\\\/#website\",\"url\":\"https:\\\/\\\/kidsplay.lt\\\/\",\"name\":\"Kidsplay.lt\",\"description\":\"\u012evairios prek\u0117s vaikams\",\"publisher\":{\"@id\":\"https:\\\/\\\/kidsplay.lt\\\/#organization\"},\"alternateName\":\"Kidsplay\",\"potentialAction\":[{\"@type\":\"SearchAction\",\"target\":{\"@type\":\"EntryPoint\",\"urlTemplate\":\"https:\\\/\\\/kidsplay.lt\\\/?s={search_term_string}\"},\"query-input\":{\"@type\":\"PropertyValueSpecification\",\"valueRequired\":true,\"valueName\":\"search_term_string\"}}],\"inLanguage\":\"lv-LV\"},{\"@type\":\"Organization\",\"@id\":\"https:\\\/\\\/kidsplay.lt\\\/#organization\",\"name\":\"KidsPlay\",\"url\":\"https:\\\/\\\/kidsplay.lt\\\/\",\"logo\":{\"@type\":\"ImageObject\",\"inLanguage\":\"lv-LV\",\"@id\":\"https:\\\/\\\/kidsplay.lt\\\/#\\\/schema\\\/logo\\\/image\\\/\",\"url\":\"https:\\\/\\\/kidsplay.lt\\\/wp-content\\\/uploads\\\/2023\\\/07\\\/kidsplay-logo.png\",\"contentUrl\":\"https:\\\/\\\/kidsplay.lt\\\/wp-content\\\/uploads\\\/2023\\\/07\\\/kidsplay-logo.png\",\"width\":451,\"height\":98,\"caption\":\"KidsPlay\"},\"image\":{\"@id\":\"https:\\\/\\\/kidsplay.lt\\\/#\\\/schema\\\/logo\\\/image\\\/\"},\"sameAs\":[\"https:\\\/\\\/www.facebook.com\\\/www.kidsplay.lt\"]}]}<\/script>\n<!-- \/ Yoast SEO plugin. -->","yoast_head_json":{"title":"RC automobilis su Wifi kamera - KidsPlay","description":"RC automobilis su Wifi kamera - KidsPlay. Did\u017eiausias vaik\u0173 \u017eaisl\u0173 pasirinkimas.","robots":{"index":"index","follow":"follow","max-snippet":"max-snippet:-1","max-image-preview":"max-image-preview:large","max-video-preview":"max-video-preview:-1"},"canonical":"https:\/\/kidsplay.lt\/lv\/products\/rc-automobilis-su-wifi-kamera\/","og_locale":"lv_LV","og_type":"article","og_title":"RC automobilis su Wifi kamera - KidsPlay","og_description":"RC automobilis su Wifi kamera - KidsPlay. Did\u017eiausias vaik\u0173 \u017eaisl\u0173 pasirinkimas.","og_url":"https:\/\/kidsplay.lt\/lv\/products\/rc-automobilis-su-wifi-kamera\/","og_site_name":"KidsPlay","article_publisher":"https:\/\/www.facebook.com\/www.kidsplay.lt","article_modified_time":"2025-12-30T04:08:25+00:00","og_image":[{"width":642,"height":544,"url":"https:\/\/kidsplay.lt\/wp-content\/uploads\/2025\/10\/Screenshot_294.png","type":"image\/png"}],"twitter_card":"summary_large_image","twitter_misc":{"Est. reading time":"4 min\u016btes"},"schema":{"@context":"https:\/\/schema.org","@graph":[{"@type":"WebPage","@id":"https:\/\/kidsplay.lt\/produktas\/rc-automobilis-su-wifi-kamera\/","url":"https:\/\/kidsplay.lt\/produktas\/rc-automobilis-su-wifi-kamera\/","name":"RC automobilis su Wifi kamera - KidsPlay","isPartOf":{"@id":"https:\/\/kidsplay.lt\/#website"},"primaryImageOfPage":{"@id":"https:\/\/kidsplay.lt\/produktas\/rc-automobilis-su-wifi-kamera\/#primaryimage"},"image":{"@id":"https:\/\/kidsplay.lt\/produktas\/rc-automobilis-su-wifi-kamera\/#primaryimage"},"thumbnailUrl":"https:\/\/kidsplay.lt\/wp-content\/uploads\/2025\/10\/Screenshot_294.png","datePublished":"2025-10-14T18:43:06+00:00","dateModified":"2025-12-30T04:08:25+00:00","description":"RC automobilis su Wifi kamera - KidsPlay. Did\u017eiausias vaik\u0173 \u017eaisl\u0173 pasirinkimas.","breadcrumb":{"@id":"https:\/\/kidsplay.lt\/produktas\/rc-automobilis-su-wifi-kamera\/#breadcrumb"},"inLanguage":"lv-LV","potentialAction":[{"@type":"ReadAction","target":["https:\/\/kidsplay.lt\/produktas\/rc-automobilis-su-wifi-kamera\/"]}]},{"@type":"ImageObject","inLanguage":"lv-LV","@id":"https:\/\/kidsplay.lt\/produktas\/rc-automobilis-su-wifi-kamera\/#primaryimage","url":"https:\/\/kidsplay.lt\/wp-content\/uploads\/2025\/10\/Screenshot_294.png","contentUrl":"https:\/\/kidsplay.lt\/wp-content\/uploads\/2025\/10\/Screenshot_294.png","width":642,"height":544},{"@type":"BreadcrumbList","@id":"https:\/\/kidsplay.lt\/produktas\/rc-automobilis-su-wifi-kamera\/#breadcrumb","itemListElement":[{"@type":"ListItem","position":1,"name":"Pagrindinis","item":"https:\/\/kidsplay.lt\/"},{"@type":"ListItem","position":2,"name":"Parduotuv\u0117","item":"https:\/\/kidsplay.lt\/parduotuve\/"},{"@type":"ListItem","position":3,"name":"RC automobilis su Wifi kamera"}]},{"@type":"WebSite","@id":"https:\/\/kidsplay.lt\/#website","url":"https:\/\/kidsplay.lt\/","name":"B\u0113rnu sp\u0113les.lv","description":"\u012evairios prek\u0117s vaikams","publisher":{"@id":"https:\/\/kidsplay.lt\/#organization"},"alternateName":"Kidsplay","potentialAction":[{"@type":"SearchAction","target":{"@type":"EntryPoint","urlTemplate":"https:\/\/kidsplay.lt\/?s={search_term_string}"},"query-input":{"@type":"PropertyValueSpecification","valueRequired":true,"valueName":"search_term_string"}}],"inLanguage":"lv-LV"},{"@type":"Organization","@id":"https:\/\/kidsplay.lt\/#organization","name":"B\u0113rnu sp\u0113le","url":"https:\/\/kidsplay.lt\/","logo":{"@type":"ImageObject","inLanguage":"lv-LV","@id":"https:\/\/kidsplay.lt\/#\/schema\/logo\/image\/","url":"https:\/\/kidsplay.lt\/wp-content\/uploads\/2023\/07\/kidsplay-logo.png","contentUrl":"https:\/\/kidsplay.lt\/wp-content\/uploads\/2023\/07\/kidsplay-logo.png","width":451,"height":98,"caption":"KidsPlay"},"image":{"@id":"https:\/\/kidsplay.lt\/#\/schema\/logo\/image\/"},"sameAs":["https:\/\/www.facebook.com\/www.kidsplay.lt"]}]}},"_links":{"self":[{"href":"https:\/\/kidsplay.lt\/lv\/wp-json\/wp\/v2\/product\/76922","targetHints":{"allow":["GET"]}}],"collection":[{"href":"https:\/\/kidsplay.lt\/lv\/wp-json\/wp\/v2\/product"}],"about":[{"href":"https:\/\/kidsplay.lt\/lv\/wp-json\/wp\/v2\/types\/product"}],"version-history":[{"count":2,"href":"https:\/\/kidsplay.lt\/lv\/wp-json\/wp\/v2\/product\/76922\/revisions"}],"predecessor-version":[{"id":76928,"href":"https:\/\/kidsplay.lt\/lv\/wp-json\/wp\/v2\/product\/76922\/revisions\/76928"}],"wp:featuredmedia":[{"embeddable":true,"href":"https:\/\/kidsplay.lt\/lv\/wp-json\/wp\/v2\/media\/76923"}],"wp:attachment":[{"href":"https:\/\/kidsplay.lt\/lv\/wp-json\/wp\/v2\/media?parent=76922"}],"wp:term":[{"taxonomy":"product_brand","embeddable":true,"href":"https:\/\/kidsplay.lt\/lv\/wp-json\/wp\/v2\/product_brand?post=76922"},{"taxonomy":"product_cat","embeddable":true,"href":"https:\/\/kidsplay.lt\/lv\/wp-json\/wp\/v2\/product_cat?post=76922"},{"taxonomy":"product_tag","embeddable":true,"href":"https:\/\/kidsplay.lt\/lv\/wp-json\/wp\/v2\/product_tag?post=76922"}],"curies":[{"name":"wp","href":"https:\/\/api.w.org\/{rel}","templated":true}]}}