{"id":76941,"date":"2025-10-15T09:27:03","date_gmt":"2025-10-15T06:27:03","guid":{"rendered":"https:\/\/kidsplay.lt\/?post_type=product&#038;p=76941"},"modified":"2025-12-30T06:12:04","modified_gmt":"2025-12-30T04:12:04","slug":"spider-man-figura-su-automobiliu","status":"publish","type":"product","link":"https:\/\/kidsplay.lt\/lv\/products\/spider-man-figura-su-automobiliu\/","title":{"rendered":"Zirnek\u013ccilv\u0113ka fig\u016bra ar automa\u0161\u012bnu"},"content":{"rendered":"<div class=\"mpof_ki myre_zn myre_8v_l m389_6m_l\">\n<div class=\"mp4t_16_s mryx_16_s mr3m_1 mli2_1 mh85_56 mh85_0_l\">\n<div class=\"mgn2_16 _0d3bd_am0a-\">\n<h2><span dir=\"auto\">DIDEL\u0116 \u017dMOGAUS-VORO TURBO LENKTYNININKO FIG\u016aR\u0116L\u0116<\/span><\/h2>\n<ul>\n<li><span dir=\"auto\">Prodiuseris: HASBRO<\/span><\/li>\n<li><span dir=\"auto\">Gamintojo kodas: A8491<\/span><\/li>\n<li><span dir=\"auto\">Auk\u0161tis apie 30 cm<\/span><\/li>\n<li><span dir=\"auto\">Automobilis \u012fskai\u010diuotas<\/span><\/li>\n<\/ul>\n<\/div>\n<\/div>\n<\/div>\n<div class=\"mpof_ki myre_zn myre_8v_l m389_6m_l\">\n<div class=\"mp4t_16_s mryx_16_s mr3m_1 mli2_1 mh85_56 mh85_0_l\">\n<div class=\"mgn2_16 _0d3bd_am0a-\">\n<p><span dir=\"auto\">Oficialus filmo \u201e\u017dmogus-voras\u201c \u017eaislas. Pagaminta \u201eHASBRO\u201c pagal \u201eMARVEL\u201c licencij\u0105. Turi judan\u010dias rankas ir kojas. Be to, rinkinyje yra \u201eTurbo Racer\u201c transporto priemon\u0117 su 4 paleidimo \u012frenginiais.<\/span><\/p>\n<\/div>\n<\/div>\n<\/div>\n<div class=\"mpof_ki myre_zn myre_8v_l m389_6m_l\">\n<div class=\"mp4t_16_s mryx_16_s mr3m_1 mli2_1 mh85_56 mh85_0_l\">\n<div class=\"mgn2_16 _0d3bd_am0a-\">\n<p><span dir=\"auto\">Transporto priemon\u0117s matmenys yra apie 30x15x11 cm. Papildoma atrakcija vaikui yra ta, kad prie\u0161 pirm\u0105j\u012f \u017eaidim\u0105 automobil\u012f reikia sulankstyti.<\/span><\/p>\n<\/div>\n<\/div>\n<div class=\"mp4t_16_s mryx_16_s mr3m_1 mli2_1 mh85_56 mh85_0_l\">\n<div class=\"mg9e_8 mj7a_8 mg9e_0_s mvrt_0_s mj7a_0_s mh36_0_s mzmg_6m munh_16_l m3h2_16_l\">\n<div class=\"mp4t_0 mryx_0 munh_56 m3h2_56\">\n<div class=\"mp7g_oh\"><button class=\"mg9e_0 mvrt_0 mj7a_0 mh36_0 mp4t_0 m3h2_0 mryx_0 munh_0 mqen_m6 mpof_z0 mx7m_0 m7er_k4 mse2_k4 msts_pt\" data-analytics-interaction=\"true\" data-analytics-interaction-label=\"zoomable-image-open\" aria-disabled=\"true\"><img decoding=\"async\" class=\"msub_k4 mupj_5k mjru_k4 mse2_k4 mp7g_f6 mq1m_0 mj7u_0 m7er_k4 mqen_m6 m31c_d8 m0ux_fp lazyloaded\" src=\"https:\/\/a.allegroimg.com\/original\/113c88\/afdb80cd4f42972d8ed3a34c6f32\/HASBRO-SPIDER-MAN-figure-car-Turbo-Racer-A8491-MARVEL-large-original-Brand-Hasbro\" sizes=\"(min-width: 1200px) 560px, (min-width: 992px) 50vw, 100vw\" srcset=\"https:\/\/a.allegroimg.com\/s360\/113c88\/afdb80cd4f42972d8ed3a34c6f32\/HASBRO-SPIDER-MAN-figure-car-Turbo-Racer-A8491-MARVEL-large-original-Brand-Hasbro 360w,https:\/\/a.allegroimg.com\/s720\/113c88\/afdb80cd4f42972d8ed3a34c6f32\/HASBRO-SPIDER-MAN-figure-car-Turbo-Racer-A8491-MARVEL-large-original-Brand-Hasbro 400w,https:\/\/a.allegroimg.com\/original\/113c88\/afdb80cd4f42972d8ed3a34c6f32\/HASBRO-SPIDER-MAN-figure-car-Turbo-Racer-A8491-MARVEL-large-original-Brand-Hasbro 400w\" alt=\"HASBRO \u017dMOGUS-VORAS fig\u016br\u0117l\u0117 + automobilis Turbo Racer A8491 MARVEL didelis originalus prek\u0117s \u017eenklas Hasbro\" width=\"400px\" data-srcset=\"\" \/><\/button><\/div>\n<\/div>\n<\/div>\n<\/div>\n<\/div>\n<div class=\"mpof_ki myre_zn myre_8v_l m389_6m_l\">\n<div class=\"mp4t_16_s mryx_16_s mr3m_1 mli2_1 mh85_56 mh85_0_l\">\n<div class=\"mg9e_8 mj7a_8 mg9e_0_s mvrt_0_s mj7a_0_s mh36_0_s mzmg_6m munh_16_l m3h2_16_l\">\n<div class=\"mp4t_0 mryx_0 munh_56 m3h2_56\">\n<div class=\"mp7g_oh\"><button class=\"mg9e_0 mvrt_0 mj7a_0 mh36_0 mp4t_0 m3h2_0 mryx_0 munh_0 mqen_m6 mpof_z0 mx7m_0 m7er_k4 mse2_k4 msts_pt\" data-analytics-interaction=\"true\" data-analytics-interaction-label=\"zoomable-image-open\" aria-disabled=\"true\"><img decoding=\"async\" class=\"msub_k4 mupj_5k mjru_k4 mse2_k4 mp7g_f6 mq1m_0 mj7u_0 m7er_k4 mqen_m6 m31c_d8 m0ux_fp lazyloaded\" src=\"https:\/\/a.allegroimg.com\/original\/114050\/4fc954c5461499c8e58796a7002e\/HASBRO-SPIDER-MAN-figure-car-Turbo-Racer-A8491-MARVEL-large-original-EAN-GTIN-5010994805036\" sizes=\"(min-width: 1200px) 560px, (min-width: 992px) 50vw, 100vw\" srcset=\"https:\/\/a.allegroimg.com\/s360\/114050\/4fc954c5461499c8e58796a7002e\/HASBRO-SPIDER-MAN-figure-car-Turbo-Racer-A8491-MARVEL-large-original-EAN-GTIN-5010994805036 360w,https:\/\/a.allegroimg.com\/s720\/114050\/4fc954c5461499c8e58796a7002e\/HASBRO-SPIDER-MAN-figure-car-Turbo-Racer-A8491-MARVEL-large-original-EAN-GTIN-5010994805036 400w,https:\/\/a.allegroimg.com\/original\/114050\/4fc954c5461499c8e58796a7002e\/HASBRO-SPIDER-MAN-figure-car-Turbo-Racer-A8491-MARVEL-large-original-EAN-GTIN-5010994805036 400w\" alt=\"HASBRO \u017dMOGAUS-VORO fig\u016br\u0117l\u0117 + automobilis Turbo Racer A8491 MARVEL didelis originalus EAN (GTIN) 5010994805036\" width=\"400px\" data-srcset=\"\" \/><\/button><\/div>\n<\/div>\n<\/div>\n<\/div>\n<div class=\"mp4t_16_s mryx_16_s mr3m_1 mli2_1 mh85_56 mh85_0_l\">\n<div class=\"mgn2_16 _0d3bd_am0a-\">\n<p><span dir=\"auto\">Puikus \u017eaislas jaunam herojui. Jos d\u0117ka j\u016bs\u0173 s\u016bnus gal\u0117s atlikti nenugalimo \u017dmogaus-voro vaidmen\u012f.<\/span><\/p>\n<\/div>\n<\/div>\n<\/div>\n<div class=\"mpof_ki myre_zn myre_8v_l m389_6m_l\">\n<div class=\"mp4t_16_s mryx_16_s mr3m_1 mli2_1 mh85_56 mh85_0_l\">\n<div class=\"mgn2_16 _0d3bd_am0a-\">\n<p><span dir=\"auto\">Produktas puikiai tinka dovanai. Supakuotas gra\u017eioje ir spalvingoje d\u0117\u017eut\u0117je, kuri yra komplekte.<\/span><\/p>\n<\/div>\n<\/div>\n<div class=\"mp4t_16_s mryx_16_s mr3m_1 mli2_1 mh85_56 mh85_0_l\">\n<div class=\"mg9e_8 mj7a_8 mg9e_0_s mvrt_0_s mj7a_0_s mh36_0_s mzmg_6m munh_16_l m3h2_16_l\">\n<div class=\"mp4t_0 mryx_0 munh_56 m3h2_56\">\n<div class=\"mp7g_oh\"><button class=\"mg9e_0 mvrt_0 mj7a_0 mh36_0 mp4t_0 m3h2_0 mryx_0 munh_0 mqen_m6 mpof_z0 mx7m_0 m7er_k4 mse2_k4 msts_pt\" data-analytics-interaction=\"true\" data-analytics-interaction-label=\"zoomable-image-open\" aria-disabled=\"true\"><img decoding=\"async\" class=\"msub_k4 mupj_5k mjru_k4 mse2_k4 mp7g_f6 mq1m_0 mj7u_0 m7er_k4 mqen_m6 m31c_d8 m0ux_fp lazyloaded\" src=\"https:\/\/a.allegroimg.com\/original\/11b5dd\/0ee9bb8e4fc0a4d6807233fd982d\/HASBRO-SPIDER-MAN-figure-car-Turbo-Racer-A8491-MARVEL-large-original-Type-set\" sizes=\"(min-width: 1200px) 560px, (min-width: 992px) 50vw, 100vw\" srcset=\"https:\/\/a.allegroimg.com\/s360\/11b5dd\/0ee9bb8e4fc0a4d6807233fd982d\/HASBRO-SPIDER-MAN-figure-car-Turbo-Racer-A8491-MARVEL-large-original-Type-set 360w,https:\/\/a.allegroimg.com\/s720\/11b5dd\/0ee9bb8e4fc0a4d6807233fd982d\/HASBRO-SPIDER-MAN-figure-car-Turbo-Racer-A8491-MARVEL-large-original-Type-set 400w,https:\/\/a.allegroimg.com\/original\/11b5dd\/0ee9bb8e4fc0a4d6807233fd982d\/HASBRO-SPIDER-MAN-figure-car-Turbo-Racer-A8491-MARVEL-large-original-Type-set 400w\" alt=\"HASBRO \u017dMOGUS-VORAS fig\u016br\u0117l\u0117+automobilis Turbo Racer A8491 MARVEL didelis originalus Type rinkinys\" width=\"400px\" data-srcset=\"\" \/><\/button><\/div>\n<\/div>\n<\/div>\n<\/div>\n<\/div>\n<div class=\"mpof_ki myre_zn myre_8v_l m389_6m_l\">\n<div class=\"mp4t_16_s mryx_16_s mr3m_1 mli2_1 mh85_56 mh85_0_l\">\n<div class=\"mgn2_16 _0d3bd_am0a-\">\n<h1><span dir=\"auto\">SPECIFIKACIJA<\/span><\/h1>\n<ul>\n<li><span dir=\"auto\">Am\u017eius: 4+<\/span><\/li>\n<li><span dir=\"auto\">Judantys elementai: Taip, 5<\/span><\/li>\n<li><span dir=\"auto\">Fig\u016br\u0117l\u0117s auk\u0161tis: apie 30 cm<\/span><\/li>\n<li><span dir=\"auto\">Transporto priemon\u0117s ilgis: apie 30 cm<\/span><\/li>\n<\/ul>\n<\/div>\n<\/div>\n<\/div>","protected":false},"excerpt":{"rendered":"<p>DIDEL\u0116 \u017dMOGAUS-VORO TURBO LENKTYNININKO FIG\u016aR\u0116L\u0116 Prodiuseris: HASBRO Gamintojo kodas: A8491 Auk\u0161tis apie 30 cm Automobilis \u012fskai\u010diuotas Oficialus filmo \u201e\u017dmogus-voras\u201c \u017eaislas.<\/p>","protected":false},"featured_media":76942,"template":"","meta":{"_acf_changed":false,"_glsr_average":0,"_glsr_ranking":0,"_glsr_reviews":0},"product_brand":[],"product_cat":[448,229],"product_tag":[],"class_list":{"0":"post-76941","1":"product","2":"type-product","3":"status-publish","4":"has-post-thumbnail","6":"product_cat-automobiliai-ir-transportas","7":"product_cat-zaislai-vaikams","8":"\"style=\"background-color: #2ecc711c;\"","10":"first","11":"instock","12":"shipping-taxable","13":"purchasable","14":"product-type-simple"},"acf":[],"yoast_head":"<!-- This site is optimized with the Yoast SEO plugin v27.3 - https:\/\/yoast.com\/product\/yoast-seo-wordpress\/ -->\n<title>Spider Man fig\u016bra su automobiliu - KidsPlay<\/title>\n<meta name=\"description\" content=\"Spider Man fig\u016bra su automobiliu - KidsPlay. Did\u017eiausias vaik\u0173 \u017eaisl\u0173 pasirinkimas.\" \/>\n<meta name=\"robots\" content=\"index, follow, max-snippet:-1, max-image-preview:large, max-video-preview:-1\" \/>\n<link rel=\"canonical\" href=\"https:\/\/kidsplay.lt\/lv\/products\/spider-man-figura-su-automobiliu\/\" \/>\n<meta property=\"og:locale\" content=\"lv_LV\" \/>\n<meta property=\"og:type\" content=\"article\" \/>\n<meta property=\"og:title\" content=\"Spider Man fig\u016bra su automobiliu - KidsPlay\" \/>\n<meta property=\"og:description\" content=\"Spider Man fig\u016bra su automobiliu - KidsPlay. Did\u017eiausias vaik\u0173 \u017eaisl\u0173 pasirinkimas.\" \/>\n<meta property=\"og:url\" content=\"https:\/\/kidsplay.lt\/lv\/products\/spider-man-figura-su-automobiliu\/\" \/>\n<meta property=\"og:site_name\" content=\"KidsPlay\" \/>\n<meta property=\"article:publisher\" content=\"https:\/\/www.facebook.com\/www.kidsplay.lt\" \/>\n<meta property=\"article:modified_time\" content=\"2025-12-30T04:12:04+00:00\" \/>\n<meta property=\"og:image\" content=\"https:\/\/kidsplay.lt\/wp-content\/uploads\/2025\/10\/Screenshot_306.png\" \/>\n\t<meta property=\"og:image:width\" content=\"491\" \/>\n\t<meta property=\"og:image:height\" content=\"462\" \/>\n\t<meta property=\"og:image:type\" content=\"image\/png\" \/>\n<meta name=\"twitter:card\" content=\"summary_large_image\" \/>\n<meta name=\"twitter:label1\" content=\"Est. reading time\" \/>\n\t<meta name=\"twitter:data1\" content=\"2 min\u016btes\" \/>\n<script type=\"application\/ld+json\" class=\"yoast-schema-graph\">{\"@context\":\"https:\\\/\\\/schema.org\",\"@graph\":[{\"@type\":\"WebPage\",\"@id\":\"https:\\\/\\\/kidsplay.lt\\\/produktas\\\/spider-man-figura-su-automobiliu\\\/\",\"url\":\"https:\\\/\\\/kidsplay.lt\\\/produktas\\\/spider-man-figura-su-automobiliu\\\/\",\"name\":\"Spider Man fig\u016bra su automobiliu - KidsPlay\",\"isPartOf\":{\"@id\":\"https:\\\/\\\/kidsplay.lt\\\/#website\"},\"primaryImageOfPage\":{\"@id\":\"https:\\\/\\\/kidsplay.lt\\\/produktas\\\/spider-man-figura-su-automobiliu\\\/#primaryimage\"},\"image\":{\"@id\":\"https:\\\/\\\/kidsplay.lt\\\/produktas\\\/spider-man-figura-su-automobiliu\\\/#primaryimage\"},\"thumbnailUrl\":\"https:\\\/\\\/kidsplay.lt\\\/wp-content\\\/uploads\\\/2025\\\/10\\\/Screenshot_306.png\",\"datePublished\":\"2025-10-15T06:27:03+00:00\",\"dateModified\":\"2025-12-30T04:12:04+00:00\",\"description\":\"Spider Man fig\u016bra su automobiliu - KidsPlay. Did\u017eiausias vaik\u0173 \u017eaisl\u0173 pasirinkimas.\",\"breadcrumb\":{\"@id\":\"https:\\\/\\\/kidsplay.lt\\\/produktas\\\/spider-man-figura-su-automobiliu\\\/#breadcrumb\"},\"inLanguage\":\"lv-LV\",\"potentialAction\":[{\"@type\":\"ReadAction\",\"target\":[\"https:\\\/\\\/kidsplay.lt\\\/produktas\\\/spider-man-figura-su-automobiliu\\\/\"]}]},{\"@type\":\"ImageObject\",\"inLanguage\":\"lv-LV\",\"@id\":\"https:\\\/\\\/kidsplay.lt\\\/produktas\\\/spider-man-figura-su-automobiliu\\\/#primaryimage\",\"url\":\"https:\\\/\\\/kidsplay.lt\\\/wp-content\\\/uploads\\\/2025\\\/10\\\/Screenshot_306.png\",\"contentUrl\":\"https:\\\/\\\/kidsplay.lt\\\/wp-content\\\/uploads\\\/2025\\\/10\\\/Screenshot_306.png\",\"width\":491,\"height\":462},{\"@type\":\"BreadcrumbList\",\"@id\":\"https:\\\/\\\/kidsplay.lt\\\/produktas\\\/spider-man-figura-su-automobiliu\\\/#breadcrumb\",\"itemListElement\":[{\"@type\":\"ListItem\",\"position\":1,\"name\":\"Pagrindinis\",\"item\":\"https:\\\/\\\/kidsplay.lt\\\/\"},{\"@type\":\"ListItem\",\"position\":2,\"name\":\"Parduotuv\u0117\",\"item\":\"https:\\\/\\\/kidsplay.lt\\\/parduotuve\\\/\"},{\"@type\":\"ListItem\",\"position\":3,\"name\":\"Spider Man fig\u016bra su automobiliu\"}]},{\"@type\":\"WebSite\",\"@id\":\"https:\\\/\\\/kidsplay.lt\\\/#website\",\"url\":\"https:\\\/\\\/kidsplay.lt\\\/\",\"name\":\"Kidsplay.lt\",\"description\":\"\u012evairios prek\u0117s vaikams\",\"publisher\":{\"@id\":\"https:\\\/\\\/kidsplay.lt\\\/#organization\"},\"alternateName\":\"Kidsplay\",\"potentialAction\":[{\"@type\":\"SearchAction\",\"target\":{\"@type\":\"EntryPoint\",\"urlTemplate\":\"https:\\\/\\\/kidsplay.lt\\\/?s={search_term_string}\"},\"query-input\":{\"@type\":\"PropertyValueSpecification\",\"valueRequired\":true,\"valueName\":\"search_term_string\"}}],\"inLanguage\":\"lv-LV\"},{\"@type\":\"Organization\",\"@id\":\"https:\\\/\\\/kidsplay.lt\\\/#organization\",\"name\":\"KidsPlay\",\"url\":\"https:\\\/\\\/kidsplay.lt\\\/\",\"logo\":{\"@type\":\"ImageObject\",\"inLanguage\":\"lv-LV\",\"@id\":\"https:\\\/\\\/kidsplay.lt\\\/#\\\/schema\\\/logo\\\/image\\\/\",\"url\":\"https:\\\/\\\/kidsplay.lt\\\/wp-content\\\/uploads\\\/2023\\\/07\\\/kidsplay-logo.png\",\"contentUrl\":\"https:\\\/\\\/kidsplay.lt\\\/wp-content\\\/uploads\\\/2023\\\/07\\\/kidsplay-logo.png\",\"width\":451,\"height\":98,\"caption\":\"KidsPlay\"},\"image\":{\"@id\":\"https:\\\/\\\/kidsplay.lt\\\/#\\\/schema\\\/logo\\\/image\\\/\"},\"sameAs\":[\"https:\\\/\\\/www.facebook.com\\\/www.kidsplay.lt\"]}]}<\/script>\n<!-- \/ Yoast SEO plugin. -->","yoast_head_json":{"title":"Spider Man fig\u016bra su automobiliu - KidsPlay","description":"Spider Man fig\u016bra su automobiliu - KidsPlay. Did\u017eiausias vaik\u0173 \u017eaisl\u0173 pasirinkimas.","robots":{"index":"index","follow":"follow","max-snippet":"max-snippet:-1","max-image-preview":"max-image-preview:large","max-video-preview":"max-video-preview:-1"},"canonical":"https:\/\/kidsplay.lt\/lv\/products\/spider-man-figura-su-automobiliu\/","og_locale":"lv_LV","og_type":"article","og_title":"Spider Man fig\u016bra su automobiliu - KidsPlay","og_description":"Spider Man fig\u016bra su automobiliu - KidsPlay. Did\u017eiausias vaik\u0173 \u017eaisl\u0173 pasirinkimas.","og_url":"https:\/\/kidsplay.lt\/lv\/products\/spider-man-figura-su-automobiliu\/","og_site_name":"KidsPlay","article_publisher":"https:\/\/www.facebook.com\/www.kidsplay.lt","article_modified_time":"2025-12-30T04:12:04+00:00","og_image":[{"width":491,"height":462,"url":"https:\/\/kidsplay.lt\/wp-content\/uploads\/2025\/10\/Screenshot_306.png","type":"image\/png"}],"twitter_card":"summary_large_image","twitter_misc":{"Est. reading time":"2 min\u016btes"},"schema":{"@context":"https:\/\/schema.org","@graph":[{"@type":"WebPage","@id":"https:\/\/kidsplay.lt\/produktas\/spider-man-figura-su-automobiliu\/","url":"https:\/\/kidsplay.lt\/produktas\/spider-man-figura-su-automobiliu\/","name":"Spider Man fig\u016bra su automobiliu - KidsPlay","isPartOf":{"@id":"https:\/\/kidsplay.lt\/#website"},"primaryImageOfPage":{"@id":"https:\/\/kidsplay.lt\/produktas\/spider-man-figura-su-automobiliu\/#primaryimage"},"image":{"@id":"https:\/\/kidsplay.lt\/produktas\/spider-man-figura-su-automobiliu\/#primaryimage"},"thumbnailUrl":"https:\/\/kidsplay.lt\/wp-content\/uploads\/2025\/10\/Screenshot_306.png","datePublished":"2025-10-15T06:27:03+00:00","dateModified":"2025-12-30T04:12:04+00:00","description":"Spider Man fig\u016bra su automobiliu - KidsPlay. Did\u017eiausias vaik\u0173 \u017eaisl\u0173 pasirinkimas.","breadcrumb":{"@id":"https:\/\/kidsplay.lt\/produktas\/spider-man-figura-su-automobiliu\/#breadcrumb"},"inLanguage":"lv-LV","potentialAction":[{"@type":"ReadAction","target":["https:\/\/kidsplay.lt\/produktas\/spider-man-figura-su-automobiliu\/"]}]},{"@type":"ImageObject","inLanguage":"lv-LV","@id":"https:\/\/kidsplay.lt\/produktas\/spider-man-figura-su-automobiliu\/#primaryimage","url":"https:\/\/kidsplay.lt\/wp-content\/uploads\/2025\/10\/Screenshot_306.png","contentUrl":"https:\/\/kidsplay.lt\/wp-content\/uploads\/2025\/10\/Screenshot_306.png","width":491,"height":462},{"@type":"BreadcrumbList","@id":"https:\/\/kidsplay.lt\/produktas\/spider-man-figura-su-automobiliu\/#breadcrumb","itemListElement":[{"@type":"ListItem","position":1,"name":"Pagrindinis","item":"https:\/\/kidsplay.lt\/"},{"@type":"ListItem","position":2,"name":"Parduotuv\u0117","item":"https:\/\/kidsplay.lt\/parduotuve\/"},{"@type":"ListItem","position":3,"name":"Spider Man fig\u016bra su automobiliu"}]},{"@type":"WebSite","@id":"https:\/\/kidsplay.lt\/#website","url":"https:\/\/kidsplay.lt\/","name":"B\u0113rnu sp\u0113les.lv","description":"\u012evairios prek\u0117s vaikams","publisher":{"@id":"https:\/\/kidsplay.lt\/#organization"},"alternateName":"Kidsplay","potentialAction":[{"@type":"SearchAction","target":{"@type":"EntryPoint","urlTemplate":"https:\/\/kidsplay.lt\/?s={search_term_string}"},"query-input":{"@type":"PropertyValueSpecification","valueRequired":true,"valueName":"search_term_string"}}],"inLanguage":"lv-LV"},{"@type":"Organization","@id":"https:\/\/kidsplay.lt\/#organization","name":"B\u0113rnu sp\u0113le","url":"https:\/\/kidsplay.lt\/","logo":{"@type":"ImageObject","inLanguage":"lv-LV","@id":"https:\/\/kidsplay.lt\/#\/schema\/logo\/image\/","url":"https:\/\/kidsplay.lt\/wp-content\/uploads\/2023\/07\/kidsplay-logo.png","contentUrl":"https:\/\/kidsplay.lt\/wp-content\/uploads\/2023\/07\/kidsplay-logo.png","width":451,"height":98,"caption":"KidsPlay"},"image":{"@id":"https:\/\/kidsplay.lt\/#\/schema\/logo\/image\/"},"sameAs":["https:\/\/www.facebook.com\/www.kidsplay.lt"]}]}},"_links":{"self":[{"href":"https:\/\/kidsplay.lt\/lv\/wp-json\/wp\/v2\/product\/76941","targetHints":{"allow":["GET"]}}],"collection":[{"href":"https:\/\/kidsplay.lt\/lv\/wp-json\/wp\/v2\/product"}],"about":[{"href":"https:\/\/kidsplay.lt\/lv\/wp-json\/wp\/v2\/types\/product"}],"version-history":[{"count":1,"href":"https:\/\/kidsplay.lt\/lv\/wp-json\/wp\/v2\/product\/76941\/revisions"}],"predecessor-version":[{"id":76945,"href":"https:\/\/kidsplay.lt\/lv\/wp-json\/wp\/v2\/product\/76941\/revisions\/76945"}],"wp:featuredmedia":[{"embeddable":true,"href":"https:\/\/kidsplay.lt\/lv\/wp-json\/wp\/v2\/media\/76942"}],"wp:attachment":[{"href":"https:\/\/kidsplay.lt\/lv\/wp-json\/wp\/v2\/media?parent=76941"}],"wp:term":[{"taxonomy":"product_brand","embeddable":true,"href":"https:\/\/kidsplay.lt\/lv\/wp-json\/wp\/v2\/product_brand?post=76941"},{"taxonomy":"product_cat","embeddable":true,"href":"https:\/\/kidsplay.lt\/lv\/wp-json\/wp\/v2\/product_cat?post=76941"},{"taxonomy":"product_tag","embeddable":true,"href":"https:\/\/kidsplay.lt\/lv\/wp-json\/wp\/v2\/product_tag?post=76941"}],"curies":[{"name":"wp","href":"https:\/\/api.w.org\/{rel}","templated":true}]}}