{"id":76956,"date":"2025-10-15T09:49:13","date_gmt":"2025-10-15T06:49:13","guid":{"rendered":"https:\/\/kidsplay.lt\/produktas\/woopie-green-veiklos-medis-kulodrom-montessori-4in1-fsc\/"},"modified":"2026-04-07T11:27:07","modified_gmt":"2026-04-07T08:27:07","slug":"woopie-green-4in1-veiklos-medis-kulodrom","status":"publish","type":"product","link":"https:\/\/kidsplay.lt\/lv\/products\/woopie-green-4in1-veiklos-medis-kulodrom\/","title":{"rendered":"WOOPIE GREEN 4in1 aktivit\u0101\u0161u koks Kulodrom"},"content":{"rendered":"<p>Tree of Actuality Woopie Green \u2013 Sensorinis nuotykis ma\u017eiesiems!<\/p>\n<p>Paverskite savo kasdien\u012f linksmum\u0105 \u012f\u00a0\u012fsp\u016bdinga kelion\u0117, kupina spalv\u0173, jud\u0117jimo ir besikei\u010dian\u010di\u0173 i\u0161\u0161\u016bki\u0173!<br \/>\nWOOPIE GREEN Veiklos medis\u00a0tai kruop\u0161\u010diai sukurtas edukacinis rinkinys, apjungiantis net 4 skirtingas veiklas ir palaikan\u010dias\u00a0visapusi\u0161kas vaiko vystymasis nuo 18 m\u0117nesi\u0173 am\u017eiaus.<br \/>\nSpalvingas kulodromo bok\u0161tas, sensorin\u0117s pavaros, pavaros kai\u0161\u010diai ir k\u016brybinis sriegimas \u2013 &#8211; visa tai gra\u017eiame pasteliniame r\u0117me ir pagaminta i\u0161\u00a0saugios, patvarios med\u017eiagos<\/p>\n<p>Raksturojums:<\/p>\n<p>&#8211; Vaikams nuo 18 m\u0117nesi\u0173 am\u017eiaus<br \/>\n&#8211; Pagaminta i\u0161 sertifikuotos medienos\u00a0FSC\u00a0\u2013 ekologi\u0161kas ir patvarus<br \/>\n&#8211; Da\u017eytas netoksi\u0161kas,\u00a0saug\u016bs da\u017eai<br \/>\n&#8211; Dalys i\u0161 auk\u0161tos kokyb\u0117s plastiko \u2013 patvarios ir atsparios pa\u017eeidimams<br \/>\n&#8211; Saug\u016bs, u\u017eapvalinti kra\u0161tai<br \/>\n&#8211; Gra\u017ei pastelini\u0173 spalv\u0173 schema<br \/>\n&#8211; Rutulio skersmuo: 4,5 cm<\/p>\n<p>Rinkinyje yra 4 veiklos:<\/p>\n<p>&#8211; Kulodromas\u00a0\u2013 \u017ei\u016br\u0117ti riedan\u010dius kamuoliukus per pakopinius lygius moko sutelkti d\u0117mes\u012f, sekti savo jud\u0117jim\u0105 ir yra labai smagu<br \/>\n&#8211; Pavaros\u00a0\u2013 besisukan\u010dios ir judan\u010dios \u017evaig\u017edut\u0117s suteikia lyt\u0117jimo poj\u016b\u010dius, moko mechanizm\u0173 ir palaiko jutimo vystym\u0105si<br \/>\n&#8211;\u00a0Nawlekanka\u00a0\u2013 traukiant si\u016blus per kai\u0161\u010dius, palaikomas kantryb\u0117s, tikslumo ir aki\u0173 ir rank\u0173 koordinavimo ugdymas<br \/>\n&#8211; Smeigtuk\u0173 perforavimas ir sud\u0117jimas\u00a0\u2013 veikla idealiai tinka rank\u0173 stiprumui, planavimui ir daikt\u0173 derinimui<\/p>","protected":false},"excerpt":{"rendered":"<p>Tree of Actuality Woopie Green \u2013 Sensorinis nuotykis ma\u017eiesiems! Paverskite savo kasdien\u012f linksmum\u0105 \u012f\u00a0\u012fsp\u016bdinga kelion\u0117, kupina spalv\u0173, jud\u0117jimo ir besikei\u010dian\u010di\u0173<\/p>","protected":false},"featured_media":76958,"template":"","meta":{"_acf_changed":false,"_glsr_average":0,"_glsr_ranking":0,"_glsr_reviews":0},"product_brand":[],"product_cat":[72,396,229],"product_tag":[],"class_list":{"0":"post-76956","1":"product","2":"type-product","3":"status-publish","4":"has-post-thumbnail","6":"product_cat-ispardavimas","7":"product_cat-kudikiu-zaislai-vaikams2","8":"product_cat-zaislai-vaikams","9":"\"style=\"background-color: #2ecc711c;\"","11":"first","12":"instock","13":"sale","14":"purchasable","15":"product-type-simple"},"acf":[],"yoast_head":"<!-- This site is optimized with the Yoast SEO plugin v27.3 - https:\/\/yoast.com\/product\/yoast-seo-wordpress\/ -->\n<title>WOOPIE GREEN 4in1 veiklos medis Kulodrom<\/title>\n<meta name=\"description\" content=\"WOOPIE GREEN Veiklos medis Kulodrom Montessori 4in1 FSC - KidsPlay. Did\u017eiausias vaik\u0173 \u017eaisl\u0173 pasirinkimas.\" \/>\n<meta name=\"robots\" content=\"index, follow, max-snippet:-1, max-image-preview:large, max-video-preview:-1\" \/>\n<link rel=\"canonical\" href=\"https:\/\/kidsplay.lt\/lv\/products\/woopie-green-4in1-veiklos-medis-kulodrom\/\" \/>\n<meta property=\"og:locale\" content=\"lv_LV\" \/>\n<meta property=\"og:type\" content=\"article\" \/>\n<meta property=\"og:title\" content=\"WOOPIE GREEN 4in1 veiklos medis Kulodrom\" \/>\n<meta property=\"og:description\" content=\"WOOPIE GREEN Veiklos medis Kulodrom Montessori 4in1 FSC - KidsPlay. Did\u017eiausias vaik\u0173 \u017eaisl\u0173 pasirinkimas.\" \/>\n<meta property=\"og:url\" content=\"https:\/\/kidsplay.lt\/lv\/products\/woopie-green-4in1-veiklos-medis-kulodrom\/\" \/>\n<meta property=\"og:site_name\" content=\"KidsPlay\" \/>\n<meta property=\"article:publisher\" content=\"https:\/\/www.facebook.com\/www.kidsplay.lt\" \/>\n<meta property=\"article:modified_time\" content=\"2026-04-07T08:27:07+00:00\" \/>\n<meta property=\"og:image\" content=\"https:\/\/kidsplay.lt\/wp-content\/uploads\/2025\/10\/WOOPIE-GREEN-Veiklos-medis-Kulodrom-Montessori-4in1-FSC.jpg\" \/>\n\t<meta property=\"og:image:width\" content=\"1320\" \/>\n\t<meta property=\"og:image:height\" content=\"1320\" \/>\n\t<meta property=\"og:image:type\" content=\"image\/jpeg\" \/>\n<meta name=\"twitter:card\" content=\"summary_large_image\" \/>\n<meta name=\"twitter:label1\" content=\"Est. reading time\" \/>\n\t<meta name=\"twitter:data1\" content=\"2 min\u016btes\" \/>\n<script type=\"application\/ld+json\" class=\"yoast-schema-graph\">{\"@context\":\"https:\\\/\\\/schema.org\",\"@graph\":[{\"@type\":\"WebPage\",\"@id\":\"https:\\\/\\\/kidsplay.lt\\\/produktas\\\/woopie-green-4in1-veiklos-medis-kulodrom\\\/\",\"url\":\"https:\\\/\\\/kidsplay.lt\\\/produktas\\\/woopie-green-4in1-veiklos-medis-kulodrom\\\/\",\"name\":\"WOOPIE GREEN 4in1 veiklos medis Kulodrom\",\"isPartOf\":{\"@id\":\"https:\\\/\\\/kidsplay.lt\\\/#website\"},\"primaryImageOfPage\":{\"@id\":\"https:\\\/\\\/kidsplay.lt\\\/produktas\\\/woopie-green-4in1-veiklos-medis-kulodrom\\\/#primaryimage\"},\"image\":{\"@id\":\"https:\\\/\\\/kidsplay.lt\\\/produktas\\\/woopie-green-4in1-veiklos-medis-kulodrom\\\/#primaryimage\"},\"thumbnailUrl\":\"https:\\\/\\\/kidsplay.lt\\\/wp-content\\\/uploads\\\/2025\\\/10\\\/WOOPIE-GREEN-Veiklos-medis-Kulodrom-Montessori-4in1-FSC.jpg\",\"datePublished\":\"2025-10-15T06:49:13+00:00\",\"dateModified\":\"2026-04-07T08:27:07+00:00\",\"description\":\"WOOPIE GREEN Veiklos medis Kulodrom Montessori 4in1 FSC - KidsPlay. Did\u017eiausias vaik\u0173 \u017eaisl\u0173 pasirinkimas.\",\"breadcrumb\":{\"@id\":\"https:\\\/\\\/kidsplay.lt\\\/produktas\\\/woopie-green-4in1-veiklos-medis-kulodrom\\\/#breadcrumb\"},\"inLanguage\":\"lv-LV\",\"potentialAction\":[{\"@type\":\"ReadAction\",\"target\":[\"https:\\\/\\\/kidsplay.lt\\\/produktas\\\/woopie-green-4in1-veiklos-medis-kulodrom\\\/\"]}]},{\"@type\":\"ImageObject\",\"inLanguage\":\"lv-LV\",\"@id\":\"https:\\\/\\\/kidsplay.lt\\\/produktas\\\/woopie-green-4in1-veiklos-medis-kulodrom\\\/#primaryimage\",\"url\":\"https:\\\/\\\/kidsplay.lt\\\/wp-content\\\/uploads\\\/2025\\\/10\\\/WOOPIE-GREEN-Veiklos-medis-Kulodrom-Montessori-4in1-FSC.jpg\",\"contentUrl\":\"https:\\\/\\\/kidsplay.lt\\\/wp-content\\\/uploads\\\/2025\\\/10\\\/WOOPIE-GREEN-Veiklos-medis-Kulodrom-Montessori-4in1-FSC.jpg\",\"width\":1320,\"height\":1320,\"caption\":\"WOOPIE GREEN Veiklos medis Kulodrom Montessori 4in1 FSC\"},{\"@type\":\"BreadcrumbList\",\"@id\":\"https:\\\/\\\/kidsplay.lt\\\/produktas\\\/woopie-green-4in1-veiklos-medis-kulodrom\\\/#breadcrumb\",\"itemListElement\":[{\"@type\":\"ListItem\",\"position\":1,\"name\":\"Pagrindinis\",\"item\":\"https:\\\/\\\/kidsplay.lt\\\/\"},{\"@type\":\"ListItem\",\"position\":2,\"name\":\"Parduotuv\u0117\",\"item\":\"https:\\\/\\\/kidsplay.lt\\\/parduotuve\\\/\"},{\"@type\":\"ListItem\",\"position\":3,\"name\":\"WOOPIE GREEN 4in1 veiklos medis Kulodrom\"}]},{\"@type\":\"WebSite\",\"@id\":\"https:\\\/\\\/kidsplay.lt\\\/#website\",\"url\":\"https:\\\/\\\/kidsplay.lt\\\/\",\"name\":\"Kidsplay.lt\",\"description\":\"\u012evairios prek\u0117s vaikams\",\"publisher\":{\"@id\":\"https:\\\/\\\/kidsplay.lt\\\/#organization\"},\"alternateName\":\"Kidsplay\",\"potentialAction\":[{\"@type\":\"SearchAction\",\"target\":{\"@type\":\"EntryPoint\",\"urlTemplate\":\"https:\\\/\\\/kidsplay.lt\\\/?s={search_term_string}\"},\"query-input\":{\"@type\":\"PropertyValueSpecification\",\"valueRequired\":true,\"valueName\":\"search_term_string\"}}],\"inLanguage\":\"lv-LV\"},{\"@type\":\"Organization\",\"@id\":\"https:\\\/\\\/kidsplay.lt\\\/#organization\",\"name\":\"KidsPlay\",\"url\":\"https:\\\/\\\/kidsplay.lt\\\/\",\"logo\":{\"@type\":\"ImageObject\",\"inLanguage\":\"lv-LV\",\"@id\":\"https:\\\/\\\/kidsplay.lt\\\/#\\\/schema\\\/logo\\\/image\\\/\",\"url\":\"https:\\\/\\\/kidsplay.lt\\\/wp-content\\\/uploads\\\/2023\\\/07\\\/kidsplay-logo.png\",\"contentUrl\":\"https:\\\/\\\/kidsplay.lt\\\/wp-content\\\/uploads\\\/2023\\\/07\\\/kidsplay-logo.png\",\"width\":451,\"height\":98,\"caption\":\"KidsPlay\"},\"image\":{\"@id\":\"https:\\\/\\\/kidsplay.lt\\\/#\\\/schema\\\/logo\\\/image\\\/\"},\"sameAs\":[\"https:\\\/\\\/www.facebook.com\\\/www.kidsplay.lt\"]}]}<\/script>\n<!-- \/ Yoast SEO plugin. -->","yoast_head_json":{"title":"WOOPIE GREEN 4in1 aktivit\u0101\u0161u koks Kulodrom","description":"WOOPIE GREEN Veiklos medis Kulodrom Montessori 4in1 FSC - KidsPlay. Did\u017eiausias vaik\u0173 \u017eaisl\u0173 pasirinkimas.","robots":{"index":"index","follow":"follow","max-snippet":"max-snippet:-1","max-image-preview":"max-image-preview:large","max-video-preview":"max-video-preview:-1"},"canonical":"https:\/\/kidsplay.lt\/lv\/products\/woopie-green-4in1-veiklos-medis-kulodrom\/","og_locale":"lv_LV","og_type":"article","og_title":"WOOPIE GREEN 4in1 veiklos medis Kulodrom","og_description":"WOOPIE GREEN Veiklos medis Kulodrom Montessori 4in1 FSC - KidsPlay. Did\u017eiausias vaik\u0173 \u017eaisl\u0173 pasirinkimas.","og_url":"https:\/\/kidsplay.lt\/lv\/products\/woopie-green-4in1-veiklos-medis-kulodrom\/","og_site_name":"KidsPlay","article_publisher":"https:\/\/www.facebook.com\/www.kidsplay.lt","article_modified_time":"2026-04-07T08:27:07+00:00","og_image":[{"width":1320,"height":1320,"url":"https:\/\/kidsplay.lt\/wp-content\/uploads\/2025\/10\/WOOPIE-GREEN-Veiklos-medis-Kulodrom-Montessori-4in1-FSC.jpg","type":"image\/jpeg"}],"twitter_card":"summary_large_image","twitter_misc":{"Est. reading time":"2 min\u016btes"},"schema":{"@context":"https:\/\/schema.org","@graph":[{"@type":"WebPage","@id":"https:\/\/kidsplay.lt\/produktas\/woopie-green-4in1-veiklos-medis-kulodrom\/","url":"https:\/\/kidsplay.lt\/produktas\/woopie-green-4in1-veiklos-medis-kulodrom\/","name":"WOOPIE GREEN 4in1 aktivit\u0101\u0161u koks Kulodrom","isPartOf":{"@id":"https:\/\/kidsplay.lt\/#website"},"primaryImageOfPage":{"@id":"https:\/\/kidsplay.lt\/produktas\/woopie-green-4in1-veiklos-medis-kulodrom\/#primaryimage"},"image":{"@id":"https:\/\/kidsplay.lt\/produktas\/woopie-green-4in1-veiklos-medis-kulodrom\/#primaryimage"},"thumbnailUrl":"https:\/\/kidsplay.lt\/wp-content\/uploads\/2025\/10\/WOOPIE-GREEN-Veiklos-medis-Kulodrom-Montessori-4in1-FSC.jpg","datePublished":"2025-10-15T06:49:13+00:00","dateModified":"2026-04-07T08:27:07+00:00","description":"WOOPIE GREEN Veiklos medis Kulodrom Montessori 4in1 FSC - KidsPlay. Did\u017eiausias vaik\u0173 \u017eaisl\u0173 pasirinkimas.","breadcrumb":{"@id":"https:\/\/kidsplay.lt\/produktas\/woopie-green-4in1-veiklos-medis-kulodrom\/#breadcrumb"},"inLanguage":"lv-LV","potentialAction":[{"@type":"ReadAction","target":["https:\/\/kidsplay.lt\/produktas\/woopie-green-4in1-veiklos-medis-kulodrom\/"]}]},{"@type":"ImageObject","inLanguage":"lv-LV","@id":"https:\/\/kidsplay.lt\/produktas\/woopie-green-4in1-veiklos-medis-kulodrom\/#primaryimage","url":"https:\/\/kidsplay.lt\/wp-content\/uploads\/2025\/10\/WOOPIE-GREEN-Veiklos-medis-Kulodrom-Montessori-4in1-FSC.jpg","contentUrl":"https:\/\/kidsplay.lt\/wp-content\/uploads\/2025\/10\/WOOPIE-GREEN-Veiklos-medis-Kulodrom-Montessori-4in1-FSC.jpg","width":1320,"height":1320,"caption":"WOOPIE GREEN Veiklos medis Kulodrom Montessori 4in1 FSC"},{"@type":"BreadcrumbList","@id":"https:\/\/kidsplay.lt\/produktas\/woopie-green-4in1-veiklos-medis-kulodrom\/#breadcrumb","itemListElement":[{"@type":"ListItem","position":1,"name":"Pagrindinis","item":"https:\/\/kidsplay.lt\/"},{"@type":"ListItem","position":2,"name":"Parduotuv\u0117","item":"https:\/\/kidsplay.lt\/parduotuve\/"},{"@type":"ListItem","position":3,"name":"WOOPIE GREEN 4in1 veiklos medis Kulodrom"}]},{"@type":"WebSite","@id":"https:\/\/kidsplay.lt\/#website","url":"https:\/\/kidsplay.lt\/","name":"B\u0113rnu sp\u0113les.lv","description":"\u012evairios prek\u0117s vaikams","publisher":{"@id":"https:\/\/kidsplay.lt\/#organization"},"alternateName":"Kidsplay","potentialAction":[{"@type":"SearchAction","target":{"@type":"EntryPoint","urlTemplate":"https:\/\/kidsplay.lt\/?s={search_term_string}"},"query-input":{"@type":"PropertyValueSpecification","valueRequired":true,"valueName":"search_term_string"}}],"inLanguage":"lv-LV"},{"@type":"Organization","@id":"https:\/\/kidsplay.lt\/#organization","name":"B\u0113rnu sp\u0113le","url":"https:\/\/kidsplay.lt\/","logo":{"@type":"ImageObject","inLanguage":"lv-LV","@id":"https:\/\/kidsplay.lt\/#\/schema\/logo\/image\/","url":"https:\/\/kidsplay.lt\/wp-content\/uploads\/2023\/07\/kidsplay-logo.png","contentUrl":"https:\/\/kidsplay.lt\/wp-content\/uploads\/2023\/07\/kidsplay-logo.png","width":451,"height":98,"caption":"KidsPlay"},"image":{"@id":"https:\/\/kidsplay.lt\/#\/schema\/logo\/image\/"},"sameAs":["https:\/\/www.facebook.com\/www.kidsplay.lt"]}]}},"_links":{"self":[{"href":"https:\/\/kidsplay.lt\/lv\/wp-json\/wp\/v2\/product\/76956","targetHints":{"allow":["GET"]}}],"collection":[{"href":"https:\/\/kidsplay.lt\/lv\/wp-json\/wp\/v2\/product"}],"about":[{"href":"https:\/\/kidsplay.lt\/lv\/wp-json\/wp\/v2\/types\/product"}],"version-history":[{"count":3,"href":"https:\/\/kidsplay.lt\/lv\/wp-json\/wp\/v2\/product\/76956\/revisions"}],"predecessor-version":[{"id":83581,"href":"https:\/\/kidsplay.lt\/lv\/wp-json\/wp\/v2\/product\/76956\/revisions\/83581"}],"wp:featuredmedia":[{"embeddable":true,"href":"https:\/\/kidsplay.lt\/lv\/wp-json\/wp\/v2\/media\/76958"}],"wp:attachment":[{"href":"https:\/\/kidsplay.lt\/lv\/wp-json\/wp\/v2\/media?parent=76956"}],"wp:term":[{"taxonomy":"product_brand","embeddable":true,"href":"https:\/\/kidsplay.lt\/lv\/wp-json\/wp\/v2\/product_brand?post=76956"},{"taxonomy":"product_cat","embeddable":true,"href":"https:\/\/kidsplay.lt\/lv\/wp-json\/wp\/v2\/product_cat?post=76956"},{"taxonomy":"product_tag","embeddable":true,"href":"https:\/\/kidsplay.lt\/lv\/wp-json\/wp\/v2\/product_tag?post=76956"}],"curies":[{"name":"wp","href":"https:\/\/api.w.org\/{rel}","templated":true}]}}