{"id":76966,"date":"2025-10-15T09:49:52","date_gmt":"2025-10-15T06:49:52","guid":{"rendered":"https:\/\/kidsplay.lt\/produktas\/masterkidz-priedu-rinkinys-mix-pins-sraigtiniai-irankiai-352-vnt\/"},"modified":"2026-04-13T14:23:45","modified_gmt":"2026-04-13T11:23:45","slug":"masterkidz-priedu-rinkinys-mix-pins-sraigtiniai-irankiai-352-vnt","status":"publish","type":"product","link":"https:\/\/kidsplay.lt\/lv\/products\/masterkidz-priedu-rinkinys-mix-pins-sraigtiniai-irankiai-352-vnt\/","title":{"rendered":"MASTERKIDZ piederumu komplekts, da\u017e\u0101du tapu un skr\u016bvgrie\u017eu instrumenti, 352 gab."},"content":{"rendered":"<p>STEM pried\u0173 rinkinys\u00a0i\u0161 mark\u0117s\u00a0Masterkidz\u00a0ji savyje savyje talpina\u00a0pagrindiniai priedai \u017eaid\u017eiant su Masterkidz STEM sistema\u201e. Yra 128 kai\u0161\u010di\u0173 gabalai, 128 var\u017et\u0173 gabalai, 64 geometrini\u0173 kai\u0161\u010di\u0173 gabalai, 2 \u012franki\u0173 rinkiniai, 18 krumpliara\u010di\u0173, ratas su rankena ir grandine.\u00a0 \u0160is rinkinys skirtas\u00a0k\u016brybi\u0161kas linksmyb\u0117s\u00a0ir tyrin\u0117ti mokslo pasaul\u012f per\u00a0eksperimentavimas ir konstravimas\u201e.\u00a0Vaikai gali naudoti \u0161iuos priedus, kad sukurt\u0173 \u012fvairius modelius ir strukt\u016bras, o tai lavina j\u0173 rankinius \u012fg\u016bd\u017eius, login\u012f m\u0105stym\u0105 ir pagrindini\u0173 mechanikos bei in\u017einerijos princip\u0173 supratim\u0105. \u0160is rinkinys yra\u00a0puiki prad\u017eia pramogoms su STEM sistema i\u0161 Masterkidz\u201e. Jis suderinamas tiek su sienin\u0117mis, tiek su laisvai stovin\u010diomis lentomis, kuri\u0173 reikia norint prad\u0117ti \u017eaisti.<\/p>\n<p>Raksturojums:<\/p>\n<p> \t&#8211; Vaikams\u00a0nuo 3 met\u0173 am\u017eiaus<br \/>\n \t&#8211;\u00a0Tobulas starterio rinkinys\u00a0\u012f sistem\u0105\u00a0STIEBAS\u00a0Masterkidz<br \/>\n \t&#8211; Rinkinio elementai yra suderinami su numatytomis lentomis\u00a0vidiniam naudojimui\u00a0ir\u00a0i\u0161orinis<\/p>\n<p>Komplekt\u0101 ietilpst:<\/p>\n<p> \t&#8211; 128 spalvoti kai\u0161\u010diai\u00a0skirtingomis spalvomis.<br \/>\n \t&#8211; 128 spalvoti var\u017etai\u00a0skirtingomis spalvomis.<br \/>\n \t&#8211; 64 geometri\u0161kos formos kai\u0161\u010diai\u00a0skirtingomis spalvomis.<br \/>\n \t&#8211; 2 rinkiniai po 6 elementus\u00a0\u012frankiai (raktas, atsuktuvas su kei\u010diamais antgaliais).<br \/>\n \t&#8211; 18 pavar\u0173 vienet\u0173\u00a0ir\u00a01 pavar\u0173 rankena\u201e.<br \/>\n \t&#8211; Grandin\u0117\u00a0kilnojam\u0173j\u0173 konstrukcij\u0173 k\u016brimui<\/p>\n<p>D\u0117mesio! Tai lent\u0173 ar stal\u0173 pried\u0173 rinkinys. Pateiktas lentas ar lenteles iliustracin\u0117se nuotraukose galima \u012fsigyti atskirai.<\/p>","protected":false},"excerpt":{"rendered":"<p>STEM pried\u0173 rinkinys\u00a0i\u0161 mark\u0117s\u00a0Masterkidz\u00a0ji savyje savyje talpina\u00a0pagrindiniai priedai \u017eaid\u017eiant su Masterkidz STEM sistema\u201e. Yra 128 kai\u0161\u010di\u0173 gabalai, 128 var\u017et\u0173 gabalai,<\/p>","protected":false},"featured_media":76968,"template":"","meta":{"_acf_changed":false,"_glsr_average":0,"_glsr_ranking":0,"_glsr_reviews":0},"product_brand":[],"product_cat":[673,229],"product_tag":[],"class_list":{"0":"post-76966","1":"product","2":"type-product","3":"status-publish","4":"has-post-thumbnail","6":"product_cat-ugdomosios-priemones","7":"product_cat-zaislai-vaikams","8":"\"style=\"background-color: #2ecc711c;\"","10":"first","11":"instock","12":"purchasable","13":"product-type-simple"},"acf":[],"yoast_head":"<!-- This site is optimized with the Yoast SEO plugin v27.4 - https:\/\/yoast.com\/product\/yoast-seo-wordpress\/ -->\n<title>MASTERKIDZ Pried\u0173 rinkinys Mix Pins Sraigtiniai \u012erankiai 352 vnt.<\/title>\n<meta name=\"description\" content=\"MASTERKIDZ Pried\u0173 rinkinys Mix Pins Sraigtiniai \u012erankiai 352 vnt. - KidsPlay. Did\u017eiausias vaik\u0173 \u017eaisl\u0173 pasirinkimas.\" \/>\n<meta name=\"robots\" content=\"index, follow, max-snippet:-1, max-image-preview:large, max-video-preview:-1\" \/>\n<link rel=\"canonical\" href=\"https:\/\/kidsplay.lt\/lv\/products\/masterkidz-priedu-rinkinys-mix-pins-sraigtiniai-irankiai-352-vnt\/\" \/>\n<meta property=\"og:locale\" content=\"lv_LV\" \/>\n<meta property=\"og:type\" content=\"article\" \/>\n<meta property=\"og:title\" content=\"MASTERKIDZ Pried\u0173 rinkinys Mix Pins Sraigtiniai \u012erankiai 352 vnt.\" \/>\n<meta property=\"og:description\" content=\"MASTERKIDZ Pried\u0173 rinkinys Mix Pins Sraigtiniai \u012erankiai 352 vnt. - KidsPlay. Did\u017eiausias vaik\u0173 \u017eaisl\u0173 pasirinkimas.\" \/>\n<meta property=\"og:url\" content=\"https:\/\/kidsplay.lt\/lv\/products\/masterkidz-priedu-rinkinys-mix-pins-sraigtiniai-irankiai-352-vnt\/\" \/>\n<meta property=\"og:site_name\" content=\"KidsPlay\" \/>\n<meta property=\"article:publisher\" content=\"https:\/\/www.facebook.com\/www.kidsplay.lt\" \/>\n<meta property=\"article:modified_time\" content=\"2026-04-13T11:23:45+00:00\" \/>\n<meta property=\"og:image\" content=\"https:\/\/kidsplay.lt\/wp-content\/uploads\/2025\/10\/MASTERKIDZ-Priedu-rinkinys-Mix-Pins-Sraigtiniai-Irankiai-352-vnt.jpg\" \/>\n\t<meta property=\"og:image:width\" content=\"2560\" \/>\n\t<meta property=\"og:image:height\" content=\"2560\" \/>\n\t<meta property=\"og:image:type\" content=\"image\/jpeg\" \/>\n<meta name=\"twitter:card\" content=\"summary_large_image\" \/>\n<meta name=\"twitter:label1\" content=\"Est. reading time\" \/>\n\t<meta name=\"twitter:data1\" content=\"1 min\u016bte\" \/>\n<script type=\"application\/ld+json\" class=\"yoast-schema-graph\">{\"@context\":\"https:\\\/\\\/schema.org\",\"@graph\":[{\"@type\":\"WebPage\",\"@id\":\"https:\\\/\\\/kidsplay.lt\\\/produktas\\\/masterkidz-priedu-rinkinys-mix-pins-sraigtiniai-irankiai-352-vnt\\\/\",\"url\":\"https:\\\/\\\/kidsplay.lt\\\/produktas\\\/masterkidz-priedu-rinkinys-mix-pins-sraigtiniai-irankiai-352-vnt\\\/\",\"name\":\"MASTERKIDZ Pried\u0173 rinkinys Mix Pins Sraigtiniai \u012erankiai 352 vnt.\",\"isPartOf\":{\"@id\":\"https:\\\/\\\/kidsplay.lt\\\/#website\"},\"primaryImageOfPage\":{\"@id\":\"https:\\\/\\\/kidsplay.lt\\\/produktas\\\/masterkidz-priedu-rinkinys-mix-pins-sraigtiniai-irankiai-352-vnt\\\/#primaryimage\"},\"image\":{\"@id\":\"https:\\\/\\\/kidsplay.lt\\\/produktas\\\/masterkidz-priedu-rinkinys-mix-pins-sraigtiniai-irankiai-352-vnt\\\/#primaryimage\"},\"thumbnailUrl\":\"https:\\\/\\\/kidsplay.lt\\\/wp-content\\\/uploads\\\/2025\\\/10\\\/MASTERKIDZ-Priedu-rinkinys-Mix-Pins-Sraigtiniai-Irankiai-352-vnt.jpg\",\"datePublished\":\"2025-10-15T06:49:52+00:00\",\"dateModified\":\"2026-04-13T11:23:45+00:00\",\"description\":\"MASTERKIDZ Pried\u0173 rinkinys Mix Pins Sraigtiniai \u012erankiai 352 vnt. - KidsPlay. Did\u017eiausias vaik\u0173 \u017eaisl\u0173 pasirinkimas.\",\"breadcrumb\":{\"@id\":\"https:\\\/\\\/kidsplay.lt\\\/produktas\\\/masterkidz-priedu-rinkinys-mix-pins-sraigtiniai-irankiai-352-vnt\\\/#breadcrumb\"},\"inLanguage\":\"lv-LV\",\"potentialAction\":[{\"@type\":\"ReadAction\",\"target\":[\"https:\\\/\\\/kidsplay.lt\\\/produktas\\\/masterkidz-priedu-rinkinys-mix-pins-sraigtiniai-irankiai-352-vnt\\\/\"]}]},{\"@type\":\"ImageObject\",\"inLanguage\":\"lv-LV\",\"@id\":\"https:\\\/\\\/kidsplay.lt\\\/produktas\\\/masterkidz-priedu-rinkinys-mix-pins-sraigtiniai-irankiai-352-vnt\\\/#primaryimage\",\"url\":\"https:\\\/\\\/kidsplay.lt\\\/wp-content\\\/uploads\\\/2025\\\/10\\\/MASTERKIDZ-Priedu-rinkinys-Mix-Pins-Sraigtiniai-Irankiai-352-vnt.jpg\",\"contentUrl\":\"https:\\\/\\\/kidsplay.lt\\\/wp-content\\\/uploads\\\/2025\\\/10\\\/MASTERKIDZ-Priedu-rinkinys-Mix-Pins-Sraigtiniai-Irankiai-352-vnt.jpg\",\"width\":2560,\"height\":2560,\"caption\":\"MASTERKIDZ Pried\u0173 rinkinys Mix Pins Sraigtiniai \u012erankiai 352 vnt.\"},{\"@type\":\"BreadcrumbList\",\"@id\":\"https:\\\/\\\/kidsplay.lt\\\/produktas\\\/masterkidz-priedu-rinkinys-mix-pins-sraigtiniai-irankiai-352-vnt\\\/#breadcrumb\",\"itemListElement\":[{\"@type\":\"ListItem\",\"position\":1,\"name\":\"Pagrindinis\",\"item\":\"https:\\\/\\\/kidsplay.lt\\\/\"},{\"@type\":\"ListItem\",\"position\":2,\"name\":\"Parduotuv\u0117\",\"item\":\"https:\\\/\\\/kidsplay.lt\\\/parduotuve\\\/\"},{\"@type\":\"ListItem\",\"position\":3,\"name\":\"MASTERKIDZ Pried\u0173 rinkinys Mix Pins Sraigtiniai \u012erankiai 352 vnt.\"}]},{\"@type\":\"WebSite\",\"@id\":\"https:\\\/\\\/kidsplay.lt\\\/#website\",\"url\":\"https:\\\/\\\/kidsplay.lt\\\/\",\"name\":\"Kidsplay.lt\",\"description\":\"\u012evairios prek\u0117s vaikams\",\"publisher\":{\"@id\":\"https:\\\/\\\/kidsplay.lt\\\/#organization\"},\"alternateName\":\"Kidsplay\",\"potentialAction\":[{\"@type\":\"SearchAction\",\"target\":{\"@type\":\"EntryPoint\",\"urlTemplate\":\"https:\\\/\\\/kidsplay.lt\\\/?s={search_term_string}\"},\"query-input\":{\"@type\":\"PropertyValueSpecification\",\"valueRequired\":true,\"valueName\":\"search_term_string\"}}],\"inLanguage\":\"lv-LV\"},{\"@type\":\"Organization\",\"@id\":\"https:\\\/\\\/kidsplay.lt\\\/#organization\",\"name\":\"KidsPlay\",\"url\":\"https:\\\/\\\/kidsplay.lt\\\/\",\"logo\":{\"@type\":\"ImageObject\",\"inLanguage\":\"lv-LV\",\"@id\":\"https:\\\/\\\/kidsplay.lt\\\/#\\\/schema\\\/logo\\\/image\\\/\",\"url\":\"https:\\\/\\\/kidsplay.lt\\\/wp-content\\\/uploads\\\/2023\\\/07\\\/kidsplay-logo.png\",\"contentUrl\":\"https:\\\/\\\/kidsplay.lt\\\/wp-content\\\/uploads\\\/2023\\\/07\\\/kidsplay-logo.png\",\"width\":451,\"height\":98,\"caption\":\"KidsPlay\"},\"image\":{\"@id\":\"https:\\\/\\\/kidsplay.lt\\\/#\\\/schema\\\/logo\\\/image\\\/\"},\"sameAs\":[\"https:\\\/\\\/www.facebook.com\\\/www.kidsplay.lt\"]}]}<\/script>\n<!-- \/ Yoast SEO plugin. -->","yoast_head_json":{"title":"MASTERKIDZ piederumu komplekts, da\u017e\u0101du tapu un skr\u016bvgrie\u017eu instrumenti, 352 gab.","description":"MASTERKIDZ Pried\u0173 rinkinys Mix Pins Sraigtiniai \u012erankiai 352 vnt. - KidsPlay. Did\u017eiausias vaik\u0173 \u017eaisl\u0173 pasirinkimas.","robots":{"index":"index","follow":"follow","max-snippet":"max-snippet:-1","max-image-preview":"max-image-preview:large","max-video-preview":"max-video-preview:-1"},"canonical":"https:\/\/kidsplay.lt\/lv\/products\/masterkidz-priedu-rinkinys-mix-pins-sraigtiniai-irankiai-352-vnt\/","og_locale":"lv_LV","og_type":"article","og_title":"MASTERKIDZ Pried\u0173 rinkinys Mix Pins Sraigtiniai \u012erankiai 352 vnt.","og_description":"MASTERKIDZ Pried\u0173 rinkinys Mix Pins Sraigtiniai \u012erankiai 352 vnt. - KidsPlay. Did\u017eiausias vaik\u0173 \u017eaisl\u0173 pasirinkimas.","og_url":"https:\/\/kidsplay.lt\/lv\/products\/masterkidz-priedu-rinkinys-mix-pins-sraigtiniai-irankiai-352-vnt\/","og_site_name":"KidsPlay","article_publisher":"https:\/\/www.facebook.com\/www.kidsplay.lt","article_modified_time":"2026-04-13T11:23:45+00:00","og_image":[{"width":2560,"height":2560,"url":"https:\/\/kidsplay.lt\/wp-content\/uploads\/2025\/10\/MASTERKIDZ-Priedu-rinkinys-Mix-Pins-Sraigtiniai-Irankiai-352-vnt.jpg","type":"image\/jpeg"}],"twitter_card":"summary_large_image","twitter_misc":{"Est. reading time":"1 min\u016bte"},"schema":{"@context":"https:\/\/schema.org","@graph":[{"@type":"WebPage","@id":"https:\/\/kidsplay.lt\/produktas\/masterkidz-priedu-rinkinys-mix-pins-sraigtiniai-irankiai-352-vnt\/","url":"https:\/\/kidsplay.lt\/produktas\/masterkidz-priedu-rinkinys-mix-pins-sraigtiniai-irankiai-352-vnt\/","name":"MASTERKIDZ piederumu komplekts, da\u017e\u0101du tapu un skr\u016bvgrie\u017eu instrumenti, 352 gab.","isPartOf":{"@id":"https:\/\/kidsplay.lt\/#website"},"primaryImageOfPage":{"@id":"https:\/\/kidsplay.lt\/produktas\/masterkidz-priedu-rinkinys-mix-pins-sraigtiniai-irankiai-352-vnt\/#primaryimage"},"image":{"@id":"https:\/\/kidsplay.lt\/produktas\/masterkidz-priedu-rinkinys-mix-pins-sraigtiniai-irankiai-352-vnt\/#primaryimage"},"thumbnailUrl":"https:\/\/kidsplay.lt\/wp-content\/uploads\/2025\/10\/MASTERKIDZ-Priedu-rinkinys-Mix-Pins-Sraigtiniai-Irankiai-352-vnt.jpg","datePublished":"2025-10-15T06:49:52+00:00","dateModified":"2026-04-13T11:23:45+00:00","description":"MASTERKIDZ Pried\u0173 rinkinys Mix Pins Sraigtiniai \u012erankiai 352 vnt. - KidsPlay. Did\u017eiausias vaik\u0173 \u017eaisl\u0173 pasirinkimas.","breadcrumb":{"@id":"https:\/\/kidsplay.lt\/produktas\/masterkidz-priedu-rinkinys-mix-pins-sraigtiniai-irankiai-352-vnt\/#breadcrumb"},"inLanguage":"lv-LV","potentialAction":[{"@type":"ReadAction","target":["https:\/\/kidsplay.lt\/produktas\/masterkidz-priedu-rinkinys-mix-pins-sraigtiniai-irankiai-352-vnt\/"]}]},{"@type":"ImageObject","inLanguage":"lv-LV","@id":"https:\/\/kidsplay.lt\/produktas\/masterkidz-priedu-rinkinys-mix-pins-sraigtiniai-irankiai-352-vnt\/#primaryimage","url":"https:\/\/kidsplay.lt\/wp-content\/uploads\/2025\/10\/MASTERKIDZ-Priedu-rinkinys-Mix-Pins-Sraigtiniai-Irankiai-352-vnt.jpg","contentUrl":"https:\/\/kidsplay.lt\/wp-content\/uploads\/2025\/10\/MASTERKIDZ-Priedu-rinkinys-Mix-Pins-Sraigtiniai-Irankiai-352-vnt.jpg","width":2560,"height":2560,"caption":"MASTERKIDZ Pried\u0173 rinkinys Mix Pins Sraigtiniai \u012erankiai 352 vnt."},{"@type":"BreadcrumbList","@id":"https:\/\/kidsplay.lt\/produktas\/masterkidz-priedu-rinkinys-mix-pins-sraigtiniai-irankiai-352-vnt\/#breadcrumb","itemListElement":[{"@type":"ListItem","position":1,"name":"Pagrindinis","item":"https:\/\/kidsplay.lt\/"},{"@type":"ListItem","position":2,"name":"Parduotuv\u0117","item":"https:\/\/kidsplay.lt\/parduotuve\/"},{"@type":"ListItem","position":3,"name":"MASTERKIDZ Pried\u0173 rinkinys Mix Pins Sraigtiniai \u012erankiai 352 vnt."}]},{"@type":"WebSite","@id":"https:\/\/kidsplay.lt\/#website","url":"https:\/\/kidsplay.lt\/","name":"B\u0113rnu sp\u0113les.lv","description":"\u012evairios prek\u0117s vaikams","publisher":{"@id":"https:\/\/kidsplay.lt\/#organization"},"alternateName":"Kidsplay","potentialAction":[{"@type":"SearchAction","target":{"@type":"EntryPoint","urlTemplate":"https:\/\/kidsplay.lt\/?s={search_term_string}"},"query-input":{"@type":"PropertyValueSpecification","valueRequired":true,"valueName":"search_term_string"}}],"inLanguage":"lv-LV"},{"@type":"Organization","@id":"https:\/\/kidsplay.lt\/#organization","name":"B\u0113rnu sp\u0113le","url":"https:\/\/kidsplay.lt\/","logo":{"@type":"ImageObject","inLanguage":"lv-LV","@id":"https:\/\/kidsplay.lt\/#\/schema\/logo\/image\/","url":"https:\/\/kidsplay.lt\/wp-content\/uploads\/2023\/07\/kidsplay-logo.png","contentUrl":"https:\/\/kidsplay.lt\/wp-content\/uploads\/2023\/07\/kidsplay-logo.png","width":451,"height":98,"caption":"KidsPlay"},"image":{"@id":"https:\/\/kidsplay.lt\/#\/schema\/logo\/image\/"},"sameAs":["https:\/\/www.facebook.com\/www.kidsplay.lt"]}]}},"_links":{"self":[{"href":"https:\/\/kidsplay.lt\/lv\/wp-json\/wp\/v2\/product\/76966","targetHints":{"allow":["GET"]}}],"collection":[{"href":"https:\/\/kidsplay.lt\/lv\/wp-json\/wp\/v2\/product"}],"about":[{"href":"https:\/\/kidsplay.lt\/lv\/wp-json\/wp\/v2\/types\/product"}],"version-history":[{"count":1,"href":"https:\/\/kidsplay.lt\/lv\/wp-json\/wp\/v2\/product\/76966\/revisions"}],"predecessor-version":[{"id":76967,"href":"https:\/\/kidsplay.lt\/lv\/wp-json\/wp\/v2\/product\/76966\/revisions\/76967"}],"wp:featuredmedia":[{"embeddable":true,"href":"https:\/\/kidsplay.lt\/lv\/wp-json\/wp\/v2\/media\/76968"}],"wp:attachment":[{"href":"https:\/\/kidsplay.lt\/lv\/wp-json\/wp\/v2\/media?parent=76966"}],"wp:term":[{"taxonomy":"product_brand","embeddable":true,"href":"https:\/\/kidsplay.lt\/lv\/wp-json\/wp\/v2\/product_brand?post=76966"},{"taxonomy":"product_cat","embeddable":true,"href":"https:\/\/kidsplay.lt\/lv\/wp-json\/wp\/v2\/product_cat?post=76966"},{"taxonomy":"product_tag","embeddable":true,"href":"https:\/\/kidsplay.lt\/lv\/wp-json\/wp\/v2\/product_tag?post=76966"}],"curies":[{"name":"wp","href":"https:\/\/api.w.org\/{rel}","templated":true}]}}