{"id":76981,"date":"2025-10-15T09:51:07","date_gmt":"2025-10-15T06:51:07","guid":{"rendered":"https:\/\/kidsplay.lt\/produktas\/classic-world-pasteline-kudikiu-rinkinio-dezute-pirmieji-mokymosi-zaislai-nuo-12-iki-18-menesiu\/"},"modified":"2026-04-13T14:23:52","modified_gmt":"2026-04-13T11:23:52","slug":"classic-world-pasteline-kudikiu-rinkinio-dezute-pirmieji-mokymosi-zaislai-nuo-12-iki-18-menesiu","status":"publish","type":"product","link":"https:\/\/kidsplay.lt\/lv\/products\/classic-world-pasteline-kudikiu-rinkinio-dezute-pirmieji-mokymosi-zaislai-nuo-12-iki-18-menesiu\/","title":{"rendered":"CLASSIC WORLD Paste\u013cto\u0146u b\u0113rnu komplekts Pirm\u0101s m\u0101c\u012bbu rota\u013clietas 12 l\u012bdz 18 m\u0113ne\u0161iem"},"content":{"rendered":"<p>Sveikinimo mokslo D\u0116\u017dUT\u0116 vaikams<\/p>\n<p>\u0160is ypatingas\u00a0Sveikinimo D\u0116\u017dUT\u0116 mokymuisi\u00a0i\u0161 geros reputacijos prek\u0117s \u017eenklo\u00a0KLASIKINIS PASAULIS\u00a0tai tobulas dovan\u0173 rinkinys kiekvienam ma\u017eyliui! Jis naudojasi nat\u016braliu vaiko smalsumu pasauliui, si\u016blydamas \u012fvairius ir patrauklius \u017eaislus. Rinkinyje rasite\u00a0r\u016b\u0161iuotojas, skai\u010diavimo galvos\u016bkiai, blokai ir mielas per skylut\u0119 \u017eaislas\u00a0triu\u0161io formos. Tai pilnas paketas, kuris palaiko vaiko visapusi\u0161k\u0105 vystym\u0105si vienoje d\u0117\u017eut\u0117je, tobulinant\u00a0motoriniai \u012fg\u016bd\u017eiai ir vizualinis tyrin\u0117jimas\u201e.<\/p>\n<p>Raksturojums:<\/p>\n<p>&#8211;\u00a0Mokomasis rinkinys\u00a0dovan\u0173 d\u0117\u017eut\u0117s pavidalu.<br \/>\n&#8211; Skirta vaikams\u00a0nuo 12 m\u0117nesi\u0173 am\u017eiaus\u201e.<br \/>\n&#8211;\u00a0Universalus paketas\u00a0\u012fvairi\u0173 pl\u0117tros sri\u010di\u0173 r\u0117mimas.<br \/>\n&#8211; Pagaminta i\u0161\u00a0saugios ir patvarios med\u017eiagos\u201e.<\/p>\n<p>Komplekt\u0101 ietilpst:<\/p>\n<p>&#8211; Medin\u0117s formos r\u016b\u0161iuotojas<br \/>\n&#8211; Galvos\u016bkiai, kaip i\u0161mokti skai\u010diuoti su modeliais<br \/>\n&#8211; Blok\u0173 rinkinys<br \/>\n&#8211; Triu\u0161io formos kiaurym\u0117s \u017eaislas<\/p>","protected":false},"excerpt":{"rendered":"<p>Sveikinimo mokslo D\u0116\u017dUT\u0116 vaikams \u0160is ypatingas\u00a0Sveikinimo D\u0116\u017dUT\u0116 mokymuisi\u00a0i\u0161 geros reputacijos prek\u0117s \u017eenklo\u00a0KLASIKINIS PASAULIS\u00a0tai tobulas dovan\u0173 rinkinys kiekvienam ma\u017eyliui! Jis naudojasi<\/p>","protected":false},"featured_media":76983,"template":"","meta":{"_acf_changed":false,"_glsr_average":0,"_glsr_ranking":0,"_glsr_reviews":0},"product_brand":[],"product_cat":[265,366,365,372,229,800],"product_tag":[],"class_list":{"0":"post-76981","1":"product","2":"type-product","3":"status-publish","4":"has-post-thumbnail","6":"product_cat-dovanu-idejos","7":"product_cat-dovanu-idejos-berniukams","8":"product_cat-dovanu-idejos-mergaitems","9":"product_cat-vaiku-sventems","10":"product_cat-zaislai-vaikams","11":"product_cat-zaislu-komplektai","12":"\"style=\"background-color: #2ecc711c;\"","14":"first","15":"instock","16":"sale","17":"purchasable","18":"product-type-simple"},"acf":[],"yoast_head":"<!-- This site is optimized with the Yoast SEO plugin v27.4 - https:\/\/yoast.com\/product\/yoast-seo-wordpress\/ -->\n<title>CLASSIC WORLD Pastelin\u0117 k\u016bdiki\u0173 rinkinio d\u0117\u017eut\u0117 Pirmieji mokymosi \u017eaislai nuo 12 iki 18 m\u0117nesi\u0173<\/title>\n<meta name=\"description\" content=\"CLASSIC WORLD Pastelin\u0117 k\u016bdiki\u0173 rinkinio d\u0117\u017eut\u0117 Pirmieji mokymosi \u017eaislai nuo 12 iki 18 m\u0117nesi\u0173 - KidsPlay. Did\u017eiausias vaik\u0173 \u017eaisl\u0173 pasirinkimas.\" \/>\n<meta name=\"robots\" content=\"index, follow, max-snippet:-1, max-image-preview:large, max-video-preview:-1\" \/>\n<link rel=\"canonical\" href=\"https:\/\/kidsplay.lt\/lv\/products\/classic-world-pasteline-kudikiu-rinkinio-dezute-pirmieji-mokymosi-zaislai-nuo-12-iki-18-menesiu\/\" \/>\n<meta property=\"og:locale\" content=\"lv_LV\" \/>\n<meta property=\"og:type\" content=\"article\" \/>\n<meta property=\"og:title\" content=\"CLASSIC WORLD Pastelin\u0117 k\u016bdiki\u0173 rinkinio d\u0117\u017eut\u0117 Pirmieji mokymosi \u017eaislai nuo 12 iki 18 m\u0117nesi\u0173\" \/>\n<meta property=\"og:description\" content=\"CLASSIC WORLD Pastelin\u0117 k\u016bdiki\u0173 rinkinio d\u0117\u017eut\u0117 Pirmieji mokymosi \u017eaislai nuo 12 iki 18 m\u0117nesi\u0173 - KidsPlay. Did\u017eiausias vaik\u0173 \u017eaisl\u0173 pasirinkimas.\" \/>\n<meta property=\"og:url\" content=\"https:\/\/kidsplay.lt\/lv\/products\/classic-world-pasteline-kudikiu-rinkinio-dezute-pirmieji-mokymosi-zaislai-nuo-12-iki-18-menesiu\/\" \/>\n<meta property=\"og:site_name\" content=\"KidsPlay\" \/>\n<meta property=\"article:publisher\" content=\"https:\/\/www.facebook.com\/www.kidsplay.lt\" \/>\n<meta property=\"article:modified_time\" content=\"2026-04-13T11:23:52+00:00\" \/>\n<meta property=\"og:image\" content=\"https:\/\/kidsplay.lt\/wp-content\/uploads\/2025\/10\/CLASSIC-WORLD-Pasteline-kudikiu-rinkinio-dezute-Pirmieji-mokymosi-zaislai-nuo-12-iki-18-menesiu-800x800.jpg\" \/>\n\t<meta property=\"og:image:width\" content=\"800\" \/>\n\t<meta property=\"og:image:height\" content=\"800\" \/>\n\t<meta property=\"og:image:type\" content=\"image\/png\" \/>\n<meta name=\"twitter:card\" content=\"summary_large_image\" \/>\n<meta name=\"twitter:label1\" content=\"Est. reading time\" \/>\n\t<meta name=\"twitter:data1\" content=\"1 min\u016bte\" \/>\n<script type=\"application\/ld+json\" class=\"yoast-schema-graph\">{\"@context\":\"https:\\\/\\\/schema.org\",\"@graph\":[{\"@type\":\"WebPage\",\"@id\":\"https:\\\/\\\/kidsplay.lt\\\/produktas\\\/classic-world-pasteline-kudikiu-rinkinio-dezute-pirmieji-mokymosi-zaislai-nuo-12-iki-18-menesiu\\\/\",\"url\":\"https:\\\/\\\/kidsplay.lt\\\/produktas\\\/classic-world-pasteline-kudikiu-rinkinio-dezute-pirmieji-mokymosi-zaislai-nuo-12-iki-18-menesiu\\\/\",\"name\":\"CLASSIC WORLD Pastelin\u0117 k\u016bdiki\u0173 rinkinio d\u0117\u017eut\u0117 Pirmieji mokymosi \u017eaislai nuo 12 iki 18 m\u0117nesi\u0173\",\"isPartOf\":{\"@id\":\"https:\\\/\\\/kidsplay.lt\\\/#website\"},\"primaryImageOfPage\":{\"@id\":\"https:\\\/\\\/kidsplay.lt\\\/produktas\\\/classic-world-pasteline-kudikiu-rinkinio-dezute-pirmieji-mokymosi-zaislai-nuo-12-iki-18-menesiu\\\/#primaryimage\"},\"image\":{\"@id\":\"https:\\\/\\\/kidsplay.lt\\\/produktas\\\/classic-world-pasteline-kudikiu-rinkinio-dezute-pirmieji-mokymosi-zaislai-nuo-12-iki-18-menesiu\\\/#primaryimage\"},\"thumbnailUrl\":\"https:\\\/\\\/kidsplay.lt\\\/wp-content\\\/uploads\\\/2025\\\/10\\\/CLASSIC-WORLD-Pasteline-kudikiu-rinkinio-dezute-Pirmieji-mokymosi-zaislai-nuo-12-iki-18-menesiu.jpg\",\"datePublished\":\"2025-10-15T06:51:07+00:00\",\"dateModified\":\"2026-04-13T11:23:52+00:00\",\"description\":\"CLASSIC WORLD Pastelin\u0117 k\u016bdiki\u0173 rinkinio d\u0117\u017eut\u0117 Pirmieji mokymosi \u017eaislai nuo 12 iki 18 m\u0117nesi\u0173 - KidsPlay. Did\u017eiausias vaik\u0173 \u017eaisl\u0173 pasirinkimas.\",\"breadcrumb\":{\"@id\":\"https:\\\/\\\/kidsplay.lt\\\/produktas\\\/classic-world-pasteline-kudikiu-rinkinio-dezute-pirmieji-mokymosi-zaislai-nuo-12-iki-18-menesiu\\\/#breadcrumb\"},\"inLanguage\":\"lv-LV\",\"potentialAction\":[{\"@type\":\"ReadAction\",\"target\":[\"https:\\\/\\\/kidsplay.lt\\\/produktas\\\/classic-world-pasteline-kudikiu-rinkinio-dezute-pirmieji-mokymosi-zaislai-nuo-12-iki-18-menesiu\\\/\"]}]},{\"@type\":\"ImageObject\",\"inLanguage\":\"lv-LV\",\"@id\":\"https:\\\/\\\/kidsplay.lt\\\/produktas\\\/classic-world-pasteline-kudikiu-rinkinio-dezute-pirmieji-mokymosi-zaislai-nuo-12-iki-18-menesiu\\\/#primaryimage\",\"url\":\"https:\\\/\\\/kidsplay.lt\\\/wp-content\\\/uploads\\\/2025\\\/10\\\/CLASSIC-WORLD-Pasteline-kudikiu-rinkinio-dezute-Pirmieji-mokymosi-zaislai-nuo-12-iki-18-menesiu.jpg\",\"contentUrl\":\"https:\\\/\\\/kidsplay.lt\\\/wp-content\\\/uploads\\\/2025\\\/10\\\/CLASSIC-WORLD-Pasteline-kudikiu-rinkinio-dezute-Pirmieji-mokymosi-zaislai-nuo-12-iki-18-menesiu.jpg\",\"width\":2560,\"height\":2560,\"caption\":\"CLASSIC WORLD Pastelin\u0117 k\u016bdiki\u0173 rinkinio d\u0117\u017eut\u0117 Pirmieji mokymosi \u017eaislai nuo 12 iki 18 m\u0117nesi\u0173\"},{\"@type\":\"BreadcrumbList\",\"@id\":\"https:\\\/\\\/kidsplay.lt\\\/produktas\\\/classic-world-pasteline-kudikiu-rinkinio-dezute-pirmieji-mokymosi-zaislai-nuo-12-iki-18-menesiu\\\/#breadcrumb\",\"itemListElement\":[{\"@type\":\"ListItem\",\"position\":1,\"name\":\"Pagrindinis\",\"item\":\"https:\\\/\\\/kidsplay.lt\\\/\"},{\"@type\":\"ListItem\",\"position\":2,\"name\":\"Parduotuv\u0117\",\"item\":\"https:\\\/\\\/kidsplay.lt\\\/parduotuve\\\/\"},{\"@type\":\"ListItem\",\"position\":3,\"name\":\"CLASSIC WORLD Pastelin\u0117 k\u016bdiki\u0173 rinkinio d\u0117\u017eut\u0117 Pirmieji mokymosi \u017eaislai nuo 12 iki 18 m\u0117nesi\u0173\"}]},{\"@type\":\"WebSite\",\"@id\":\"https:\\\/\\\/kidsplay.lt\\\/#website\",\"url\":\"https:\\\/\\\/kidsplay.lt\\\/\",\"name\":\"Kidsplay.lt\",\"description\":\"\u012evairios prek\u0117s vaikams\",\"publisher\":{\"@id\":\"https:\\\/\\\/kidsplay.lt\\\/#organization\"},\"alternateName\":\"Kidsplay\",\"potentialAction\":[{\"@type\":\"SearchAction\",\"target\":{\"@type\":\"EntryPoint\",\"urlTemplate\":\"https:\\\/\\\/kidsplay.lt\\\/?s={search_term_string}\"},\"query-input\":{\"@type\":\"PropertyValueSpecification\",\"valueRequired\":true,\"valueName\":\"search_term_string\"}}],\"inLanguage\":\"lv-LV\"},{\"@type\":\"Organization\",\"@id\":\"https:\\\/\\\/kidsplay.lt\\\/#organization\",\"name\":\"KidsPlay\",\"url\":\"https:\\\/\\\/kidsplay.lt\\\/\",\"logo\":{\"@type\":\"ImageObject\",\"inLanguage\":\"lv-LV\",\"@id\":\"https:\\\/\\\/kidsplay.lt\\\/#\\\/schema\\\/logo\\\/image\\\/\",\"url\":\"https:\\\/\\\/kidsplay.lt\\\/wp-content\\\/uploads\\\/2023\\\/07\\\/kidsplay-logo.png\",\"contentUrl\":\"https:\\\/\\\/kidsplay.lt\\\/wp-content\\\/uploads\\\/2023\\\/07\\\/kidsplay-logo.png\",\"width\":451,\"height\":98,\"caption\":\"KidsPlay\"},\"image\":{\"@id\":\"https:\\\/\\\/kidsplay.lt\\\/#\\\/schema\\\/logo\\\/image\\\/\"},\"sameAs\":[\"https:\\\/\\\/www.facebook.com\\\/www.kidsplay.lt\"]}]}<\/script>\n<!-- \/ Yoast SEO plugin. -->","yoast_head_json":{"title":"CLASSIC WORLD Paste\u013cto\u0146u b\u0113rnu komplekts Pirm\u0101s m\u0101c\u012bbu rota\u013clietas 12 l\u012bdz 18 m\u0113ne\u0161iem","description":"CLASSIC WORLD Pastelin\u0117 k\u016bdiki\u0173 rinkinio d\u0117\u017eut\u0117 Pirmieji mokymosi \u017eaislai nuo 12 iki 18 m\u0117nesi\u0173 - KidsPlay. Did\u017eiausias vaik\u0173 \u017eaisl\u0173 pasirinkimas.","robots":{"index":"index","follow":"follow","max-snippet":"max-snippet:-1","max-image-preview":"max-image-preview:large","max-video-preview":"max-video-preview:-1"},"canonical":"https:\/\/kidsplay.lt\/lv\/products\/classic-world-pasteline-kudikiu-rinkinio-dezute-pirmieji-mokymosi-zaislai-nuo-12-iki-18-menesiu\/","og_locale":"lv_LV","og_type":"article","og_title":"CLASSIC WORLD Pastelin\u0117 k\u016bdiki\u0173 rinkinio d\u0117\u017eut\u0117 Pirmieji mokymosi \u017eaislai nuo 12 iki 18 m\u0117nesi\u0173","og_description":"CLASSIC WORLD Pastelin\u0117 k\u016bdiki\u0173 rinkinio d\u0117\u017eut\u0117 Pirmieji mokymosi \u017eaislai nuo 12 iki 18 m\u0117nesi\u0173 - KidsPlay. Did\u017eiausias vaik\u0173 \u017eaisl\u0173 pasirinkimas.","og_url":"https:\/\/kidsplay.lt\/lv\/products\/classic-world-pasteline-kudikiu-rinkinio-dezute-pirmieji-mokymosi-zaislai-nuo-12-iki-18-menesiu\/","og_site_name":"KidsPlay","article_publisher":"https:\/\/www.facebook.com\/www.kidsplay.lt","article_modified_time":"2026-04-13T11:23:52+00:00","og_image":[{"width":800,"height":800,"url":"https:\/\/kidsplay.lt\/wp-content\/uploads\/2025\/10\/CLASSIC-WORLD-Pasteline-kudikiu-rinkinio-dezute-Pirmieji-mokymosi-zaislai-nuo-12-iki-18-menesiu-800x800.jpg","type":"image\/png"}],"twitter_card":"summary_large_image","twitter_misc":{"Est. reading time":"1 min\u016bte"},"schema":{"@context":"https:\/\/schema.org","@graph":[{"@type":"WebPage","@id":"https:\/\/kidsplay.lt\/produktas\/classic-world-pasteline-kudikiu-rinkinio-dezute-pirmieji-mokymosi-zaislai-nuo-12-iki-18-menesiu\/","url":"https:\/\/kidsplay.lt\/produktas\/classic-world-pasteline-kudikiu-rinkinio-dezute-pirmieji-mokymosi-zaislai-nuo-12-iki-18-menesiu\/","name":"CLASSIC WORLD Paste\u013cto\u0146u b\u0113rnu komplekts Pirm\u0101s m\u0101c\u012bbu rota\u013clietas 12 l\u012bdz 18 m\u0113ne\u0161iem","isPartOf":{"@id":"https:\/\/kidsplay.lt\/#website"},"primaryImageOfPage":{"@id":"https:\/\/kidsplay.lt\/produktas\/classic-world-pasteline-kudikiu-rinkinio-dezute-pirmieji-mokymosi-zaislai-nuo-12-iki-18-menesiu\/#primaryimage"},"image":{"@id":"https:\/\/kidsplay.lt\/produktas\/classic-world-pasteline-kudikiu-rinkinio-dezute-pirmieji-mokymosi-zaislai-nuo-12-iki-18-menesiu\/#primaryimage"},"thumbnailUrl":"https:\/\/kidsplay.lt\/wp-content\/uploads\/2025\/10\/CLASSIC-WORLD-Pasteline-kudikiu-rinkinio-dezute-Pirmieji-mokymosi-zaislai-nuo-12-iki-18-menesiu.jpg","datePublished":"2025-10-15T06:51:07+00:00","dateModified":"2026-04-13T11:23:52+00:00","description":"CLASSIC WORLD Pastelin\u0117 k\u016bdiki\u0173 rinkinio d\u0117\u017eut\u0117 Pirmieji mokymosi \u017eaislai nuo 12 iki 18 m\u0117nesi\u0173 - KidsPlay. Did\u017eiausias vaik\u0173 \u017eaisl\u0173 pasirinkimas.","breadcrumb":{"@id":"https:\/\/kidsplay.lt\/produktas\/classic-world-pasteline-kudikiu-rinkinio-dezute-pirmieji-mokymosi-zaislai-nuo-12-iki-18-menesiu\/#breadcrumb"},"inLanguage":"lv-LV","potentialAction":[{"@type":"ReadAction","target":["https:\/\/kidsplay.lt\/produktas\/classic-world-pasteline-kudikiu-rinkinio-dezute-pirmieji-mokymosi-zaislai-nuo-12-iki-18-menesiu\/"]}]},{"@type":"ImageObject","inLanguage":"lv-LV","@id":"https:\/\/kidsplay.lt\/produktas\/classic-world-pasteline-kudikiu-rinkinio-dezute-pirmieji-mokymosi-zaislai-nuo-12-iki-18-menesiu\/#primaryimage","url":"https:\/\/kidsplay.lt\/wp-content\/uploads\/2025\/10\/CLASSIC-WORLD-Pasteline-kudikiu-rinkinio-dezute-Pirmieji-mokymosi-zaislai-nuo-12-iki-18-menesiu.jpg","contentUrl":"https:\/\/kidsplay.lt\/wp-content\/uploads\/2025\/10\/CLASSIC-WORLD-Pasteline-kudikiu-rinkinio-dezute-Pirmieji-mokymosi-zaislai-nuo-12-iki-18-menesiu.jpg","width":2560,"height":2560,"caption":"CLASSIC WORLD Pastelin\u0117 k\u016bdiki\u0173 rinkinio d\u0117\u017eut\u0117 Pirmieji mokymosi \u017eaislai nuo 12 iki 18 m\u0117nesi\u0173"},{"@type":"BreadcrumbList","@id":"https:\/\/kidsplay.lt\/produktas\/classic-world-pasteline-kudikiu-rinkinio-dezute-pirmieji-mokymosi-zaislai-nuo-12-iki-18-menesiu\/#breadcrumb","itemListElement":[{"@type":"ListItem","position":1,"name":"Pagrindinis","item":"https:\/\/kidsplay.lt\/"},{"@type":"ListItem","position":2,"name":"Parduotuv\u0117","item":"https:\/\/kidsplay.lt\/parduotuve\/"},{"@type":"ListItem","position":3,"name":"CLASSIC WORLD Pastelin\u0117 k\u016bdiki\u0173 rinkinio d\u0117\u017eut\u0117 Pirmieji mokymosi \u017eaislai nuo 12 iki 18 m\u0117nesi\u0173"}]},{"@type":"WebSite","@id":"https:\/\/kidsplay.lt\/#website","url":"https:\/\/kidsplay.lt\/","name":"B\u0113rnu sp\u0113les.lv","description":"\u012evairios prek\u0117s vaikams","publisher":{"@id":"https:\/\/kidsplay.lt\/#organization"},"alternateName":"Kidsplay","potentialAction":[{"@type":"SearchAction","target":{"@type":"EntryPoint","urlTemplate":"https:\/\/kidsplay.lt\/?s={search_term_string}"},"query-input":{"@type":"PropertyValueSpecification","valueRequired":true,"valueName":"search_term_string"}}],"inLanguage":"lv-LV"},{"@type":"Organization","@id":"https:\/\/kidsplay.lt\/#organization","name":"B\u0113rnu sp\u0113le","url":"https:\/\/kidsplay.lt\/","logo":{"@type":"ImageObject","inLanguage":"lv-LV","@id":"https:\/\/kidsplay.lt\/#\/schema\/logo\/image\/","url":"https:\/\/kidsplay.lt\/wp-content\/uploads\/2023\/07\/kidsplay-logo.png","contentUrl":"https:\/\/kidsplay.lt\/wp-content\/uploads\/2023\/07\/kidsplay-logo.png","width":451,"height":98,"caption":"KidsPlay"},"image":{"@id":"https:\/\/kidsplay.lt\/#\/schema\/logo\/image\/"},"sameAs":["https:\/\/www.facebook.com\/www.kidsplay.lt"]}]}},"_links":{"self":[{"href":"https:\/\/kidsplay.lt\/lv\/wp-json\/wp\/v2\/product\/76981","targetHints":{"allow":["GET"]}}],"collection":[{"href":"https:\/\/kidsplay.lt\/lv\/wp-json\/wp\/v2\/product"}],"about":[{"href":"https:\/\/kidsplay.lt\/lv\/wp-json\/wp\/v2\/types\/product"}],"version-history":[{"count":3,"href":"https:\/\/kidsplay.lt\/lv\/wp-json\/wp\/v2\/product\/76981\/revisions"}],"predecessor-version":[{"id":82612,"href":"https:\/\/kidsplay.lt\/lv\/wp-json\/wp\/v2\/product\/76981\/revisions\/82612"}],"wp:featuredmedia":[{"embeddable":true,"href":"https:\/\/kidsplay.lt\/lv\/wp-json\/wp\/v2\/media\/76983"}],"wp:attachment":[{"href":"https:\/\/kidsplay.lt\/lv\/wp-json\/wp\/v2\/media?parent=76981"}],"wp:term":[{"taxonomy":"product_brand","embeddable":true,"href":"https:\/\/kidsplay.lt\/lv\/wp-json\/wp\/v2\/product_brand?post=76981"},{"taxonomy":"product_cat","embeddable":true,"href":"https:\/\/kidsplay.lt\/lv\/wp-json\/wp\/v2\/product_cat?post=76981"},{"taxonomy":"product_tag","embeddable":true,"href":"https:\/\/kidsplay.lt\/lv\/wp-json\/wp\/v2\/product_tag?post=76981"}],"curies":[{"name":"wp","href":"https:\/\/api.w.org\/{rel}","templated":true}]}}