{"id":77007,"date":"2025-10-16T13:08:18","date_gmt":"2025-10-16T10:08:18","guid":{"rendered":"https:\/\/kidsplay.lt\/produktas\/woopie-rinkinys-konditerijos-uzkandziams-gaminti\/"},"modified":"2026-04-13T14:23:21","modified_gmt":"2026-04-13T11:23:21","slug":"woopie-rinkinys-konditerijos-uzkandziams-gaminti","status":"publish","type":"product","link":"https:\/\/kidsplay.lt\/lv\/products\/woopie-rinkinys-konditerijos-uzkandziams-gaminti\/","title":{"rendered":"WOOPIE komplekts konditorejas uzkodu pagatavo\u0161anai"},"content":{"rendered":"<p>U\u017ekand\u017ei\u0173 gaminimo rinkinys\u00a0i\u0161 mark\u0117s\u00a0Woopie\u00a0tai kiekvieno ma\u017eo gurmano ir trok\u0161tan\u010dio vir\u0117jo svajon\u0117s i\u0161sipildymas. \u0160is \u017eavus, ne\u0161iojamas u\u017ekand\u017ei\u0173 baras \u017eaidim\u0173 rinkinys leis j\u016bs\u0173 vaikui\u00a0k\u016brybi\u0161kai leisti laik\u0105, lavindamas savo rankinius \u012fg\u016bd\u017eius ir vaizduot\u0119.\u00a0Kompakti\u0161kas, u\u017erakintas patogiame lagamine, puikiai tinka \u017eaisti namuose, su draugais ir keliaujant. Tiesiog atidarykite lagamin\u0105, kad per kelias sekundes i\u0161skleistum\u0117te bar\u0105 ir prad\u0117tum\u0117te savo kulinarinius nuotykius.\u00a0Gausyb\u0117 aksesuar\u0173\u00a0tai garantuoja valand\u0173 valandas \u012ftraukian\u010di\u0173 linksmybi\u0173. Vaikas gali imtis vir\u0117jo, pardav\u0117jo ar kliento vaidmens, kurdamas savo scenarijus ir patiekalus. Rinkinys leid\u017eia paruo\u0161ti m\u0117gstamus u\u017ekand\u017eius, tokius kaip ledai, bulvyt\u0117s, m\u0117sainiai ar sprag\u0117siai. Tiesiog suformuokite tam tikro produkto form\u0105 i\u0161 te\u0161los ir patiekite ant l\u0117k\u0161t\u0117s arba specialioje pakuot\u0117je.\u00a0Auk\u0161tos kokyb\u0117s apdirbimas ir saugios med\u017eiagos\u00a0jie ilg\u0105 laik\u0105 teikia saugias ir ilgalaikes pramogas. Tai puiki dovanos id\u0117ja, kuri tikrai prad\u017eiugins kiekvien\u0105 vaik\u0105 ir suteiks jam daug d\u017eiaugsmo.<\/p>\n<p>Raksturojums:<\/p>\n<p> \t&#8211; Vaiki\u0161kas \u017eaislas\u00a0nuo 3-ojo gyvenimo am\u017eiaus<br \/>\n \t&#8211;\u00a0Spalvingas ir mink\u0161tas pyragas\u00a0\u2013 malonus liesti, netoksi\u0161kas ir lengvai formuojamas<br \/>\n \t&#8211;\u00a0Gausus aksesuar\u0173 rinkinys\u00a0leid\u017eia paruo\u0161ti greit\u0105 maist\u0105 ir desertus<br \/>\n \t&#8211;\u00a0Lagaminas su rankena\u00a0\u2013 patogus vis\u0173 daikt\u0173 laikymas ir tvarkymas<br \/>\n \t&#8211;\u00a0Naudojimo paprastumas\u00a0\u2013 priedai pritaikyti ma\u017eoms rankyt\u0117ms<br \/>\n \t&#8211;\u00a0Daugiafunkcionalumas\u00a0\u2013 geb\u0117jimas sukurti sprag\u0117sius, bulvytes, de\u0161rainius, m\u0117sainius ir ledus<br \/>\n \t&#8211;\u00a0Saugios med\u017eiagos\u00a0\u2013 produktas yra sertifikuotas ir atitinka Europos standartus<br \/>\n \t&#8211;\u00a0K\u016brybi\u0161kumo ir rankini\u0173 \u012fg\u016bd\u017ei\u0173 ugdymas\u00a0\u017eaisdamas vir\u0117jas<\/p>\n<p>Komplekt\u0101 ietilpst:<\/p>\n<p> \t&#8211; patogus lagaminas su rankena ir u\u017esegimu<br \/>\n \t&#8211; 5 pakuot\u0117s spalvoto te\u0161los 3 spalv\u0173<br \/>\n \t&#8211; skustuvas\/spaustuvas formoms formuoti<br \/>\n \t&#8211; semkite led\u0173 formas<br \/>\n \t&#8211; popsicle led\u0173 formos<br \/>\n \t&#8211; ledo puodeli\u0173 formos<br \/>\n \t&#8211; plok\u0161teli\u0173 ir k\u016bgi\u0173 formos<br \/>\n \t&#8211; m\u0117saini\u0173 formel\u0117s (ritinys, m\u0117sa, priedai)<br \/>\n \t&#8211; de\u0161raini\u0173 pel\u0117siai<br \/>\n \t&#8211; French bulvy\u010di\u0173 pjaustykl\u0117s<br \/>\n \t&#8211; sprag\u0117si\u0173 pjaustykl\u0117s<br \/>\n \t&#8211; pel\u0117siai picai ir kitiems u\u017ekand\u017eiams<br \/>\n \t&#8211; serviravimo pad\u0117klai ir l\u0117k\u0161t\u0117s<br \/>\n \t&#8211; kukur\u016bz\u0173 sprag\u0117si\u0173 ir led\u0173 pakuot\u0117s ir puodeliai<br \/>\n \t&#8211; ko\u010d\u0117las<br \/>\n \t&#8211; torto skardos saugus peilis<br \/>\n \t&#8211; \u0161auk\u0161tai ir mentel\u0117s<br \/>\n \t&#8211; dekoratyviniai elementai desert\u0173 dekoravimui<br \/>\n \t&#8211; instrukcijos su id\u0117j\u0173 pavyzd\u017eiais<\/p>","protected":false},"excerpt":{"rendered":"<p>U\u017ekand\u017ei\u0173 gaminimo rinkinys\u00a0i\u0161 mark\u0117s\u00a0Woopie\u00a0tai kiekvieno ma\u017eo gurmano ir trok\u0161tan\u010dio vir\u0117jo svajon\u0117s i\u0161sipildymas. \u0160is \u017eavus, ne\u0161iojamas u\u017ekand\u017ei\u0173 baras \u017eaidim\u0173 rinkinys leis<\/p>","protected":false},"featured_media":77009,"template":"","meta":{"_acf_changed":false,"_glsr_average":0,"_glsr_ranking":0,"_glsr_reviews":0},"product_brand":[],"product_cat":[399,282,229],"product_tag":[],"class_list":{"0":"post-77007","1":"product","2":"type-product","3":"status-publish","4":"has-post-thumbnail","6":"product_cat-vaidmenu-zaidimai-2","7":"product_cat-virtuves-reikmenys-vaidmenu-zaidimai","8":"product_cat-zaislai-vaikams","9":"\"style=\"background-color: #2ecc711c;\"","11":"first","12":"instock","13":"purchasable","14":"product-type-simple"},"acf":[],"yoast_head":"<!-- This site is optimized with the Yoast SEO plugin v27.4 - https:\/\/yoast.com\/product\/yoast-seo-wordpress\/ -->\n<title>WOOPIE rinkinys konditerijos u\u017ekand\u017eiams gaminti<\/title>\n<meta name=\"description\" content=\"WOOPIE rinkinys konditerijos u\u017ekand\u017eiams gaminti - KidsPlay. Did\u017eiausias vaik\u0173 \u017eaisl\u0173 pasirinkimas.\" \/>\n<meta name=\"robots\" content=\"index, follow, max-snippet:-1, max-image-preview:large, max-video-preview:-1\" \/>\n<link rel=\"canonical\" href=\"https:\/\/kidsplay.lt\/lv\/products\/woopie-rinkinys-konditerijos-uzkandziams-gaminti\/\" \/>\n<meta property=\"og:locale\" content=\"lv_LV\" \/>\n<meta property=\"og:type\" content=\"article\" \/>\n<meta property=\"og:title\" content=\"WOOPIE rinkinys konditerijos u\u017ekand\u017eiams gaminti\" \/>\n<meta property=\"og:description\" content=\"WOOPIE rinkinys konditerijos u\u017ekand\u017eiams gaminti - KidsPlay. Did\u017eiausias vaik\u0173 \u017eaisl\u0173 pasirinkimas.\" \/>\n<meta property=\"og:url\" content=\"https:\/\/kidsplay.lt\/lv\/products\/woopie-rinkinys-konditerijos-uzkandziams-gaminti\/\" \/>\n<meta property=\"og:site_name\" content=\"KidsPlay\" \/>\n<meta property=\"article:publisher\" content=\"https:\/\/www.facebook.com\/www.kidsplay.lt\" \/>\n<meta property=\"article:modified_time\" content=\"2026-04-13T11:23:21+00:00\" \/>\n<meta property=\"og:image\" content=\"https:\/\/kidsplay.lt\/wp-content\/uploads\/2025\/10\/WOOPIE-rinkinys-konditerijos-uzkandziams-gaminti.jpg\" \/>\n\t<meta property=\"og:image:width\" content=\"1000\" \/>\n\t<meta property=\"og:image:height\" content=\"1000\" \/>\n\t<meta property=\"og:image:type\" content=\"image\/jpeg\" \/>\n<meta name=\"twitter:card\" content=\"summary_large_image\" \/>\n<meta name=\"twitter:label1\" content=\"Est. reading time\" \/>\n\t<meta name=\"twitter:data1\" content=\"2 min\u016btes\" \/>\n<script type=\"application\/ld+json\" class=\"yoast-schema-graph\">{\"@context\":\"https:\\\/\\\/schema.org\",\"@graph\":[{\"@type\":\"WebPage\",\"@id\":\"https:\\\/\\\/kidsplay.lt\\\/produktas\\\/woopie-rinkinys-konditerijos-uzkandziams-gaminti\\\/\",\"url\":\"https:\\\/\\\/kidsplay.lt\\\/produktas\\\/woopie-rinkinys-konditerijos-uzkandziams-gaminti\\\/\",\"name\":\"WOOPIE rinkinys konditerijos u\u017ekand\u017eiams gaminti\",\"isPartOf\":{\"@id\":\"https:\\\/\\\/kidsplay.lt\\\/#website\"},\"primaryImageOfPage\":{\"@id\":\"https:\\\/\\\/kidsplay.lt\\\/produktas\\\/woopie-rinkinys-konditerijos-uzkandziams-gaminti\\\/#primaryimage\"},\"image\":{\"@id\":\"https:\\\/\\\/kidsplay.lt\\\/produktas\\\/woopie-rinkinys-konditerijos-uzkandziams-gaminti\\\/#primaryimage\"},\"thumbnailUrl\":\"https:\\\/\\\/kidsplay.lt\\\/wp-content\\\/uploads\\\/2025\\\/10\\\/WOOPIE-rinkinys-konditerijos-uzkandziams-gaminti.jpg\",\"datePublished\":\"2025-10-16T10:08:18+00:00\",\"dateModified\":\"2026-04-13T11:23:21+00:00\",\"description\":\"WOOPIE rinkinys konditerijos u\u017ekand\u017eiams gaminti - KidsPlay. Did\u017eiausias vaik\u0173 \u017eaisl\u0173 pasirinkimas.\",\"breadcrumb\":{\"@id\":\"https:\\\/\\\/kidsplay.lt\\\/produktas\\\/woopie-rinkinys-konditerijos-uzkandziams-gaminti\\\/#breadcrumb\"},\"inLanguage\":\"lv-LV\",\"potentialAction\":[{\"@type\":\"ReadAction\",\"target\":[\"https:\\\/\\\/kidsplay.lt\\\/produktas\\\/woopie-rinkinys-konditerijos-uzkandziams-gaminti\\\/\"]}]},{\"@type\":\"ImageObject\",\"inLanguage\":\"lv-LV\",\"@id\":\"https:\\\/\\\/kidsplay.lt\\\/produktas\\\/woopie-rinkinys-konditerijos-uzkandziams-gaminti\\\/#primaryimage\",\"url\":\"https:\\\/\\\/kidsplay.lt\\\/wp-content\\\/uploads\\\/2025\\\/10\\\/WOOPIE-rinkinys-konditerijos-uzkandziams-gaminti.jpg\",\"contentUrl\":\"https:\\\/\\\/kidsplay.lt\\\/wp-content\\\/uploads\\\/2025\\\/10\\\/WOOPIE-rinkinys-konditerijos-uzkandziams-gaminti.jpg\",\"width\":1000,\"height\":1000,\"caption\":\"WOOPIE rinkinys konditerijos u\u017ekand\u017eiams gaminti\"},{\"@type\":\"BreadcrumbList\",\"@id\":\"https:\\\/\\\/kidsplay.lt\\\/produktas\\\/woopie-rinkinys-konditerijos-uzkandziams-gaminti\\\/#breadcrumb\",\"itemListElement\":[{\"@type\":\"ListItem\",\"position\":1,\"name\":\"Pagrindinis\",\"item\":\"https:\\\/\\\/kidsplay.lt\\\/\"},{\"@type\":\"ListItem\",\"position\":2,\"name\":\"Parduotuv\u0117\",\"item\":\"https:\\\/\\\/kidsplay.lt\\\/parduotuve\\\/\"},{\"@type\":\"ListItem\",\"position\":3,\"name\":\"WOOPIE rinkinys konditerijos u\u017ekand\u017eiams gaminti\"}]},{\"@type\":\"WebSite\",\"@id\":\"https:\\\/\\\/kidsplay.lt\\\/#website\",\"url\":\"https:\\\/\\\/kidsplay.lt\\\/\",\"name\":\"Kidsplay.lt\",\"description\":\"\u012evairios prek\u0117s vaikams\",\"publisher\":{\"@id\":\"https:\\\/\\\/kidsplay.lt\\\/#organization\"},\"alternateName\":\"Kidsplay\",\"potentialAction\":[{\"@type\":\"SearchAction\",\"target\":{\"@type\":\"EntryPoint\",\"urlTemplate\":\"https:\\\/\\\/kidsplay.lt\\\/?s={search_term_string}\"},\"query-input\":{\"@type\":\"PropertyValueSpecification\",\"valueRequired\":true,\"valueName\":\"search_term_string\"}}],\"inLanguage\":\"lv-LV\"},{\"@type\":\"Organization\",\"@id\":\"https:\\\/\\\/kidsplay.lt\\\/#organization\",\"name\":\"KidsPlay\",\"url\":\"https:\\\/\\\/kidsplay.lt\\\/\",\"logo\":{\"@type\":\"ImageObject\",\"inLanguage\":\"lv-LV\",\"@id\":\"https:\\\/\\\/kidsplay.lt\\\/#\\\/schema\\\/logo\\\/image\\\/\",\"url\":\"https:\\\/\\\/kidsplay.lt\\\/wp-content\\\/uploads\\\/2023\\\/07\\\/kidsplay-logo.png\",\"contentUrl\":\"https:\\\/\\\/kidsplay.lt\\\/wp-content\\\/uploads\\\/2023\\\/07\\\/kidsplay-logo.png\",\"width\":451,\"height\":98,\"caption\":\"KidsPlay\"},\"image\":{\"@id\":\"https:\\\/\\\/kidsplay.lt\\\/#\\\/schema\\\/logo\\\/image\\\/\"},\"sameAs\":[\"https:\\\/\\\/www.facebook.com\\\/www.kidsplay.lt\"]}]}<\/script>\n<!-- \/ Yoast SEO plugin. -->","yoast_head_json":{"title":"WOOPIE komplekts konditorejas uzkodu pagatavo\u0161anai","description":"WOOPIE rinkinys konditerijos u\u017ekand\u017eiams gaminti - KidsPlay. Did\u017eiausias vaik\u0173 \u017eaisl\u0173 pasirinkimas.","robots":{"index":"index","follow":"follow","max-snippet":"max-snippet:-1","max-image-preview":"max-image-preview:large","max-video-preview":"max-video-preview:-1"},"canonical":"https:\/\/kidsplay.lt\/lv\/products\/woopie-rinkinys-konditerijos-uzkandziams-gaminti\/","og_locale":"lv_LV","og_type":"article","og_title":"WOOPIE rinkinys konditerijos u\u017ekand\u017eiams gaminti","og_description":"WOOPIE rinkinys konditerijos u\u017ekand\u017eiams gaminti - KidsPlay. Did\u017eiausias vaik\u0173 \u017eaisl\u0173 pasirinkimas.","og_url":"https:\/\/kidsplay.lt\/lv\/products\/woopie-rinkinys-konditerijos-uzkandziams-gaminti\/","og_site_name":"KidsPlay","article_publisher":"https:\/\/www.facebook.com\/www.kidsplay.lt","article_modified_time":"2026-04-13T11:23:21+00:00","og_image":[{"width":1000,"height":1000,"url":"https:\/\/kidsplay.lt\/wp-content\/uploads\/2025\/10\/WOOPIE-rinkinys-konditerijos-uzkandziams-gaminti.jpg","type":"image\/jpeg"}],"twitter_card":"summary_large_image","twitter_misc":{"Est. reading time":"2 min\u016btes"},"schema":{"@context":"https:\/\/schema.org","@graph":[{"@type":"WebPage","@id":"https:\/\/kidsplay.lt\/produktas\/woopie-rinkinys-konditerijos-uzkandziams-gaminti\/","url":"https:\/\/kidsplay.lt\/produktas\/woopie-rinkinys-konditerijos-uzkandziams-gaminti\/","name":"WOOPIE komplekts konditorejas uzkodu pagatavo\u0161anai","isPartOf":{"@id":"https:\/\/kidsplay.lt\/#website"},"primaryImageOfPage":{"@id":"https:\/\/kidsplay.lt\/produktas\/woopie-rinkinys-konditerijos-uzkandziams-gaminti\/#primaryimage"},"image":{"@id":"https:\/\/kidsplay.lt\/produktas\/woopie-rinkinys-konditerijos-uzkandziams-gaminti\/#primaryimage"},"thumbnailUrl":"https:\/\/kidsplay.lt\/wp-content\/uploads\/2025\/10\/WOOPIE-rinkinys-konditerijos-uzkandziams-gaminti.jpg","datePublished":"2025-10-16T10:08:18+00:00","dateModified":"2026-04-13T11:23:21+00:00","description":"WOOPIE rinkinys konditerijos u\u017ekand\u017eiams gaminti - KidsPlay. Did\u017eiausias vaik\u0173 \u017eaisl\u0173 pasirinkimas.","breadcrumb":{"@id":"https:\/\/kidsplay.lt\/produktas\/woopie-rinkinys-konditerijos-uzkandziams-gaminti\/#breadcrumb"},"inLanguage":"lv-LV","potentialAction":[{"@type":"ReadAction","target":["https:\/\/kidsplay.lt\/produktas\/woopie-rinkinys-konditerijos-uzkandziams-gaminti\/"]}]},{"@type":"ImageObject","inLanguage":"lv-LV","@id":"https:\/\/kidsplay.lt\/produktas\/woopie-rinkinys-konditerijos-uzkandziams-gaminti\/#primaryimage","url":"https:\/\/kidsplay.lt\/wp-content\/uploads\/2025\/10\/WOOPIE-rinkinys-konditerijos-uzkandziams-gaminti.jpg","contentUrl":"https:\/\/kidsplay.lt\/wp-content\/uploads\/2025\/10\/WOOPIE-rinkinys-konditerijos-uzkandziams-gaminti.jpg","width":1000,"height":1000,"caption":"WOOPIE rinkinys konditerijos u\u017ekand\u017eiams gaminti"},{"@type":"BreadcrumbList","@id":"https:\/\/kidsplay.lt\/produktas\/woopie-rinkinys-konditerijos-uzkandziams-gaminti\/#breadcrumb","itemListElement":[{"@type":"ListItem","position":1,"name":"Pagrindinis","item":"https:\/\/kidsplay.lt\/"},{"@type":"ListItem","position":2,"name":"Parduotuv\u0117","item":"https:\/\/kidsplay.lt\/parduotuve\/"},{"@type":"ListItem","position":3,"name":"WOOPIE rinkinys konditerijos u\u017ekand\u017eiams gaminti"}]},{"@type":"WebSite","@id":"https:\/\/kidsplay.lt\/#website","url":"https:\/\/kidsplay.lt\/","name":"B\u0113rnu sp\u0113les.lv","description":"\u012evairios prek\u0117s vaikams","publisher":{"@id":"https:\/\/kidsplay.lt\/#organization"},"alternateName":"Kidsplay","potentialAction":[{"@type":"SearchAction","target":{"@type":"EntryPoint","urlTemplate":"https:\/\/kidsplay.lt\/?s={search_term_string}"},"query-input":{"@type":"PropertyValueSpecification","valueRequired":true,"valueName":"search_term_string"}}],"inLanguage":"lv-LV"},{"@type":"Organization","@id":"https:\/\/kidsplay.lt\/#organization","name":"B\u0113rnu sp\u0113le","url":"https:\/\/kidsplay.lt\/","logo":{"@type":"ImageObject","inLanguage":"lv-LV","@id":"https:\/\/kidsplay.lt\/#\/schema\/logo\/image\/","url":"https:\/\/kidsplay.lt\/wp-content\/uploads\/2023\/07\/kidsplay-logo.png","contentUrl":"https:\/\/kidsplay.lt\/wp-content\/uploads\/2023\/07\/kidsplay-logo.png","width":451,"height":98,"caption":"KidsPlay"},"image":{"@id":"https:\/\/kidsplay.lt\/#\/schema\/logo\/image\/"},"sameAs":["https:\/\/www.facebook.com\/www.kidsplay.lt"]}]}},"_links":{"self":[{"href":"https:\/\/kidsplay.lt\/lv\/wp-json\/wp\/v2\/product\/77007","targetHints":{"allow":["GET"]}}],"collection":[{"href":"https:\/\/kidsplay.lt\/lv\/wp-json\/wp\/v2\/product"}],"about":[{"href":"https:\/\/kidsplay.lt\/lv\/wp-json\/wp\/v2\/types\/product"}],"version-history":[{"count":1,"href":"https:\/\/kidsplay.lt\/lv\/wp-json\/wp\/v2\/product\/77007\/revisions"}],"predecessor-version":[{"id":77008,"href":"https:\/\/kidsplay.lt\/lv\/wp-json\/wp\/v2\/product\/77007\/revisions\/77008"}],"wp:featuredmedia":[{"embeddable":true,"href":"https:\/\/kidsplay.lt\/lv\/wp-json\/wp\/v2\/media\/77009"}],"wp:attachment":[{"href":"https:\/\/kidsplay.lt\/lv\/wp-json\/wp\/v2\/media?parent=77007"}],"wp:term":[{"taxonomy":"product_brand","embeddable":true,"href":"https:\/\/kidsplay.lt\/lv\/wp-json\/wp\/v2\/product_brand?post=77007"},{"taxonomy":"product_cat","embeddable":true,"href":"https:\/\/kidsplay.lt\/lv\/wp-json\/wp\/v2\/product_cat?post=77007"},{"taxonomy":"product_tag","embeddable":true,"href":"https:\/\/kidsplay.lt\/lv\/wp-json\/wp\/v2\/product_tag?post=77007"}],"curies":[{"name":"wp","href":"https:\/\/api.w.org\/{rel}","templated":true}]}}