{"id":77010,"date":"2025-10-16T13:08:28","date_gmt":"2025-10-16T10:08:28","guid":{"rendered":"https:\/\/kidsplay.lt\/produktas\/mochtoys-plytos-eziai-smeigtukai-plytos-farma-dezuteje-100-vnt-3-paveikslai\/"},"modified":"2026-04-13T14:23:23","modified_gmt":"2026-04-13T11:23:23","slug":"mochtoys-plytos-eziai-smeigtukai-plytos-farma-dezuteje-100-vnt-3-paveikslai","status":"publish","type":"product","link":"https:\/\/kidsplay.lt\/lv\/products\/mochtoys-plytos-eziai-smeigtukai-plytos-farma-dezuteje-100-vnt-3-paveikslai\/","title":{"rendered":"MOCHTOYS Kluc\u012b\u0161i E\u017ei Piespraudes Kluc\u012b\u0161i FARMA kast\u012bt\u0113 100 gab. + 3 att\u0113li"},"content":{"rendered":"<p>Rinkinys\u00a0pin Plytos\u00a0\u016akio blokas\u00a0mark\u0117s\u00a0Mo\u010d\u017eaisliai\u00a0jis buvo sukurtas turint omenyje \u012fkv\u0117pim\u0105\u00a0ma\u017eieji statybininkai\u00a0ir skatindamas juos\u00a0k\u016brybingas\u00a0linksma\u00a0statyboje.\u00a0Tiesiai\u00a0statybos\u00a0ir\u00a0lengvumas\u00a0jungiantis\u00a0jie si\u016blo daug galimybi\u0173 k\u016brybi\u0161kai statyti erdvinius pastatus. J\u016bs\u0173 vaikas gali statyti\u00a0nuosavas \u016bkis\u00a0ir susikurkite savo gra\u017e\u0173 pasaul\u012f. Komplekt\u0105 sudaro\u00a0100 blok\u0173\u00a0ir\u00a03 fig\u016bros\u00a0naudoti. Visi blokai pagaminti i\u0161 auk\u0161\u010diausios kokyb\u0117s,\u00a0saugi med\u017eiaga, kuris d\u0117ka jo\u00a0lankstumas, tu gali\u00a0lenktis\u201e. Yra kalad\u0117li\u0173 krovimas\u00a0labai smagu\u00a0ma\u017eyliui ir a\u0161 suteikiame daug naudos per vystym\u0105si\u00a0vaizduot\u0117s,\u00a0k\u016brybi\u0161kumas,\u00a0loginis m\u0105stymas\u00a0ir\u00a0funkcijos\u00a0variklis\u201e. Blokai puikiai tinka vaikams, kurie tik mokosi \u017eaisti su blokais. Ry\u0161kios, kontrastingos spalvos patrauks k\u016bdikio d\u0117mes\u012f ir paskatins mokytis bei \u017eaisti.<\/p>\n<p>Raksturojums:<\/p>\n<p> \t&#8211; pagamintas i\u0161 spalvot\u0173 ir\u00a0draugi\u0161ka med\u017eiaga vaikams<br \/>\n \t&#8211; daug\u00a0juokinga\u00a0ir vertyb\u0117s\u00a0edukacin\u0117s<\/p>\n<p> \t&#8211;\u00a0daug \u012fvairi\u0173 element\u0173:\u00a0kvadratinis, sta\u010diakampis\u00a0ir\u00a0apval\u016bs<br \/>\n \t&#8211;\u00a0\u016bkio tema\u00a0ir galimyb\u0117 i\u0161d\u0117styti skirtingus\u00a0erdvin\u0117s strukt\u016bros\u00a0skirting\u0173 spalv\u0173, pvz., traktorius<br \/>\n \t&#8211;\u00a0tobula pakuot\u0117 dovanai!<\/p>\n<p>Bloko funkcijos:<\/p>\n<p> \t&#8211; jie ugdo ma\u017e\u0173 rank\u0173 rank\u0173 miklum\u0105.\u00a0smulkiosios motorikos \u012fg\u016bd\u017eiai<br \/>\n \t&#8211; pl\u0117toti\u00a0loginis m\u0105stymas<br \/>\n \t&#8211; mokyti asociacij\u0105\u00a0fig\u016bros\u00a0ir\u00a0spalva<br \/>\n \t&#8211; tobula\u00a0judesiai\u00a0precizi\u0161kumas\u00a0ir\u00a0suvokimas\u00a0erdvin\u0117\u00a0vaikas<br \/>\n \t&#8211; blok\u0173 derinimas ir bandymas sujungti juos \u012f strukt\u016bras praktikuoja koordinavim\u0105\u00a0optomotorinis<br \/>\n \t&#8211; turtingas\u00a0da\u017eymas\u00a0vystosi\u00a0vizualinis suvokimas<\/p>\n<p>\u012etraukta:<\/p>\n<p> \t&#8211; 100 blok\u0173\u00a0skirtingi tipai ir spalvos<br \/>\n \t&#8211; 3 fig\u016bros\u00a0(\u016bkininkas, karv\u0117 ir avis)<\/p>\n<p>\u012emon\u0117\u00a0Mo\u010d\u017eaisliai\u00a0tai viena i\u0161 pirmaujan\u010di\u0173 plastikini\u0173 \u017eaisl\u0173 gamintoj\u0173 Europoje. Ji buvo \u012fkurta 1993 metais ir \u0161iuo metu turi dvi modernias gamyklas ir sand\u0117lius. \u012emon\u0117s Produktai\u00a0Mo\u010d\u017eaisliai\u00a0jie buvo s\u0117kmingai parduodami vidaus rinkoje ir visoje Europoje daugiau nei 20 met\u0173. Juos galima rasti did\u017eiausi\u0173 prekybos tinkl\u0173 lentynose ir tradicin\u0117se parduotuv\u0117se, prekiaujan\u010diose vaiki\u0161kais produktais.<\/p>","protected":false},"excerpt":{"rendered":"<p>Rinkinys\u00a0pin Plytos\u00a0\u016akio blokas\u00a0mark\u0117s\u00a0Mo\u010d\u017eaisliai\u00a0jis buvo sukurtas turint omenyje \u012fkv\u0117pim\u0105\u00a0ma\u017eieji statybininkai\u00a0ir skatindamas juos\u00a0k\u016brybingas\u00a0linksma\u00a0statyboje.\u00a0Tiesiai\u00a0statybos\u00a0ir\u00a0lengvumas\u00a0jungiantis\u00a0jie si\u016blo daug galimybi\u0173 k\u016brybi\u0161kai statyti erdvinius pastatus. J\u016bs\u0173 vaikas<\/p>","protected":false},"featured_media":77012,"template":"","meta":{"_acf_changed":false,"_glsr_average":0,"_glsr_ranking":0,"_glsr_reviews":0},"product_brand":[],"product_cat":[446,229],"product_tag":[],"class_list":{"0":"post-77010","1":"product","2":"type-product","3":"status-publish","4":"has-post-thumbnail","6":"product_cat-konstruktoriai","7":"product_cat-zaislai-vaikams","8":"\"style=\"background-color: #2ecc711c;\"","10":"first","11":"instock","12":"sale","13":"purchasable","14":"product-type-simple"},"acf":[],"yoast_head":"<!-- This site is optimized with the Yoast SEO plugin v27.4 - https:\/\/yoast.com\/product\/yoast-seo-wordpress\/ -->\n<title>MOCHTOYS Plytos E\u017eiai Smeigtukai Plytos FARMA d\u0117\u017eut\u0117je 100 vnt. + 3 paveikslai<\/title>\n<meta name=\"description\" content=\"MOCHTOYS Plytos E\u017eiai Smeigtukai Plytos FARMA d\u0117\u017eut\u0117je 100 vnt. + 3 paveikslai - KidsPlay. Did\u017eiausias vaik\u0173 \u017eaisl\u0173 pasirinkimas.\" \/>\n<meta name=\"robots\" content=\"index, follow, max-snippet:-1, max-image-preview:large, max-video-preview:-1\" \/>\n<link rel=\"canonical\" href=\"https:\/\/kidsplay.lt\/lv\/products\/mochtoys-plytos-eziai-smeigtukai-plytos-farma-dezuteje-100-vnt-3-paveikslai\/\" \/>\n<meta property=\"og:locale\" content=\"lv_LV\" \/>\n<meta property=\"og:type\" content=\"article\" \/>\n<meta property=\"og:title\" content=\"MOCHTOYS Plytos E\u017eiai Smeigtukai Plytos FARMA d\u0117\u017eut\u0117je 100 vnt. + 3 paveikslai\" \/>\n<meta property=\"og:description\" content=\"MOCHTOYS Plytos E\u017eiai Smeigtukai Plytos FARMA d\u0117\u017eut\u0117je 100 vnt. + 3 paveikslai - KidsPlay. Did\u017eiausias vaik\u0173 \u017eaisl\u0173 pasirinkimas.\" \/>\n<meta property=\"og:url\" content=\"https:\/\/kidsplay.lt\/lv\/products\/mochtoys-plytos-eziai-smeigtukai-plytos-farma-dezuteje-100-vnt-3-paveikslai\/\" \/>\n<meta property=\"og:site_name\" content=\"KidsPlay\" \/>\n<meta property=\"article:publisher\" content=\"https:\/\/www.facebook.com\/www.kidsplay.lt\" \/>\n<meta property=\"article:modified_time\" content=\"2026-04-13T11:23:23+00:00\" \/>\n<meta property=\"og:image\" content=\"https:\/\/kidsplay.lt\/wp-content\/uploads\/2025\/10\/MOCHTOYS-Plytos-Eziai-Smeigtukai-Plytos-FARMA-dezuteje-100-vnt.-3-paveikslai.jpg\" \/>\n\t<meta property=\"og:image:width\" content=\"610\" \/>\n\t<meta property=\"og:image:height\" content=\"613\" \/>\n\t<meta property=\"og:image:type\" content=\"image\/jpeg\" \/>\n<meta name=\"twitter:card\" content=\"summary_large_image\" \/>\n<meta name=\"twitter:label1\" content=\"Est. reading time\" \/>\n\t<meta name=\"twitter:data1\" content=\"2 min\u016btes\" \/>\n<script type=\"application\/ld+json\" class=\"yoast-schema-graph\">{\"@context\":\"https:\\\/\\\/schema.org\",\"@graph\":[{\"@type\":\"WebPage\",\"@id\":\"https:\\\/\\\/kidsplay.lt\\\/produktas\\\/mochtoys-plytos-eziai-smeigtukai-plytos-farma-dezuteje-100-vnt-3-paveikslai\\\/\",\"url\":\"https:\\\/\\\/kidsplay.lt\\\/produktas\\\/mochtoys-plytos-eziai-smeigtukai-plytos-farma-dezuteje-100-vnt-3-paveikslai\\\/\",\"name\":\"MOCHTOYS Plytos E\u017eiai Smeigtukai Plytos FARMA d\u0117\u017eut\u0117je 100 vnt. + 3 paveikslai\",\"isPartOf\":{\"@id\":\"https:\\\/\\\/kidsplay.lt\\\/#website\"},\"primaryImageOfPage\":{\"@id\":\"https:\\\/\\\/kidsplay.lt\\\/produktas\\\/mochtoys-plytos-eziai-smeigtukai-plytos-farma-dezuteje-100-vnt-3-paveikslai\\\/#primaryimage\"},\"image\":{\"@id\":\"https:\\\/\\\/kidsplay.lt\\\/produktas\\\/mochtoys-plytos-eziai-smeigtukai-plytos-farma-dezuteje-100-vnt-3-paveikslai\\\/#primaryimage\"},\"thumbnailUrl\":\"https:\\\/\\\/kidsplay.lt\\\/wp-content\\\/uploads\\\/2025\\\/10\\\/MOCHTOYS-Plytos-Eziai-Smeigtukai-Plytos-FARMA-dezuteje-100-vnt.-3-paveikslai.jpg\",\"datePublished\":\"2025-10-16T10:08:28+00:00\",\"dateModified\":\"2026-04-13T11:23:23+00:00\",\"description\":\"MOCHTOYS Plytos E\u017eiai Smeigtukai Plytos FARMA d\u0117\u017eut\u0117je 100 vnt. + 3 paveikslai - KidsPlay. Did\u017eiausias vaik\u0173 \u017eaisl\u0173 pasirinkimas.\",\"breadcrumb\":{\"@id\":\"https:\\\/\\\/kidsplay.lt\\\/produktas\\\/mochtoys-plytos-eziai-smeigtukai-plytos-farma-dezuteje-100-vnt-3-paveikslai\\\/#breadcrumb\"},\"inLanguage\":\"lv-LV\",\"potentialAction\":[{\"@type\":\"ReadAction\",\"target\":[\"https:\\\/\\\/kidsplay.lt\\\/produktas\\\/mochtoys-plytos-eziai-smeigtukai-plytos-farma-dezuteje-100-vnt-3-paveikslai\\\/\"]}]},{\"@type\":\"ImageObject\",\"inLanguage\":\"lv-LV\",\"@id\":\"https:\\\/\\\/kidsplay.lt\\\/produktas\\\/mochtoys-plytos-eziai-smeigtukai-plytos-farma-dezuteje-100-vnt-3-paveikslai\\\/#primaryimage\",\"url\":\"https:\\\/\\\/kidsplay.lt\\\/wp-content\\\/uploads\\\/2025\\\/10\\\/MOCHTOYS-Plytos-Eziai-Smeigtukai-Plytos-FARMA-dezuteje-100-vnt.-3-paveikslai.jpg\",\"contentUrl\":\"https:\\\/\\\/kidsplay.lt\\\/wp-content\\\/uploads\\\/2025\\\/10\\\/MOCHTOYS-Plytos-Eziai-Smeigtukai-Plytos-FARMA-dezuteje-100-vnt.-3-paveikslai.jpg\",\"width\":610,\"height\":613,\"caption\":\"MOCHTOYS Plytos E\u017eiai Smeigtukai Plytos FARMA d\u0117\u017eut\u0117je 100 vnt. + 3 paveikslai\"},{\"@type\":\"BreadcrumbList\",\"@id\":\"https:\\\/\\\/kidsplay.lt\\\/produktas\\\/mochtoys-plytos-eziai-smeigtukai-plytos-farma-dezuteje-100-vnt-3-paveikslai\\\/#breadcrumb\",\"itemListElement\":[{\"@type\":\"ListItem\",\"position\":1,\"name\":\"Pagrindinis\",\"item\":\"https:\\\/\\\/kidsplay.lt\\\/\"},{\"@type\":\"ListItem\",\"position\":2,\"name\":\"Parduotuv\u0117\",\"item\":\"https:\\\/\\\/kidsplay.lt\\\/parduotuve\\\/\"},{\"@type\":\"ListItem\",\"position\":3,\"name\":\"MOCHTOYS Plytos E\u017eiai Smeigtukai Plytos FARMA d\u0117\u017eut\u0117je 100 vnt. + 3 paveikslai\"}]},{\"@type\":\"WebSite\",\"@id\":\"https:\\\/\\\/kidsplay.lt\\\/#website\",\"url\":\"https:\\\/\\\/kidsplay.lt\\\/\",\"name\":\"Kidsplay.lt\",\"description\":\"\u012evairios prek\u0117s vaikams\",\"publisher\":{\"@id\":\"https:\\\/\\\/kidsplay.lt\\\/#organization\"},\"alternateName\":\"Kidsplay\",\"potentialAction\":[{\"@type\":\"SearchAction\",\"target\":{\"@type\":\"EntryPoint\",\"urlTemplate\":\"https:\\\/\\\/kidsplay.lt\\\/?s={search_term_string}\"},\"query-input\":{\"@type\":\"PropertyValueSpecification\",\"valueRequired\":true,\"valueName\":\"search_term_string\"}}],\"inLanguage\":\"lv-LV\"},{\"@type\":\"Organization\",\"@id\":\"https:\\\/\\\/kidsplay.lt\\\/#organization\",\"name\":\"KidsPlay\",\"url\":\"https:\\\/\\\/kidsplay.lt\\\/\",\"logo\":{\"@type\":\"ImageObject\",\"inLanguage\":\"lv-LV\",\"@id\":\"https:\\\/\\\/kidsplay.lt\\\/#\\\/schema\\\/logo\\\/image\\\/\",\"url\":\"https:\\\/\\\/kidsplay.lt\\\/wp-content\\\/uploads\\\/2023\\\/07\\\/kidsplay-logo.png\",\"contentUrl\":\"https:\\\/\\\/kidsplay.lt\\\/wp-content\\\/uploads\\\/2023\\\/07\\\/kidsplay-logo.png\",\"width\":451,\"height\":98,\"caption\":\"KidsPlay\"},\"image\":{\"@id\":\"https:\\\/\\\/kidsplay.lt\\\/#\\\/schema\\\/logo\\\/image\\\/\"},\"sameAs\":[\"https:\\\/\\\/www.facebook.com\\\/www.kidsplay.lt\"]}]}<\/script>\n<!-- \/ Yoast SEO plugin. -->","yoast_head_json":{"title":"MOCHTOYS Kluc\u012b\u0161i E\u017ei Piespraudes Kluc\u012b\u0161i FARMA kast\u012bt\u0113 100 gab. + 3 att\u0113li","description":"MOCHTOYS Plytos E\u017eiai Smeigtukai Plytos FARMA d\u0117\u017eut\u0117je 100 vnt. + 3 paveikslai - KidsPlay. Did\u017eiausias vaik\u0173 \u017eaisl\u0173 pasirinkimas.","robots":{"index":"index","follow":"follow","max-snippet":"max-snippet:-1","max-image-preview":"max-image-preview:large","max-video-preview":"max-video-preview:-1"},"canonical":"https:\/\/kidsplay.lt\/lv\/products\/mochtoys-plytos-eziai-smeigtukai-plytos-farma-dezuteje-100-vnt-3-paveikslai\/","og_locale":"lv_LV","og_type":"article","og_title":"MOCHTOYS Plytos E\u017eiai Smeigtukai Plytos FARMA d\u0117\u017eut\u0117je 100 vnt. + 3 paveikslai","og_description":"MOCHTOYS Plytos E\u017eiai Smeigtukai Plytos FARMA d\u0117\u017eut\u0117je 100 vnt. + 3 paveikslai - KidsPlay. Did\u017eiausias vaik\u0173 \u017eaisl\u0173 pasirinkimas.","og_url":"https:\/\/kidsplay.lt\/lv\/products\/mochtoys-plytos-eziai-smeigtukai-plytos-farma-dezuteje-100-vnt-3-paveikslai\/","og_site_name":"KidsPlay","article_publisher":"https:\/\/www.facebook.com\/www.kidsplay.lt","article_modified_time":"2026-04-13T11:23:23+00:00","og_image":[{"width":610,"height":613,"url":"https:\/\/kidsplay.lt\/wp-content\/uploads\/2025\/10\/MOCHTOYS-Plytos-Eziai-Smeigtukai-Plytos-FARMA-dezuteje-100-vnt.-3-paveikslai.jpg","type":"image\/jpeg"}],"twitter_card":"summary_large_image","twitter_misc":{"Est. reading time":"2 min\u016btes"},"schema":{"@context":"https:\/\/schema.org","@graph":[{"@type":"WebPage","@id":"https:\/\/kidsplay.lt\/produktas\/mochtoys-plytos-eziai-smeigtukai-plytos-farma-dezuteje-100-vnt-3-paveikslai\/","url":"https:\/\/kidsplay.lt\/produktas\/mochtoys-plytos-eziai-smeigtukai-plytos-farma-dezuteje-100-vnt-3-paveikslai\/","name":"MOCHTOYS Kluc\u012b\u0161i E\u017ei Piespraudes Kluc\u012b\u0161i FARMA kast\u012bt\u0113 100 gab. + 3 att\u0113li","isPartOf":{"@id":"https:\/\/kidsplay.lt\/#website"},"primaryImageOfPage":{"@id":"https:\/\/kidsplay.lt\/produktas\/mochtoys-plytos-eziai-smeigtukai-plytos-farma-dezuteje-100-vnt-3-paveikslai\/#primaryimage"},"image":{"@id":"https:\/\/kidsplay.lt\/produktas\/mochtoys-plytos-eziai-smeigtukai-plytos-farma-dezuteje-100-vnt-3-paveikslai\/#primaryimage"},"thumbnailUrl":"https:\/\/kidsplay.lt\/wp-content\/uploads\/2025\/10\/MOCHTOYS-Plytos-Eziai-Smeigtukai-Plytos-FARMA-dezuteje-100-vnt.-3-paveikslai.jpg","datePublished":"2025-10-16T10:08:28+00:00","dateModified":"2026-04-13T11:23:23+00:00","description":"MOCHTOYS Plytos E\u017eiai Smeigtukai Plytos FARMA d\u0117\u017eut\u0117je 100 vnt. + 3 paveikslai - KidsPlay. Did\u017eiausias vaik\u0173 \u017eaisl\u0173 pasirinkimas.","breadcrumb":{"@id":"https:\/\/kidsplay.lt\/produktas\/mochtoys-plytos-eziai-smeigtukai-plytos-farma-dezuteje-100-vnt-3-paveikslai\/#breadcrumb"},"inLanguage":"lv-LV","potentialAction":[{"@type":"ReadAction","target":["https:\/\/kidsplay.lt\/produktas\/mochtoys-plytos-eziai-smeigtukai-plytos-farma-dezuteje-100-vnt-3-paveikslai\/"]}]},{"@type":"ImageObject","inLanguage":"lv-LV","@id":"https:\/\/kidsplay.lt\/produktas\/mochtoys-plytos-eziai-smeigtukai-plytos-farma-dezuteje-100-vnt-3-paveikslai\/#primaryimage","url":"https:\/\/kidsplay.lt\/wp-content\/uploads\/2025\/10\/MOCHTOYS-Plytos-Eziai-Smeigtukai-Plytos-FARMA-dezuteje-100-vnt.-3-paveikslai.jpg","contentUrl":"https:\/\/kidsplay.lt\/wp-content\/uploads\/2025\/10\/MOCHTOYS-Plytos-Eziai-Smeigtukai-Plytos-FARMA-dezuteje-100-vnt.-3-paveikslai.jpg","width":610,"height":613,"caption":"MOCHTOYS Plytos E\u017eiai Smeigtukai Plytos FARMA d\u0117\u017eut\u0117je 100 vnt. + 3 paveikslai"},{"@type":"BreadcrumbList","@id":"https:\/\/kidsplay.lt\/produktas\/mochtoys-plytos-eziai-smeigtukai-plytos-farma-dezuteje-100-vnt-3-paveikslai\/#breadcrumb","itemListElement":[{"@type":"ListItem","position":1,"name":"Pagrindinis","item":"https:\/\/kidsplay.lt\/"},{"@type":"ListItem","position":2,"name":"Parduotuv\u0117","item":"https:\/\/kidsplay.lt\/parduotuve\/"},{"@type":"ListItem","position":3,"name":"MOCHTOYS Plytos E\u017eiai Smeigtukai Plytos FARMA d\u0117\u017eut\u0117je 100 vnt. + 3 paveikslai"}]},{"@type":"WebSite","@id":"https:\/\/kidsplay.lt\/#website","url":"https:\/\/kidsplay.lt\/","name":"B\u0113rnu sp\u0113les.lv","description":"\u012evairios prek\u0117s vaikams","publisher":{"@id":"https:\/\/kidsplay.lt\/#organization"},"alternateName":"Kidsplay","potentialAction":[{"@type":"SearchAction","target":{"@type":"EntryPoint","urlTemplate":"https:\/\/kidsplay.lt\/?s={search_term_string}"},"query-input":{"@type":"PropertyValueSpecification","valueRequired":true,"valueName":"search_term_string"}}],"inLanguage":"lv-LV"},{"@type":"Organization","@id":"https:\/\/kidsplay.lt\/#organization","name":"B\u0113rnu sp\u0113le","url":"https:\/\/kidsplay.lt\/","logo":{"@type":"ImageObject","inLanguage":"lv-LV","@id":"https:\/\/kidsplay.lt\/#\/schema\/logo\/image\/","url":"https:\/\/kidsplay.lt\/wp-content\/uploads\/2023\/07\/kidsplay-logo.png","contentUrl":"https:\/\/kidsplay.lt\/wp-content\/uploads\/2023\/07\/kidsplay-logo.png","width":451,"height":98,"caption":"KidsPlay"},"image":{"@id":"https:\/\/kidsplay.lt\/#\/schema\/logo\/image\/"},"sameAs":["https:\/\/www.facebook.com\/www.kidsplay.lt"]}]}},"_links":{"self":[{"href":"https:\/\/kidsplay.lt\/lv\/wp-json\/wp\/v2\/product\/77010","targetHints":{"allow":["GET"]}}],"collection":[{"href":"https:\/\/kidsplay.lt\/lv\/wp-json\/wp\/v2\/product"}],"about":[{"href":"https:\/\/kidsplay.lt\/lv\/wp-json\/wp\/v2\/types\/product"}],"version-history":[{"count":1,"href":"https:\/\/kidsplay.lt\/lv\/wp-json\/wp\/v2\/product\/77010\/revisions"}],"predecessor-version":[{"id":77011,"href":"https:\/\/kidsplay.lt\/lv\/wp-json\/wp\/v2\/product\/77010\/revisions\/77011"}],"wp:featuredmedia":[{"embeddable":true,"href":"https:\/\/kidsplay.lt\/lv\/wp-json\/wp\/v2\/media\/77012"}],"wp:attachment":[{"href":"https:\/\/kidsplay.lt\/lv\/wp-json\/wp\/v2\/media?parent=77010"}],"wp:term":[{"taxonomy":"product_brand","embeddable":true,"href":"https:\/\/kidsplay.lt\/lv\/wp-json\/wp\/v2\/product_brand?post=77010"},{"taxonomy":"product_cat","embeddable":true,"href":"https:\/\/kidsplay.lt\/lv\/wp-json\/wp\/v2\/product_cat?post=77010"},{"taxonomy":"product_tag","embeddable":true,"href":"https:\/\/kidsplay.lt\/lv\/wp-json\/wp\/v2\/product_tag?post=77010"}],"curies":[{"name":"wp","href":"https:\/\/api.w.org\/{rel}","templated":true}]}}