{"id":77015,"date":"2025-10-16T13:08:36","date_gmt":"2025-10-16T10:08:36","guid":{"rendered":"https:\/\/kidsplay.lt\/produktas\/pasidaryk-pats-rinkinys-super-mechanic-irankiu-rinkinys-konstrukcines-pagalveles-isradejas-polesie\/"},"modified":"2026-03-30T19:23:28","modified_gmt":"2026-03-30T16:23:28","slug":"pasidaryk-pats-rinkinys-super-mechanic-irankiu-rinkinys-konstrukcines-pagalveles-isradejas-polesie","status":"publish","type":"product","link":"https:\/\/kidsplay.lt\/lv\/product\/pasidaryk-pats-rinkinys-super-mechanic-irankiu-rinkinys-konstrukcines-pagalveles-isradejas-polesie\/","title":{"rendered":"Pasidaryk pats rinkinys \u201eSuper Mechanic\u201c + \u012eranki\u0173 rinkinys Konstrukcin\u0117s pagalv\u0117l\u0117s \u201eI\u0161rad\u0117jas\u201c Polesie"},"content":{"rendered":"<p>Jei j\u016bs\u0173 vaikas m\u0117gsta pad\u0117ti savo t\u0117\u010diui pasidaryk pats, tai bus\u00a0tobulas rinkinys jam\u201e. Lagamin\u0105 su \u012frankiais galite pasiimti tiesiog bet kur ir puikias ma\u017eo meistro dirbtuves i\u0161 \u017einomos \u012fmon\u0117s\u00a0Poles\u0117\u00a0su\u017eadina\u00a0pal\u016bkanas\u00a0ir\u00a0smalsumas\u00a0ma\u017easis mechanikas. Did\u017eiausi\u0105\u00a0prana\u0161umas\u00a0rinkinys yra\u00a0didelis element\u0173 skai\u010dius, kad vaikas gal\u0117t\u0173 susitvarkyti ir taisyti daugyb\u0119 \u017eaisl\u0173.<\/p>\n<p>Mechanikos rinkinys\u00a0po specialiu stalvir\u0161iu yra lentyna, skirta laikyti \u012frankius, kurie tam tikru momentu yra nereikalingi. Ant cecho \u0161onus jungian\u010dio skersinio (auk\u0161\u010diausioje vietoje) yra kabliukas, pvz., pranc\u016bzi\u0161kam raktui. Be to, jis tiekiamas su pried\u0173 rinkiniu: atsuktuvu, ver\u017eliarak\u010diu, plok\u0161\u010diais sukimo elementais, var\u017etais ir ver\u017el\u0117mis, ranken\u0117l\u0117mis, yda ir \u0161almu. Did\u017eiulis lipduk\u0173 skai\u010dius, \u012ftrauktas \u012f rinkin\u012f, leis patraukliai dekoruoti vis\u0105 dirbtuv\u0119.<\/p>\n<p>Statybiniai blokai\u00a0jauniausiems, kuriuos pasi\u016blysime a\u010di\u016b\u00a0\u012f rinkin\u012f \u012ftraukti \u012frankiai\u201e. J\u016bs, be kita ko, naudosite atsuktuv\u0105, ampul\u0117s ver\u017eliarakt\u012f, atsuktuv\u0105 su kei\u010diamais antgaliais arba plok\u0161\u010di\u0105 ver\u017eliarakt\u012f. Rinkinyje rasite\u00a0142 vienet\u0173 blok\u0173, kurio d\u0117ka pastatysite v\u0117jo mal\u016bn\u0105\/mal\u016bn\u0105 arba transporto priemon\u0119. Jie yra \u012fdedami \u012f prakti\u0161k\u0105 u\u017esegam\u0105 d\u0117\u017eut\u0119. Blokai skirti vaikams i\u0161\u00a03 met\u0173 am\u017eiaus\u201e.<\/p>","protected":false},"excerpt":{"rendered":"<p>Jei j\u016bs\u0173 vaikas m\u0117gsta pad\u0117ti savo t\u0117\u010diui pasidaryk pats, tai bus\u00a0tobulas rinkinys jam\u201e. Lagamin\u0105 su \u012frankiais galite pasiimti tiesiog bet<\/p>","protected":false},"featured_media":77017,"template":"","meta":{"_acf_changed":false,"_glsr_average":0,"_glsr_ranking":0,"_glsr_reviews":0},"product_brand":[],"product_cat":[402,399,229],"product_tag":[],"class_list":{"0":"post-77015","1":"product","2":"type-product","3":"status-publish","4":"has-post-thumbnail","6":"product_cat-dirbtuves-ir-irankiai","7":"product_cat-vaidmenu-zaidimai-2","8":"product_cat-zaislai-vaikams","9":"\"style=\"background-color: #2ecc711c;\"","11":"first","12":"outofstock","13":"purchasable","14":"product-type-simple"},"acf":[],"yoast_head":"<!-- This site is optimized with the Yoast SEO plugin v27.3 - https:\/\/yoast.com\/product\/yoast-seo-wordpress\/ -->\n<title>Pasidaryk pats rinkinys \u201eSuper Mechanic\u201c + \u012eranki\u0173 rinkinys Konstrukcin\u0117s pagalv\u0117l\u0117s \u201eI\u0161rad\u0117jas\u201c Polesie<\/title>\n<meta name=\"description\" content=\"Pasidaryk pats rinkinys \u201eSuper Mechanic\u201c + \u012eranki\u0173 rinkinys Konstrukcin\u0117s pagalv\u0117l\u0117s \u201eI\u0161rad\u0117jas\u201c Polesie - KidsPlay. Did\u017eiausias vaik\u0173 \u017eaisl\u0173 pasirinkimas.\" \/>\n<meta name=\"robots\" content=\"index, follow, max-snippet:-1, max-image-preview:large, max-video-preview:-1\" \/>\n<link rel=\"canonical\" href=\"https:\/\/kidsplay.lt\/lv\/product\/pasidaryk-pats-rinkinys-super-mechanic-irankiu-rinkinys-konstrukcines-pagalveles-isradejas-polesie\/\" \/>\n<meta property=\"og:locale\" content=\"lv_LV\" \/>\n<meta property=\"og:type\" content=\"article\" \/>\n<meta property=\"og:title\" content=\"Pasidaryk pats rinkinys \u201eSuper Mechanic\u201c + \u012eranki\u0173 rinkinys Konstrukcin\u0117s pagalv\u0117l\u0117s \u201eI\u0161rad\u0117jas\u201c Polesie\" \/>\n<meta property=\"og:description\" content=\"Pasidaryk pats rinkinys \u201eSuper Mechanic\u201c + \u012eranki\u0173 rinkinys Konstrukcin\u0117s pagalv\u0117l\u0117s \u201eI\u0161rad\u0117jas\u201c Polesie - KidsPlay. Did\u017eiausias vaik\u0173 \u017eaisl\u0173 pasirinkimas.\" \/>\n<meta property=\"og:url\" content=\"https:\/\/kidsplay.lt\/lv\/product\/pasidaryk-pats-rinkinys-super-mechanic-irankiu-rinkinys-konstrukcines-pagalveles-isradejas-polesie\/\" \/>\n<meta property=\"og:site_name\" content=\"KidsPlay\" \/>\n<meta property=\"article:publisher\" content=\"https:\/\/www.facebook.com\/www.kidsplay.lt\" \/>\n<meta property=\"article:modified_time\" content=\"2026-03-30T16:23:28+00:00\" \/>\n<meta property=\"og:image\" content=\"https:\/\/kidsplay.lt\/wp-content\/uploads\/2025\/10\/Pasidaryk-pats-rinkinys-\u201eSuper-Mechanic-Irankiu-rinkinys-Konstrukcines-pagalveles-\u201eIsradejas-Polesie.jpg\" \/>\n\t<meta property=\"og:image:width\" content=\"1913\" \/>\n\t<meta property=\"og:image:height\" content=\"1913\" \/>\n\t<meta property=\"og:image:type\" content=\"image\/jpeg\" \/>\n<meta name=\"twitter:card\" content=\"summary_large_image\" \/>\n<meta name=\"twitter:label1\" content=\"Est. reading time\" \/>\n\t<meta name=\"twitter:data1\" content=\"1 min\u016bte\" \/>\n<script type=\"application\/ld+json\" class=\"yoast-schema-graph\">{\"@context\":\"https:\\\/\\\/schema.org\",\"@graph\":[{\"@type\":\"WebPage\",\"@id\":\"https:\\\/\\\/kidsplay.lt\\\/produktas\\\/pasidaryk-pats-rinkinys-super-mechanic-irankiu-rinkinys-konstrukcines-pagalveles-isradejas-polesie\\\/\",\"url\":\"https:\\\/\\\/kidsplay.lt\\\/produktas\\\/pasidaryk-pats-rinkinys-super-mechanic-irankiu-rinkinys-konstrukcines-pagalveles-isradejas-polesie\\\/\",\"name\":\"Pasidaryk pats rinkinys \u201eSuper Mechanic\u201c + \u012eranki\u0173 rinkinys Konstrukcin\u0117s pagalv\u0117l\u0117s \u201eI\u0161rad\u0117jas\u201c Polesie\",\"isPartOf\":{\"@id\":\"https:\\\/\\\/kidsplay.lt\\\/#website\"},\"primaryImageOfPage\":{\"@id\":\"https:\\\/\\\/kidsplay.lt\\\/produktas\\\/pasidaryk-pats-rinkinys-super-mechanic-irankiu-rinkinys-konstrukcines-pagalveles-isradejas-polesie\\\/#primaryimage\"},\"image\":{\"@id\":\"https:\\\/\\\/kidsplay.lt\\\/produktas\\\/pasidaryk-pats-rinkinys-super-mechanic-irankiu-rinkinys-konstrukcines-pagalveles-isradejas-polesie\\\/#primaryimage\"},\"thumbnailUrl\":\"https:\\\/\\\/kidsplay.lt\\\/wp-content\\\/uploads\\\/2025\\\/10\\\/Pasidaryk-pats-rinkinys-\u201eSuper-Mechanic-Irankiu-rinkinys-Konstrukcines-pagalveles-\u201eIsradejas-Polesie.jpg\",\"datePublished\":\"2025-10-16T10:08:36+00:00\",\"dateModified\":\"2026-03-30T16:23:28+00:00\",\"description\":\"Pasidaryk pats rinkinys \u201eSuper Mechanic\u201c + \u012eranki\u0173 rinkinys Konstrukcin\u0117s pagalv\u0117l\u0117s \u201eI\u0161rad\u0117jas\u201c Polesie - KidsPlay. Did\u017eiausias vaik\u0173 \u017eaisl\u0173 pasirinkimas.\",\"breadcrumb\":{\"@id\":\"https:\\\/\\\/kidsplay.lt\\\/produktas\\\/pasidaryk-pats-rinkinys-super-mechanic-irankiu-rinkinys-konstrukcines-pagalveles-isradejas-polesie\\\/#breadcrumb\"},\"inLanguage\":\"lv-LV\",\"potentialAction\":[{\"@type\":\"ReadAction\",\"target\":[\"https:\\\/\\\/kidsplay.lt\\\/produktas\\\/pasidaryk-pats-rinkinys-super-mechanic-irankiu-rinkinys-konstrukcines-pagalveles-isradejas-polesie\\\/\"]}]},{\"@type\":\"ImageObject\",\"inLanguage\":\"lv-LV\",\"@id\":\"https:\\\/\\\/kidsplay.lt\\\/produktas\\\/pasidaryk-pats-rinkinys-super-mechanic-irankiu-rinkinys-konstrukcines-pagalveles-isradejas-polesie\\\/#primaryimage\",\"url\":\"https:\\\/\\\/kidsplay.lt\\\/wp-content\\\/uploads\\\/2025\\\/10\\\/Pasidaryk-pats-rinkinys-\u201eSuper-Mechanic-Irankiu-rinkinys-Konstrukcines-pagalveles-\u201eIsradejas-Polesie.jpg\",\"contentUrl\":\"https:\\\/\\\/kidsplay.lt\\\/wp-content\\\/uploads\\\/2025\\\/10\\\/Pasidaryk-pats-rinkinys-\u201eSuper-Mechanic-Irankiu-rinkinys-Konstrukcines-pagalveles-\u201eIsradejas-Polesie.jpg\",\"width\":1913,\"height\":1913,\"caption\":\"Pasidaryk pats rinkinys \u201eSuper Mechanic\u201c + \u012eranki\u0173 rinkinys Konstrukcin\u0117s pagalv\u0117l\u0117s \u201eI\u0161rad\u0117jas\u201c Polesie\"},{\"@type\":\"BreadcrumbList\",\"@id\":\"https:\\\/\\\/kidsplay.lt\\\/produktas\\\/pasidaryk-pats-rinkinys-super-mechanic-irankiu-rinkinys-konstrukcines-pagalveles-isradejas-polesie\\\/#breadcrumb\",\"itemListElement\":[{\"@type\":\"ListItem\",\"position\":1,\"name\":\"Pagrindinis\",\"item\":\"https:\\\/\\\/kidsplay.lt\\\/\"},{\"@type\":\"ListItem\",\"position\":2,\"name\":\"Parduotuv\u0117\",\"item\":\"https:\\\/\\\/kidsplay.lt\\\/parduotuve\\\/\"},{\"@type\":\"ListItem\",\"position\":3,\"name\":\"Pasidaryk pats rinkinys \u201eSuper Mechanic\u201c + \u012eranki\u0173 rinkinys Konstrukcin\u0117s pagalv\u0117l\u0117s \u201eI\u0161rad\u0117jas\u201c Polesie\"}]},{\"@type\":\"WebSite\",\"@id\":\"https:\\\/\\\/kidsplay.lt\\\/#website\",\"url\":\"https:\\\/\\\/kidsplay.lt\\\/\",\"name\":\"Kidsplay.lt\",\"description\":\"\u012evairios prek\u0117s vaikams\",\"publisher\":{\"@id\":\"https:\\\/\\\/kidsplay.lt\\\/#organization\"},\"alternateName\":\"Kidsplay\",\"potentialAction\":[{\"@type\":\"SearchAction\",\"target\":{\"@type\":\"EntryPoint\",\"urlTemplate\":\"https:\\\/\\\/kidsplay.lt\\\/?s={search_term_string}\"},\"query-input\":{\"@type\":\"PropertyValueSpecification\",\"valueRequired\":true,\"valueName\":\"search_term_string\"}}],\"inLanguage\":\"lv-LV\"},{\"@type\":\"Organization\",\"@id\":\"https:\\\/\\\/kidsplay.lt\\\/#organization\",\"name\":\"KidsPlay\",\"url\":\"https:\\\/\\\/kidsplay.lt\\\/\",\"logo\":{\"@type\":\"ImageObject\",\"inLanguage\":\"lv-LV\",\"@id\":\"https:\\\/\\\/kidsplay.lt\\\/#\\\/schema\\\/logo\\\/image\\\/\",\"url\":\"https:\\\/\\\/kidsplay.lt\\\/wp-content\\\/uploads\\\/2023\\\/07\\\/kidsplay-logo.png\",\"contentUrl\":\"https:\\\/\\\/kidsplay.lt\\\/wp-content\\\/uploads\\\/2023\\\/07\\\/kidsplay-logo.png\",\"width\":451,\"height\":98,\"caption\":\"KidsPlay\"},\"image\":{\"@id\":\"https:\\\/\\\/kidsplay.lt\\\/#\\\/schema\\\/logo\\\/image\\\/\"},\"sameAs\":[\"https:\\\/\\\/www.facebook.com\\\/www.kidsplay.lt\"]}]}<\/script>\n<!-- \/ Yoast SEO plugin. -->","yoast_head_json":{"title":"Pasidaryk pats rinkinys \u201eSuper Mechanic\u201c + \u012eranki\u0173 rinkinys Konstrukcin\u0117s pagalv\u0117l\u0117s \u201eI\u0161rad\u0117jas\u201c Polesie","description":"Pasidaryk pats rinkinys \u201eSuper Mechanic\u201c + \u012eranki\u0173 rinkinys Konstrukcin\u0117s pagalv\u0117l\u0117s \u201eI\u0161rad\u0117jas\u201c Polesie - KidsPlay. Did\u017eiausias vaik\u0173 \u017eaisl\u0173 pasirinkimas.","robots":{"index":"index","follow":"follow","max-snippet":"max-snippet:-1","max-image-preview":"max-image-preview:large","max-video-preview":"max-video-preview:-1"},"canonical":"https:\/\/kidsplay.lt\/lv\/product\/pasidaryk-pats-rinkinys-super-mechanic-irankiu-rinkinys-konstrukcines-pagalveles-isradejas-polesie\/","og_locale":"lv_LV","og_type":"article","og_title":"Pasidaryk pats rinkinys \u201eSuper Mechanic\u201c + \u012eranki\u0173 rinkinys Konstrukcin\u0117s pagalv\u0117l\u0117s \u201eI\u0161rad\u0117jas\u201c Polesie","og_description":"Pasidaryk pats rinkinys \u201eSuper Mechanic\u201c + \u012eranki\u0173 rinkinys Konstrukcin\u0117s pagalv\u0117l\u0117s \u201eI\u0161rad\u0117jas\u201c Polesie - KidsPlay. Did\u017eiausias vaik\u0173 \u017eaisl\u0173 pasirinkimas.","og_url":"https:\/\/kidsplay.lt\/lv\/product\/pasidaryk-pats-rinkinys-super-mechanic-irankiu-rinkinys-konstrukcines-pagalveles-isradejas-polesie\/","og_site_name":"KidsPlay","article_publisher":"https:\/\/www.facebook.com\/www.kidsplay.lt","article_modified_time":"2026-03-30T16:23:28+00:00","og_image":[{"width":1913,"height":1913,"url":"https:\/\/kidsplay.lt\/wp-content\/uploads\/2025\/10\/Pasidaryk-pats-rinkinys-\u201eSuper-Mechanic-Irankiu-rinkinys-Konstrukcines-pagalveles-\u201eIsradejas-Polesie.jpg","type":"image\/jpeg"}],"twitter_card":"summary_large_image","twitter_misc":{"Est. reading time":"1 min\u016bte"},"schema":{"@context":"https:\/\/schema.org","@graph":[{"@type":"WebPage","@id":"https:\/\/kidsplay.lt\/produktas\/pasidaryk-pats-rinkinys-super-mechanic-irankiu-rinkinys-konstrukcines-pagalveles-isradejas-polesie\/","url":"https:\/\/kidsplay.lt\/produktas\/pasidaryk-pats-rinkinys-super-mechanic-irankiu-rinkinys-konstrukcines-pagalveles-isradejas-polesie\/","name":"Pasidaryk pats rinkinys \u201eSuper Mechanic\u201c + \u012eranki\u0173 rinkinys Konstrukcin\u0117s pagalv\u0117l\u0117s \u201eI\u0161rad\u0117jas\u201c Polesie","isPartOf":{"@id":"https:\/\/kidsplay.lt\/#website"},"primaryImageOfPage":{"@id":"https:\/\/kidsplay.lt\/produktas\/pasidaryk-pats-rinkinys-super-mechanic-irankiu-rinkinys-konstrukcines-pagalveles-isradejas-polesie\/#primaryimage"},"image":{"@id":"https:\/\/kidsplay.lt\/produktas\/pasidaryk-pats-rinkinys-super-mechanic-irankiu-rinkinys-konstrukcines-pagalveles-isradejas-polesie\/#primaryimage"},"thumbnailUrl":"https:\/\/kidsplay.lt\/wp-content\/uploads\/2025\/10\/Pasidaryk-pats-rinkinys-\u201eSuper-Mechanic-Irankiu-rinkinys-Konstrukcines-pagalveles-\u201eIsradejas-Polesie.jpg","datePublished":"2025-10-16T10:08:36+00:00","dateModified":"2026-03-30T16:23:28+00:00","description":"Pasidaryk pats rinkinys \u201eSuper Mechanic\u201c + \u012eranki\u0173 rinkinys Konstrukcin\u0117s pagalv\u0117l\u0117s \u201eI\u0161rad\u0117jas\u201c Polesie - KidsPlay. Did\u017eiausias vaik\u0173 \u017eaisl\u0173 pasirinkimas.","breadcrumb":{"@id":"https:\/\/kidsplay.lt\/produktas\/pasidaryk-pats-rinkinys-super-mechanic-irankiu-rinkinys-konstrukcines-pagalveles-isradejas-polesie\/#breadcrumb"},"inLanguage":"lv-LV","potentialAction":[{"@type":"ReadAction","target":["https:\/\/kidsplay.lt\/produktas\/pasidaryk-pats-rinkinys-super-mechanic-irankiu-rinkinys-konstrukcines-pagalveles-isradejas-polesie\/"]}]},{"@type":"ImageObject","inLanguage":"lv-LV","@id":"https:\/\/kidsplay.lt\/produktas\/pasidaryk-pats-rinkinys-super-mechanic-irankiu-rinkinys-konstrukcines-pagalveles-isradejas-polesie\/#primaryimage","url":"https:\/\/kidsplay.lt\/wp-content\/uploads\/2025\/10\/Pasidaryk-pats-rinkinys-\u201eSuper-Mechanic-Irankiu-rinkinys-Konstrukcines-pagalveles-\u201eIsradejas-Polesie.jpg","contentUrl":"https:\/\/kidsplay.lt\/wp-content\/uploads\/2025\/10\/Pasidaryk-pats-rinkinys-\u201eSuper-Mechanic-Irankiu-rinkinys-Konstrukcines-pagalveles-\u201eIsradejas-Polesie.jpg","width":1913,"height":1913,"caption":"Pasidaryk pats rinkinys \u201eSuper Mechanic\u201c + \u012eranki\u0173 rinkinys Konstrukcin\u0117s pagalv\u0117l\u0117s \u201eI\u0161rad\u0117jas\u201c Polesie"},{"@type":"BreadcrumbList","@id":"https:\/\/kidsplay.lt\/produktas\/pasidaryk-pats-rinkinys-super-mechanic-irankiu-rinkinys-konstrukcines-pagalveles-isradejas-polesie\/#breadcrumb","itemListElement":[{"@type":"ListItem","position":1,"name":"Pagrindinis","item":"https:\/\/kidsplay.lt\/"},{"@type":"ListItem","position":2,"name":"Parduotuv\u0117","item":"https:\/\/kidsplay.lt\/parduotuve\/"},{"@type":"ListItem","position":3,"name":"Pasidaryk pats rinkinys \u201eSuper Mechanic\u201c + \u012eranki\u0173 rinkinys Konstrukcin\u0117s pagalv\u0117l\u0117s \u201eI\u0161rad\u0117jas\u201c Polesie"}]},{"@type":"WebSite","@id":"https:\/\/kidsplay.lt\/#website","url":"https:\/\/kidsplay.lt\/","name":"B\u0113rnu sp\u0113les.lv","description":"\u012evairios prek\u0117s vaikams","publisher":{"@id":"https:\/\/kidsplay.lt\/#organization"},"alternateName":"Kidsplay","potentialAction":[{"@type":"SearchAction","target":{"@type":"EntryPoint","urlTemplate":"https:\/\/kidsplay.lt\/?s={search_term_string}"},"query-input":{"@type":"PropertyValueSpecification","valueRequired":true,"valueName":"search_term_string"}}],"inLanguage":"lv-LV"},{"@type":"Organization","@id":"https:\/\/kidsplay.lt\/#organization","name":"B\u0113rnu sp\u0113le","url":"https:\/\/kidsplay.lt\/","logo":{"@type":"ImageObject","inLanguage":"lv-LV","@id":"https:\/\/kidsplay.lt\/#\/schema\/logo\/image\/","url":"https:\/\/kidsplay.lt\/wp-content\/uploads\/2023\/07\/kidsplay-logo.png","contentUrl":"https:\/\/kidsplay.lt\/wp-content\/uploads\/2023\/07\/kidsplay-logo.png","width":451,"height":98,"caption":"KidsPlay"},"image":{"@id":"https:\/\/kidsplay.lt\/#\/schema\/logo\/image\/"},"sameAs":["https:\/\/www.facebook.com\/www.kidsplay.lt"]}]}},"_links":{"self":[{"href":"https:\/\/kidsplay.lt\/lv\/wp-json\/wp\/v2\/product\/77015","targetHints":{"allow":["GET"]}}],"collection":[{"href":"https:\/\/kidsplay.lt\/lv\/wp-json\/wp\/v2\/product"}],"about":[{"href":"https:\/\/kidsplay.lt\/lv\/wp-json\/wp\/v2\/types\/product"}],"version-history":[{"count":1,"href":"https:\/\/kidsplay.lt\/lv\/wp-json\/wp\/v2\/product\/77015\/revisions"}],"predecessor-version":[{"id":77016,"href":"https:\/\/kidsplay.lt\/lv\/wp-json\/wp\/v2\/product\/77015\/revisions\/77016"}],"wp:featuredmedia":[{"embeddable":true,"href":"https:\/\/kidsplay.lt\/lv\/wp-json\/wp\/v2\/media\/77017"}],"wp:attachment":[{"href":"https:\/\/kidsplay.lt\/lv\/wp-json\/wp\/v2\/media?parent=77015"}],"wp:term":[{"taxonomy":"product_brand","embeddable":true,"href":"https:\/\/kidsplay.lt\/lv\/wp-json\/wp\/v2\/product_brand?post=77015"},{"taxonomy":"product_cat","embeddable":true,"href":"https:\/\/kidsplay.lt\/lv\/wp-json\/wp\/v2\/product_cat?post=77015"},{"taxonomy":"product_tag","embeddable":true,"href":"https:\/\/kidsplay.lt\/lv\/wp-json\/wp\/v2\/product_tag?post=77015"}],"curies":[{"name":"wp","href":"https:\/\/api.w.org\/{rel}","templated":true}]}}