{"id":77020,"date":"2025-10-16T13:08:48","date_gmt":"2025-10-16T10:08:48","guid":{"rendered":"https:\/\/kidsplay.lt\/produktas\/woopie-oro-gruzdintuve-interaktyvi-gruzdintuve-maziems-virejams\/"},"modified":"2026-04-20T07:52:23","modified_gmt":"2026-04-20T04:52:23","slug":"woopie-oro-gruzdintuve-interaktyvi-gruzdintuve-maziems-virejams","status":"publish","type":"product","link":"https:\/\/kidsplay.lt\/lv\/products\/woopie-oro-gruzdintuve-interaktyvi-gruzdintuve-maziems-virejams\/","title":{"rendered":"WOOPIE Air Fryer Interakt\u012bva frit\u0113tave mazajiem pav\u0101riem"},"content":{"rendered":"<p>Leiskite vaikui saugiai ir smagiai atrasti maisto gaminimo magij\u0105!\u00a0Spalvinga Power oro gruzdintuv\u0117\u00a0i\u0161 mark\u0117s\u00a0Woopie\u00a0tai \u017eaislas, kuris atrodo ir veikia kaip tikras prietaisas. Pakankamai\u00a0\u012fd\u0117ti maisto,\u00a0paspauskite\u00a0mygtukas\u00a0ir steb\u0117ti\u00a0\u0161vie\u010dian\u010dio garso efektai,\u00a0d\u0117l kuri\u0173 linksmyb\u0117s yra itin tikrovi\u0161kos. A\u010di\u016b\u00a09 elementai\u00a0ma\u017eylis gali nustatyti j\u012f pats\u00a0\u201eparuo\u0161imas\u201d\u00a0skanios bulvyt\u0117s ar suktinukai ir patiekite juos l\u0117k\u0161t\u0117je. Tai puiki dovana, ugdanti k\u016brybi\u0161kum\u0105, mokanti savaranki\u0161kumo ir teikianti daug d\u017eiaugsmo!<\/p>\n<p>Raksturojums<\/p>\n<p> \t&#8211; Realus kulinarinis \u017eaislas \u2013\u00a0fryz\u0173 be riebal\u0173 imitacija\u00a0(Oro gruzdintuv\u0117).<br \/>\n \t&#8211; Interaktyv\u016bs mygtukai ir valdymo pultas su ap\u0161vietimu ir garso efektais.<br \/>\n \t&#8211; Saugi ir tvirta ry\u0161ki\u0173, ak\u012f traukian\u010di\u0173 spalv\u0173 konstrukcija.<br \/>\n \t&#8211; Paprasta operacija \u2013 intuityvus \u201efood\u201d \u012fd\u0117jimas ir paleidimo mygtuko paspaudimas.<br \/>\n \t&#8211; \u012e komplekt\u0105 ne\u012feina baterijos.<\/p>\n<p>Komplektas apima:<\/p>\n<p> \t&#8211; Power Air Fryer.<br \/>\n \t&#8211; gruzdint\u0173 bulvy\u010di\u0173 porcija.<br \/>\n \t&#8211; Plok\u0161t\u0117.<br \/>\n \t&#8211; Repl\u0117s.<br \/>\n \t&#8211; Papildomi kulinariniai aksesuarai (i\u0161 viso \u012fskai\u010diuoti 9 daiktai).<\/p>\n<p>\u017daislas vystosi<\/p>\n<p> \t&#8211; K\u016brybi\u0161kumas ir i\u0161radingumas \u017eaid\u017eiant vir\u0117j\u0105.<br \/>\n \t&#8211; Vaizduot\u0117 ir vaidmen\u0173 \u017eaidimo sugeb\u0117jimai.<br \/>\n \t&#8211; Hand\u2013eye koordinavimo ir rankiniai \u012fg\u016bd\u017eiai.<br \/>\n \t&#8211; Savaranki\u0161kumas ir loginis m\u0105stymas ruo\u0161iant \u201e\u201d patiekalus.<br \/>\n \t&#8211; Geb\u0117jimas bendradarbiauti ir dalytis \u017eaid\u017eiant kartu.<\/p>","protected":false},"excerpt":{"rendered":"<p>Leiskite vaikui saugiai ir smagiai atrasti maisto gaminimo magij\u0105!\u00a0Spalvinga Power oro gruzdintuv\u0117\u00a0i\u0161 mark\u0117s\u00a0Woopie\u00a0tai \u017eaislas, kuris atrodo ir veikia kaip tikras<\/p>","protected":false},"featured_media":77022,"template":"","meta":{"_acf_changed":false,"_glsr_average":0,"_glsr_ranking":0,"_glsr_reviews":0},"product_brand":[],"product_cat":[399,282,229],"product_tag":[],"class_list":{"0":"post-77020","1":"product","2":"type-product","3":"status-publish","4":"has-post-thumbnail","6":"product_cat-vaidmenu-zaidimai-2","7":"product_cat-virtuves-reikmenys-vaidmenu-zaidimai","8":"product_cat-zaislai-vaikams","9":"\"style=\"background-color: #2ecc711c;\"","11":"first","12":"instock","13":"purchasable","14":"product-type-simple"},"acf":[],"yoast_head":"<!-- This site is optimized with the Yoast SEO plugin v27.4 - https:\/\/yoast.com\/product\/yoast-seo-wordpress\/ -->\n<title>WOOPIE oro gruzdintuv\u0117 Interaktyvi gruzdintuv\u0117 ma\u017eiems vir\u0117jams<\/title>\n<meta name=\"description\" content=\"WOOPIE oro gruzdintuv\u0117 Interaktyvi gruzdintuv\u0117 ma\u017eiems vir\u0117jams - KidsPlay. Did\u017eiausias vaik\u0173 \u017eaisl\u0173 pasirinkimas.\" \/>\n<meta name=\"robots\" content=\"index, follow, max-snippet:-1, max-image-preview:large, max-video-preview:-1\" \/>\n<link rel=\"canonical\" href=\"https:\/\/kidsplay.lt\/lv\/products\/woopie-oro-gruzdintuve-interaktyvi-gruzdintuve-maziems-virejams\/\" \/>\n<meta property=\"og:locale\" content=\"lv_LV\" \/>\n<meta property=\"og:type\" content=\"article\" \/>\n<meta property=\"og:title\" content=\"WOOPIE oro gruzdintuv\u0117 Interaktyvi gruzdintuv\u0117 ma\u017eiems vir\u0117jams\" \/>\n<meta property=\"og:description\" content=\"WOOPIE oro gruzdintuv\u0117 Interaktyvi gruzdintuv\u0117 ma\u017eiems vir\u0117jams - KidsPlay. Did\u017eiausias vaik\u0173 \u017eaisl\u0173 pasirinkimas.\" \/>\n<meta property=\"og:url\" content=\"https:\/\/kidsplay.lt\/lv\/products\/woopie-oro-gruzdintuve-interaktyvi-gruzdintuve-maziems-virejams\/\" \/>\n<meta property=\"og:site_name\" content=\"KidsPlay\" \/>\n<meta property=\"article:publisher\" content=\"https:\/\/www.facebook.com\/www.kidsplay.lt\" \/>\n<meta property=\"article:modified_time\" content=\"2026-04-20T04:52:23+00:00\" \/>\n<meta property=\"og:image\" content=\"https:\/\/kidsplay.lt\/wp-content\/uploads\/2025\/10\/WOOPIE-oro-gruzdintuve-Interaktyvi-gruzdintuve-maziems-virejams.jpg\" \/>\n\t<meta property=\"og:image:width\" content=\"1000\" \/>\n\t<meta property=\"og:image:height\" content=\"1000\" \/>\n\t<meta property=\"og:image:type\" content=\"image\/jpeg\" \/>\n<meta name=\"twitter:card\" content=\"summary_large_image\" \/>\n<meta name=\"twitter:label1\" content=\"Est. reading time\" \/>\n\t<meta name=\"twitter:data1\" content=\"1 min\u016bte\" \/>\n<script type=\"application\/ld+json\" class=\"yoast-schema-graph\">{\"@context\":\"https:\\\/\\\/schema.org\",\"@graph\":[{\"@type\":\"WebPage\",\"@id\":\"https:\\\/\\\/kidsplay.lt\\\/produktas\\\/woopie-oro-gruzdintuve-interaktyvi-gruzdintuve-maziems-virejams\\\/\",\"url\":\"https:\\\/\\\/kidsplay.lt\\\/produktas\\\/woopie-oro-gruzdintuve-interaktyvi-gruzdintuve-maziems-virejams\\\/\",\"name\":\"WOOPIE oro gruzdintuv\u0117 Interaktyvi gruzdintuv\u0117 ma\u017eiems vir\u0117jams\",\"isPartOf\":{\"@id\":\"https:\\\/\\\/kidsplay.lt\\\/#website\"},\"primaryImageOfPage\":{\"@id\":\"https:\\\/\\\/kidsplay.lt\\\/produktas\\\/woopie-oro-gruzdintuve-interaktyvi-gruzdintuve-maziems-virejams\\\/#primaryimage\"},\"image\":{\"@id\":\"https:\\\/\\\/kidsplay.lt\\\/produktas\\\/woopie-oro-gruzdintuve-interaktyvi-gruzdintuve-maziems-virejams\\\/#primaryimage\"},\"thumbnailUrl\":\"https:\\\/\\\/kidsplay.lt\\\/wp-content\\\/uploads\\\/2025\\\/10\\\/WOOPIE-oro-gruzdintuve-Interaktyvi-gruzdintuve-maziems-virejams.jpg\",\"datePublished\":\"2025-10-16T10:08:48+00:00\",\"dateModified\":\"2026-04-20T04:52:23+00:00\",\"description\":\"WOOPIE oro gruzdintuv\u0117 Interaktyvi gruzdintuv\u0117 ma\u017eiems vir\u0117jams - KidsPlay. Did\u017eiausias vaik\u0173 \u017eaisl\u0173 pasirinkimas.\",\"breadcrumb\":{\"@id\":\"https:\\\/\\\/kidsplay.lt\\\/produktas\\\/woopie-oro-gruzdintuve-interaktyvi-gruzdintuve-maziems-virejams\\\/#breadcrumb\"},\"inLanguage\":\"lv-LV\",\"potentialAction\":[{\"@type\":\"ReadAction\",\"target\":[\"https:\\\/\\\/kidsplay.lt\\\/produktas\\\/woopie-oro-gruzdintuve-interaktyvi-gruzdintuve-maziems-virejams\\\/\"]}]},{\"@type\":\"ImageObject\",\"inLanguage\":\"lv-LV\",\"@id\":\"https:\\\/\\\/kidsplay.lt\\\/produktas\\\/woopie-oro-gruzdintuve-interaktyvi-gruzdintuve-maziems-virejams\\\/#primaryimage\",\"url\":\"https:\\\/\\\/kidsplay.lt\\\/wp-content\\\/uploads\\\/2025\\\/10\\\/WOOPIE-oro-gruzdintuve-Interaktyvi-gruzdintuve-maziems-virejams.jpg\",\"contentUrl\":\"https:\\\/\\\/kidsplay.lt\\\/wp-content\\\/uploads\\\/2025\\\/10\\\/WOOPIE-oro-gruzdintuve-Interaktyvi-gruzdintuve-maziems-virejams.jpg\",\"width\":1000,\"height\":1000,\"caption\":\"WOOPIE oro gruzdintuv\u0117 Interaktyvi gruzdintuv\u0117 ma\u017eiems vir\u0117jams\"},{\"@type\":\"BreadcrumbList\",\"@id\":\"https:\\\/\\\/kidsplay.lt\\\/produktas\\\/woopie-oro-gruzdintuve-interaktyvi-gruzdintuve-maziems-virejams\\\/#breadcrumb\",\"itemListElement\":[{\"@type\":\"ListItem\",\"position\":1,\"name\":\"Pagrindinis\",\"item\":\"https:\\\/\\\/kidsplay.lt\\\/\"},{\"@type\":\"ListItem\",\"position\":2,\"name\":\"Parduotuv\u0117\",\"item\":\"https:\\\/\\\/kidsplay.lt\\\/parduotuve\\\/\"},{\"@type\":\"ListItem\",\"position\":3,\"name\":\"WOOPIE oro gruzdintuv\u0117 Interaktyvi gruzdintuv\u0117 ma\u017eiems vir\u0117jams\"}]},{\"@type\":\"WebSite\",\"@id\":\"https:\\\/\\\/kidsplay.lt\\\/#website\",\"url\":\"https:\\\/\\\/kidsplay.lt\\\/\",\"name\":\"Kidsplay.lt\",\"description\":\"\u012evairios prek\u0117s vaikams\",\"publisher\":{\"@id\":\"https:\\\/\\\/kidsplay.lt\\\/#organization\"},\"alternateName\":\"Kidsplay\",\"potentialAction\":[{\"@type\":\"SearchAction\",\"target\":{\"@type\":\"EntryPoint\",\"urlTemplate\":\"https:\\\/\\\/kidsplay.lt\\\/?s={search_term_string}\"},\"query-input\":{\"@type\":\"PropertyValueSpecification\",\"valueRequired\":true,\"valueName\":\"search_term_string\"}}],\"inLanguage\":\"lv-LV\"},{\"@type\":\"Organization\",\"@id\":\"https:\\\/\\\/kidsplay.lt\\\/#organization\",\"name\":\"KidsPlay\",\"url\":\"https:\\\/\\\/kidsplay.lt\\\/\",\"logo\":{\"@type\":\"ImageObject\",\"inLanguage\":\"lv-LV\",\"@id\":\"https:\\\/\\\/kidsplay.lt\\\/#\\\/schema\\\/logo\\\/image\\\/\",\"url\":\"https:\\\/\\\/kidsplay.lt\\\/wp-content\\\/uploads\\\/2023\\\/07\\\/kidsplay-logo.png\",\"contentUrl\":\"https:\\\/\\\/kidsplay.lt\\\/wp-content\\\/uploads\\\/2023\\\/07\\\/kidsplay-logo.png\",\"width\":451,\"height\":98,\"caption\":\"KidsPlay\"},\"image\":{\"@id\":\"https:\\\/\\\/kidsplay.lt\\\/#\\\/schema\\\/logo\\\/image\\\/\"},\"sameAs\":[\"https:\\\/\\\/www.facebook.com\\\/www.kidsplay.lt\"]}]}<\/script>\n<!-- \/ Yoast SEO plugin. -->","yoast_head_json":{"title":"WOOPIE Air Fryer Interakt\u012bva frit\u0113tave mazajiem pav\u0101riem","description":"WOOPIE oro gruzdintuv\u0117 Interaktyvi gruzdintuv\u0117 ma\u017eiems vir\u0117jams - KidsPlay. Did\u017eiausias vaik\u0173 \u017eaisl\u0173 pasirinkimas.","robots":{"index":"index","follow":"follow","max-snippet":"max-snippet:-1","max-image-preview":"max-image-preview:large","max-video-preview":"max-video-preview:-1"},"canonical":"https:\/\/kidsplay.lt\/lv\/products\/woopie-oro-gruzdintuve-interaktyvi-gruzdintuve-maziems-virejams\/","og_locale":"lv_LV","og_type":"article","og_title":"WOOPIE oro gruzdintuv\u0117 Interaktyvi gruzdintuv\u0117 ma\u017eiems vir\u0117jams","og_description":"WOOPIE oro gruzdintuv\u0117 Interaktyvi gruzdintuv\u0117 ma\u017eiems vir\u0117jams - KidsPlay. Did\u017eiausias vaik\u0173 \u017eaisl\u0173 pasirinkimas.","og_url":"https:\/\/kidsplay.lt\/lv\/products\/woopie-oro-gruzdintuve-interaktyvi-gruzdintuve-maziems-virejams\/","og_site_name":"KidsPlay","article_publisher":"https:\/\/www.facebook.com\/www.kidsplay.lt","article_modified_time":"2026-04-20T04:52:23+00:00","og_image":[{"width":1000,"height":1000,"url":"https:\/\/kidsplay.lt\/wp-content\/uploads\/2025\/10\/WOOPIE-oro-gruzdintuve-Interaktyvi-gruzdintuve-maziems-virejams.jpg","type":"image\/jpeg"}],"twitter_card":"summary_large_image","twitter_misc":{"Est. reading time":"1 min\u016bte"},"schema":{"@context":"https:\/\/schema.org","@graph":[{"@type":"WebPage","@id":"https:\/\/kidsplay.lt\/produktas\/woopie-oro-gruzdintuve-interaktyvi-gruzdintuve-maziems-virejams\/","url":"https:\/\/kidsplay.lt\/produktas\/woopie-oro-gruzdintuve-interaktyvi-gruzdintuve-maziems-virejams\/","name":"WOOPIE Air Fryer Interakt\u012bva frit\u0113tave mazajiem pav\u0101riem","isPartOf":{"@id":"https:\/\/kidsplay.lt\/#website"},"primaryImageOfPage":{"@id":"https:\/\/kidsplay.lt\/produktas\/woopie-oro-gruzdintuve-interaktyvi-gruzdintuve-maziems-virejams\/#primaryimage"},"image":{"@id":"https:\/\/kidsplay.lt\/produktas\/woopie-oro-gruzdintuve-interaktyvi-gruzdintuve-maziems-virejams\/#primaryimage"},"thumbnailUrl":"https:\/\/kidsplay.lt\/wp-content\/uploads\/2025\/10\/WOOPIE-oro-gruzdintuve-Interaktyvi-gruzdintuve-maziems-virejams.jpg","datePublished":"2025-10-16T10:08:48+00:00","dateModified":"2026-04-20T04:52:23+00:00","description":"WOOPIE oro gruzdintuv\u0117 Interaktyvi gruzdintuv\u0117 ma\u017eiems vir\u0117jams - KidsPlay. Did\u017eiausias vaik\u0173 \u017eaisl\u0173 pasirinkimas.","breadcrumb":{"@id":"https:\/\/kidsplay.lt\/produktas\/woopie-oro-gruzdintuve-interaktyvi-gruzdintuve-maziems-virejams\/#breadcrumb"},"inLanguage":"lv-LV","potentialAction":[{"@type":"ReadAction","target":["https:\/\/kidsplay.lt\/produktas\/woopie-oro-gruzdintuve-interaktyvi-gruzdintuve-maziems-virejams\/"]}]},{"@type":"ImageObject","inLanguage":"lv-LV","@id":"https:\/\/kidsplay.lt\/produktas\/woopie-oro-gruzdintuve-interaktyvi-gruzdintuve-maziems-virejams\/#primaryimage","url":"https:\/\/kidsplay.lt\/wp-content\/uploads\/2025\/10\/WOOPIE-oro-gruzdintuve-Interaktyvi-gruzdintuve-maziems-virejams.jpg","contentUrl":"https:\/\/kidsplay.lt\/wp-content\/uploads\/2025\/10\/WOOPIE-oro-gruzdintuve-Interaktyvi-gruzdintuve-maziems-virejams.jpg","width":1000,"height":1000,"caption":"WOOPIE oro gruzdintuv\u0117 Interaktyvi gruzdintuv\u0117 ma\u017eiems vir\u0117jams"},{"@type":"BreadcrumbList","@id":"https:\/\/kidsplay.lt\/produktas\/woopie-oro-gruzdintuve-interaktyvi-gruzdintuve-maziems-virejams\/#breadcrumb","itemListElement":[{"@type":"ListItem","position":1,"name":"Pagrindinis","item":"https:\/\/kidsplay.lt\/"},{"@type":"ListItem","position":2,"name":"Parduotuv\u0117","item":"https:\/\/kidsplay.lt\/parduotuve\/"},{"@type":"ListItem","position":3,"name":"WOOPIE oro gruzdintuv\u0117 Interaktyvi gruzdintuv\u0117 ma\u017eiems vir\u0117jams"}]},{"@type":"WebSite","@id":"https:\/\/kidsplay.lt\/#website","url":"https:\/\/kidsplay.lt\/","name":"B\u0113rnu sp\u0113les.lv","description":"\u012evairios prek\u0117s vaikams","publisher":{"@id":"https:\/\/kidsplay.lt\/#organization"},"alternateName":"Kidsplay","potentialAction":[{"@type":"SearchAction","target":{"@type":"EntryPoint","urlTemplate":"https:\/\/kidsplay.lt\/?s={search_term_string}"},"query-input":{"@type":"PropertyValueSpecification","valueRequired":true,"valueName":"search_term_string"}}],"inLanguage":"lv-LV"},{"@type":"Organization","@id":"https:\/\/kidsplay.lt\/#organization","name":"B\u0113rnu sp\u0113le","url":"https:\/\/kidsplay.lt\/","logo":{"@type":"ImageObject","inLanguage":"lv-LV","@id":"https:\/\/kidsplay.lt\/#\/schema\/logo\/image\/","url":"https:\/\/kidsplay.lt\/wp-content\/uploads\/2023\/07\/kidsplay-logo.png","contentUrl":"https:\/\/kidsplay.lt\/wp-content\/uploads\/2023\/07\/kidsplay-logo.png","width":451,"height":98,"caption":"KidsPlay"},"image":{"@id":"https:\/\/kidsplay.lt\/#\/schema\/logo\/image\/"},"sameAs":["https:\/\/www.facebook.com\/www.kidsplay.lt"]}]}},"_links":{"self":[{"href":"https:\/\/kidsplay.lt\/lv\/wp-json\/wp\/v2\/product\/77020","targetHints":{"allow":["GET"]}}],"collection":[{"href":"https:\/\/kidsplay.lt\/lv\/wp-json\/wp\/v2\/product"}],"about":[{"href":"https:\/\/kidsplay.lt\/lv\/wp-json\/wp\/v2\/types\/product"}],"version-history":[{"count":1,"href":"https:\/\/kidsplay.lt\/lv\/wp-json\/wp\/v2\/product\/77020\/revisions"}],"predecessor-version":[{"id":77021,"href":"https:\/\/kidsplay.lt\/lv\/wp-json\/wp\/v2\/product\/77020\/revisions\/77021"}],"wp:featuredmedia":[{"embeddable":true,"href":"https:\/\/kidsplay.lt\/lv\/wp-json\/wp\/v2\/media\/77022"}],"wp:attachment":[{"href":"https:\/\/kidsplay.lt\/lv\/wp-json\/wp\/v2\/media?parent=77020"}],"wp:term":[{"taxonomy":"product_brand","embeddable":true,"href":"https:\/\/kidsplay.lt\/lv\/wp-json\/wp\/v2\/product_brand?post=77020"},{"taxonomy":"product_cat","embeddable":true,"href":"https:\/\/kidsplay.lt\/lv\/wp-json\/wp\/v2\/product_cat?post=77020"},{"taxonomy":"product_tag","embeddable":true,"href":"https:\/\/kidsplay.lt\/lv\/wp-json\/wp\/v2\/product_tag?post=77020"}],"curies":[{"name":"wp","href":"https:\/\/api.w.org\/{rel}","templated":true}]}}