{"id":77097,"date":"2025-10-17T14:44:06","date_gmt":"2025-10-17T11:44:06","guid":{"rendered":"https:\/\/kidsplay.lt\/?post_type=product&#038;p=77097"},"modified":"2025-10-17T14:44:06","modified_gmt":"2025-10-17T11:44:06","slug":"kidsplay-lt-dovanu-kuponas-50eur","status":"publish","type":"product","link":"https:\/\/kidsplay.lt\/lv\/products\/kidsplay-lt-dovanu-kuponas-50eur\/","title":{"rendered":"Kidsplay.lt dovan\u0173 kuponas 50Eur"},"content":{"rendered":"<p data-start=\"56\" data-end=\"338\"><strong data-start=\"56\" data-end=\"91\">Padovanokite laisv\u0119 pasirinkti!<\/strong><br data-start=\"91\" data-end=\"94\" \/>Ie\u0161kote tobulo dovanos sprendimo? \u0160is dovan\u0173 kuponas leis J\u016bs\u0173 artimajam pasirinkti tai, ko jis tikrai nori. Kuponas galioja <strong data-start=\"219\" data-end=\"233\">12 m\u0117nesi\u0173<\/strong>, j\u012f galima panaudoti tiek <strong data-start=\"260\" data-end=\"281\">m\u016bs\u0173 parduotuv\u0117je<\/strong>, o vert\u0117 \u2013 <strong data-start=\"313\" data-end=\"335\" data-is-only-node=\"\">20\u20ac<\/strong>.<\/p>\n<p data-start=\"340\" data-end=\"570\"><strong data-start=\"340\" data-end=\"370\">Lengva \u012fsigyti ir naudoti:<\/strong> po pirkimo gausite unikal\u0173 kupono kod\u0105, kur\u012f galima panaudoti vienu pirkimu. Puiki dovana gimtadieniui, \u0161ventei ar bet kuriai progai \u2013 nustebinkite savo artimuosius d\u017eiaugsmu ir pasirinkimo laisve!<\/p>","protected":false},"excerpt":{"rendered":"<p>Padovanokite laisv\u0119 pasirinkti!Ie\u0161kote tobulo dovanos sprendimo? \u0160is dovan\u0173 kuponas leis J\u016bs\u0173 artimajam pasirinkti tai, ko jis tikrai nori. Kuponas galioja<\/p>","protected":false},"featured_media":77095,"template":"","meta":{"_acf_changed":false,"_glsr_average":0,"_glsr_ranking":0,"_glsr_reviews":0},"product_brand":[],"product_cat":[265,366,365,372],"product_tag":[],"class_list":{"0":"post-77097","1":"product","2":"type-product","3":"status-publish","4":"has-post-thumbnail","6":"product_cat-dovanu-idejos","7":"product_cat-dovanu-idejos-berniukams","8":"product_cat-dovanu-idejos-mergaitems","9":"product_cat-vaiku-sventems","10":"\"style=\"background-color: #e74c3c52;\"","12":"first","13":"instock","14":"shipping-taxable","15":"purchasable","16":"product-type-simple"},"acf":[],"yoast_head":"<!-- This site is optimized with the Yoast SEO plugin v27.3 - https:\/\/yoast.com\/product\/yoast-seo-wordpress\/ -->\n<title>Kidsplay.lt dovan\u0173 kuponas 50Eur - KidsPlay<\/title>\n<meta name=\"description\" content=\"Kidsplay.lt dovan\u0173 kuponas 50Eur - KidsPlay. Did\u017eiausias vaik\u0173 \u017eaisl\u0173 pasirinkimas.\" \/>\n<meta name=\"robots\" content=\"index, follow, max-snippet:-1, max-image-preview:large, max-video-preview:-1\" \/>\n<link rel=\"canonical\" href=\"https:\/\/kidsplay.lt\/lv\/products\/kidsplay-lt-dovanu-kuponas-50eur\/\" \/>\n<meta property=\"og:locale\" content=\"lv_LV\" \/>\n<meta property=\"og:type\" content=\"article\" \/>\n<meta property=\"og:title\" content=\"Kidsplay.lt dovan\u0173 kuponas 50Eur - KidsPlay\" \/>\n<meta property=\"og:description\" content=\"Kidsplay.lt dovan\u0173 kuponas 50Eur - KidsPlay. Did\u017eiausias vaik\u0173 \u017eaisl\u0173 pasirinkimas.\" \/>\n<meta property=\"og:url\" content=\"https:\/\/kidsplay.lt\/lv\/products\/kidsplay-lt-dovanu-kuponas-50eur\/\" \/>\n<meta property=\"og:site_name\" content=\"KidsPlay\" \/>\n<meta property=\"article:publisher\" content=\"https:\/\/www.facebook.com\/www.kidsplay.lt\" \/>\n<meta property=\"og:image\" content=\"https:\/\/kidsplay.lt\/wp-content\/uploads\/2025\/10\/Screenshot_338-1.png\" \/>\n\t<meta property=\"og:image:width\" content=\"426\" \/>\n\t<meta property=\"og:image:height\" content=\"283\" \/>\n\t<meta property=\"og:image:type\" content=\"image\/png\" \/>\n<meta name=\"twitter:card\" content=\"summary_large_image\" \/>\n<meta name=\"twitter:label1\" content=\"Est. reading time\" \/>\n\t<meta name=\"twitter:data1\" content=\"1 min\u016bte\" \/>\n<script type=\"application\/ld+json\" class=\"yoast-schema-graph\">{\"@context\":\"https:\\\/\\\/schema.org\",\"@graph\":[{\"@type\":\"WebPage\",\"@id\":\"https:\\\/\\\/kidsplay.lt\\\/produktas\\\/kidsplay-lt-dovanu-kuponas-50eur\\\/\",\"url\":\"https:\\\/\\\/kidsplay.lt\\\/produktas\\\/kidsplay-lt-dovanu-kuponas-50eur\\\/\",\"name\":\"Kidsplay.lt dovan\u0173 kuponas 50Eur - KidsPlay\",\"isPartOf\":{\"@id\":\"https:\\\/\\\/kidsplay.lt\\\/#website\"},\"primaryImageOfPage\":{\"@id\":\"https:\\\/\\\/kidsplay.lt\\\/produktas\\\/kidsplay-lt-dovanu-kuponas-50eur\\\/#primaryimage\"},\"image\":{\"@id\":\"https:\\\/\\\/kidsplay.lt\\\/produktas\\\/kidsplay-lt-dovanu-kuponas-50eur\\\/#primaryimage\"},\"thumbnailUrl\":\"https:\\\/\\\/kidsplay.lt\\\/wp-content\\\/uploads\\\/2025\\\/10\\\/Screenshot_338-1.png\",\"datePublished\":\"2025-10-17T11:44:06+00:00\",\"description\":\"Kidsplay.lt dovan\u0173 kuponas 50Eur - KidsPlay. Did\u017eiausias vaik\u0173 \u017eaisl\u0173 pasirinkimas.\",\"breadcrumb\":{\"@id\":\"https:\\\/\\\/kidsplay.lt\\\/produktas\\\/kidsplay-lt-dovanu-kuponas-50eur\\\/#breadcrumb\"},\"inLanguage\":\"lv-LV\",\"potentialAction\":[{\"@type\":\"ReadAction\",\"target\":[\"https:\\\/\\\/kidsplay.lt\\\/produktas\\\/kidsplay-lt-dovanu-kuponas-50eur\\\/\"]}]},{\"@type\":\"ImageObject\",\"inLanguage\":\"lv-LV\",\"@id\":\"https:\\\/\\\/kidsplay.lt\\\/produktas\\\/kidsplay-lt-dovanu-kuponas-50eur\\\/#primaryimage\",\"url\":\"https:\\\/\\\/kidsplay.lt\\\/wp-content\\\/uploads\\\/2025\\\/10\\\/Screenshot_338-1.png\",\"contentUrl\":\"https:\\\/\\\/kidsplay.lt\\\/wp-content\\\/uploads\\\/2025\\\/10\\\/Screenshot_338-1.png\",\"width\":426,\"height\":283},{\"@type\":\"BreadcrumbList\",\"@id\":\"https:\\\/\\\/kidsplay.lt\\\/produktas\\\/kidsplay-lt-dovanu-kuponas-50eur\\\/#breadcrumb\",\"itemListElement\":[{\"@type\":\"ListItem\",\"position\":1,\"name\":\"Pagrindinis\",\"item\":\"https:\\\/\\\/kidsplay.lt\\\/\"},{\"@type\":\"ListItem\",\"position\":2,\"name\":\"Parduotuv\u0117\",\"item\":\"https:\\\/\\\/kidsplay.lt\\\/parduotuve\\\/\"},{\"@type\":\"ListItem\",\"position\":3,\"name\":\"Kidsplay.lt dovan\u0173 kuponas 50Eur\"}]},{\"@type\":\"WebSite\",\"@id\":\"https:\\\/\\\/kidsplay.lt\\\/#website\",\"url\":\"https:\\\/\\\/kidsplay.lt\\\/\",\"name\":\"Kidsplay.lt\",\"description\":\"\u012evairios prek\u0117s vaikams\",\"publisher\":{\"@id\":\"https:\\\/\\\/kidsplay.lt\\\/#organization\"},\"alternateName\":\"Kidsplay\",\"potentialAction\":[{\"@type\":\"SearchAction\",\"target\":{\"@type\":\"EntryPoint\",\"urlTemplate\":\"https:\\\/\\\/kidsplay.lt\\\/?s={search_term_string}\"},\"query-input\":{\"@type\":\"PropertyValueSpecification\",\"valueRequired\":true,\"valueName\":\"search_term_string\"}}],\"inLanguage\":\"lv-LV\"},{\"@type\":\"Organization\",\"@id\":\"https:\\\/\\\/kidsplay.lt\\\/#organization\",\"name\":\"KidsPlay\",\"url\":\"https:\\\/\\\/kidsplay.lt\\\/\",\"logo\":{\"@type\":\"ImageObject\",\"inLanguage\":\"lv-LV\",\"@id\":\"https:\\\/\\\/kidsplay.lt\\\/#\\\/schema\\\/logo\\\/image\\\/\",\"url\":\"https:\\\/\\\/kidsplay.lt\\\/wp-content\\\/uploads\\\/2023\\\/07\\\/kidsplay-logo.png\",\"contentUrl\":\"https:\\\/\\\/kidsplay.lt\\\/wp-content\\\/uploads\\\/2023\\\/07\\\/kidsplay-logo.png\",\"width\":451,\"height\":98,\"caption\":\"KidsPlay\"},\"image\":{\"@id\":\"https:\\\/\\\/kidsplay.lt\\\/#\\\/schema\\\/logo\\\/image\\\/\"},\"sameAs\":[\"https:\\\/\\\/www.facebook.com\\\/www.kidsplay.lt\"]}]}<\/script>\n<!-- \/ Yoast SEO plugin. -->","yoast_head_json":{"title":"Kidsplay.lt dovan\u0173 kuponas 50Eur - KidsPlay","description":"Kidsplay.lt dovan\u0173 kuponas 50Eur - KidsPlay. Did\u017eiausias vaik\u0173 \u017eaisl\u0173 pasirinkimas.","robots":{"index":"index","follow":"follow","max-snippet":"max-snippet:-1","max-image-preview":"max-image-preview:large","max-video-preview":"max-video-preview:-1"},"canonical":"https:\/\/kidsplay.lt\/lv\/products\/kidsplay-lt-dovanu-kuponas-50eur\/","og_locale":"lv_LV","og_type":"article","og_title":"Kidsplay.lt dovan\u0173 kuponas 50Eur - KidsPlay","og_description":"Kidsplay.lt dovan\u0173 kuponas 50Eur - KidsPlay. Did\u017eiausias vaik\u0173 \u017eaisl\u0173 pasirinkimas.","og_url":"https:\/\/kidsplay.lt\/lv\/products\/kidsplay-lt-dovanu-kuponas-50eur\/","og_site_name":"KidsPlay","article_publisher":"https:\/\/www.facebook.com\/www.kidsplay.lt","og_image":[{"width":426,"height":283,"url":"https:\/\/kidsplay.lt\/wp-content\/uploads\/2025\/10\/Screenshot_338-1.png","type":"image\/png"}],"twitter_card":"summary_large_image","twitter_misc":{"Est. reading time":"1 min\u016bte"},"schema":{"@context":"https:\/\/schema.org","@graph":[{"@type":"WebPage","@id":"https:\/\/kidsplay.lt\/produktas\/kidsplay-lt-dovanu-kuponas-50eur\/","url":"https:\/\/kidsplay.lt\/produktas\/kidsplay-lt-dovanu-kuponas-50eur\/","name":"Kidsplay.lt dovan\u0173 kuponas 50Eur - KidsPlay","isPartOf":{"@id":"https:\/\/kidsplay.lt\/#website"},"primaryImageOfPage":{"@id":"https:\/\/kidsplay.lt\/produktas\/kidsplay-lt-dovanu-kuponas-50eur\/#primaryimage"},"image":{"@id":"https:\/\/kidsplay.lt\/produktas\/kidsplay-lt-dovanu-kuponas-50eur\/#primaryimage"},"thumbnailUrl":"https:\/\/kidsplay.lt\/wp-content\/uploads\/2025\/10\/Screenshot_338-1.png","datePublished":"2025-10-17T11:44:06+00:00","description":"Kidsplay.lt dovan\u0173 kuponas 50Eur - KidsPlay. Did\u017eiausias vaik\u0173 \u017eaisl\u0173 pasirinkimas.","breadcrumb":{"@id":"https:\/\/kidsplay.lt\/produktas\/kidsplay-lt-dovanu-kuponas-50eur\/#breadcrumb"},"inLanguage":"lv-LV","potentialAction":[{"@type":"ReadAction","target":["https:\/\/kidsplay.lt\/produktas\/kidsplay-lt-dovanu-kuponas-50eur\/"]}]},{"@type":"ImageObject","inLanguage":"lv-LV","@id":"https:\/\/kidsplay.lt\/produktas\/kidsplay-lt-dovanu-kuponas-50eur\/#primaryimage","url":"https:\/\/kidsplay.lt\/wp-content\/uploads\/2025\/10\/Screenshot_338-1.png","contentUrl":"https:\/\/kidsplay.lt\/wp-content\/uploads\/2025\/10\/Screenshot_338-1.png","width":426,"height":283},{"@type":"BreadcrumbList","@id":"https:\/\/kidsplay.lt\/produktas\/kidsplay-lt-dovanu-kuponas-50eur\/#breadcrumb","itemListElement":[{"@type":"ListItem","position":1,"name":"Pagrindinis","item":"https:\/\/kidsplay.lt\/"},{"@type":"ListItem","position":2,"name":"Parduotuv\u0117","item":"https:\/\/kidsplay.lt\/parduotuve\/"},{"@type":"ListItem","position":3,"name":"Kidsplay.lt dovan\u0173 kuponas 50Eur"}]},{"@type":"WebSite","@id":"https:\/\/kidsplay.lt\/#website","url":"https:\/\/kidsplay.lt\/","name":"B\u0113rnu sp\u0113les.lv","description":"\u012evairios prek\u0117s vaikams","publisher":{"@id":"https:\/\/kidsplay.lt\/#organization"},"alternateName":"Kidsplay","potentialAction":[{"@type":"SearchAction","target":{"@type":"EntryPoint","urlTemplate":"https:\/\/kidsplay.lt\/?s={search_term_string}"},"query-input":{"@type":"PropertyValueSpecification","valueRequired":true,"valueName":"search_term_string"}}],"inLanguage":"lv-LV"},{"@type":"Organization","@id":"https:\/\/kidsplay.lt\/#organization","name":"B\u0113rnu sp\u0113le","url":"https:\/\/kidsplay.lt\/","logo":{"@type":"ImageObject","inLanguage":"lv-LV","@id":"https:\/\/kidsplay.lt\/#\/schema\/logo\/image\/","url":"https:\/\/kidsplay.lt\/wp-content\/uploads\/2023\/07\/kidsplay-logo.png","contentUrl":"https:\/\/kidsplay.lt\/wp-content\/uploads\/2023\/07\/kidsplay-logo.png","width":451,"height":98,"caption":"KidsPlay"},"image":{"@id":"https:\/\/kidsplay.lt\/#\/schema\/logo\/image\/"},"sameAs":["https:\/\/www.facebook.com\/www.kidsplay.lt"]}]}},"_links":{"self":[{"href":"https:\/\/kidsplay.lt\/lv\/wp-json\/wp\/v2\/product\/77097","targetHints":{"allow":["GET"]}}],"collection":[{"href":"https:\/\/kidsplay.lt\/lv\/wp-json\/wp\/v2\/product"}],"about":[{"href":"https:\/\/kidsplay.lt\/lv\/wp-json\/wp\/v2\/types\/product"}],"version-history":[{"count":1,"href":"https:\/\/kidsplay.lt\/lv\/wp-json\/wp\/v2\/product\/77097\/revisions"}],"predecessor-version":[{"id":77099,"href":"https:\/\/kidsplay.lt\/lv\/wp-json\/wp\/v2\/product\/77097\/revisions\/77099"}],"wp:featuredmedia":[{"embeddable":true,"href":"https:\/\/kidsplay.lt\/lv\/wp-json\/wp\/v2\/media\/77095"}],"wp:attachment":[{"href":"https:\/\/kidsplay.lt\/lv\/wp-json\/wp\/v2\/media?parent=77097"}],"wp:term":[{"taxonomy":"product_brand","embeddable":true,"href":"https:\/\/kidsplay.lt\/lv\/wp-json\/wp\/v2\/product_brand?post=77097"},{"taxonomy":"product_cat","embeddable":true,"href":"https:\/\/kidsplay.lt\/lv\/wp-json\/wp\/v2\/product_cat?post=77097"},{"taxonomy":"product_tag","embeddable":true,"href":"https:\/\/kidsplay.lt\/lv\/wp-json\/wp\/v2\/product_tag?post=77097"}],"curies":[{"name":"wp","href":"https:\/\/api.w.org\/{rel}","templated":true}]}}