{"id":77145,"date":"2025-10-20T15:08:34","date_gmt":"2025-10-20T12:08:34","guid":{"rendered":"https:\/\/kidsplay.lt\/produktas\/viga-mediniai-polarb-sensoriniai-blokai\/"},"modified":"2026-04-13T14:22:49","modified_gmt":"2026-04-13T11:22:49","slug":"viga-mediniai-polarb-sensoriniai-blokai","status":"publish","type":"product","link":"https:\/\/kidsplay.lt\/lv\/products\/viga-mediniai-polarb-sensoriniai-blokai\/","title":{"rendered":"VIGA koka PolarB sensorie bloki"},"content":{"rendered":"<p>Atraskite begalini\u0173 linksmybi\u0173 ir atradim\u0173 pasaul\u012f su \u0161iais\u00a08 dali\u0173, sensoriniai, mediniai blokeliai\u201e. Sukurta stimuliuoti\u00a0lyt\u0117jimas, reg\u0117jimas ir klausa, Kiekvienas blokas turi unikali\u0105 tekst\u016br\u0105, veidrod\u012f, varp\u0105 ar bar\u0161kut\u012f. \u012eklotai puikiai tinka ma\u017eoms rankoms, saug\u016bs, patvar\u016bs ir gra\u017eiai suprojektuoti, palaiko jutimin\u012f vystym\u0105si,\u00a0smulkiosios motorikos \u012fg\u016bd\u017eiai ir vaizduot\u0117\u00a0J\u016bs\u0173 vaikas.<\/p>\n<p>Raksturojums:<\/p>\n<p>&#8211; Vaiki\u0161kas \u017eaislas\u00a0nuo 12 m\u0117nesi\u0173 am\u017eiaus\u201e.<br \/>\n&#8211; Rinkinys\u00a08 jutimo blokai\u201e.<br \/>\n&#8211; Stimuliuojan\u010di\u0173 element\u0173 \u012fvairov\u0117\u00a0lyt\u0117jimo, regos ir klausos poj\u016b\u010diai\u201e.<br \/>\n&#8211; Pagaminta i\u0161\u00a0auk\u0161tos kokyb\u0117s mediena\u201e.<br \/>\n&#8211; Tur\u0117ti\u00a0\u0161velnios, pastelin\u0117s spalvos\u201e.<br \/>\n&#8211; Jie vystosi\u00a0rankiniai \u012fg\u016bd\u017eiai ir k\u016brybi\u0161kumas\u201e.<br \/>\n&#8211; Saugus ir\u00a0lengva patraukti\u00a0per ma\u017eas rankas.<\/p>\n<p>Komplekt\u0101 ietilpst:<\/p>\n<p>&#8211; 8 mediniai sensoriniai blokeliai<\/p>","protected":false},"excerpt":{"rendered":"<p>Atraskite begalini\u0173 linksmybi\u0173 ir atradim\u0173 pasaul\u012f su \u0161iais\u00a08 dali\u0173, sensoriniai, mediniai blokeliai\u201e. Sukurta stimuliuoti\u00a0lyt\u0117jimas, reg\u0117jimas ir klausa, Kiekvienas blokas turi<\/p>","protected":false},"featured_media":77147,"template":"","meta":{"_acf_changed":false,"_glsr_average":0,"_glsr_ranking":0,"_glsr_reviews":0},"product_brand":[],"product_cat":[396,229],"product_tag":[],"class_list":{"0":"post-77145","1":"product","2":"type-product","3":"status-publish","4":"has-post-thumbnail","6":"product_cat-kudikiu-zaislai-vaikams2","7":"product_cat-zaislai-vaikams","8":"\"style=\"background-color: #2ecc711c;\"","10":"first","11":"instock","12":"purchasable","13":"product-type-simple"},"acf":[],"yoast_head":"<!-- This site is optimized with the Yoast SEO plugin v27.4 - https:\/\/yoast.com\/product\/yoast-seo-wordpress\/ -->\n<title>VIGA Mediniai PolarB Sensoriniai Blokai<\/title>\n<meta name=\"description\" content=\"VIGA Mediniai PolarB Sensoriniai Blokai - KidsPlay. Did\u017eiausias vaik\u0173 \u017eaisl\u0173 pasirinkimas.\" \/>\n<meta name=\"robots\" content=\"index, follow, max-snippet:-1, max-image-preview:large, max-video-preview:-1\" \/>\n<link rel=\"canonical\" href=\"https:\/\/kidsplay.lt\/lv\/products\/viga-mediniai-polarb-sensoriniai-blokai\/\" \/>\n<meta property=\"og:locale\" content=\"lv_LV\" \/>\n<meta property=\"og:type\" content=\"article\" \/>\n<meta property=\"og:title\" content=\"VIGA Mediniai PolarB Sensoriniai Blokai\" \/>\n<meta property=\"og:description\" content=\"VIGA Mediniai PolarB Sensoriniai Blokai - KidsPlay. Did\u017eiausias vaik\u0173 \u017eaisl\u0173 pasirinkimas.\" \/>\n<meta property=\"og:url\" content=\"https:\/\/kidsplay.lt\/lv\/products\/viga-mediniai-polarb-sensoriniai-blokai\/\" \/>\n<meta property=\"og:site_name\" content=\"KidsPlay\" \/>\n<meta property=\"article:publisher\" content=\"https:\/\/www.facebook.com\/www.kidsplay.lt\" \/>\n<meta property=\"article:modified_time\" content=\"2026-04-13T11:22:49+00:00\" \/>\n<meta property=\"og:image\" content=\"https:\/\/kidsplay.lt\/wp-content\/uploads\/2025\/10\/VIGA-Mediniai-PolarB-Sensoriniai-Blokai.jpg\" \/>\n\t<meta property=\"og:image:width\" content=\"1000\" \/>\n\t<meta property=\"og:image:height\" content=\"1000\" \/>\n\t<meta property=\"og:image:type\" content=\"image\/jpeg\" \/>\n<meta name=\"twitter:card\" content=\"summary_large_image\" \/>\n<meta name=\"twitter:label1\" content=\"Est. reading time\" \/>\n\t<meta name=\"twitter:data1\" content=\"1 min\u016bte\" \/>\n<script type=\"application\/ld+json\" class=\"yoast-schema-graph\">{\"@context\":\"https:\\\/\\\/schema.org\",\"@graph\":[{\"@type\":\"WebPage\",\"@id\":\"https:\\\/\\\/kidsplay.lt\\\/produktas\\\/viga-mediniai-polarb-sensoriniai-blokai\\\/\",\"url\":\"https:\\\/\\\/kidsplay.lt\\\/produktas\\\/viga-mediniai-polarb-sensoriniai-blokai\\\/\",\"name\":\"VIGA Mediniai PolarB Sensoriniai Blokai\",\"isPartOf\":{\"@id\":\"https:\\\/\\\/kidsplay.lt\\\/#website\"},\"primaryImageOfPage\":{\"@id\":\"https:\\\/\\\/kidsplay.lt\\\/produktas\\\/viga-mediniai-polarb-sensoriniai-blokai\\\/#primaryimage\"},\"image\":{\"@id\":\"https:\\\/\\\/kidsplay.lt\\\/produktas\\\/viga-mediniai-polarb-sensoriniai-blokai\\\/#primaryimage\"},\"thumbnailUrl\":\"https:\\\/\\\/kidsplay.lt\\\/wp-content\\\/uploads\\\/2025\\\/10\\\/VIGA-Mediniai-PolarB-Sensoriniai-Blokai.jpg\",\"datePublished\":\"2025-10-20T12:08:34+00:00\",\"dateModified\":\"2026-04-13T11:22:49+00:00\",\"description\":\"VIGA Mediniai PolarB Sensoriniai Blokai - KidsPlay. Did\u017eiausias vaik\u0173 \u017eaisl\u0173 pasirinkimas.\",\"breadcrumb\":{\"@id\":\"https:\\\/\\\/kidsplay.lt\\\/produktas\\\/viga-mediniai-polarb-sensoriniai-blokai\\\/#breadcrumb\"},\"inLanguage\":\"lv-LV\",\"potentialAction\":[{\"@type\":\"ReadAction\",\"target\":[\"https:\\\/\\\/kidsplay.lt\\\/produktas\\\/viga-mediniai-polarb-sensoriniai-blokai\\\/\"]}]},{\"@type\":\"ImageObject\",\"inLanguage\":\"lv-LV\",\"@id\":\"https:\\\/\\\/kidsplay.lt\\\/produktas\\\/viga-mediniai-polarb-sensoriniai-blokai\\\/#primaryimage\",\"url\":\"https:\\\/\\\/kidsplay.lt\\\/wp-content\\\/uploads\\\/2025\\\/10\\\/VIGA-Mediniai-PolarB-Sensoriniai-Blokai.jpg\",\"contentUrl\":\"https:\\\/\\\/kidsplay.lt\\\/wp-content\\\/uploads\\\/2025\\\/10\\\/VIGA-Mediniai-PolarB-Sensoriniai-Blokai.jpg\",\"width\":1000,\"height\":1000,\"caption\":\"VIGA Mediniai PolarB Sensoriniai Blokai\"},{\"@type\":\"BreadcrumbList\",\"@id\":\"https:\\\/\\\/kidsplay.lt\\\/produktas\\\/viga-mediniai-polarb-sensoriniai-blokai\\\/#breadcrumb\",\"itemListElement\":[{\"@type\":\"ListItem\",\"position\":1,\"name\":\"Pagrindinis\",\"item\":\"https:\\\/\\\/kidsplay.lt\\\/\"},{\"@type\":\"ListItem\",\"position\":2,\"name\":\"Parduotuv\u0117\",\"item\":\"https:\\\/\\\/kidsplay.lt\\\/parduotuve\\\/\"},{\"@type\":\"ListItem\",\"position\":3,\"name\":\"VIGA Mediniai PolarB Sensoriniai Blokai\"}]},{\"@type\":\"WebSite\",\"@id\":\"https:\\\/\\\/kidsplay.lt\\\/#website\",\"url\":\"https:\\\/\\\/kidsplay.lt\\\/\",\"name\":\"Kidsplay.lt\",\"description\":\"\u012evairios prek\u0117s vaikams\",\"publisher\":{\"@id\":\"https:\\\/\\\/kidsplay.lt\\\/#organization\"},\"alternateName\":\"Kidsplay\",\"potentialAction\":[{\"@type\":\"SearchAction\",\"target\":{\"@type\":\"EntryPoint\",\"urlTemplate\":\"https:\\\/\\\/kidsplay.lt\\\/?s={search_term_string}\"},\"query-input\":{\"@type\":\"PropertyValueSpecification\",\"valueRequired\":true,\"valueName\":\"search_term_string\"}}],\"inLanguage\":\"lv-LV\"},{\"@type\":\"Organization\",\"@id\":\"https:\\\/\\\/kidsplay.lt\\\/#organization\",\"name\":\"KidsPlay\",\"url\":\"https:\\\/\\\/kidsplay.lt\\\/\",\"logo\":{\"@type\":\"ImageObject\",\"inLanguage\":\"lv-LV\",\"@id\":\"https:\\\/\\\/kidsplay.lt\\\/#\\\/schema\\\/logo\\\/image\\\/\",\"url\":\"https:\\\/\\\/kidsplay.lt\\\/wp-content\\\/uploads\\\/2023\\\/07\\\/kidsplay-logo.png\",\"contentUrl\":\"https:\\\/\\\/kidsplay.lt\\\/wp-content\\\/uploads\\\/2023\\\/07\\\/kidsplay-logo.png\",\"width\":451,\"height\":98,\"caption\":\"KidsPlay\"},\"image\":{\"@id\":\"https:\\\/\\\/kidsplay.lt\\\/#\\\/schema\\\/logo\\\/image\\\/\"},\"sameAs\":[\"https:\\\/\\\/www.facebook.com\\\/www.kidsplay.lt\"]}]}<\/script>\n<!-- \/ Yoast SEO plugin. -->","yoast_head_json":{"title":"VIGA koka PolarB sensorie bloki","description":"VIGA Mediniai PolarB Sensoriniai Blokai - KidsPlay. Did\u017eiausias vaik\u0173 \u017eaisl\u0173 pasirinkimas.","robots":{"index":"index","follow":"follow","max-snippet":"max-snippet:-1","max-image-preview":"max-image-preview:large","max-video-preview":"max-video-preview:-1"},"canonical":"https:\/\/kidsplay.lt\/lv\/products\/viga-mediniai-polarb-sensoriniai-blokai\/","og_locale":"lv_LV","og_type":"article","og_title":"VIGA Mediniai PolarB Sensoriniai Blokai","og_description":"VIGA Mediniai PolarB Sensoriniai Blokai - KidsPlay. Did\u017eiausias vaik\u0173 \u017eaisl\u0173 pasirinkimas.","og_url":"https:\/\/kidsplay.lt\/lv\/products\/viga-mediniai-polarb-sensoriniai-blokai\/","og_site_name":"KidsPlay","article_publisher":"https:\/\/www.facebook.com\/www.kidsplay.lt","article_modified_time":"2026-04-13T11:22:49+00:00","og_image":[{"width":1000,"height":1000,"url":"https:\/\/kidsplay.lt\/wp-content\/uploads\/2025\/10\/VIGA-Mediniai-PolarB-Sensoriniai-Blokai.jpg","type":"image\/jpeg"}],"twitter_card":"summary_large_image","twitter_misc":{"Est. reading time":"1 min\u016bte"},"schema":{"@context":"https:\/\/schema.org","@graph":[{"@type":"WebPage","@id":"https:\/\/kidsplay.lt\/produktas\/viga-mediniai-polarb-sensoriniai-blokai\/","url":"https:\/\/kidsplay.lt\/produktas\/viga-mediniai-polarb-sensoriniai-blokai\/","name":"VIGA koka PolarB sensorie bloki","isPartOf":{"@id":"https:\/\/kidsplay.lt\/#website"},"primaryImageOfPage":{"@id":"https:\/\/kidsplay.lt\/produktas\/viga-mediniai-polarb-sensoriniai-blokai\/#primaryimage"},"image":{"@id":"https:\/\/kidsplay.lt\/produktas\/viga-mediniai-polarb-sensoriniai-blokai\/#primaryimage"},"thumbnailUrl":"https:\/\/kidsplay.lt\/wp-content\/uploads\/2025\/10\/VIGA-Mediniai-PolarB-Sensoriniai-Blokai.jpg","datePublished":"2025-10-20T12:08:34+00:00","dateModified":"2026-04-13T11:22:49+00:00","description":"VIGA Mediniai PolarB Sensoriniai Blokai - KidsPlay. Did\u017eiausias vaik\u0173 \u017eaisl\u0173 pasirinkimas.","breadcrumb":{"@id":"https:\/\/kidsplay.lt\/produktas\/viga-mediniai-polarb-sensoriniai-blokai\/#breadcrumb"},"inLanguage":"lv-LV","potentialAction":[{"@type":"ReadAction","target":["https:\/\/kidsplay.lt\/produktas\/viga-mediniai-polarb-sensoriniai-blokai\/"]}]},{"@type":"ImageObject","inLanguage":"lv-LV","@id":"https:\/\/kidsplay.lt\/produktas\/viga-mediniai-polarb-sensoriniai-blokai\/#primaryimage","url":"https:\/\/kidsplay.lt\/wp-content\/uploads\/2025\/10\/VIGA-Mediniai-PolarB-Sensoriniai-Blokai.jpg","contentUrl":"https:\/\/kidsplay.lt\/wp-content\/uploads\/2025\/10\/VIGA-Mediniai-PolarB-Sensoriniai-Blokai.jpg","width":1000,"height":1000,"caption":"VIGA Mediniai PolarB Sensoriniai Blokai"},{"@type":"BreadcrumbList","@id":"https:\/\/kidsplay.lt\/produktas\/viga-mediniai-polarb-sensoriniai-blokai\/#breadcrumb","itemListElement":[{"@type":"ListItem","position":1,"name":"Pagrindinis","item":"https:\/\/kidsplay.lt\/"},{"@type":"ListItem","position":2,"name":"Parduotuv\u0117","item":"https:\/\/kidsplay.lt\/parduotuve\/"},{"@type":"ListItem","position":3,"name":"VIGA Mediniai PolarB Sensoriniai Blokai"}]},{"@type":"WebSite","@id":"https:\/\/kidsplay.lt\/#website","url":"https:\/\/kidsplay.lt\/","name":"B\u0113rnu sp\u0113les.lv","description":"\u012evairios prek\u0117s vaikams","publisher":{"@id":"https:\/\/kidsplay.lt\/#organization"},"alternateName":"Kidsplay","potentialAction":[{"@type":"SearchAction","target":{"@type":"EntryPoint","urlTemplate":"https:\/\/kidsplay.lt\/?s={search_term_string}"},"query-input":{"@type":"PropertyValueSpecification","valueRequired":true,"valueName":"search_term_string"}}],"inLanguage":"lv-LV"},{"@type":"Organization","@id":"https:\/\/kidsplay.lt\/#organization","name":"B\u0113rnu sp\u0113le","url":"https:\/\/kidsplay.lt\/","logo":{"@type":"ImageObject","inLanguage":"lv-LV","@id":"https:\/\/kidsplay.lt\/#\/schema\/logo\/image\/","url":"https:\/\/kidsplay.lt\/wp-content\/uploads\/2023\/07\/kidsplay-logo.png","contentUrl":"https:\/\/kidsplay.lt\/wp-content\/uploads\/2023\/07\/kidsplay-logo.png","width":451,"height":98,"caption":"KidsPlay"},"image":{"@id":"https:\/\/kidsplay.lt\/#\/schema\/logo\/image\/"},"sameAs":["https:\/\/www.facebook.com\/www.kidsplay.lt"]}]}},"_links":{"self":[{"href":"https:\/\/kidsplay.lt\/lv\/wp-json\/wp\/v2\/product\/77145","targetHints":{"allow":["GET"]}}],"collection":[{"href":"https:\/\/kidsplay.lt\/lv\/wp-json\/wp\/v2\/product"}],"about":[{"href":"https:\/\/kidsplay.lt\/lv\/wp-json\/wp\/v2\/types\/product"}],"version-history":[{"count":2,"href":"https:\/\/kidsplay.lt\/lv\/wp-json\/wp\/v2\/product\/77145\/revisions"}],"predecessor-version":[{"id":83628,"href":"https:\/\/kidsplay.lt\/lv\/wp-json\/wp\/v2\/product\/77145\/revisions\/83628"}],"wp:featuredmedia":[{"embeddable":true,"href":"https:\/\/kidsplay.lt\/lv\/wp-json\/wp\/v2\/media\/77147"}],"wp:attachment":[{"href":"https:\/\/kidsplay.lt\/lv\/wp-json\/wp\/v2\/media?parent=77145"}],"wp:term":[{"taxonomy":"product_brand","embeddable":true,"href":"https:\/\/kidsplay.lt\/lv\/wp-json\/wp\/v2\/product_brand?post=77145"},{"taxonomy":"product_cat","embeddable":true,"href":"https:\/\/kidsplay.lt\/lv\/wp-json\/wp\/v2\/product_cat?post=77145"},{"taxonomy":"product_tag","embeddable":true,"href":"https:\/\/kidsplay.lt\/lv\/wp-json\/wp\/v2\/product_tag?post=77145"}],"curies":[{"name":"wp","href":"https:\/\/api.w.org\/{rel}","templated":true}]}}