{"id":77150,"date":"2025-10-20T15:08:54","date_gmt":"2025-10-20T12:08:54","guid":{"rendered":"https:\/\/kidsplay.lt\/produktas\/viga-medinis-gimtadienio-tortas-pjaustymui\/"},"modified":"2026-04-07T10:01:44","modified_gmt":"2026-04-07T07:01:44","slug":"viga-medinis-gimtadienio-tortas-pjaustymui","status":"publish","type":"product","link":"https:\/\/kidsplay.lt\/lv\/products\/viga-medinis-gimtadienio-tortas-pjaustymui\/","title":{"rendered":"VIGA medinis gimtadienio tortas pjaustymui"},"content":{"rendered":"<p>Medinis gimtadienio tortas\u00a0i\u0161 mark\u0117s\u00a0Vyga\u00a0tai unikalus rinkinys, kuris padarys bet kok\u012f vakar\u0117l\u012f nepamir\u0161tam\u0105! J\u012f sudaro realistiniai elementai, tokie kaip\u00a0pyrag\u0173 gabalai,\u00a0\u017evak\u0117s ir dekoracijos, kuris gali b\u016bti laisvai i\u0161d\u0117stytas.\u00a0A\u010di\u016b, Velcro\u00a0ma\u017eylis\u00a0gali lengvai supjaustyti ir sujungti gabalus,\u00a0mokymasis bendradarbiauti ir dalintis kartu linksminantis. Tai yra tobulas papildymas\u00a0grojimas virtuv\u0117je, gimtadieniai\u00a0ir\u00a0bendri susitikimai su \u0161eima\u00a0ar\u00a0draugai\u201e.<\/p>\n<p>Raksturojums:<\/p>\n<p> \t-tvirtas, medinis \u017eaislas<br \/>\n \t-velcro montuojamas \u2013 galima pjaustyti ir surinkti i\u0161 naujo<br \/>\n \t-pastelin\u0117s, ak\u012f traukian\u010dios spalvos<br \/>\n \t&#8211; saug\u016bs da\u017eai ir kruop\u0161ti apdaila<br \/>\n \t&#8211; supakuota \u012f spalving\u0105 \u2013 d\u0117\u017eut\u0119 puikiai tinka kaip dovana<\/p>\n<p>Komplekt\u0101 ietilpst:<\/p>\n<p> \t-6 gabaliukai torto<br \/>\n \t-5 blokai su skai\u010diais<br \/>\n \t&#8211; nuimamos \u017evak\u0117s<br \/>\n \t-bra\u0161ki\u0173 puo\u0161mena<br \/>\n \t-\u0161okoladin\u0117 dekoracija \u201eSu gimtadieniu\u201d<br \/>\n \t&#8211; torto l\u0117k\u0161t\u0117<br \/>\n \t-medin\u0117 mentel\u0117<\/p>","protected":false},"excerpt":{"rendered":"<p>Medinis gimtadienio tortas\u00a0i\u0161 mark\u0117s\u00a0Vyga\u00a0tai unikalus rinkinys, kuris padarys bet kok\u012f vakar\u0117l\u012f nepamir\u0161tam\u0105! J\u012f sudaro realistiniai elementai, tokie kaip\u00a0pyrag\u0173 gabalai,\u00a0\u017evak\u0117s ir<\/p>","protected":false},"featured_media":77152,"template":"","meta":{"_acf_changed":false,"_glsr_average":0,"_glsr_ranking":0,"_glsr_reviews":0},"product_brand":[],"product_cat":[399,282,229],"product_tag":[],"class_list":{"0":"post-77150","1":"product","2":"type-product","3":"status-publish","4":"has-post-thumbnail","6":"product_cat-vaidmenu-zaidimai-2","7":"product_cat-virtuves-reikmenys-vaidmenu-zaidimai","8":"product_cat-zaislai-vaikams","9":"\"style=\"background-color: #2ecc711c;\"","11":"first","12":"instock","13":"purchasable","14":"product-type-simple"},"acf":[],"yoast_head":"<!-- This site is optimized with the Yoast SEO plugin v27.3 - https:\/\/yoast.com\/product\/yoast-seo-wordpress\/ -->\n<title>VIGA medinis gimtadienio tortas pjaustymui<\/title>\n<meta name=\"description\" content=\"VIGA medinis gimtadienio tortas pjaustymui - KidsPlay. Did\u017eiausias vaik\u0173 \u017eaisl\u0173 pasirinkimas.\" \/>\n<meta name=\"robots\" content=\"index, follow, max-snippet:-1, max-image-preview:large, max-video-preview:-1\" \/>\n<link rel=\"canonical\" href=\"https:\/\/kidsplay.lt\/lv\/products\/viga-medinis-gimtadienio-tortas-pjaustymui\/\" \/>\n<meta property=\"og:locale\" content=\"lv_LV\" \/>\n<meta property=\"og:type\" content=\"article\" \/>\n<meta property=\"og:title\" content=\"VIGA medinis gimtadienio tortas pjaustymui\" \/>\n<meta property=\"og:description\" content=\"VIGA medinis gimtadienio tortas pjaustymui - KidsPlay. Did\u017eiausias vaik\u0173 \u017eaisl\u0173 pasirinkimas.\" \/>\n<meta property=\"og:url\" content=\"https:\/\/kidsplay.lt\/lv\/products\/viga-medinis-gimtadienio-tortas-pjaustymui\/\" \/>\n<meta property=\"og:site_name\" content=\"KidsPlay\" \/>\n<meta property=\"article:publisher\" content=\"https:\/\/www.facebook.com\/www.kidsplay.lt\" \/>\n<meta property=\"article:modified_time\" content=\"2026-04-07T07:01:44+00:00\" \/>\n<meta property=\"og:image\" content=\"https:\/\/kidsplay.lt\/wp-content\/uploads\/2025\/10\/VIGA-medinis-gimtadienio-tortas-pjaustymui.jpg\" \/>\n\t<meta property=\"og:image:width\" content=\"1000\" \/>\n\t<meta property=\"og:image:height\" content=\"1000\" \/>\n\t<meta property=\"og:image:type\" content=\"image\/jpeg\" \/>\n<meta name=\"twitter:card\" content=\"summary_large_image\" \/>\n<meta name=\"twitter:label1\" content=\"Est. reading time\" \/>\n\t<meta name=\"twitter:data1\" content=\"1 min\u016bte\" \/>\n<script type=\"application\/ld+json\" class=\"yoast-schema-graph\">{\"@context\":\"https:\\\/\\\/schema.org\",\"@graph\":[{\"@type\":\"WebPage\",\"@id\":\"https:\\\/\\\/kidsplay.lt\\\/produktas\\\/viga-medinis-gimtadienio-tortas-pjaustymui\\\/\",\"url\":\"https:\\\/\\\/kidsplay.lt\\\/produktas\\\/viga-medinis-gimtadienio-tortas-pjaustymui\\\/\",\"name\":\"VIGA medinis gimtadienio tortas pjaustymui\",\"isPartOf\":{\"@id\":\"https:\\\/\\\/kidsplay.lt\\\/#website\"},\"primaryImageOfPage\":{\"@id\":\"https:\\\/\\\/kidsplay.lt\\\/produktas\\\/viga-medinis-gimtadienio-tortas-pjaustymui\\\/#primaryimage\"},\"image\":{\"@id\":\"https:\\\/\\\/kidsplay.lt\\\/produktas\\\/viga-medinis-gimtadienio-tortas-pjaustymui\\\/#primaryimage\"},\"thumbnailUrl\":\"https:\\\/\\\/kidsplay.lt\\\/wp-content\\\/uploads\\\/2025\\\/10\\\/VIGA-medinis-gimtadienio-tortas-pjaustymui.jpg\",\"datePublished\":\"2025-10-20T12:08:54+00:00\",\"dateModified\":\"2026-04-07T07:01:44+00:00\",\"description\":\"VIGA medinis gimtadienio tortas pjaustymui - KidsPlay. Did\u017eiausias vaik\u0173 \u017eaisl\u0173 pasirinkimas.\",\"breadcrumb\":{\"@id\":\"https:\\\/\\\/kidsplay.lt\\\/produktas\\\/viga-medinis-gimtadienio-tortas-pjaustymui\\\/#breadcrumb\"},\"inLanguage\":\"lv-LV\",\"potentialAction\":[{\"@type\":\"ReadAction\",\"target\":[\"https:\\\/\\\/kidsplay.lt\\\/produktas\\\/viga-medinis-gimtadienio-tortas-pjaustymui\\\/\"]}]},{\"@type\":\"ImageObject\",\"inLanguage\":\"lv-LV\",\"@id\":\"https:\\\/\\\/kidsplay.lt\\\/produktas\\\/viga-medinis-gimtadienio-tortas-pjaustymui\\\/#primaryimage\",\"url\":\"https:\\\/\\\/kidsplay.lt\\\/wp-content\\\/uploads\\\/2025\\\/10\\\/VIGA-medinis-gimtadienio-tortas-pjaustymui.jpg\",\"contentUrl\":\"https:\\\/\\\/kidsplay.lt\\\/wp-content\\\/uploads\\\/2025\\\/10\\\/VIGA-medinis-gimtadienio-tortas-pjaustymui.jpg\",\"width\":1000,\"height\":1000,\"caption\":\"VIGA medinis gimtadienio tortas pjaustymui\"},{\"@type\":\"BreadcrumbList\",\"@id\":\"https:\\\/\\\/kidsplay.lt\\\/produktas\\\/viga-medinis-gimtadienio-tortas-pjaustymui\\\/#breadcrumb\",\"itemListElement\":[{\"@type\":\"ListItem\",\"position\":1,\"name\":\"Pagrindinis\",\"item\":\"https:\\\/\\\/kidsplay.lt\\\/\"},{\"@type\":\"ListItem\",\"position\":2,\"name\":\"Parduotuv\u0117\",\"item\":\"https:\\\/\\\/kidsplay.lt\\\/parduotuve\\\/\"},{\"@type\":\"ListItem\",\"position\":3,\"name\":\"VIGA medinis gimtadienio tortas pjaustymui\"}]},{\"@type\":\"WebSite\",\"@id\":\"https:\\\/\\\/kidsplay.lt\\\/#website\",\"url\":\"https:\\\/\\\/kidsplay.lt\\\/\",\"name\":\"Kidsplay.lt\",\"description\":\"\u012evairios prek\u0117s vaikams\",\"publisher\":{\"@id\":\"https:\\\/\\\/kidsplay.lt\\\/#organization\"},\"alternateName\":\"Kidsplay\",\"potentialAction\":[{\"@type\":\"SearchAction\",\"target\":{\"@type\":\"EntryPoint\",\"urlTemplate\":\"https:\\\/\\\/kidsplay.lt\\\/?s={search_term_string}\"},\"query-input\":{\"@type\":\"PropertyValueSpecification\",\"valueRequired\":true,\"valueName\":\"search_term_string\"}}],\"inLanguage\":\"lv-LV\"},{\"@type\":\"Organization\",\"@id\":\"https:\\\/\\\/kidsplay.lt\\\/#organization\",\"name\":\"KidsPlay\",\"url\":\"https:\\\/\\\/kidsplay.lt\\\/\",\"logo\":{\"@type\":\"ImageObject\",\"inLanguage\":\"lv-LV\",\"@id\":\"https:\\\/\\\/kidsplay.lt\\\/#\\\/schema\\\/logo\\\/image\\\/\",\"url\":\"https:\\\/\\\/kidsplay.lt\\\/wp-content\\\/uploads\\\/2023\\\/07\\\/kidsplay-logo.png\",\"contentUrl\":\"https:\\\/\\\/kidsplay.lt\\\/wp-content\\\/uploads\\\/2023\\\/07\\\/kidsplay-logo.png\",\"width\":451,\"height\":98,\"caption\":\"KidsPlay\"},\"image\":{\"@id\":\"https:\\\/\\\/kidsplay.lt\\\/#\\\/schema\\\/logo\\\/image\\\/\"},\"sameAs\":[\"https:\\\/\\\/www.facebook.com\\\/www.kidsplay.lt\"]}]}<\/script>\n<!-- \/ Yoast SEO plugin. -->","yoast_head_json":{"title":"VIGA medinis gimtadienio tortas pjaustymui","description":"VIGA medinis gimtadienio tortas pjaustymui - KidsPlay. Did\u017eiausias vaik\u0173 \u017eaisl\u0173 pasirinkimas.","robots":{"index":"index","follow":"follow","max-snippet":"max-snippet:-1","max-image-preview":"max-image-preview:large","max-video-preview":"max-video-preview:-1"},"canonical":"https:\/\/kidsplay.lt\/lv\/products\/viga-medinis-gimtadienio-tortas-pjaustymui\/","og_locale":"lv_LV","og_type":"article","og_title":"VIGA medinis gimtadienio tortas pjaustymui","og_description":"VIGA medinis gimtadienio tortas pjaustymui - KidsPlay. Did\u017eiausias vaik\u0173 \u017eaisl\u0173 pasirinkimas.","og_url":"https:\/\/kidsplay.lt\/lv\/products\/viga-medinis-gimtadienio-tortas-pjaustymui\/","og_site_name":"KidsPlay","article_publisher":"https:\/\/www.facebook.com\/www.kidsplay.lt","article_modified_time":"2026-04-07T07:01:44+00:00","og_image":[{"width":1000,"height":1000,"url":"https:\/\/kidsplay.lt\/wp-content\/uploads\/2025\/10\/VIGA-medinis-gimtadienio-tortas-pjaustymui.jpg","type":"image\/jpeg"}],"twitter_card":"summary_large_image","twitter_misc":{"Est. reading time":"1 min\u016bte"},"schema":{"@context":"https:\/\/schema.org","@graph":[{"@type":"WebPage","@id":"https:\/\/kidsplay.lt\/produktas\/viga-medinis-gimtadienio-tortas-pjaustymui\/","url":"https:\/\/kidsplay.lt\/produktas\/viga-medinis-gimtadienio-tortas-pjaustymui\/","name":"VIGA medinis gimtadienio tortas pjaustymui","isPartOf":{"@id":"https:\/\/kidsplay.lt\/#website"},"primaryImageOfPage":{"@id":"https:\/\/kidsplay.lt\/produktas\/viga-medinis-gimtadienio-tortas-pjaustymui\/#primaryimage"},"image":{"@id":"https:\/\/kidsplay.lt\/produktas\/viga-medinis-gimtadienio-tortas-pjaustymui\/#primaryimage"},"thumbnailUrl":"https:\/\/kidsplay.lt\/wp-content\/uploads\/2025\/10\/VIGA-medinis-gimtadienio-tortas-pjaustymui.jpg","datePublished":"2025-10-20T12:08:54+00:00","dateModified":"2026-04-07T07:01:44+00:00","description":"VIGA medinis gimtadienio tortas pjaustymui - KidsPlay. Did\u017eiausias vaik\u0173 \u017eaisl\u0173 pasirinkimas.","breadcrumb":{"@id":"https:\/\/kidsplay.lt\/produktas\/viga-medinis-gimtadienio-tortas-pjaustymui\/#breadcrumb"},"inLanguage":"lv-LV","potentialAction":[{"@type":"ReadAction","target":["https:\/\/kidsplay.lt\/produktas\/viga-medinis-gimtadienio-tortas-pjaustymui\/"]}]},{"@type":"ImageObject","inLanguage":"lv-LV","@id":"https:\/\/kidsplay.lt\/produktas\/viga-medinis-gimtadienio-tortas-pjaustymui\/#primaryimage","url":"https:\/\/kidsplay.lt\/wp-content\/uploads\/2025\/10\/VIGA-medinis-gimtadienio-tortas-pjaustymui.jpg","contentUrl":"https:\/\/kidsplay.lt\/wp-content\/uploads\/2025\/10\/VIGA-medinis-gimtadienio-tortas-pjaustymui.jpg","width":1000,"height":1000,"caption":"VIGA medinis gimtadienio tortas pjaustymui"},{"@type":"BreadcrumbList","@id":"https:\/\/kidsplay.lt\/produktas\/viga-medinis-gimtadienio-tortas-pjaustymui\/#breadcrumb","itemListElement":[{"@type":"ListItem","position":1,"name":"Pagrindinis","item":"https:\/\/kidsplay.lt\/"},{"@type":"ListItem","position":2,"name":"Parduotuv\u0117","item":"https:\/\/kidsplay.lt\/parduotuve\/"},{"@type":"ListItem","position":3,"name":"VIGA medinis gimtadienio tortas pjaustymui"}]},{"@type":"WebSite","@id":"https:\/\/kidsplay.lt\/#website","url":"https:\/\/kidsplay.lt\/","name":"B\u0113rnu sp\u0113les.lv","description":"\u012evairios prek\u0117s vaikams","publisher":{"@id":"https:\/\/kidsplay.lt\/#organization"},"alternateName":"Kidsplay","potentialAction":[{"@type":"SearchAction","target":{"@type":"EntryPoint","urlTemplate":"https:\/\/kidsplay.lt\/?s={search_term_string}"},"query-input":{"@type":"PropertyValueSpecification","valueRequired":true,"valueName":"search_term_string"}}],"inLanguage":"lv-LV"},{"@type":"Organization","@id":"https:\/\/kidsplay.lt\/#organization","name":"B\u0113rnu sp\u0113le","url":"https:\/\/kidsplay.lt\/","logo":{"@type":"ImageObject","inLanguage":"lv-LV","@id":"https:\/\/kidsplay.lt\/#\/schema\/logo\/image\/","url":"https:\/\/kidsplay.lt\/wp-content\/uploads\/2023\/07\/kidsplay-logo.png","contentUrl":"https:\/\/kidsplay.lt\/wp-content\/uploads\/2023\/07\/kidsplay-logo.png","width":451,"height":98,"caption":"KidsPlay"},"image":{"@id":"https:\/\/kidsplay.lt\/#\/schema\/logo\/image\/"},"sameAs":["https:\/\/www.facebook.com\/www.kidsplay.lt"]}]}},"_links":{"self":[{"href":"https:\/\/kidsplay.lt\/lv\/wp-json\/wp\/v2\/product\/77150","targetHints":{"allow":["GET"]}}],"collection":[{"href":"https:\/\/kidsplay.lt\/lv\/wp-json\/wp\/v2\/product"}],"about":[{"href":"https:\/\/kidsplay.lt\/lv\/wp-json\/wp\/v2\/types\/product"}],"version-history":[{"count":1,"href":"https:\/\/kidsplay.lt\/lv\/wp-json\/wp\/v2\/product\/77150\/revisions"}],"predecessor-version":[{"id":77151,"href":"https:\/\/kidsplay.lt\/lv\/wp-json\/wp\/v2\/product\/77150\/revisions\/77151"}],"wp:featuredmedia":[{"embeddable":true,"href":"https:\/\/kidsplay.lt\/lv\/wp-json\/wp\/v2\/media\/77152"}],"wp:attachment":[{"href":"https:\/\/kidsplay.lt\/lv\/wp-json\/wp\/v2\/media?parent=77150"}],"wp:term":[{"taxonomy":"product_brand","embeddable":true,"href":"https:\/\/kidsplay.lt\/lv\/wp-json\/wp\/v2\/product_brand?post=77150"},{"taxonomy":"product_cat","embeddable":true,"href":"https:\/\/kidsplay.lt\/lv\/wp-json\/wp\/v2\/product_cat?post=77150"},{"taxonomy":"product_tag","embeddable":true,"href":"https:\/\/kidsplay.lt\/lv\/wp-json\/wp\/v2\/product_tag?post=77150"}],"curies":[{"name":"wp","href":"https:\/\/api.w.org\/{rel}","templated":true}]}}