{"id":77170,"date":"2025-10-20T15:10:15","date_gmt":"2025-10-20T12:10:15","guid":{"rendered":"https:\/\/kidsplay.lt\/produktas\/viga-medinis-balansavimo-modulinis-takelis-sensorinis-kelias\/"},"modified":"2026-04-07T10:01:50","modified_gmt":"2026-04-07T07:01:50","slug":"viga-medinis-balansavimo-modulinis-takelis-sensorinis-kelias","status":"publish","type":"product","link":"https:\/\/kidsplay.lt\/lv\/products\/viga-medinis-balansavimo-modulinis-takelis-sensorinis-kelias\/","title":{"rendered":"VIGA medinis balansavimo modulinis takelis Sensorinis kelias"},"content":{"rendered":"<p>Atraskite ir pl\u0117tokite poj\u016b\u010di\u0173 pasaul\u012f naujov\u0117mis\u00a0lygiaver\u010di\u0173 jutimo pluo\u0161t\u0173 rinkinys\u00a0i\u0161 mark\u0117s\u00a0Vyga\u201e. \u0160is unikalus \u017eaislas, kur\u012f sudaro\u00a06 sijos ir 1 jungtis, leid\u017eia vaikui laisvai kurti savo unikalius pusiausvyros takelius ir kelius. Kiekviename pluo\u0161te yra \u012fvairi\u0173 kli\u016b\u010di\u0173, kurios suteikia \u012fvairius lyt\u0117jimo dirgiklius, taip palaikydamos\u00a0koordinacijos, k\u016brybi\u0161kumo ir pasitik\u0117jimo savimi ugdymas\u00a0Tavo ma\u017eylis. Komplekte yra tiek sijos su lengvesn\u0117mis ir sunkesn\u0117mis kli\u016btimis, kurios leid\u017eia reguliuoti sud\u0117tingumo lyg\u012f pagal vaiko \u012fg\u016bd\u017eius. Jungtys yra integruotos su sijomis, tod\u0117l daug lengviau surinkti ir laikyti \u017eaisl\u0105. Tai yra tobula priemon\u0117, skirta\u00a0stambiosios motorikos ugdymas\u00a0ir k\u016bno suvokimas erdv\u0117je, kuri u\u017etikrina saug\u0173 ir linksm\u0105.<\/p>\n<p>Raksturojums:<\/p>\n<p> \t&#8211; Vaiki\u0161kas \u017eaislas\u00a0nuo 2 met\u0173 am\u017eiaus<br \/>\n \t&#8211; \u012etraukta\u00a06 sijos ir 1 jungtis<br \/>\n \t&#8211; Sijos turi\u00a0\u012fvairios sensorin\u0117s kli\u016btys<br \/>\n \t&#8211; \u012ejungia\u00a0bet koks element\u0173 derinys<br \/>\n \t&#8211; U\u017etikrina\u00a0dinami\u0161kas ir saugus linksmumas<\/p>\n<p>Komplekt\u0101 ietilpst:<\/p>\n<p> \t&#8211; 6 jutimo sijos<br \/>\n \t&#8211; 1 pagrindin\u0117 jungtis<\/p>","protected":false},"excerpt":{"rendered":"<p>Atraskite ir pl\u0117tokite poj\u016b\u010di\u0173 pasaul\u012f naujov\u0117mis\u00a0lygiaver\u010di\u0173 jutimo pluo\u0161t\u0173 rinkinys\u00a0i\u0161 mark\u0117s\u00a0Vyga\u201e. \u0160is unikalus \u017eaislas, kur\u012f sudaro\u00a06 sijos ir 1 jungtis, leid\u017eia<\/p>","protected":false},"featured_media":77172,"template":"","meta":{"_acf_changed":false,"_glsr_average":0,"_glsr_ranking":0,"_glsr_reviews":0},"product_brand":[],"product_cat":[673,229],"product_tag":[],"class_list":{"0":"post-77170","1":"product","2":"type-product","3":"status-publish","4":"has-post-thumbnail","6":"product_cat-ugdomosios-priemones","7":"product_cat-zaislai-vaikams","8":"\"style=\"background-color: #2ecc711c;\"","10":"first","11":"instock","12":"purchasable","13":"product-type-simple"},"acf":[],"yoast_head":"<!-- This site is optimized with the Yoast SEO plugin v27.3 - https:\/\/yoast.com\/product\/yoast-seo-wordpress\/ -->\n<title>VIGA medinis balansavimo modulinis takelis Sensorinis kelias<\/title>\n<meta name=\"description\" content=\"VIGA medinis balansavimo modulinis takelis Sensorinis kelias - KidsPlay. Did\u017eiausias vaik\u0173 \u017eaisl\u0173 pasirinkimas.\" \/>\n<meta name=\"robots\" content=\"index, follow, max-snippet:-1, max-image-preview:large, max-video-preview:-1\" \/>\n<link rel=\"canonical\" href=\"https:\/\/kidsplay.lt\/lv\/products\/viga-medinis-balansavimo-modulinis-takelis-sensorinis-kelias\/\" \/>\n<meta property=\"og:locale\" content=\"lv_LV\" \/>\n<meta property=\"og:type\" content=\"article\" \/>\n<meta property=\"og:title\" content=\"VIGA medinis balansavimo modulinis takelis Sensorinis kelias\" \/>\n<meta property=\"og:description\" content=\"VIGA medinis balansavimo modulinis takelis Sensorinis kelias - KidsPlay. Did\u017eiausias vaik\u0173 \u017eaisl\u0173 pasirinkimas.\" \/>\n<meta property=\"og:url\" content=\"https:\/\/kidsplay.lt\/lv\/products\/viga-medinis-balansavimo-modulinis-takelis-sensorinis-kelias\/\" \/>\n<meta property=\"og:site_name\" content=\"KidsPlay\" \/>\n<meta property=\"article:publisher\" content=\"https:\/\/www.facebook.com\/www.kidsplay.lt\" \/>\n<meta property=\"article:modified_time\" content=\"2026-04-07T07:01:50+00:00\" \/>\n<meta property=\"og:image\" content=\"https:\/\/kidsplay.lt\/wp-content\/uploads\/2025\/10\/VIGA-medinis-balansavimo-modulinis-takelis-Sensorinis-kelias.jpg\" \/>\n\t<meta property=\"og:image:width\" content=\"1000\" \/>\n\t<meta property=\"og:image:height\" content=\"1000\" \/>\n\t<meta property=\"og:image:type\" content=\"image\/jpeg\" \/>\n<meta name=\"twitter:card\" content=\"summary_large_image\" \/>\n<meta name=\"twitter:label1\" content=\"Est. reading time\" \/>\n\t<meta name=\"twitter:data1\" content=\"1 min\u016bte\" \/>\n<script type=\"application\/ld+json\" class=\"yoast-schema-graph\">{\"@context\":\"https:\\\/\\\/schema.org\",\"@graph\":[{\"@type\":\"WebPage\",\"@id\":\"https:\\\/\\\/kidsplay.lt\\\/produktas\\\/viga-medinis-balansavimo-modulinis-takelis-sensorinis-kelias\\\/\",\"url\":\"https:\\\/\\\/kidsplay.lt\\\/produktas\\\/viga-medinis-balansavimo-modulinis-takelis-sensorinis-kelias\\\/\",\"name\":\"VIGA medinis balansavimo modulinis takelis Sensorinis kelias\",\"isPartOf\":{\"@id\":\"https:\\\/\\\/kidsplay.lt\\\/#website\"},\"primaryImageOfPage\":{\"@id\":\"https:\\\/\\\/kidsplay.lt\\\/produktas\\\/viga-medinis-balansavimo-modulinis-takelis-sensorinis-kelias\\\/#primaryimage\"},\"image\":{\"@id\":\"https:\\\/\\\/kidsplay.lt\\\/produktas\\\/viga-medinis-balansavimo-modulinis-takelis-sensorinis-kelias\\\/#primaryimage\"},\"thumbnailUrl\":\"https:\\\/\\\/kidsplay.lt\\\/wp-content\\\/uploads\\\/2025\\\/10\\\/VIGA-medinis-balansavimo-modulinis-takelis-Sensorinis-kelias.jpg\",\"datePublished\":\"2025-10-20T12:10:15+00:00\",\"dateModified\":\"2026-04-07T07:01:50+00:00\",\"description\":\"VIGA medinis balansavimo modulinis takelis Sensorinis kelias - KidsPlay. Did\u017eiausias vaik\u0173 \u017eaisl\u0173 pasirinkimas.\",\"breadcrumb\":{\"@id\":\"https:\\\/\\\/kidsplay.lt\\\/produktas\\\/viga-medinis-balansavimo-modulinis-takelis-sensorinis-kelias\\\/#breadcrumb\"},\"inLanguage\":\"lv-LV\",\"potentialAction\":[{\"@type\":\"ReadAction\",\"target\":[\"https:\\\/\\\/kidsplay.lt\\\/produktas\\\/viga-medinis-balansavimo-modulinis-takelis-sensorinis-kelias\\\/\"]}]},{\"@type\":\"ImageObject\",\"inLanguage\":\"lv-LV\",\"@id\":\"https:\\\/\\\/kidsplay.lt\\\/produktas\\\/viga-medinis-balansavimo-modulinis-takelis-sensorinis-kelias\\\/#primaryimage\",\"url\":\"https:\\\/\\\/kidsplay.lt\\\/wp-content\\\/uploads\\\/2025\\\/10\\\/VIGA-medinis-balansavimo-modulinis-takelis-Sensorinis-kelias.jpg\",\"contentUrl\":\"https:\\\/\\\/kidsplay.lt\\\/wp-content\\\/uploads\\\/2025\\\/10\\\/VIGA-medinis-balansavimo-modulinis-takelis-Sensorinis-kelias.jpg\",\"width\":1000,\"height\":1000,\"caption\":\"VIGA medinis balansavimo modulinis takelis Sensorinis kelias\"},{\"@type\":\"BreadcrumbList\",\"@id\":\"https:\\\/\\\/kidsplay.lt\\\/produktas\\\/viga-medinis-balansavimo-modulinis-takelis-sensorinis-kelias\\\/#breadcrumb\",\"itemListElement\":[{\"@type\":\"ListItem\",\"position\":1,\"name\":\"Pagrindinis\",\"item\":\"https:\\\/\\\/kidsplay.lt\\\/\"},{\"@type\":\"ListItem\",\"position\":2,\"name\":\"Parduotuv\u0117\",\"item\":\"https:\\\/\\\/kidsplay.lt\\\/parduotuve\\\/\"},{\"@type\":\"ListItem\",\"position\":3,\"name\":\"VIGA medinis balansavimo modulinis takelis Sensorinis kelias\"}]},{\"@type\":\"WebSite\",\"@id\":\"https:\\\/\\\/kidsplay.lt\\\/#website\",\"url\":\"https:\\\/\\\/kidsplay.lt\\\/\",\"name\":\"Kidsplay.lt\",\"description\":\"\u012evairios prek\u0117s vaikams\",\"publisher\":{\"@id\":\"https:\\\/\\\/kidsplay.lt\\\/#organization\"},\"alternateName\":\"Kidsplay\",\"potentialAction\":[{\"@type\":\"SearchAction\",\"target\":{\"@type\":\"EntryPoint\",\"urlTemplate\":\"https:\\\/\\\/kidsplay.lt\\\/?s={search_term_string}\"},\"query-input\":{\"@type\":\"PropertyValueSpecification\",\"valueRequired\":true,\"valueName\":\"search_term_string\"}}],\"inLanguage\":\"lv-LV\"},{\"@type\":\"Organization\",\"@id\":\"https:\\\/\\\/kidsplay.lt\\\/#organization\",\"name\":\"KidsPlay\",\"url\":\"https:\\\/\\\/kidsplay.lt\\\/\",\"logo\":{\"@type\":\"ImageObject\",\"inLanguage\":\"lv-LV\",\"@id\":\"https:\\\/\\\/kidsplay.lt\\\/#\\\/schema\\\/logo\\\/image\\\/\",\"url\":\"https:\\\/\\\/kidsplay.lt\\\/wp-content\\\/uploads\\\/2023\\\/07\\\/kidsplay-logo.png\",\"contentUrl\":\"https:\\\/\\\/kidsplay.lt\\\/wp-content\\\/uploads\\\/2023\\\/07\\\/kidsplay-logo.png\",\"width\":451,\"height\":98,\"caption\":\"KidsPlay\"},\"image\":{\"@id\":\"https:\\\/\\\/kidsplay.lt\\\/#\\\/schema\\\/logo\\\/image\\\/\"},\"sameAs\":[\"https:\\\/\\\/www.facebook.com\\\/www.kidsplay.lt\"]}]}<\/script>\n<!-- \/ Yoast SEO plugin. -->","yoast_head_json":{"title":"VIGA medinis balansavimo modulinis takelis Sensorinis kelias","description":"VIGA medinis balansavimo modulinis takelis Sensorinis kelias - KidsPlay. Did\u017eiausias vaik\u0173 \u017eaisl\u0173 pasirinkimas.","robots":{"index":"index","follow":"follow","max-snippet":"max-snippet:-1","max-image-preview":"max-image-preview:large","max-video-preview":"max-video-preview:-1"},"canonical":"https:\/\/kidsplay.lt\/lv\/products\/viga-medinis-balansavimo-modulinis-takelis-sensorinis-kelias\/","og_locale":"lv_LV","og_type":"article","og_title":"VIGA medinis balansavimo modulinis takelis Sensorinis kelias","og_description":"VIGA medinis balansavimo modulinis takelis Sensorinis kelias - KidsPlay. Did\u017eiausias vaik\u0173 \u017eaisl\u0173 pasirinkimas.","og_url":"https:\/\/kidsplay.lt\/lv\/products\/viga-medinis-balansavimo-modulinis-takelis-sensorinis-kelias\/","og_site_name":"KidsPlay","article_publisher":"https:\/\/www.facebook.com\/www.kidsplay.lt","article_modified_time":"2026-04-07T07:01:50+00:00","og_image":[{"width":1000,"height":1000,"url":"https:\/\/kidsplay.lt\/wp-content\/uploads\/2025\/10\/VIGA-medinis-balansavimo-modulinis-takelis-Sensorinis-kelias.jpg","type":"image\/jpeg"}],"twitter_card":"summary_large_image","twitter_misc":{"Est. reading time":"1 min\u016bte"},"schema":{"@context":"https:\/\/schema.org","@graph":[{"@type":"WebPage","@id":"https:\/\/kidsplay.lt\/produktas\/viga-medinis-balansavimo-modulinis-takelis-sensorinis-kelias\/","url":"https:\/\/kidsplay.lt\/produktas\/viga-medinis-balansavimo-modulinis-takelis-sensorinis-kelias\/","name":"VIGA medinis balansavimo modulinis takelis Sensorinis kelias","isPartOf":{"@id":"https:\/\/kidsplay.lt\/#website"},"primaryImageOfPage":{"@id":"https:\/\/kidsplay.lt\/produktas\/viga-medinis-balansavimo-modulinis-takelis-sensorinis-kelias\/#primaryimage"},"image":{"@id":"https:\/\/kidsplay.lt\/produktas\/viga-medinis-balansavimo-modulinis-takelis-sensorinis-kelias\/#primaryimage"},"thumbnailUrl":"https:\/\/kidsplay.lt\/wp-content\/uploads\/2025\/10\/VIGA-medinis-balansavimo-modulinis-takelis-Sensorinis-kelias.jpg","datePublished":"2025-10-20T12:10:15+00:00","dateModified":"2026-04-07T07:01:50+00:00","description":"VIGA medinis balansavimo modulinis takelis Sensorinis kelias - KidsPlay. Did\u017eiausias vaik\u0173 \u017eaisl\u0173 pasirinkimas.","breadcrumb":{"@id":"https:\/\/kidsplay.lt\/produktas\/viga-medinis-balansavimo-modulinis-takelis-sensorinis-kelias\/#breadcrumb"},"inLanguage":"lv-LV","potentialAction":[{"@type":"ReadAction","target":["https:\/\/kidsplay.lt\/produktas\/viga-medinis-balansavimo-modulinis-takelis-sensorinis-kelias\/"]}]},{"@type":"ImageObject","inLanguage":"lv-LV","@id":"https:\/\/kidsplay.lt\/produktas\/viga-medinis-balansavimo-modulinis-takelis-sensorinis-kelias\/#primaryimage","url":"https:\/\/kidsplay.lt\/wp-content\/uploads\/2025\/10\/VIGA-medinis-balansavimo-modulinis-takelis-Sensorinis-kelias.jpg","contentUrl":"https:\/\/kidsplay.lt\/wp-content\/uploads\/2025\/10\/VIGA-medinis-balansavimo-modulinis-takelis-Sensorinis-kelias.jpg","width":1000,"height":1000,"caption":"VIGA medinis balansavimo modulinis takelis Sensorinis kelias"},{"@type":"BreadcrumbList","@id":"https:\/\/kidsplay.lt\/produktas\/viga-medinis-balansavimo-modulinis-takelis-sensorinis-kelias\/#breadcrumb","itemListElement":[{"@type":"ListItem","position":1,"name":"Pagrindinis","item":"https:\/\/kidsplay.lt\/"},{"@type":"ListItem","position":2,"name":"Parduotuv\u0117","item":"https:\/\/kidsplay.lt\/parduotuve\/"},{"@type":"ListItem","position":3,"name":"VIGA medinis balansavimo modulinis takelis Sensorinis kelias"}]},{"@type":"WebSite","@id":"https:\/\/kidsplay.lt\/#website","url":"https:\/\/kidsplay.lt\/","name":"B\u0113rnu sp\u0113les.lv","description":"\u012evairios prek\u0117s vaikams","publisher":{"@id":"https:\/\/kidsplay.lt\/#organization"},"alternateName":"Kidsplay","potentialAction":[{"@type":"SearchAction","target":{"@type":"EntryPoint","urlTemplate":"https:\/\/kidsplay.lt\/?s={search_term_string}"},"query-input":{"@type":"PropertyValueSpecification","valueRequired":true,"valueName":"search_term_string"}}],"inLanguage":"lv-LV"},{"@type":"Organization","@id":"https:\/\/kidsplay.lt\/#organization","name":"B\u0113rnu sp\u0113le","url":"https:\/\/kidsplay.lt\/","logo":{"@type":"ImageObject","inLanguage":"lv-LV","@id":"https:\/\/kidsplay.lt\/#\/schema\/logo\/image\/","url":"https:\/\/kidsplay.lt\/wp-content\/uploads\/2023\/07\/kidsplay-logo.png","contentUrl":"https:\/\/kidsplay.lt\/wp-content\/uploads\/2023\/07\/kidsplay-logo.png","width":451,"height":98,"caption":"KidsPlay"},"image":{"@id":"https:\/\/kidsplay.lt\/#\/schema\/logo\/image\/"},"sameAs":["https:\/\/www.facebook.com\/www.kidsplay.lt"]}]}},"_links":{"self":[{"href":"https:\/\/kidsplay.lt\/lv\/wp-json\/wp\/v2\/product\/77170","targetHints":{"allow":["GET"]}}],"collection":[{"href":"https:\/\/kidsplay.lt\/lv\/wp-json\/wp\/v2\/product"}],"about":[{"href":"https:\/\/kidsplay.lt\/lv\/wp-json\/wp\/v2\/types\/product"}],"version-history":[{"count":1,"href":"https:\/\/kidsplay.lt\/lv\/wp-json\/wp\/v2\/product\/77170\/revisions"}],"predecessor-version":[{"id":77171,"href":"https:\/\/kidsplay.lt\/lv\/wp-json\/wp\/v2\/product\/77170\/revisions\/77171"}],"wp:featuredmedia":[{"embeddable":true,"href":"https:\/\/kidsplay.lt\/lv\/wp-json\/wp\/v2\/media\/77172"}],"wp:attachment":[{"href":"https:\/\/kidsplay.lt\/lv\/wp-json\/wp\/v2\/media?parent=77170"}],"wp:term":[{"taxonomy":"product_brand","embeddable":true,"href":"https:\/\/kidsplay.lt\/lv\/wp-json\/wp\/v2\/product_brand?post=77170"},{"taxonomy":"product_cat","embeddable":true,"href":"https:\/\/kidsplay.lt\/lv\/wp-json\/wp\/v2\/product_cat?post=77170"},{"taxonomy":"product_tag","embeddable":true,"href":"https:\/\/kidsplay.lt\/lv\/wp-json\/wp\/v2\/product_tag?post=77170"}],"curies":[{"name":"wp","href":"https:\/\/api.w.org\/{rel}","templated":true}]}}