{"id":77215,"date":"2025-10-20T15:17:13","date_gmt":"2025-10-20T12:17:13","guid":{"rendered":"https:\/\/kidsplay.lt\/produktas\/viga-edukacinis-zaidimas-medines-deliones-rungtyniu-formos-37-vnt\/"},"modified":"2026-04-13T14:24:02","modified_gmt":"2026-04-13T11:24:02","slug":"viga-edukacinis-zaidimas-medines-deliones-rungtyniu-formos-37-vnt","status":"publish","type":"product","link":"https:\/\/kidsplay.lt\/lv\/products\/viga-edukacinis-zaidimas-medines-deliones-rungtyniu-formos-37-vnt\/","title":{"rendered":"VIGA Izgl\u012btojo\u0161\u0101 sp\u0113le Koka puzle Saska\u0146o formas 37 gab."},"content":{"rendered":"<p>Koka puzle formu apguvei un \u0161\u0137iro\u0161anai. B\u0113rna uzdevums ir pie\u0161\u0137irt priek\u0161metus izv\u0113l\u0113taj\u0101m form\u0101m. Att\u0113los redzami daudzi ikdienas priek\u0161meti, piem\u0113ram, pu\u0137u pods un picas \u0161\u0137\u0113le. Skatoties uz podu, b\u0113rns redz\u0113s trapeces formu, un picas \u0161\u0137\u0113le b\u016bs tr\u012bsst\u016bris. Viss objekts ir izgatavots no koka un kr\u0101sots ar netoksisk\u0101m kr\u0101s\u0101m. Pievienotaj\u0101 instrukcij\u0101 ir pied\u0101v\u0101tas iesp\u0113jas vienai un vair\u0101k\u0101m person\u0101m, k\u0101 ar\u012b da\u017e\u0101di sare\u017e\u0123\u012bt\u012bbas l\u012bme\u0146i.<\/p>\n<p>Raksturojums:<\/p>\n<p> \t\u2013 tas viss ir darin\u0101ts no koka,<br \/>\n \t\u2013 \u013cauj b\u0113rniem pavad\u012bt laiku un m\u0101c\u012bties sp\u0113l\u0113joties,<br \/>\n \t\u2013 kr\u0101sots ar netoksisk\u0101m kr\u0101s\u0101m, t\u0101p\u0113c ir dro\u0161s b\u0113rniem.<\/p>\n<p>Rota\u013clieta ir:<\/p>\n<p> \t\u2013 5 pamatpl\u0101ksnes (pamatformas: aplis, tr\u012bsst\u016bris, kvadr\u0101ts, taisnst\u016bris un trapece),<br \/>\n \t\u2013 30 fl\u012bzes ar pieska\u0146otiem kr\u0101sainiem att\u0113liem,<br \/>\n \t\u2013 2 kubi\u0146i,<br \/>\n \t\u2013 instrukcija.<\/p>","protected":false},"excerpt":{"rendered":"<p>Medinis D\u0117lion\u0117\u00a0\u012f\u00a0form\u0173 mokymasis ir r\u016b\u0161iavimas\u201e. Vaiko u\u017eduotis &#8211; priskirti objektus pasirinktoms formoms. Nuotraukose matyti daug kasdieni\u0173 daikt\u0173, pavyzd\u017eiui, g\u0117li\u0173 vazonas<\/p>","protected":false},"featured_media":77217,"template":"","meta":{"_acf_changed":false,"_glsr_average":0,"_glsr_ranking":0,"_glsr_reviews":0},"product_brand":[],"product_cat":[397,229],"product_tag":[],"class_list":{"0":"post-77215","1":"product","2":"type-product","3":"status-publish","4":"has-post-thumbnail","6":"product_cat-medines-deliones-mediniai-zaislai","7":"product_cat-zaislai-vaikams","8":"\"style=\"background-color: #2ecc711c;\"","10":"first","11":"instock","12":"purchasable","13":"product-type-simple"},"acf":[],"yoast_head":"<!-- This site is optimized with the Yoast SEO plugin v27.3 - https:\/\/yoast.com\/product\/yoast-seo-wordpress\/ -->\n<title>VIGA Edukacinis \u017daidimas Medin\u0117s D\u0117lion\u0117s Rungtyni\u0173 Formos 37 vnt.<\/title>\n<meta name=\"description\" content=\"VIGA Edukacinis \u017daidimas Medin\u0117s D\u0117lion\u0117s Rungtyni\u0173 Formos 37 vnt. - KidsPlay. Did\u017eiausias vaik\u0173 \u017eaisl\u0173 pasirinkimas.\" \/>\n<meta name=\"robots\" content=\"index, follow, max-snippet:-1, max-image-preview:large, max-video-preview:-1\" \/>\n<link rel=\"canonical\" href=\"https:\/\/kidsplay.lt\/lv\/products\/viga-edukacinis-zaidimas-medines-deliones-rungtyniu-formos-37-vnt\/\" \/>\n<meta property=\"og:locale\" content=\"lv_LV\" \/>\n<meta property=\"og:type\" content=\"article\" \/>\n<meta property=\"og:title\" content=\"VIGA Edukacinis \u017daidimas Medin\u0117s D\u0117lion\u0117s Rungtyni\u0173 Formos 37 vnt.\" \/>\n<meta property=\"og:description\" content=\"VIGA Edukacinis \u017daidimas Medin\u0117s D\u0117lion\u0117s Rungtyni\u0173 Formos 37 vnt. - KidsPlay. Did\u017eiausias vaik\u0173 \u017eaisl\u0173 pasirinkimas.\" \/>\n<meta property=\"og:url\" content=\"https:\/\/kidsplay.lt\/lv\/products\/viga-edukacinis-zaidimas-medines-deliones-rungtyniu-formos-37-vnt\/\" \/>\n<meta property=\"og:site_name\" content=\"KidsPlay\" \/>\n<meta property=\"article:publisher\" content=\"https:\/\/www.facebook.com\/www.kidsplay.lt\" \/>\n<meta property=\"article:modified_time\" content=\"2026-04-13T11:24:02+00:00\" \/>\n<meta property=\"og:image\" content=\"https:\/\/kidsplay.lt\/wp-content\/uploads\/2025\/10\/VIGA-Edukacinis-Zaidimas-Medines-Deliones-Rungtyniu-Formos-37-vnt.jpg\" \/>\n\t<meta property=\"og:image:width\" content=\"2493\" \/>\n\t<meta property=\"og:image:height\" content=\"2492\" \/>\n\t<meta property=\"og:image:type\" content=\"image\/jpeg\" \/>\n<meta name=\"twitter:card\" content=\"summary_large_image\" \/>\n<meta name=\"twitter:label1\" content=\"Est. reading time\" \/>\n\t<meta name=\"twitter:data1\" content=\"1 min\u016bte\" \/>\n<script type=\"application\/ld+json\" class=\"yoast-schema-graph\">{\"@context\":\"https:\\\/\\\/schema.org\",\"@graph\":[{\"@type\":\"WebPage\",\"@id\":\"https:\\\/\\\/kidsplay.lt\\\/produktas\\\/viga-edukacinis-zaidimas-medines-deliones-rungtyniu-formos-37-vnt\\\/\",\"url\":\"https:\\\/\\\/kidsplay.lt\\\/produktas\\\/viga-edukacinis-zaidimas-medines-deliones-rungtyniu-formos-37-vnt\\\/\",\"name\":\"VIGA Edukacinis \u017daidimas Medin\u0117s D\u0117lion\u0117s Rungtyni\u0173 Formos 37 vnt.\",\"isPartOf\":{\"@id\":\"https:\\\/\\\/kidsplay.lt\\\/#website\"},\"primaryImageOfPage\":{\"@id\":\"https:\\\/\\\/kidsplay.lt\\\/produktas\\\/viga-edukacinis-zaidimas-medines-deliones-rungtyniu-formos-37-vnt\\\/#primaryimage\"},\"image\":{\"@id\":\"https:\\\/\\\/kidsplay.lt\\\/produktas\\\/viga-edukacinis-zaidimas-medines-deliones-rungtyniu-formos-37-vnt\\\/#primaryimage\"},\"thumbnailUrl\":\"https:\\\/\\\/kidsplay.lt\\\/wp-content\\\/uploads\\\/2025\\\/10\\\/VIGA-Edukacinis-Zaidimas-Medines-Deliones-Rungtyniu-Formos-37-vnt.jpg\",\"datePublished\":\"2025-10-20T12:17:13+00:00\",\"dateModified\":\"2026-04-13T11:24:02+00:00\",\"description\":\"VIGA Edukacinis \u017daidimas Medin\u0117s D\u0117lion\u0117s Rungtyni\u0173 Formos 37 vnt. - KidsPlay. Did\u017eiausias vaik\u0173 \u017eaisl\u0173 pasirinkimas.\",\"breadcrumb\":{\"@id\":\"https:\\\/\\\/kidsplay.lt\\\/produktas\\\/viga-edukacinis-zaidimas-medines-deliones-rungtyniu-formos-37-vnt\\\/#breadcrumb\"},\"inLanguage\":\"lv-LV\",\"potentialAction\":[{\"@type\":\"ReadAction\",\"target\":[\"https:\\\/\\\/kidsplay.lt\\\/produktas\\\/viga-edukacinis-zaidimas-medines-deliones-rungtyniu-formos-37-vnt\\\/\"]}]},{\"@type\":\"ImageObject\",\"inLanguage\":\"lv-LV\",\"@id\":\"https:\\\/\\\/kidsplay.lt\\\/produktas\\\/viga-edukacinis-zaidimas-medines-deliones-rungtyniu-formos-37-vnt\\\/#primaryimage\",\"url\":\"https:\\\/\\\/kidsplay.lt\\\/wp-content\\\/uploads\\\/2025\\\/10\\\/VIGA-Edukacinis-Zaidimas-Medines-Deliones-Rungtyniu-Formos-37-vnt.jpg\",\"contentUrl\":\"https:\\\/\\\/kidsplay.lt\\\/wp-content\\\/uploads\\\/2025\\\/10\\\/VIGA-Edukacinis-Zaidimas-Medines-Deliones-Rungtyniu-Formos-37-vnt.jpg\",\"width\":2493,\"height\":2492,\"caption\":\"VIGA Edukacinis \u017daidimas Medin\u0117s D\u0117lion\u0117s Rungtyni\u0173 Formos 37 vnt.\"},{\"@type\":\"BreadcrumbList\",\"@id\":\"https:\\\/\\\/kidsplay.lt\\\/produktas\\\/viga-edukacinis-zaidimas-medines-deliones-rungtyniu-formos-37-vnt\\\/#breadcrumb\",\"itemListElement\":[{\"@type\":\"ListItem\",\"position\":1,\"name\":\"Pagrindinis\",\"item\":\"https:\\\/\\\/kidsplay.lt\\\/\"},{\"@type\":\"ListItem\",\"position\":2,\"name\":\"Parduotuv\u0117\",\"item\":\"https:\\\/\\\/kidsplay.lt\\\/parduotuve\\\/\"},{\"@type\":\"ListItem\",\"position\":3,\"name\":\"VIGA Edukacinis \u017daidimas Medin\u0117s D\u0117lion\u0117s Rungtyni\u0173 Formos 37 vnt.\"}]},{\"@type\":\"WebSite\",\"@id\":\"https:\\\/\\\/kidsplay.lt\\\/#website\",\"url\":\"https:\\\/\\\/kidsplay.lt\\\/\",\"name\":\"Kidsplay.lt\",\"description\":\"\u012evairios prek\u0117s vaikams\",\"publisher\":{\"@id\":\"https:\\\/\\\/kidsplay.lt\\\/#organization\"},\"alternateName\":\"Kidsplay\",\"potentialAction\":[{\"@type\":\"SearchAction\",\"target\":{\"@type\":\"EntryPoint\",\"urlTemplate\":\"https:\\\/\\\/kidsplay.lt\\\/?s={search_term_string}\"},\"query-input\":{\"@type\":\"PropertyValueSpecification\",\"valueRequired\":true,\"valueName\":\"search_term_string\"}}],\"inLanguage\":\"lv-LV\"},{\"@type\":\"Organization\",\"@id\":\"https:\\\/\\\/kidsplay.lt\\\/#organization\",\"name\":\"KidsPlay\",\"url\":\"https:\\\/\\\/kidsplay.lt\\\/\",\"logo\":{\"@type\":\"ImageObject\",\"inLanguage\":\"lv-LV\",\"@id\":\"https:\\\/\\\/kidsplay.lt\\\/#\\\/schema\\\/logo\\\/image\\\/\",\"url\":\"https:\\\/\\\/kidsplay.lt\\\/wp-content\\\/uploads\\\/2023\\\/07\\\/kidsplay-logo.png\",\"contentUrl\":\"https:\\\/\\\/kidsplay.lt\\\/wp-content\\\/uploads\\\/2023\\\/07\\\/kidsplay-logo.png\",\"width\":451,\"height\":98,\"caption\":\"KidsPlay\"},\"image\":{\"@id\":\"https:\\\/\\\/kidsplay.lt\\\/#\\\/schema\\\/logo\\\/image\\\/\"},\"sameAs\":[\"https:\\\/\\\/www.facebook.com\\\/www.kidsplay.lt\"]}]}<\/script>\n<!-- \/ Yoast SEO plugin. -->","yoast_head_json":{"title":"VIGA Izgl\u012btojo\u0161\u0101 sp\u0113le Koka puzle Saska\u0146o formas 37 gab.","description":"VIGA Edukacinis \u017daidimas Medin\u0117s D\u0117lion\u0117s Rungtyni\u0173 Formos 37 vnt. - KidsPlay. Did\u017eiausias vaik\u0173 \u017eaisl\u0173 pasirinkimas.","robots":{"index":"index","follow":"follow","max-snippet":"max-snippet:-1","max-image-preview":"max-image-preview:large","max-video-preview":"max-video-preview:-1"},"canonical":"https:\/\/kidsplay.lt\/lv\/products\/viga-edukacinis-zaidimas-medines-deliones-rungtyniu-formos-37-vnt\/","og_locale":"lv_LV","og_type":"article","og_title":"VIGA Edukacinis \u017daidimas Medin\u0117s D\u0117lion\u0117s Rungtyni\u0173 Formos 37 vnt.","og_description":"VIGA Edukacinis \u017daidimas Medin\u0117s D\u0117lion\u0117s Rungtyni\u0173 Formos 37 vnt. - KidsPlay. Did\u017eiausias vaik\u0173 \u017eaisl\u0173 pasirinkimas.","og_url":"https:\/\/kidsplay.lt\/lv\/products\/viga-edukacinis-zaidimas-medines-deliones-rungtyniu-formos-37-vnt\/","og_site_name":"KidsPlay","article_publisher":"https:\/\/www.facebook.com\/www.kidsplay.lt","article_modified_time":"2026-04-13T11:24:02+00:00","og_image":[{"width":2493,"height":2492,"url":"https:\/\/kidsplay.lt\/wp-content\/uploads\/2025\/10\/VIGA-Edukacinis-Zaidimas-Medines-Deliones-Rungtyniu-Formos-37-vnt.jpg","type":"image\/jpeg"}],"twitter_card":"summary_large_image","twitter_misc":{"Est. reading time":"1 min\u016bte"},"schema":{"@context":"https:\/\/schema.org","@graph":[{"@type":"WebPage","@id":"https:\/\/kidsplay.lt\/produktas\/viga-edukacinis-zaidimas-medines-deliones-rungtyniu-formos-37-vnt\/","url":"https:\/\/kidsplay.lt\/produktas\/viga-edukacinis-zaidimas-medines-deliones-rungtyniu-formos-37-vnt\/","name":"VIGA Izgl\u012btojo\u0161\u0101 sp\u0113le Koka puzle Saska\u0146o formas 37 gab.","isPartOf":{"@id":"https:\/\/kidsplay.lt\/#website"},"primaryImageOfPage":{"@id":"https:\/\/kidsplay.lt\/produktas\/viga-edukacinis-zaidimas-medines-deliones-rungtyniu-formos-37-vnt\/#primaryimage"},"image":{"@id":"https:\/\/kidsplay.lt\/produktas\/viga-edukacinis-zaidimas-medines-deliones-rungtyniu-formos-37-vnt\/#primaryimage"},"thumbnailUrl":"https:\/\/kidsplay.lt\/wp-content\/uploads\/2025\/10\/VIGA-Edukacinis-Zaidimas-Medines-Deliones-Rungtyniu-Formos-37-vnt.jpg","datePublished":"2025-10-20T12:17:13+00:00","dateModified":"2026-04-13T11:24:02+00:00","description":"VIGA Edukacinis \u017daidimas Medin\u0117s D\u0117lion\u0117s Rungtyni\u0173 Formos 37 vnt. - KidsPlay. Did\u017eiausias vaik\u0173 \u017eaisl\u0173 pasirinkimas.","breadcrumb":{"@id":"https:\/\/kidsplay.lt\/produktas\/viga-edukacinis-zaidimas-medines-deliones-rungtyniu-formos-37-vnt\/#breadcrumb"},"inLanguage":"lv-LV","potentialAction":[{"@type":"ReadAction","target":["https:\/\/kidsplay.lt\/produktas\/viga-edukacinis-zaidimas-medines-deliones-rungtyniu-formos-37-vnt\/"]}]},{"@type":"ImageObject","inLanguage":"lv-LV","@id":"https:\/\/kidsplay.lt\/produktas\/viga-edukacinis-zaidimas-medines-deliones-rungtyniu-formos-37-vnt\/#primaryimage","url":"https:\/\/kidsplay.lt\/wp-content\/uploads\/2025\/10\/VIGA-Edukacinis-Zaidimas-Medines-Deliones-Rungtyniu-Formos-37-vnt.jpg","contentUrl":"https:\/\/kidsplay.lt\/wp-content\/uploads\/2025\/10\/VIGA-Edukacinis-Zaidimas-Medines-Deliones-Rungtyniu-Formos-37-vnt.jpg","width":2493,"height":2492,"caption":"VIGA Edukacinis \u017daidimas Medin\u0117s D\u0117lion\u0117s Rungtyni\u0173 Formos 37 vnt."},{"@type":"BreadcrumbList","@id":"https:\/\/kidsplay.lt\/produktas\/viga-edukacinis-zaidimas-medines-deliones-rungtyniu-formos-37-vnt\/#breadcrumb","itemListElement":[{"@type":"ListItem","position":1,"name":"Pagrindinis","item":"https:\/\/kidsplay.lt\/"},{"@type":"ListItem","position":2,"name":"Parduotuv\u0117","item":"https:\/\/kidsplay.lt\/parduotuve\/"},{"@type":"ListItem","position":3,"name":"VIGA Edukacinis \u017daidimas Medin\u0117s D\u0117lion\u0117s Rungtyni\u0173 Formos 37 vnt."}]},{"@type":"WebSite","@id":"https:\/\/kidsplay.lt\/#website","url":"https:\/\/kidsplay.lt\/","name":"B\u0113rnu sp\u0113les.lv","description":"\u012evairios prek\u0117s vaikams","publisher":{"@id":"https:\/\/kidsplay.lt\/#organization"},"alternateName":"Kidsplay","potentialAction":[{"@type":"SearchAction","target":{"@type":"EntryPoint","urlTemplate":"https:\/\/kidsplay.lt\/?s={search_term_string}"},"query-input":{"@type":"PropertyValueSpecification","valueRequired":true,"valueName":"search_term_string"}}],"inLanguage":"lv-LV"},{"@type":"Organization","@id":"https:\/\/kidsplay.lt\/#organization","name":"B\u0113rnu sp\u0113le","url":"https:\/\/kidsplay.lt\/","logo":{"@type":"ImageObject","inLanguage":"lv-LV","@id":"https:\/\/kidsplay.lt\/#\/schema\/logo\/image\/","url":"https:\/\/kidsplay.lt\/wp-content\/uploads\/2023\/07\/kidsplay-logo.png","contentUrl":"https:\/\/kidsplay.lt\/wp-content\/uploads\/2023\/07\/kidsplay-logo.png","width":451,"height":98,"caption":"KidsPlay"},"image":{"@id":"https:\/\/kidsplay.lt\/#\/schema\/logo\/image\/"},"sameAs":["https:\/\/www.facebook.com\/www.kidsplay.lt"]}]}},"_links":{"self":[{"href":"https:\/\/kidsplay.lt\/lv\/wp-json\/wp\/v2\/product\/77215","targetHints":{"allow":["GET"]}}],"collection":[{"href":"https:\/\/kidsplay.lt\/lv\/wp-json\/wp\/v2\/product"}],"about":[{"href":"https:\/\/kidsplay.lt\/lv\/wp-json\/wp\/v2\/types\/product"}],"version-history":[{"count":1,"href":"https:\/\/kidsplay.lt\/lv\/wp-json\/wp\/v2\/product\/77215\/revisions"}],"predecessor-version":[{"id":77216,"href":"https:\/\/kidsplay.lt\/lv\/wp-json\/wp\/v2\/product\/77215\/revisions\/77216"}],"wp:featuredmedia":[{"embeddable":true,"href":"https:\/\/kidsplay.lt\/lv\/wp-json\/wp\/v2\/media\/77217"}],"wp:attachment":[{"href":"https:\/\/kidsplay.lt\/lv\/wp-json\/wp\/v2\/media?parent=77215"}],"wp:term":[{"taxonomy":"product_brand","embeddable":true,"href":"https:\/\/kidsplay.lt\/lv\/wp-json\/wp\/v2\/product_brand?post=77215"},{"taxonomy":"product_cat","embeddable":true,"href":"https:\/\/kidsplay.lt\/lv\/wp-json\/wp\/v2\/product_cat?post=77215"},{"taxonomy":"product_tag","embeddable":true,"href":"https:\/\/kidsplay.lt\/lv\/wp-json\/wp\/v2\/product_tag?post=77215"}],"curies":[{"name":"wp","href":"https:\/\/api.w.org\/{rel}","templated":true}]}}