{"id":77239,"date":"2025-10-21T07:26:07","date_gmt":"2025-10-21T04:26:07","guid":{"rendered":"https:\/\/kidsplay.lt\/produktas\/viga-2in1-edukacine-lenta-su-magnetiniu-montessori-pasaulio-zemelapiu\/"},"modified":"2026-04-13T14:24:13","modified_gmt":"2026-04-13T11:24:13","slug":"viga-2in1-edukacine-lenta-su-magnetiniu-montessori-pasaulio-zemelapiu","status":"publish","type":"product","link":"https:\/\/kidsplay.lt\/lv\/products\/viga-2in1-edukacine-lenta-su-magnetiniu-montessori-pasaulio-zemelapiu\/","title":{"rendered":"Viga 2in1 izgl\u012btojo\u0161\u0101 t\u0101fele ar magn\u0113tisku Montessori pasaules karti"},"content":{"rendered":"<p>\u201eViga 2-in-1\u201c lavinamoji lenta\u00a0\u00a0su magnetiniu pasaulio \u017eem\u0117lapiu\u00a0\u00a0,\u00a0\u00a0kuri taip pat gali b\u016bti naudojama\u00a0\u00a0kaip pie\u0161imo lenta,\u00a0\u00a0yra puikus \u017eaislas ma\u017eiesiems tyrin\u0117tojams, smalsiems apie pasaul\u012f! \u0160i gra\u017eiai pagaminta lenta su\u00a0\u00a0magnetiniais elementais\u00a0\u00a0derina edukacin\u0119 vert\u0119 su pramogomis. Prid\u0117kite medini\u0173 element\u0173 \u2013 \u017eemyn\u0173, laiv\u0173, l\u0117ktuv\u0173, raket\u0173 ir vandenyno dugne gyvenan\u010di\u0173 gyv\u016bn\u0173. \u017dem\u0117lapis, pa\u017eym\u0117tas angl\u0173 kalba, puikiai tinka mokytis\u00a0\u00a0angl\u0173 kalbos.<\/p>\n<p>Rakstur\u012bgs:<\/p>\n<p> \t&#8211; pie\u0161imo lenta,<br \/>\n \t&#8211; magnetiniai elementai,<br \/>\n \t&#8211; \u017eem\u0117lapis angl\u0173 kalba,<br \/>\n \t&#8211; sud\u0117tyje yra 106 elementai,<br \/>\n \t&#8211; turi ranken\u0105 pakabinimui ant sienos.<\/p>\n<p>Rota\u013clieta att\u012bst\u0101s:<\/p>\n<p> \t&#8211; aki\u0173-rank\u0173 koordinacija,<br \/>\n \t&#8211; vaizduot\u0117,<br \/>\n \t&#8211; vikrumas,<br \/>\n \t&#8211; k\u016brybi\u0161kumas.<\/p>","protected":false},"excerpt":{"rendered":"<p>\u201eViga 2-in-1\u201c lavinamoji lenta\u00a0\u00a0su magnetiniu pasaulio \u017eem\u0117lapiu\u00a0\u00a0,\u00a0\u00a0kuri taip pat gali b\u016bti naudojama\u00a0\u00a0kaip pie\u0161imo lenta,\u00a0\u00a0yra puikus \u017eaislas ma\u017eiesiems tyrin\u0117tojams, smalsiems apie<\/p>","protected":false},"featured_media":77241,"template":"","meta":{"_acf_changed":false,"_glsr_average":0,"_glsr_ranking":0,"_glsr_reviews":0},"product_brand":[],"product_cat":[673,229],"product_tag":[],"class_list":{"0":"post-77239","1":"product","2":"type-product","3":"status-publish","4":"has-post-thumbnail","6":"product_cat-ugdomosios-priemones","7":"product_cat-zaislai-vaikams","8":"\"style=\"background-color: #2ecc711c;\"","10":"first","11":"instock","12":"purchasable","13":"product-type-simple"},"acf":[],"yoast_head":"<!-- This site is optimized with the Yoast SEO plugin v27.4 - https:\/\/yoast.com\/product\/yoast-seo-wordpress\/ -->\n<title>Viga 2in1 edukacin\u0117 lenta su magnetiniu Montessori pasaulio \u017eem\u0117lapiu<\/title>\n<meta name=\"description\" content=\"Viga 2in1 edukacin\u0117 lenta su magnetiniu Montessori pasaulio \u017eem\u0117lapiu - KidsPlay. Did\u017eiausias vaik\u0173 \u017eaisl\u0173 pasirinkimas.\" \/>\n<meta name=\"robots\" content=\"index, follow, max-snippet:-1, max-image-preview:large, max-video-preview:-1\" \/>\n<link rel=\"canonical\" href=\"https:\/\/kidsplay.lt\/lv\/products\/viga-2in1-edukacine-lenta-su-magnetiniu-montessori-pasaulio-zemelapiu\/\" \/>\n<meta property=\"og:locale\" content=\"lv_LV\" \/>\n<meta property=\"og:type\" content=\"article\" \/>\n<meta property=\"og:title\" content=\"Viga 2in1 edukacin\u0117 lenta su magnetiniu Montessori pasaulio \u017eem\u0117lapiu\" \/>\n<meta property=\"og:description\" content=\"Viga 2in1 edukacin\u0117 lenta su magnetiniu Montessori pasaulio \u017eem\u0117lapiu - KidsPlay. Did\u017eiausias vaik\u0173 \u017eaisl\u0173 pasirinkimas.\" \/>\n<meta property=\"og:url\" content=\"https:\/\/kidsplay.lt\/lv\/products\/viga-2in1-edukacine-lenta-su-magnetiniu-montessori-pasaulio-zemelapiu\/\" \/>\n<meta property=\"og:site_name\" content=\"KidsPlay\" \/>\n<meta property=\"article:publisher\" content=\"https:\/\/www.facebook.com\/www.kidsplay.lt\" \/>\n<meta property=\"article:modified_time\" content=\"2026-04-13T11:24:13+00:00\" \/>\n<meta property=\"og:image\" content=\"https:\/\/kidsplay.lt\/wp-content\/uploads\/2025\/10\/Viga-2in1-edukacine-lenta-su-magnetiniu-Montessori-pasaulio-zemelapiu.jpg\" \/>\n\t<meta property=\"og:image:width\" content=\"2560\" \/>\n\t<meta property=\"og:image:height\" content=\"2560\" \/>\n\t<meta property=\"og:image:type\" content=\"image\/jpeg\" \/>\n<meta name=\"twitter:card\" content=\"summary_large_image\" \/>\n<meta name=\"twitter:label1\" content=\"Est. reading time\" \/>\n\t<meta name=\"twitter:data1\" content=\"1 min\u016bte\" \/>\n<script type=\"application\/ld+json\" class=\"yoast-schema-graph\">{\"@context\":\"https:\\\/\\\/schema.org\",\"@graph\":[{\"@type\":\"WebPage\",\"@id\":\"https:\\\/\\\/kidsplay.lt\\\/produktas\\\/viga-2in1-edukacine-lenta-su-magnetiniu-montessori-pasaulio-zemelapiu\\\/\",\"url\":\"https:\\\/\\\/kidsplay.lt\\\/produktas\\\/viga-2in1-edukacine-lenta-su-magnetiniu-montessori-pasaulio-zemelapiu\\\/\",\"name\":\"Viga 2in1 edukacin\u0117 lenta su magnetiniu Montessori pasaulio \u017eem\u0117lapiu\",\"isPartOf\":{\"@id\":\"https:\\\/\\\/kidsplay.lt\\\/#website\"},\"primaryImageOfPage\":{\"@id\":\"https:\\\/\\\/kidsplay.lt\\\/produktas\\\/viga-2in1-edukacine-lenta-su-magnetiniu-montessori-pasaulio-zemelapiu\\\/#primaryimage\"},\"image\":{\"@id\":\"https:\\\/\\\/kidsplay.lt\\\/produktas\\\/viga-2in1-edukacine-lenta-su-magnetiniu-montessori-pasaulio-zemelapiu\\\/#primaryimage\"},\"thumbnailUrl\":\"https:\\\/\\\/kidsplay.lt\\\/wp-content\\\/uploads\\\/2025\\\/10\\\/Viga-2in1-edukacine-lenta-su-magnetiniu-Montessori-pasaulio-zemelapiu.jpg\",\"datePublished\":\"2025-10-21T04:26:07+00:00\",\"dateModified\":\"2026-04-13T11:24:13+00:00\",\"description\":\"Viga 2in1 edukacin\u0117 lenta su magnetiniu Montessori pasaulio \u017eem\u0117lapiu - KidsPlay. Did\u017eiausias vaik\u0173 \u017eaisl\u0173 pasirinkimas.\",\"breadcrumb\":{\"@id\":\"https:\\\/\\\/kidsplay.lt\\\/produktas\\\/viga-2in1-edukacine-lenta-su-magnetiniu-montessori-pasaulio-zemelapiu\\\/#breadcrumb\"},\"inLanguage\":\"lv-LV\",\"potentialAction\":[{\"@type\":\"ReadAction\",\"target\":[\"https:\\\/\\\/kidsplay.lt\\\/produktas\\\/viga-2in1-edukacine-lenta-su-magnetiniu-montessori-pasaulio-zemelapiu\\\/\"]}]},{\"@type\":\"ImageObject\",\"inLanguage\":\"lv-LV\",\"@id\":\"https:\\\/\\\/kidsplay.lt\\\/produktas\\\/viga-2in1-edukacine-lenta-su-magnetiniu-montessori-pasaulio-zemelapiu\\\/#primaryimage\",\"url\":\"https:\\\/\\\/kidsplay.lt\\\/wp-content\\\/uploads\\\/2025\\\/10\\\/Viga-2in1-edukacine-lenta-su-magnetiniu-Montessori-pasaulio-zemelapiu.jpg\",\"contentUrl\":\"https:\\\/\\\/kidsplay.lt\\\/wp-content\\\/uploads\\\/2025\\\/10\\\/Viga-2in1-edukacine-lenta-su-magnetiniu-Montessori-pasaulio-zemelapiu.jpg\",\"width\":2560,\"height\":2560,\"caption\":\"Viga 2in1 edukacin\u0117 lenta su magnetiniu Montessori pasaulio \u017eem\u0117lapiu\"},{\"@type\":\"BreadcrumbList\",\"@id\":\"https:\\\/\\\/kidsplay.lt\\\/produktas\\\/viga-2in1-edukacine-lenta-su-magnetiniu-montessori-pasaulio-zemelapiu\\\/#breadcrumb\",\"itemListElement\":[{\"@type\":\"ListItem\",\"position\":1,\"name\":\"Pagrindinis\",\"item\":\"https:\\\/\\\/kidsplay.lt\\\/\"},{\"@type\":\"ListItem\",\"position\":2,\"name\":\"Parduotuv\u0117\",\"item\":\"https:\\\/\\\/kidsplay.lt\\\/parduotuve\\\/\"},{\"@type\":\"ListItem\",\"position\":3,\"name\":\"Viga 2in1 edukacin\u0117 lenta su magnetiniu Montessori pasaulio \u017eem\u0117lapiu\"}]},{\"@type\":\"WebSite\",\"@id\":\"https:\\\/\\\/kidsplay.lt\\\/#website\",\"url\":\"https:\\\/\\\/kidsplay.lt\\\/\",\"name\":\"Kidsplay.lt\",\"description\":\"\u012evairios prek\u0117s vaikams\",\"publisher\":{\"@id\":\"https:\\\/\\\/kidsplay.lt\\\/#organization\"},\"alternateName\":\"Kidsplay\",\"potentialAction\":[{\"@type\":\"SearchAction\",\"target\":{\"@type\":\"EntryPoint\",\"urlTemplate\":\"https:\\\/\\\/kidsplay.lt\\\/?s={search_term_string}\"},\"query-input\":{\"@type\":\"PropertyValueSpecification\",\"valueRequired\":true,\"valueName\":\"search_term_string\"}}],\"inLanguage\":\"lv-LV\"},{\"@type\":\"Organization\",\"@id\":\"https:\\\/\\\/kidsplay.lt\\\/#organization\",\"name\":\"KidsPlay\",\"url\":\"https:\\\/\\\/kidsplay.lt\\\/\",\"logo\":{\"@type\":\"ImageObject\",\"inLanguage\":\"lv-LV\",\"@id\":\"https:\\\/\\\/kidsplay.lt\\\/#\\\/schema\\\/logo\\\/image\\\/\",\"url\":\"https:\\\/\\\/kidsplay.lt\\\/wp-content\\\/uploads\\\/2023\\\/07\\\/kidsplay-logo.png\",\"contentUrl\":\"https:\\\/\\\/kidsplay.lt\\\/wp-content\\\/uploads\\\/2023\\\/07\\\/kidsplay-logo.png\",\"width\":451,\"height\":98,\"caption\":\"KidsPlay\"},\"image\":{\"@id\":\"https:\\\/\\\/kidsplay.lt\\\/#\\\/schema\\\/logo\\\/image\\\/\"},\"sameAs\":[\"https:\\\/\\\/www.facebook.com\\\/www.kidsplay.lt\"]}]}<\/script>\n<!-- \/ Yoast SEO plugin. -->","yoast_head_json":{"title":"Viga 2in1 izgl\u012btojo\u0161\u0101 t\u0101fele ar magn\u0113tisku Montessori pasaules karti","description":"Viga 2in1 edukacin\u0117 lenta su magnetiniu Montessori pasaulio \u017eem\u0117lapiu - KidsPlay. Did\u017eiausias vaik\u0173 \u017eaisl\u0173 pasirinkimas.","robots":{"index":"index","follow":"follow","max-snippet":"max-snippet:-1","max-image-preview":"max-image-preview:large","max-video-preview":"max-video-preview:-1"},"canonical":"https:\/\/kidsplay.lt\/lv\/products\/viga-2in1-edukacine-lenta-su-magnetiniu-montessori-pasaulio-zemelapiu\/","og_locale":"lv_LV","og_type":"article","og_title":"Viga 2in1 edukacin\u0117 lenta su magnetiniu Montessori pasaulio \u017eem\u0117lapiu","og_description":"Viga 2in1 edukacin\u0117 lenta su magnetiniu Montessori pasaulio \u017eem\u0117lapiu - KidsPlay. Did\u017eiausias vaik\u0173 \u017eaisl\u0173 pasirinkimas.","og_url":"https:\/\/kidsplay.lt\/lv\/products\/viga-2in1-edukacine-lenta-su-magnetiniu-montessori-pasaulio-zemelapiu\/","og_site_name":"KidsPlay","article_publisher":"https:\/\/www.facebook.com\/www.kidsplay.lt","article_modified_time":"2026-04-13T11:24:13+00:00","og_image":[{"width":2560,"height":2560,"url":"https:\/\/kidsplay.lt\/wp-content\/uploads\/2025\/10\/Viga-2in1-edukacine-lenta-su-magnetiniu-Montessori-pasaulio-zemelapiu.jpg","type":"image\/jpeg"}],"twitter_card":"summary_large_image","twitter_misc":{"Est. reading time":"1 min\u016bte"},"schema":{"@context":"https:\/\/schema.org","@graph":[{"@type":"WebPage","@id":"https:\/\/kidsplay.lt\/produktas\/viga-2in1-edukacine-lenta-su-magnetiniu-montessori-pasaulio-zemelapiu\/","url":"https:\/\/kidsplay.lt\/produktas\/viga-2in1-edukacine-lenta-su-magnetiniu-montessori-pasaulio-zemelapiu\/","name":"Viga 2in1 izgl\u012btojo\u0161\u0101 t\u0101fele ar magn\u0113tisku Montessori pasaules karti","isPartOf":{"@id":"https:\/\/kidsplay.lt\/#website"},"primaryImageOfPage":{"@id":"https:\/\/kidsplay.lt\/produktas\/viga-2in1-edukacine-lenta-su-magnetiniu-montessori-pasaulio-zemelapiu\/#primaryimage"},"image":{"@id":"https:\/\/kidsplay.lt\/produktas\/viga-2in1-edukacine-lenta-su-magnetiniu-montessori-pasaulio-zemelapiu\/#primaryimage"},"thumbnailUrl":"https:\/\/kidsplay.lt\/wp-content\/uploads\/2025\/10\/Viga-2in1-edukacine-lenta-su-magnetiniu-Montessori-pasaulio-zemelapiu.jpg","datePublished":"2025-10-21T04:26:07+00:00","dateModified":"2026-04-13T11:24:13+00:00","description":"Viga 2in1 edukacin\u0117 lenta su magnetiniu Montessori pasaulio \u017eem\u0117lapiu - KidsPlay. Did\u017eiausias vaik\u0173 \u017eaisl\u0173 pasirinkimas.","breadcrumb":{"@id":"https:\/\/kidsplay.lt\/produktas\/viga-2in1-edukacine-lenta-su-magnetiniu-montessori-pasaulio-zemelapiu\/#breadcrumb"},"inLanguage":"lv-LV","potentialAction":[{"@type":"ReadAction","target":["https:\/\/kidsplay.lt\/produktas\/viga-2in1-edukacine-lenta-su-magnetiniu-montessori-pasaulio-zemelapiu\/"]}]},{"@type":"ImageObject","inLanguage":"lv-LV","@id":"https:\/\/kidsplay.lt\/produktas\/viga-2in1-edukacine-lenta-su-magnetiniu-montessori-pasaulio-zemelapiu\/#primaryimage","url":"https:\/\/kidsplay.lt\/wp-content\/uploads\/2025\/10\/Viga-2in1-edukacine-lenta-su-magnetiniu-Montessori-pasaulio-zemelapiu.jpg","contentUrl":"https:\/\/kidsplay.lt\/wp-content\/uploads\/2025\/10\/Viga-2in1-edukacine-lenta-su-magnetiniu-Montessori-pasaulio-zemelapiu.jpg","width":2560,"height":2560,"caption":"Viga 2in1 edukacin\u0117 lenta su magnetiniu Montessori pasaulio \u017eem\u0117lapiu"},{"@type":"BreadcrumbList","@id":"https:\/\/kidsplay.lt\/produktas\/viga-2in1-edukacine-lenta-su-magnetiniu-montessori-pasaulio-zemelapiu\/#breadcrumb","itemListElement":[{"@type":"ListItem","position":1,"name":"Pagrindinis","item":"https:\/\/kidsplay.lt\/"},{"@type":"ListItem","position":2,"name":"Parduotuv\u0117","item":"https:\/\/kidsplay.lt\/parduotuve\/"},{"@type":"ListItem","position":3,"name":"Viga 2in1 edukacin\u0117 lenta su magnetiniu Montessori pasaulio \u017eem\u0117lapiu"}]},{"@type":"WebSite","@id":"https:\/\/kidsplay.lt\/#website","url":"https:\/\/kidsplay.lt\/","name":"B\u0113rnu sp\u0113les.lv","description":"\u012evairios prek\u0117s vaikams","publisher":{"@id":"https:\/\/kidsplay.lt\/#organization"},"alternateName":"Kidsplay","potentialAction":[{"@type":"SearchAction","target":{"@type":"EntryPoint","urlTemplate":"https:\/\/kidsplay.lt\/?s={search_term_string}"},"query-input":{"@type":"PropertyValueSpecification","valueRequired":true,"valueName":"search_term_string"}}],"inLanguage":"lv-LV"},{"@type":"Organization","@id":"https:\/\/kidsplay.lt\/#organization","name":"B\u0113rnu sp\u0113le","url":"https:\/\/kidsplay.lt\/","logo":{"@type":"ImageObject","inLanguage":"lv-LV","@id":"https:\/\/kidsplay.lt\/#\/schema\/logo\/image\/","url":"https:\/\/kidsplay.lt\/wp-content\/uploads\/2023\/07\/kidsplay-logo.png","contentUrl":"https:\/\/kidsplay.lt\/wp-content\/uploads\/2023\/07\/kidsplay-logo.png","width":451,"height":98,"caption":"KidsPlay"},"image":{"@id":"https:\/\/kidsplay.lt\/#\/schema\/logo\/image\/"},"sameAs":["https:\/\/www.facebook.com\/www.kidsplay.lt"]}]}},"_links":{"self":[{"href":"https:\/\/kidsplay.lt\/lv\/wp-json\/wp\/v2\/product\/77239","targetHints":{"allow":["GET"]}}],"collection":[{"href":"https:\/\/kidsplay.lt\/lv\/wp-json\/wp\/v2\/product"}],"about":[{"href":"https:\/\/kidsplay.lt\/lv\/wp-json\/wp\/v2\/types\/product"}],"version-history":[{"count":1,"href":"https:\/\/kidsplay.lt\/lv\/wp-json\/wp\/v2\/product\/77239\/revisions"}],"predecessor-version":[{"id":77240,"href":"https:\/\/kidsplay.lt\/lv\/wp-json\/wp\/v2\/product\/77239\/revisions\/77240"}],"wp:featuredmedia":[{"embeddable":true,"href":"https:\/\/kidsplay.lt\/lv\/wp-json\/wp\/v2\/media\/77241"}],"wp:attachment":[{"href":"https:\/\/kidsplay.lt\/lv\/wp-json\/wp\/v2\/media?parent=77239"}],"wp:term":[{"taxonomy":"product_brand","embeddable":true,"href":"https:\/\/kidsplay.lt\/lv\/wp-json\/wp\/v2\/product_brand?post=77239"},{"taxonomy":"product_cat","embeddable":true,"href":"https:\/\/kidsplay.lt\/lv\/wp-json\/wp\/v2\/product_cat?post=77239"},{"taxonomy":"product_tag","embeddable":true,"href":"https:\/\/kidsplay.lt\/lv\/wp-json\/wp\/v2\/product_tag?post=77239"}],"curies":[{"name":"wp","href":"https:\/\/api.w.org\/{rel}","templated":true}]}}