{"id":77260,"date":"2025-10-21T07:27:01","date_gmt":"2025-10-21T04:27:01","guid":{"rendered":"https:\/\/kidsplay.lt\/produktas\/woopie-sensorinis-kilimelis-ortopedinis-deliones-kilimelis-rankoms-ir-kojoms-16-detaliu-smelio-spalvos\/"},"modified":"2026-04-07T10:03:03","modified_gmt":"2026-04-07T07:03:03","slug":"woopie-sensorinis-kilimelis-ortopedinis-deliones-kilimelis-rankoms-ir-kojoms-16-detaliu-smelio-spalvos","status":"publish","type":"product","link":"https:\/\/kidsplay.lt\/lv\/products\/woopie-sensorinis-kilimelis-ortopedinis-deliones-kilimelis-rankoms-ir-kojoms-16-detaliu-smelio-spalvos\/","title":{"rendered":"WOOPIE sensorinis kilim\u0117lis ortopedinis d\u0117lion\u0117s kilim\u0117lis rankoms ir kojoms, 16 detali\u0173 &#8211; sm\u0117lio spalvos"},"content":{"rendered":"<p>Prek\u0117s \u017eenklo rekomenduojamas\u00a0sensorinis kilim\u0117lis\u00a0\u201eWoopie\u201c kilim\u0117lis,\u00a0pasi\u017eymintis puikiomis\u00a0ortopedin\u0117mis\u00a0savyb\u0117mis , yra b\u016btinas\u00a0j\u016bs\u0173 ma\u017eylio vystymuisi. Jis taip pat gali b\u016bti\u00a0puikus\u00a0pasirinkimas\u00a0vaikams, kurie m\u0117gsta vaik\u0161\u010dioti\u00a0basomis\u00a0. Rinkinyje yra\u00a016 d\u0117lion\u0117s detali\u0173,\u00a0skirt\u0173 kairei ir de\u0161inei rankai bei kojoms.<br \/>\n\u0160is kilim\u0117lis lavina ne tik\u00a0k\u016bn\u0105\u00a0, bet ir\u00a0prot\u0105\u00a0. Jis leid\u017eia vaikams \u012ftraukti abu\u00a0smegen\u0173 pusrutulius\u00a0, smagiai leid\u017eiant laik\u0105 ir\u00a0mokantis\u00a0apie de\u0161in\u0119 ir kair\u0119 kryptis. Vaikai\u00a0lavina erdvin\u0117s\u00a0orientacijos\u00a0\u012fg\u016bd\u017eius\u00a0aktyviai naudodami de\u0161in\u0119 ir kair\u0119 rankas bei kojas pakaitomis, taip formuodami\u00a0savo krypties orientacij\u0105\u00a0. I\u0161mokti atskirti kair\u0119 ir de\u0161in\u0119 yra vienas did\u017eiausi\u0173 i\u0161\u0161\u016bki\u0173, su kuriuo susiduria kiekvienas vaikas. Pratimai ant kilim\u0117lio leid\u017eia jiems \u201egriebti jaut\u012f u\u017e rag\u0173\u201c ir\u00a0susipa\u017einti\u00a0su tema. \u0160is rinkinys u\u017etikrina visapusi\u0161k\u0105 vystym\u0105si ir puikias pramogas, \u012ftraukiant ir lavinant abu smegen\u0173 pusrutulius.<\/p>\n<p>Ortopedini\u0173 kilim\u0117li\u0173 naudojimas\u00a0stimuliuoja poj\u016b\u010dius\u00a0,\u00a0masa\u017euoja p\u0117das\u00a0ir\u00a0ma\u017eina\u00a0plok\u0161\u010diap\u0117dyst\u0117s\u00a0atsiradim\u0105\u00a0. Kilim\u0117liai taip pat daro \u012ftak\u0105 vaiko\u00a0sensorinei integracijai\u00a0, arba\u00a0geb\u0117jimui jausti\u00a0ir\u00a0reaguoti\u00a0\u012f k\u016bno ir aplinkos teikiam\u0105 informacij\u0105.<\/p>\n<p>Raksturojums:<\/p>\n<p> \t&#8211; sensorinis\u00a0,\u00a0ortopedinis\u00a0kilim\u0117lis ,\u00a0sulankstomas kaip\u00a0d\u0117lion\u0117<br \/>\n \t&#8211; pavir\u0161iai kairei\u00a0ir\u00a0de\u0161inei rankenoms\u00a0bei\u00a0kojai\u00a0naudoti<br \/>\n \t&#8211;\u00a0sveikata\u00a0ir\u00a0pramogos<br \/>\n \t- b\u0113rniem, kuriem pat\u012bk staig\u0101t bas\u0101m k\u0101j\u0101m<\/p>\n<p>Privalumai ir funkcijos:<\/p>\n<p> \t&#8211;\u00a0\u012fjungia abu\u00a0smegen\u0173 pusrutulius<br \/>\n \t&#8211; jie moko\u00a0de\u0161in\u0117s ir kair\u0117s pus\u0117s<br \/>\n \t&#8211;\u00a0lavinti\u00a0\u012fg\u016bd\u017eius nustatant\u00a0kryptis\u00a0erdv\u0117je<br \/>\n \t&#8211; mink\u0161ti pavir\u0161iai\u00a0paruo\u0161ia\u00a0arba\u00a0suma\u017eina stres\u0105\u00a0prie\u0161 kietus pavir\u0161ius<br \/>\n \t&#8211;\u00a0stimuliuoja poj\u016b\u010dius\u00a0,\u00a0masa\u017euoja p\u0117das\u00a0ir\u00a0ma\u017eina\u00a0plok\u0161\u010diap\u0117dyst\u0117s\u00a0atsiradim\u0105<br \/>\n \t&#8211; veikia vaiko\u00a0sensorin\u0119 integracij\u0105\u00a0, t. y.\u00a0geb\u0117jim\u0105 jausti\u00a0ir\u00a0reaguoti\u00a0\u012f k\u016bno ir aplinkos teikiam\u0105 informacij\u0105<\/p>\n<p>Elementi:<\/p>\n<p> \t&#8211; 4x de\u0161in\u0117 rankena<br \/>\n \t&#8211; 4x kair\u0117 rankena<br \/>\n \t&#8211; 4 kartus de\u0161ine koja<br \/>\n \t&#8211; 4 kartus kaire koja<\/p>\n<p>\u0160is rinkinys puikiai papildo kitus \u0161ios serijos rinkinius.<\/p>\n<p>Rinkinius galima sujungti, kad b\u016bt\u0173 sukurti didesni pavir\u0161iai.<\/p>","protected":false},"excerpt":{"rendered":"<p>Prek\u0117s \u017eenklo rekomenduojamas\u00a0sensorinis kilim\u0117lis\u00a0\u201eWoopie\u201c kilim\u0117lis,\u00a0pasi\u017eymintis puikiomis\u00a0ortopedin\u0117mis\u00a0savyb\u0117mis , yra b\u016btinas\u00a0j\u016bs\u0173 ma\u017eylio vystymuisi. Jis taip pat gali b\u016bti\u00a0puikus\u00a0pasirinkimas\u00a0vaikams, kurie m\u0117gsta vaik\u0161\u010dioti\u00a0basomis\u00a0. Rinkinyje<\/p>","protected":false},"featured_media":77262,"template":"","meta":{"_acf_changed":false,"_glsr_average":0,"_glsr_ranking":0,"_glsr_reviews":0},"product_brand":[],"product_cat":[396,887],"product_tag":[],"class_list":{"0":"post-77260","1":"product","2":"type-product","3":"status-publish","4":"has-post-thumbnail","6":"product_cat-kudikiu-zaislai-vaikams2","7":"product_cat-sensoriniai-kilimeliai-kudikiams","8":"\"style=\"background-color: #2ecc711c;\"","10":"first","11":"instock","12":"purchasable","13":"product-type-simple"},"acf":[],"yoast_head":"<!-- This site is optimized with the Yoast SEO plugin v27.3 - https:\/\/yoast.com\/product\/yoast-seo-wordpress\/ -->\n<title>WOOPIE sensorinis kilim\u0117lis ortopedinis d\u0117lion\u0117s kilim\u0117lis rankoms ir kojoms, 16 detali\u0173 &#8211; sm\u0117lio spalvos<\/title>\n<meta name=\"description\" content=\"WOOPIE sensorinis kilim\u0117lis ortopedinis d\u0117lion\u0117s kilim\u0117lis rankoms ir kojoms, 16 detali\u0173 &#8211; sm\u0117lio spalvos - KidsPlay. Did\u017eiausias vaik\u0173 \u017eaisl\u0173 pasirinkimas.\" \/>\n<meta name=\"robots\" content=\"index, follow, max-snippet:-1, max-image-preview:large, max-video-preview:-1\" \/>\n<link rel=\"canonical\" href=\"https:\/\/kidsplay.lt\/lv\/products\/woopie-sensorinis-kilimelis-ortopedinis-deliones-kilimelis-rankoms-ir-kojoms-16-detaliu-smelio-spalvos\/\" \/>\n<meta property=\"og:locale\" content=\"lv_LV\" \/>\n<meta property=\"og:type\" content=\"article\" \/>\n<meta property=\"og:title\" content=\"WOOPIE sensorinis kilim\u0117lis ortopedinis d\u0117lion\u0117s kilim\u0117lis rankoms ir kojoms, 16 detali\u0173 &#8211; sm\u0117lio spalvos\" \/>\n<meta property=\"og:description\" content=\"WOOPIE sensorinis kilim\u0117lis ortopedinis d\u0117lion\u0117s kilim\u0117lis rankoms ir kojoms, 16 detali\u0173 &#8211; sm\u0117lio spalvos - KidsPlay. Did\u017eiausias vaik\u0173 \u017eaisl\u0173 pasirinkimas.\" \/>\n<meta property=\"og:url\" content=\"https:\/\/kidsplay.lt\/lv\/products\/woopie-sensorinis-kilimelis-ortopedinis-deliones-kilimelis-rankoms-ir-kojoms-16-detaliu-smelio-spalvos\/\" \/>\n<meta property=\"og:site_name\" content=\"KidsPlay\" \/>\n<meta property=\"article:publisher\" content=\"https:\/\/www.facebook.com\/www.kidsplay.lt\" \/>\n<meta property=\"article:modified_time\" content=\"2026-04-07T07:03:03+00:00\" \/>\n<meta property=\"og:image\" content=\"https:\/\/kidsplay.lt\/wp-content\/uploads\/2025\/10\/WOOPIE-sensorinis-kilimelis-ortopedinis-deliones-kilimelis-rankoms-ir-kojoms-16-detaliu-8211-smelio-spalvos.jpg\" \/>\n\t<meta property=\"og:image:width\" content=\"2500\" \/>\n\t<meta property=\"og:image:height\" content=\"2500\" \/>\n\t<meta property=\"og:image:type\" content=\"image\/jpeg\" \/>\n<meta name=\"twitter:card\" content=\"summary_large_image\" \/>\n<meta name=\"twitter:label1\" content=\"Est. reading time\" \/>\n\t<meta name=\"twitter:data1\" content=\"2 min\u016btes\" \/>\n<script type=\"application\/ld+json\" class=\"yoast-schema-graph\">{\"@context\":\"https:\\\/\\\/schema.org\",\"@graph\":[{\"@type\":\"WebPage\",\"@id\":\"https:\\\/\\\/kidsplay.lt\\\/produktas\\\/woopie-sensorinis-kilimelis-ortopedinis-deliones-kilimelis-rankoms-ir-kojoms-16-detaliu-smelio-spalvos\\\/\",\"url\":\"https:\\\/\\\/kidsplay.lt\\\/produktas\\\/woopie-sensorinis-kilimelis-ortopedinis-deliones-kilimelis-rankoms-ir-kojoms-16-detaliu-smelio-spalvos\\\/\",\"name\":\"WOOPIE sensorinis kilim\u0117lis ortopedinis d\u0117lion\u0117s kilim\u0117lis rankoms ir kojoms, 16 detali\u0173 &#8211; sm\u0117lio spalvos\",\"isPartOf\":{\"@id\":\"https:\\\/\\\/kidsplay.lt\\\/#website\"},\"primaryImageOfPage\":{\"@id\":\"https:\\\/\\\/kidsplay.lt\\\/produktas\\\/woopie-sensorinis-kilimelis-ortopedinis-deliones-kilimelis-rankoms-ir-kojoms-16-detaliu-smelio-spalvos\\\/#primaryimage\"},\"image\":{\"@id\":\"https:\\\/\\\/kidsplay.lt\\\/produktas\\\/woopie-sensorinis-kilimelis-ortopedinis-deliones-kilimelis-rankoms-ir-kojoms-16-detaliu-smelio-spalvos\\\/#primaryimage\"},\"thumbnailUrl\":\"https:\\\/\\\/kidsplay.lt\\\/wp-content\\\/uploads\\\/2025\\\/10\\\/WOOPIE-sensorinis-kilimelis-ortopedinis-deliones-kilimelis-rankoms-ir-kojoms-16-detaliu-8211-smelio-spalvos.jpg\",\"datePublished\":\"2025-10-21T04:27:01+00:00\",\"dateModified\":\"2026-04-07T07:03:03+00:00\",\"description\":\"WOOPIE sensorinis kilim\u0117lis ortopedinis d\u0117lion\u0117s kilim\u0117lis rankoms ir kojoms, 16 detali\u0173 &#8211; sm\u0117lio spalvos - KidsPlay. Did\u017eiausias vaik\u0173 \u017eaisl\u0173 pasirinkimas.\",\"breadcrumb\":{\"@id\":\"https:\\\/\\\/kidsplay.lt\\\/produktas\\\/woopie-sensorinis-kilimelis-ortopedinis-deliones-kilimelis-rankoms-ir-kojoms-16-detaliu-smelio-spalvos\\\/#breadcrumb\"},\"inLanguage\":\"lv-LV\",\"potentialAction\":[{\"@type\":\"ReadAction\",\"target\":[\"https:\\\/\\\/kidsplay.lt\\\/produktas\\\/woopie-sensorinis-kilimelis-ortopedinis-deliones-kilimelis-rankoms-ir-kojoms-16-detaliu-smelio-spalvos\\\/\"]}]},{\"@type\":\"ImageObject\",\"inLanguage\":\"lv-LV\",\"@id\":\"https:\\\/\\\/kidsplay.lt\\\/produktas\\\/woopie-sensorinis-kilimelis-ortopedinis-deliones-kilimelis-rankoms-ir-kojoms-16-detaliu-smelio-spalvos\\\/#primaryimage\",\"url\":\"https:\\\/\\\/kidsplay.lt\\\/wp-content\\\/uploads\\\/2025\\\/10\\\/WOOPIE-sensorinis-kilimelis-ortopedinis-deliones-kilimelis-rankoms-ir-kojoms-16-detaliu-8211-smelio-spalvos.jpg\",\"contentUrl\":\"https:\\\/\\\/kidsplay.lt\\\/wp-content\\\/uploads\\\/2025\\\/10\\\/WOOPIE-sensorinis-kilimelis-ortopedinis-deliones-kilimelis-rankoms-ir-kojoms-16-detaliu-8211-smelio-spalvos.jpg\",\"width\":2500,\"height\":2500,\"caption\":\"WOOPIE sensorinis kilim\u0117lis ortopedinis d\u0117lion\u0117s kilim\u0117lis rankoms ir kojoms\"},{\"@type\":\"BreadcrumbList\",\"@id\":\"https:\\\/\\\/kidsplay.lt\\\/produktas\\\/woopie-sensorinis-kilimelis-ortopedinis-deliones-kilimelis-rankoms-ir-kojoms-16-detaliu-smelio-spalvos\\\/#breadcrumb\",\"itemListElement\":[{\"@type\":\"ListItem\",\"position\":1,\"name\":\"Pagrindinis\",\"item\":\"https:\\\/\\\/kidsplay.lt\\\/\"},{\"@type\":\"ListItem\",\"position\":2,\"name\":\"Parduotuv\u0117\",\"item\":\"https:\\\/\\\/kidsplay.lt\\\/parduotuve\\\/\"},{\"@type\":\"ListItem\",\"position\":3,\"name\":\"WOOPIE sensorinis kilim\u0117lis ortopedinis d\u0117lion\u0117s kilim\u0117lis rankoms ir kojoms, 16 detali\u0173 &#8211; sm\u0117lio spalvos\"}]},{\"@type\":\"WebSite\",\"@id\":\"https:\\\/\\\/kidsplay.lt\\\/#website\",\"url\":\"https:\\\/\\\/kidsplay.lt\\\/\",\"name\":\"Kidsplay.lt\",\"description\":\"\u012evairios prek\u0117s vaikams\",\"publisher\":{\"@id\":\"https:\\\/\\\/kidsplay.lt\\\/#organization\"},\"alternateName\":\"Kidsplay\",\"potentialAction\":[{\"@type\":\"SearchAction\",\"target\":{\"@type\":\"EntryPoint\",\"urlTemplate\":\"https:\\\/\\\/kidsplay.lt\\\/?s={search_term_string}\"},\"query-input\":{\"@type\":\"PropertyValueSpecification\",\"valueRequired\":true,\"valueName\":\"search_term_string\"}}],\"inLanguage\":\"lv-LV\"},{\"@type\":\"Organization\",\"@id\":\"https:\\\/\\\/kidsplay.lt\\\/#organization\",\"name\":\"KidsPlay\",\"url\":\"https:\\\/\\\/kidsplay.lt\\\/\",\"logo\":{\"@type\":\"ImageObject\",\"inLanguage\":\"lv-LV\",\"@id\":\"https:\\\/\\\/kidsplay.lt\\\/#\\\/schema\\\/logo\\\/image\\\/\",\"url\":\"https:\\\/\\\/kidsplay.lt\\\/wp-content\\\/uploads\\\/2023\\\/07\\\/kidsplay-logo.png\",\"contentUrl\":\"https:\\\/\\\/kidsplay.lt\\\/wp-content\\\/uploads\\\/2023\\\/07\\\/kidsplay-logo.png\",\"width\":451,\"height\":98,\"caption\":\"KidsPlay\"},\"image\":{\"@id\":\"https:\\\/\\\/kidsplay.lt\\\/#\\\/schema\\\/logo\\\/image\\\/\"},\"sameAs\":[\"https:\\\/\\\/www.facebook.com\\\/www.kidsplay.lt\"]}]}<\/script>\n<!-- \/ Yoast SEO plugin. -->","yoast_head_json":{"title":"WOOPIE sensorinis kilim\u0117lis ortopedinis d\u0117lion\u0117s kilim\u0117lis rankoms ir kojoms, 16 detali\u0173 &#8211; sm\u0117lio spalvos","description":"WOOPIE sensorinis kilim\u0117lis ortopedinis d\u0117lion\u0117s kilim\u0117lis rankoms ir kojoms, 16 detali\u0173 &#8211; sm\u0117lio spalvos - KidsPlay. Did\u017eiausias vaik\u0173 \u017eaisl\u0173 pasirinkimas.","robots":{"index":"index","follow":"follow","max-snippet":"max-snippet:-1","max-image-preview":"max-image-preview:large","max-video-preview":"max-video-preview:-1"},"canonical":"https:\/\/kidsplay.lt\/lv\/products\/woopie-sensorinis-kilimelis-ortopedinis-deliones-kilimelis-rankoms-ir-kojoms-16-detaliu-smelio-spalvos\/","og_locale":"lv_LV","og_type":"article","og_title":"WOOPIE sensorinis kilim\u0117lis ortopedinis d\u0117lion\u0117s kilim\u0117lis rankoms ir kojoms, 16 detali\u0173 &#8211; sm\u0117lio spalvos","og_description":"WOOPIE sensorinis kilim\u0117lis ortopedinis d\u0117lion\u0117s kilim\u0117lis rankoms ir kojoms, 16 detali\u0173 &#8211; sm\u0117lio spalvos - KidsPlay. Did\u017eiausias vaik\u0173 \u017eaisl\u0173 pasirinkimas.","og_url":"https:\/\/kidsplay.lt\/lv\/products\/woopie-sensorinis-kilimelis-ortopedinis-deliones-kilimelis-rankoms-ir-kojoms-16-detaliu-smelio-spalvos\/","og_site_name":"KidsPlay","article_publisher":"https:\/\/www.facebook.com\/www.kidsplay.lt","article_modified_time":"2026-04-07T07:03:03+00:00","og_image":[{"width":2500,"height":2500,"url":"https:\/\/kidsplay.lt\/wp-content\/uploads\/2025\/10\/WOOPIE-sensorinis-kilimelis-ortopedinis-deliones-kilimelis-rankoms-ir-kojoms-16-detaliu-8211-smelio-spalvos.jpg","type":"image\/jpeg"}],"twitter_card":"summary_large_image","twitter_misc":{"Est. reading time":"2 min\u016btes"},"schema":{"@context":"https:\/\/schema.org","@graph":[{"@type":"WebPage","@id":"https:\/\/kidsplay.lt\/produktas\/woopie-sensorinis-kilimelis-ortopedinis-deliones-kilimelis-rankoms-ir-kojoms-16-detaliu-smelio-spalvos\/","url":"https:\/\/kidsplay.lt\/produktas\/woopie-sensorinis-kilimelis-ortopedinis-deliones-kilimelis-rankoms-ir-kojoms-16-detaliu-smelio-spalvos\/","name":"WOOPIE sensorinis kilim\u0117lis ortopedinis d\u0117lion\u0117s kilim\u0117lis rankoms ir kojoms, 16 detali\u0173 &#8211; sm\u0117lio spalvos","isPartOf":{"@id":"https:\/\/kidsplay.lt\/#website"},"primaryImageOfPage":{"@id":"https:\/\/kidsplay.lt\/produktas\/woopie-sensorinis-kilimelis-ortopedinis-deliones-kilimelis-rankoms-ir-kojoms-16-detaliu-smelio-spalvos\/#primaryimage"},"image":{"@id":"https:\/\/kidsplay.lt\/produktas\/woopie-sensorinis-kilimelis-ortopedinis-deliones-kilimelis-rankoms-ir-kojoms-16-detaliu-smelio-spalvos\/#primaryimage"},"thumbnailUrl":"https:\/\/kidsplay.lt\/wp-content\/uploads\/2025\/10\/WOOPIE-sensorinis-kilimelis-ortopedinis-deliones-kilimelis-rankoms-ir-kojoms-16-detaliu-8211-smelio-spalvos.jpg","datePublished":"2025-10-21T04:27:01+00:00","dateModified":"2026-04-07T07:03:03+00:00","description":"WOOPIE sensorinis kilim\u0117lis ortopedinis d\u0117lion\u0117s kilim\u0117lis rankoms ir kojoms, 16 detali\u0173 &#8211; sm\u0117lio spalvos - KidsPlay. Did\u017eiausias vaik\u0173 \u017eaisl\u0173 pasirinkimas.","breadcrumb":{"@id":"https:\/\/kidsplay.lt\/produktas\/woopie-sensorinis-kilimelis-ortopedinis-deliones-kilimelis-rankoms-ir-kojoms-16-detaliu-smelio-spalvos\/#breadcrumb"},"inLanguage":"lv-LV","potentialAction":[{"@type":"ReadAction","target":["https:\/\/kidsplay.lt\/produktas\/woopie-sensorinis-kilimelis-ortopedinis-deliones-kilimelis-rankoms-ir-kojoms-16-detaliu-smelio-spalvos\/"]}]},{"@type":"ImageObject","inLanguage":"lv-LV","@id":"https:\/\/kidsplay.lt\/produktas\/woopie-sensorinis-kilimelis-ortopedinis-deliones-kilimelis-rankoms-ir-kojoms-16-detaliu-smelio-spalvos\/#primaryimage","url":"https:\/\/kidsplay.lt\/wp-content\/uploads\/2025\/10\/WOOPIE-sensorinis-kilimelis-ortopedinis-deliones-kilimelis-rankoms-ir-kojoms-16-detaliu-8211-smelio-spalvos.jpg","contentUrl":"https:\/\/kidsplay.lt\/wp-content\/uploads\/2025\/10\/WOOPIE-sensorinis-kilimelis-ortopedinis-deliones-kilimelis-rankoms-ir-kojoms-16-detaliu-8211-smelio-spalvos.jpg","width":2500,"height":2500,"caption":"WOOPIE sensorinis kilim\u0117lis ortopedinis d\u0117lion\u0117s kilim\u0117lis rankoms ir kojoms"},{"@type":"BreadcrumbList","@id":"https:\/\/kidsplay.lt\/produktas\/woopie-sensorinis-kilimelis-ortopedinis-deliones-kilimelis-rankoms-ir-kojoms-16-detaliu-smelio-spalvos\/#breadcrumb","itemListElement":[{"@type":"ListItem","position":1,"name":"Pagrindinis","item":"https:\/\/kidsplay.lt\/"},{"@type":"ListItem","position":2,"name":"Parduotuv\u0117","item":"https:\/\/kidsplay.lt\/parduotuve\/"},{"@type":"ListItem","position":3,"name":"WOOPIE sensorinis kilim\u0117lis ortopedinis d\u0117lion\u0117s kilim\u0117lis rankoms ir kojoms, 16 detali\u0173 &#8211; sm\u0117lio spalvos"}]},{"@type":"WebSite","@id":"https:\/\/kidsplay.lt\/#website","url":"https:\/\/kidsplay.lt\/","name":"B\u0113rnu sp\u0113les.lv","description":"\u012evairios prek\u0117s vaikams","publisher":{"@id":"https:\/\/kidsplay.lt\/#organization"},"alternateName":"Kidsplay","potentialAction":[{"@type":"SearchAction","target":{"@type":"EntryPoint","urlTemplate":"https:\/\/kidsplay.lt\/?s={search_term_string}"},"query-input":{"@type":"PropertyValueSpecification","valueRequired":true,"valueName":"search_term_string"}}],"inLanguage":"lv-LV"},{"@type":"Organization","@id":"https:\/\/kidsplay.lt\/#organization","name":"B\u0113rnu sp\u0113le","url":"https:\/\/kidsplay.lt\/","logo":{"@type":"ImageObject","inLanguage":"lv-LV","@id":"https:\/\/kidsplay.lt\/#\/schema\/logo\/image\/","url":"https:\/\/kidsplay.lt\/wp-content\/uploads\/2023\/07\/kidsplay-logo.png","contentUrl":"https:\/\/kidsplay.lt\/wp-content\/uploads\/2023\/07\/kidsplay-logo.png","width":451,"height":98,"caption":"KidsPlay"},"image":{"@id":"https:\/\/kidsplay.lt\/#\/schema\/logo\/image\/"},"sameAs":["https:\/\/www.facebook.com\/www.kidsplay.lt"]}]}},"_links":{"self":[{"href":"https:\/\/kidsplay.lt\/lv\/wp-json\/wp\/v2\/product\/77260","targetHints":{"allow":["GET"]}}],"collection":[{"href":"https:\/\/kidsplay.lt\/lv\/wp-json\/wp\/v2\/product"}],"about":[{"href":"https:\/\/kidsplay.lt\/lv\/wp-json\/wp\/v2\/types\/product"}],"version-history":[{"count":1,"href":"https:\/\/kidsplay.lt\/lv\/wp-json\/wp\/v2\/product\/77260\/revisions"}],"predecessor-version":[{"id":77261,"href":"https:\/\/kidsplay.lt\/lv\/wp-json\/wp\/v2\/product\/77260\/revisions\/77261"}],"wp:featuredmedia":[{"embeddable":true,"href":"https:\/\/kidsplay.lt\/lv\/wp-json\/wp\/v2\/media\/77262"}],"wp:attachment":[{"href":"https:\/\/kidsplay.lt\/lv\/wp-json\/wp\/v2\/media?parent=77260"}],"wp:term":[{"taxonomy":"product_brand","embeddable":true,"href":"https:\/\/kidsplay.lt\/lv\/wp-json\/wp\/v2\/product_brand?post=77260"},{"taxonomy":"product_cat","embeddable":true,"href":"https:\/\/kidsplay.lt\/lv\/wp-json\/wp\/v2\/product_cat?post=77260"},{"taxonomy":"product_tag","embeddable":true,"href":"https:\/\/kidsplay.lt\/lv\/wp-json\/wp\/v2\/product_tag?post=77260"}],"curies":[{"name":"wp","href":"https:\/\/api.w.org\/{rel}","templated":true}]}}