{"id":77274,"date":"2025-10-21T07:27:41","date_gmt":"2025-10-21T04:27:41","guid":{"rendered":"https:\/\/kidsplay.lt\/produktas\/woopie-vienaragio-nesiokles-namelio-prieziuros-rinkinys\/"},"modified":"2026-04-07T10:03:07","modified_gmt":"2026-04-07T07:03:07","slug":"woopie-vienaragio-nesiokles-namelio-prieziuros-rinkinys","status":"publish","type":"product","link":"https:\/\/kidsplay.lt\/lv\/products\/woopie-vienaragio-nesiokles-namelio-prieziuros-rinkinys\/","title":{"rendered":"WOOPIE Vienaragio Ne\u0161iokl\u0117s Namelio Prie\u017ei\u016bros Rinkinys"},"content":{"rendered":"<p>Ie\u0161kote tobulo \u017eaislo, kuris derint\u0173 augintinio prie\u017ei\u016br\u0105 su k\u016brybi\u0161ku \u017eaidimu? \u0160is \u017eavingas\u00a0\u201eWoopie\u201c\u00a0augintini\u0173\u00a0namelio\u00a0rinkinys \u00a0yra ne\u0161iojamas namelis su rausvu pliu\u0161iniu vienaragiu ir prie\u017ei\u016bros \u0161epe\u010diu. Vaikai gali pasiimti savo augintin\u012f bet kur \u2013 \u012f dar\u017eel\u012f, pasivaik\u0161\u010dioti ar keliauti. Permatomos, \u0161irdies formos durel\u0117s leid\u017eia \u017evilgtel\u0117ti \u012f vienaragio vid\u0173, o patogi rankena leid\u017eia j\u012f lengvai ne\u0161ti. \u0160is \u017eaislas skatina empatij\u0105, atsakomyb\u0119 ir vaizduot\u0119 kasdieni\u0173 \u017eaidim\u0173 metu.<\/p>\n<p>Rakstur\u012bgs:<\/p>\n<p> \tSpalvingas, ne\u0161iojamas namini\u0173 gyv\u016bn\u0117li\u0173 namelis<br \/>\n \t\u0160irdies formos atidaromos durys<br \/>\n \tPliu\u0161inis vienaragis, kur\u012f galima apkabinti ir \u017eaisti<br \/>\n \tPapildomas priedas \u2013 prie\u017ei\u016bros \u0161epetys<br \/>\n \tTvirtas darbas ir saugios med\u017eiagos<br \/>\n \tLengvas dizainas \u2013 puikiai tinka pasiimti su savimi keliaujant<\/p>\n<p>Komplekt\u0101 ietilpst:<\/p>\n<p> \tNamini\u0173 gyv\u016bn\u0117li\u0173 namelis \u2013 ne\u0161iojamas \u0161uns namelis<br \/>\n \tPliu\u0161inis vienaragis<br \/>\n \t\u0160ukuosenos \u0161epetys<\/p>\n<p>Rota\u013clieta att\u012bst\u0101s:<\/p>\n<p> \tEmpatija ir r\u016bpestis gyv\u016bnais<br \/>\n \tK\u016brybi\u0161kumas ir vaizduot\u0117 vaidmen\u0173 \u017eaidimuose<br \/>\n \tSocialiniai \u012fg\u016bd\u017eiai per grupinius \u017eaidimus<br \/>\n \tMotorin\u0117 koordinacija (r\u016bpinimasis ir \u017eaidimas)<br \/>\n \tAtsakomyb\u0117 ir augintini\u0173 prie\u017ei\u016bros \u012fpro\u010diai<\/p>","protected":false},"excerpt":{"rendered":"<p>Ie\u0161kote tobulo \u017eaislo, kuris derint\u0173 augintinio prie\u017ei\u016br\u0105 su k\u016brybi\u0161ku \u017eaidimu? \u0160is \u017eavingas\u00a0\u201eWoopie\u201c\u00a0augintini\u0173\u00a0namelio\u00a0rinkinys \u00a0yra ne\u0161iojamas namelis su rausvu pliu\u0161iniu vienaragiu ir<\/p>","protected":false},"featured_media":77276,"template":"","meta":{"_acf_changed":false,"_glsr_average":0,"_glsr_ranking":0,"_glsr_reviews":0},"product_brand":[],"product_cat":[388,229],"product_tag":[],"class_list":{"0":"post-77274","1":"product","2":"type-product","3":"status-publish","4":"has-post-thumbnail","6":"product_cat-edukaciniai-lavinamieji-zaislai","7":"product_cat-zaislai-vaikams","8":"\"style=\"background-color: #2ecc711c;\"","10":"first","11":"instock","12":"purchasable","13":"product-type-simple"},"acf":[],"yoast_head":"<!-- This site is optimized with the Yoast SEO plugin v27.3 - https:\/\/yoast.com\/product\/yoast-seo-wordpress\/ -->\n<title>WOOPIE Vienaragio Ne\u0161iokl\u0117s Namelio Prie\u017ei\u016bros Rinkinys<\/title>\n<meta name=\"description\" content=\"WOOPIE Vienaragio Ne\u0161iokl\u0117s Namelio Prie\u017ei\u016bros Rinkinys - KidsPlay. Did\u017eiausias vaik\u0173 \u017eaisl\u0173 pasirinkimas.\" \/>\n<meta name=\"robots\" content=\"index, follow, max-snippet:-1, max-image-preview:large, max-video-preview:-1\" \/>\n<link rel=\"canonical\" href=\"https:\/\/kidsplay.lt\/lv\/products\/woopie-vienaragio-nesiokles-namelio-prieziuros-rinkinys\/\" \/>\n<meta property=\"og:locale\" content=\"lv_LV\" \/>\n<meta property=\"og:type\" content=\"article\" \/>\n<meta property=\"og:title\" content=\"WOOPIE Vienaragio Ne\u0161iokl\u0117s Namelio Prie\u017ei\u016bros Rinkinys\" \/>\n<meta property=\"og:description\" content=\"WOOPIE Vienaragio Ne\u0161iokl\u0117s Namelio Prie\u017ei\u016bros Rinkinys - KidsPlay. Did\u017eiausias vaik\u0173 \u017eaisl\u0173 pasirinkimas.\" \/>\n<meta property=\"og:url\" content=\"https:\/\/kidsplay.lt\/lv\/products\/woopie-vienaragio-nesiokles-namelio-prieziuros-rinkinys\/\" \/>\n<meta property=\"og:site_name\" content=\"KidsPlay\" \/>\n<meta property=\"article:publisher\" content=\"https:\/\/www.facebook.com\/www.kidsplay.lt\" \/>\n<meta property=\"article:modified_time\" content=\"2026-04-07T07:03:07+00:00\" \/>\n<meta property=\"og:image\" content=\"https:\/\/kidsplay.lt\/wp-content\/uploads\/2025\/10\/WOOPIE-Vienaragio-Nesiokles-Namelio-Prieziuros-Rinkinys.jpg\" \/>\n\t<meta property=\"og:image:width\" content=\"1000\" \/>\n\t<meta property=\"og:image:height\" content=\"1000\" \/>\n\t<meta property=\"og:image:type\" content=\"image\/jpeg\" \/>\n<meta name=\"twitter:card\" content=\"summary_large_image\" \/>\n<meta name=\"twitter:label1\" content=\"Est. reading time\" \/>\n\t<meta name=\"twitter:data1\" content=\"1 min\u016bte\" \/>\n<script type=\"application\/ld+json\" class=\"yoast-schema-graph\">{\"@context\":\"https:\\\/\\\/schema.org\",\"@graph\":[{\"@type\":\"WebPage\",\"@id\":\"https:\\\/\\\/kidsplay.lt\\\/produktas\\\/woopie-vienaragio-nesiokles-namelio-prieziuros-rinkinys\\\/\",\"url\":\"https:\\\/\\\/kidsplay.lt\\\/produktas\\\/woopie-vienaragio-nesiokles-namelio-prieziuros-rinkinys\\\/\",\"name\":\"WOOPIE Vienaragio Ne\u0161iokl\u0117s Namelio Prie\u017ei\u016bros Rinkinys\",\"isPartOf\":{\"@id\":\"https:\\\/\\\/kidsplay.lt\\\/#website\"},\"primaryImageOfPage\":{\"@id\":\"https:\\\/\\\/kidsplay.lt\\\/produktas\\\/woopie-vienaragio-nesiokles-namelio-prieziuros-rinkinys\\\/#primaryimage\"},\"image\":{\"@id\":\"https:\\\/\\\/kidsplay.lt\\\/produktas\\\/woopie-vienaragio-nesiokles-namelio-prieziuros-rinkinys\\\/#primaryimage\"},\"thumbnailUrl\":\"https:\\\/\\\/kidsplay.lt\\\/wp-content\\\/uploads\\\/2025\\\/10\\\/WOOPIE-Vienaragio-Nesiokles-Namelio-Prieziuros-Rinkinys.jpg\",\"datePublished\":\"2025-10-21T04:27:41+00:00\",\"dateModified\":\"2026-04-07T07:03:07+00:00\",\"description\":\"WOOPIE Vienaragio Ne\u0161iokl\u0117s Namelio Prie\u017ei\u016bros Rinkinys - KidsPlay. Did\u017eiausias vaik\u0173 \u017eaisl\u0173 pasirinkimas.\",\"breadcrumb\":{\"@id\":\"https:\\\/\\\/kidsplay.lt\\\/produktas\\\/woopie-vienaragio-nesiokles-namelio-prieziuros-rinkinys\\\/#breadcrumb\"},\"inLanguage\":\"lv-LV\",\"potentialAction\":[{\"@type\":\"ReadAction\",\"target\":[\"https:\\\/\\\/kidsplay.lt\\\/produktas\\\/woopie-vienaragio-nesiokles-namelio-prieziuros-rinkinys\\\/\"]}]},{\"@type\":\"ImageObject\",\"inLanguage\":\"lv-LV\",\"@id\":\"https:\\\/\\\/kidsplay.lt\\\/produktas\\\/woopie-vienaragio-nesiokles-namelio-prieziuros-rinkinys\\\/#primaryimage\",\"url\":\"https:\\\/\\\/kidsplay.lt\\\/wp-content\\\/uploads\\\/2025\\\/10\\\/WOOPIE-Vienaragio-Nesiokles-Namelio-Prieziuros-Rinkinys.jpg\",\"contentUrl\":\"https:\\\/\\\/kidsplay.lt\\\/wp-content\\\/uploads\\\/2025\\\/10\\\/WOOPIE-Vienaragio-Nesiokles-Namelio-Prieziuros-Rinkinys.jpg\",\"width\":1000,\"height\":1000,\"caption\":\"WOOPIE Vienaragio Ne\u0161iokl\u0117s Namelio Prie\u017ei\u016bros Rinkinys\"},{\"@type\":\"BreadcrumbList\",\"@id\":\"https:\\\/\\\/kidsplay.lt\\\/produktas\\\/woopie-vienaragio-nesiokles-namelio-prieziuros-rinkinys\\\/#breadcrumb\",\"itemListElement\":[{\"@type\":\"ListItem\",\"position\":1,\"name\":\"Pagrindinis\",\"item\":\"https:\\\/\\\/kidsplay.lt\\\/\"},{\"@type\":\"ListItem\",\"position\":2,\"name\":\"Parduotuv\u0117\",\"item\":\"https:\\\/\\\/kidsplay.lt\\\/parduotuve\\\/\"},{\"@type\":\"ListItem\",\"position\":3,\"name\":\"WOOPIE Vienaragio Ne\u0161iokl\u0117s Namelio Prie\u017ei\u016bros Rinkinys\"}]},{\"@type\":\"WebSite\",\"@id\":\"https:\\\/\\\/kidsplay.lt\\\/#website\",\"url\":\"https:\\\/\\\/kidsplay.lt\\\/\",\"name\":\"Kidsplay.lt\",\"description\":\"\u012evairios prek\u0117s vaikams\",\"publisher\":{\"@id\":\"https:\\\/\\\/kidsplay.lt\\\/#organization\"},\"alternateName\":\"Kidsplay\",\"potentialAction\":[{\"@type\":\"SearchAction\",\"target\":{\"@type\":\"EntryPoint\",\"urlTemplate\":\"https:\\\/\\\/kidsplay.lt\\\/?s={search_term_string}\"},\"query-input\":{\"@type\":\"PropertyValueSpecification\",\"valueRequired\":true,\"valueName\":\"search_term_string\"}}],\"inLanguage\":\"lv-LV\"},{\"@type\":\"Organization\",\"@id\":\"https:\\\/\\\/kidsplay.lt\\\/#organization\",\"name\":\"KidsPlay\",\"url\":\"https:\\\/\\\/kidsplay.lt\\\/\",\"logo\":{\"@type\":\"ImageObject\",\"inLanguage\":\"lv-LV\",\"@id\":\"https:\\\/\\\/kidsplay.lt\\\/#\\\/schema\\\/logo\\\/image\\\/\",\"url\":\"https:\\\/\\\/kidsplay.lt\\\/wp-content\\\/uploads\\\/2023\\\/07\\\/kidsplay-logo.png\",\"contentUrl\":\"https:\\\/\\\/kidsplay.lt\\\/wp-content\\\/uploads\\\/2023\\\/07\\\/kidsplay-logo.png\",\"width\":451,\"height\":98,\"caption\":\"KidsPlay\"},\"image\":{\"@id\":\"https:\\\/\\\/kidsplay.lt\\\/#\\\/schema\\\/logo\\\/image\\\/\"},\"sameAs\":[\"https:\\\/\\\/www.facebook.com\\\/www.kidsplay.lt\"]}]}<\/script>\n<!-- \/ Yoast SEO plugin. -->","yoast_head_json":{"title":"WOOPIE Vienaragio Ne\u0161iokl\u0117s Namelio Prie\u017ei\u016bros Rinkinys","description":"WOOPIE Vienaragio Ne\u0161iokl\u0117s Namelio Prie\u017ei\u016bros Rinkinys - KidsPlay. Did\u017eiausias vaik\u0173 \u017eaisl\u0173 pasirinkimas.","robots":{"index":"index","follow":"follow","max-snippet":"max-snippet:-1","max-image-preview":"max-image-preview:large","max-video-preview":"max-video-preview:-1"},"canonical":"https:\/\/kidsplay.lt\/lv\/products\/woopie-vienaragio-nesiokles-namelio-prieziuros-rinkinys\/","og_locale":"lv_LV","og_type":"article","og_title":"WOOPIE Vienaragio Ne\u0161iokl\u0117s Namelio Prie\u017ei\u016bros Rinkinys","og_description":"WOOPIE Vienaragio Ne\u0161iokl\u0117s Namelio Prie\u017ei\u016bros Rinkinys - KidsPlay. Did\u017eiausias vaik\u0173 \u017eaisl\u0173 pasirinkimas.","og_url":"https:\/\/kidsplay.lt\/lv\/products\/woopie-vienaragio-nesiokles-namelio-prieziuros-rinkinys\/","og_site_name":"KidsPlay","article_publisher":"https:\/\/www.facebook.com\/www.kidsplay.lt","article_modified_time":"2026-04-07T07:03:07+00:00","og_image":[{"width":1000,"height":1000,"url":"https:\/\/kidsplay.lt\/wp-content\/uploads\/2025\/10\/WOOPIE-Vienaragio-Nesiokles-Namelio-Prieziuros-Rinkinys.jpg","type":"image\/jpeg"}],"twitter_card":"summary_large_image","twitter_misc":{"Est. reading time":"1 min\u016bte"},"schema":{"@context":"https:\/\/schema.org","@graph":[{"@type":"WebPage","@id":"https:\/\/kidsplay.lt\/produktas\/woopie-vienaragio-nesiokles-namelio-prieziuros-rinkinys\/","url":"https:\/\/kidsplay.lt\/produktas\/woopie-vienaragio-nesiokles-namelio-prieziuros-rinkinys\/","name":"WOOPIE Vienaragio Ne\u0161iokl\u0117s Namelio Prie\u017ei\u016bros Rinkinys","isPartOf":{"@id":"https:\/\/kidsplay.lt\/#website"},"primaryImageOfPage":{"@id":"https:\/\/kidsplay.lt\/produktas\/woopie-vienaragio-nesiokles-namelio-prieziuros-rinkinys\/#primaryimage"},"image":{"@id":"https:\/\/kidsplay.lt\/produktas\/woopie-vienaragio-nesiokles-namelio-prieziuros-rinkinys\/#primaryimage"},"thumbnailUrl":"https:\/\/kidsplay.lt\/wp-content\/uploads\/2025\/10\/WOOPIE-Vienaragio-Nesiokles-Namelio-Prieziuros-Rinkinys.jpg","datePublished":"2025-10-21T04:27:41+00:00","dateModified":"2026-04-07T07:03:07+00:00","description":"WOOPIE Vienaragio Ne\u0161iokl\u0117s Namelio Prie\u017ei\u016bros Rinkinys - KidsPlay. Did\u017eiausias vaik\u0173 \u017eaisl\u0173 pasirinkimas.","breadcrumb":{"@id":"https:\/\/kidsplay.lt\/produktas\/woopie-vienaragio-nesiokles-namelio-prieziuros-rinkinys\/#breadcrumb"},"inLanguage":"lv-LV","potentialAction":[{"@type":"ReadAction","target":["https:\/\/kidsplay.lt\/produktas\/woopie-vienaragio-nesiokles-namelio-prieziuros-rinkinys\/"]}]},{"@type":"ImageObject","inLanguage":"lv-LV","@id":"https:\/\/kidsplay.lt\/produktas\/woopie-vienaragio-nesiokles-namelio-prieziuros-rinkinys\/#primaryimage","url":"https:\/\/kidsplay.lt\/wp-content\/uploads\/2025\/10\/WOOPIE-Vienaragio-Nesiokles-Namelio-Prieziuros-Rinkinys.jpg","contentUrl":"https:\/\/kidsplay.lt\/wp-content\/uploads\/2025\/10\/WOOPIE-Vienaragio-Nesiokles-Namelio-Prieziuros-Rinkinys.jpg","width":1000,"height":1000,"caption":"WOOPIE Vienaragio Ne\u0161iokl\u0117s Namelio Prie\u017ei\u016bros Rinkinys"},{"@type":"BreadcrumbList","@id":"https:\/\/kidsplay.lt\/produktas\/woopie-vienaragio-nesiokles-namelio-prieziuros-rinkinys\/#breadcrumb","itemListElement":[{"@type":"ListItem","position":1,"name":"Pagrindinis","item":"https:\/\/kidsplay.lt\/"},{"@type":"ListItem","position":2,"name":"Parduotuv\u0117","item":"https:\/\/kidsplay.lt\/parduotuve\/"},{"@type":"ListItem","position":3,"name":"WOOPIE Vienaragio Ne\u0161iokl\u0117s Namelio Prie\u017ei\u016bros Rinkinys"}]},{"@type":"WebSite","@id":"https:\/\/kidsplay.lt\/#website","url":"https:\/\/kidsplay.lt\/","name":"B\u0113rnu sp\u0113les.lv","description":"\u012evairios prek\u0117s vaikams","publisher":{"@id":"https:\/\/kidsplay.lt\/#organization"},"alternateName":"Kidsplay","potentialAction":[{"@type":"SearchAction","target":{"@type":"EntryPoint","urlTemplate":"https:\/\/kidsplay.lt\/?s={search_term_string}"},"query-input":{"@type":"PropertyValueSpecification","valueRequired":true,"valueName":"search_term_string"}}],"inLanguage":"lv-LV"},{"@type":"Organization","@id":"https:\/\/kidsplay.lt\/#organization","name":"B\u0113rnu sp\u0113le","url":"https:\/\/kidsplay.lt\/","logo":{"@type":"ImageObject","inLanguage":"lv-LV","@id":"https:\/\/kidsplay.lt\/#\/schema\/logo\/image\/","url":"https:\/\/kidsplay.lt\/wp-content\/uploads\/2023\/07\/kidsplay-logo.png","contentUrl":"https:\/\/kidsplay.lt\/wp-content\/uploads\/2023\/07\/kidsplay-logo.png","width":451,"height":98,"caption":"KidsPlay"},"image":{"@id":"https:\/\/kidsplay.lt\/#\/schema\/logo\/image\/"},"sameAs":["https:\/\/www.facebook.com\/www.kidsplay.lt"]}]}},"_links":{"self":[{"href":"https:\/\/kidsplay.lt\/lv\/wp-json\/wp\/v2\/product\/77274","targetHints":{"allow":["GET"]}}],"collection":[{"href":"https:\/\/kidsplay.lt\/lv\/wp-json\/wp\/v2\/product"}],"about":[{"href":"https:\/\/kidsplay.lt\/lv\/wp-json\/wp\/v2\/types\/product"}],"version-history":[{"count":1,"href":"https:\/\/kidsplay.lt\/lv\/wp-json\/wp\/v2\/product\/77274\/revisions"}],"predecessor-version":[{"id":77275,"href":"https:\/\/kidsplay.lt\/lv\/wp-json\/wp\/v2\/product\/77274\/revisions\/77275"}],"wp:featuredmedia":[{"embeddable":true,"href":"https:\/\/kidsplay.lt\/lv\/wp-json\/wp\/v2\/media\/77276"}],"wp:attachment":[{"href":"https:\/\/kidsplay.lt\/lv\/wp-json\/wp\/v2\/media?parent=77274"}],"wp:term":[{"taxonomy":"product_brand","embeddable":true,"href":"https:\/\/kidsplay.lt\/lv\/wp-json\/wp\/v2\/product_brand?post=77274"},{"taxonomy":"product_cat","embeddable":true,"href":"https:\/\/kidsplay.lt\/lv\/wp-json\/wp\/v2\/product_cat?post=77274"},{"taxonomy":"product_tag","embeddable":true,"href":"https:\/\/kidsplay.lt\/lv\/wp-json\/wp\/v2\/product_tag?post=77274"}],"curies":[{"name":"wp","href":"https:\/\/api.w.org\/{rel}","templated":true}]}}