{"id":77279,"date":"2025-10-21T07:27:58","date_gmt":"2025-10-21T04:27:58","guid":{"rendered":"https:\/\/kidsplay.lt\/produktas\/woopie-rankine-vejapjove-burbuline-rozine\/"},"modified":"2026-04-13T14:24:23","modified_gmt":"2026-04-13T11:24:23","slug":"woopie-rankine-vejapjove-burbuline-rozine","status":"publish","type":"product","link":"https:\/\/kidsplay.lt\/lv\/products\/woopie-rankine-vejapjove-burbuline-rozine\/","title":{"rendered":"WOOPIE rokas z\u0101les p\u013c\u0101v\u0113js burbu\u013croz\u0101 kr\u0101s\u0101"},"content":{"rendered":"<p>Atraskite begalin\u012f \u017eaidim\u0173 lauke d\u017eiaugsm\u0105 su\u00a0\u201eWoopie\u201c\u00a0burbul\u0173\u00a0aparatu\u00a0\u00a0! \u0160is spalvingas, elektrinis vejapjov\u0117s formos \u017eaislas yra tikras vaik\u0173 hitas \u2013 vienu mygtuko paspaudimu jis sukuria \u0161imtus burbul\u0173.\u00a0Intuityvus valdymas, ry\u0161kios spalvos, garsai ir judan\u010dios dalys\u00a0kiekvien\u0105 \u017eaidimo laik\u0105 paver\u010dia magi\u0161ku nuotykiu. Tiesiog \u012fpilkite skys\u010dio \u012f special\u0173 bakel\u012f, paspauskite mygtuk\u0105 ir steb\u0117kite, kaip burbulai sklinda i\u0161 vejapjov\u0117s priekio! \u012erenginys turi\u00a0ap\u0161vietimo funkcij\u0105 ir tikrovi\u0161kus garsus\u00a0, dar labiau lavinsian\u010dius j\u016bs\u0173 vaiko poj\u016b\u010dius. D\u0117l ergonomi\u0161ko dizaino ir tvirtos rankenos j\u016bs\u0173 ma\u017eylis lengvai valdys \u017eaisl\u0105 sode, vejoje ar kieme. Aparatas yra dviej\u0173 spalv\u0173 (ro\u017ein\u0117s-violetin\u0117s ir m\u0117lynai oran\u017ein\u0117s) ir pagamintas i\u0161 patvari\u0173, saugi\u0173 med\u017eiag\u0173, kurios atitinka \u017eaisl\u0173 saugos standartus. Rinkinyje taip pat yra\u00a0du buteliukai burbul\u0173 skys\u010dio\u00a0\u2013 tiesiog i\u0161pakuokite ir prad\u0117kite \u017eaisti!<\/p>\n<p>Rakstur\u012bgs:<\/p>\n<p> \t&#8211; \u017daislas vaikams\u00a0nuo 3 met\u0173 am\u017eiaus<br \/>\n \t&#8211;\u00a0\u00a0Automatinis burbul\u0173 aparatas\u00a0spalvingos vejapjov\u0117s pavidalu<br \/>\n \t&#8211;\u00a0\u00a0\u0160viesos ir garso efektai\u00a0&#8211; \u012ftraukiantis sensorinis \u017eaidimas<br \/>\n \t&#8211;\u00a0\u00a0Lengvas valdymas vienu mygtuku\u00a0\u2013 puikiai tinka ma\u017eiems vaikams<br \/>\n \t&#8211;\u00a0\u00a0Saugi med\u017eiaga\u00a0\u2013 patvari ir atspari konstrukcija<br \/>\n \t&#8211;\u00a0\u00a0Maitinamas baterijomis\u00a0\u00a0(nepridedamos) \u2013 nereikia pumpuoti\u00a0<br \/>\n \t&#8211;\u00a0\u00a0Puikiai tinka sodui, parkui, papl\u016bdimiui\u00a0\u2013 pramogoms lauke<\/p>\n<p>Komplekt\u0101 ietilpst:<\/p>\n<p> \t&#8211; Burbul\u0173 aparatas<br \/>\n \t&#8211; 2 buteliukai vakuuminio skys\u010dio<br \/>\n \t&#8211; Spalvinga dovan\u0173 pakuot\u0117<br \/>\n \t&#8211; Naudotojo vadovas<\/p>\n<p>Rota\u013clieta att\u012bst\u0101s:<\/p>\n<p> \t&#8211; motorin\u0117 koordinacija<br \/>\n \t&#8211; rankiniai \u012fg\u016bd\u017eiai<br \/>\n \t&#8211; k\u016brybi\u0161kumas<br \/>\n \t&#8211; stambiosios motorikos \u012fg\u016bd\u017eiai<br \/>\n \t&#8211; fizinis aktyvumas<\/p>\n<p>Gaminio matmenys: 38,5 x 11,7 x 15,5 (cm)<\/p>\n<p>Pakuot\u0117s matmenys: 41 x 13,5 x 17,5 (cm)<\/p>","protected":false},"excerpt":{"rendered":"<p>Atraskite begalin\u012f \u017eaidim\u0173 lauke d\u017eiaugsm\u0105 su\u00a0\u201eWoopie\u201c\u00a0burbul\u0173\u00a0aparatu\u00a0\u00a0! \u0160is spalvingas, elektrinis vejapjov\u0117s formos \u017eaislas yra tikras vaik\u0173 hitas \u2013 vienu mygtuko paspaudimu<\/p>","protected":false},"featured_media":77281,"template":"","meta":{"_acf_changed":false,"_glsr_average":0,"_glsr_ranking":0,"_glsr_reviews":0},"product_brand":[],"product_cat":[896,399],"product_tag":[],"class_list":{"0":"post-77279","1":"product","2":"type-product","3":"status-publish","4":"has-post-thumbnail","6":"product_cat-namu-ukis-vaidmenu-zaidimai","7":"product_cat-vaidmenu-zaidimai-2","8":"\"style=\"background-color: #2ecc711c;\"","10":"first","11":"instock","12":"purchasable","13":"product-type-simple"},"acf":[],"yoast_head":"<!-- This site is optimized with the Yoast SEO plugin v27.4 - https:\/\/yoast.com\/product\/yoast-seo-wordpress\/ -->\n<title>WOOPIE rankin\u0117 vejapjov\u0117 burbulin\u0117 ro\u017ein\u0117<\/title>\n<meta name=\"description\" content=\"WOOPIE rankin\u0117 vejapjov\u0117 burbulin\u0117 ro\u017ein\u0117 - KidsPlay. Did\u017eiausias vaik\u0173 \u017eaisl\u0173 pasirinkimas.\" \/>\n<meta name=\"robots\" content=\"index, follow, max-snippet:-1, max-image-preview:large, max-video-preview:-1\" \/>\n<link rel=\"canonical\" href=\"https:\/\/kidsplay.lt\/lv\/products\/woopie-rankine-vejapjove-burbuline-rozine\/\" \/>\n<meta property=\"og:locale\" content=\"lv_LV\" \/>\n<meta property=\"og:type\" content=\"article\" \/>\n<meta property=\"og:title\" content=\"WOOPIE rankin\u0117 vejapjov\u0117 burbulin\u0117 ro\u017ein\u0117\" \/>\n<meta property=\"og:description\" content=\"WOOPIE rankin\u0117 vejapjov\u0117 burbulin\u0117 ro\u017ein\u0117 - KidsPlay. Did\u017eiausias vaik\u0173 \u017eaisl\u0173 pasirinkimas.\" \/>\n<meta property=\"og:url\" content=\"https:\/\/kidsplay.lt\/lv\/products\/woopie-rankine-vejapjove-burbuline-rozine\/\" \/>\n<meta property=\"og:site_name\" content=\"KidsPlay\" \/>\n<meta property=\"article:publisher\" content=\"https:\/\/www.facebook.com\/www.kidsplay.lt\" \/>\n<meta property=\"article:modified_time\" content=\"2026-04-13T11:24:23+00:00\" \/>\n<meta property=\"og:image\" content=\"https:\/\/kidsplay.lt\/wp-content\/uploads\/2025\/10\/WOOPIE-rankine-vejapjove-burbuline-rozine.jpg\" \/>\n\t<meta property=\"og:image:width\" content=\"2560\" \/>\n\t<meta property=\"og:image:height\" content=\"2560\" \/>\n\t<meta property=\"og:image:type\" content=\"image\/jpeg\" \/>\n<meta name=\"twitter:card\" content=\"summary_large_image\" \/>\n<meta name=\"twitter:label1\" content=\"Est. reading time\" \/>\n\t<meta name=\"twitter:data1\" content=\"1 min\u016bte\" \/>\n<script type=\"application\/ld+json\" class=\"yoast-schema-graph\">{\"@context\":\"https:\\\/\\\/schema.org\",\"@graph\":[{\"@type\":\"WebPage\",\"@id\":\"https:\\\/\\\/kidsplay.lt\\\/produktas\\\/woopie-rankine-vejapjove-burbuline-rozine\\\/\",\"url\":\"https:\\\/\\\/kidsplay.lt\\\/produktas\\\/woopie-rankine-vejapjove-burbuline-rozine\\\/\",\"name\":\"WOOPIE rankin\u0117 vejapjov\u0117 burbulin\u0117 ro\u017ein\u0117\",\"isPartOf\":{\"@id\":\"https:\\\/\\\/kidsplay.lt\\\/#website\"},\"primaryImageOfPage\":{\"@id\":\"https:\\\/\\\/kidsplay.lt\\\/produktas\\\/woopie-rankine-vejapjove-burbuline-rozine\\\/#primaryimage\"},\"image\":{\"@id\":\"https:\\\/\\\/kidsplay.lt\\\/produktas\\\/woopie-rankine-vejapjove-burbuline-rozine\\\/#primaryimage\"},\"thumbnailUrl\":\"https:\\\/\\\/kidsplay.lt\\\/wp-content\\\/uploads\\\/2025\\\/10\\\/WOOPIE-rankine-vejapjove-burbuline-rozine.jpg\",\"datePublished\":\"2025-10-21T04:27:58+00:00\",\"dateModified\":\"2026-04-13T11:24:23+00:00\",\"description\":\"WOOPIE rankin\u0117 vejapjov\u0117 burbulin\u0117 ro\u017ein\u0117 - KidsPlay. Did\u017eiausias vaik\u0173 \u017eaisl\u0173 pasirinkimas.\",\"breadcrumb\":{\"@id\":\"https:\\\/\\\/kidsplay.lt\\\/produktas\\\/woopie-rankine-vejapjove-burbuline-rozine\\\/#breadcrumb\"},\"inLanguage\":\"lv-LV\",\"potentialAction\":[{\"@type\":\"ReadAction\",\"target\":[\"https:\\\/\\\/kidsplay.lt\\\/produktas\\\/woopie-rankine-vejapjove-burbuline-rozine\\\/\"]}]},{\"@type\":\"ImageObject\",\"inLanguage\":\"lv-LV\",\"@id\":\"https:\\\/\\\/kidsplay.lt\\\/produktas\\\/woopie-rankine-vejapjove-burbuline-rozine\\\/#primaryimage\",\"url\":\"https:\\\/\\\/kidsplay.lt\\\/wp-content\\\/uploads\\\/2025\\\/10\\\/WOOPIE-rankine-vejapjove-burbuline-rozine.jpg\",\"contentUrl\":\"https:\\\/\\\/kidsplay.lt\\\/wp-content\\\/uploads\\\/2025\\\/10\\\/WOOPIE-rankine-vejapjove-burbuline-rozine.jpg\",\"width\":2560,\"height\":2560,\"caption\":\"WOOPIE rankin\u0117 vejapjov\u0117 burbulin\u0117 ro\u017ein\u0117\"},{\"@type\":\"BreadcrumbList\",\"@id\":\"https:\\\/\\\/kidsplay.lt\\\/produktas\\\/woopie-rankine-vejapjove-burbuline-rozine\\\/#breadcrumb\",\"itemListElement\":[{\"@type\":\"ListItem\",\"position\":1,\"name\":\"Pagrindinis\",\"item\":\"https:\\\/\\\/kidsplay.lt\\\/\"},{\"@type\":\"ListItem\",\"position\":2,\"name\":\"Parduotuv\u0117\",\"item\":\"https:\\\/\\\/kidsplay.lt\\\/parduotuve\\\/\"},{\"@type\":\"ListItem\",\"position\":3,\"name\":\"WOOPIE rankin\u0117 vejapjov\u0117 burbulin\u0117 ro\u017ein\u0117\"}]},{\"@type\":\"WebSite\",\"@id\":\"https:\\\/\\\/kidsplay.lt\\\/#website\",\"url\":\"https:\\\/\\\/kidsplay.lt\\\/\",\"name\":\"Kidsplay.lt\",\"description\":\"\u012evairios prek\u0117s vaikams\",\"publisher\":{\"@id\":\"https:\\\/\\\/kidsplay.lt\\\/#organization\"},\"alternateName\":\"Kidsplay\",\"potentialAction\":[{\"@type\":\"SearchAction\",\"target\":{\"@type\":\"EntryPoint\",\"urlTemplate\":\"https:\\\/\\\/kidsplay.lt\\\/?s={search_term_string}\"},\"query-input\":{\"@type\":\"PropertyValueSpecification\",\"valueRequired\":true,\"valueName\":\"search_term_string\"}}],\"inLanguage\":\"lv-LV\"},{\"@type\":\"Organization\",\"@id\":\"https:\\\/\\\/kidsplay.lt\\\/#organization\",\"name\":\"KidsPlay\",\"url\":\"https:\\\/\\\/kidsplay.lt\\\/\",\"logo\":{\"@type\":\"ImageObject\",\"inLanguage\":\"lv-LV\",\"@id\":\"https:\\\/\\\/kidsplay.lt\\\/#\\\/schema\\\/logo\\\/image\\\/\",\"url\":\"https:\\\/\\\/kidsplay.lt\\\/wp-content\\\/uploads\\\/2023\\\/07\\\/kidsplay-logo.png\",\"contentUrl\":\"https:\\\/\\\/kidsplay.lt\\\/wp-content\\\/uploads\\\/2023\\\/07\\\/kidsplay-logo.png\",\"width\":451,\"height\":98,\"caption\":\"KidsPlay\"},\"image\":{\"@id\":\"https:\\\/\\\/kidsplay.lt\\\/#\\\/schema\\\/logo\\\/image\\\/\"},\"sameAs\":[\"https:\\\/\\\/www.facebook.com\\\/www.kidsplay.lt\"]}]}<\/script>\n<!-- \/ Yoast SEO plugin. -->","yoast_head_json":{"title":"WOOPIE rokas z\u0101les p\u013c\u0101v\u0113js burbu\u013croz\u0101 kr\u0101s\u0101","description":"WOOPIE rankin\u0117 vejapjov\u0117 burbulin\u0117 ro\u017ein\u0117 - KidsPlay. Did\u017eiausias vaik\u0173 \u017eaisl\u0173 pasirinkimas.","robots":{"index":"index","follow":"follow","max-snippet":"max-snippet:-1","max-image-preview":"max-image-preview:large","max-video-preview":"max-video-preview:-1"},"canonical":"https:\/\/kidsplay.lt\/lv\/products\/woopie-rankine-vejapjove-burbuline-rozine\/","og_locale":"lv_LV","og_type":"article","og_title":"WOOPIE rankin\u0117 vejapjov\u0117 burbulin\u0117 ro\u017ein\u0117","og_description":"WOOPIE rankin\u0117 vejapjov\u0117 burbulin\u0117 ro\u017ein\u0117 - KidsPlay. Did\u017eiausias vaik\u0173 \u017eaisl\u0173 pasirinkimas.","og_url":"https:\/\/kidsplay.lt\/lv\/products\/woopie-rankine-vejapjove-burbuline-rozine\/","og_site_name":"KidsPlay","article_publisher":"https:\/\/www.facebook.com\/www.kidsplay.lt","article_modified_time":"2026-04-13T11:24:23+00:00","og_image":[{"width":2560,"height":2560,"url":"https:\/\/kidsplay.lt\/wp-content\/uploads\/2025\/10\/WOOPIE-rankine-vejapjove-burbuline-rozine.jpg","type":"image\/jpeg"}],"twitter_card":"summary_large_image","twitter_misc":{"Est. reading time":"1 min\u016bte"},"schema":{"@context":"https:\/\/schema.org","@graph":[{"@type":"WebPage","@id":"https:\/\/kidsplay.lt\/produktas\/woopie-rankine-vejapjove-burbuline-rozine\/","url":"https:\/\/kidsplay.lt\/produktas\/woopie-rankine-vejapjove-burbuline-rozine\/","name":"WOOPIE rokas z\u0101les p\u013c\u0101v\u0113js burbu\u013croz\u0101 kr\u0101s\u0101","isPartOf":{"@id":"https:\/\/kidsplay.lt\/#website"},"primaryImageOfPage":{"@id":"https:\/\/kidsplay.lt\/produktas\/woopie-rankine-vejapjove-burbuline-rozine\/#primaryimage"},"image":{"@id":"https:\/\/kidsplay.lt\/produktas\/woopie-rankine-vejapjove-burbuline-rozine\/#primaryimage"},"thumbnailUrl":"https:\/\/kidsplay.lt\/wp-content\/uploads\/2025\/10\/WOOPIE-rankine-vejapjove-burbuline-rozine.jpg","datePublished":"2025-10-21T04:27:58+00:00","dateModified":"2026-04-13T11:24:23+00:00","description":"WOOPIE rankin\u0117 vejapjov\u0117 burbulin\u0117 ro\u017ein\u0117 - KidsPlay. Did\u017eiausias vaik\u0173 \u017eaisl\u0173 pasirinkimas.","breadcrumb":{"@id":"https:\/\/kidsplay.lt\/produktas\/woopie-rankine-vejapjove-burbuline-rozine\/#breadcrumb"},"inLanguage":"lv-LV","potentialAction":[{"@type":"ReadAction","target":["https:\/\/kidsplay.lt\/produktas\/woopie-rankine-vejapjove-burbuline-rozine\/"]}]},{"@type":"ImageObject","inLanguage":"lv-LV","@id":"https:\/\/kidsplay.lt\/produktas\/woopie-rankine-vejapjove-burbuline-rozine\/#primaryimage","url":"https:\/\/kidsplay.lt\/wp-content\/uploads\/2025\/10\/WOOPIE-rankine-vejapjove-burbuline-rozine.jpg","contentUrl":"https:\/\/kidsplay.lt\/wp-content\/uploads\/2025\/10\/WOOPIE-rankine-vejapjove-burbuline-rozine.jpg","width":2560,"height":2560,"caption":"WOOPIE rankin\u0117 vejapjov\u0117 burbulin\u0117 ro\u017ein\u0117"},{"@type":"BreadcrumbList","@id":"https:\/\/kidsplay.lt\/produktas\/woopie-rankine-vejapjove-burbuline-rozine\/#breadcrumb","itemListElement":[{"@type":"ListItem","position":1,"name":"Pagrindinis","item":"https:\/\/kidsplay.lt\/"},{"@type":"ListItem","position":2,"name":"Parduotuv\u0117","item":"https:\/\/kidsplay.lt\/parduotuve\/"},{"@type":"ListItem","position":3,"name":"WOOPIE rankin\u0117 vejapjov\u0117 burbulin\u0117 ro\u017ein\u0117"}]},{"@type":"WebSite","@id":"https:\/\/kidsplay.lt\/#website","url":"https:\/\/kidsplay.lt\/","name":"B\u0113rnu sp\u0113les.lv","description":"\u012evairios prek\u0117s vaikams","publisher":{"@id":"https:\/\/kidsplay.lt\/#organization"},"alternateName":"Kidsplay","potentialAction":[{"@type":"SearchAction","target":{"@type":"EntryPoint","urlTemplate":"https:\/\/kidsplay.lt\/?s={search_term_string}"},"query-input":{"@type":"PropertyValueSpecification","valueRequired":true,"valueName":"search_term_string"}}],"inLanguage":"lv-LV"},{"@type":"Organization","@id":"https:\/\/kidsplay.lt\/#organization","name":"B\u0113rnu sp\u0113le","url":"https:\/\/kidsplay.lt\/","logo":{"@type":"ImageObject","inLanguage":"lv-LV","@id":"https:\/\/kidsplay.lt\/#\/schema\/logo\/image\/","url":"https:\/\/kidsplay.lt\/wp-content\/uploads\/2023\/07\/kidsplay-logo.png","contentUrl":"https:\/\/kidsplay.lt\/wp-content\/uploads\/2023\/07\/kidsplay-logo.png","width":451,"height":98,"caption":"KidsPlay"},"image":{"@id":"https:\/\/kidsplay.lt\/#\/schema\/logo\/image\/"},"sameAs":["https:\/\/www.facebook.com\/www.kidsplay.lt"]}]}},"_links":{"self":[{"href":"https:\/\/kidsplay.lt\/lv\/wp-json\/wp\/v2\/product\/77279","targetHints":{"allow":["GET"]}}],"collection":[{"href":"https:\/\/kidsplay.lt\/lv\/wp-json\/wp\/v2\/product"}],"about":[{"href":"https:\/\/kidsplay.lt\/lv\/wp-json\/wp\/v2\/types\/product"}],"version-history":[{"count":1,"href":"https:\/\/kidsplay.lt\/lv\/wp-json\/wp\/v2\/product\/77279\/revisions"}],"predecessor-version":[{"id":77280,"href":"https:\/\/kidsplay.lt\/lv\/wp-json\/wp\/v2\/product\/77279\/revisions\/77280"}],"wp:featuredmedia":[{"embeddable":true,"href":"https:\/\/kidsplay.lt\/lv\/wp-json\/wp\/v2\/media\/77281"}],"wp:attachment":[{"href":"https:\/\/kidsplay.lt\/lv\/wp-json\/wp\/v2\/media?parent=77279"}],"wp:term":[{"taxonomy":"product_brand","embeddable":true,"href":"https:\/\/kidsplay.lt\/lv\/wp-json\/wp\/v2\/product_brand?post=77279"},{"taxonomy":"product_cat","embeddable":true,"href":"https:\/\/kidsplay.lt\/lv\/wp-json\/wp\/v2\/product_cat?post=77279"},{"taxonomy":"product_tag","embeddable":true,"href":"https:\/\/kidsplay.lt\/lv\/wp-json\/wp\/v2\/product_tag?post=77279"}],"curies":[{"name":"wp","href":"https:\/\/api.w.org\/{rel}","templated":true}]}}