{"id":77284,"date":"2025-10-21T07:28:21","date_gmt":"2025-10-21T04:28:21","guid":{"rendered":"https:\/\/kidsplay.lt\/produktas\/woopie-astronauto-burbulu-aparatas-rozinis\/"},"modified":"2026-04-07T10:03:13","modified_gmt":"2026-04-07T07:03:13","slug":"woopie-astronauto-burbulu-aparatas-rozinis","status":"publish","type":"product","link":"https:\/\/kidsplay.lt\/lv\/products\/woopie-astronauto-burbulu-aparatas-rozinis\/","title":{"rendered":"WOOPIE astronautu burbu\u013cu ma\u0161\u012bna roz\u0101"},"content":{"rendered":"<p>WOOPIE\u00a0astronauto\u00a0\u00a0formos\u00a0burbul\u0173 aparatas\u00a0yra puikus \u017eaislas vaikams. I\u0161leid\u017eiami burbulai ne tik \u0161audo\u00a0\u00a0auk\u0161tu da\u017eniu\u00a0, bet ir \u012fmontuotas\u00a0\u00a0ventiliatorius juos pu\u010dia\u00a0dar toliau. \u017daisl\u0105 galite \u012fjungti paspausdami mygtuk\u0105 ,\u00a0\u00a0ir aparatas automati\u0161kai i\u0161leis burbulus. \u017daislas turi virvel\u0119, kuri\u0105 j\u016bs\u0173 vaikas gali ne\u0161ioti ant kaklo, vaik\u0161\u010dioti ir p\u016bsti burbulus nespausdamas joki\u0173 mygtuk\u0173. Astronautas turi\u00a0\u0161viesos efektus\u00a0, o rinkinyje taip pat yra\u00a0\u00a0indas\u00a0\u00a0burbul\u0173 skys\u010diui, kur\u012f prisukate prie rankenos, o tada pritvirtinate ranken\u0105. \u0160is \u017eaislas puikiai tinka \u017eaisti\u00a0lauke\u00a0arba\u00a0viduje\u00a0.<\/p>\n<p>Rakstur\u012bgs:<\/p>\n<p> \t&#8211; \u017daislas\u00a0\u00a0nuo 3 met\u0173 am\u017eiaus<br \/>\n \t&#8211; Jis pu\u010dia burbulus ir\u00a0ventiliatoriumi\u00a0\u00a0juos\u00a0\u00a0\u00a0toli i\u0161siun\u010dia<br \/>\n \t&#8211; \u012esijungia paspaudus mygtuk\u0105 ir automati\u0161kai pu\u010dia burbulus<br \/>\n \t&#8211; Ap\u0161vietimo efektai<br \/>\n \t&#8211; Rinkinyje yra\u00a02\u00a0indeliai\u00a0skys\u010diams ir virvel\u0117\u00a0, kuri\u0105 galima\u00a0pritvirtinti\u00a0, kad\u00a0\u017eaisl\u0105 b\u016bt\u0173 lengva ne\u0161iotis<\/p>\n<p> \t&#8211; Ma\u017eas ventiliatorius ant astronauto galvos, kur\u012f vaikas gali sukti<br \/>\n \t&#8211; Patogi rankena, kuri\u0105 galima u\u017ed\u0117ti ir nuimti<br \/>\n \t&#8211; \u017daislas yra\u00a0dviej\u0173 spalv\u0173 (geltonos ir ro\u017ein\u0117s)<br \/>\n \t&#8211; Reikalingos 4 x 1,5 V AA baterijos (\u012f komplekt\u0105 ne\u012feina)<\/p>\n<p>Rota\u013clieta att\u012bst\u0101s:<\/p>\n<p> \t&#8211; vaizduot\u0119 ir k\u016brybi\u0161kum\u0105<br \/>\n \t&#8211; aki\u0173-rank\u0173 koordinacija<br \/>\n \t&#8211; rankiniai \u012fg\u016bd\u017eiai<br \/>\n \t&#8211; galimyb\u0117 dalintis ir \u017eaisti kartu<br \/>\n \t&#8211; susidom\u0117jimas technika ir judesiais<\/p>\n<p>Gaminio matmenys\u00a0: 19,5 x 7,5 x 14,5 (cm)<br \/>\nPakuot\u0117s matmenys\u00a0: 22 x 8,5 x 17 (cm)<\/p>","protected":false},"excerpt":{"rendered":"<p>WOOPIE\u00a0astronauto\u00a0\u00a0formos\u00a0burbul\u0173 aparatas\u00a0yra puikus \u017eaislas vaikams. I\u0161leid\u017eiami burbulai ne tik \u0161audo\u00a0\u00a0auk\u0161tu da\u017eniu\u00a0, bet ir \u012fmontuotas\u00a0\u00a0ventiliatorius juos pu\u010dia\u00a0dar toliau. \u017daisl\u0105 galite \u012fjungti<\/p>","protected":false},"featured_media":77286,"template":"","meta":{"_acf_changed":false,"_glsr_average":0,"_glsr_ranking":0,"_glsr_reviews":0},"product_brand":[],"product_cat":[233,430],"product_tag":[],"class_list":{"0":"post-77284","1":"product","2":"type-product","3":"status-publish","4":"has-post-thumbnail","6":"product_cat-lauko-pramogos","7":"product_cat-zaidimai-ir-linksmybes","8":"\"style=\"background-color: #2ecc711c;\"","10":"first","11":"instock","12":"purchasable","13":"product-type-simple"},"acf":[],"yoast_head":"<!-- This site is optimized with the Yoast SEO plugin v27.3 - https:\/\/yoast.com\/product\/yoast-seo-wordpress\/ -->\n<title>WOOPIE Astronauto burbul\u0173 aparatas ro\u017einis<\/title>\n<meta name=\"description\" content=\"WOOPIE Astronauto burbul\u0173 aparatas ro\u017einis - KidsPlay. Did\u017eiausias vaik\u0173 \u017eaisl\u0173 pasirinkimas.\" \/>\n<meta name=\"robots\" content=\"index, follow, max-snippet:-1, max-image-preview:large, max-video-preview:-1\" \/>\n<link rel=\"canonical\" href=\"https:\/\/kidsplay.lt\/lv\/products\/woopie-astronauto-burbulu-aparatas-rozinis\/\" \/>\n<meta property=\"og:locale\" content=\"lv_LV\" \/>\n<meta property=\"og:type\" content=\"article\" \/>\n<meta property=\"og:title\" content=\"WOOPIE Astronauto burbul\u0173 aparatas ro\u017einis\" \/>\n<meta property=\"og:description\" content=\"WOOPIE Astronauto burbul\u0173 aparatas ro\u017einis - KidsPlay. Did\u017eiausias vaik\u0173 \u017eaisl\u0173 pasirinkimas.\" \/>\n<meta property=\"og:url\" content=\"https:\/\/kidsplay.lt\/lv\/products\/woopie-astronauto-burbulu-aparatas-rozinis\/\" \/>\n<meta property=\"og:site_name\" content=\"KidsPlay\" \/>\n<meta property=\"article:publisher\" content=\"https:\/\/www.facebook.com\/www.kidsplay.lt\" \/>\n<meta property=\"article:modified_time\" content=\"2026-04-07T07:03:13+00:00\" \/>\n<meta property=\"og:image\" content=\"https:\/\/kidsplay.lt\/wp-content\/uploads\/2025\/10\/WOOPIE-Astronauto-burbulu-aparatas-rozinis.jpg\" \/>\n\t<meta property=\"og:image:width\" content=\"2560\" \/>\n\t<meta property=\"og:image:height\" content=\"2560\" \/>\n\t<meta property=\"og:image:type\" content=\"image\/jpeg\" \/>\n<meta name=\"twitter:card\" content=\"summary_large_image\" \/>\n<meta name=\"twitter:label1\" content=\"Est. reading time\" \/>\n\t<meta name=\"twitter:data1\" content=\"1 min\u016bte\" \/>\n<script type=\"application\/ld+json\" class=\"yoast-schema-graph\">{\"@context\":\"https:\\\/\\\/schema.org\",\"@graph\":[{\"@type\":\"WebPage\",\"@id\":\"https:\\\/\\\/kidsplay.lt\\\/produktas\\\/woopie-astronauto-burbulu-aparatas-rozinis\\\/\",\"url\":\"https:\\\/\\\/kidsplay.lt\\\/produktas\\\/woopie-astronauto-burbulu-aparatas-rozinis\\\/\",\"name\":\"WOOPIE Astronauto burbul\u0173 aparatas ro\u017einis\",\"isPartOf\":{\"@id\":\"https:\\\/\\\/kidsplay.lt\\\/#website\"},\"primaryImageOfPage\":{\"@id\":\"https:\\\/\\\/kidsplay.lt\\\/produktas\\\/woopie-astronauto-burbulu-aparatas-rozinis\\\/#primaryimage\"},\"image\":{\"@id\":\"https:\\\/\\\/kidsplay.lt\\\/produktas\\\/woopie-astronauto-burbulu-aparatas-rozinis\\\/#primaryimage\"},\"thumbnailUrl\":\"https:\\\/\\\/kidsplay.lt\\\/wp-content\\\/uploads\\\/2025\\\/10\\\/WOOPIE-Astronauto-burbulu-aparatas-rozinis.jpg\",\"datePublished\":\"2025-10-21T04:28:21+00:00\",\"dateModified\":\"2026-04-07T07:03:13+00:00\",\"description\":\"WOOPIE Astronauto burbul\u0173 aparatas ro\u017einis - KidsPlay. Did\u017eiausias vaik\u0173 \u017eaisl\u0173 pasirinkimas.\",\"breadcrumb\":{\"@id\":\"https:\\\/\\\/kidsplay.lt\\\/produktas\\\/woopie-astronauto-burbulu-aparatas-rozinis\\\/#breadcrumb\"},\"inLanguage\":\"lv-LV\",\"potentialAction\":[{\"@type\":\"ReadAction\",\"target\":[\"https:\\\/\\\/kidsplay.lt\\\/produktas\\\/woopie-astronauto-burbulu-aparatas-rozinis\\\/\"]}]},{\"@type\":\"ImageObject\",\"inLanguage\":\"lv-LV\",\"@id\":\"https:\\\/\\\/kidsplay.lt\\\/produktas\\\/woopie-astronauto-burbulu-aparatas-rozinis\\\/#primaryimage\",\"url\":\"https:\\\/\\\/kidsplay.lt\\\/wp-content\\\/uploads\\\/2025\\\/10\\\/WOOPIE-Astronauto-burbulu-aparatas-rozinis.jpg\",\"contentUrl\":\"https:\\\/\\\/kidsplay.lt\\\/wp-content\\\/uploads\\\/2025\\\/10\\\/WOOPIE-Astronauto-burbulu-aparatas-rozinis.jpg\",\"width\":2560,\"height\":2560,\"caption\":\"WOOPIE Astronauto burbul\u0173 aparatas ro\u017einis\"},{\"@type\":\"BreadcrumbList\",\"@id\":\"https:\\\/\\\/kidsplay.lt\\\/produktas\\\/woopie-astronauto-burbulu-aparatas-rozinis\\\/#breadcrumb\",\"itemListElement\":[{\"@type\":\"ListItem\",\"position\":1,\"name\":\"Pagrindinis\",\"item\":\"https:\\\/\\\/kidsplay.lt\\\/\"},{\"@type\":\"ListItem\",\"position\":2,\"name\":\"Parduotuv\u0117\",\"item\":\"https:\\\/\\\/kidsplay.lt\\\/parduotuve\\\/\"},{\"@type\":\"ListItem\",\"position\":3,\"name\":\"WOOPIE Astronauto burbul\u0173 aparatas ro\u017einis\"}]},{\"@type\":\"WebSite\",\"@id\":\"https:\\\/\\\/kidsplay.lt\\\/#website\",\"url\":\"https:\\\/\\\/kidsplay.lt\\\/\",\"name\":\"Kidsplay.lt\",\"description\":\"\u012evairios prek\u0117s vaikams\",\"publisher\":{\"@id\":\"https:\\\/\\\/kidsplay.lt\\\/#organization\"},\"alternateName\":\"Kidsplay\",\"potentialAction\":[{\"@type\":\"SearchAction\",\"target\":{\"@type\":\"EntryPoint\",\"urlTemplate\":\"https:\\\/\\\/kidsplay.lt\\\/?s={search_term_string}\"},\"query-input\":{\"@type\":\"PropertyValueSpecification\",\"valueRequired\":true,\"valueName\":\"search_term_string\"}}],\"inLanguage\":\"lv-LV\"},{\"@type\":\"Organization\",\"@id\":\"https:\\\/\\\/kidsplay.lt\\\/#organization\",\"name\":\"KidsPlay\",\"url\":\"https:\\\/\\\/kidsplay.lt\\\/\",\"logo\":{\"@type\":\"ImageObject\",\"inLanguage\":\"lv-LV\",\"@id\":\"https:\\\/\\\/kidsplay.lt\\\/#\\\/schema\\\/logo\\\/image\\\/\",\"url\":\"https:\\\/\\\/kidsplay.lt\\\/wp-content\\\/uploads\\\/2023\\\/07\\\/kidsplay-logo.png\",\"contentUrl\":\"https:\\\/\\\/kidsplay.lt\\\/wp-content\\\/uploads\\\/2023\\\/07\\\/kidsplay-logo.png\",\"width\":451,\"height\":98,\"caption\":\"KidsPlay\"},\"image\":{\"@id\":\"https:\\\/\\\/kidsplay.lt\\\/#\\\/schema\\\/logo\\\/image\\\/\"},\"sameAs\":[\"https:\\\/\\\/www.facebook.com\\\/www.kidsplay.lt\"]}]}<\/script>\n<!-- \/ Yoast SEO plugin. -->","yoast_head_json":{"title":"WOOPIE astronautu burbu\u013cu ma\u0161\u012bna roz\u0101","description":"WOOPIE Astronauto burbul\u0173 aparatas ro\u017einis - KidsPlay. Did\u017eiausias vaik\u0173 \u017eaisl\u0173 pasirinkimas.","robots":{"index":"index","follow":"follow","max-snippet":"max-snippet:-1","max-image-preview":"max-image-preview:large","max-video-preview":"max-video-preview:-1"},"canonical":"https:\/\/kidsplay.lt\/lv\/products\/woopie-astronauto-burbulu-aparatas-rozinis\/","og_locale":"lv_LV","og_type":"article","og_title":"WOOPIE Astronauto burbul\u0173 aparatas ro\u017einis","og_description":"WOOPIE Astronauto burbul\u0173 aparatas ro\u017einis - KidsPlay. Did\u017eiausias vaik\u0173 \u017eaisl\u0173 pasirinkimas.","og_url":"https:\/\/kidsplay.lt\/lv\/products\/woopie-astronauto-burbulu-aparatas-rozinis\/","og_site_name":"KidsPlay","article_publisher":"https:\/\/www.facebook.com\/www.kidsplay.lt","article_modified_time":"2026-04-07T07:03:13+00:00","og_image":[{"width":2560,"height":2560,"url":"https:\/\/kidsplay.lt\/wp-content\/uploads\/2025\/10\/WOOPIE-Astronauto-burbulu-aparatas-rozinis.jpg","type":"image\/jpeg"}],"twitter_card":"summary_large_image","twitter_misc":{"Est. reading time":"1 min\u016bte"},"schema":{"@context":"https:\/\/schema.org","@graph":[{"@type":"WebPage","@id":"https:\/\/kidsplay.lt\/produktas\/woopie-astronauto-burbulu-aparatas-rozinis\/","url":"https:\/\/kidsplay.lt\/produktas\/woopie-astronauto-burbulu-aparatas-rozinis\/","name":"WOOPIE astronautu burbu\u013cu ma\u0161\u012bna roz\u0101","isPartOf":{"@id":"https:\/\/kidsplay.lt\/#website"},"primaryImageOfPage":{"@id":"https:\/\/kidsplay.lt\/produktas\/woopie-astronauto-burbulu-aparatas-rozinis\/#primaryimage"},"image":{"@id":"https:\/\/kidsplay.lt\/produktas\/woopie-astronauto-burbulu-aparatas-rozinis\/#primaryimage"},"thumbnailUrl":"https:\/\/kidsplay.lt\/wp-content\/uploads\/2025\/10\/WOOPIE-Astronauto-burbulu-aparatas-rozinis.jpg","datePublished":"2025-10-21T04:28:21+00:00","dateModified":"2026-04-07T07:03:13+00:00","description":"WOOPIE Astronauto burbul\u0173 aparatas ro\u017einis - KidsPlay. Did\u017eiausias vaik\u0173 \u017eaisl\u0173 pasirinkimas.","breadcrumb":{"@id":"https:\/\/kidsplay.lt\/produktas\/woopie-astronauto-burbulu-aparatas-rozinis\/#breadcrumb"},"inLanguage":"lv-LV","potentialAction":[{"@type":"ReadAction","target":["https:\/\/kidsplay.lt\/produktas\/woopie-astronauto-burbulu-aparatas-rozinis\/"]}]},{"@type":"ImageObject","inLanguage":"lv-LV","@id":"https:\/\/kidsplay.lt\/produktas\/woopie-astronauto-burbulu-aparatas-rozinis\/#primaryimage","url":"https:\/\/kidsplay.lt\/wp-content\/uploads\/2025\/10\/WOOPIE-Astronauto-burbulu-aparatas-rozinis.jpg","contentUrl":"https:\/\/kidsplay.lt\/wp-content\/uploads\/2025\/10\/WOOPIE-Astronauto-burbulu-aparatas-rozinis.jpg","width":2560,"height":2560,"caption":"WOOPIE Astronauto burbul\u0173 aparatas ro\u017einis"},{"@type":"BreadcrumbList","@id":"https:\/\/kidsplay.lt\/produktas\/woopie-astronauto-burbulu-aparatas-rozinis\/#breadcrumb","itemListElement":[{"@type":"ListItem","position":1,"name":"Pagrindinis","item":"https:\/\/kidsplay.lt\/"},{"@type":"ListItem","position":2,"name":"Parduotuv\u0117","item":"https:\/\/kidsplay.lt\/parduotuve\/"},{"@type":"ListItem","position":3,"name":"WOOPIE Astronauto burbul\u0173 aparatas ro\u017einis"}]},{"@type":"WebSite","@id":"https:\/\/kidsplay.lt\/#website","url":"https:\/\/kidsplay.lt\/","name":"B\u0113rnu sp\u0113les.lv","description":"\u012evairios prek\u0117s vaikams","publisher":{"@id":"https:\/\/kidsplay.lt\/#organization"},"alternateName":"Kidsplay","potentialAction":[{"@type":"SearchAction","target":{"@type":"EntryPoint","urlTemplate":"https:\/\/kidsplay.lt\/?s={search_term_string}"},"query-input":{"@type":"PropertyValueSpecification","valueRequired":true,"valueName":"search_term_string"}}],"inLanguage":"lv-LV"},{"@type":"Organization","@id":"https:\/\/kidsplay.lt\/#organization","name":"B\u0113rnu sp\u0113le","url":"https:\/\/kidsplay.lt\/","logo":{"@type":"ImageObject","inLanguage":"lv-LV","@id":"https:\/\/kidsplay.lt\/#\/schema\/logo\/image\/","url":"https:\/\/kidsplay.lt\/wp-content\/uploads\/2023\/07\/kidsplay-logo.png","contentUrl":"https:\/\/kidsplay.lt\/wp-content\/uploads\/2023\/07\/kidsplay-logo.png","width":451,"height":98,"caption":"KidsPlay"},"image":{"@id":"https:\/\/kidsplay.lt\/#\/schema\/logo\/image\/"},"sameAs":["https:\/\/www.facebook.com\/www.kidsplay.lt"]}]}},"_links":{"self":[{"href":"https:\/\/kidsplay.lt\/lv\/wp-json\/wp\/v2\/product\/77284","targetHints":{"allow":["GET"]}}],"collection":[{"href":"https:\/\/kidsplay.lt\/lv\/wp-json\/wp\/v2\/product"}],"about":[{"href":"https:\/\/kidsplay.lt\/lv\/wp-json\/wp\/v2\/types\/product"}],"version-history":[{"count":1,"href":"https:\/\/kidsplay.lt\/lv\/wp-json\/wp\/v2\/product\/77284\/revisions"}],"predecessor-version":[{"id":77285,"href":"https:\/\/kidsplay.lt\/lv\/wp-json\/wp\/v2\/product\/77284\/revisions\/77285"}],"wp:featuredmedia":[{"embeddable":true,"href":"https:\/\/kidsplay.lt\/lv\/wp-json\/wp\/v2\/media\/77286"}],"wp:attachment":[{"href":"https:\/\/kidsplay.lt\/lv\/wp-json\/wp\/v2\/media?parent=77284"}],"wp:term":[{"taxonomy":"product_brand","embeddable":true,"href":"https:\/\/kidsplay.lt\/lv\/wp-json\/wp\/v2\/product_brand?post=77284"},{"taxonomy":"product_cat","embeddable":true,"href":"https:\/\/kidsplay.lt\/lv\/wp-json\/wp\/v2\/product_cat?post=77284"},{"taxonomy":"product_tag","embeddable":true,"href":"https:\/\/kidsplay.lt\/lv\/wp-json\/wp\/v2\/product_tag?post=77284"}],"curies":[{"name":"wp","href":"https:\/\/api.w.org\/{rel}","templated":true}]}}