{"id":77289,"date":"2025-10-21T07:28:45","date_gmt":"2025-10-21T04:28:45","guid":{"rendered":"https:\/\/kidsplay.lt\/produktas\/woopie-burbulinis-pistoletas-91-skyle-rozinis\/"},"modified":"2026-04-13T14:24:27","modified_gmt":"2026-04-13T11:24:27","slug":"woopie-burbulinis-pistoletas-91-skyle-rozinis","status":"publish","type":"product","link":"https:\/\/kidsplay.lt\/lv\/products\/woopie-burbulinis-pistoletas-91-skyle-rozinis\/","title":{"rendered":"WOOPIE burbu\u013cu pistole, 91 caurums, roz\u0101"},"content":{"rendered":"<p>WOOPIE\u00a0burbul\u0173 pistoletas\u00a0\u00a0yra\u00a0puikus \u017eaislas vaikams.\u00a0D\u0117l\u00a091 skylut\u0117s burbulai i\u0161siskiria\u00a0dideliu grei\u010diu\u00a0. Muilo burbulai yra\u00a0\u00a0m\u0117gstama veikla\u00a0\u00a0tiek ma\u017eiems, tiek dideliems. \u0160is burbul\u0173 pistoletas yra\u00a0\u00a0puiki dovana\u00a0\u00a0, nes j\u012f\u00a0\u00a0lengva naudoti ir jis teikia daug d\u017eiaugsmo \u2013\u00a0vos vienu paspaudimu\u00a0\u00a0i\u0161 pistoleto i\u0161skrenda daugyb\u0117 burbul\u0173.\u00a0Rinkinyje taip pat yra dvi\u00a0talpyklos burbul\u0173 skys\u010dio\u00a0. \u0160is \u017eaislas puikiai tinka \u017eaisti tiek\u00a0viduje\u00a0, tiek\u00a0lauke\u00a0. Nor\u0117dami p\u016bsti burbulus, tiesiog \u012fd\u0117kite baterij\u0105, panardinkite pistolet\u0105 \u012f skyst\u012f ant pagrindo, paspauskite gaiduk\u0105 ir viskas! Akimirksniu tur\u0117site\u00a0gra\u017e\u0173, pasak\u0173 pasaul\u012f\u00a0, kuris\u00a0prad\u017eiugins tiek vaikus, tiek suaugusius.<\/p>\n<p>Rakstur\u012bgs:<\/p>\n<p> \t\u017daislas\u00a0\u00a0nuo 3 met\u0173 am\u017eiaus<br \/>\n \t91 skyl\u0117\u00a0leid\u017eia sukurti kelis burbulus vienu metu, tod\u0117l\u00a0atrodo \u012fsp\u016bdingai!<br \/>\n \tLED ap\u0161vietimas\u00a0\u2013 integruotas LED ap\u0161vietimas suteikia burbulams\u00a0gra\u017e\u0173 \u0161viesos efekt\u0105\u00a0, tod\u0117l jie tampa patrauklesni ir sukuria magi\u0161k\u0105 atmosfer\u0105.<br \/>\n \t\u00a0Efektyvus mechanizmas \u2013\u00a0d\u0117l efektyvios konstrukcijos pistoletas tolygiai i\u0161skiria burbuliuk\u0173 skyst\u012f per visas skylutes, o tai u\u017etikrina \u012fsp\u016bding\u0105 burbuliuk\u0173 ore efekt\u0105.<br \/>\n \tLengva naudoti ir u\u017etaisyti \u2013\u00a0ergonomi\u0161ka pistoleto rankena u\u017etikrina patog\u0173 su\u0117mim\u0105 ir tiksl\u0173 taikym\u0105si. Tiesiog pripildykite talpykl\u0105 skys\u010dio ir paspauskite gaiduk\u0105, kad prad\u0117tum\u0117te burbul\u0173 \u0161ou.<br \/>\n \tPatogus skystas padas<\/p>\n<p>Komplekt\u0101 ietilpst:<\/p>\n<p> \tMielas burbulinis pistoletas<br \/>\n \t1 skys\u010dio pagalv\u0117l\u0117<br \/>\n \t2 indeliai burbuliuk\u0173 skys\u010dio<br \/>\n \t\u012ekrovimo laidas<br \/>\n \tBaterija<br \/>\n \t91 skyl\u0117s dangtelis<\/p>","protected":false},"excerpt":{"rendered":"<p>WOOPIE\u00a0burbul\u0173 pistoletas\u00a0\u00a0yra\u00a0puikus \u017eaislas vaikams.\u00a0D\u0117l\u00a091 skylut\u0117s burbulai i\u0161siskiria\u00a0dideliu grei\u010diu\u00a0. Muilo burbulai yra\u00a0\u00a0m\u0117gstama veikla\u00a0\u00a0tiek ma\u017eiems, tiek dideliems. \u0160is burbul\u0173 pistoletas yra\u00a0\u00a0puiki dovana\u00a0\u00a0,<\/p>","protected":false},"featured_media":77291,"template":"","meta":{"_acf_changed":false,"_glsr_average":0,"_glsr_ranking":0,"_glsr_reviews":0},"product_brand":[],"product_cat":[233,430],"product_tag":[],"class_list":{"0":"post-77289","1":"product","2":"type-product","3":"status-publish","4":"has-post-thumbnail","6":"product_cat-lauko-pramogos","7":"product_cat-zaidimai-ir-linksmybes","8":"\"style=\"background-color: #2ecc711c;\"","10":"first","11":"instock","12":"purchasable","13":"product-type-simple"},"acf":[],"yoast_head":"<!-- This site is optimized with the Yoast SEO plugin v27.4 - https:\/\/yoast.com\/product\/yoast-seo-wordpress\/ -->\n<title>WOOPIE burbulinis pistoletas, 91 skyl\u0117, ro\u017einis<\/title>\n<meta name=\"description\" content=\"WOOPIE burbulinis pistoletas, 91 skyl\u0117, ro\u017einis - KidsPlay. Did\u017eiausias vaik\u0173 \u017eaisl\u0173 pasirinkimas.\" \/>\n<meta name=\"robots\" content=\"index, follow, max-snippet:-1, max-image-preview:large, max-video-preview:-1\" \/>\n<link rel=\"canonical\" href=\"https:\/\/kidsplay.lt\/lv\/products\/woopie-burbulinis-pistoletas-91-skyle-rozinis\/\" \/>\n<meta property=\"og:locale\" content=\"lv_LV\" \/>\n<meta property=\"og:type\" content=\"article\" \/>\n<meta property=\"og:title\" content=\"WOOPIE burbulinis pistoletas, 91 skyl\u0117, ro\u017einis\" \/>\n<meta property=\"og:description\" content=\"WOOPIE burbulinis pistoletas, 91 skyl\u0117, ro\u017einis - KidsPlay. Did\u017eiausias vaik\u0173 \u017eaisl\u0173 pasirinkimas.\" \/>\n<meta property=\"og:url\" content=\"https:\/\/kidsplay.lt\/lv\/products\/woopie-burbulinis-pistoletas-91-skyle-rozinis\/\" \/>\n<meta property=\"og:site_name\" content=\"KidsPlay\" \/>\n<meta property=\"article:publisher\" content=\"https:\/\/www.facebook.com\/www.kidsplay.lt\" \/>\n<meta property=\"article:modified_time\" content=\"2026-04-13T11:24:27+00:00\" \/>\n<meta property=\"og:image\" content=\"https:\/\/kidsplay.lt\/wp-content\/uploads\/2025\/10\/WOOPIE-burbulinis-pistoletas-91-skyle-rozinis.jpg\" \/>\n\t<meta property=\"og:image:width\" content=\"2560\" \/>\n\t<meta property=\"og:image:height\" content=\"2560\" \/>\n\t<meta property=\"og:image:type\" content=\"image\/jpeg\" \/>\n<meta name=\"twitter:card\" content=\"summary_large_image\" \/>\n<meta name=\"twitter:label1\" content=\"Est. reading time\" \/>\n\t<meta name=\"twitter:data1\" content=\"1 min\u016bte\" \/>\n<script type=\"application\/ld+json\" class=\"yoast-schema-graph\">{\"@context\":\"https:\\\/\\\/schema.org\",\"@graph\":[{\"@type\":\"WebPage\",\"@id\":\"https:\\\/\\\/kidsplay.lt\\\/produktas\\\/woopie-burbulinis-pistoletas-91-skyle-rozinis\\\/\",\"url\":\"https:\\\/\\\/kidsplay.lt\\\/produktas\\\/woopie-burbulinis-pistoletas-91-skyle-rozinis\\\/\",\"name\":\"WOOPIE burbulinis pistoletas, 91 skyl\u0117, ro\u017einis\",\"isPartOf\":{\"@id\":\"https:\\\/\\\/kidsplay.lt\\\/#website\"},\"primaryImageOfPage\":{\"@id\":\"https:\\\/\\\/kidsplay.lt\\\/produktas\\\/woopie-burbulinis-pistoletas-91-skyle-rozinis\\\/#primaryimage\"},\"image\":{\"@id\":\"https:\\\/\\\/kidsplay.lt\\\/produktas\\\/woopie-burbulinis-pistoletas-91-skyle-rozinis\\\/#primaryimage\"},\"thumbnailUrl\":\"https:\\\/\\\/kidsplay.lt\\\/wp-content\\\/uploads\\\/2025\\\/10\\\/WOOPIE-burbulinis-pistoletas-91-skyle-rozinis.jpg\",\"datePublished\":\"2025-10-21T04:28:45+00:00\",\"dateModified\":\"2026-04-13T11:24:27+00:00\",\"description\":\"WOOPIE burbulinis pistoletas, 91 skyl\u0117, ro\u017einis - KidsPlay. Did\u017eiausias vaik\u0173 \u017eaisl\u0173 pasirinkimas.\",\"breadcrumb\":{\"@id\":\"https:\\\/\\\/kidsplay.lt\\\/produktas\\\/woopie-burbulinis-pistoletas-91-skyle-rozinis\\\/#breadcrumb\"},\"inLanguage\":\"lv-LV\",\"potentialAction\":[{\"@type\":\"ReadAction\",\"target\":[\"https:\\\/\\\/kidsplay.lt\\\/produktas\\\/woopie-burbulinis-pistoletas-91-skyle-rozinis\\\/\"]}]},{\"@type\":\"ImageObject\",\"inLanguage\":\"lv-LV\",\"@id\":\"https:\\\/\\\/kidsplay.lt\\\/produktas\\\/woopie-burbulinis-pistoletas-91-skyle-rozinis\\\/#primaryimage\",\"url\":\"https:\\\/\\\/kidsplay.lt\\\/wp-content\\\/uploads\\\/2025\\\/10\\\/WOOPIE-burbulinis-pistoletas-91-skyle-rozinis.jpg\",\"contentUrl\":\"https:\\\/\\\/kidsplay.lt\\\/wp-content\\\/uploads\\\/2025\\\/10\\\/WOOPIE-burbulinis-pistoletas-91-skyle-rozinis.jpg\",\"width\":2560,\"height\":2560,\"caption\":\"WOOPIE burbulinis pistoletas\"},{\"@type\":\"BreadcrumbList\",\"@id\":\"https:\\\/\\\/kidsplay.lt\\\/produktas\\\/woopie-burbulinis-pistoletas-91-skyle-rozinis\\\/#breadcrumb\",\"itemListElement\":[{\"@type\":\"ListItem\",\"position\":1,\"name\":\"Pagrindinis\",\"item\":\"https:\\\/\\\/kidsplay.lt\\\/\"},{\"@type\":\"ListItem\",\"position\":2,\"name\":\"Parduotuv\u0117\",\"item\":\"https:\\\/\\\/kidsplay.lt\\\/parduotuve\\\/\"},{\"@type\":\"ListItem\",\"position\":3,\"name\":\"WOOPIE burbulinis pistoletas, 91 skyl\u0117, ro\u017einis\"}]},{\"@type\":\"WebSite\",\"@id\":\"https:\\\/\\\/kidsplay.lt\\\/#website\",\"url\":\"https:\\\/\\\/kidsplay.lt\\\/\",\"name\":\"Kidsplay.lt\",\"description\":\"\u012evairios prek\u0117s vaikams\",\"publisher\":{\"@id\":\"https:\\\/\\\/kidsplay.lt\\\/#organization\"},\"alternateName\":\"Kidsplay\",\"potentialAction\":[{\"@type\":\"SearchAction\",\"target\":{\"@type\":\"EntryPoint\",\"urlTemplate\":\"https:\\\/\\\/kidsplay.lt\\\/?s={search_term_string}\"},\"query-input\":{\"@type\":\"PropertyValueSpecification\",\"valueRequired\":true,\"valueName\":\"search_term_string\"}}],\"inLanguage\":\"lv-LV\"},{\"@type\":\"Organization\",\"@id\":\"https:\\\/\\\/kidsplay.lt\\\/#organization\",\"name\":\"KidsPlay\",\"url\":\"https:\\\/\\\/kidsplay.lt\\\/\",\"logo\":{\"@type\":\"ImageObject\",\"inLanguage\":\"lv-LV\",\"@id\":\"https:\\\/\\\/kidsplay.lt\\\/#\\\/schema\\\/logo\\\/image\\\/\",\"url\":\"https:\\\/\\\/kidsplay.lt\\\/wp-content\\\/uploads\\\/2023\\\/07\\\/kidsplay-logo.png\",\"contentUrl\":\"https:\\\/\\\/kidsplay.lt\\\/wp-content\\\/uploads\\\/2023\\\/07\\\/kidsplay-logo.png\",\"width\":451,\"height\":98,\"caption\":\"KidsPlay\"},\"image\":{\"@id\":\"https:\\\/\\\/kidsplay.lt\\\/#\\\/schema\\\/logo\\\/image\\\/\"},\"sameAs\":[\"https:\\\/\\\/www.facebook.com\\\/www.kidsplay.lt\"]}]}<\/script>\n<!-- \/ Yoast SEO plugin. -->","yoast_head_json":{"title":"WOOPIE burbu\u013cu pistole, 91 caurums, roz\u0101","description":"WOOPIE burbulinis pistoletas, 91 skyl\u0117, ro\u017einis - KidsPlay. Did\u017eiausias vaik\u0173 \u017eaisl\u0173 pasirinkimas.","robots":{"index":"index","follow":"follow","max-snippet":"max-snippet:-1","max-image-preview":"max-image-preview:large","max-video-preview":"max-video-preview:-1"},"canonical":"https:\/\/kidsplay.lt\/lv\/products\/woopie-burbulinis-pistoletas-91-skyle-rozinis\/","og_locale":"lv_LV","og_type":"article","og_title":"WOOPIE burbulinis pistoletas, 91 skyl\u0117, ro\u017einis","og_description":"WOOPIE burbulinis pistoletas, 91 skyl\u0117, ro\u017einis - KidsPlay. Did\u017eiausias vaik\u0173 \u017eaisl\u0173 pasirinkimas.","og_url":"https:\/\/kidsplay.lt\/lv\/products\/woopie-burbulinis-pistoletas-91-skyle-rozinis\/","og_site_name":"KidsPlay","article_publisher":"https:\/\/www.facebook.com\/www.kidsplay.lt","article_modified_time":"2026-04-13T11:24:27+00:00","og_image":[{"width":2560,"height":2560,"url":"https:\/\/kidsplay.lt\/wp-content\/uploads\/2025\/10\/WOOPIE-burbulinis-pistoletas-91-skyle-rozinis.jpg","type":"image\/jpeg"}],"twitter_card":"summary_large_image","twitter_misc":{"Est. reading time":"1 min\u016bte"},"schema":{"@context":"https:\/\/schema.org","@graph":[{"@type":"WebPage","@id":"https:\/\/kidsplay.lt\/produktas\/woopie-burbulinis-pistoletas-91-skyle-rozinis\/","url":"https:\/\/kidsplay.lt\/produktas\/woopie-burbulinis-pistoletas-91-skyle-rozinis\/","name":"WOOPIE burbu\u013cu pistole, 91 caurums, roz\u0101","isPartOf":{"@id":"https:\/\/kidsplay.lt\/#website"},"primaryImageOfPage":{"@id":"https:\/\/kidsplay.lt\/produktas\/woopie-burbulinis-pistoletas-91-skyle-rozinis\/#primaryimage"},"image":{"@id":"https:\/\/kidsplay.lt\/produktas\/woopie-burbulinis-pistoletas-91-skyle-rozinis\/#primaryimage"},"thumbnailUrl":"https:\/\/kidsplay.lt\/wp-content\/uploads\/2025\/10\/WOOPIE-burbulinis-pistoletas-91-skyle-rozinis.jpg","datePublished":"2025-10-21T04:28:45+00:00","dateModified":"2026-04-13T11:24:27+00:00","description":"WOOPIE burbulinis pistoletas, 91 skyl\u0117, ro\u017einis - KidsPlay. Did\u017eiausias vaik\u0173 \u017eaisl\u0173 pasirinkimas.","breadcrumb":{"@id":"https:\/\/kidsplay.lt\/produktas\/woopie-burbulinis-pistoletas-91-skyle-rozinis\/#breadcrumb"},"inLanguage":"lv-LV","potentialAction":[{"@type":"ReadAction","target":["https:\/\/kidsplay.lt\/produktas\/woopie-burbulinis-pistoletas-91-skyle-rozinis\/"]}]},{"@type":"ImageObject","inLanguage":"lv-LV","@id":"https:\/\/kidsplay.lt\/produktas\/woopie-burbulinis-pistoletas-91-skyle-rozinis\/#primaryimage","url":"https:\/\/kidsplay.lt\/wp-content\/uploads\/2025\/10\/WOOPIE-burbulinis-pistoletas-91-skyle-rozinis.jpg","contentUrl":"https:\/\/kidsplay.lt\/wp-content\/uploads\/2025\/10\/WOOPIE-burbulinis-pistoletas-91-skyle-rozinis.jpg","width":2560,"height":2560,"caption":"WOOPIE burbulinis pistoletas"},{"@type":"BreadcrumbList","@id":"https:\/\/kidsplay.lt\/produktas\/woopie-burbulinis-pistoletas-91-skyle-rozinis\/#breadcrumb","itemListElement":[{"@type":"ListItem","position":1,"name":"Pagrindinis","item":"https:\/\/kidsplay.lt\/"},{"@type":"ListItem","position":2,"name":"Parduotuv\u0117","item":"https:\/\/kidsplay.lt\/parduotuve\/"},{"@type":"ListItem","position":3,"name":"WOOPIE burbulinis pistoletas, 91 skyl\u0117, ro\u017einis"}]},{"@type":"WebSite","@id":"https:\/\/kidsplay.lt\/#website","url":"https:\/\/kidsplay.lt\/","name":"B\u0113rnu sp\u0113les.lv","description":"\u012evairios prek\u0117s vaikams","publisher":{"@id":"https:\/\/kidsplay.lt\/#organization"},"alternateName":"Kidsplay","potentialAction":[{"@type":"SearchAction","target":{"@type":"EntryPoint","urlTemplate":"https:\/\/kidsplay.lt\/?s={search_term_string}"},"query-input":{"@type":"PropertyValueSpecification","valueRequired":true,"valueName":"search_term_string"}}],"inLanguage":"lv-LV"},{"@type":"Organization","@id":"https:\/\/kidsplay.lt\/#organization","name":"B\u0113rnu sp\u0113le","url":"https:\/\/kidsplay.lt\/","logo":{"@type":"ImageObject","inLanguage":"lv-LV","@id":"https:\/\/kidsplay.lt\/#\/schema\/logo\/image\/","url":"https:\/\/kidsplay.lt\/wp-content\/uploads\/2023\/07\/kidsplay-logo.png","contentUrl":"https:\/\/kidsplay.lt\/wp-content\/uploads\/2023\/07\/kidsplay-logo.png","width":451,"height":98,"caption":"KidsPlay"},"image":{"@id":"https:\/\/kidsplay.lt\/#\/schema\/logo\/image\/"},"sameAs":["https:\/\/www.facebook.com\/www.kidsplay.lt"]}]}},"_links":{"self":[{"href":"https:\/\/kidsplay.lt\/lv\/wp-json\/wp\/v2\/product\/77289","targetHints":{"allow":["GET"]}}],"collection":[{"href":"https:\/\/kidsplay.lt\/lv\/wp-json\/wp\/v2\/product"}],"about":[{"href":"https:\/\/kidsplay.lt\/lv\/wp-json\/wp\/v2\/types\/product"}],"version-history":[{"count":1,"href":"https:\/\/kidsplay.lt\/lv\/wp-json\/wp\/v2\/product\/77289\/revisions"}],"predecessor-version":[{"id":77290,"href":"https:\/\/kidsplay.lt\/lv\/wp-json\/wp\/v2\/product\/77289\/revisions\/77290"}],"wp:featuredmedia":[{"embeddable":true,"href":"https:\/\/kidsplay.lt\/lv\/wp-json\/wp\/v2\/media\/77291"}],"wp:attachment":[{"href":"https:\/\/kidsplay.lt\/lv\/wp-json\/wp\/v2\/media?parent=77289"}],"wp:term":[{"taxonomy":"product_brand","embeddable":true,"href":"https:\/\/kidsplay.lt\/lv\/wp-json\/wp\/v2\/product_brand?post=77289"},{"taxonomy":"product_cat","embeddable":true,"href":"https:\/\/kidsplay.lt\/lv\/wp-json\/wp\/v2\/product_cat?post=77289"},{"taxonomy":"product_tag","embeddable":true,"href":"https:\/\/kidsplay.lt\/lv\/wp-json\/wp\/v2\/product_tag?post=77289"}],"curies":[{"name":"wp","href":"https:\/\/api.w.org\/{rel}","templated":true}]}}