{"id":77366,"date":"2025-10-21T07:32:49","date_gmt":"2025-10-21T04:32:49","guid":{"rendered":"https:\/\/kidsplay.lt\/produktas\/little-tikes-car-grand-coupe-sport\/"},"modified":"2026-04-13T14:24:48","modified_gmt":"2026-04-13T11:24:48","slug":"little-tikes-car-grand-coupe-sport","status":"publish","type":"product","link":"https:\/\/kidsplay.lt\/lv\/products\/little-tikes-car-grand-coupe-sport\/","title":{"rendered":"Little Tikes Car Grand Coupe Sport"},"content":{"rendered":"<p>Raksturojums:<\/p>\n<p> \t-Automobilis\u00a0jis turi juoking\u0105 veid\u0105 ir tikro dinozauro elementus, kurie suteikia jam charakter\u012f, kuris skatina k\u016brybin\u012f linksmum\u0105.<br \/>\n \t&#8211; Automobil\u012f galima pajudinti k\u016bdikio kojomis<br \/>\n \t&#8211;\u00a0vairas su ragu<br \/>\n \t&#8211; atidaromas kuro u\u017epildo sklend\u0117<br \/>\n \t&#8211; u\u017erakinamos vairuotojo durys<br \/>\n \t&#8211; nuimamos grindys<br \/>\n \t&#8211; priekiniai ratai sukasi 360\u00b0<br \/>\n \t&#8211; transporto priemon\u0117s b\u0117gi\u0173 kelio valdymo rankena\u00a0pagal suaugus\u012fj\u012f<\/p>\n<p>\u012emon\u0117s Produktai\u00a0&#8222;Little Tikes&#8221;\u00a0jie \u017einomi ir m\u0117gstami visuose \u017eemynuose, daugelyje nam\u0173 tarp nesuskai\u010diuojam\u0173 besi\u0161ypsan\u010di\u0173 vaik\u0173 ir patenkint\u0173 t\u0117v\u0173.\u00a0&#8222;Little Tikes&#8221; kompanija gamina produktus, kurie garantuoja visus b\u016btinus saugos standartus. Atsi\u017evelgiant \u012f gamini\u0173 ilgaam\u017ei\u0161kum\u0105, \u017eaislai yra kuriami ir gaminami naudojant tinkamiausi\u0105 technologij\u0105, kuri yra \u201erotomolding\u201c, garantuojanti didel\u012f smagum\u0105 daugel\u012f met\u0173.<\/p>","protected":false},"excerpt":{"rendered":"<p>Charakteristikos: -Automobilis\u00a0jis turi juoking\u0105 veid\u0105 ir tikro dinozauro elementus, kurie suteikia jam charakter\u012f, kuris skatina k\u016brybin\u012f linksmum\u0105. &#8211; Automobil\u012f galima<\/p>","protected":false},"featured_media":77368,"template":"","meta":{"_acf_changed":false,"_glsr_average":0,"_glsr_ranking":0,"_glsr_reviews":0},"product_brand":[],"product_cat":[237,238],"product_tag":[],"class_list":{"0":"post-77366","1":"product","2":"type-product","3":"status-publish","4":"has-post-thumbnail","6":"product_cat-judejimo-priemones","7":"product_cat-stumdomos-masineles","8":"\"style=\"background-color: #2ecc711c;\"","10":"first","11":"instock","12":"purchasable","13":"product-type-simple"},"acf":[],"yoast_head":"<!-- This site is optimized with the Yoast SEO plugin v27.4 - https:\/\/yoast.com\/product\/yoast-seo-wordpress\/ -->\n<title>Little Tikes Car Grand Coupe Sport<\/title>\n<meta name=\"description\" content=\"Little Tikes Car Grand Coupe Sport - KidsPlay. Did\u017eiausias vaik\u0173 \u017eaisl\u0173 pasirinkimas.\" \/>\n<meta name=\"robots\" content=\"index, follow, max-snippet:-1, max-image-preview:large, max-video-preview:-1\" \/>\n<link rel=\"canonical\" href=\"https:\/\/kidsplay.lt\/lv\/products\/little-tikes-car-grand-coupe-sport\/\" \/>\n<meta property=\"og:locale\" content=\"lv_LV\" \/>\n<meta property=\"og:type\" content=\"article\" \/>\n<meta property=\"og:title\" content=\"Little Tikes Car Grand Coupe Sport\" \/>\n<meta property=\"og:description\" content=\"Little Tikes Car Grand Coupe Sport - KidsPlay. Did\u017eiausias vaik\u0173 \u017eaisl\u0173 pasirinkimas.\" \/>\n<meta property=\"og:url\" content=\"https:\/\/kidsplay.lt\/lv\/products\/little-tikes-car-grand-coupe-sport\/\" \/>\n<meta property=\"og:site_name\" content=\"KidsPlay\" \/>\n<meta property=\"article:publisher\" content=\"https:\/\/www.facebook.com\/www.kidsplay.lt\" \/>\n<meta property=\"article:modified_time\" content=\"2026-04-13T11:24:48+00:00\" \/>\n<meta property=\"og:image\" content=\"https:\/\/kidsplay.lt\/wp-content\/uploads\/2025\/10\/Little-Tikes-Car-Grand-Coupe-Sport.jpg\" \/>\n\t<meta property=\"og:image:width\" content=\"594\" \/>\n\t<meta property=\"og:image:height\" content=\"480\" \/>\n\t<meta property=\"og:image:type\" content=\"image\/jpeg\" \/>\n<meta name=\"twitter:card\" content=\"summary_large_image\" \/>\n<meta name=\"twitter:label1\" content=\"Est. reading time\" \/>\n\t<meta name=\"twitter:data1\" content=\"1 min\u016bte\" \/>\n<script type=\"application\/ld+json\" class=\"yoast-schema-graph\">{\"@context\":\"https:\\\/\\\/schema.org\",\"@graph\":[{\"@type\":\"WebPage\",\"@id\":\"https:\\\/\\\/kidsplay.lt\\\/produktas\\\/little-tikes-car-grand-coupe-sport\\\/\",\"url\":\"https:\\\/\\\/kidsplay.lt\\\/produktas\\\/little-tikes-car-grand-coupe-sport\\\/\",\"name\":\"Little Tikes Car Grand Coupe Sport\",\"isPartOf\":{\"@id\":\"https:\\\/\\\/kidsplay.lt\\\/#website\"},\"primaryImageOfPage\":{\"@id\":\"https:\\\/\\\/kidsplay.lt\\\/produktas\\\/little-tikes-car-grand-coupe-sport\\\/#primaryimage\"},\"image\":{\"@id\":\"https:\\\/\\\/kidsplay.lt\\\/produktas\\\/little-tikes-car-grand-coupe-sport\\\/#primaryimage\"},\"thumbnailUrl\":\"https:\\\/\\\/kidsplay.lt\\\/wp-content\\\/uploads\\\/2025\\\/10\\\/Little-Tikes-Car-Grand-Coupe-Sport.jpg\",\"datePublished\":\"2025-10-21T04:32:49+00:00\",\"dateModified\":\"2026-04-13T11:24:48+00:00\",\"description\":\"Little Tikes Car Grand Coupe Sport - KidsPlay. Did\u017eiausias vaik\u0173 \u017eaisl\u0173 pasirinkimas.\",\"breadcrumb\":{\"@id\":\"https:\\\/\\\/kidsplay.lt\\\/produktas\\\/little-tikes-car-grand-coupe-sport\\\/#breadcrumb\"},\"inLanguage\":\"lv-LV\",\"potentialAction\":[{\"@type\":\"ReadAction\",\"target\":[\"https:\\\/\\\/kidsplay.lt\\\/produktas\\\/little-tikes-car-grand-coupe-sport\\\/\"]}]},{\"@type\":\"ImageObject\",\"inLanguage\":\"lv-LV\",\"@id\":\"https:\\\/\\\/kidsplay.lt\\\/produktas\\\/little-tikes-car-grand-coupe-sport\\\/#primaryimage\",\"url\":\"https:\\\/\\\/kidsplay.lt\\\/wp-content\\\/uploads\\\/2025\\\/10\\\/Little-Tikes-Car-Grand-Coupe-Sport.jpg\",\"contentUrl\":\"https:\\\/\\\/kidsplay.lt\\\/wp-content\\\/uploads\\\/2025\\\/10\\\/Little-Tikes-Car-Grand-Coupe-Sport.jpg\",\"width\":594,\"height\":480,\"caption\":\"Little Tikes Car Grand Coupe Sport\"},{\"@type\":\"BreadcrumbList\",\"@id\":\"https:\\\/\\\/kidsplay.lt\\\/produktas\\\/little-tikes-car-grand-coupe-sport\\\/#breadcrumb\",\"itemListElement\":[{\"@type\":\"ListItem\",\"position\":1,\"name\":\"Pagrindinis\",\"item\":\"https:\\\/\\\/kidsplay.lt\\\/\"},{\"@type\":\"ListItem\",\"position\":2,\"name\":\"Parduotuv\u0117\",\"item\":\"https:\\\/\\\/kidsplay.lt\\\/parduotuve\\\/\"},{\"@type\":\"ListItem\",\"position\":3,\"name\":\"Little Tikes Car Grand Coupe Sport\"}]},{\"@type\":\"WebSite\",\"@id\":\"https:\\\/\\\/kidsplay.lt\\\/#website\",\"url\":\"https:\\\/\\\/kidsplay.lt\\\/\",\"name\":\"Kidsplay.lt\",\"description\":\"\u012evairios prek\u0117s vaikams\",\"publisher\":{\"@id\":\"https:\\\/\\\/kidsplay.lt\\\/#organization\"},\"alternateName\":\"Kidsplay\",\"potentialAction\":[{\"@type\":\"SearchAction\",\"target\":{\"@type\":\"EntryPoint\",\"urlTemplate\":\"https:\\\/\\\/kidsplay.lt\\\/?s={search_term_string}\"},\"query-input\":{\"@type\":\"PropertyValueSpecification\",\"valueRequired\":true,\"valueName\":\"search_term_string\"}}],\"inLanguage\":\"lv-LV\"},{\"@type\":\"Organization\",\"@id\":\"https:\\\/\\\/kidsplay.lt\\\/#organization\",\"name\":\"KidsPlay\",\"url\":\"https:\\\/\\\/kidsplay.lt\\\/\",\"logo\":{\"@type\":\"ImageObject\",\"inLanguage\":\"lv-LV\",\"@id\":\"https:\\\/\\\/kidsplay.lt\\\/#\\\/schema\\\/logo\\\/image\\\/\",\"url\":\"https:\\\/\\\/kidsplay.lt\\\/wp-content\\\/uploads\\\/2023\\\/07\\\/kidsplay-logo.png\",\"contentUrl\":\"https:\\\/\\\/kidsplay.lt\\\/wp-content\\\/uploads\\\/2023\\\/07\\\/kidsplay-logo.png\",\"width\":451,\"height\":98,\"caption\":\"KidsPlay\"},\"image\":{\"@id\":\"https:\\\/\\\/kidsplay.lt\\\/#\\\/schema\\\/logo\\\/image\\\/\"},\"sameAs\":[\"https:\\\/\\\/www.facebook.com\\\/www.kidsplay.lt\"]}]}<\/script>\n<!-- \/ Yoast SEO plugin. -->","yoast_head_json":{"title":"Little Tikes Car Grand Coupe Sport","description":"Little Tikes Car Grand Coupe Sport - KidsPlay. Did\u017eiausias vaik\u0173 \u017eaisl\u0173 pasirinkimas.","robots":{"index":"index","follow":"follow","max-snippet":"max-snippet:-1","max-image-preview":"max-image-preview:large","max-video-preview":"max-video-preview:-1"},"canonical":"https:\/\/kidsplay.lt\/lv\/products\/little-tikes-car-grand-coupe-sport\/","og_locale":"lv_LV","og_type":"article","og_title":"Little Tikes Car Grand Coupe Sport","og_description":"Little Tikes Car Grand Coupe Sport - KidsPlay. Did\u017eiausias vaik\u0173 \u017eaisl\u0173 pasirinkimas.","og_url":"https:\/\/kidsplay.lt\/lv\/products\/little-tikes-car-grand-coupe-sport\/","og_site_name":"KidsPlay","article_publisher":"https:\/\/www.facebook.com\/www.kidsplay.lt","article_modified_time":"2026-04-13T11:24:48+00:00","og_image":[{"width":594,"height":480,"url":"https:\/\/kidsplay.lt\/wp-content\/uploads\/2025\/10\/Little-Tikes-Car-Grand-Coupe-Sport.jpg","type":"image\/jpeg"}],"twitter_card":"summary_large_image","twitter_misc":{"Est. reading time":"1 min\u016bte"},"schema":{"@context":"https:\/\/schema.org","@graph":[{"@type":"WebPage","@id":"https:\/\/kidsplay.lt\/produktas\/little-tikes-car-grand-coupe-sport\/","url":"https:\/\/kidsplay.lt\/produktas\/little-tikes-car-grand-coupe-sport\/","name":"Little Tikes Car Grand Coupe Sport","isPartOf":{"@id":"https:\/\/kidsplay.lt\/#website"},"primaryImageOfPage":{"@id":"https:\/\/kidsplay.lt\/produktas\/little-tikes-car-grand-coupe-sport\/#primaryimage"},"image":{"@id":"https:\/\/kidsplay.lt\/produktas\/little-tikes-car-grand-coupe-sport\/#primaryimage"},"thumbnailUrl":"https:\/\/kidsplay.lt\/wp-content\/uploads\/2025\/10\/Little-Tikes-Car-Grand-Coupe-Sport.jpg","datePublished":"2025-10-21T04:32:49+00:00","dateModified":"2026-04-13T11:24:48+00:00","description":"Little Tikes Car Grand Coupe Sport - KidsPlay. Did\u017eiausias vaik\u0173 \u017eaisl\u0173 pasirinkimas.","breadcrumb":{"@id":"https:\/\/kidsplay.lt\/produktas\/little-tikes-car-grand-coupe-sport\/#breadcrumb"},"inLanguage":"lv-LV","potentialAction":[{"@type":"ReadAction","target":["https:\/\/kidsplay.lt\/produktas\/little-tikes-car-grand-coupe-sport\/"]}]},{"@type":"ImageObject","inLanguage":"lv-LV","@id":"https:\/\/kidsplay.lt\/produktas\/little-tikes-car-grand-coupe-sport\/#primaryimage","url":"https:\/\/kidsplay.lt\/wp-content\/uploads\/2025\/10\/Little-Tikes-Car-Grand-Coupe-Sport.jpg","contentUrl":"https:\/\/kidsplay.lt\/wp-content\/uploads\/2025\/10\/Little-Tikes-Car-Grand-Coupe-Sport.jpg","width":594,"height":480,"caption":"Little Tikes Car Grand Coupe Sport"},{"@type":"BreadcrumbList","@id":"https:\/\/kidsplay.lt\/produktas\/little-tikes-car-grand-coupe-sport\/#breadcrumb","itemListElement":[{"@type":"ListItem","position":1,"name":"Pagrindinis","item":"https:\/\/kidsplay.lt\/"},{"@type":"ListItem","position":2,"name":"Parduotuv\u0117","item":"https:\/\/kidsplay.lt\/parduotuve\/"},{"@type":"ListItem","position":3,"name":"Little Tikes Car Grand Coupe Sport"}]},{"@type":"WebSite","@id":"https:\/\/kidsplay.lt\/#website","url":"https:\/\/kidsplay.lt\/","name":"B\u0113rnu sp\u0113les.lv","description":"\u012evairios prek\u0117s vaikams","publisher":{"@id":"https:\/\/kidsplay.lt\/#organization"},"alternateName":"Kidsplay","potentialAction":[{"@type":"SearchAction","target":{"@type":"EntryPoint","urlTemplate":"https:\/\/kidsplay.lt\/?s={search_term_string}"},"query-input":{"@type":"PropertyValueSpecification","valueRequired":true,"valueName":"search_term_string"}}],"inLanguage":"lv-LV"},{"@type":"Organization","@id":"https:\/\/kidsplay.lt\/#organization","name":"B\u0113rnu sp\u0113le","url":"https:\/\/kidsplay.lt\/","logo":{"@type":"ImageObject","inLanguage":"lv-LV","@id":"https:\/\/kidsplay.lt\/#\/schema\/logo\/image\/","url":"https:\/\/kidsplay.lt\/wp-content\/uploads\/2023\/07\/kidsplay-logo.png","contentUrl":"https:\/\/kidsplay.lt\/wp-content\/uploads\/2023\/07\/kidsplay-logo.png","width":451,"height":98,"caption":"KidsPlay"},"image":{"@id":"https:\/\/kidsplay.lt\/#\/schema\/logo\/image\/"},"sameAs":["https:\/\/www.facebook.com\/www.kidsplay.lt"]}]}},"_links":{"self":[{"href":"https:\/\/kidsplay.lt\/lv\/wp-json\/wp\/v2\/product\/77366","targetHints":{"allow":["GET"]}}],"collection":[{"href":"https:\/\/kidsplay.lt\/lv\/wp-json\/wp\/v2\/product"}],"about":[{"href":"https:\/\/kidsplay.lt\/lv\/wp-json\/wp\/v2\/types\/product"}],"version-history":[{"count":1,"href":"https:\/\/kidsplay.lt\/lv\/wp-json\/wp\/v2\/product\/77366\/revisions"}],"predecessor-version":[{"id":77367,"href":"https:\/\/kidsplay.lt\/lv\/wp-json\/wp\/v2\/product\/77366\/revisions\/77367"}],"wp:featuredmedia":[{"embeddable":true,"href":"https:\/\/kidsplay.lt\/lv\/wp-json\/wp\/v2\/media\/77368"}],"wp:attachment":[{"href":"https:\/\/kidsplay.lt\/lv\/wp-json\/wp\/v2\/media?parent=77366"}],"wp:term":[{"taxonomy":"product_brand","embeddable":true,"href":"https:\/\/kidsplay.lt\/lv\/wp-json\/wp\/v2\/product_brand?post=77366"},{"taxonomy":"product_cat","embeddable":true,"href":"https:\/\/kidsplay.lt\/lv\/wp-json\/wp\/v2\/product_cat?post=77366"},{"taxonomy":"product_tag","embeddable":true,"href":"https:\/\/kidsplay.lt\/lv\/wp-json\/wp\/v2\/product_tag?post=77366"}],"curies":[{"name":"wp","href":"https:\/\/api.w.org\/{rel}","templated":true}]}}