{"id":77373,"date":"2025-10-21T07:33:08","date_gmt":"2025-10-21T04:33:08","guid":{"rendered":"https:\/\/kidsplay.lt\/produktas\/rolly-toys-rolljunior-pedal-traktorius-john-deere\/"},"modified":"2026-04-13T14:24:53","modified_gmt":"2026-04-13T11:24:53","slug":"rolly-toys-rolljunior-pedal-traktorius-john-deere","status":"publish","type":"product","link":"https:\/\/kidsplay.lt\/lv\/products\/rolly-toys-rolljunior-pedal-traktorius-john-deere\/","title":{"rendered":"Rolly Toys rollJunior Pedal Traktorius John Deere"},"content":{"rendered":"<p>Traktorius\u00a0rollyjunior\u00a0pagaminta pagal licencij\u0105\u00a0D\u017eonas deeras\u00a0su \u0161auk\u0161tu ir priekaba i\u0161 prek\u0117s \u017eenklo\u00a0Rolly \u017daislai\u00a0tai vienas geriausi\u0173 rinkoje parduodam\u0173 k\u016bdiki\u0173 traktori\u0173. \u017daislas yra daugelio ma\u017e\u0173 traktori\u0173 svajon\u0117s i\u0161sipildymas. Kruop\u0161\u010diai padaryta, atkreipiant d\u0117mes\u012f \u012f smulkiausi\u0105 detal\u0119. N\u0117 vienas tikras \u016bkininkas jo nepaniekint\u0173. Puiki dovana bet kokiai progai. \u0160is \u017ealias pedalinis traktorius yra tobulas \u017eaislas vaikams nuo 3 met\u0173. \u017daislas tarnaus J\u016bs\u0173 vaikams ne vienerius metus, suteikdamas jiems ne tik labai smagiai, bet ir lavindamas j\u0173 motorinius \u012fg\u016bd\u017eius bei motorin\u0119 koordinacij\u0105. Traktoriaus konstrukcija garantuoja piln\u0105\u00a0saugumas\u00a0smagiai d\u0117kodami\u00a0\u012fmontuota mechanin\u0117 sistema(kuri apsaugo vaik\u0105 nuo nelaiming\u0173 atsitikim\u0173 su\u017ealojim\u0173. Papildomai pakeliamas traktoriaus gaubtas, tod\u0117l vaikas gali \u017eaisti remontuodamas savo transporto priemon\u0119. Papildomos funkcijos, tokios kaip\u00a0judantis kau\u0161as\u00a0ir\u00a0nuimama priekaba, pa\u012fvairinkite linksmybes, leisdami vaikui gabenti \u012fvairius daiktus ir imituoti darb\u0105 \u016bkyje.\u00a0Atidarymo priekin\u0117 kauk\u0117\u00a0tai prideda realizmo ir leid\u017eia j\u016bs\u0173 vaikui dar interaktyviau linksmintis. Hubcaps ir tvirtos grandin\u0117s perdavimo mechanizmas u\u017etikrina \u017eaislo ilgaam\u017ei\u0161kum\u0105 ir patikimum\u0105.<\/p>\n<p>APIB\u016aDINIMAS:<\/p>\n<p>&#8211; Atlikta\u00a0licencijuota\u00a0john Deere, vienas did\u017eiausi\u0173 \u017eem\u0117s \u016bkio \u012frangos gamintoj\u0173 Europoje<br \/>\n&#8211;\u00a0Kilnojamasis\u00a0\u0161auk\u0161tas\u00a0&#8211;\u00a0tai leid\u017eia vaikams imituoti darb\u0105 statybviet\u0117je ar \u016bkyje, o tai lavina j\u0173 vaizduot\u0119 ir rankinius \u012fg\u016bd\u017eius<br \/>\n&#8211; Priekabos galin\u0117 pus\u0117 atsidaro<br \/>\n&#8211; Reguliuojama s\u0117dyn\u0117, reguliuojama pagal vaiko am\u017ei\u0173<br \/>\n&#8211; Gaminys pagamintas i\u0161 auk\u0161tos kokyb\u0117s plastiko, lengvai palaikomas \u0161varus<br \/>\n&#8211; Visa mechanin\u0117 sistema yra saugiai \u012fmontuota, kuri apsaugo vaik\u0105 nuo atsitiktini\u0173 su\u017ealojim\u0173<br \/>\n&#8211; Turi galin\u012f kabl\u012f &#8211;\u00a0jo d\u0117ka galite pritvirtinti papildomus priedus ar priekabas, o tai padidina traktoriaus funkcionalum\u0105.<br \/>\n&#8211; \u012erengtas grandin\u0117s perdavimo mechanizmas<br \/>\n&#8211; Sukta priekin\u0117 a\u0161is.<\/p>","protected":false},"excerpt":{"rendered":"<p>Traktorius\u00a0rollyjunior\u00a0pagaminta pagal licencij\u0105\u00a0D\u017eonas deeras\u00a0su \u0161auk\u0161tu ir priekaba i\u0161 prek\u0117s \u017eenklo\u00a0Rolly \u017daislai\u00a0tai vienas geriausi\u0173 rinkoje parduodam\u0173 k\u016bdiki\u0173 traktori\u0173. \u017daislas yra daugelio<\/p>","protected":false},"featured_media":77375,"template":"","meta":{"_acf_changed":false,"_glsr_average":0,"_glsr_ranking":0,"_glsr_reviews":0},"product_brand":[],"product_cat":[237,393],"product_tag":[],"class_list":{"0":"post-77373","1":"product","2":"type-product","3":"status-publish","4":"has-post-thumbnail","6":"product_cat-judejimo-priemones","7":"product_cat-zaisliniai-traktoriai","8":"\"style=\"background-color: #2ecc711c;\"","10":"first","11":"instock","12":"purchasable","13":"product-type-simple"},"acf":[],"yoast_head":"<!-- This site is optimized with the Yoast SEO plugin v27.4 - https:\/\/yoast.com\/product\/yoast-seo-wordpress\/ -->\n<title>Rolly Toys rollJunior Pedal Traktorius John Deere<\/title>\n<meta name=\"description\" content=\"Rolly Toys rollJunior Pedal Traktorius John Deere - KidsPlay. Did\u017eiausias vaik\u0173 \u017eaisl\u0173 pasirinkimas.\" \/>\n<meta name=\"robots\" content=\"index, follow, max-snippet:-1, max-image-preview:large, max-video-preview:-1\" \/>\n<link rel=\"canonical\" href=\"https:\/\/kidsplay.lt\/lv\/products\/rolly-toys-rolljunior-pedal-traktorius-john-deere\/\" \/>\n<meta property=\"og:locale\" content=\"lv_LV\" \/>\n<meta property=\"og:type\" content=\"article\" \/>\n<meta property=\"og:title\" content=\"Rolly Toys rollJunior Pedal Traktorius John Deere\" \/>\n<meta property=\"og:description\" content=\"Rolly Toys rollJunior Pedal Traktorius John Deere - KidsPlay. Did\u017eiausias vaik\u0173 \u017eaisl\u0173 pasirinkimas.\" \/>\n<meta property=\"og:url\" content=\"https:\/\/kidsplay.lt\/lv\/products\/rolly-toys-rolljunior-pedal-traktorius-john-deere\/\" \/>\n<meta property=\"og:site_name\" content=\"KidsPlay\" \/>\n<meta property=\"article:publisher\" content=\"https:\/\/www.facebook.com\/www.kidsplay.lt\" \/>\n<meta property=\"article:modified_time\" content=\"2026-04-13T11:24:53+00:00\" \/>\n<meta property=\"og:image\" content=\"https:\/\/kidsplay.lt\/wp-content\/uploads\/2025\/10\/Rolly-Toys-rollJunior-Pedal-Traktorius-John-Deere.jpg\" \/>\n\t<meta property=\"og:image:width\" content=\"1024\" \/>\n\t<meta property=\"og:image:height\" content=\"1024\" \/>\n\t<meta property=\"og:image:type\" content=\"image\/jpeg\" \/>\n<meta name=\"twitter:card\" content=\"summary_large_image\" \/>\n<meta name=\"twitter:label1\" content=\"Est. reading time\" \/>\n\t<meta name=\"twitter:data1\" content=\"1 min\u016bte\" \/>\n<script type=\"application\/ld+json\" class=\"yoast-schema-graph\">{\"@context\":\"https:\\\/\\\/schema.org\",\"@graph\":[{\"@type\":\"WebPage\",\"@id\":\"https:\\\/\\\/kidsplay.lt\\\/produktas\\\/rolly-toys-rolljunior-pedal-traktorius-john-deere\\\/\",\"url\":\"https:\\\/\\\/kidsplay.lt\\\/produktas\\\/rolly-toys-rolljunior-pedal-traktorius-john-deere\\\/\",\"name\":\"Rolly Toys rollJunior Pedal Traktorius John Deere\",\"isPartOf\":{\"@id\":\"https:\\\/\\\/kidsplay.lt\\\/#website\"},\"primaryImageOfPage\":{\"@id\":\"https:\\\/\\\/kidsplay.lt\\\/produktas\\\/rolly-toys-rolljunior-pedal-traktorius-john-deere\\\/#primaryimage\"},\"image\":{\"@id\":\"https:\\\/\\\/kidsplay.lt\\\/produktas\\\/rolly-toys-rolljunior-pedal-traktorius-john-deere\\\/#primaryimage\"},\"thumbnailUrl\":\"https:\\\/\\\/kidsplay.lt\\\/wp-content\\\/uploads\\\/2025\\\/10\\\/Rolly-Toys-rollJunior-Pedal-Traktorius-John-Deere.jpg\",\"datePublished\":\"2025-10-21T04:33:08+00:00\",\"dateModified\":\"2026-04-13T11:24:53+00:00\",\"description\":\"Rolly Toys rollJunior Pedal Traktorius John Deere - KidsPlay. Did\u017eiausias vaik\u0173 \u017eaisl\u0173 pasirinkimas.\",\"breadcrumb\":{\"@id\":\"https:\\\/\\\/kidsplay.lt\\\/produktas\\\/rolly-toys-rolljunior-pedal-traktorius-john-deere\\\/#breadcrumb\"},\"inLanguage\":\"lv-LV\",\"potentialAction\":[{\"@type\":\"ReadAction\",\"target\":[\"https:\\\/\\\/kidsplay.lt\\\/produktas\\\/rolly-toys-rolljunior-pedal-traktorius-john-deere\\\/\"]}]},{\"@type\":\"ImageObject\",\"inLanguage\":\"lv-LV\",\"@id\":\"https:\\\/\\\/kidsplay.lt\\\/produktas\\\/rolly-toys-rolljunior-pedal-traktorius-john-deere\\\/#primaryimage\",\"url\":\"https:\\\/\\\/kidsplay.lt\\\/wp-content\\\/uploads\\\/2025\\\/10\\\/Rolly-Toys-rollJunior-Pedal-Traktorius-John-Deere.jpg\",\"contentUrl\":\"https:\\\/\\\/kidsplay.lt\\\/wp-content\\\/uploads\\\/2025\\\/10\\\/Rolly-Toys-rollJunior-Pedal-Traktorius-John-Deere.jpg\",\"width\":1024,\"height\":1024,\"caption\":\"Rolly Toys rollJunior Pedal Traktorius John Deere\"},{\"@type\":\"BreadcrumbList\",\"@id\":\"https:\\\/\\\/kidsplay.lt\\\/produktas\\\/rolly-toys-rolljunior-pedal-traktorius-john-deere\\\/#breadcrumb\",\"itemListElement\":[{\"@type\":\"ListItem\",\"position\":1,\"name\":\"Pagrindinis\",\"item\":\"https:\\\/\\\/kidsplay.lt\\\/\"},{\"@type\":\"ListItem\",\"position\":2,\"name\":\"Parduotuv\u0117\",\"item\":\"https:\\\/\\\/kidsplay.lt\\\/parduotuve\\\/\"},{\"@type\":\"ListItem\",\"position\":3,\"name\":\"Rolly Toys rollJunior Pedal Traktorius John Deere\"}]},{\"@type\":\"WebSite\",\"@id\":\"https:\\\/\\\/kidsplay.lt\\\/#website\",\"url\":\"https:\\\/\\\/kidsplay.lt\\\/\",\"name\":\"Kidsplay.lt\",\"description\":\"\u012evairios prek\u0117s vaikams\",\"publisher\":{\"@id\":\"https:\\\/\\\/kidsplay.lt\\\/#organization\"},\"alternateName\":\"Kidsplay\",\"potentialAction\":[{\"@type\":\"SearchAction\",\"target\":{\"@type\":\"EntryPoint\",\"urlTemplate\":\"https:\\\/\\\/kidsplay.lt\\\/?s={search_term_string}\"},\"query-input\":{\"@type\":\"PropertyValueSpecification\",\"valueRequired\":true,\"valueName\":\"search_term_string\"}}],\"inLanguage\":\"lv-LV\"},{\"@type\":\"Organization\",\"@id\":\"https:\\\/\\\/kidsplay.lt\\\/#organization\",\"name\":\"KidsPlay\",\"url\":\"https:\\\/\\\/kidsplay.lt\\\/\",\"logo\":{\"@type\":\"ImageObject\",\"inLanguage\":\"lv-LV\",\"@id\":\"https:\\\/\\\/kidsplay.lt\\\/#\\\/schema\\\/logo\\\/image\\\/\",\"url\":\"https:\\\/\\\/kidsplay.lt\\\/wp-content\\\/uploads\\\/2023\\\/07\\\/kidsplay-logo.png\",\"contentUrl\":\"https:\\\/\\\/kidsplay.lt\\\/wp-content\\\/uploads\\\/2023\\\/07\\\/kidsplay-logo.png\",\"width\":451,\"height\":98,\"caption\":\"KidsPlay\"},\"image\":{\"@id\":\"https:\\\/\\\/kidsplay.lt\\\/#\\\/schema\\\/logo\\\/image\\\/\"},\"sameAs\":[\"https:\\\/\\\/www.facebook.com\\\/www.kidsplay.lt\"]}]}<\/script>\n<!-- \/ Yoast SEO plugin. -->","yoast_head_json":{"title":"Rolly Toys rollJunior Pedal Traktorius John Deere","description":"Rolly Toys rollJunior Pedal Traktorius John Deere - KidsPlay. Did\u017eiausias vaik\u0173 \u017eaisl\u0173 pasirinkimas.","robots":{"index":"index","follow":"follow","max-snippet":"max-snippet:-1","max-image-preview":"max-image-preview:large","max-video-preview":"max-video-preview:-1"},"canonical":"https:\/\/kidsplay.lt\/lv\/products\/rolly-toys-rolljunior-pedal-traktorius-john-deere\/","og_locale":"lv_LV","og_type":"article","og_title":"Rolly Toys rollJunior Pedal Traktorius John Deere","og_description":"Rolly Toys rollJunior Pedal Traktorius John Deere - KidsPlay. Did\u017eiausias vaik\u0173 \u017eaisl\u0173 pasirinkimas.","og_url":"https:\/\/kidsplay.lt\/lv\/products\/rolly-toys-rolljunior-pedal-traktorius-john-deere\/","og_site_name":"KidsPlay","article_publisher":"https:\/\/www.facebook.com\/www.kidsplay.lt","article_modified_time":"2026-04-13T11:24:53+00:00","og_image":[{"width":1024,"height":1024,"url":"https:\/\/kidsplay.lt\/wp-content\/uploads\/2025\/10\/Rolly-Toys-rollJunior-Pedal-Traktorius-John-Deere.jpg","type":"image\/jpeg"}],"twitter_card":"summary_large_image","twitter_misc":{"Est. reading time":"1 min\u016bte"},"schema":{"@context":"https:\/\/schema.org","@graph":[{"@type":"WebPage","@id":"https:\/\/kidsplay.lt\/produktas\/rolly-toys-rolljunior-pedal-traktorius-john-deere\/","url":"https:\/\/kidsplay.lt\/produktas\/rolly-toys-rolljunior-pedal-traktorius-john-deere\/","name":"Rolly Toys rollJunior Pedal Traktorius John Deere","isPartOf":{"@id":"https:\/\/kidsplay.lt\/#website"},"primaryImageOfPage":{"@id":"https:\/\/kidsplay.lt\/produktas\/rolly-toys-rolljunior-pedal-traktorius-john-deere\/#primaryimage"},"image":{"@id":"https:\/\/kidsplay.lt\/produktas\/rolly-toys-rolljunior-pedal-traktorius-john-deere\/#primaryimage"},"thumbnailUrl":"https:\/\/kidsplay.lt\/wp-content\/uploads\/2025\/10\/Rolly-Toys-rollJunior-Pedal-Traktorius-John-Deere.jpg","datePublished":"2025-10-21T04:33:08+00:00","dateModified":"2026-04-13T11:24:53+00:00","description":"Rolly Toys rollJunior Pedal Traktorius John Deere - KidsPlay. Did\u017eiausias vaik\u0173 \u017eaisl\u0173 pasirinkimas.","breadcrumb":{"@id":"https:\/\/kidsplay.lt\/produktas\/rolly-toys-rolljunior-pedal-traktorius-john-deere\/#breadcrumb"},"inLanguage":"lv-LV","potentialAction":[{"@type":"ReadAction","target":["https:\/\/kidsplay.lt\/produktas\/rolly-toys-rolljunior-pedal-traktorius-john-deere\/"]}]},{"@type":"ImageObject","inLanguage":"lv-LV","@id":"https:\/\/kidsplay.lt\/produktas\/rolly-toys-rolljunior-pedal-traktorius-john-deere\/#primaryimage","url":"https:\/\/kidsplay.lt\/wp-content\/uploads\/2025\/10\/Rolly-Toys-rollJunior-Pedal-Traktorius-John-Deere.jpg","contentUrl":"https:\/\/kidsplay.lt\/wp-content\/uploads\/2025\/10\/Rolly-Toys-rollJunior-Pedal-Traktorius-John-Deere.jpg","width":1024,"height":1024,"caption":"Rolly Toys rollJunior Pedal Traktorius John Deere"},{"@type":"BreadcrumbList","@id":"https:\/\/kidsplay.lt\/produktas\/rolly-toys-rolljunior-pedal-traktorius-john-deere\/#breadcrumb","itemListElement":[{"@type":"ListItem","position":1,"name":"Pagrindinis","item":"https:\/\/kidsplay.lt\/"},{"@type":"ListItem","position":2,"name":"Parduotuv\u0117","item":"https:\/\/kidsplay.lt\/parduotuve\/"},{"@type":"ListItem","position":3,"name":"Rolly Toys rollJunior Pedal Traktorius John Deere"}]},{"@type":"WebSite","@id":"https:\/\/kidsplay.lt\/#website","url":"https:\/\/kidsplay.lt\/","name":"B\u0113rnu sp\u0113les.lv","description":"\u012evairios prek\u0117s vaikams","publisher":{"@id":"https:\/\/kidsplay.lt\/#organization"},"alternateName":"Kidsplay","potentialAction":[{"@type":"SearchAction","target":{"@type":"EntryPoint","urlTemplate":"https:\/\/kidsplay.lt\/?s={search_term_string}"},"query-input":{"@type":"PropertyValueSpecification","valueRequired":true,"valueName":"search_term_string"}}],"inLanguage":"lv-LV"},{"@type":"Organization","@id":"https:\/\/kidsplay.lt\/#organization","name":"B\u0113rnu sp\u0113le","url":"https:\/\/kidsplay.lt\/","logo":{"@type":"ImageObject","inLanguage":"lv-LV","@id":"https:\/\/kidsplay.lt\/#\/schema\/logo\/image\/","url":"https:\/\/kidsplay.lt\/wp-content\/uploads\/2023\/07\/kidsplay-logo.png","contentUrl":"https:\/\/kidsplay.lt\/wp-content\/uploads\/2023\/07\/kidsplay-logo.png","width":451,"height":98,"caption":"KidsPlay"},"image":{"@id":"https:\/\/kidsplay.lt\/#\/schema\/logo\/image\/"},"sameAs":["https:\/\/www.facebook.com\/www.kidsplay.lt"]}]}},"_links":{"self":[{"href":"https:\/\/kidsplay.lt\/lv\/wp-json\/wp\/v2\/product\/77373","targetHints":{"allow":["GET"]}}],"collection":[{"href":"https:\/\/kidsplay.lt\/lv\/wp-json\/wp\/v2\/product"}],"about":[{"href":"https:\/\/kidsplay.lt\/lv\/wp-json\/wp\/v2\/types\/product"}],"version-history":[{"count":1,"href":"https:\/\/kidsplay.lt\/lv\/wp-json\/wp\/v2\/product\/77373\/revisions"}],"predecessor-version":[{"id":77374,"href":"https:\/\/kidsplay.lt\/lv\/wp-json\/wp\/v2\/product\/77373\/revisions\/77374"}],"wp:featuredmedia":[{"embeddable":true,"href":"https:\/\/kidsplay.lt\/lv\/wp-json\/wp\/v2\/media\/77375"}],"wp:attachment":[{"href":"https:\/\/kidsplay.lt\/lv\/wp-json\/wp\/v2\/media?parent=77373"}],"wp:term":[{"taxonomy":"product_brand","embeddable":true,"href":"https:\/\/kidsplay.lt\/lv\/wp-json\/wp\/v2\/product_brand?post=77373"},{"taxonomy":"product_cat","embeddable":true,"href":"https:\/\/kidsplay.lt\/lv\/wp-json\/wp\/v2\/product_cat?post=77373"},{"taxonomy":"product_tag","embeddable":true,"href":"https:\/\/kidsplay.lt\/lv\/wp-json\/wp\/v2\/product_tag?post=77373"}],"curies":[{"name":"wp","href":"https:\/\/api.w.org\/{rel}","templated":true}]}}