{"id":77389,"date":"2025-10-21T18:15:45","date_gmt":"2025-10-21T15:15:45","guid":{"rendered":"https:\/\/kidsplay.lt\/?post_type=product&#038;p=77389"},"modified":"2025-12-30T06:13:26","modified_gmt":"2025-12-30T04:13:26","slug":"advento-kalendorius-kersytojai-superherojai-24-figureles-langeliai","status":"publish","type":"product","link":"https:\/\/kidsplay.lt\/lv\/products\/advento-kalendorius-kersytojai-superherojai-24-figureles-langeliai\/","title":{"rendered":"Advento kalendorius \u2013 Ker\u0161ytojai Superherojai \u2013 24 fig\u016br\u0117l\u0117s langeliai"},"content":{"rendered":"<div class=\"mpof_ki myre_zn myre_8v_l m389_6m_l\">\n<div class=\"mp4t_16_s mryx_16_s mr3m_1 mli2_1 mh85_56 mh85_0_l\">\n<div class=\"mgn2_16 _0d3bd_am0a-\">\n<p><b><span dir=\"auto\">ADVENTO KALENDORIUS KAL\u0116DOS KER\u0160YTOJAI MARVEL SUPERHEROJ\u0172 ATOSTOGOS<\/span><\/b><\/p>\n<\/div>\n<\/div>\n<\/div>\n<div class=\"mpof_ki myre_zn myre_8v_l m389_6m_l\">\n<div class=\"mp4t_16_s mryx_16_s mr3m_1 mli2_1 mh85_56 mh85_0_l\">\n<div class=\"mg9e_8 mj7a_8 mg9e_0_s mvrt_0_s mj7a_0_s mh36_0_s mzmg_6m munh_16_l m3h2_16_l\">\n<div class=\"mp4t_0 mryx_0 munh_56 m3h2_56\">\n<div class=\"mp7g_oh\"><button class=\"mg9e_0 mvrt_0 mj7a_0 mh36_0 mp4t_0 m3h2_0 mryx_0 munh_0 mqen_m6 mpof_z0 mx7m_0 m7er_k4 mse2_k4 msts_pt\" data-analytics-interaction=\"true\" data-analytics-interaction-label=\"zoomable-image-open\" aria-disabled=\"true\"><img decoding=\"async\" class=\"msub_k4 mupj_5k mjru_k4 mse2_k4 mp7g_f6 mq1m_0 mj7u_0 m7er_k4 mqen_m6 m31c_d8 m0ux_fp lazyloaded\" src=\"https:\/\/a.allegroimg.com\/original\/115eff\/65284be4492690f91f8f6818a458\/Kalendarz-adwentowy-Avengers-Superbohaterowie-24-okienka-samej-figurki-Typ-zestaw\" sizes=\"(min-width: 1200px) 560px, (min-width: 992px) 50vw, 100vw\" srcset=\"https:\/\/a.allegroimg.com\/s360\/115eff\/65284be4492690f91f8f6818a458\/Kalendarz-adwentowy-Avengers-Superbohaterowie-24-okienka-samej-figurki-Typ-zestaw 360w,https:\/\/a.allegroimg.com\/s720\/115eff\/65284be4492690f91f8f6818a458\/Kalendarz-adwentowy-Avengers-Superbohaterowie-24-okienka-samej-figurki-Typ-zestaw 708w,https:\/\/a.allegroimg.com\/original\/115eff\/65284be4492690f91f8f6818a458\/Kalendarz-adwentowy-Avengers-Superbohaterowie-24-okienka-samej-figurki-Typ-zestaw 708w\" alt=\"Advento kalendorius \u2013 Ker\u0161ytojai Superherojai \u2013 24 fig\u016br\u0117l\u0117s langeliai\" width=\"708px\" data-srcset=\"\" \/><\/button><\/div>\n<\/div>\n<\/div>\n<\/div>\n<div class=\"mp4t_16_s mryx_16_s mr3m_1 mli2_1 mh85_56 mh85_0_l\">\n<div class=\"mgn2_16 _0d3bd_am0a-\">\n<p><b><span dir=\"auto\">Produkto apra\u0161ymas:<\/span><\/b><\/p>\n<p><span dir=\"auto\">Magi\u0161kas Advento kalendorius su superheroj\u0173 tema \u2013 puikus b\u016bdas padaryti j\u016bs\u0173 vaiko Kal\u0117d\u0173 laukim\u0105 malonesn\u012f.<\/span><\/p>\n<p><span dir=\"auto\">U\u017e kiekvieno i\u0161 24 langeli\u0173 yra fig\u016br\u0117l\u0117 (apie 4\u20136 cm), \u012fkv\u0117pta populiari\u0173 film\u0173 ir komiks\u0173 persona\u017e\u0173. Kiekvien\u0105 dien\u0105 nauja staigmena \u2013 kiekvien\u0105 dien\u0105 \u0161ypsena!<\/span><\/p>\n<p><b><span dir=\"auto\">Turinys:<\/span><\/b><\/p>\n<p><span dir=\"auto\">\u2705 24 langai su staigmenomis<\/span><\/p>\n<p><span dir=\"auto\">\u2705 24 superheroj\u0173 fig\u016br\u0117l\u0117s<\/span><\/p>\n<p><span dir=\"auto\">\u2705 Fig\u016br\u0117l\u0117s auk\u0161tis: apie 4\u20136 cm<\/span><\/p>\n<p><span dir=\"auto\">\u2705 Spalvingos, detalios ir smagios fig\u016br\u0117l\u0117s<\/span><\/p>\n<p><span dir=\"auto\">\u2705 Puiki kal\u0117din\u0117s dovanos id\u0117ja veiksmo ir nuotyki\u0173 gerb\u0117jams<\/span><\/p>\n<\/div>\n<\/div>\n<\/div>\n<div class=\"mpof_ki myre_zn myre_8v_l m389_6m_l\">\n<div class=\"mp4t_16_s mryx_16_s mr3m_1 mli2_1 mh85_56 mh85_0_l\">\n<div class=\"mg9e_8 mj7a_8 mg9e_0_s mvrt_0_s mj7a_0_s mh36_0_s mzmg_6m munh_16_l m3h2_16_l\">\n<div class=\"mp4t_0 mryx_0 munh_56 m3h2_56\">\n<div class=\"mp7g_oh\"><button class=\"mg9e_0 mvrt_0 mj7a_0 mh36_0 mp4t_0 m3h2_0 mryx_0 munh_0 mqen_m6 mpof_z0 mx7m_0 m7er_k4 mse2_k4 msts_pt\" data-analytics-interaction=\"true\" data-analytics-interaction-label=\"zoomable-image-open\" aria-disabled=\"true\"><img decoding=\"async\" class=\"msub_k4 mupj_5k mjru_k4 mse2_k4 mp7g_f6 mq1m_0 mj7u_0 m7er_k4 mqen_m6 m31c_d8 m0ux_fp lazyloaded\" src=\"https:\/\/a.allegroimg.com\/original\/11a4e2\/78e32ec44e129c2847343cf78109\/Kalendarz-adwentowy-Avengers-Superbohaterowie-24-okienka-samej-figurki\" sizes=\"(min-width: 1200px) 560px, (min-width: 992px) 50vw, 100vw\" srcset=\"https:\/\/a.allegroimg.com\/s360\/11a4e2\/78e32ec44e129c2847343cf78109\/Kalendarz-adwentowy-Avengers-Superbohaterowie-24-okienka-samej-figurki 358w,https:\/\/a.allegroimg.com\/s720\/11a4e2\/78e32ec44e129c2847343cf78109\/Kalendarz-adwentowy-Avengers-Superbohaterowie-24-okienka-samej-figurki 705w,https:\/\/a.allegroimg.com\/original\/11a4e2\/78e32ec44e129c2847343cf78109\/Kalendarz-adwentowy-Avengers-Superbohaterowie-24-okienka-samej-figurki 705w\" alt=\"Advento kalendorius \u2013 Ker\u0161ytojai Superherojai \u2013 24 fig\u016br\u0117l\u0117s langeliai\" width=\"705px\" data-srcset=\"\" \/><\/button><\/div>\n<\/div>\n<\/div>\n<\/div>\n<div class=\"mp4t_16_s mryx_16_s mr3m_1 mli2_1 mh85_56 mh85_0_l\">\n<div class=\"mgn2_16 _0d3bd_am0a-\">\n<p><b><span dir=\"auto\">Kod\u0117l verta pirkti i\u0161 m\u016bs\u0173?<\/span><\/b><\/p>\n<p><span dir=\"auto\">\u2b50\ufe0f Saugi pakuot\u0117 \u2013 u\u017etikriname, kad j\u016bs\u0173 kalendorius atvyks nepriekai\u0161tingos b\u016bkl\u0117s<\/span><\/p>\n<p><span dir=\"auto\">\u2b50\ufe0f Puikus kainos ir kokyb\u0117s santykis<\/span><\/p>\n<\/div>\n<\/div>\n<\/div>\n<div class=\"mpof_ki myre_zn myre_8v_l m389_6m_l\">\n<div class=\"mp4t_16_s mryx_16_s mr3m_1 mli2_1 mh85_56 mh85_0_l\">\n<div class=\"mg9e_8 mj7a_8 mg9e_0_s mvrt_0_s mj7a_0_s mh36_0_s mzmg_6m munh_16_l m3h2_16_l\">\n<div class=\"mp4t_0 mryx_0 munh_56 m3h2_56\">\n<div class=\"mp7g_oh\"><button class=\"mg9e_0 mvrt_0 mj7a_0 mh36_0 mp4t_0 m3h2_0 mryx_0 munh_0 mqen_m6 mpof_z0 mx7m_0 m7er_k4 mse2_k4 msts_pt\" data-analytics-interaction=\"true\" data-analytics-interaction-label=\"zoomable-image-open\" aria-disabled=\"true\"><img decoding=\"async\" class=\"msub_k4 mupj_5k mjru_k4 mse2_k4 mp7g_f6 mq1m_0 mj7u_0 m7er_k4 mqen_m6 m31c_d8 m0ux_fp lazyloaded\" src=\"https:\/\/a.allegroimg.com\/original\/11618c\/d30061d9444d9e7c9016b5ae68f1\/Kalendarz-adwentowy-Avengers-Superbohaterowie-24-okienka-samej-figurki-Marka-bez-marki\" sizes=\"(min-width: 1200px) 560px, (min-width: 992px) 50vw, 100vw\" srcset=\"https:\/\/a.allegroimg.com\/s360\/11618c\/d30061d9444d9e7c9016b5ae68f1\/Kalendarz-adwentowy-Avengers-Superbohaterowie-24-okienka-samej-figurki-Marka-bez-marki 360w,https:\/\/a.allegroimg.com\/s720\/11618c\/d30061d9444d9e7c9016b5ae68f1\/Kalendarz-adwentowy-Avengers-Superbohaterowie-24-okienka-samej-figurki-Marka-bez-marki 710w,https:\/\/a.allegroimg.com\/original\/11618c\/d30061d9444d9e7c9016b5ae68f1\/Kalendarz-adwentowy-Avengers-Superbohaterowie-24-okienka-samej-figurki-Marka-bez-marki 710w\" alt=\"Advento kalendorius \u2013 Ker\u0161ytojai superherojai \u2013 tik 24 fig\u016br\u0117l\u0117s langeliai. Prek\u0117s \u017eenklas be prek\u0117s \u017eenklo.\" width=\"710px\" data-srcset=\"\" \/><\/button><\/div>\n<\/div>\n<\/div>\n<\/div>\n<div class=\"mp4t_16_s mryx_16_s mr3m_1 mli2_1 mh85_56 mh85_0_l\">\n<div class=\"mgn2_16 _0d3bd_am0a-\">\n<h2><span dir=\"auto\">\u2753 Da\u017enai u\u017eduodami klausimai<\/span><\/h2>\n<p><b><span dir=\"auto\">Ar fig\u016bros yra judrios?<\/span><\/b><\/p>\n<p><span dir=\"auto\">Fig\u016br\u0117l\u0117s yra kolekcin\u0117s mini fig\u016br\u0117l\u0117s \u2013 jos n\u0117ra kilnojamos, bet puikiai tinka kaip dekoracija, \u017eaislas ar rakt\u0173 pakabukas.<\/span><\/p>\n<\/div>\n<\/div>\n<\/div>","protected":false},"excerpt":{"rendered":"<p>ADVENTO KALENDORIUS KAL\u0116DOS KER\u0160YTOJAI MARVEL SUPERHEROJ\u0172 ATOSTOGOS Produkto apra\u0161ymas: Magi\u0161kas Advento kalendorius su superheroj\u0173 tema \u2013 puikus b\u016bdas padaryti j\u016bs\u0173<\/p>","protected":false},"featured_media":77390,"template":"","meta":{"_acf_changed":false,"_glsr_average":0,"_glsr_ranking":0,"_glsr_reviews":0},"product_brand":[],"product_cat":[360,372],"product_tag":[],"class_list":{"0":"post-77389","1":"product","2":"type-product","3":"status-publish","4":"has-post-thumbnail","6":"product_cat-advento-kalendoriai","7":"product_cat-vaiku-sventems","8":"\"style=\"background-color: #2ecc711c;\"","10":"first","11":"instock","12":"sale","13":"shipping-taxable","14":"purchasable","15":"product-type-simple"},"acf":[],"yoast_head":"<!-- This site is optimized with the Yoast SEO plugin v27.3 - https:\/\/yoast.com\/product\/yoast-seo-wordpress\/ -->\n<title>Advento kalendorius \u2013 Ker\u0161ytojai Superherojai \u2013 24 fig\u016br\u0117l\u0117s langeliai - KidsPlay<\/title>\n<meta name=\"description\" content=\"Advento kalendorius \u2013 Ker\u0161ytojai Superherojai \u2013 24 fig\u016br\u0117l\u0117s langeliai - KidsPlay. Did\u017eiausias vaik\u0173 \u017eaisl\u0173 pasirinkimas.\" \/>\n<meta name=\"robots\" content=\"index, follow, max-snippet:-1, max-image-preview:large, max-video-preview:-1\" \/>\n<link rel=\"canonical\" href=\"https:\/\/kidsplay.lt\/lv\/products\/advento-kalendorius-kersytojai-superherojai-24-figureles-langeliai\/\" \/>\n<meta property=\"og:locale\" content=\"lv_LV\" \/>\n<meta property=\"og:type\" content=\"article\" \/>\n<meta property=\"og:title\" content=\"Advento kalendorius \u2013 Ker\u0161ytojai Superherojai \u2013 24 fig\u016br\u0117l\u0117s langeliai - KidsPlay\" \/>\n<meta property=\"og:description\" content=\"Advento kalendorius \u2013 Ker\u0161ytojai Superherojai \u2013 24 fig\u016br\u0117l\u0117s langeliai - KidsPlay. Did\u017eiausias vaik\u0173 \u017eaisl\u0173 pasirinkimas.\" \/>\n<meta property=\"og:url\" content=\"https:\/\/kidsplay.lt\/lv\/products\/advento-kalendorius-kersytojai-superherojai-24-figureles-langeliai\/\" \/>\n<meta property=\"og:site_name\" content=\"KidsPlay\" \/>\n<meta property=\"article:publisher\" content=\"https:\/\/www.facebook.com\/www.kidsplay.lt\" \/>\n<meta property=\"article:modified_time\" content=\"2025-12-30T04:13:26+00:00\" \/>\n<meta property=\"og:image\" content=\"https:\/\/kidsplay.lt\/wp-content\/uploads\/2025\/10\/Screenshot_358-1.png\" \/>\n\t<meta property=\"og:image:width\" content=\"490\" \/>\n\t<meta property=\"og:image:height\" content=\"450\" \/>\n\t<meta property=\"og:image:type\" content=\"image\/png\" \/>\n<meta name=\"twitter:card\" content=\"summary_large_image\" \/>\n<meta name=\"twitter:label1\" content=\"Est. reading time\" \/>\n\t<meta name=\"twitter:data1\" content=\"2 min\u016btes\" \/>\n<script type=\"application\/ld+json\" class=\"yoast-schema-graph\">{\"@context\":\"https:\\\/\\\/schema.org\",\"@graph\":[{\"@type\":\"WebPage\",\"@id\":\"https:\\\/\\\/kidsplay.lt\\\/produktas\\\/advento-kalendorius-kersytojai-superherojai-24-figureles-langeliai\\\/\",\"url\":\"https:\\\/\\\/kidsplay.lt\\\/produktas\\\/advento-kalendorius-kersytojai-superherojai-24-figureles-langeliai\\\/\",\"name\":\"Advento kalendorius \u2013 Ker\u0161ytojai Superherojai \u2013 24 fig\u016br\u0117l\u0117s langeliai - KidsPlay\",\"isPartOf\":{\"@id\":\"https:\\\/\\\/kidsplay.lt\\\/#website\"},\"primaryImageOfPage\":{\"@id\":\"https:\\\/\\\/kidsplay.lt\\\/produktas\\\/advento-kalendorius-kersytojai-superherojai-24-figureles-langeliai\\\/#primaryimage\"},\"image\":{\"@id\":\"https:\\\/\\\/kidsplay.lt\\\/produktas\\\/advento-kalendorius-kersytojai-superherojai-24-figureles-langeliai\\\/#primaryimage\"},\"thumbnailUrl\":\"https:\\\/\\\/kidsplay.lt\\\/wp-content\\\/uploads\\\/2025\\\/10\\\/Screenshot_358-1.png\",\"datePublished\":\"2025-10-21T15:15:45+00:00\",\"dateModified\":\"2025-12-30T04:13:26+00:00\",\"description\":\"Advento kalendorius \u2013 Ker\u0161ytojai Superherojai \u2013 24 fig\u016br\u0117l\u0117s langeliai - KidsPlay. Did\u017eiausias vaik\u0173 \u017eaisl\u0173 pasirinkimas.\",\"breadcrumb\":{\"@id\":\"https:\\\/\\\/kidsplay.lt\\\/produktas\\\/advento-kalendorius-kersytojai-superherojai-24-figureles-langeliai\\\/#breadcrumb\"},\"inLanguage\":\"lv-LV\",\"potentialAction\":[{\"@type\":\"ReadAction\",\"target\":[\"https:\\\/\\\/kidsplay.lt\\\/produktas\\\/advento-kalendorius-kersytojai-superherojai-24-figureles-langeliai\\\/\"]}]},{\"@type\":\"ImageObject\",\"inLanguage\":\"lv-LV\",\"@id\":\"https:\\\/\\\/kidsplay.lt\\\/produktas\\\/advento-kalendorius-kersytojai-superherojai-24-figureles-langeliai\\\/#primaryimage\",\"url\":\"https:\\\/\\\/kidsplay.lt\\\/wp-content\\\/uploads\\\/2025\\\/10\\\/Screenshot_358-1.png\",\"contentUrl\":\"https:\\\/\\\/kidsplay.lt\\\/wp-content\\\/uploads\\\/2025\\\/10\\\/Screenshot_358-1.png\",\"width\":490,\"height\":450},{\"@type\":\"BreadcrumbList\",\"@id\":\"https:\\\/\\\/kidsplay.lt\\\/produktas\\\/advento-kalendorius-kersytojai-superherojai-24-figureles-langeliai\\\/#breadcrumb\",\"itemListElement\":[{\"@type\":\"ListItem\",\"position\":1,\"name\":\"Pagrindinis\",\"item\":\"https:\\\/\\\/kidsplay.lt\\\/\"},{\"@type\":\"ListItem\",\"position\":2,\"name\":\"Parduotuv\u0117\",\"item\":\"https:\\\/\\\/kidsplay.lt\\\/parduotuve\\\/\"},{\"@type\":\"ListItem\",\"position\":3,\"name\":\"Advento kalendorius \u2013 Ker\u0161ytojai Superherojai \u2013 24 fig\u016br\u0117l\u0117s langeliai\"}]},{\"@type\":\"WebSite\",\"@id\":\"https:\\\/\\\/kidsplay.lt\\\/#website\",\"url\":\"https:\\\/\\\/kidsplay.lt\\\/\",\"name\":\"Kidsplay.lt\",\"description\":\"\u012evairios prek\u0117s vaikams\",\"publisher\":{\"@id\":\"https:\\\/\\\/kidsplay.lt\\\/#organization\"},\"alternateName\":\"Kidsplay\",\"potentialAction\":[{\"@type\":\"SearchAction\",\"target\":{\"@type\":\"EntryPoint\",\"urlTemplate\":\"https:\\\/\\\/kidsplay.lt\\\/?s={search_term_string}\"},\"query-input\":{\"@type\":\"PropertyValueSpecification\",\"valueRequired\":true,\"valueName\":\"search_term_string\"}}],\"inLanguage\":\"lv-LV\"},{\"@type\":\"Organization\",\"@id\":\"https:\\\/\\\/kidsplay.lt\\\/#organization\",\"name\":\"KidsPlay\",\"url\":\"https:\\\/\\\/kidsplay.lt\\\/\",\"logo\":{\"@type\":\"ImageObject\",\"inLanguage\":\"lv-LV\",\"@id\":\"https:\\\/\\\/kidsplay.lt\\\/#\\\/schema\\\/logo\\\/image\\\/\",\"url\":\"https:\\\/\\\/kidsplay.lt\\\/wp-content\\\/uploads\\\/2023\\\/07\\\/kidsplay-logo.png\",\"contentUrl\":\"https:\\\/\\\/kidsplay.lt\\\/wp-content\\\/uploads\\\/2023\\\/07\\\/kidsplay-logo.png\",\"width\":451,\"height\":98,\"caption\":\"KidsPlay\"},\"image\":{\"@id\":\"https:\\\/\\\/kidsplay.lt\\\/#\\\/schema\\\/logo\\\/image\\\/\"},\"sameAs\":[\"https:\\\/\\\/www.facebook.com\\\/www.kidsplay.lt\"]}]}<\/script>\n<!-- \/ Yoast SEO plugin. -->","yoast_head_json":{"title":"Advento kalendorius \u2013 Ker\u0161ytojai Superherojai \u2013 24 fig\u016br\u0117l\u0117s langeliai - KidsPlay","description":"Advento kalendorius \u2013 Ker\u0161ytojai Superherojai \u2013 24 fig\u016br\u0117l\u0117s langeliai - KidsPlay. Did\u017eiausias vaik\u0173 \u017eaisl\u0173 pasirinkimas.","robots":{"index":"index","follow":"follow","max-snippet":"max-snippet:-1","max-image-preview":"max-image-preview:large","max-video-preview":"max-video-preview:-1"},"canonical":"https:\/\/kidsplay.lt\/lv\/products\/advento-kalendorius-kersytojai-superherojai-24-figureles-langeliai\/","og_locale":"lv_LV","og_type":"article","og_title":"Advento kalendorius \u2013 Ker\u0161ytojai Superherojai \u2013 24 fig\u016br\u0117l\u0117s langeliai - KidsPlay","og_description":"Advento kalendorius \u2013 Ker\u0161ytojai Superherojai \u2013 24 fig\u016br\u0117l\u0117s langeliai - KidsPlay. Did\u017eiausias vaik\u0173 \u017eaisl\u0173 pasirinkimas.","og_url":"https:\/\/kidsplay.lt\/lv\/products\/advento-kalendorius-kersytojai-superherojai-24-figureles-langeliai\/","og_site_name":"KidsPlay","article_publisher":"https:\/\/www.facebook.com\/www.kidsplay.lt","article_modified_time":"2025-12-30T04:13:26+00:00","og_image":[{"width":490,"height":450,"url":"https:\/\/kidsplay.lt\/wp-content\/uploads\/2025\/10\/Screenshot_358-1.png","type":"image\/png"}],"twitter_card":"summary_large_image","twitter_misc":{"Est. reading time":"2 min\u016btes"},"schema":{"@context":"https:\/\/schema.org","@graph":[{"@type":"WebPage","@id":"https:\/\/kidsplay.lt\/produktas\/advento-kalendorius-kersytojai-superherojai-24-figureles-langeliai\/","url":"https:\/\/kidsplay.lt\/produktas\/advento-kalendorius-kersytojai-superherojai-24-figureles-langeliai\/","name":"Advento kalendorius \u2013 Ker\u0161ytojai Superherojai \u2013 24 fig\u016br\u0117l\u0117s langeliai - KidsPlay","isPartOf":{"@id":"https:\/\/kidsplay.lt\/#website"},"primaryImageOfPage":{"@id":"https:\/\/kidsplay.lt\/produktas\/advento-kalendorius-kersytojai-superherojai-24-figureles-langeliai\/#primaryimage"},"image":{"@id":"https:\/\/kidsplay.lt\/produktas\/advento-kalendorius-kersytojai-superherojai-24-figureles-langeliai\/#primaryimage"},"thumbnailUrl":"https:\/\/kidsplay.lt\/wp-content\/uploads\/2025\/10\/Screenshot_358-1.png","datePublished":"2025-10-21T15:15:45+00:00","dateModified":"2025-12-30T04:13:26+00:00","description":"Advento kalendorius \u2013 Ker\u0161ytojai Superherojai \u2013 24 fig\u016br\u0117l\u0117s langeliai - KidsPlay. Did\u017eiausias vaik\u0173 \u017eaisl\u0173 pasirinkimas.","breadcrumb":{"@id":"https:\/\/kidsplay.lt\/produktas\/advento-kalendorius-kersytojai-superherojai-24-figureles-langeliai\/#breadcrumb"},"inLanguage":"lv-LV","potentialAction":[{"@type":"ReadAction","target":["https:\/\/kidsplay.lt\/produktas\/advento-kalendorius-kersytojai-superherojai-24-figureles-langeliai\/"]}]},{"@type":"ImageObject","inLanguage":"lv-LV","@id":"https:\/\/kidsplay.lt\/produktas\/advento-kalendorius-kersytojai-superherojai-24-figureles-langeliai\/#primaryimage","url":"https:\/\/kidsplay.lt\/wp-content\/uploads\/2025\/10\/Screenshot_358-1.png","contentUrl":"https:\/\/kidsplay.lt\/wp-content\/uploads\/2025\/10\/Screenshot_358-1.png","width":490,"height":450},{"@type":"BreadcrumbList","@id":"https:\/\/kidsplay.lt\/produktas\/advento-kalendorius-kersytojai-superherojai-24-figureles-langeliai\/#breadcrumb","itemListElement":[{"@type":"ListItem","position":1,"name":"Pagrindinis","item":"https:\/\/kidsplay.lt\/"},{"@type":"ListItem","position":2,"name":"Parduotuv\u0117","item":"https:\/\/kidsplay.lt\/parduotuve\/"},{"@type":"ListItem","position":3,"name":"Advento kalendorius \u2013 Ker\u0161ytojai Superherojai \u2013 24 fig\u016br\u0117l\u0117s langeliai"}]},{"@type":"WebSite","@id":"https:\/\/kidsplay.lt\/#website","url":"https:\/\/kidsplay.lt\/","name":"B\u0113rnu sp\u0113les.lv","description":"\u012evairios prek\u0117s vaikams","publisher":{"@id":"https:\/\/kidsplay.lt\/#organization"},"alternateName":"Kidsplay","potentialAction":[{"@type":"SearchAction","target":{"@type":"EntryPoint","urlTemplate":"https:\/\/kidsplay.lt\/?s={search_term_string}"},"query-input":{"@type":"PropertyValueSpecification","valueRequired":true,"valueName":"search_term_string"}}],"inLanguage":"lv-LV"},{"@type":"Organization","@id":"https:\/\/kidsplay.lt\/#organization","name":"B\u0113rnu sp\u0113le","url":"https:\/\/kidsplay.lt\/","logo":{"@type":"ImageObject","inLanguage":"lv-LV","@id":"https:\/\/kidsplay.lt\/#\/schema\/logo\/image\/","url":"https:\/\/kidsplay.lt\/wp-content\/uploads\/2023\/07\/kidsplay-logo.png","contentUrl":"https:\/\/kidsplay.lt\/wp-content\/uploads\/2023\/07\/kidsplay-logo.png","width":451,"height":98,"caption":"KidsPlay"},"image":{"@id":"https:\/\/kidsplay.lt\/#\/schema\/logo\/image\/"},"sameAs":["https:\/\/www.facebook.com\/www.kidsplay.lt"]}]}},"_links":{"self":[{"href":"https:\/\/kidsplay.lt\/lv\/wp-json\/wp\/v2\/product\/77389","targetHints":{"allow":["GET"]}}],"collection":[{"href":"https:\/\/kidsplay.lt\/lv\/wp-json\/wp\/v2\/product"}],"about":[{"href":"https:\/\/kidsplay.lt\/lv\/wp-json\/wp\/v2\/types\/product"}],"version-history":[{"count":1,"href":"https:\/\/kidsplay.lt\/lv\/wp-json\/wp\/v2\/product\/77389\/revisions"}],"predecessor-version":[{"id":77393,"href":"https:\/\/kidsplay.lt\/lv\/wp-json\/wp\/v2\/product\/77389\/revisions\/77393"}],"wp:featuredmedia":[{"embeddable":true,"href":"https:\/\/kidsplay.lt\/lv\/wp-json\/wp\/v2\/media\/77390"}],"wp:attachment":[{"href":"https:\/\/kidsplay.lt\/lv\/wp-json\/wp\/v2\/media?parent=77389"}],"wp:term":[{"taxonomy":"product_brand","embeddable":true,"href":"https:\/\/kidsplay.lt\/lv\/wp-json\/wp\/v2\/product_brand?post=77389"},{"taxonomy":"product_cat","embeddable":true,"href":"https:\/\/kidsplay.lt\/lv\/wp-json\/wp\/v2\/product_cat?post=77389"},{"taxonomy":"product_tag","embeddable":true,"href":"https:\/\/kidsplay.lt\/lv\/wp-json\/wp\/v2\/product_tag?post=77389"}],"curies":[{"name":"wp","href":"https:\/\/api.w.org\/{rel}","templated":true}]}}