{"id":77414,"date":"2025-10-22T10:43:26","date_gmt":"2025-10-22T07:43:26","guid":{"rendered":"https:\/\/kidsplay.lt\/produktas\/smoby-be-fun-spidey-triratis\/"},"modified":"2026-03-03T17:30:26","modified_gmt":"2026-03-03T15:30:26","slug":"smoby-be-fun-spidey-triratis","status":"publish","type":"product","link":"https:\/\/kidsplay.lt\/lv\/product\/smoby-be-fun-spidey-triratis\/","title":{"rendered":"SMOBY Be Fun Spidey triratis"},"content":{"rendered":"<p>Super \u0161aunus\u00a0triratukas\u00a0su \u0161auniu dizainu, sukurtas\u00a0Spidey\u00a0ir jo super draug\u0173.\u00a0Modernus \u201eSmoby\u201c \u201eSpidey Be Fun\u201c triratukas\u00a0yra saugi transporto priemon\u0117 vaikams\u00a0nuo 15 m\u0117nesi\u0173 am\u017eiaus\u00a0. Ergonomi\u0161ka s\u0117dyn\u0117 yra ypa\u010d patogi ir palaiko nugar\u0105. Dir\u017eelis suteikia papildomo saugumo. Tokios savyb\u0117s kaip perjungiamas laisvosios eigos pedalas, kietos plastikin\u0117s padangos, vairo u\u017eraktas ir reguliuojamo auk\u0161\u010dio st\u016bmimo rankena paver\u010dia \u0161\u012f triratuk\u0105 patikimu kompanionu pirmaisiais gyvenimo metais. Kai tik vaikas i\u0161moks va\u017eiuoti savaranki\u0161kai, saugos dir\u017eus bus galima nuimti.<\/p>\n<p>Rakstur\u012bgs:<\/p>\n<p> \t\u2013\u00a0nuo \u200b\u200b15 m\u0117nesio,<br \/>\n \t&#8211;\u00a0tvirtas plieninis r\u0117mas, d\u0117l kurio dviratis yra auk\u0161tas,<br \/>\n \t&#8211;\u00a0patogi ne\u0161iojimo rankena,<br \/>\n \t&#8211;\u00a0baga\u017ein\u0117,<br \/>\n \t&#8211;\u00a0patogus balnelis\u00a0su\u00a0saugos dir\u017eais,<br \/>\n \t&#8211;\u00a0vairas su ribotuvu ir vairo u\u017eraktu,<br \/>\n \t&#8211;\u00a0maksimali apkrova iki 30 kg.<\/p>\n<p>\u201eSmoby\u201c\u00a0\u00a0yra did\u017eiausias ir populiariausias \u017eaisl\u0173 prek\u0117s \u017eenklas i\u0161 Pranc\u016bzijos ir vienas geriausi\u0173 \u017eaisl\u0173 gamintoj\u0173 pasaulyje. Prek\u0117s \u017eenklo reputacija kalba pati u\u017e save, o platus ir \u012fvairus produkt\u0173 asortimentas patvirtina jo status\u0105. \u201eSmoby\u201c \u017einomas d\u0117l vis\u0173 r\u016b\u0161i\u0173 \u017eaisl\u0173 si\u016blymo, ta\u010diau ypating\u0105 d\u0117mes\u012f reik\u0117t\u0173 skirti \u017eaidim\u0173 nameliams, sodo \u017eaislams ir \u017eaislams va\u017eiuoti.<\/p>","protected":false},"excerpt":{"rendered":"<p>Super \u0161aunus\u00a0triratukas\u00a0su \u0161auniu dizainu, sukurtas\u00a0Spidey\u00a0ir jo super draug\u0173.\u00a0Modernus \u201eSmoby\u201c \u201eSpidey Be Fun\u201c triratukas\u00a0yra saugi transporto priemon\u0117 vaikams\u00a0nuo 15 m\u0117nesi\u0173 am\u017eiaus\u00a0.<\/p>","protected":false},"featured_media":77416,"template":"","meta":{"_acf_changed":false,"_glsr_average":0,"_glsr_ranking":0,"_glsr_reviews":0},"product_brand":[],"product_cat":[237,239],"product_tag":[],"class_list":{"0":"post-77414","1":"product","2":"type-product","3":"status-publish","4":"has-post-thumbnail","6":"product_cat-judejimo-priemones","7":"product_cat-triratukai","8":"\"style=\"background-color: #2ecc711c;\"","10":"first","11":"outofstock","12":"purchasable","13":"product-type-simple"},"acf":[],"yoast_head":"<!-- This site is optimized with the Yoast SEO plugin v27.3 - https:\/\/yoast.com\/product\/yoast-seo-wordpress\/ -->\n<title>SMOBY Be Fun Spidey triratis<\/title>\n<meta name=\"description\" content=\"SMOBY Be Fun Spidey triratis - KidsPlay. Did\u017eiausias vaik\u0173 \u017eaisl\u0173 pasirinkimas.\" \/>\n<meta name=\"robots\" content=\"index, follow, max-snippet:-1, max-image-preview:large, max-video-preview:-1\" \/>\n<link rel=\"canonical\" href=\"https:\/\/kidsplay.lt\/lv\/product\/smoby-be-fun-spidey-triratis\/\" \/>\n<meta property=\"og:locale\" content=\"lv_LV\" \/>\n<meta property=\"og:type\" content=\"article\" \/>\n<meta property=\"og:title\" content=\"SMOBY Be Fun Spidey triratis\" \/>\n<meta property=\"og:description\" content=\"SMOBY Be Fun Spidey triratis - KidsPlay. Did\u017eiausias vaik\u0173 \u017eaisl\u0173 pasirinkimas.\" \/>\n<meta property=\"og:url\" content=\"https:\/\/kidsplay.lt\/lv\/product\/smoby-be-fun-spidey-triratis\/\" \/>\n<meta property=\"og:site_name\" content=\"KidsPlay\" \/>\n<meta property=\"article:publisher\" content=\"https:\/\/www.facebook.com\/www.kidsplay.lt\" \/>\n<meta property=\"article:modified_time\" content=\"2026-03-03T15:30:26+00:00\" \/>\n<meta property=\"og:image\" content=\"https:\/\/kidsplay.lt\/wp-content\/uploads\/2025\/10\/SMOBY-Be-Fun-Spidey-triratis.jpg\" \/>\n\t<meta property=\"og:image:width\" content=\"2400\" \/>\n\t<meta property=\"og:image:height\" content=\"2400\" \/>\n\t<meta property=\"og:image:type\" content=\"image\/jpeg\" \/>\n<meta name=\"twitter:card\" content=\"summary_large_image\" \/>\n<meta name=\"twitter:label1\" content=\"Est. reading time\" \/>\n\t<meta name=\"twitter:data1\" content=\"1 min\u016bte\" \/>\n<script type=\"application\/ld+json\" class=\"yoast-schema-graph\">{\"@context\":\"https:\\\/\\\/schema.org\",\"@graph\":[{\"@type\":\"WebPage\",\"@id\":\"https:\\\/\\\/kidsplay.lt\\\/produktas\\\/smoby-be-fun-spidey-triratis\\\/\",\"url\":\"https:\\\/\\\/kidsplay.lt\\\/produktas\\\/smoby-be-fun-spidey-triratis\\\/\",\"name\":\"SMOBY Be Fun Spidey triratis\",\"isPartOf\":{\"@id\":\"https:\\\/\\\/kidsplay.lt\\\/#website\"},\"primaryImageOfPage\":{\"@id\":\"https:\\\/\\\/kidsplay.lt\\\/produktas\\\/smoby-be-fun-spidey-triratis\\\/#primaryimage\"},\"image\":{\"@id\":\"https:\\\/\\\/kidsplay.lt\\\/produktas\\\/smoby-be-fun-spidey-triratis\\\/#primaryimage\"},\"thumbnailUrl\":\"https:\\\/\\\/kidsplay.lt\\\/wp-content\\\/uploads\\\/2025\\\/10\\\/SMOBY-Be-Fun-Spidey-triratis.jpg\",\"datePublished\":\"2025-10-22T07:43:26+00:00\",\"dateModified\":\"2026-03-03T15:30:26+00:00\",\"description\":\"SMOBY Be Fun Spidey triratis - KidsPlay. Did\u017eiausias vaik\u0173 \u017eaisl\u0173 pasirinkimas.\",\"breadcrumb\":{\"@id\":\"https:\\\/\\\/kidsplay.lt\\\/produktas\\\/smoby-be-fun-spidey-triratis\\\/#breadcrumb\"},\"inLanguage\":\"lv-LV\",\"potentialAction\":[{\"@type\":\"ReadAction\",\"target\":[\"https:\\\/\\\/kidsplay.lt\\\/produktas\\\/smoby-be-fun-spidey-triratis\\\/\"]}]},{\"@type\":\"ImageObject\",\"inLanguage\":\"lv-LV\",\"@id\":\"https:\\\/\\\/kidsplay.lt\\\/produktas\\\/smoby-be-fun-spidey-triratis\\\/#primaryimage\",\"url\":\"https:\\\/\\\/kidsplay.lt\\\/wp-content\\\/uploads\\\/2025\\\/10\\\/SMOBY-Be-Fun-Spidey-triratis.jpg\",\"contentUrl\":\"https:\\\/\\\/kidsplay.lt\\\/wp-content\\\/uploads\\\/2025\\\/10\\\/SMOBY-Be-Fun-Spidey-triratis.jpg\",\"width\":2400,\"height\":2400,\"caption\":\"SMOBY Be Fun Spidey triratis\"},{\"@type\":\"BreadcrumbList\",\"@id\":\"https:\\\/\\\/kidsplay.lt\\\/produktas\\\/smoby-be-fun-spidey-triratis\\\/#breadcrumb\",\"itemListElement\":[{\"@type\":\"ListItem\",\"position\":1,\"name\":\"Pagrindinis\",\"item\":\"https:\\\/\\\/kidsplay.lt\\\/\"},{\"@type\":\"ListItem\",\"position\":2,\"name\":\"Parduotuv\u0117\",\"item\":\"https:\\\/\\\/kidsplay.lt\\\/parduotuve\\\/\"},{\"@type\":\"ListItem\",\"position\":3,\"name\":\"SMOBY Be Fun Spidey triratis\"}]},{\"@type\":\"WebSite\",\"@id\":\"https:\\\/\\\/kidsplay.lt\\\/#website\",\"url\":\"https:\\\/\\\/kidsplay.lt\\\/\",\"name\":\"Kidsplay.lt\",\"description\":\"\u012evairios prek\u0117s vaikams\",\"publisher\":{\"@id\":\"https:\\\/\\\/kidsplay.lt\\\/#organization\"},\"alternateName\":\"Kidsplay\",\"potentialAction\":[{\"@type\":\"SearchAction\",\"target\":{\"@type\":\"EntryPoint\",\"urlTemplate\":\"https:\\\/\\\/kidsplay.lt\\\/?s={search_term_string}\"},\"query-input\":{\"@type\":\"PropertyValueSpecification\",\"valueRequired\":true,\"valueName\":\"search_term_string\"}}],\"inLanguage\":\"lv-LV\"},{\"@type\":\"Organization\",\"@id\":\"https:\\\/\\\/kidsplay.lt\\\/#organization\",\"name\":\"KidsPlay\",\"url\":\"https:\\\/\\\/kidsplay.lt\\\/\",\"logo\":{\"@type\":\"ImageObject\",\"inLanguage\":\"lv-LV\",\"@id\":\"https:\\\/\\\/kidsplay.lt\\\/#\\\/schema\\\/logo\\\/image\\\/\",\"url\":\"https:\\\/\\\/kidsplay.lt\\\/wp-content\\\/uploads\\\/2023\\\/07\\\/kidsplay-logo.png\",\"contentUrl\":\"https:\\\/\\\/kidsplay.lt\\\/wp-content\\\/uploads\\\/2023\\\/07\\\/kidsplay-logo.png\",\"width\":451,\"height\":98,\"caption\":\"KidsPlay\"},\"image\":{\"@id\":\"https:\\\/\\\/kidsplay.lt\\\/#\\\/schema\\\/logo\\\/image\\\/\"},\"sameAs\":[\"https:\\\/\\\/www.facebook.com\\\/www.kidsplay.lt\"]}]}<\/script>\n<!-- \/ Yoast SEO plugin. -->","yoast_head_json":{"title":"SMOBY Be Fun Spidey triratis","description":"SMOBY Be Fun Spidey triratis - KidsPlay. Did\u017eiausias vaik\u0173 \u017eaisl\u0173 pasirinkimas.","robots":{"index":"index","follow":"follow","max-snippet":"max-snippet:-1","max-image-preview":"max-image-preview:large","max-video-preview":"max-video-preview:-1"},"canonical":"https:\/\/kidsplay.lt\/lv\/product\/smoby-be-fun-spidey-triratis\/","og_locale":"lv_LV","og_type":"article","og_title":"SMOBY Be Fun Spidey triratis","og_description":"SMOBY Be Fun Spidey triratis - KidsPlay. Did\u017eiausias vaik\u0173 \u017eaisl\u0173 pasirinkimas.","og_url":"https:\/\/kidsplay.lt\/lv\/product\/smoby-be-fun-spidey-triratis\/","og_site_name":"KidsPlay","article_publisher":"https:\/\/www.facebook.com\/www.kidsplay.lt","article_modified_time":"2026-03-03T15:30:26+00:00","og_image":[{"width":2400,"height":2400,"url":"https:\/\/kidsplay.lt\/wp-content\/uploads\/2025\/10\/SMOBY-Be-Fun-Spidey-triratis.jpg","type":"image\/jpeg"}],"twitter_card":"summary_large_image","twitter_misc":{"Est. reading time":"1 min\u016bte"},"schema":{"@context":"https:\/\/schema.org","@graph":[{"@type":"WebPage","@id":"https:\/\/kidsplay.lt\/produktas\/smoby-be-fun-spidey-triratis\/","url":"https:\/\/kidsplay.lt\/produktas\/smoby-be-fun-spidey-triratis\/","name":"SMOBY Be Fun Spidey triratis","isPartOf":{"@id":"https:\/\/kidsplay.lt\/#website"},"primaryImageOfPage":{"@id":"https:\/\/kidsplay.lt\/produktas\/smoby-be-fun-spidey-triratis\/#primaryimage"},"image":{"@id":"https:\/\/kidsplay.lt\/produktas\/smoby-be-fun-spidey-triratis\/#primaryimage"},"thumbnailUrl":"https:\/\/kidsplay.lt\/wp-content\/uploads\/2025\/10\/SMOBY-Be-Fun-Spidey-triratis.jpg","datePublished":"2025-10-22T07:43:26+00:00","dateModified":"2026-03-03T15:30:26+00:00","description":"SMOBY Be Fun Spidey triratis - KidsPlay. Did\u017eiausias vaik\u0173 \u017eaisl\u0173 pasirinkimas.","breadcrumb":{"@id":"https:\/\/kidsplay.lt\/produktas\/smoby-be-fun-spidey-triratis\/#breadcrumb"},"inLanguage":"lv-LV","potentialAction":[{"@type":"ReadAction","target":["https:\/\/kidsplay.lt\/produktas\/smoby-be-fun-spidey-triratis\/"]}]},{"@type":"ImageObject","inLanguage":"lv-LV","@id":"https:\/\/kidsplay.lt\/produktas\/smoby-be-fun-spidey-triratis\/#primaryimage","url":"https:\/\/kidsplay.lt\/wp-content\/uploads\/2025\/10\/SMOBY-Be-Fun-Spidey-triratis.jpg","contentUrl":"https:\/\/kidsplay.lt\/wp-content\/uploads\/2025\/10\/SMOBY-Be-Fun-Spidey-triratis.jpg","width":2400,"height":2400,"caption":"SMOBY Be Fun Spidey triratis"},{"@type":"BreadcrumbList","@id":"https:\/\/kidsplay.lt\/produktas\/smoby-be-fun-spidey-triratis\/#breadcrumb","itemListElement":[{"@type":"ListItem","position":1,"name":"Pagrindinis","item":"https:\/\/kidsplay.lt\/"},{"@type":"ListItem","position":2,"name":"Parduotuv\u0117","item":"https:\/\/kidsplay.lt\/parduotuve\/"},{"@type":"ListItem","position":3,"name":"SMOBY Be Fun Spidey triratis"}]},{"@type":"WebSite","@id":"https:\/\/kidsplay.lt\/#website","url":"https:\/\/kidsplay.lt\/","name":"B\u0113rnu sp\u0113les.lv","description":"\u012evairios prek\u0117s vaikams","publisher":{"@id":"https:\/\/kidsplay.lt\/#organization"},"alternateName":"Kidsplay","potentialAction":[{"@type":"SearchAction","target":{"@type":"EntryPoint","urlTemplate":"https:\/\/kidsplay.lt\/?s={search_term_string}"},"query-input":{"@type":"PropertyValueSpecification","valueRequired":true,"valueName":"search_term_string"}}],"inLanguage":"lv-LV"},{"@type":"Organization","@id":"https:\/\/kidsplay.lt\/#organization","name":"B\u0113rnu sp\u0113le","url":"https:\/\/kidsplay.lt\/","logo":{"@type":"ImageObject","inLanguage":"lv-LV","@id":"https:\/\/kidsplay.lt\/#\/schema\/logo\/image\/","url":"https:\/\/kidsplay.lt\/wp-content\/uploads\/2023\/07\/kidsplay-logo.png","contentUrl":"https:\/\/kidsplay.lt\/wp-content\/uploads\/2023\/07\/kidsplay-logo.png","width":451,"height":98,"caption":"KidsPlay"},"image":{"@id":"https:\/\/kidsplay.lt\/#\/schema\/logo\/image\/"},"sameAs":["https:\/\/www.facebook.com\/www.kidsplay.lt"]}]}},"_links":{"self":[{"href":"https:\/\/kidsplay.lt\/lv\/wp-json\/wp\/v2\/product\/77414","targetHints":{"allow":["GET"]}}],"collection":[{"href":"https:\/\/kidsplay.lt\/lv\/wp-json\/wp\/v2\/product"}],"about":[{"href":"https:\/\/kidsplay.lt\/lv\/wp-json\/wp\/v2\/types\/product"}],"version-history":[{"count":1,"href":"https:\/\/kidsplay.lt\/lv\/wp-json\/wp\/v2\/product\/77414\/revisions"}],"predecessor-version":[{"id":77415,"href":"https:\/\/kidsplay.lt\/lv\/wp-json\/wp\/v2\/product\/77414\/revisions\/77415"}],"wp:featuredmedia":[{"embeddable":true,"href":"https:\/\/kidsplay.lt\/lv\/wp-json\/wp\/v2\/media\/77416"}],"wp:attachment":[{"href":"https:\/\/kidsplay.lt\/lv\/wp-json\/wp\/v2\/media?parent=77414"}],"wp:term":[{"taxonomy":"product_brand","embeddable":true,"href":"https:\/\/kidsplay.lt\/lv\/wp-json\/wp\/v2\/product_brand?post=77414"},{"taxonomy":"product_cat","embeddable":true,"href":"https:\/\/kidsplay.lt\/lv\/wp-json\/wp\/v2\/product_cat?post=77414"},{"taxonomy":"product_tag","embeddable":true,"href":"https:\/\/kidsplay.lt\/lv\/wp-json\/wp\/v2\/product_tag?post=77414"}],"curies":[{"name":"wp","href":"https:\/\/api.w.org\/{rel}","templated":true}]}}