{"id":77419,"date":"2025-10-22T10:43:43","date_gmt":"2025-10-22T07:43:43","guid":{"rendered":"https:\/\/kidsplay.lt\/produktas\/woopie-pasidaryk-pats-dazymo-rinkinys-gipso-figureliu-gamyba-ir-dazymas-kaledinis-rinkinys\/"},"modified":"2026-04-13T14:24:55","modified_gmt":"2026-04-13T11:24:55","slug":"woopie-pasidaryk-pats-dazymo-rinkinys-gipso-figureliu-gamyba-ir-dazymas-kaledinis-rinkinys","status":"publish","type":"product","link":"https:\/\/kidsplay.lt\/lv\/products\/woopie-pasidaryk-pats-dazymo-rinkinys-gipso-figureliu-gamyba-ir-dazymas-kaledinis-rinkinys\/","title":{"rendered":"WOOPIE DIY glezno\u0161anas komplekts - \u0123ip\u0161a fig\u016bri\u0146u izgatavo\u0161ana un glezno\u0161ana - Ziemassv\u0113tku komplekts"},"content":{"rendered":"<p>\u012e\u017eiebkite savo vaiko k\u016brybi\u0161kum\u0105 ir pasinerkite \u012f magi\u0161k\u0105 \u0161ven\u010di\u0173 dvasi\u0105 su unikaliu\u00a0\u201eWoopie\u201c\u00a0kal\u0117diniu\u00a0\u201epasidaryk pats\u201c rinkiniu \u201eMold &amp; Paint\u201c\u00a0! \u0160is \u0161ventinis meno rinkinys leid\u017eia jums sukurti savo gipso fig\u016br\u0117les \u2013 tiesiog naudokite form\u0105, sumai\u0161ykite tink\u0105, supilkite j\u012f \u012f formeles ir, jam i\u0161d\u017ei\u016bvus, nuda\u017eykite gatavas fig\u016bras pagal savo id\u0117jas.<\/p>\n<p>Tai ne tik labai smagu, bet ir lavina rank\u0173 miklum\u0105, vaizduot\u0119 ir tikslum\u0105. Tai puiki id\u0117ja dovanai \u0160v. Nikolajaus dienos ar Kal\u0117d\u0173 proga arba k\u016brybi\u0161kam \u017eaidimui gruod\u017eio vakarais.<\/p>\n<p>Rakstur\u012bgs:<\/p>\n<p> \t&#8211; \u017daislas\u00a0skirtas 6 met\u0173 ir vyresniems<br \/>\n \t&#8211; K\u016brybi\u0161kas \u201epasidaryk pats\u201c \u017eaislas\u00a0\u2013 vaikas kuria gipso fig\u016br\u0117les ir puo\u0161ia jas da\u017eais<br \/>\n \t&#8211;\u00a0\u00a0Kal\u0117din\u0117 tema\u00a0\u2013 formel\u0117s su mielais ra\u0161tais: Kal\u0117d\u0173 Senelis, eglut\u0117, elnias, kojin\u0117, dovana, varpelis ir kt.<br \/>\n \t&#8211;\u00a0\u00a0Paruo\u0161ta naudoti\u00a0&#8211; komplekte yra viskas, ko reikia: formos, tinkas, da\u017eai, teptukas, dubuo, instrukcijos<br \/>\n \t&#8211;\u00a0\u00a0Nereikia kepti ar naudoti speciali\u0173 \u012franki\u0173\u00a0\u2013 tik vandens ir \u0161iek tiek vietos<br \/>\n \t&#8211; Puikiai tinka kaip kal\u0117din\u0117 ar \u0160v. Nikolajaus dovana arba kartu kuriant \u0161ventines dekoracijas<\/p>\n<p>Komplekt\u0101 ietilpst:<\/p>\n<p> \t&#8211; formel\u0117 su kal\u0117diniais motyvais (Kal\u0117d\u0173 eglut\u0117, Kal\u0117d\u0173 Senelis, elnias, kojin\u0117, dovana ir kiti)<br \/>\n \t&#8211; 2 gipso pakuot\u0117s<br \/>\n \t&#8211; mai\u0161ymo dubuo, \u0161auk\u0161tas, da\u017e\u0173 pad\u0117klas<br \/>\n \t&#8211; 6 spalvoti da\u017eai + teptukas<br \/>\n \t&#8211; mentel\u0117\/grandiklis<br \/>\n \t&#8211; vartotojo vadovas &#8211; paprastas ir iliustruotas<br \/>\n \t&#8211; viskas supakuota esteti\u0161koje d\u0117\u017eut\u0117je &#8211; paruo\u0161ta dovanai!<\/p>\n<p>Rota\u013clieta att\u012bst\u0101s:<\/p>\n<p> \t&#8211;\u00a0\u00a0K\u016brybi\u0161kumas ir vaizduot\u0117\u00a0\u2013 vaikas pats kuria kal\u0117dines dekoracijas<br \/>\n \t&#8211;\u00a0\u00a0Rank\u0173 miklumas ir tikslumas\u00a0\u2013 liejant ir da\u017eant<br \/>\n \t&#8211;\u00a0\u00a0Estetikos ir spalv\u0173 poj\u016btis\u00a0\u2013 \u017eaid\u017eiant spalvomis<br \/>\n \t&#8211;\u00a0\u00a0Kantryb\u0117 ir susikaupimas\u00a0\u2013 \u017eingsnis po \u017eingsnio dirbti ties detal\u0117mis<br \/>\n \t&#8211;\u00a0\u00a0Pasidid\u017eiavimas savo darbu\u00a0\u2013 baigtos fig\u016br\u0117l\u0117s gali papuo\u0161ti kambar\u012f arba b\u016bti dovana artimiesiems<\/p>","protected":false},"excerpt":{"rendered":"<p>\u012e\u017eiebkite savo vaiko k\u016brybi\u0161kum\u0105 ir pasinerkite \u012f magi\u0161k\u0105 \u0161ven\u010di\u0173 dvasi\u0105 su unikaliu\u00a0\u201eWoopie\u201c\u00a0kal\u0117diniu\u00a0\u201epasidaryk pats\u201c rinkiniu \u201eMold &amp; Paint\u201c\u00a0! \u0160is \u0161ventinis meno<\/p>","protected":false},"featured_media":77421,"template":"","meta":{"_acf_changed":false,"_glsr_average":0,"_glsr_ranking":0,"_glsr_reviews":0},"product_brand":[],"product_cat":[810,229],"product_tag":[],"class_list":{"0":"post-77419","1":"product","2":"type-product","3":"status-publish","4":"has-post-thumbnail","6":"product_cat-kurybiniai-rinkiniai","7":"product_cat-zaislai-vaikams","8":"\"style=\"background-color: #2ecc711c;\"","10":"first","11":"instock","12":"purchasable","13":"product-type-simple"},"acf":[],"yoast_head":"<!-- This site is optimized with the Yoast SEO plugin v27.4 - https:\/\/yoast.com\/product\/yoast-seo-wordpress\/ -->\n<title>WOOPIE \u201epasidaryk pats\u201c da\u017eymo rinkinys \u2013 gipso fig\u016br\u0117li\u0173 gamyba ir da\u017eymas \u2013 kal\u0117dinis rinkinys<\/title>\n<meta name=\"description\" content=\"WOOPIE \u201epasidaryk pats\u201c da\u017eymo rinkinys \u2013 gipso fig\u016br\u0117li\u0173 gamyba ir da\u017eymas \u2013 kal\u0117dinis rinkinys - KidsPlay. Did\u017eiausias vaik\u0173 \u017eaisl\u0173 pasirinkimas.\" \/>\n<meta name=\"robots\" content=\"index, follow, max-snippet:-1, max-image-preview:large, max-video-preview:-1\" \/>\n<link rel=\"canonical\" href=\"https:\/\/kidsplay.lt\/lv\/products\/woopie-pasidaryk-pats-dazymo-rinkinys-gipso-figureliu-gamyba-ir-dazymas-kaledinis-rinkinys\/\" \/>\n<meta property=\"og:locale\" content=\"lv_LV\" \/>\n<meta property=\"og:type\" content=\"article\" \/>\n<meta property=\"og:title\" content=\"WOOPIE \u201epasidaryk pats\u201c da\u017eymo rinkinys \u2013 gipso fig\u016br\u0117li\u0173 gamyba ir da\u017eymas \u2013 kal\u0117dinis rinkinys\" \/>\n<meta property=\"og:description\" content=\"WOOPIE \u201epasidaryk pats\u201c da\u017eymo rinkinys \u2013 gipso fig\u016br\u0117li\u0173 gamyba ir da\u017eymas \u2013 kal\u0117dinis rinkinys - KidsPlay. Did\u017eiausias vaik\u0173 \u017eaisl\u0173 pasirinkimas.\" \/>\n<meta property=\"og:url\" content=\"https:\/\/kidsplay.lt\/lv\/products\/woopie-pasidaryk-pats-dazymo-rinkinys-gipso-figureliu-gamyba-ir-dazymas-kaledinis-rinkinys\/\" \/>\n<meta property=\"og:site_name\" content=\"KidsPlay\" \/>\n<meta property=\"article:publisher\" content=\"https:\/\/www.facebook.com\/www.kidsplay.lt\" \/>\n<meta property=\"article:modified_time\" content=\"2026-04-13T11:24:55+00:00\" \/>\n<meta property=\"og:image\" content=\"https:\/\/kidsplay.lt\/wp-content\/uploads\/2025\/10\/WOOPIE-\u201epasidaryk-pats-dazymo-rinkinys-\u2013-gipso-figureliu-gamyba-ir-dazymas-\u2013-kaledinis-rinkinys.jpg\" \/>\n\t<meta property=\"og:image:width\" content=\"1000\" \/>\n\t<meta property=\"og:image:height\" content=\"1000\" \/>\n\t<meta property=\"og:image:type\" content=\"image\/jpeg\" \/>\n<meta name=\"twitter:card\" content=\"summary_large_image\" \/>\n<meta name=\"twitter:label1\" content=\"Est. reading time\" \/>\n\t<meta name=\"twitter:data1\" content=\"2 min\u016btes\" \/>\n<script type=\"application\/ld+json\" class=\"yoast-schema-graph\">{\"@context\":\"https:\\\/\\\/schema.org\",\"@graph\":[{\"@type\":\"WebPage\",\"@id\":\"https:\\\/\\\/kidsplay.lt\\\/produktas\\\/woopie-pasidaryk-pats-dazymo-rinkinys-gipso-figureliu-gamyba-ir-dazymas-kaledinis-rinkinys\\\/\",\"url\":\"https:\\\/\\\/kidsplay.lt\\\/produktas\\\/woopie-pasidaryk-pats-dazymo-rinkinys-gipso-figureliu-gamyba-ir-dazymas-kaledinis-rinkinys\\\/\",\"name\":\"WOOPIE \u201epasidaryk pats\u201c da\u017eymo rinkinys \u2013 gipso fig\u016br\u0117li\u0173 gamyba ir da\u017eymas \u2013 kal\u0117dinis rinkinys\",\"isPartOf\":{\"@id\":\"https:\\\/\\\/kidsplay.lt\\\/#website\"},\"primaryImageOfPage\":{\"@id\":\"https:\\\/\\\/kidsplay.lt\\\/produktas\\\/woopie-pasidaryk-pats-dazymo-rinkinys-gipso-figureliu-gamyba-ir-dazymas-kaledinis-rinkinys\\\/#primaryimage\"},\"image\":{\"@id\":\"https:\\\/\\\/kidsplay.lt\\\/produktas\\\/woopie-pasidaryk-pats-dazymo-rinkinys-gipso-figureliu-gamyba-ir-dazymas-kaledinis-rinkinys\\\/#primaryimage\"},\"thumbnailUrl\":\"https:\\\/\\\/kidsplay.lt\\\/wp-content\\\/uploads\\\/2025\\\/10\\\/WOOPIE-\u201epasidaryk-pats-dazymo-rinkinys-\u2013-gipso-figureliu-gamyba-ir-dazymas-\u2013-kaledinis-rinkinys.jpg\",\"datePublished\":\"2025-10-22T07:43:43+00:00\",\"dateModified\":\"2026-04-13T11:24:55+00:00\",\"description\":\"WOOPIE \u201epasidaryk pats\u201c da\u017eymo rinkinys \u2013 gipso fig\u016br\u0117li\u0173 gamyba ir da\u017eymas \u2013 kal\u0117dinis rinkinys - KidsPlay. Did\u017eiausias vaik\u0173 \u017eaisl\u0173 pasirinkimas.\",\"breadcrumb\":{\"@id\":\"https:\\\/\\\/kidsplay.lt\\\/produktas\\\/woopie-pasidaryk-pats-dazymo-rinkinys-gipso-figureliu-gamyba-ir-dazymas-kaledinis-rinkinys\\\/#breadcrumb\"},\"inLanguage\":\"lv-LV\",\"potentialAction\":[{\"@type\":\"ReadAction\",\"target\":[\"https:\\\/\\\/kidsplay.lt\\\/produktas\\\/woopie-pasidaryk-pats-dazymo-rinkinys-gipso-figureliu-gamyba-ir-dazymas-kaledinis-rinkinys\\\/\"]}]},{\"@type\":\"ImageObject\",\"inLanguage\":\"lv-LV\",\"@id\":\"https:\\\/\\\/kidsplay.lt\\\/produktas\\\/woopie-pasidaryk-pats-dazymo-rinkinys-gipso-figureliu-gamyba-ir-dazymas-kaledinis-rinkinys\\\/#primaryimage\",\"url\":\"https:\\\/\\\/kidsplay.lt\\\/wp-content\\\/uploads\\\/2025\\\/10\\\/WOOPIE-\u201epasidaryk-pats-dazymo-rinkinys-\u2013-gipso-figureliu-gamyba-ir-dazymas-\u2013-kaledinis-rinkinys.jpg\",\"contentUrl\":\"https:\\\/\\\/kidsplay.lt\\\/wp-content\\\/uploads\\\/2025\\\/10\\\/WOOPIE-\u201epasidaryk-pats-dazymo-rinkinys-\u2013-gipso-figureliu-gamyba-ir-dazymas-\u2013-kaledinis-rinkinys.jpg\",\"width\":1000,\"height\":1000,\"caption\":\"WOOPIE \u201epasidaryk pats\u201c da\u017eymo rinkinys \u2013 gipso fig\u016br\u0117li\u0173 gamyba ir da\u017eymas \u2013 kal\u0117dinis rinkinys\"},{\"@type\":\"BreadcrumbList\",\"@id\":\"https:\\\/\\\/kidsplay.lt\\\/produktas\\\/woopie-pasidaryk-pats-dazymo-rinkinys-gipso-figureliu-gamyba-ir-dazymas-kaledinis-rinkinys\\\/#breadcrumb\",\"itemListElement\":[{\"@type\":\"ListItem\",\"position\":1,\"name\":\"Pagrindinis\",\"item\":\"https:\\\/\\\/kidsplay.lt\\\/\"},{\"@type\":\"ListItem\",\"position\":2,\"name\":\"Parduotuv\u0117\",\"item\":\"https:\\\/\\\/kidsplay.lt\\\/parduotuve\\\/\"},{\"@type\":\"ListItem\",\"position\":3,\"name\":\"WOOPIE \u201epasidaryk pats\u201c da\u017eymo rinkinys \u2013 gipso fig\u016br\u0117li\u0173 gamyba ir da\u017eymas \u2013 kal\u0117dinis rinkinys\"}]},{\"@type\":\"WebSite\",\"@id\":\"https:\\\/\\\/kidsplay.lt\\\/#website\",\"url\":\"https:\\\/\\\/kidsplay.lt\\\/\",\"name\":\"Kidsplay.lt\",\"description\":\"\u012evairios prek\u0117s vaikams\",\"publisher\":{\"@id\":\"https:\\\/\\\/kidsplay.lt\\\/#organization\"},\"alternateName\":\"Kidsplay\",\"potentialAction\":[{\"@type\":\"SearchAction\",\"target\":{\"@type\":\"EntryPoint\",\"urlTemplate\":\"https:\\\/\\\/kidsplay.lt\\\/?s={search_term_string}\"},\"query-input\":{\"@type\":\"PropertyValueSpecification\",\"valueRequired\":true,\"valueName\":\"search_term_string\"}}],\"inLanguage\":\"lv-LV\"},{\"@type\":\"Organization\",\"@id\":\"https:\\\/\\\/kidsplay.lt\\\/#organization\",\"name\":\"KidsPlay\",\"url\":\"https:\\\/\\\/kidsplay.lt\\\/\",\"logo\":{\"@type\":\"ImageObject\",\"inLanguage\":\"lv-LV\",\"@id\":\"https:\\\/\\\/kidsplay.lt\\\/#\\\/schema\\\/logo\\\/image\\\/\",\"url\":\"https:\\\/\\\/kidsplay.lt\\\/wp-content\\\/uploads\\\/2023\\\/07\\\/kidsplay-logo.png\",\"contentUrl\":\"https:\\\/\\\/kidsplay.lt\\\/wp-content\\\/uploads\\\/2023\\\/07\\\/kidsplay-logo.png\",\"width\":451,\"height\":98,\"caption\":\"KidsPlay\"},\"image\":{\"@id\":\"https:\\\/\\\/kidsplay.lt\\\/#\\\/schema\\\/logo\\\/image\\\/\"},\"sameAs\":[\"https:\\\/\\\/www.facebook.com\\\/www.kidsplay.lt\"]}]}<\/script>\n<!-- \/ Yoast SEO plugin. -->","yoast_head_json":{"title":"WOOPIE DIY glezno\u0161anas komplekts - \u0123ip\u0161a fig\u016bri\u0146u izgatavo\u0161ana un glezno\u0161ana - Ziemassv\u0113tku komplekts","description":"WOOPIE \u201epasidaryk pats\u201c da\u017eymo rinkinys \u2013 gipso fig\u016br\u0117li\u0173 gamyba ir da\u017eymas \u2013 kal\u0117dinis rinkinys - KidsPlay. Did\u017eiausias vaik\u0173 \u017eaisl\u0173 pasirinkimas.","robots":{"index":"index","follow":"follow","max-snippet":"max-snippet:-1","max-image-preview":"max-image-preview:large","max-video-preview":"max-video-preview:-1"},"canonical":"https:\/\/kidsplay.lt\/lv\/products\/woopie-pasidaryk-pats-dazymo-rinkinys-gipso-figureliu-gamyba-ir-dazymas-kaledinis-rinkinys\/","og_locale":"lv_LV","og_type":"article","og_title":"WOOPIE \u201epasidaryk pats\u201c da\u017eymo rinkinys \u2013 gipso fig\u016br\u0117li\u0173 gamyba ir da\u017eymas \u2013 kal\u0117dinis rinkinys","og_description":"WOOPIE \u201epasidaryk pats\u201c da\u017eymo rinkinys \u2013 gipso fig\u016br\u0117li\u0173 gamyba ir da\u017eymas \u2013 kal\u0117dinis rinkinys - KidsPlay. Did\u017eiausias vaik\u0173 \u017eaisl\u0173 pasirinkimas.","og_url":"https:\/\/kidsplay.lt\/lv\/products\/woopie-pasidaryk-pats-dazymo-rinkinys-gipso-figureliu-gamyba-ir-dazymas-kaledinis-rinkinys\/","og_site_name":"KidsPlay","article_publisher":"https:\/\/www.facebook.com\/www.kidsplay.lt","article_modified_time":"2026-04-13T11:24:55+00:00","og_image":[{"width":1000,"height":1000,"url":"https:\/\/kidsplay.lt\/wp-content\/uploads\/2025\/10\/WOOPIE-\u201epasidaryk-pats-dazymo-rinkinys-\u2013-gipso-figureliu-gamyba-ir-dazymas-\u2013-kaledinis-rinkinys.jpg","type":"image\/jpeg"}],"twitter_card":"summary_large_image","twitter_misc":{"Est. reading time":"2 min\u016btes"},"schema":{"@context":"https:\/\/schema.org","@graph":[{"@type":"WebPage","@id":"https:\/\/kidsplay.lt\/produktas\/woopie-pasidaryk-pats-dazymo-rinkinys-gipso-figureliu-gamyba-ir-dazymas-kaledinis-rinkinys\/","url":"https:\/\/kidsplay.lt\/produktas\/woopie-pasidaryk-pats-dazymo-rinkinys-gipso-figureliu-gamyba-ir-dazymas-kaledinis-rinkinys\/","name":"WOOPIE DIY glezno\u0161anas komplekts - \u0123ip\u0161a fig\u016bri\u0146u izgatavo\u0161ana un glezno\u0161ana - Ziemassv\u0113tku komplekts","isPartOf":{"@id":"https:\/\/kidsplay.lt\/#website"},"primaryImageOfPage":{"@id":"https:\/\/kidsplay.lt\/produktas\/woopie-pasidaryk-pats-dazymo-rinkinys-gipso-figureliu-gamyba-ir-dazymas-kaledinis-rinkinys\/#primaryimage"},"image":{"@id":"https:\/\/kidsplay.lt\/produktas\/woopie-pasidaryk-pats-dazymo-rinkinys-gipso-figureliu-gamyba-ir-dazymas-kaledinis-rinkinys\/#primaryimage"},"thumbnailUrl":"https:\/\/kidsplay.lt\/wp-content\/uploads\/2025\/10\/WOOPIE-\u201epasidaryk-pats-dazymo-rinkinys-\u2013-gipso-figureliu-gamyba-ir-dazymas-\u2013-kaledinis-rinkinys.jpg","datePublished":"2025-10-22T07:43:43+00:00","dateModified":"2026-04-13T11:24:55+00:00","description":"WOOPIE \u201epasidaryk pats\u201c da\u017eymo rinkinys \u2013 gipso fig\u016br\u0117li\u0173 gamyba ir da\u017eymas \u2013 kal\u0117dinis rinkinys - KidsPlay. Did\u017eiausias vaik\u0173 \u017eaisl\u0173 pasirinkimas.","breadcrumb":{"@id":"https:\/\/kidsplay.lt\/produktas\/woopie-pasidaryk-pats-dazymo-rinkinys-gipso-figureliu-gamyba-ir-dazymas-kaledinis-rinkinys\/#breadcrumb"},"inLanguage":"lv-LV","potentialAction":[{"@type":"ReadAction","target":["https:\/\/kidsplay.lt\/produktas\/woopie-pasidaryk-pats-dazymo-rinkinys-gipso-figureliu-gamyba-ir-dazymas-kaledinis-rinkinys\/"]}]},{"@type":"ImageObject","inLanguage":"lv-LV","@id":"https:\/\/kidsplay.lt\/produktas\/woopie-pasidaryk-pats-dazymo-rinkinys-gipso-figureliu-gamyba-ir-dazymas-kaledinis-rinkinys\/#primaryimage","url":"https:\/\/kidsplay.lt\/wp-content\/uploads\/2025\/10\/WOOPIE-\u201epasidaryk-pats-dazymo-rinkinys-\u2013-gipso-figureliu-gamyba-ir-dazymas-\u2013-kaledinis-rinkinys.jpg","contentUrl":"https:\/\/kidsplay.lt\/wp-content\/uploads\/2025\/10\/WOOPIE-\u201epasidaryk-pats-dazymo-rinkinys-\u2013-gipso-figureliu-gamyba-ir-dazymas-\u2013-kaledinis-rinkinys.jpg","width":1000,"height":1000,"caption":"WOOPIE \u201epasidaryk pats\u201c da\u017eymo rinkinys \u2013 gipso fig\u016br\u0117li\u0173 gamyba ir da\u017eymas \u2013 kal\u0117dinis rinkinys"},{"@type":"BreadcrumbList","@id":"https:\/\/kidsplay.lt\/produktas\/woopie-pasidaryk-pats-dazymo-rinkinys-gipso-figureliu-gamyba-ir-dazymas-kaledinis-rinkinys\/#breadcrumb","itemListElement":[{"@type":"ListItem","position":1,"name":"Pagrindinis","item":"https:\/\/kidsplay.lt\/"},{"@type":"ListItem","position":2,"name":"Parduotuv\u0117","item":"https:\/\/kidsplay.lt\/parduotuve\/"},{"@type":"ListItem","position":3,"name":"WOOPIE \u201epasidaryk pats\u201c da\u017eymo rinkinys \u2013 gipso fig\u016br\u0117li\u0173 gamyba ir da\u017eymas \u2013 kal\u0117dinis rinkinys"}]},{"@type":"WebSite","@id":"https:\/\/kidsplay.lt\/#website","url":"https:\/\/kidsplay.lt\/","name":"B\u0113rnu sp\u0113les.lv","description":"\u012evairios prek\u0117s vaikams","publisher":{"@id":"https:\/\/kidsplay.lt\/#organization"},"alternateName":"Kidsplay","potentialAction":[{"@type":"SearchAction","target":{"@type":"EntryPoint","urlTemplate":"https:\/\/kidsplay.lt\/?s={search_term_string}"},"query-input":{"@type":"PropertyValueSpecification","valueRequired":true,"valueName":"search_term_string"}}],"inLanguage":"lv-LV"},{"@type":"Organization","@id":"https:\/\/kidsplay.lt\/#organization","name":"B\u0113rnu sp\u0113le","url":"https:\/\/kidsplay.lt\/","logo":{"@type":"ImageObject","inLanguage":"lv-LV","@id":"https:\/\/kidsplay.lt\/#\/schema\/logo\/image\/","url":"https:\/\/kidsplay.lt\/wp-content\/uploads\/2023\/07\/kidsplay-logo.png","contentUrl":"https:\/\/kidsplay.lt\/wp-content\/uploads\/2023\/07\/kidsplay-logo.png","width":451,"height":98,"caption":"KidsPlay"},"image":{"@id":"https:\/\/kidsplay.lt\/#\/schema\/logo\/image\/"},"sameAs":["https:\/\/www.facebook.com\/www.kidsplay.lt"]}]}},"_links":{"self":[{"href":"https:\/\/kidsplay.lt\/lv\/wp-json\/wp\/v2\/product\/77419","targetHints":{"allow":["GET"]}}],"collection":[{"href":"https:\/\/kidsplay.lt\/lv\/wp-json\/wp\/v2\/product"}],"about":[{"href":"https:\/\/kidsplay.lt\/lv\/wp-json\/wp\/v2\/types\/product"}],"version-history":[{"count":1,"href":"https:\/\/kidsplay.lt\/lv\/wp-json\/wp\/v2\/product\/77419\/revisions"}],"predecessor-version":[{"id":77420,"href":"https:\/\/kidsplay.lt\/lv\/wp-json\/wp\/v2\/product\/77419\/revisions\/77420"}],"wp:featuredmedia":[{"embeddable":true,"href":"https:\/\/kidsplay.lt\/lv\/wp-json\/wp\/v2\/media\/77421"}],"wp:attachment":[{"href":"https:\/\/kidsplay.lt\/lv\/wp-json\/wp\/v2\/media?parent=77419"}],"wp:term":[{"taxonomy":"product_brand","embeddable":true,"href":"https:\/\/kidsplay.lt\/lv\/wp-json\/wp\/v2\/product_brand?post=77419"},{"taxonomy":"product_cat","embeddable":true,"href":"https:\/\/kidsplay.lt\/lv\/wp-json\/wp\/v2\/product_cat?post=77419"},{"taxonomy":"product_tag","embeddable":true,"href":"https:\/\/kidsplay.lt\/lv\/wp-json\/wp\/v2\/product_tag?post=77419"}],"curies":[{"name":"wp","href":"https:\/\/api.w.org\/{rel}","templated":true}]}}