{"id":77449,"date":"2025-10-22T10:45:21","date_gmt":"2025-10-22T07:45:21","guid":{"rendered":"https:\/\/kidsplay.lt\/produktas\/woopie-garazo-automobiliu-stovejimo-aikstele-priesgaisrine-gelbejimo-tarnyba-43-el\/"},"modified":"2026-04-13T14:24:59","modified_gmt":"2026-04-13T11:24:59","slug":"woopie-garazo-automobiliu-stovejimo-aikstele-priesgaisrine-gelbejimo-tarnyba-43-el","status":"publish","type":"product","link":"https:\/\/kidsplay.lt\/lv\/products\/woopie-garazo-automobiliu-stovejimo-aikstele-priesgaisrine-gelbejimo-tarnyba-43-el\/","title":{"rendered":"WOOPIE gar\u0101\u017eas autost\u0101vvieta, ugunsdz\u0113s\u012bbas un gl\u0101b\u0161anas dienests, 43 e."},"content":{"rendered":"<p>\u201eWoopie\u00a0\u201c gaisrin\u0117s automobili\u0173\u00a0\u00a0stov\u0117jimo aik\u0161tel\u0117\u00a0su priedais ir transporto priemon\u0117mis yra\u00a0fantasti\u0161kas\u00a0teminis rinkinys kiekvienam ma\u017eajam automobili\u0173 ir uniformuot\u0173 tarnyb\u0173 entuziastui! \u0160is \u017eaislas d\u017eiugina\u00a0detali\u0173 gausa\u00a0, detali\u0173 skai\u010diumi, ry\u0161kiomis spalvomis ir daugybe \u017eaidimo galimybi\u0173. Dviej\u0173 auk\u0161t\u0173 automobili\u0173 stov\u0117jimo aik\u0161tel\u0117 su rampomis, sraigtasparnio nusileidimo aik\u0161tele ir daugybe pried\u0173 leid\u017eia vaikams\u00a0kurti savo \u017eaidimo scenarijus\u00a0, kuriuos riboja tik j\u0173 vaizduot\u0117. Trys metaliniai automobiliai ir sraigtasparnis leid\u017eia naudotis visomis gara\u017eo funkcijomis, tod\u0117l galima smagiai leisti laik\u0105 su broliais ir seserimis ar draugais, taip pat \u017eaisti ma\u017eojo ugniagesio vaidmenimis.<\/p>\n<p>Rakstur\u012bgs:<\/p>\n<p> \t&#8211;\u00a0\u00a0\u017daislas vaikams\u00a0\u00a0nuo 3 met\u0173 am\u017eiaus<br \/>\n \t&#8211;\u00a0\u00a0Net 43 elementai\u00a0rinkinyje u\u017etikrina ilgas ir k\u016brybingas pramogas<br \/>\n \t&#8211;\u00a0\u00a0Dviej\u0173 lygi\u0173 automobili\u0173 stov\u0117jimo aik\u0161tel\u0117\u00a0su rampomis, \u010diuo\u017eyklomis ir sraigtasparni\u0173 nusileidimo aik\u0161tele<br \/>\n \t&#8211;\u00a0\u00a0Realisti\u0161kos detal\u0117s\u00a0: degalin\u0117, u\u017etvaras, kelio \u017eenklai, \u0161viesoforai, sargo b\u016bdel\u0117<br \/>\n \t&#8211;\u00a0\u00a0Rinkinyje yra gaisrin\u0117s ma\u0161inos ir sraigtasparnis\u00a0\u012fvairiems vaidmen\u0173 \u017eaidimams<br \/>\n \t&#8211;\u00a0\u00a0Tvirta konstrukcija\u00a0, pagaminta i\u0161 patvaraus plastiko \u2013 saugi vaikams<br \/>\n \t&#8211;\u00a0\u00a0Ry\u0161kios spalvos\u00a0ir realisti\u0161kas dizainas pritraukia d\u0117mes\u012f ir skatina \u017eaisti<\/p>\n<p>Komplekt\u0101 ietilpst:<\/p>\n<p> \t&#8211; Dviej\u0173 auk\u0161t\u0173 automobili\u0173 stov\u0117jimo aik\u0161tel\u0117 su rampomis ir nusileidimo aik\u0161tele<br \/>\n \t&#8211; 43 elementai, \u012fskaitant: \u0161viesoforus, \u017eenklus, u\u017etvaras, u\u017etvaras<br \/>\n \t&#8211; metaliniai gaisriniai automobiliai (\u00a03 atsitiktiniai modeliai\u00a0)<br \/>\n \t&#8211; 1 ugniagesi\u0173 sraigtasparnis<\/p>\n<p>Rota\u013clieta att\u012bst\u0101s:<\/p>\n<p> \t&#8211; Vaizduot\u0117 ir k\u016brybi\u0161kumas<br \/>\n \t&#8211; Motorin\u0117 koordinacija<br \/>\n \t\u2013 Lo\u0123isk\u0101 dom\u0101\u0161ana<br \/>\n \t&#8211; Geb\u0117jimas atpa\u017einti socialinius vaidmenis<br \/>\n \t&#8211; Kantryb\u0117 ir susikaupimas<\/p>","protected":false},"excerpt":{"rendered":"<p>\u201eWoopie\u00a0\u201c gaisrin\u0117s automobili\u0173\u00a0\u00a0stov\u0117jimo aik\u0161tel\u0117\u00a0su priedais ir transporto priemon\u0117mis yra\u00a0fantasti\u0161kas\u00a0teminis rinkinys kiekvienam ma\u017eajam automobili\u0173 ir uniformuot\u0173 tarnyb\u0173 entuziastui! \u0160is \u017eaislas d\u017eiugina\u00a0detali\u0173<\/p>","protected":false},"featured_media":77451,"template":"","meta":{"_acf_changed":false,"_glsr_average":0,"_glsr_ranking":0,"_glsr_reviews":0},"product_brand":[],"product_cat":[448,229],"product_tag":[],"class_list":{"0":"post-77449","1":"product","2":"type-product","3":"status-publish","4":"has-post-thumbnail","6":"product_cat-automobiliai-ir-transportas","7":"product_cat-zaislai-vaikams","8":"\"style=\"background-color: #2ecc711c;\"","10":"first","11":"instock","12":"purchasable","13":"product-type-simple"},"acf":[],"yoast_head":"<!-- This site is optimized with the Yoast SEO plugin v27.3 - https:\/\/yoast.com\/product\/yoast-seo-wordpress\/ -->\n<title>WOOPIE gara\u017eo automobili\u0173 stov\u0117jimo aik\u0161tel\u0117, prie\u0161gaisrin\u0117 gelb\u0117jimo tarnyba, 43 el.<\/title>\n<meta name=\"description\" content=\"WOOPIE gara\u017eo automobili\u0173 stov\u0117jimo aik\u0161tel\u0117, prie\u0161gaisrin\u0117 gelb\u0117jimo tarnyba, 43 el. - KidsPlay. Did\u017eiausias vaik\u0173 \u017eaisl\u0173 pasirinkimas.\" \/>\n<meta name=\"robots\" content=\"index, follow, max-snippet:-1, max-image-preview:large, max-video-preview:-1\" \/>\n<link rel=\"canonical\" href=\"https:\/\/kidsplay.lt\/lv\/products\/woopie-garazo-automobiliu-stovejimo-aikstele-priesgaisrine-gelbejimo-tarnyba-43-el\/\" \/>\n<meta property=\"og:locale\" content=\"lv_LV\" \/>\n<meta property=\"og:type\" content=\"article\" \/>\n<meta property=\"og:title\" content=\"WOOPIE gara\u017eo automobili\u0173 stov\u0117jimo aik\u0161tel\u0117, prie\u0161gaisrin\u0117 gelb\u0117jimo tarnyba, 43 el.\" \/>\n<meta property=\"og:description\" content=\"WOOPIE gara\u017eo automobili\u0173 stov\u0117jimo aik\u0161tel\u0117, prie\u0161gaisrin\u0117 gelb\u0117jimo tarnyba, 43 el. - KidsPlay. Did\u017eiausias vaik\u0173 \u017eaisl\u0173 pasirinkimas.\" \/>\n<meta property=\"og:url\" content=\"https:\/\/kidsplay.lt\/lv\/products\/woopie-garazo-automobiliu-stovejimo-aikstele-priesgaisrine-gelbejimo-tarnyba-43-el\/\" \/>\n<meta property=\"og:site_name\" content=\"KidsPlay\" \/>\n<meta property=\"article:publisher\" content=\"https:\/\/www.facebook.com\/www.kidsplay.lt\" \/>\n<meta property=\"article:modified_time\" content=\"2026-04-13T11:24:59+00:00\" \/>\n<meta property=\"og:image\" content=\"https:\/\/kidsplay.lt\/wp-content\/uploads\/2025\/10\/WOOPIE-garazo-automobiliu-stovejimo-aikstele-priesgaisrine-gelbejimo-tarnyba-43-el.jpg\" \/>\n\t<meta property=\"og:image:width\" content=\"1000\" \/>\n\t<meta property=\"og:image:height\" content=\"1000\" \/>\n\t<meta property=\"og:image:type\" content=\"image\/jpeg\" \/>\n<meta name=\"twitter:card\" content=\"summary_large_image\" \/>\n<meta name=\"twitter:label1\" content=\"Est. reading time\" \/>\n\t<meta name=\"twitter:data1\" content=\"1 min\u016bte\" \/>\n<script type=\"application\/ld+json\" class=\"yoast-schema-graph\">{\"@context\":\"https:\\\/\\\/schema.org\",\"@graph\":[{\"@type\":\"WebPage\",\"@id\":\"https:\\\/\\\/kidsplay.lt\\\/produktas\\\/woopie-garazo-automobiliu-stovejimo-aikstele-priesgaisrine-gelbejimo-tarnyba-43-el\\\/\",\"url\":\"https:\\\/\\\/kidsplay.lt\\\/produktas\\\/woopie-garazo-automobiliu-stovejimo-aikstele-priesgaisrine-gelbejimo-tarnyba-43-el\\\/\",\"name\":\"WOOPIE gara\u017eo automobili\u0173 stov\u0117jimo aik\u0161tel\u0117, prie\u0161gaisrin\u0117 gelb\u0117jimo tarnyba, 43 el.\",\"isPartOf\":{\"@id\":\"https:\\\/\\\/kidsplay.lt\\\/#website\"},\"primaryImageOfPage\":{\"@id\":\"https:\\\/\\\/kidsplay.lt\\\/produktas\\\/woopie-garazo-automobiliu-stovejimo-aikstele-priesgaisrine-gelbejimo-tarnyba-43-el\\\/#primaryimage\"},\"image\":{\"@id\":\"https:\\\/\\\/kidsplay.lt\\\/produktas\\\/woopie-garazo-automobiliu-stovejimo-aikstele-priesgaisrine-gelbejimo-tarnyba-43-el\\\/#primaryimage\"},\"thumbnailUrl\":\"https:\\\/\\\/kidsplay.lt\\\/wp-content\\\/uploads\\\/2025\\\/10\\\/WOOPIE-garazo-automobiliu-stovejimo-aikstele-priesgaisrine-gelbejimo-tarnyba-43-el.jpg\",\"datePublished\":\"2025-10-22T07:45:21+00:00\",\"dateModified\":\"2026-04-13T11:24:59+00:00\",\"description\":\"WOOPIE gara\u017eo automobili\u0173 stov\u0117jimo aik\u0161tel\u0117, prie\u0161gaisrin\u0117 gelb\u0117jimo tarnyba, 43 el. - KidsPlay. Did\u017eiausias vaik\u0173 \u017eaisl\u0173 pasirinkimas.\",\"breadcrumb\":{\"@id\":\"https:\\\/\\\/kidsplay.lt\\\/produktas\\\/woopie-garazo-automobiliu-stovejimo-aikstele-priesgaisrine-gelbejimo-tarnyba-43-el\\\/#breadcrumb\"},\"inLanguage\":\"lv-LV\",\"potentialAction\":[{\"@type\":\"ReadAction\",\"target\":[\"https:\\\/\\\/kidsplay.lt\\\/produktas\\\/woopie-garazo-automobiliu-stovejimo-aikstele-priesgaisrine-gelbejimo-tarnyba-43-el\\\/\"]}]},{\"@type\":\"ImageObject\",\"inLanguage\":\"lv-LV\",\"@id\":\"https:\\\/\\\/kidsplay.lt\\\/produktas\\\/woopie-garazo-automobiliu-stovejimo-aikstele-priesgaisrine-gelbejimo-tarnyba-43-el\\\/#primaryimage\",\"url\":\"https:\\\/\\\/kidsplay.lt\\\/wp-content\\\/uploads\\\/2025\\\/10\\\/WOOPIE-garazo-automobiliu-stovejimo-aikstele-priesgaisrine-gelbejimo-tarnyba-43-el.jpg\",\"contentUrl\":\"https:\\\/\\\/kidsplay.lt\\\/wp-content\\\/uploads\\\/2025\\\/10\\\/WOOPIE-garazo-automobiliu-stovejimo-aikstele-priesgaisrine-gelbejimo-tarnyba-43-el.jpg\",\"width\":1000,\"height\":1000,\"caption\":\"WOOPIE gara\u017eo automobili\u0173 stov\u0117jimo aik\u0161tel\u0117\"},{\"@type\":\"BreadcrumbList\",\"@id\":\"https:\\\/\\\/kidsplay.lt\\\/produktas\\\/woopie-garazo-automobiliu-stovejimo-aikstele-priesgaisrine-gelbejimo-tarnyba-43-el\\\/#breadcrumb\",\"itemListElement\":[{\"@type\":\"ListItem\",\"position\":1,\"name\":\"Pagrindinis\",\"item\":\"https:\\\/\\\/kidsplay.lt\\\/\"},{\"@type\":\"ListItem\",\"position\":2,\"name\":\"Parduotuv\u0117\",\"item\":\"https:\\\/\\\/kidsplay.lt\\\/parduotuve\\\/\"},{\"@type\":\"ListItem\",\"position\":3,\"name\":\"WOOPIE gara\u017eo automobili\u0173 stov\u0117jimo aik\u0161tel\u0117, prie\u0161gaisrin\u0117 gelb\u0117jimo tarnyba, 43 el.\"}]},{\"@type\":\"WebSite\",\"@id\":\"https:\\\/\\\/kidsplay.lt\\\/#website\",\"url\":\"https:\\\/\\\/kidsplay.lt\\\/\",\"name\":\"Kidsplay.lt\",\"description\":\"\u012evairios prek\u0117s vaikams\",\"publisher\":{\"@id\":\"https:\\\/\\\/kidsplay.lt\\\/#organization\"},\"alternateName\":\"Kidsplay\",\"potentialAction\":[{\"@type\":\"SearchAction\",\"target\":{\"@type\":\"EntryPoint\",\"urlTemplate\":\"https:\\\/\\\/kidsplay.lt\\\/?s={search_term_string}\"},\"query-input\":{\"@type\":\"PropertyValueSpecification\",\"valueRequired\":true,\"valueName\":\"search_term_string\"}}],\"inLanguage\":\"lv-LV\"},{\"@type\":\"Organization\",\"@id\":\"https:\\\/\\\/kidsplay.lt\\\/#organization\",\"name\":\"KidsPlay\",\"url\":\"https:\\\/\\\/kidsplay.lt\\\/\",\"logo\":{\"@type\":\"ImageObject\",\"inLanguage\":\"lv-LV\",\"@id\":\"https:\\\/\\\/kidsplay.lt\\\/#\\\/schema\\\/logo\\\/image\\\/\",\"url\":\"https:\\\/\\\/kidsplay.lt\\\/wp-content\\\/uploads\\\/2023\\\/07\\\/kidsplay-logo.png\",\"contentUrl\":\"https:\\\/\\\/kidsplay.lt\\\/wp-content\\\/uploads\\\/2023\\\/07\\\/kidsplay-logo.png\",\"width\":451,\"height\":98,\"caption\":\"KidsPlay\"},\"image\":{\"@id\":\"https:\\\/\\\/kidsplay.lt\\\/#\\\/schema\\\/logo\\\/image\\\/\"},\"sameAs\":[\"https:\\\/\\\/www.facebook.com\\\/www.kidsplay.lt\"]}]}<\/script>\n<!-- \/ Yoast SEO plugin. -->","yoast_head_json":{"title":"WOOPIE gar\u0101\u017eas autost\u0101vvieta, ugunsdz\u0113s\u012bbas un gl\u0101b\u0161anas dienests, 43 e.","description":"WOOPIE gara\u017eo automobili\u0173 stov\u0117jimo aik\u0161tel\u0117, prie\u0161gaisrin\u0117 gelb\u0117jimo tarnyba, 43 el. - KidsPlay. Did\u017eiausias vaik\u0173 \u017eaisl\u0173 pasirinkimas.","robots":{"index":"index","follow":"follow","max-snippet":"max-snippet:-1","max-image-preview":"max-image-preview:large","max-video-preview":"max-video-preview:-1"},"canonical":"https:\/\/kidsplay.lt\/lv\/products\/woopie-garazo-automobiliu-stovejimo-aikstele-priesgaisrine-gelbejimo-tarnyba-43-el\/","og_locale":"lv_LV","og_type":"article","og_title":"WOOPIE gara\u017eo automobili\u0173 stov\u0117jimo aik\u0161tel\u0117, prie\u0161gaisrin\u0117 gelb\u0117jimo tarnyba, 43 el.","og_description":"WOOPIE gara\u017eo automobili\u0173 stov\u0117jimo aik\u0161tel\u0117, prie\u0161gaisrin\u0117 gelb\u0117jimo tarnyba, 43 el. - KidsPlay. Did\u017eiausias vaik\u0173 \u017eaisl\u0173 pasirinkimas.","og_url":"https:\/\/kidsplay.lt\/lv\/products\/woopie-garazo-automobiliu-stovejimo-aikstele-priesgaisrine-gelbejimo-tarnyba-43-el\/","og_site_name":"KidsPlay","article_publisher":"https:\/\/www.facebook.com\/www.kidsplay.lt","article_modified_time":"2026-04-13T11:24:59+00:00","og_image":[{"width":1000,"height":1000,"url":"https:\/\/kidsplay.lt\/wp-content\/uploads\/2025\/10\/WOOPIE-garazo-automobiliu-stovejimo-aikstele-priesgaisrine-gelbejimo-tarnyba-43-el.jpg","type":"image\/jpeg"}],"twitter_card":"summary_large_image","twitter_misc":{"Est. reading time":"1 min\u016bte"},"schema":{"@context":"https:\/\/schema.org","@graph":[{"@type":"WebPage","@id":"https:\/\/kidsplay.lt\/produktas\/woopie-garazo-automobiliu-stovejimo-aikstele-priesgaisrine-gelbejimo-tarnyba-43-el\/","url":"https:\/\/kidsplay.lt\/produktas\/woopie-garazo-automobiliu-stovejimo-aikstele-priesgaisrine-gelbejimo-tarnyba-43-el\/","name":"WOOPIE gar\u0101\u017eas autost\u0101vvieta, ugunsdz\u0113s\u012bbas un gl\u0101b\u0161anas dienests, 43 e.","isPartOf":{"@id":"https:\/\/kidsplay.lt\/#website"},"primaryImageOfPage":{"@id":"https:\/\/kidsplay.lt\/produktas\/woopie-garazo-automobiliu-stovejimo-aikstele-priesgaisrine-gelbejimo-tarnyba-43-el\/#primaryimage"},"image":{"@id":"https:\/\/kidsplay.lt\/produktas\/woopie-garazo-automobiliu-stovejimo-aikstele-priesgaisrine-gelbejimo-tarnyba-43-el\/#primaryimage"},"thumbnailUrl":"https:\/\/kidsplay.lt\/wp-content\/uploads\/2025\/10\/WOOPIE-garazo-automobiliu-stovejimo-aikstele-priesgaisrine-gelbejimo-tarnyba-43-el.jpg","datePublished":"2025-10-22T07:45:21+00:00","dateModified":"2026-04-13T11:24:59+00:00","description":"WOOPIE gara\u017eo automobili\u0173 stov\u0117jimo aik\u0161tel\u0117, prie\u0161gaisrin\u0117 gelb\u0117jimo tarnyba, 43 el. - KidsPlay. Did\u017eiausias vaik\u0173 \u017eaisl\u0173 pasirinkimas.","breadcrumb":{"@id":"https:\/\/kidsplay.lt\/produktas\/woopie-garazo-automobiliu-stovejimo-aikstele-priesgaisrine-gelbejimo-tarnyba-43-el\/#breadcrumb"},"inLanguage":"lv-LV","potentialAction":[{"@type":"ReadAction","target":["https:\/\/kidsplay.lt\/produktas\/woopie-garazo-automobiliu-stovejimo-aikstele-priesgaisrine-gelbejimo-tarnyba-43-el\/"]}]},{"@type":"ImageObject","inLanguage":"lv-LV","@id":"https:\/\/kidsplay.lt\/produktas\/woopie-garazo-automobiliu-stovejimo-aikstele-priesgaisrine-gelbejimo-tarnyba-43-el\/#primaryimage","url":"https:\/\/kidsplay.lt\/wp-content\/uploads\/2025\/10\/WOOPIE-garazo-automobiliu-stovejimo-aikstele-priesgaisrine-gelbejimo-tarnyba-43-el.jpg","contentUrl":"https:\/\/kidsplay.lt\/wp-content\/uploads\/2025\/10\/WOOPIE-garazo-automobiliu-stovejimo-aikstele-priesgaisrine-gelbejimo-tarnyba-43-el.jpg","width":1000,"height":1000,"caption":"WOOPIE gara\u017eo automobili\u0173 stov\u0117jimo aik\u0161tel\u0117"},{"@type":"BreadcrumbList","@id":"https:\/\/kidsplay.lt\/produktas\/woopie-garazo-automobiliu-stovejimo-aikstele-priesgaisrine-gelbejimo-tarnyba-43-el\/#breadcrumb","itemListElement":[{"@type":"ListItem","position":1,"name":"Pagrindinis","item":"https:\/\/kidsplay.lt\/"},{"@type":"ListItem","position":2,"name":"Parduotuv\u0117","item":"https:\/\/kidsplay.lt\/parduotuve\/"},{"@type":"ListItem","position":3,"name":"WOOPIE gara\u017eo automobili\u0173 stov\u0117jimo aik\u0161tel\u0117, prie\u0161gaisrin\u0117 gelb\u0117jimo tarnyba, 43 el."}]},{"@type":"WebSite","@id":"https:\/\/kidsplay.lt\/#website","url":"https:\/\/kidsplay.lt\/","name":"B\u0113rnu sp\u0113les.lv","description":"\u012evairios prek\u0117s vaikams","publisher":{"@id":"https:\/\/kidsplay.lt\/#organization"},"alternateName":"Kidsplay","potentialAction":[{"@type":"SearchAction","target":{"@type":"EntryPoint","urlTemplate":"https:\/\/kidsplay.lt\/?s={search_term_string}"},"query-input":{"@type":"PropertyValueSpecification","valueRequired":true,"valueName":"search_term_string"}}],"inLanguage":"lv-LV"},{"@type":"Organization","@id":"https:\/\/kidsplay.lt\/#organization","name":"B\u0113rnu sp\u0113le","url":"https:\/\/kidsplay.lt\/","logo":{"@type":"ImageObject","inLanguage":"lv-LV","@id":"https:\/\/kidsplay.lt\/#\/schema\/logo\/image\/","url":"https:\/\/kidsplay.lt\/wp-content\/uploads\/2023\/07\/kidsplay-logo.png","contentUrl":"https:\/\/kidsplay.lt\/wp-content\/uploads\/2023\/07\/kidsplay-logo.png","width":451,"height":98,"caption":"KidsPlay"},"image":{"@id":"https:\/\/kidsplay.lt\/#\/schema\/logo\/image\/"},"sameAs":["https:\/\/www.facebook.com\/www.kidsplay.lt"]}]}},"_links":{"self":[{"href":"https:\/\/kidsplay.lt\/lv\/wp-json\/wp\/v2\/product\/77449","targetHints":{"allow":["GET"]}}],"collection":[{"href":"https:\/\/kidsplay.lt\/lv\/wp-json\/wp\/v2\/product"}],"about":[{"href":"https:\/\/kidsplay.lt\/lv\/wp-json\/wp\/v2\/types\/product"}],"version-history":[{"count":1,"href":"https:\/\/kidsplay.lt\/lv\/wp-json\/wp\/v2\/product\/77449\/revisions"}],"predecessor-version":[{"id":77450,"href":"https:\/\/kidsplay.lt\/lv\/wp-json\/wp\/v2\/product\/77449\/revisions\/77450"}],"wp:featuredmedia":[{"embeddable":true,"href":"https:\/\/kidsplay.lt\/lv\/wp-json\/wp\/v2\/media\/77451"}],"wp:attachment":[{"href":"https:\/\/kidsplay.lt\/lv\/wp-json\/wp\/v2\/media?parent=77449"}],"wp:term":[{"taxonomy":"product_brand","embeddable":true,"href":"https:\/\/kidsplay.lt\/lv\/wp-json\/wp\/v2\/product_brand?post=77449"},{"taxonomy":"product_cat","embeddable":true,"href":"https:\/\/kidsplay.lt\/lv\/wp-json\/wp\/v2\/product_cat?post=77449"},{"taxonomy":"product_tag","embeddable":true,"href":"https:\/\/kidsplay.lt\/lv\/wp-json\/wp\/v2\/product_tag?post=77449"}],"curies":[{"name":"wp","href":"https:\/\/api.w.org\/{rel}","templated":true}]}}