{"id":77464,"date":"2025-10-22T10:46:15","date_gmt":"2025-10-22T07:46:15","guid":{"rendered":"https:\/\/kidsplay.lt\/produktas\/woopie-magnetine-lenta-vaikams-montessori-magpad-dinozauras\/"},"modified":"2026-04-07T10:04:07","modified_gmt":"2026-04-07T07:04:07","slug":"woopie-magnetine-lenta-vaikams-montessori-magpad-dinozauras","status":"publish","type":"product","link":"https:\/\/kidsplay.lt\/lv\/products\/woopie-magnetine-lenta-vaikams-montessori-magpad-dinozauras\/","title":{"rendered":"WOOPIE magn\u0113tisk\u0101 t\u0101fele b\u0113rniem Montessori MagPad dinozaurs"},"content":{"rendered":"<p>WOOPIE\u00a0\u201e\u00a0MagPad\u201c\u00a0magnetin\u0117 lenta\u00a0atveria duris \u012f k\u016brybi\u0161kumo ir lavinimo pasaul\u012f j\u016bs\u0173 vaikui. \u0160i unikali lenta leid\u017eia j\u016bs\u0173 vaikui\u00a0kurti unikalius ra\u0161tus ir mozaikas\u00a0. Be pa\u010dios lentos, rinkinyje yra magnetinis \u017eymeklis ir magnetin\u0117s sagos k\u016brybai. Vienintel\u0117s ribos yra j\u0173 vaizduot\u0117 ir k\u016brybi\u0161kumas \u2013 vaikai gali laisvai kurti ra\u0161tus pagal savo id\u0117jas.\u00a0Sagos yra tvirtos ir patvarios\u00a0, o surinkimas\u00a0intuityvus ir paprastas\u00a0. \u0160is rinkinys yra ne tik smagus, bet ir puiki\u00a0priemon\u0117 mokytis\u00a0ir lavinti rankinius \u012fg\u016bd\u017eius, susikaupim\u0105 ir vaizduot\u0119.<\/p>\n<p>Produkto savyb\u0117s:<\/p>\n<p>&#8211; Tinka vaikams\u00a0nuo 3 met\u0173 am\u017eiaus &#8211;\u00a0\u012evairi\u0173 spalv\u0173<br \/>\nmagnetin\u0117s sagos\u00a0&#8211;\u00a0Paprasta naudoti\u00a0&#8211; Nereikia joki\u0173 papildom\u0173 \u012franki\u0173\u00a0&#8211; Sukurkite bet kok\u012f norim\u0105 ra\u0161t\u0105!\u00a0&#8211;\u00a0Skatina k\u016brybi\u0161kum\u0105, vaizduot\u0119\u00a0ir lavina\u00a0rank\u0173 miklum\u0105<\/p>\n<p>Rinkin\u012f sudaro:<\/p>\n<p>&#8211; MagPad magnetin\u0117 lenta<br \/>\n&#8211; magnetinis \u017eymeklis<br \/>\n&#8211; 6 dvipusiai \u0161ablonai (i\u0161 viso 12 dizain\u0173)<\/p>","protected":false},"excerpt":{"rendered":"<p>WOOPIE\u00a0\u201e\u00a0MagPad\u201c\u00a0magnetin\u0117 lenta\u00a0atveria duris \u012f k\u016brybi\u0161kumo ir lavinimo pasaul\u012f j\u016bs\u0173 vaikui. \u0160i unikali lenta leid\u017eia j\u016bs\u0173 vaikui\u00a0kurti unikalius ra\u0161tus ir mozaikas\u00a0.<\/p>","protected":false},"featured_media":77466,"template":"","meta":{"_acf_changed":false,"_glsr_average":0,"_glsr_ranking":0,"_glsr_reviews":0},"product_brand":[],"product_cat":[388,229],"product_tag":[],"class_list":{"0":"post-77464","1":"product","2":"type-product","3":"status-publish","4":"has-post-thumbnail","6":"product_cat-edukaciniai-lavinamieji-zaislai","7":"product_cat-zaislai-vaikams","8":"\"style=\"background-color: #2ecc711c;\"","10":"first","11":"instock","12":"purchasable","13":"product-type-simple"},"acf":[],"yoast_head":"<!-- This site is optimized with the Yoast SEO plugin v27.3 - https:\/\/yoast.com\/product\/yoast-seo-wordpress\/ -->\n<title>WOOPIE magnetin\u0117 lenta vaikams Montessori MagPad dinozauras<\/title>\n<meta name=\"description\" content=\"WOOPIE magnetin\u0117 lenta vaikams Montessori MagPad dinozauras - KidsPlay. Did\u017eiausias vaik\u0173 \u017eaisl\u0173 pasirinkimas.\" \/>\n<meta name=\"robots\" content=\"index, follow, max-snippet:-1, max-image-preview:large, max-video-preview:-1\" \/>\n<link rel=\"canonical\" href=\"https:\/\/kidsplay.lt\/lv\/products\/woopie-magnetine-lenta-vaikams-montessori-magpad-dinozauras\/\" \/>\n<meta property=\"og:locale\" content=\"lv_LV\" \/>\n<meta property=\"og:type\" content=\"article\" \/>\n<meta property=\"og:title\" content=\"WOOPIE magnetin\u0117 lenta vaikams Montessori MagPad dinozauras\" \/>\n<meta property=\"og:description\" content=\"WOOPIE magnetin\u0117 lenta vaikams Montessori MagPad dinozauras - KidsPlay. Did\u017eiausias vaik\u0173 \u017eaisl\u0173 pasirinkimas.\" \/>\n<meta property=\"og:url\" content=\"https:\/\/kidsplay.lt\/lv\/products\/woopie-magnetine-lenta-vaikams-montessori-magpad-dinozauras\/\" \/>\n<meta property=\"og:site_name\" content=\"KidsPlay\" \/>\n<meta property=\"article:publisher\" content=\"https:\/\/www.facebook.com\/www.kidsplay.lt\" \/>\n<meta property=\"article:modified_time\" content=\"2026-04-07T07:04:07+00:00\" \/>\n<meta property=\"og:image\" content=\"https:\/\/kidsplay.lt\/wp-content\/uploads\/2025\/10\/WOOPIE-magnetine-lenta-vaikams-Montessori-MagPad-dinozauras.jpg\" \/>\n\t<meta property=\"og:image:width\" content=\"2560\" \/>\n\t<meta property=\"og:image:height\" content=\"2415\" \/>\n\t<meta property=\"og:image:type\" content=\"image\/jpeg\" \/>\n<meta name=\"twitter:card\" content=\"summary_large_image\" \/>\n<meta name=\"twitter:label1\" content=\"Est. reading time\" \/>\n\t<meta name=\"twitter:data1\" content=\"1 min\u016bte\" \/>\n<script type=\"application\/ld+json\" class=\"yoast-schema-graph\">{\"@context\":\"https:\\\/\\\/schema.org\",\"@graph\":[{\"@type\":\"WebPage\",\"@id\":\"https:\\\/\\\/kidsplay.lt\\\/produktas\\\/woopie-magnetine-lenta-vaikams-montessori-magpad-dinozauras\\\/\",\"url\":\"https:\\\/\\\/kidsplay.lt\\\/produktas\\\/woopie-magnetine-lenta-vaikams-montessori-magpad-dinozauras\\\/\",\"name\":\"WOOPIE magnetin\u0117 lenta vaikams Montessori MagPad dinozauras\",\"isPartOf\":{\"@id\":\"https:\\\/\\\/kidsplay.lt\\\/#website\"},\"primaryImageOfPage\":{\"@id\":\"https:\\\/\\\/kidsplay.lt\\\/produktas\\\/woopie-magnetine-lenta-vaikams-montessori-magpad-dinozauras\\\/#primaryimage\"},\"image\":{\"@id\":\"https:\\\/\\\/kidsplay.lt\\\/produktas\\\/woopie-magnetine-lenta-vaikams-montessori-magpad-dinozauras\\\/#primaryimage\"},\"thumbnailUrl\":\"https:\\\/\\\/kidsplay.lt\\\/wp-content\\\/uploads\\\/2025\\\/10\\\/WOOPIE-magnetine-lenta-vaikams-Montessori-MagPad-dinozauras.jpg\",\"datePublished\":\"2025-10-22T07:46:15+00:00\",\"dateModified\":\"2026-04-07T07:04:07+00:00\",\"description\":\"WOOPIE magnetin\u0117 lenta vaikams Montessori MagPad dinozauras - KidsPlay. Did\u017eiausias vaik\u0173 \u017eaisl\u0173 pasirinkimas.\",\"breadcrumb\":{\"@id\":\"https:\\\/\\\/kidsplay.lt\\\/produktas\\\/woopie-magnetine-lenta-vaikams-montessori-magpad-dinozauras\\\/#breadcrumb\"},\"inLanguage\":\"lv-LV\",\"potentialAction\":[{\"@type\":\"ReadAction\",\"target\":[\"https:\\\/\\\/kidsplay.lt\\\/produktas\\\/woopie-magnetine-lenta-vaikams-montessori-magpad-dinozauras\\\/\"]}]},{\"@type\":\"ImageObject\",\"inLanguage\":\"lv-LV\",\"@id\":\"https:\\\/\\\/kidsplay.lt\\\/produktas\\\/woopie-magnetine-lenta-vaikams-montessori-magpad-dinozauras\\\/#primaryimage\",\"url\":\"https:\\\/\\\/kidsplay.lt\\\/wp-content\\\/uploads\\\/2025\\\/10\\\/WOOPIE-magnetine-lenta-vaikams-Montessori-MagPad-dinozauras.jpg\",\"contentUrl\":\"https:\\\/\\\/kidsplay.lt\\\/wp-content\\\/uploads\\\/2025\\\/10\\\/WOOPIE-magnetine-lenta-vaikams-Montessori-MagPad-dinozauras.jpg\",\"width\":2560,\"height\":2415,\"caption\":\"WOOPIE magnetin\u0117 lenta vaikams Montessori MagPad dinozauras\"},{\"@type\":\"BreadcrumbList\",\"@id\":\"https:\\\/\\\/kidsplay.lt\\\/produktas\\\/woopie-magnetine-lenta-vaikams-montessori-magpad-dinozauras\\\/#breadcrumb\",\"itemListElement\":[{\"@type\":\"ListItem\",\"position\":1,\"name\":\"Pagrindinis\",\"item\":\"https:\\\/\\\/kidsplay.lt\\\/\"},{\"@type\":\"ListItem\",\"position\":2,\"name\":\"Parduotuv\u0117\",\"item\":\"https:\\\/\\\/kidsplay.lt\\\/parduotuve\\\/\"},{\"@type\":\"ListItem\",\"position\":3,\"name\":\"WOOPIE magnetin\u0117 lenta vaikams Montessori MagPad dinozauras\"}]},{\"@type\":\"WebSite\",\"@id\":\"https:\\\/\\\/kidsplay.lt\\\/#website\",\"url\":\"https:\\\/\\\/kidsplay.lt\\\/\",\"name\":\"Kidsplay.lt\",\"description\":\"\u012evairios prek\u0117s vaikams\",\"publisher\":{\"@id\":\"https:\\\/\\\/kidsplay.lt\\\/#organization\"},\"alternateName\":\"Kidsplay\",\"potentialAction\":[{\"@type\":\"SearchAction\",\"target\":{\"@type\":\"EntryPoint\",\"urlTemplate\":\"https:\\\/\\\/kidsplay.lt\\\/?s={search_term_string}\"},\"query-input\":{\"@type\":\"PropertyValueSpecification\",\"valueRequired\":true,\"valueName\":\"search_term_string\"}}],\"inLanguage\":\"lv-LV\"},{\"@type\":\"Organization\",\"@id\":\"https:\\\/\\\/kidsplay.lt\\\/#organization\",\"name\":\"KidsPlay\",\"url\":\"https:\\\/\\\/kidsplay.lt\\\/\",\"logo\":{\"@type\":\"ImageObject\",\"inLanguage\":\"lv-LV\",\"@id\":\"https:\\\/\\\/kidsplay.lt\\\/#\\\/schema\\\/logo\\\/image\\\/\",\"url\":\"https:\\\/\\\/kidsplay.lt\\\/wp-content\\\/uploads\\\/2023\\\/07\\\/kidsplay-logo.png\",\"contentUrl\":\"https:\\\/\\\/kidsplay.lt\\\/wp-content\\\/uploads\\\/2023\\\/07\\\/kidsplay-logo.png\",\"width\":451,\"height\":98,\"caption\":\"KidsPlay\"},\"image\":{\"@id\":\"https:\\\/\\\/kidsplay.lt\\\/#\\\/schema\\\/logo\\\/image\\\/\"},\"sameAs\":[\"https:\\\/\\\/www.facebook.com\\\/www.kidsplay.lt\"]}]}<\/script>\n<!-- \/ Yoast SEO plugin. -->","yoast_head_json":{"title":"WOOPIE magn\u0113tisk\u0101 t\u0101fele b\u0113rniem Montessori MagPad dinozaurs","description":"WOOPIE magnetin\u0117 lenta vaikams Montessori MagPad dinozauras - KidsPlay. Did\u017eiausias vaik\u0173 \u017eaisl\u0173 pasirinkimas.","robots":{"index":"index","follow":"follow","max-snippet":"max-snippet:-1","max-image-preview":"max-image-preview:large","max-video-preview":"max-video-preview:-1"},"canonical":"https:\/\/kidsplay.lt\/lv\/products\/woopie-magnetine-lenta-vaikams-montessori-magpad-dinozauras\/","og_locale":"lv_LV","og_type":"article","og_title":"WOOPIE magnetin\u0117 lenta vaikams Montessori MagPad dinozauras","og_description":"WOOPIE magnetin\u0117 lenta vaikams Montessori MagPad dinozauras - KidsPlay. Did\u017eiausias vaik\u0173 \u017eaisl\u0173 pasirinkimas.","og_url":"https:\/\/kidsplay.lt\/lv\/products\/woopie-magnetine-lenta-vaikams-montessori-magpad-dinozauras\/","og_site_name":"KidsPlay","article_publisher":"https:\/\/www.facebook.com\/www.kidsplay.lt","article_modified_time":"2026-04-07T07:04:07+00:00","og_image":[{"width":2560,"height":2415,"url":"https:\/\/kidsplay.lt\/wp-content\/uploads\/2025\/10\/WOOPIE-magnetine-lenta-vaikams-Montessori-MagPad-dinozauras.jpg","type":"image\/jpeg"}],"twitter_card":"summary_large_image","twitter_misc":{"Est. reading time":"1 min\u016bte"},"schema":{"@context":"https:\/\/schema.org","@graph":[{"@type":"WebPage","@id":"https:\/\/kidsplay.lt\/produktas\/woopie-magnetine-lenta-vaikams-montessori-magpad-dinozauras\/","url":"https:\/\/kidsplay.lt\/produktas\/woopie-magnetine-lenta-vaikams-montessori-magpad-dinozauras\/","name":"WOOPIE magn\u0113tisk\u0101 t\u0101fele b\u0113rniem Montessori MagPad dinozaurs","isPartOf":{"@id":"https:\/\/kidsplay.lt\/#website"},"primaryImageOfPage":{"@id":"https:\/\/kidsplay.lt\/produktas\/woopie-magnetine-lenta-vaikams-montessori-magpad-dinozauras\/#primaryimage"},"image":{"@id":"https:\/\/kidsplay.lt\/produktas\/woopie-magnetine-lenta-vaikams-montessori-magpad-dinozauras\/#primaryimage"},"thumbnailUrl":"https:\/\/kidsplay.lt\/wp-content\/uploads\/2025\/10\/WOOPIE-magnetine-lenta-vaikams-Montessori-MagPad-dinozauras.jpg","datePublished":"2025-10-22T07:46:15+00:00","dateModified":"2026-04-07T07:04:07+00:00","description":"WOOPIE magnetin\u0117 lenta vaikams Montessori MagPad dinozauras - KidsPlay. Did\u017eiausias vaik\u0173 \u017eaisl\u0173 pasirinkimas.","breadcrumb":{"@id":"https:\/\/kidsplay.lt\/produktas\/woopie-magnetine-lenta-vaikams-montessori-magpad-dinozauras\/#breadcrumb"},"inLanguage":"lv-LV","potentialAction":[{"@type":"ReadAction","target":["https:\/\/kidsplay.lt\/produktas\/woopie-magnetine-lenta-vaikams-montessori-magpad-dinozauras\/"]}]},{"@type":"ImageObject","inLanguage":"lv-LV","@id":"https:\/\/kidsplay.lt\/produktas\/woopie-magnetine-lenta-vaikams-montessori-magpad-dinozauras\/#primaryimage","url":"https:\/\/kidsplay.lt\/wp-content\/uploads\/2025\/10\/WOOPIE-magnetine-lenta-vaikams-Montessori-MagPad-dinozauras.jpg","contentUrl":"https:\/\/kidsplay.lt\/wp-content\/uploads\/2025\/10\/WOOPIE-magnetine-lenta-vaikams-Montessori-MagPad-dinozauras.jpg","width":2560,"height":2415,"caption":"WOOPIE magnetin\u0117 lenta vaikams Montessori MagPad dinozauras"},{"@type":"BreadcrumbList","@id":"https:\/\/kidsplay.lt\/produktas\/woopie-magnetine-lenta-vaikams-montessori-magpad-dinozauras\/#breadcrumb","itemListElement":[{"@type":"ListItem","position":1,"name":"Pagrindinis","item":"https:\/\/kidsplay.lt\/"},{"@type":"ListItem","position":2,"name":"Parduotuv\u0117","item":"https:\/\/kidsplay.lt\/parduotuve\/"},{"@type":"ListItem","position":3,"name":"WOOPIE magnetin\u0117 lenta vaikams Montessori MagPad dinozauras"}]},{"@type":"WebSite","@id":"https:\/\/kidsplay.lt\/#website","url":"https:\/\/kidsplay.lt\/","name":"B\u0113rnu sp\u0113les.lv","description":"\u012evairios prek\u0117s vaikams","publisher":{"@id":"https:\/\/kidsplay.lt\/#organization"},"alternateName":"Kidsplay","potentialAction":[{"@type":"SearchAction","target":{"@type":"EntryPoint","urlTemplate":"https:\/\/kidsplay.lt\/?s={search_term_string}"},"query-input":{"@type":"PropertyValueSpecification","valueRequired":true,"valueName":"search_term_string"}}],"inLanguage":"lv-LV"},{"@type":"Organization","@id":"https:\/\/kidsplay.lt\/#organization","name":"B\u0113rnu sp\u0113le","url":"https:\/\/kidsplay.lt\/","logo":{"@type":"ImageObject","inLanguage":"lv-LV","@id":"https:\/\/kidsplay.lt\/#\/schema\/logo\/image\/","url":"https:\/\/kidsplay.lt\/wp-content\/uploads\/2023\/07\/kidsplay-logo.png","contentUrl":"https:\/\/kidsplay.lt\/wp-content\/uploads\/2023\/07\/kidsplay-logo.png","width":451,"height":98,"caption":"KidsPlay"},"image":{"@id":"https:\/\/kidsplay.lt\/#\/schema\/logo\/image\/"},"sameAs":["https:\/\/www.facebook.com\/www.kidsplay.lt"]}]}},"_links":{"self":[{"href":"https:\/\/kidsplay.lt\/lv\/wp-json\/wp\/v2\/product\/77464","targetHints":{"allow":["GET"]}}],"collection":[{"href":"https:\/\/kidsplay.lt\/lv\/wp-json\/wp\/v2\/product"}],"about":[{"href":"https:\/\/kidsplay.lt\/lv\/wp-json\/wp\/v2\/types\/product"}],"version-history":[{"count":1,"href":"https:\/\/kidsplay.lt\/lv\/wp-json\/wp\/v2\/product\/77464\/revisions"}],"predecessor-version":[{"id":77465,"href":"https:\/\/kidsplay.lt\/lv\/wp-json\/wp\/v2\/product\/77464\/revisions\/77465"}],"wp:featuredmedia":[{"embeddable":true,"href":"https:\/\/kidsplay.lt\/lv\/wp-json\/wp\/v2\/media\/77466"}],"wp:attachment":[{"href":"https:\/\/kidsplay.lt\/lv\/wp-json\/wp\/v2\/media?parent=77464"}],"wp:term":[{"taxonomy":"product_brand","embeddable":true,"href":"https:\/\/kidsplay.lt\/lv\/wp-json\/wp\/v2\/product_brand?post=77464"},{"taxonomy":"product_cat","embeddable":true,"href":"https:\/\/kidsplay.lt\/lv\/wp-json\/wp\/v2\/product_cat?post=77464"},{"taxonomy":"product_tag","embeddable":true,"href":"https:\/\/kidsplay.lt\/lv\/wp-json\/wp\/v2\/product_tag?post=77464"}],"curies":[{"name":"wp","href":"https:\/\/api.w.org\/{rel}","templated":true}]}}