{"id":77489,"date":"2025-10-22T10:48:17","date_gmt":"2025-10-22T07:48:17","guid":{"rendered":"https:\/\/kidsplay.lt\/produktas\/woopie-4-viename-traukiamas-sraige-cimbolai-sensoriniai-krumpliaraciai-paleidimo-irenginys-mazas-automobilis\/"},"modified":"2026-04-13T14:25:10","modified_gmt":"2026-04-13T11:25:10","slug":"woopie-4-viename-traukiamas-sraige-cimbolai-sensoriniai-krumpliaraciai-paleidimo-irenginys-mazas-automobilis","status":"publish","type":"product","link":"https:\/\/kidsplay.lt\/lv\/products\/woopie-4-viename-traukiamas-sraige-cimbolai-sensoriniai-krumpliaraciai-paleidimo-irenginys-mazas-automobilis\/","title":{"rendered":"WOOPIE 4 vien\u0101 Velkams gliemezis, \u0161\u0137\u012bvji, sensorie zobrati, palai\u0161anas iek\u0101rta + maza automa\u0161\u012bna"},"content":{"rendered":"<p>Daugiafunkcis\u00a0WOOPIE\u00a0\u017eaislas-sraig\u0117 stumiama , kuris patraukia vaik\u0173 d\u0117mes\u012f ir stimuliuoja j\u0173 vaizduot\u0119. Ry\u0161kios spalvos taip pat lavina j\u0173 regim\u0105j\u012f suvokim\u0105 ir estetin\u012f poj\u016bt\u012f. \u017daislas-sraig\u0117 si\u016blo \u012fvairius \u017eaidimo ir mokymosi b\u016bdus. Galite\u00a0spausti\u00a0klavi\u0161us\u00a0,\u00a0kad lavint\u0173 vaik\u0173 klaus\u0105 ir\u00a0aki\u0173\u00a0bei\u00a0rank\u0173\u00a0koordinacij\u0105 . Taip pat galite traukti sraig\u0119 u\u017e pavad\u0117lio arba stumti j\u0105 ir leisti jai slysti grindimis, o tai padidina linksmybes ir i\u0161\u0161\u016bk\u012f. \u017daisdami vaikai mokosi apie gyv\u016bnus,\u00a0muzik\u0105\u00a0ir prie\u017easties bei pasekm\u0117s ry\u0161ius. Tai skatina steb\u0117jim\u0105,\u00a0login\u012f\u00a0m\u0105stym\u0105\u00a0ir\u00a0fizin\u0119\u00a0koordinacij\u0105\u00a0, o j\u016bs\u0173 vaikas gali m\u0117gautis valand\u0173 valandas k\u016brybi\u0161ko \u017eaidimo. \u017daislas-sraig\u0117 traukiama \u2013 puikus b\u016bdas praleisti laik\u0105 su vaikais. Mamos gali \u017eaisti su savo ma\u017eyliais ir steb\u0117ti, kaip jie kikena, kai sraig\u0117 juda. \u0160is \u017eaislas tinka \u0161eimos s\u0105veikai ir gali\u00a0sustiprinti\u00a0abipusius\u00a0jausmus\u00a0. \u017daislas susideda i\u0161 dviej\u0173 dali\u0173: sraig\u0117s kiauto, kuriame yra cimbolai, ir akies formos lazdeli\u0173 (esan\u010di\u0173 kiauto viduje). Antroji dalis yra\u00a0ma\u017eo sraig\u0117s automobiliuko paleidimo \u012frenginys\u00a0. \u017daislo gale yra mygtukas, kuris atidaro automobilio paleidimo \u012frengin\u012f.<\/p>\n<p>Raksturojums:<\/p>\n<p> \t&#8211; Vaikams\u00a0nuo 18 m\u0117nesi\u0173 am\u017eiaus<br \/>\n \t&#8211; Sraig\u0117s\u00a0auk\u0161tis yra\u00a018 cm<br \/>\n \t&#8211; Jame yra mygtukas, kuris\u00a0nu\u0161auna\u00a0ma\u017e\u0105 sraig\u0119<br \/>\n \t&#8211; Nuimamos akys, leid\u017eian\u010dios bakstel\u0117ti klavi\u0161us<br \/>\n \t&#8211; Patvari\u00a0virvel\u0117, leid\u017eianti traukti \u017eaisl\u0105<br \/>\n \t&#8211; Traukiant sraig\u0119, kriaukl\u0117 sukasi prie\u0161inga kryptimi, taip sukurdama \u0161aun\u0173 vaizdin\u012f efekt\u0105.<br \/>\n \t&#8211; Atsparumas\u00a0kritimui i\u0161 auk\u0161\u010dio<br \/>\n \t&#8211; Galite atidaryti kiaut\u0105 ir rasti skylutes sraig\u0117s akims<br \/>\n \t&#8211; Ant korpuso pritvirtinti cimbolai<br \/>\n \t&#8211;\u00a0\u00a0Ma\u017eas sraigi\u0173 automobili\u0173 paleidimo \u012frenginys<\/p>\n<p>\u012e\u00a0komplekt\u0105\u00a0\u012feina :<\/p>\n<p> \t&#8211; Sraig\u0117s formos \u017eaislas<br \/>\n \t&#8211; L\u0117k\u0161t\u0117s, kuriomis lengviau groti d\u0117l sraig\u0117s akies pa\u0161alinimo funkcijos<br \/>\n \t&#8211; Styga<\/p>\n<p>Rota\u013clieta att\u012bst\u0101s:<\/p>\n<p> \t&#8211; Sensorika<br \/>\n \t\u2013 Motorisk\u0101s prasmes<br \/>\n \t&#8211; Smalsumas ir atradimai<br \/>\n \t\u2013 Lo\u0123isk\u0101 dom\u0101\u0161ana<\/p>","protected":false},"excerpt":{"rendered":"<p>Daugiafunkcis\u00a0WOOPIE\u00a0\u017eaislas-sraig\u0117 stumiama , kuris patraukia vaik\u0173 d\u0117mes\u012f ir stimuliuoja j\u0173 vaizduot\u0119. Ry\u0161kios spalvos taip pat lavina j\u0173 regim\u0105j\u012f suvokim\u0105 ir<\/p>","protected":false},"featured_media":77491,"template":"","meta":{"_acf_changed":false,"_glsr_average":0,"_glsr_ranking":0,"_glsr_reviews":0},"product_brand":[],"product_cat":[396,229],"product_tag":[],"class_list":{"0":"post-77489","1":"product","2":"type-product","3":"status-publish","4":"has-post-thumbnail","6":"product_cat-kudikiu-zaislai-vaikams2","7":"product_cat-zaislai-vaikams","8":"\"style=\"background-color: #2ecc711c;\"","10":"first","11":"instock","12":"purchasable","13":"product-type-simple"},"acf":[],"yoast_head":"<!-- This site is optimized with the Yoast SEO plugin v27.4 - https:\/\/yoast.com\/product\/yoast-seo-wordpress\/ -->\n<title>WOOPIE 4 viename traukiamas sraig\u0117, cimbolai, sensoriniai krumpliara\u010diai, paleidimo \u012frenginys + ma\u017eas automobilis<\/title>\n<meta name=\"description\" content=\"WOOPIE 4 viename traukiamas sraig\u0117, cimbolai, sensoriniai krumpliara\u010diai, paleidimo \u012frenginys + ma\u017eas automobilis - KidsPlay. Did\u017eiausias vaik\u0173 \u017eaisl\u0173 pasirinkimas.\" \/>\n<meta name=\"robots\" content=\"index, follow, max-snippet:-1, max-image-preview:large, max-video-preview:-1\" \/>\n<link rel=\"canonical\" href=\"https:\/\/kidsplay.lt\/lv\/products\/woopie-4-viename-traukiamas-sraige-cimbolai-sensoriniai-krumpliaraciai-paleidimo-irenginys-mazas-automobilis\/\" \/>\n<meta property=\"og:locale\" content=\"lv_LV\" \/>\n<meta property=\"og:type\" content=\"article\" \/>\n<meta property=\"og:title\" content=\"WOOPIE 4 viename traukiamas sraig\u0117, cimbolai, sensoriniai krumpliara\u010diai, paleidimo \u012frenginys + ma\u017eas automobilis\" \/>\n<meta property=\"og:description\" content=\"WOOPIE 4 viename traukiamas sraig\u0117, cimbolai, sensoriniai krumpliara\u010diai, paleidimo \u012frenginys + ma\u017eas automobilis - KidsPlay. Did\u017eiausias vaik\u0173 \u017eaisl\u0173 pasirinkimas.\" \/>\n<meta property=\"og:url\" content=\"https:\/\/kidsplay.lt\/lv\/products\/woopie-4-viename-traukiamas-sraige-cimbolai-sensoriniai-krumpliaraciai-paleidimo-irenginys-mazas-automobilis\/\" \/>\n<meta property=\"og:site_name\" content=\"KidsPlay\" \/>\n<meta property=\"article:publisher\" content=\"https:\/\/www.facebook.com\/www.kidsplay.lt\" \/>\n<meta property=\"article:modified_time\" content=\"2026-04-13T11:25:10+00:00\" \/>\n<meta property=\"og:image\" content=\"https:\/\/kidsplay.lt\/wp-content\/uploads\/2025\/10\/WOOPIE-4-viename-traukiamas-sraige-cimbolai-sensoriniai-krumpliaraciai-paleidimo-irenginys-mazas-automobilis.jpg\" \/>\n\t<meta property=\"og:image:width\" content=\"2560\" \/>\n\t<meta property=\"og:image:height\" content=\"2560\" \/>\n\t<meta property=\"og:image:type\" content=\"image\/jpeg\" \/>\n<meta name=\"twitter:card\" content=\"summary_large_image\" \/>\n<meta name=\"twitter:label1\" content=\"Est. reading time\" \/>\n\t<meta name=\"twitter:data1\" content=\"2 min\u016btes\" \/>\n<script type=\"application\/ld+json\" class=\"yoast-schema-graph\">{\"@context\":\"https:\\\/\\\/schema.org\",\"@graph\":[{\"@type\":\"WebPage\",\"@id\":\"https:\\\/\\\/kidsplay.lt\\\/produktas\\\/woopie-4-viename-traukiamas-sraige-cimbolai-sensoriniai-krumpliaraciai-paleidimo-irenginys-mazas-automobilis\\\/\",\"url\":\"https:\\\/\\\/kidsplay.lt\\\/produktas\\\/woopie-4-viename-traukiamas-sraige-cimbolai-sensoriniai-krumpliaraciai-paleidimo-irenginys-mazas-automobilis\\\/\",\"name\":\"WOOPIE 4 viename traukiamas sraig\u0117, cimbolai, sensoriniai krumpliara\u010diai, paleidimo \u012frenginys + ma\u017eas automobilis\",\"isPartOf\":{\"@id\":\"https:\\\/\\\/kidsplay.lt\\\/#website\"},\"primaryImageOfPage\":{\"@id\":\"https:\\\/\\\/kidsplay.lt\\\/produktas\\\/woopie-4-viename-traukiamas-sraige-cimbolai-sensoriniai-krumpliaraciai-paleidimo-irenginys-mazas-automobilis\\\/#primaryimage\"},\"image\":{\"@id\":\"https:\\\/\\\/kidsplay.lt\\\/produktas\\\/woopie-4-viename-traukiamas-sraige-cimbolai-sensoriniai-krumpliaraciai-paleidimo-irenginys-mazas-automobilis\\\/#primaryimage\"},\"thumbnailUrl\":\"https:\\\/\\\/kidsplay.lt\\\/wp-content\\\/uploads\\\/2025\\\/10\\\/WOOPIE-4-viename-traukiamas-sraige-cimbolai-sensoriniai-krumpliaraciai-paleidimo-irenginys-mazas-automobilis.jpg\",\"datePublished\":\"2025-10-22T07:48:17+00:00\",\"dateModified\":\"2026-04-13T11:25:10+00:00\",\"description\":\"WOOPIE 4 viename traukiamas sraig\u0117, cimbolai, sensoriniai krumpliara\u010diai, paleidimo \u012frenginys + ma\u017eas automobilis - KidsPlay. Did\u017eiausias vaik\u0173 \u017eaisl\u0173 pasirinkimas.\",\"breadcrumb\":{\"@id\":\"https:\\\/\\\/kidsplay.lt\\\/produktas\\\/woopie-4-viename-traukiamas-sraige-cimbolai-sensoriniai-krumpliaraciai-paleidimo-irenginys-mazas-automobilis\\\/#breadcrumb\"},\"inLanguage\":\"lv-LV\",\"potentialAction\":[{\"@type\":\"ReadAction\",\"target\":[\"https:\\\/\\\/kidsplay.lt\\\/produktas\\\/woopie-4-viename-traukiamas-sraige-cimbolai-sensoriniai-krumpliaraciai-paleidimo-irenginys-mazas-automobilis\\\/\"]}]},{\"@type\":\"ImageObject\",\"inLanguage\":\"lv-LV\",\"@id\":\"https:\\\/\\\/kidsplay.lt\\\/produktas\\\/woopie-4-viename-traukiamas-sraige-cimbolai-sensoriniai-krumpliaraciai-paleidimo-irenginys-mazas-automobilis\\\/#primaryimage\",\"url\":\"https:\\\/\\\/kidsplay.lt\\\/wp-content\\\/uploads\\\/2025\\\/10\\\/WOOPIE-4-viename-traukiamas-sraige-cimbolai-sensoriniai-krumpliaraciai-paleidimo-irenginys-mazas-automobilis.jpg\",\"contentUrl\":\"https:\\\/\\\/kidsplay.lt\\\/wp-content\\\/uploads\\\/2025\\\/10\\\/WOOPIE-4-viename-traukiamas-sraige-cimbolai-sensoriniai-krumpliaraciai-paleidimo-irenginys-mazas-automobilis.jpg\",\"width\":2560,\"height\":2560,\"caption\":\"WOOPIE 4 viename traukiamas sraig\u0117\"},{\"@type\":\"BreadcrumbList\",\"@id\":\"https:\\\/\\\/kidsplay.lt\\\/produktas\\\/woopie-4-viename-traukiamas-sraige-cimbolai-sensoriniai-krumpliaraciai-paleidimo-irenginys-mazas-automobilis\\\/#breadcrumb\",\"itemListElement\":[{\"@type\":\"ListItem\",\"position\":1,\"name\":\"Pagrindinis\",\"item\":\"https:\\\/\\\/kidsplay.lt\\\/\"},{\"@type\":\"ListItem\",\"position\":2,\"name\":\"Parduotuv\u0117\",\"item\":\"https:\\\/\\\/kidsplay.lt\\\/parduotuve\\\/\"},{\"@type\":\"ListItem\",\"position\":3,\"name\":\"WOOPIE 4 viename traukiamas sraig\u0117, cimbolai, sensoriniai krumpliara\u010diai, paleidimo \u012frenginys + ma\u017eas automobilis\"}]},{\"@type\":\"WebSite\",\"@id\":\"https:\\\/\\\/kidsplay.lt\\\/#website\",\"url\":\"https:\\\/\\\/kidsplay.lt\\\/\",\"name\":\"Kidsplay.lt\",\"description\":\"\u012evairios prek\u0117s vaikams\",\"publisher\":{\"@id\":\"https:\\\/\\\/kidsplay.lt\\\/#organization\"},\"alternateName\":\"Kidsplay\",\"potentialAction\":[{\"@type\":\"SearchAction\",\"target\":{\"@type\":\"EntryPoint\",\"urlTemplate\":\"https:\\\/\\\/kidsplay.lt\\\/?s={search_term_string}\"},\"query-input\":{\"@type\":\"PropertyValueSpecification\",\"valueRequired\":true,\"valueName\":\"search_term_string\"}}],\"inLanguage\":\"lv-LV\"},{\"@type\":\"Organization\",\"@id\":\"https:\\\/\\\/kidsplay.lt\\\/#organization\",\"name\":\"KidsPlay\",\"url\":\"https:\\\/\\\/kidsplay.lt\\\/\",\"logo\":{\"@type\":\"ImageObject\",\"inLanguage\":\"lv-LV\",\"@id\":\"https:\\\/\\\/kidsplay.lt\\\/#\\\/schema\\\/logo\\\/image\\\/\",\"url\":\"https:\\\/\\\/kidsplay.lt\\\/wp-content\\\/uploads\\\/2023\\\/07\\\/kidsplay-logo.png\",\"contentUrl\":\"https:\\\/\\\/kidsplay.lt\\\/wp-content\\\/uploads\\\/2023\\\/07\\\/kidsplay-logo.png\",\"width\":451,\"height\":98,\"caption\":\"KidsPlay\"},\"image\":{\"@id\":\"https:\\\/\\\/kidsplay.lt\\\/#\\\/schema\\\/logo\\\/image\\\/\"},\"sameAs\":[\"https:\\\/\\\/www.facebook.com\\\/www.kidsplay.lt\"]}]}<\/script>\n<!-- \/ Yoast SEO plugin. -->","yoast_head_json":{"title":"WOOPIE 4 vien\u0101 Velkams gliemezis, \u0161\u0137\u012bvji, sensorie zobrati, palai\u0161anas iek\u0101rta + maza automa\u0161\u012bna","description":"WOOPIE 4 viename traukiamas sraig\u0117, cimbolai, sensoriniai krumpliara\u010diai, paleidimo \u012frenginys + ma\u017eas automobilis - KidsPlay. Did\u017eiausias vaik\u0173 \u017eaisl\u0173 pasirinkimas.","robots":{"index":"index","follow":"follow","max-snippet":"max-snippet:-1","max-image-preview":"max-image-preview:large","max-video-preview":"max-video-preview:-1"},"canonical":"https:\/\/kidsplay.lt\/lv\/products\/woopie-4-viename-traukiamas-sraige-cimbolai-sensoriniai-krumpliaraciai-paleidimo-irenginys-mazas-automobilis\/","og_locale":"lv_LV","og_type":"article","og_title":"WOOPIE 4 viename traukiamas sraig\u0117, cimbolai, sensoriniai krumpliara\u010diai, paleidimo \u012frenginys + ma\u017eas automobilis","og_description":"WOOPIE 4 viename traukiamas sraig\u0117, cimbolai, sensoriniai krumpliara\u010diai, paleidimo \u012frenginys + ma\u017eas automobilis - KidsPlay. Did\u017eiausias vaik\u0173 \u017eaisl\u0173 pasirinkimas.","og_url":"https:\/\/kidsplay.lt\/lv\/products\/woopie-4-viename-traukiamas-sraige-cimbolai-sensoriniai-krumpliaraciai-paleidimo-irenginys-mazas-automobilis\/","og_site_name":"KidsPlay","article_publisher":"https:\/\/www.facebook.com\/www.kidsplay.lt","article_modified_time":"2026-04-13T11:25:10+00:00","og_image":[{"width":2560,"height":2560,"url":"https:\/\/kidsplay.lt\/wp-content\/uploads\/2025\/10\/WOOPIE-4-viename-traukiamas-sraige-cimbolai-sensoriniai-krumpliaraciai-paleidimo-irenginys-mazas-automobilis.jpg","type":"image\/jpeg"}],"twitter_card":"summary_large_image","twitter_misc":{"Est. reading time":"2 min\u016btes"},"schema":{"@context":"https:\/\/schema.org","@graph":[{"@type":"WebPage","@id":"https:\/\/kidsplay.lt\/produktas\/woopie-4-viename-traukiamas-sraige-cimbolai-sensoriniai-krumpliaraciai-paleidimo-irenginys-mazas-automobilis\/","url":"https:\/\/kidsplay.lt\/produktas\/woopie-4-viename-traukiamas-sraige-cimbolai-sensoriniai-krumpliaraciai-paleidimo-irenginys-mazas-automobilis\/","name":"WOOPIE 4 vien\u0101 Velkams gliemezis, \u0161\u0137\u012bvji, sensorie zobrati, palai\u0161anas iek\u0101rta + maza automa\u0161\u012bna","isPartOf":{"@id":"https:\/\/kidsplay.lt\/#website"},"primaryImageOfPage":{"@id":"https:\/\/kidsplay.lt\/produktas\/woopie-4-viename-traukiamas-sraige-cimbolai-sensoriniai-krumpliaraciai-paleidimo-irenginys-mazas-automobilis\/#primaryimage"},"image":{"@id":"https:\/\/kidsplay.lt\/produktas\/woopie-4-viename-traukiamas-sraige-cimbolai-sensoriniai-krumpliaraciai-paleidimo-irenginys-mazas-automobilis\/#primaryimage"},"thumbnailUrl":"https:\/\/kidsplay.lt\/wp-content\/uploads\/2025\/10\/WOOPIE-4-viename-traukiamas-sraige-cimbolai-sensoriniai-krumpliaraciai-paleidimo-irenginys-mazas-automobilis.jpg","datePublished":"2025-10-22T07:48:17+00:00","dateModified":"2026-04-13T11:25:10+00:00","description":"WOOPIE 4 viename traukiamas sraig\u0117, cimbolai, sensoriniai krumpliara\u010diai, paleidimo \u012frenginys + ma\u017eas automobilis - KidsPlay. Did\u017eiausias vaik\u0173 \u017eaisl\u0173 pasirinkimas.","breadcrumb":{"@id":"https:\/\/kidsplay.lt\/produktas\/woopie-4-viename-traukiamas-sraige-cimbolai-sensoriniai-krumpliaraciai-paleidimo-irenginys-mazas-automobilis\/#breadcrumb"},"inLanguage":"lv-LV","potentialAction":[{"@type":"ReadAction","target":["https:\/\/kidsplay.lt\/produktas\/woopie-4-viename-traukiamas-sraige-cimbolai-sensoriniai-krumpliaraciai-paleidimo-irenginys-mazas-automobilis\/"]}]},{"@type":"ImageObject","inLanguage":"lv-LV","@id":"https:\/\/kidsplay.lt\/produktas\/woopie-4-viename-traukiamas-sraige-cimbolai-sensoriniai-krumpliaraciai-paleidimo-irenginys-mazas-automobilis\/#primaryimage","url":"https:\/\/kidsplay.lt\/wp-content\/uploads\/2025\/10\/WOOPIE-4-viename-traukiamas-sraige-cimbolai-sensoriniai-krumpliaraciai-paleidimo-irenginys-mazas-automobilis.jpg","contentUrl":"https:\/\/kidsplay.lt\/wp-content\/uploads\/2025\/10\/WOOPIE-4-viename-traukiamas-sraige-cimbolai-sensoriniai-krumpliaraciai-paleidimo-irenginys-mazas-automobilis.jpg","width":2560,"height":2560,"caption":"WOOPIE 4 viename traukiamas sraig\u0117"},{"@type":"BreadcrumbList","@id":"https:\/\/kidsplay.lt\/produktas\/woopie-4-viename-traukiamas-sraige-cimbolai-sensoriniai-krumpliaraciai-paleidimo-irenginys-mazas-automobilis\/#breadcrumb","itemListElement":[{"@type":"ListItem","position":1,"name":"Pagrindinis","item":"https:\/\/kidsplay.lt\/"},{"@type":"ListItem","position":2,"name":"Parduotuv\u0117","item":"https:\/\/kidsplay.lt\/parduotuve\/"},{"@type":"ListItem","position":3,"name":"WOOPIE 4 viename traukiamas sraig\u0117, cimbolai, sensoriniai krumpliara\u010diai, paleidimo \u012frenginys + ma\u017eas automobilis"}]},{"@type":"WebSite","@id":"https:\/\/kidsplay.lt\/#website","url":"https:\/\/kidsplay.lt\/","name":"B\u0113rnu sp\u0113les.lv","description":"\u012evairios prek\u0117s vaikams","publisher":{"@id":"https:\/\/kidsplay.lt\/#organization"},"alternateName":"Kidsplay","potentialAction":[{"@type":"SearchAction","target":{"@type":"EntryPoint","urlTemplate":"https:\/\/kidsplay.lt\/?s={search_term_string}"},"query-input":{"@type":"PropertyValueSpecification","valueRequired":true,"valueName":"search_term_string"}}],"inLanguage":"lv-LV"},{"@type":"Organization","@id":"https:\/\/kidsplay.lt\/#organization","name":"B\u0113rnu sp\u0113le","url":"https:\/\/kidsplay.lt\/","logo":{"@type":"ImageObject","inLanguage":"lv-LV","@id":"https:\/\/kidsplay.lt\/#\/schema\/logo\/image\/","url":"https:\/\/kidsplay.lt\/wp-content\/uploads\/2023\/07\/kidsplay-logo.png","contentUrl":"https:\/\/kidsplay.lt\/wp-content\/uploads\/2023\/07\/kidsplay-logo.png","width":451,"height":98,"caption":"KidsPlay"},"image":{"@id":"https:\/\/kidsplay.lt\/#\/schema\/logo\/image\/"},"sameAs":["https:\/\/www.facebook.com\/www.kidsplay.lt"]}]}},"_links":{"self":[{"href":"https:\/\/kidsplay.lt\/lv\/wp-json\/wp\/v2\/product\/77489","targetHints":{"allow":["GET"]}}],"collection":[{"href":"https:\/\/kidsplay.lt\/lv\/wp-json\/wp\/v2\/product"}],"about":[{"href":"https:\/\/kidsplay.lt\/lv\/wp-json\/wp\/v2\/types\/product"}],"version-history":[{"count":1,"href":"https:\/\/kidsplay.lt\/lv\/wp-json\/wp\/v2\/product\/77489\/revisions"}],"predecessor-version":[{"id":77490,"href":"https:\/\/kidsplay.lt\/lv\/wp-json\/wp\/v2\/product\/77489\/revisions\/77490"}],"wp:featuredmedia":[{"embeddable":true,"href":"https:\/\/kidsplay.lt\/lv\/wp-json\/wp\/v2\/media\/77491"}],"wp:attachment":[{"href":"https:\/\/kidsplay.lt\/lv\/wp-json\/wp\/v2\/media?parent=77489"}],"wp:term":[{"taxonomy":"product_brand","embeddable":true,"href":"https:\/\/kidsplay.lt\/lv\/wp-json\/wp\/v2\/product_brand?post=77489"},{"taxonomy":"product_cat","embeddable":true,"href":"https:\/\/kidsplay.lt\/lv\/wp-json\/wp\/v2\/product_cat?post=77489"},{"taxonomy":"product_tag","embeddable":true,"href":"https:\/\/kidsplay.lt\/lv\/wp-json\/wp\/v2\/product_tag?post=77489"}],"curies":[{"name":"wp","href":"https:\/\/api.w.org\/{rel}","templated":true}]}}