{"id":77503,"date":"2025-10-22T10:49:07","date_gmt":"2025-10-22T07:49:07","guid":{"rendered":"https:\/\/kidsplay.lt\/produktas\/woopie-royal-interaktyvi-lele-mazosios-sofijos-gimtadienis-35-cm-priedai\/"},"modified":"2026-03-15T07:39:22","modified_gmt":"2026-03-15T05:39:22","slug":"woopie-royal-interaktyvi-lele-mazosios-sofijos-gimtadienis-35-cm-priedai","status":"publish","type":"product","link":"https:\/\/kidsplay.lt\/lv\/products\/woopie-royal-interaktyvi-lele-mazosios-sofijos-gimtadienis-35-cm-priedai\/","title":{"rendered":"WOOPIE ROYAL Interaktyvi l\u0117l\u0117 Ma\u017eosios Sofijos gimtadienis 35 cm + priedai"},"content":{"rendered":"<p>Interaktyvi ma\u017eosios Zosijos gimtadienio l\u0117l\u0117\u00a0i\u0161\u00a0WOOPIE\u00a0ROYAL\u00a0serijos\u00a0yra kaip tikras k\u016bdikis. Ma\u017eylis yra\u00a035 cm\u00a0\u016bgio ir\u00a0gali\u00a0gerti\u00a0i\u0161 buteliuko. Rinkin\u012f sudaro\u00a0\u00a0maitinimo\u00a0duben\u0117lis\u00a0ir\u00a0sauskeln\u0117s\u00a0. Rankos ir kojos yra visi\u0161kai\u00a0judrios\u00a0, l\u0117l\u0117 gali\u00a0stov\u0117ti ir\u00a0s\u0117d\u0117ti\u00a0. Prie l\u0117l\u0117s taip pat pridedamas\u00a0gimtadienio tortas\u00a0, kuris\u00a0skleid\u017eia garsus\u00a0. L\u0117l\u0117 yra aprengta \u017eavingu\u00a0drabu\u017eiu\u00a0(l\u0117l\u0119 galima pakeisti). \u017daidimas su l\u0117le padeda j\u016bs\u0173 vaikui ugdyti empatijos\u00a0ir atsakomyb\u0117s\u00a0jausm\u0105\u00a0!<\/p>\n<p>Rakstur\u012bgs:<\/p>\n<p> \t&#8211; \u017eaislas nuo\u00a03 met\u0173 am\u017eiaus<br \/>\n \t&#8211; l\u0117l\u0117s auk\u0161tis:\u00a035 cm<br \/>\n \t&#8211; apsireng\u0119s mielu drabu\u017eiu<br \/>\n \t&#8211;\u00a0judan\u010dios l\u0117l\u0117s gal\u016bn\u0117s<br \/>\n \t&#8211; l\u0117l\u0119 galima pastatyti\u00a0s\u0117dimoje\u00a0arba\u00a0stovimoje pad\u0117tyje<br \/>\n \t&#8211;\u00a0garso efektai\u00a0&#8211; gimtadienio tortas skleid\u017eia gars\u0105<br \/>\n \t&#8211;\u00a0puiki dovana\u00a0&#8211; gra\u017ei pakuot\u0117, daug pried\u0173<\/p>\n<p>Komplekt\u0101 ietilpst:<\/p>\n<p> \t&#8211; l\u0117l\u0117<br \/>\n \t&#8211; apranga &#8211; suknel\u0117<br \/>\n \t&#8211; sauskeln\u0117s<br \/>\n \t&#8211; geriamojo butelio<br \/>\n \t&#8211; gimtadienio tortas su garsu<br \/>\n \t&#8211; dubuo<br \/>\n \t&#8211; spenelis<br \/>\n \t&#8211; \u017eaislas<\/p>","protected":false},"excerpt":{"rendered":"<p>Interaktyvi ma\u017eosios Zosijos gimtadienio l\u0117l\u0117\u00a0i\u0161\u00a0WOOPIE\u00a0ROYAL\u00a0serijos\u00a0yra kaip tikras k\u016bdikis. Ma\u017eylis yra\u00a035 cm\u00a0\u016bgio ir\u00a0gali\u00a0gerti\u00a0i\u0161 buteliuko. Rinkin\u012f sudaro\u00a0\u00a0maitinimo\u00a0duben\u0117lis\u00a0ir\u00a0sauskeln\u0117s\u00a0. Rankos ir kojos yra visi\u0161kai\u00a0judrios\u00a0,<\/p>","protected":false},"featured_media":77505,"template":"","meta":{"_acf_changed":false,"_glsr_average":0,"_glsr_ranking":0,"_glsr_reviews":0},"product_brand":[],"product_cat":[443,229],"product_tag":[],"class_list":{"0":"post-77503","1":"product","2":"type-product","3":"status-publish","4":"has-post-thumbnail","6":"product_cat-leles-ir-priedai","7":"product_cat-zaislai-vaikams","8":"\"style=\"background-color: #2ecc711c;\"","10":"first","11":"outofstock","12":"purchasable","13":"product-type-simple"},"acf":[],"yoast_head":"<!-- This site is optimized with the Yoast SEO plugin v27.3 - https:\/\/yoast.com\/product\/yoast-seo-wordpress\/ -->\n<title>WOOPIE ROYAL Interaktyvi l\u0117l\u0117 Ma\u017eosios Sofijos gimtadienis 35 cm + priedai<\/title>\n<meta name=\"description\" content=\"WOOPIE ROYAL Interaktyvi l\u0117l\u0117 Ma\u017eosios Sofijos gimtadienis 35 cm + priedai - KidsPlay. Did\u017eiausias vaik\u0173 \u017eaisl\u0173 pasirinkimas.\" \/>\n<meta name=\"robots\" content=\"index, follow, max-snippet:-1, max-image-preview:large, max-video-preview:-1\" \/>\n<link rel=\"canonical\" href=\"https:\/\/kidsplay.lt\/lv\/products\/woopie-royal-interaktyvi-lele-mazosios-sofijos-gimtadienis-35-cm-priedai\/\" \/>\n<meta property=\"og:locale\" content=\"lv_LV\" \/>\n<meta property=\"og:type\" content=\"article\" \/>\n<meta property=\"og:title\" content=\"WOOPIE ROYAL Interaktyvi l\u0117l\u0117 Ma\u017eosios Sofijos gimtadienis 35 cm + priedai\" \/>\n<meta property=\"og:description\" content=\"WOOPIE ROYAL Interaktyvi l\u0117l\u0117 Ma\u017eosios Sofijos gimtadienis 35 cm + priedai - KidsPlay. Did\u017eiausias vaik\u0173 \u017eaisl\u0173 pasirinkimas.\" \/>\n<meta property=\"og:url\" content=\"https:\/\/kidsplay.lt\/lv\/products\/woopie-royal-interaktyvi-lele-mazosios-sofijos-gimtadienis-35-cm-priedai\/\" \/>\n<meta property=\"og:site_name\" content=\"KidsPlay\" \/>\n<meta property=\"article:publisher\" content=\"https:\/\/www.facebook.com\/www.kidsplay.lt\" \/>\n<meta property=\"article:modified_time\" content=\"2026-03-15T05:39:22+00:00\" \/>\n<meta property=\"og:image\" content=\"https:\/\/kidsplay.lt\/wp-content\/uploads\/2025\/10\/WOOPIE-ROYAL-Interaktyvi-lele-Mazosios-Sofijos-gimtadienis-35-cm-priedai.jpg\" \/>\n\t<meta property=\"og:image:width\" content=\"2388\" \/>\n\t<meta property=\"og:image:height\" content=\"2389\" \/>\n\t<meta property=\"og:image:type\" content=\"image\/jpeg\" \/>\n<meta name=\"twitter:card\" content=\"summary_large_image\" \/>\n<meta name=\"twitter:label1\" content=\"Est. reading time\" \/>\n\t<meta name=\"twitter:data1\" content=\"1 min\u016bte\" \/>\n<script type=\"application\/ld+json\" class=\"yoast-schema-graph\">{\"@context\":\"https:\\\/\\\/schema.org\",\"@graph\":[{\"@type\":\"WebPage\",\"@id\":\"https:\\\/\\\/kidsplay.lt\\\/produktas\\\/woopie-royal-interaktyvi-lele-mazosios-sofijos-gimtadienis-35-cm-priedai\\\/\",\"url\":\"https:\\\/\\\/kidsplay.lt\\\/produktas\\\/woopie-royal-interaktyvi-lele-mazosios-sofijos-gimtadienis-35-cm-priedai\\\/\",\"name\":\"WOOPIE ROYAL Interaktyvi l\u0117l\u0117 Ma\u017eosios Sofijos gimtadienis 35 cm + priedai\",\"isPartOf\":{\"@id\":\"https:\\\/\\\/kidsplay.lt\\\/#website\"},\"primaryImageOfPage\":{\"@id\":\"https:\\\/\\\/kidsplay.lt\\\/produktas\\\/woopie-royal-interaktyvi-lele-mazosios-sofijos-gimtadienis-35-cm-priedai\\\/#primaryimage\"},\"image\":{\"@id\":\"https:\\\/\\\/kidsplay.lt\\\/produktas\\\/woopie-royal-interaktyvi-lele-mazosios-sofijos-gimtadienis-35-cm-priedai\\\/#primaryimage\"},\"thumbnailUrl\":\"https:\\\/\\\/kidsplay.lt\\\/wp-content\\\/uploads\\\/2025\\\/10\\\/WOOPIE-ROYAL-Interaktyvi-lele-Mazosios-Sofijos-gimtadienis-35-cm-priedai.jpg\",\"datePublished\":\"2025-10-22T07:49:07+00:00\",\"dateModified\":\"2026-03-15T05:39:22+00:00\",\"description\":\"WOOPIE ROYAL Interaktyvi l\u0117l\u0117 Ma\u017eosios Sofijos gimtadienis 35 cm + priedai - KidsPlay. Did\u017eiausias vaik\u0173 \u017eaisl\u0173 pasirinkimas.\",\"breadcrumb\":{\"@id\":\"https:\\\/\\\/kidsplay.lt\\\/produktas\\\/woopie-royal-interaktyvi-lele-mazosios-sofijos-gimtadienis-35-cm-priedai\\\/#breadcrumb\"},\"inLanguage\":\"lv-LV\",\"potentialAction\":[{\"@type\":\"ReadAction\",\"target\":[\"https:\\\/\\\/kidsplay.lt\\\/produktas\\\/woopie-royal-interaktyvi-lele-mazosios-sofijos-gimtadienis-35-cm-priedai\\\/\"]}]},{\"@type\":\"ImageObject\",\"inLanguage\":\"lv-LV\",\"@id\":\"https:\\\/\\\/kidsplay.lt\\\/produktas\\\/woopie-royal-interaktyvi-lele-mazosios-sofijos-gimtadienis-35-cm-priedai\\\/#primaryimage\",\"url\":\"https:\\\/\\\/kidsplay.lt\\\/wp-content\\\/uploads\\\/2025\\\/10\\\/WOOPIE-ROYAL-Interaktyvi-lele-Mazosios-Sofijos-gimtadienis-35-cm-priedai.jpg\",\"contentUrl\":\"https:\\\/\\\/kidsplay.lt\\\/wp-content\\\/uploads\\\/2025\\\/10\\\/WOOPIE-ROYAL-Interaktyvi-lele-Mazosios-Sofijos-gimtadienis-35-cm-priedai.jpg\",\"width\":2388,\"height\":2389,\"caption\":\"WOOPIE ROYAL Interaktyvi l\u0117l\u0117 Ma\u017eosios Sofijos gimtadienis 35 cm + priedai\"},{\"@type\":\"BreadcrumbList\",\"@id\":\"https:\\\/\\\/kidsplay.lt\\\/produktas\\\/woopie-royal-interaktyvi-lele-mazosios-sofijos-gimtadienis-35-cm-priedai\\\/#breadcrumb\",\"itemListElement\":[{\"@type\":\"ListItem\",\"position\":1,\"name\":\"Pagrindinis\",\"item\":\"https:\\\/\\\/kidsplay.lt\\\/\"},{\"@type\":\"ListItem\",\"position\":2,\"name\":\"Parduotuv\u0117\",\"item\":\"https:\\\/\\\/kidsplay.lt\\\/parduotuve\\\/\"},{\"@type\":\"ListItem\",\"position\":3,\"name\":\"WOOPIE ROYAL Interaktyvi l\u0117l\u0117 Ma\u017eosios Sofijos gimtadienis 35 cm + priedai\"}]},{\"@type\":\"WebSite\",\"@id\":\"https:\\\/\\\/kidsplay.lt\\\/#website\",\"url\":\"https:\\\/\\\/kidsplay.lt\\\/\",\"name\":\"Kidsplay.lt\",\"description\":\"\u012evairios prek\u0117s vaikams\",\"publisher\":{\"@id\":\"https:\\\/\\\/kidsplay.lt\\\/#organization\"},\"alternateName\":\"Kidsplay\",\"potentialAction\":[{\"@type\":\"SearchAction\",\"target\":{\"@type\":\"EntryPoint\",\"urlTemplate\":\"https:\\\/\\\/kidsplay.lt\\\/?s={search_term_string}\"},\"query-input\":{\"@type\":\"PropertyValueSpecification\",\"valueRequired\":true,\"valueName\":\"search_term_string\"}}],\"inLanguage\":\"lv-LV\"},{\"@type\":\"Organization\",\"@id\":\"https:\\\/\\\/kidsplay.lt\\\/#organization\",\"name\":\"KidsPlay\",\"url\":\"https:\\\/\\\/kidsplay.lt\\\/\",\"logo\":{\"@type\":\"ImageObject\",\"inLanguage\":\"lv-LV\",\"@id\":\"https:\\\/\\\/kidsplay.lt\\\/#\\\/schema\\\/logo\\\/image\\\/\",\"url\":\"https:\\\/\\\/kidsplay.lt\\\/wp-content\\\/uploads\\\/2023\\\/07\\\/kidsplay-logo.png\",\"contentUrl\":\"https:\\\/\\\/kidsplay.lt\\\/wp-content\\\/uploads\\\/2023\\\/07\\\/kidsplay-logo.png\",\"width\":451,\"height\":98,\"caption\":\"KidsPlay\"},\"image\":{\"@id\":\"https:\\\/\\\/kidsplay.lt\\\/#\\\/schema\\\/logo\\\/image\\\/\"},\"sameAs\":[\"https:\\\/\\\/www.facebook.com\\\/www.kidsplay.lt\"]}]}<\/script>\n<!-- \/ Yoast SEO plugin. -->","yoast_head_json":{"title":"WOOPIE ROYAL Interaktyvi l\u0117l\u0117 Ma\u017eosios Sofijos gimtadienis 35 cm + priedai","description":"WOOPIE ROYAL Interaktyvi l\u0117l\u0117 Ma\u017eosios Sofijos gimtadienis 35 cm + priedai - KidsPlay. Did\u017eiausias vaik\u0173 \u017eaisl\u0173 pasirinkimas.","robots":{"index":"index","follow":"follow","max-snippet":"max-snippet:-1","max-image-preview":"max-image-preview:large","max-video-preview":"max-video-preview:-1"},"canonical":"https:\/\/kidsplay.lt\/lv\/products\/woopie-royal-interaktyvi-lele-mazosios-sofijos-gimtadienis-35-cm-priedai\/","og_locale":"lv_LV","og_type":"article","og_title":"WOOPIE ROYAL Interaktyvi l\u0117l\u0117 Ma\u017eosios Sofijos gimtadienis 35 cm + priedai","og_description":"WOOPIE ROYAL Interaktyvi l\u0117l\u0117 Ma\u017eosios Sofijos gimtadienis 35 cm + priedai - KidsPlay. Did\u017eiausias vaik\u0173 \u017eaisl\u0173 pasirinkimas.","og_url":"https:\/\/kidsplay.lt\/lv\/products\/woopie-royal-interaktyvi-lele-mazosios-sofijos-gimtadienis-35-cm-priedai\/","og_site_name":"KidsPlay","article_publisher":"https:\/\/www.facebook.com\/www.kidsplay.lt","article_modified_time":"2026-03-15T05:39:22+00:00","og_image":[{"width":2388,"height":2389,"url":"https:\/\/kidsplay.lt\/wp-content\/uploads\/2025\/10\/WOOPIE-ROYAL-Interaktyvi-lele-Mazosios-Sofijos-gimtadienis-35-cm-priedai.jpg","type":"image\/jpeg"}],"twitter_card":"summary_large_image","twitter_misc":{"Est. reading time":"1 min\u016bte"},"schema":{"@context":"https:\/\/schema.org","@graph":[{"@type":"WebPage","@id":"https:\/\/kidsplay.lt\/produktas\/woopie-royal-interaktyvi-lele-mazosios-sofijos-gimtadienis-35-cm-priedai\/","url":"https:\/\/kidsplay.lt\/produktas\/woopie-royal-interaktyvi-lele-mazosios-sofijos-gimtadienis-35-cm-priedai\/","name":"WOOPIE ROYAL Interaktyvi l\u0117l\u0117 Ma\u017eosios Sofijos gimtadienis 35 cm + priedai","isPartOf":{"@id":"https:\/\/kidsplay.lt\/#website"},"primaryImageOfPage":{"@id":"https:\/\/kidsplay.lt\/produktas\/woopie-royal-interaktyvi-lele-mazosios-sofijos-gimtadienis-35-cm-priedai\/#primaryimage"},"image":{"@id":"https:\/\/kidsplay.lt\/produktas\/woopie-royal-interaktyvi-lele-mazosios-sofijos-gimtadienis-35-cm-priedai\/#primaryimage"},"thumbnailUrl":"https:\/\/kidsplay.lt\/wp-content\/uploads\/2025\/10\/WOOPIE-ROYAL-Interaktyvi-lele-Mazosios-Sofijos-gimtadienis-35-cm-priedai.jpg","datePublished":"2025-10-22T07:49:07+00:00","dateModified":"2026-03-15T05:39:22+00:00","description":"WOOPIE ROYAL Interaktyvi l\u0117l\u0117 Ma\u017eosios Sofijos gimtadienis 35 cm + priedai - KidsPlay. Did\u017eiausias vaik\u0173 \u017eaisl\u0173 pasirinkimas.","breadcrumb":{"@id":"https:\/\/kidsplay.lt\/produktas\/woopie-royal-interaktyvi-lele-mazosios-sofijos-gimtadienis-35-cm-priedai\/#breadcrumb"},"inLanguage":"lv-LV","potentialAction":[{"@type":"ReadAction","target":["https:\/\/kidsplay.lt\/produktas\/woopie-royal-interaktyvi-lele-mazosios-sofijos-gimtadienis-35-cm-priedai\/"]}]},{"@type":"ImageObject","inLanguage":"lv-LV","@id":"https:\/\/kidsplay.lt\/produktas\/woopie-royal-interaktyvi-lele-mazosios-sofijos-gimtadienis-35-cm-priedai\/#primaryimage","url":"https:\/\/kidsplay.lt\/wp-content\/uploads\/2025\/10\/WOOPIE-ROYAL-Interaktyvi-lele-Mazosios-Sofijos-gimtadienis-35-cm-priedai.jpg","contentUrl":"https:\/\/kidsplay.lt\/wp-content\/uploads\/2025\/10\/WOOPIE-ROYAL-Interaktyvi-lele-Mazosios-Sofijos-gimtadienis-35-cm-priedai.jpg","width":2388,"height":2389,"caption":"WOOPIE ROYAL Interaktyvi l\u0117l\u0117 Ma\u017eosios Sofijos gimtadienis 35 cm + priedai"},{"@type":"BreadcrumbList","@id":"https:\/\/kidsplay.lt\/produktas\/woopie-royal-interaktyvi-lele-mazosios-sofijos-gimtadienis-35-cm-priedai\/#breadcrumb","itemListElement":[{"@type":"ListItem","position":1,"name":"Pagrindinis","item":"https:\/\/kidsplay.lt\/"},{"@type":"ListItem","position":2,"name":"Parduotuv\u0117","item":"https:\/\/kidsplay.lt\/parduotuve\/"},{"@type":"ListItem","position":3,"name":"WOOPIE ROYAL Interaktyvi l\u0117l\u0117 Ma\u017eosios Sofijos gimtadienis 35 cm + priedai"}]},{"@type":"WebSite","@id":"https:\/\/kidsplay.lt\/#website","url":"https:\/\/kidsplay.lt\/","name":"B\u0113rnu sp\u0113les.lv","description":"\u012evairios prek\u0117s vaikams","publisher":{"@id":"https:\/\/kidsplay.lt\/#organization"},"alternateName":"Kidsplay","potentialAction":[{"@type":"SearchAction","target":{"@type":"EntryPoint","urlTemplate":"https:\/\/kidsplay.lt\/?s={search_term_string}"},"query-input":{"@type":"PropertyValueSpecification","valueRequired":true,"valueName":"search_term_string"}}],"inLanguage":"lv-LV"},{"@type":"Organization","@id":"https:\/\/kidsplay.lt\/#organization","name":"B\u0113rnu sp\u0113le","url":"https:\/\/kidsplay.lt\/","logo":{"@type":"ImageObject","inLanguage":"lv-LV","@id":"https:\/\/kidsplay.lt\/#\/schema\/logo\/image\/","url":"https:\/\/kidsplay.lt\/wp-content\/uploads\/2023\/07\/kidsplay-logo.png","contentUrl":"https:\/\/kidsplay.lt\/wp-content\/uploads\/2023\/07\/kidsplay-logo.png","width":451,"height":98,"caption":"KidsPlay"},"image":{"@id":"https:\/\/kidsplay.lt\/#\/schema\/logo\/image\/"},"sameAs":["https:\/\/www.facebook.com\/www.kidsplay.lt"]}]}},"_links":{"self":[{"href":"https:\/\/kidsplay.lt\/lv\/wp-json\/wp\/v2\/product\/77503","targetHints":{"allow":["GET"]}}],"collection":[{"href":"https:\/\/kidsplay.lt\/lv\/wp-json\/wp\/v2\/product"}],"about":[{"href":"https:\/\/kidsplay.lt\/lv\/wp-json\/wp\/v2\/types\/product"}],"version-history":[{"count":1,"href":"https:\/\/kidsplay.lt\/lv\/wp-json\/wp\/v2\/product\/77503\/revisions"}],"predecessor-version":[{"id":77504,"href":"https:\/\/kidsplay.lt\/lv\/wp-json\/wp\/v2\/product\/77503\/revisions\/77504"}],"wp:featuredmedia":[{"embeddable":true,"href":"https:\/\/kidsplay.lt\/lv\/wp-json\/wp\/v2\/media\/77505"}],"wp:attachment":[{"href":"https:\/\/kidsplay.lt\/lv\/wp-json\/wp\/v2\/media?parent=77503"}],"wp:term":[{"taxonomy":"product_brand","embeddable":true,"href":"https:\/\/kidsplay.lt\/lv\/wp-json\/wp\/v2\/product_brand?post=77503"},{"taxonomy":"product_cat","embeddable":true,"href":"https:\/\/kidsplay.lt\/lv\/wp-json\/wp\/v2\/product_cat?post=77503"},{"taxonomy":"product_tag","embeddable":true,"href":"https:\/\/kidsplay.lt\/lv\/wp-json\/wp\/v2\/product_tag?post=77503"}],"curies":[{"name":"wp","href":"https:\/\/api.w.org\/{rel}","templated":true}]}}