{"id":77508,"date":"2025-10-22T10:49:26","date_gmt":"2025-10-22T07:49:26","guid":{"rendered":"https:\/\/kidsplay.lt\/produktas\/woopie-royal-leles-drabuziu-komplektas-romperio-bodis-vienaragio-kepure-43-46-cm\/"},"modified":"2026-04-07T10:04:20","modified_gmt":"2026-04-07T07:04:20","slug":"woopie-royal-leles-drabuziu-komplektas-romperio-bodis-vienaragio-kepure-43-46-cm","status":"publish","type":"product","link":"https:\/\/kidsplay.lt\/lv\/products\/woopie-royal-leles-drabuziu-komplektas-romperio-bodis-vienaragio-kepure-43-46-cm\/","title":{"rendered":"WOOPIE ROYAL L\u0117l\u0117s drabu\u017ei\u0173 komplektas Romperio bodis Vienaragio kepur\u0117 43-46 cm"},"content":{"rendered":"<p>Patikimo prek\u0117s \u017eenklo\u00a0\u201eWoopie\u201c\u00a0vienaragio rinkinys\u00a0yra puikus j\u016bs\u0173 l\u0117l\u0117s papildymas. Vaikai lavina\u00a0savo vaizduot\u0119\u00a0ir\u00a0k\u016brybi\u0161kum\u0105\u00a0\u017eaisdami su savo ma\u017eyliu. Platus\u00a0aksesuar\u0173\u00a0asortimentas leid\u017eia vaikams aprengti savo ma\u017eyl\u012f \u012fvairiais b\u016bdais, o pridedamas pakabukas puikiai tiks j\u0173 m\u0117gstamos l\u0117l\u0117s garderobui!<\/p>\n<p>Rakstur\u012bgs:<\/p>\n<p> \t&#8211; skirta l\u0117l\u0117ms, kuri\u0173 dydis\u00a043\u201346\u00a0cm\u00a0,<br \/>\n \t&#8211; auk\u0161\u010diausia darb\u0173 kokyb\u0117 &#8211; rafinuotos detal\u0117s,<br \/>\n \t&#8211; pakuot\u0117 puikiai tinka dovanai ir turi patog\u0173 pakab\u0105 ne\u0161iojimui.<\/p>\n<p>Komplekt\u0101 ietilpst:<\/p>\n<p> \t&#8211; bodis\/rombar\u0117lis,<br \/>\n \t&#8211; skryb\u0117l\u0119,<br \/>\n \t&#8211; pakaba.<\/p>","protected":false},"excerpt":{"rendered":"<p>Patikimo prek\u0117s \u017eenklo\u00a0\u201eWoopie\u201c\u00a0vienaragio rinkinys\u00a0yra puikus j\u016bs\u0173 l\u0117l\u0117s papildymas. Vaikai lavina\u00a0savo vaizduot\u0119\u00a0ir\u00a0k\u016brybi\u0161kum\u0105\u00a0\u017eaisdami su savo ma\u017eyliu. Platus\u00a0aksesuar\u0173\u00a0asortimentas leid\u017eia vaikams aprengti savo ma\u017eyl\u012f<\/p>","protected":false},"featured_media":77510,"template":"","meta":{"_acf_changed":false,"_glsr_average":0,"_glsr_ranking":0,"_glsr_reviews":0},"product_brand":[],"product_cat":[443,229],"product_tag":[],"class_list":{"0":"post-77508","1":"product","2":"type-product","3":"status-publish","4":"has-post-thumbnail","6":"product_cat-leles-ir-priedai","7":"product_cat-zaislai-vaikams","8":"\"style=\"background-color: #2ecc711c;\"","10":"first","11":"instock","12":"purchasable","13":"product-type-simple"},"acf":[],"yoast_head":"<!-- This site is optimized with the Yoast SEO plugin v27.3 - https:\/\/yoast.com\/product\/yoast-seo-wordpress\/ -->\n<title>WOOPIE ROYAL L\u0117l\u0117s drabu\u017ei\u0173 komplektas Romperio bodis Vienaragio kepur\u0117 43-46 cm<\/title>\n<meta name=\"description\" content=\"WOOPIE ROYAL L\u0117l\u0117s drabu\u017ei\u0173 komplektas Romperio bodis Vienaragio kepur\u0117 43-46 cm - KidsPlay. Did\u017eiausias vaik\u0173 \u017eaisl\u0173 pasirinkimas.\" \/>\n<meta name=\"robots\" content=\"index, follow, max-snippet:-1, max-image-preview:large, max-video-preview:-1\" \/>\n<link rel=\"canonical\" href=\"https:\/\/kidsplay.lt\/lv\/products\/woopie-royal-leles-drabuziu-komplektas-romperio-bodis-vienaragio-kepure-43-46-cm\/\" \/>\n<meta property=\"og:locale\" content=\"lv_LV\" \/>\n<meta property=\"og:type\" content=\"article\" \/>\n<meta property=\"og:title\" content=\"WOOPIE ROYAL L\u0117l\u0117s drabu\u017ei\u0173 komplektas Romperio bodis Vienaragio kepur\u0117 43-46 cm\" \/>\n<meta property=\"og:description\" content=\"WOOPIE ROYAL L\u0117l\u0117s drabu\u017ei\u0173 komplektas Romperio bodis Vienaragio kepur\u0117 43-46 cm - KidsPlay. Did\u017eiausias vaik\u0173 \u017eaisl\u0173 pasirinkimas.\" \/>\n<meta property=\"og:url\" content=\"https:\/\/kidsplay.lt\/lv\/products\/woopie-royal-leles-drabuziu-komplektas-romperio-bodis-vienaragio-kepure-43-46-cm\/\" \/>\n<meta property=\"og:site_name\" content=\"KidsPlay\" \/>\n<meta property=\"article:publisher\" content=\"https:\/\/www.facebook.com\/www.kidsplay.lt\" \/>\n<meta property=\"article:modified_time\" content=\"2026-04-07T07:04:20+00:00\" \/>\n<meta property=\"og:image\" content=\"https:\/\/kidsplay.lt\/wp-content\/uploads\/2025\/10\/WOOPIE-ROYAL-Leles-drabuziu-komplektas-Romperio-bodis-Vienaragio-kepure-43-46-cm.jpg\" \/>\n\t<meta property=\"og:image:width\" content=\"2560\" \/>\n\t<meta property=\"og:image:height\" content=\"2560\" \/>\n\t<meta property=\"og:image:type\" content=\"image\/jpeg\" \/>\n<meta name=\"twitter:card\" content=\"summary_large_image\" \/>\n<script type=\"application\/ld+json\" class=\"yoast-schema-graph\">{\"@context\":\"https:\\\/\\\/schema.org\",\"@graph\":[{\"@type\":\"WebPage\",\"@id\":\"https:\\\/\\\/kidsplay.lt\\\/produktas\\\/woopie-royal-leles-drabuziu-komplektas-romperio-bodis-vienaragio-kepure-43-46-cm\\\/\",\"url\":\"https:\\\/\\\/kidsplay.lt\\\/produktas\\\/woopie-royal-leles-drabuziu-komplektas-romperio-bodis-vienaragio-kepure-43-46-cm\\\/\",\"name\":\"WOOPIE ROYAL L\u0117l\u0117s drabu\u017ei\u0173 komplektas Romperio bodis Vienaragio kepur\u0117 43-46 cm\",\"isPartOf\":{\"@id\":\"https:\\\/\\\/kidsplay.lt\\\/#website\"},\"primaryImageOfPage\":{\"@id\":\"https:\\\/\\\/kidsplay.lt\\\/produktas\\\/woopie-royal-leles-drabuziu-komplektas-romperio-bodis-vienaragio-kepure-43-46-cm\\\/#primaryimage\"},\"image\":{\"@id\":\"https:\\\/\\\/kidsplay.lt\\\/produktas\\\/woopie-royal-leles-drabuziu-komplektas-romperio-bodis-vienaragio-kepure-43-46-cm\\\/#primaryimage\"},\"thumbnailUrl\":\"https:\\\/\\\/kidsplay.lt\\\/wp-content\\\/uploads\\\/2025\\\/10\\\/WOOPIE-ROYAL-Leles-drabuziu-komplektas-Romperio-bodis-Vienaragio-kepure-43-46-cm.jpg\",\"datePublished\":\"2025-10-22T07:49:26+00:00\",\"dateModified\":\"2026-04-07T07:04:20+00:00\",\"description\":\"WOOPIE ROYAL L\u0117l\u0117s drabu\u017ei\u0173 komplektas Romperio bodis Vienaragio kepur\u0117 43-46 cm - KidsPlay. Did\u017eiausias vaik\u0173 \u017eaisl\u0173 pasirinkimas.\",\"breadcrumb\":{\"@id\":\"https:\\\/\\\/kidsplay.lt\\\/produktas\\\/woopie-royal-leles-drabuziu-komplektas-romperio-bodis-vienaragio-kepure-43-46-cm\\\/#breadcrumb\"},\"inLanguage\":\"lv-LV\",\"potentialAction\":[{\"@type\":\"ReadAction\",\"target\":[\"https:\\\/\\\/kidsplay.lt\\\/produktas\\\/woopie-royal-leles-drabuziu-komplektas-romperio-bodis-vienaragio-kepure-43-46-cm\\\/\"]}]},{\"@type\":\"ImageObject\",\"inLanguage\":\"lv-LV\",\"@id\":\"https:\\\/\\\/kidsplay.lt\\\/produktas\\\/woopie-royal-leles-drabuziu-komplektas-romperio-bodis-vienaragio-kepure-43-46-cm\\\/#primaryimage\",\"url\":\"https:\\\/\\\/kidsplay.lt\\\/wp-content\\\/uploads\\\/2025\\\/10\\\/WOOPIE-ROYAL-Leles-drabuziu-komplektas-Romperio-bodis-Vienaragio-kepure-43-46-cm.jpg\",\"contentUrl\":\"https:\\\/\\\/kidsplay.lt\\\/wp-content\\\/uploads\\\/2025\\\/10\\\/WOOPIE-ROYAL-Leles-drabuziu-komplektas-Romperio-bodis-Vienaragio-kepure-43-46-cm.jpg\",\"width\":2560,\"height\":2560,\"caption\":\"WOOPIE ROYAL L\u0117l\u0117s drabu\u017ei\u0173 komplektas Romperio bodis Vienaragio kepur\u0117 43-46 cm\"},{\"@type\":\"BreadcrumbList\",\"@id\":\"https:\\\/\\\/kidsplay.lt\\\/produktas\\\/woopie-royal-leles-drabuziu-komplektas-romperio-bodis-vienaragio-kepure-43-46-cm\\\/#breadcrumb\",\"itemListElement\":[{\"@type\":\"ListItem\",\"position\":1,\"name\":\"Pagrindinis\",\"item\":\"https:\\\/\\\/kidsplay.lt\\\/\"},{\"@type\":\"ListItem\",\"position\":2,\"name\":\"Parduotuv\u0117\",\"item\":\"https:\\\/\\\/kidsplay.lt\\\/parduotuve\\\/\"},{\"@type\":\"ListItem\",\"position\":3,\"name\":\"WOOPIE ROYAL L\u0117l\u0117s drabu\u017ei\u0173 komplektas Romperio bodis Vienaragio kepur\u0117 43-46 cm\"}]},{\"@type\":\"WebSite\",\"@id\":\"https:\\\/\\\/kidsplay.lt\\\/#website\",\"url\":\"https:\\\/\\\/kidsplay.lt\\\/\",\"name\":\"Kidsplay.lt\",\"description\":\"\u012evairios prek\u0117s vaikams\",\"publisher\":{\"@id\":\"https:\\\/\\\/kidsplay.lt\\\/#organization\"},\"alternateName\":\"Kidsplay\",\"potentialAction\":[{\"@type\":\"SearchAction\",\"target\":{\"@type\":\"EntryPoint\",\"urlTemplate\":\"https:\\\/\\\/kidsplay.lt\\\/?s={search_term_string}\"},\"query-input\":{\"@type\":\"PropertyValueSpecification\",\"valueRequired\":true,\"valueName\":\"search_term_string\"}}],\"inLanguage\":\"lv-LV\"},{\"@type\":\"Organization\",\"@id\":\"https:\\\/\\\/kidsplay.lt\\\/#organization\",\"name\":\"KidsPlay\",\"url\":\"https:\\\/\\\/kidsplay.lt\\\/\",\"logo\":{\"@type\":\"ImageObject\",\"inLanguage\":\"lv-LV\",\"@id\":\"https:\\\/\\\/kidsplay.lt\\\/#\\\/schema\\\/logo\\\/image\\\/\",\"url\":\"https:\\\/\\\/kidsplay.lt\\\/wp-content\\\/uploads\\\/2023\\\/07\\\/kidsplay-logo.png\",\"contentUrl\":\"https:\\\/\\\/kidsplay.lt\\\/wp-content\\\/uploads\\\/2023\\\/07\\\/kidsplay-logo.png\",\"width\":451,\"height\":98,\"caption\":\"KidsPlay\"},\"image\":{\"@id\":\"https:\\\/\\\/kidsplay.lt\\\/#\\\/schema\\\/logo\\\/image\\\/\"},\"sameAs\":[\"https:\\\/\\\/www.facebook.com\\\/www.kidsplay.lt\"]}]}<\/script>\n<!-- \/ Yoast SEO plugin. -->","yoast_head_json":{"title":"WOOPIE ROYAL L\u0117l\u0117s drabu\u017ei\u0173 komplektas Romperio bodis Vienaragio kepur\u0117 43-46 cm","description":"WOOPIE ROYAL L\u0117l\u0117s drabu\u017ei\u0173 komplektas Romperio bodis Vienaragio kepur\u0117 43-46 cm - KidsPlay. Did\u017eiausias vaik\u0173 \u017eaisl\u0173 pasirinkimas.","robots":{"index":"index","follow":"follow","max-snippet":"max-snippet:-1","max-image-preview":"max-image-preview:large","max-video-preview":"max-video-preview:-1"},"canonical":"https:\/\/kidsplay.lt\/lv\/products\/woopie-royal-leles-drabuziu-komplektas-romperio-bodis-vienaragio-kepure-43-46-cm\/","og_locale":"lv_LV","og_type":"article","og_title":"WOOPIE ROYAL L\u0117l\u0117s drabu\u017ei\u0173 komplektas Romperio bodis Vienaragio kepur\u0117 43-46 cm","og_description":"WOOPIE ROYAL L\u0117l\u0117s drabu\u017ei\u0173 komplektas Romperio bodis Vienaragio kepur\u0117 43-46 cm - KidsPlay. Did\u017eiausias vaik\u0173 \u017eaisl\u0173 pasirinkimas.","og_url":"https:\/\/kidsplay.lt\/lv\/products\/woopie-royal-leles-drabuziu-komplektas-romperio-bodis-vienaragio-kepure-43-46-cm\/","og_site_name":"KidsPlay","article_publisher":"https:\/\/www.facebook.com\/www.kidsplay.lt","article_modified_time":"2026-04-07T07:04:20+00:00","og_image":[{"width":2560,"height":2560,"url":"https:\/\/kidsplay.lt\/wp-content\/uploads\/2025\/10\/WOOPIE-ROYAL-Leles-drabuziu-komplektas-Romperio-bodis-Vienaragio-kepure-43-46-cm.jpg","type":"image\/jpeg"}],"twitter_card":"summary_large_image","schema":{"@context":"https:\/\/schema.org","@graph":[{"@type":"WebPage","@id":"https:\/\/kidsplay.lt\/produktas\/woopie-royal-leles-drabuziu-komplektas-romperio-bodis-vienaragio-kepure-43-46-cm\/","url":"https:\/\/kidsplay.lt\/produktas\/woopie-royal-leles-drabuziu-komplektas-romperio-bodis-vienaragio-kepure-43-46-cm\/","name":"WOOPIE ROYAL L\u0117l\u0117s drabu\u017ei\u0173 komplektas Romperio bodis Vienaragio kepur\u0117 43-46 cm","isPartOf":{"@id":"https:\/\/kidsplay.lt\/#website"},"primaryImageOfPage":{"@id":"https:\/\/kidsplay.lt\/produktas\/woopie-royal-leles-drabuziu-komplektas-romperio-bodis-vienaragio-kepure-43-46-cm\/#primaryimage"},"image":{"@id":"https:\/\/kidsplay.lt\/produktas\/woopie-royal-leles-drabuziu-komplektas-romperio-bodis-vienaragio-kepure-43-46-cm\/#primaryimage"},"thumbnailUrl":"https:\/\/kidsplay.lt\/wp-content\/uploads\/2025\/10\/WOOPIE-ROYAL-Leles-drabuziu-komplektas-Romperio-bodis-Vienaragio-kepure-43-46-cm.jpg","datePublished":"2025-10-22T07:49:26+00:00","dateModified":"2026-04-07T07:04:20+00:00","description":"WOOPIE ROYAL L\u0117l\u0117s drabu\u017ei\u0173 komplektas Romperio bodis Vienaragio kepur\u0117 43-46 cm - KidsPlay. Did\u017eiausias vaik\u0173 \u017eaisl\u0173 pasirinkimas.","breadcrumb":{"@id":"https:\/\/kidsplay.lt\/produktas\/woopie-royal-leles-drabuziu-komplektas-romperio-bodis-vienaragio-kepure-43-46-cm\/#breadcrumb"},"inLanguage":"lv-LV","potentialAction":[{"@type":"ReadAction","target":["https:\/\/kidsplay.lt\/produktas\/woopie-royal-leles-drabuziu-komplektas-romperio-bodis-vienaragio-kepure-43-46-cm\/"]}]},{"@type":"ImageObject","inLanguage":"lv-LV","@id":"https:\/\/kidsplay.lt\/produktas\/woopie-royal-leles-drabuziu-komplektas-romperio-bodis-vienaragio-kepure-43-46-cm\/#primaryimage","url":"https:\/\/kidsplay.lt\/wp-content\/uploads\/2025\/10\/WOOPIE-ROYAL-Leles-drabuziu-komplektas-Romperio-bodis-Vienaragio-kepure-43-46-cm.jpg","contentUrl":"https:\/\/kidsplay.lt\/wp-content\/uploads\/2025\/10\/WOOPIE-ROYAL-Leles-drabuziu-komplektas-Romperio-bodis-Vienaragio-kepure-43-46-cm.jpg","width":2560,"height":2560,"caption":"WOOPIE ROYAL L\u0117l\u0117s drabu\u017ei\u0173 komplektas Romperio bodis Vienaragio kepur\u0117 43-46 cm"},{"@type":"BreadcrumbList","@id":"https:\/\/kidsplay.lt\/produktas\/woopie-royal-leles-drabuziu-komplektas-romperio-bodis-vienaragio-kepure-43-46-cm\/#breadcrumb","itemListElement":[{"@type":"ListItem","position":1,"name":"Pagrindinis","item":"https:\/\/kidsplay.lt\/"},{"@type":"ListItem","position":2,"name":"Parduotuv\u0117","item":"https:\/\/kidsplay.lt\/parduotuve\/"},{"@type":"ListItem","position":3,"name":"WOOPIE ROYAL L\u0117l\u0117s drabu\u017ei\u0173 komplektas Romperio bodis Vienaragio kepur\u0117 43-46 cm"}]},{"@type":"WebSite","@id":"https:\/\/kidsplay.lt\/#website","url":"https:\/\/kidsplay.lt\/","name":"B\u0113rnu sp\u0113les.lv","description":"\u012evairios prek\u0117s vaikams","publisher":{"@id":"https:\/\/kidsplay.lt\/#organization"},"alternateName":"Kidsplay","potentialAction":[{"@type":"SearchAction","target":{"@type":"EntryPoint","urlTemplate":"https:\/\/kidsplay.lt\/?s={search_term_string}"},"query-input":{"@type":"PropertyValueSpecification","valueRequired":true,"valueName":"search_term_string"}}],"inLanguage":"lv-LV"},{"@type":"Organization","@id":"https:\/\/kidsplay.lt\/#organization","name":"B\u0113rnu sp\u0113le","url":"https:\/\/kidsplay.lt\/","logo":{"@type":"ImageObject","inLanguage":"lv-LV","@id":"https:\/\/kidsplay.lt\/#\/schema\/logo\/image\/","url":"https:\/\/kidsplay.lt\/wp-content\/uploads\/2023\/07\/kidsplay-logo.png","contentUrl":"https:\/\/kidsplay.lt\/wp-content\/uploads\/2023\/07\/kidsplay-logo.png","width":451,"height":98,"caption":"KidsPlay"},"image":{"@id":"https:\/\/kidsplay.lt\/#\/schema\/logo\/image\/"},"sameAs":["https:\/\/www.facebook.com\/www.kidsplay.lt"]}]}},"_links":{"self":[{"href":"https:\/\/kidsplay.lt\/lv\/wp-json\/wp\/v2\/product\/77508","targetHints":{"allow":["GET"]}}],"collection":[{"href":"https:\/\/kidsplay.lt\/lv\/wp-json\/wp\/v2\/product"}],"about":[{"href":"https:\/\/kidsplay.lt\/lv\/wp-json\/wp\/v2\/types\/product"}],"version-history":[{"count":1,"href":"https:\/\/kidsplay.lt\/lv\/wp-json\/wp\/v2\/product\/77508\/revisions"}],"predecessor-version":[{"id":77509,"href":"https:\/\/kidsplay.lt\/lv\/wp-json\/wp\/v2\/product\/77508\/revisions\/77509"}],"wp:featuredmedia":[{"embeddable":true,"href":"https:\/\/kidsplay.lt\/lv\/wp-json\/wp\/v2\/media\/77510"}],"wp:attachment":[{"href":"https:\/\/kidsplay.lt\/lv\/wp-json\/wp\/v2\/media?parent=77508"}],"wp:term":[{"taxonomy":"product_brand","embeddable":true,"href":"https:\/\/kidsplay.lt\/lv\/wp-json\/wp\/v2\/product_brand?post=77508"},{"taxonomy":"product_cat","embeddable":true,"href":"https:\/\/kidsplay.lt\/lv\/wp-json\/wp\/v2\/product_cat?post=77508"},{"taxonomy":"product_tag","embeddable":true,"href":"https:\/\/kidsplay.lt\/lv\/wp-json\/wp\/v2\/product_tag?post=77508"}],"curies":[{"name":"wp","href":"https:\/\/api.w.org\/{rel}","templated":true}]}}