{"id":77513,"date":"2025-10-22T10:49:46","date_gmt":"2025-10-22T07:49:46","guid":{"rendered":"https:\/\/kidsplay.lt\/produktas\/woopie-xxl-lyginimo-lentu-rinkinys-su-lygintuvu-pakaba-skalbiniu-krepsiu-ir-drabuziais-14-vnt\/"},"modified":"2026-04-13T14:25:16","modified_gmt":"2026-04-13T11:25:16","slug":"woopie-xxl-lyginimo-lentu-rinkinys-su-lygintuvu-pakaba-skalbiniu-krepsiu-ir-drabuziais-14-vnt","status":"publish","type":"product","link":"https:\/\/kidsplay.lt\/lv\/products\/woopie-xxl-lyginimo-lentu-rinkinys-su-lygintuvu-pakaba-skalbiniu-krepsiu-ir-drabuziais-14-vnt\/","title":{"rendered":"WOOPIE XXL gludin\u0101m\u0101 d\u0113\u013ca komplekts ar gludekli, pakaramo, ve\u013cas grozu un dr\u0113b\u0113m, 14 gab."},"content":{"rendered":"<p>Lyginimo rinkinys\u00a0i\u0161\u00a0WOOPIE\u00a0suteiks j\u016bs\u0173 vaikui daugyb\u0119 d\u017eiaugsmo vaidinant ma\u017e\u0105j\u0105 nam\u0173 \u0161eiminink\u0119. Rinkin\u012f sudaro\u00a0lygintuvas\u00a0,\u00a0\u00a0lyginimo lenta, skalbini\u0173 krep\u0161ys\u00a0, pastatomas\u00a0pakaba\u00a0, trys ma\u017eos l\u0117li\u0173\u00a0suknel\u0117s\u00a0\u00a0ir du indeliai skalbimo milteli\u0173\u00a0. Lygintuvas\u00a0yra\u00a0saugus vaikams\u00a0, nes ne\u012fkaista. Jis turi\u00a0daug funkcij\u0173\u00a0, kurios dar labiau sustiprins d\u017eiaugsm\u0105: vien\u0105 i\u0161 lygintuvo rankenos mygtuk\u0173, kur\u012f paspaudus ir palaikius,\u00a0skleid\u017eiami tikri lyginimo garsai, \u0161vie\u010dian\u010di\u0105 LED lemput\u0119\u00a0ir garso\u00a0efektus\u00a0dain\u0173 pavidalu\u00a0. Tai puikus rinkinys vaikams, kurie m\u0117gsta m\u0117gd\u017eioti savo t\u0117vus kasdien\u0117s veiklos metu.<\/p>\n<p>Rakstur\u012bgs:<\/p>\n<p> \t- rota\u013clieta no 3 gadu vecuma<br \/>\n \t&#8211;\u00a0rinkin\u012f sudaro\u00a014 element\u0173<br \/>\n \t&#8211;\u00a0puikiai tinka \u017eaisti ma\u017e\u0105j\u0105 nam\u0173 \u0161eiminink\u0119<br \/>\n \t&#8211;\u00a0vaikams saugus rinkinys<br \/>\n \t&#8211; lygintuvas ne\u012fkaista<br \/>\n \t&#8211;\u00a0ap\u0161vietimo efektai<br \/>\n \t&#8211;\u00a0garso efektai<br \/>\n \t&#8211;\u00a0stabili\u00a0lyginimo lenta<br \/>\n \t\u2013 lygintuvas neturi pur\u0161kimo funkcijos<br \/>\n \tReikalingos baterijos: 3 x &#8222;1,5 VAA&#8221; baterijos (nepridedamos)<\/p>\n<p>Gele\u017eies funkcijos:<\/p>\n<p> \t\u012ejungus mygtuk\u0105, lygintuvas skleid\u017eia gars\u0105.<br \/>\n \tNor\u0117dami \u012fjungti ir pakeisti 3 skirtingas dainas, naudokite ranken\u0117l\u0119<br \/>\n \tAnt rankenos yra mygtukas, kur\u012f paspaudus girdimi tikri lyginimo garsai!<\/p>\n<p>Komplekt\u0101 ietilpst:<\/p>\n<p> \t&#8211; elektrinis lygintuvas<br \/>\n \t&#8211; lyginimo lenta<br \/>\n \t&#8211; skalbini\u0173 krep\u0161ys<br \/>\n \t&#8211; 3 ma\u017eos suknel\u0117s<br \/>\n \t&#8211; 2 pakuot\u0117s skalbimo skys\u010dio<br \/>\n \t&#8211; 3 drabu\u017ei\u0173 pakabos<br \/>\n \t&#8211; 2 laisvai pastatomi pakabos<br \/>\n \t&#8211; pakabinamas laikiklis<\/p>\n<p>Rota\u013clieta att\u012bst\u0101s:<\/p>\n<p> \t&#8211; vaizduot\u0117<br \/>\n \t&#8211; empatija<br \/>\n \t&#8211; socialiniai \u012fg\u016bd\u017eiai<br \/>\n \t&#8211; smulkiosios motorikos \u012fg\u016bd\u017eiai<\/p>","protected":false},"excerpt":{"rendered":"<p>Lyginimo rinkinys\u00a0i\u0161\u00a0WOOPIE\u00a0suteiks j\u016bs\u0173 vaikui daugyb\u0119 d\u017eiaugsmo vaidinant ma\u017e\u0105j\u0105 nam\u0173 \u0161eiminink\u0119. Rinkin\u012f sudaro\u00a0lygintuvas\u00a0,\u00a0\u00a0lyginimo lenta, skalbini\u0173 krep\u0161ys\u00a0, pastatomas\u00a0pakaba\u00a0, trys ma\u017eos l\u0117li\u0173\u00a0suknel\u0117s\u00a0\u00a0ir du<\/p>","protected":false},"featured_media":77515,"template":"","meta":{"_acf_changed":false,"_glsr_average":0,"_glsr_ranking":0,"_glsr_reviews":0},"product_brand":[],"product_cat":[896,399],"product_tag":[],"class_list":{"0":"post-77513","1":"product","2":"type-product","3":"status-publish","4":"has-post-thumbnail","6":"product_cat-namu-ukis-vaidmenu-zaidimai","7":"product_cat-vaidmenu-zaidimai-2","8":"\"style=\"background-color: #2ecc711c;\"","10":"first","11":"instock","12":"purchasable","13":"product-type-simple"},"acf":[],"yoast_head":"<!-- This site is optimized with the Yoast SEO plugin v27.4 - https:\/\/yoast.com\/product\/yoast-seo-wordpress\/ -->\n<title>WOOPIE XXL lyginimo lent\u0173 rinkinys su lygintuvu, pakaba, skalbini\u0173 krep\u0161iu ir drabu\u017eiais, 14 vnt.<\/title>\n<meta name=\"description\" content=\"WOOPIE XXL lyginimo lent\u0173 rinkinys su lygintuvu, pakaba, skalbini\u0173 krep\u0161iu ir drabu\u017eiais, 14 vnt. - KidsPlay. Did\u017eiausias vaik\u0173 \u017eaisl\u0173 pasirinkimas.\" \/>\n<meta name=\"robots\" content=\"index, follow, max-snippet:-1, max-image-preview:large, max-video-preview:-1\" \/>\n<link rel=\"canonical\" href=\"https:\/\/kidsplay.lt\/lv\/products\/woopie-xxl-lyginimo-lentu-rinkinys-su-lygintuvu-pakaba-skalbiniu-krepsiu-ir-drabuziais-14-vnt\/\" \/>\n<meta property=\"og:locale\" content=\"lv_LV\" \/>\n<meta property=\"og:type\" content=\"article\" \/>\n<meta property=\"og:title\" content=\"WOOPIE XXL lyginimo lent\u0173 rinkinys su lygintuvu, pakaba, skalbini\u0173 krep\u0161iu ir drabu\u017eiais, 14 vnt.\" \/>\n<meta property=\"og:description\" content=\"WOOPIE XXL lyginimo lent\u0173 rinkinys su lygintuvu, pakaba, skalbini\u0173 krep\u0161iu ir drabu\u017eiais, 14 vnt. - KidsPlay. Did\u017eiausias vaik\u0173 \u017eaisl\u0173 pasirinkimas.\" \/>\n<meta property=\"og:url\" content=\"https:\/\/kidsplay.lt\/lv\/products\/woopie-xxl-lyginimo-lentu-rinkinys-su-lygintuvu-pakaba-skalbiniu-krepsiu-ir-drabuziais-14-vnt\/\" \/>\n<meta property=\"og:site_name\" content=\"KidsPlay\" \/>\n<meta property=\"article:publisher\" content=\"https:\/\/www.facebook.com\/www.kidsplay.lt\" \/>\n<meta property=\"article:modified_time\" content=\"2026-04-13T11:25:16+00:00\" \/>\n<meta property=\"og:image\" content=\"https:\/\/kidsplay.lt\/wp-content\/uploads\/2025\/10\/WOOPIE-XXL-lyginimo-lentu-rinkinys-su-lygintuvu-pakaba-skalbiniu-krepsiu-ir-drabuziais-14-vnt.jpg\" \/>\n\t<meta property=\"og:image:width\" content=\"2560\" \/>\n\t<meta property=\"og:image:height\" content=\"2560\" \/>\n\t<meta property=\"og:image:type\" content=\"image\/jpeg\" \/>\n<meta name=\"twitter:card\" content=\"summary_large_image\" \/>\n<meta name=\"twitter:label1\" content=\"Est. reading time\" \/>\n\t<meta name=\"twitter:data1\" content=\"1 min\u016bte\" \/>\n<script type=\"application\/ld+json\" class=\"yoast-schema-graph\">{\"@context\":\"https:\\\/\\\/schema.org\",\"@graph\":[{\"@type\":\"WebPage\",\"@id\":\"https:\\\/\\\/kidsplay.lt\\\/produktas\\\/woopie-xxl-lyginimo-lentu-rinkinys-su-lygintuvu-pakaba-skalbiniu-krepsiu-ir-drabuziais-14-vnt\\\/\",\"url\":\"https:\\\/\\\/kidsplay.lt\\\/produktas\\\/woopie-xxl-lyginimo-lentu-rinkinys-su-lygintuvu-pakaba-skalbiniu-krepsiu-ir-drabuziais-14-vnt\\\/\",\"name\":\"WOOPIE XXL lyginimo lent\u0173 rinkinys su lygintuvu, pakaba, skalbini\u0173 krep\u0161iu ir drabu\u017eiais, 14 vnt.\",\"isPartOf\":{\"@id\":\"https:\\\/\\\/kidsplay.lt\\\/#website\"},\"primaryImageOfPage\":{\"@id\":\"https:\\\/\\\/kidsplay.lt\\\/produktas\\\/woopie-xxl-lyginimo-lentu-rinkinys-su-lygintuvu-pakaba-skalbiniu-krepsiu-ir-drabuziais-14-vnt\\\/#primaryimage\"},\"image\":{\"@id\":\"https:\\\/\\\/kidsplay.lt\\\/produktas\\\/woopie-xxl-lyginimo-lentu-rinkinys-su-lygintuvu-pakaba-skalbiniu-krepsiu-ir-drabuziais-14-vnt\\\/#primaryimage\"},\"thumbnailUrl\":\"https:\\\/\\\/kidsplay.lt\\\/wp-content\\\/uploads\\\/2025\\\/10\\\/WOOPIE-XXL-lyginimo-lentu-rinkinys-su-lygintuvu-pakaba-skalbiniu-krepsiu-ir-drabuziais-14-vnt.jpg\",\"datePublished\":\"2025-10-22T07:49:46+00:00\",\"dateModified\":\"2026-04-13T11:25:16+00:00\",\"description\":\"WOOPIE XXL lyginimo lent\u0173 rinkinys su lygintuvu, pakaba, skalbini\u0173 krep\u0161iu ir drabu\u017eiais, 14 vnt. - KidsPlay. Did\u017eiausias vaik\u0173 \u017eaisl\u0173 pasirinkimas.\",\"breadcrumb\":{\"@id\":\"https:\\\/\\\/kidsplay.lt\\\/produktas\\\/woopie-xxl-lyginimo-lentu-rinkinys-su-lygintuvu-pakaba-skalbiniu-krepsiu-ir-drabuziais-14-vnt\\\/#breadcrumb\"},\"inLanguage\":\"lv-LV\",\"potentialAction\":[{\"@type\":\"ReadAction\",\"target\":[\"https:\\\/\\\/kidsplay.lt\\\/produktas\\\/woopie-xxl-lyginimo-lentu-rinkinys-su-lygintuvu-pakaba-skalbiniu-krepsiu-ir-drabuziais-14-vnt\\\/\"]}]},{\"@type\":\"ImageObject\",\"inLanguage\":\"lv-LV\",\"@id\":\"https:\\\/\\\/kidsplay.lt\\\/produktas\\\/woopie-xxl-lyginimo-lentu-rinkinys-su-lygintuvu-pakaba-skalbiniu-krepsiu-ir-drabuziais-14-vnt\\\/#primaryimage\",\"url\":\"https:\\\/\\\/kidsplay.lt\\\/wp-content\\\/uploads\\\/2025\\\/10\\\/WOOPIE-XXL-lyginimo-lentu-rinkinys-su-lygintuvu-pakaba-skalbiniu-krepsiu-ir-drabuziais-14-vnt.jpg\",\"contentUrl\":\"https:\\\/\\\/kidsplay.lt\\\/wp-content\\\/uploads\\\/2025\\\/10\\\/WOOPIE-XXL-lyginimo-lentu-rinkinys-su-lygintuvu-pakaba-skalbiniu-krepsiu-ir-drabuziais-14-vnt.jpg\",\"width\":2560,\"height\":2560,\"caption\":\"WOOPIE XXL lyginimo lent\u0173 rinkinys su lygintuvu\"},{\"@type\":\"BreadcrumbList\",\"@id\":\"https:\\\/\\\/kidsplay.lt\\\/produktas\\\/woopie-xxl-lyginimo-lentu-rinkinys-su-lygintuvu-pakaba-skalbiniu-krepsiu-ir-drabuziais-14-vnt\\\/#breadcrumb\",\"itemListElement\":[{\"@type\":\"ListItem\",\"position\":1,\"name\":\"Pagrindinis\",\"item\":\"https:\\\/\\\/kidsplay.lt\\\/\"},{\"@type\":\"ListItem\",\"position\":2,\"name\":\"Parduotuv\u0117\",\"item\":\"https:\\\/\\\/kidsplay.lt\\\/parduotuve\\\/\"},{\"@type\":\"ListItem\",\"position\":3,\"name\":\"WOOPIE XXL lyginimo lent\u0173 rinkinys su lygintuvu, pakaba, skalbini\u0173 krep\u0161iu ir drabu\u017eiais, 14 vnt.\"}]},{\"@type\":\"WebSite\",\"@id\":\"https:\\\/\\\/kidsplay.lt\\\/#website\",\"url\":\"https:\\\/\\\/kidsplay.lt\\\/\",\"name\":\"Kidsplay.lt\",\"description\":\"\u012evairios prek\u0117s vaikams\",\"publisher\":{\"@id\":\"https:\\\/\\\/kidsplay.lt\\\/#organization\"},\"alternateName\":\"Kidsplay\",\"potentialAction\":[{\"@type\":\"SearchAction\",\"target\":{\"@type\":\"EntryPoint\",\"urlTemplate\":\"https:\\\/\\\/kidsplay.lt\\\/?s={search_term_string}\"},\"query-input\":{\"@type\":\"PropertyValueSpecification\",\"valueRequired\":true,\"valueName\":\"search_term_string\"}}],\"inLanguage\":\"lv-LV\"},{\"@type\":\"Organization\",\"@id\":\"https:\\\/\\\/kidsplay.lt\\\/#organization\",\"name\":\"KidsPlay\",\"url\":\"https:\\\/\\\/kidsplay.lt\\\/\",\"logo\":{\"@type\":\"ImageObject\",\"inLanguage\":\"lv-LV\",\"@id\":\"https:\\\/\\\/kidsplay.lt\\\/#\\\/schema\\\/logo\\\/image\\\/\",\"url\":\"https:\\\/\\\/kidsplay.lt\\\/wp-content\\\/uploads\\\/2023\\\/07\\\/kidsplay-logo.png\",\"contentUrl\":\"https:\\\/\\\/kidsplay.lt\\\/wp-content\\\/uploads\\\/2023\\\/07\\\/kidsplay-logo.png\",\"width\":451,\"height\":98,\"caption\":\"KidsPlay\"},\"image\":{\"@id\":\"https:\\\/\\\/kidsplay.lt\\\/#\\\/schema\\\/logo\\\/image\\\/\"},\"sameAs\":[\"https:\\\/\\\/www.facebook.com\\\/www.kidsplay.lt\"]}]}<\/script>\n<!-- \/ Yoast SEO plugin. -->","yoast_head_json":{"title":"WOOPIE XXL gludin\u0101m\u0101 d\u0113\u013ca komplekts ar gludekli, pakaramo, ve\u013cas grozu un dr\u0113b\u0113m, 14 gab.","description":"WOOPIE XXL lyginimo lent\u0173 rinkinys su lygintuvu, pakaba, skalbini\u0173 krep\u0161iu ir drabu\u017eiais, 14 vnt. - KidsPlay. Did\u017eiausias vaik\u0173 \u017eaisl\u0173 pasirinkimas.","robots":{"index":"index","follow":"follow","max-snippet":"max-snippet:-1","max-image-preview":"max-image-preview:large","max-video-preview":"max-video-preview:-1"},"canonical":"https:\/\/kidsplay.lt\/lv\/products\/woopie-xxl-lyginimo-lentu-rinkinys-su-lygintuvu-pakaba-skalbiniu-krepsiu-ir-drabuziais-14-vnt\/","og_locale":"lv_LV","og_type":"article","og_title":"WOOPIE XXL lyginimo lent\u0173 rinkinys su lygintuvu, pakaba, skalbini\u0173 krep\u0161iu ir drabu\u017eiais, 14 vnt.","og_description":"WOOPIE XXL lyginimo lent\u0173 rinkinys su lygintuvu, pakaba, skalbini\u0173 krep\u0161iu ir drabu\u017eiais, 14 vnt. - KidsPlay. Did\u017eiausias vaik\u0173 \u017eaisl\u0173 pasirinkimas.","og_url":"https:\/\/kidsplay.lt\/lv\/products\/woopie-xxl-lyginimo-lentu-rinkinys-su-lygintuvu-pakaba-skalbiniu-krepsiu-ir-drabuziais-14-vnt\/","og_site_name":"KidsPlay","article_publisher":"https:\/\/www.facebook.com\/www.kidsplay.lt","article_modified_time":"2026-04-13T11:25:16+00:00","og_image":[{"width":2560,"height":2560,"url":"https:\/\/kidsplay.lt\/wp-content\/uploads\/2025\/10\/WOOPIE-XXL-lyginimo-lentu-rinkinys-su-lygintuvu-pakaba-skalbiniu-krepsiu-ir-drabuziais-14-vnt.jpg","type":"image\/jpeg"}],"twitter_card":"summary_large_image","twitter_misc":{"Est. reading time":"1 min\u016bte"},"schema":{"@context":"https:\/\/schema.org","@graph":[{"@type":"WebPage","@id":"https:\/\/kidsplay.lt\/produktas\/woopie-xxl-lyginimo-lentu-rinkinys-su-lygintuvu-pakaba-skalbiniu-krepsiu-ir-drabuziais-14-vnt\/","url":"https:\/\/kidsplay.lt\/produktas\/woopie-xxl-lyginimo-lentu-rinkinys-su-lygintuvu-pakaba-skalbiniu-krepsiu-ir-drabuziais-14-vnt\/","name":"WOOPIE XXL gludin\u0101m\u0101 d\u0113\u013ca komplekts ar gludekli, pakaramo, ve\u013cas grozu un dr\u0113b\u0113m, 14 gab.","isPartOf":{"@id":"https:\/\/kidsplay.lt\/#website"},"primaryImageOfPage":{"@id":"https:\/\/kidsplay.lt\/produktas\/woopie-xxl-lyginimo-lentu-rinkinys-su-lygintuvu-pakaba-skalbiniu-krepsiu-ir-drabuziais-14-vnt\/#primaryimage"},"image":{"@id":"https:\/\/kidsplay.lt\/produktas\/woopie-xxl-lyginimo-lentu-rinkinys-su-lygintuvu-pakaba-skalbiniu-krepsiu-ir-drabuziais-14-vnt\/#primaryimage"},"thumbnailUrl":"https:\/\/kidsplay.lt\/wp-content\/uploads\/2025\/10\/WOOPIE-XXL-lyginimo-lentu-rinkinys-su-lygintuvu-pakaba-skalbiniu-krepsiu-ir-drabuziais-14-vnt.jpg","datePublished":"2025-10-22T07:49:46+00:00","dateModified":"2026-04-13T11:25:16+00:00","description":"WOOPIE XXL lyginimo lent\u0173 rinkinys su lygintuvu, pakaba, skalbini\u0173 krep\u0161iu ir drabu\u017eiais, 14 vnt. - KidsPlay. Did\u017eiausias vaik\u0173 \u017eaisl\u0173 pasirinkimas.","breadcrumb":{"@id":"https:\/\/kidsplay.lt\/produktas\/woopie-xxl-lyginimo-lentu-rinkinys-su-lygintuvu-pakaba-skalbiniu-krepsiu-ir-drabuziais-14-vnt\/#breadcrumb"},"inLanguage":"lv-LV","potentialAction":[{"@type":"ReadAction","target":["https:\/\/kidsplay.lt\/produktas\/woopie-xxl-lyginimo-lentu-rinkinys-su-lygintuvu-pakaba-skalbiniu-krepsiu-ir-drabuziais-14-vnt\/"]}]},{"@type":"ImageObject","inLanguage":"lv-LV","@id":"https:\/\/kidsplay.lt\/produktas\/woopie-xxl-lyginimo-lentu-rinkinys-su-lygintuvu-pakaba-skalbiniu-krepsiu-ir-drabuziais-14-vnt\/#primaryimage","url":"https:\/\/kidsplay.lt\/wp-content\/uploads\/2025\/10\/WOOPIE-XXL-lyginimo-lentu-rinkinys-su-lygintuvu-pakaba-skalbiniu-krepsiu-ir-drabuziais-14-vnt.jpg","contentUrl":"https:\/\/kidsplay.lt\/wp-content\/uploads\/2025\/10\/WOOPIE-XXL-lyginimo-lentu-rinkinys-su-lygintuvu-pakaba-skalbiniu-krepsiu-ir-drabuziais-14-vnt.jpg","width":2560,"height":2560,"caption":"WOOPIE XXL lyginimo lent\u0173 rinkinys su lygintuvu"},{"@type":"BreadcrumbList","@id":"https:\/\/kidsplay.lt\/produktas\/woopie-xxl-lyginimo-lentu-rinkinys-su-lygintuvu-pakaba-skalbiniu-krepsiu-ir-drabuziais-14-vnt\/#breadcrumb","itemListElement":[{"@type":"ListItem","position":1,"name":"Pagrindinis","item":"https:\/\/kidsplay.lt\/"},{"@type":"ListItem","position":2,"name":"Parduotuv\u0117","item":"https:\/\/kidsplay.lt\/parduotuve\/"},{"@type":"ListItem","position":3,"name":"WOOPIE XXL lyginimo lent\u0173 rinkinys su lygintuvu, pakaba, skalbini\u0173 krep\u0161iu ir drabu\u017eiais, 14 vnt."}]},{"@type":"WebSite","@id":"https:\/\/kidsplay.lt\/#website","url":"https:\/\/kidsplay.lt\/","name":"B\u0113rnu sp\u0113les.lv","description":"\u012evairios prek\u0117s vaikams","publisher":{"@id":"https:\/\/kidsplay.lt\/#organization"},"alternateName":"Kidsplay","potentialAction":[{"@type":"SearchAction","target":{"@type":"EntryPoint","urlTemplate":"https:\/\/kidsplay.lt\/?s={search_term_string}"},"query-input":{"@type":"PropertyValueSpecification","valueRequired":true,"valueName":"search_term_string"}}],"inLanguage":"lv-LV"},{"@type":"Organization","@id":"https:\/\/kidsplay.lt\/#organization","name":"B\u0113rnu sp\u0113le","url":"https:\/\/kidsplay.lt\/","logo":{"@type":"ImageObject","inLanguage":"lv-LV","@id":"https:\/\/kidsplay.lt\/#\/schema\/logo\/image\/","url":"https:\/\/kidsplay.lt\/wp-content\/uploads\/2023\/07\/kidsplay-logo.png","contentUrl":"https:\/\/kidsplay.lt\/wp-content\/uploads\/2023\/07\/kidsplay-logo.png","width":451,"height":98,"caption":"KidsPlay"},"image":{"@id":"https:\/\/kidsplay.lt\/#\/schema\/logo\/image\/"},"sameAs":["https:\/\/www.facebook.com\/www.kidsplay.lt"]}]}},"_links":{"self":[{"href":"https:\/\/kidsplay.lt\/lv\/wp-json\/wp\/v2\/product\/77513","targetHints":{"allow":["GET"]}}],"collection":[{"href":"https:\/\/kidsplay.lt\/lv\/wp-json\/wp\/v2\/product"}],"about":[{"href":"https:\/\/kidsplay.lt\/lv\/wp-json\/wp\/v2\/types\/product"}],"version-history":[{"count":1,"href":"https:\/\/kidsplay.lt\/lv\/wp-json\/wp\/v2\/product\/77513\/revisions"}],"predecessor-version":[{"id":77514,"href":"https:\/\/kidsplay.lt\/lv\/wp-json\/wp\/v2\/product\/77513\/revisions\/77514"}],"wp:featuredmedia":[{"embeddable":true,"href":"https:\/\/kidsplay.lt\/lv\/wp-json\/wp\/v2\/media\/77515"}],"wp:attachment":[{"href":"https:\/\/kidsplay.lt\/lv\/wp-json\/wp\/v2\/media?parent=77513"}],"wp:term":[{"taxonomy":"product_brand","embeddable":true,"href":"https:\/\/kidsplay.lt\/lv\/wp-json\/wp\/v2\/product_brand?post=77513"},{"taxonomy":"product_cat","embeddable":true,"href":"https:\/\/kidsplay.lt\/lv\/wp-json\/wp\/v2\/product_cat?post=77513"},{"taxonomy":"product_tag","embeddable":true,"href":"https:\/\/kidsplay.lt\/lv\/wp-json\/wp\/v2\/product_tag?post=77513"}],"curies":[{"name":"wp","href":"https:\/\/api.w.org\/{rel}","templated":true}]}}