{"id":77532,"date":"2025-10-22T10:50:55","date_gmt":"2025-10-22T07:50:55","guid":{"rendered":"https:\/\/kidsplay.lt\/produktas\/woopie-ledu-gaminimo-aparato-rinkinys-ledu-salono-delione-15-vnt\/"},"modified":"2026-04-07T10:04:31","modified_gmt":"2026-04-07T07:04:31","slug":"woopie-ledu-gaminimo-aparato-rinkinys-ledu-salono-delione-15-vnt","status":"publish","type":"product","link":"https:\/\/kidsplay.lt\/lv\/products\/woopie-ledu-gaminimo-aparato-rinkinys-ledu-salono-delione-15-vnt\/","title":{"rendered":"WOOPIE led\u0173 gaminimo aparato rinkinys, led\u0173 salono d\u0117lion\u0117, 15 vnt."},"content":{"rendered":"<p>WOOPIE\u00a0led\u0173\u00a0gaminimo rinkinys\u00a0leis j\u016bs\u0173 vaikui pasijusti tikru konditerio vaidmenimis. Rinkin\u012f sudaro vafliai, rutuliukai, \u0161auk\u0161telis ir papildomi priedai. Vaikai paima vafl\u012f,\u00a0u\u017ededa\u00a0pasirinkt\u0105 \u0161auk\u0161tel\u012f ant \u0161auk\u0161to ir i\u0161d\u0117lioja j\u012f taip, kaip jiems patinka.\u00a0\u0160is paprastas \u017eaidimas\u00a0lavins j\u016bs\u0173 vaiko\u00a0vaizduot\u0119\u00a0ir\u00a0k\u016brybi\u0161kum\u0105\u00a0. Vaikai gali atlikti\u00a0konditerio ir kliento\u00a0vaidmenis su draugais ar \u0161eima.<\/p>\n<p>Rakstur\u012bgs:<\/p>\n<p> \t&#8211; \u017eaislas\u00a0nuo 3 met\u0173 am\u017eiaus,<br \/>\n \t&#8211; rinkinyje yra\u00a015 element\u0173<br \/>\n \t&#8211;\u00a0lengva naudoti<br \/>\n \t&#8211;\u00a0vaidmen\u0173 \u017eaidimai<\/p>\n<p>Komplekt\u0101 ietilpst:<\/p>\n<p> \t&#8211; 3 led\u0173 k\u016bgeliai<br \/>\n \t&#8211; 5 vienos ranken\u0117l\u0117s<br \/>\n \t&#8211; 3 led\u0173 desertai, kuriuos reikia sud\u0117ti ant vaflinio ragelio<br \/>\n \t&#8211; 1 \u0161auk\u0161tas led\u0173<\/p>","protected":false},"excerpt":{"rendered":"<p>WOOPIE\u00a0led\u0173\u00a0gaminimo rinkinys\u00a0leis j\u016bs\u0173 vaikui pasijusti tikru konditerio vaidmenimis. Rinkin\u012f sudaro vafliai, rutuliukai, \u0161auk\u0161telis ir papildomi priedai. Vaikai paima vafl\u012f,\u00a0u\u017ededa\u00a0pasirinkt\u0105 \u0161auk\u0161tel\u012f<\/p>","protected":false},"featured_media":77534,"template":"","meta":{"_acf_changed":false,"_glsr_average":0,"_glsr_ranking":0,"_glsr_reviews":0},"product_brand":[],"product_cat":[399,229],"product_tag":[],"class_list":{"0":"post-77532","1":"product","2":"type-product","3":"status-publish","4":"has-post-thumbnail","6":"product_cat-vaidmenu-zaidimai-2","7":"product_cat-zaislai-vaikams","8":"\"style=\"background-color: #2ecc711c;\"","10":"first","11":"instock","12":"purchasable","13":"product-type-simple"},"acf":[],"yoast_head":"<!-- This site is optimized with the Yoast SEO plugin v27.3 - https:\/\/yoast.com\/product\/yoast-seo-wordpress\/ -->\n<title>WOOPIE led\u0173 gaminimo aparato rinkinys, led\u0173 salono d\u0117lion\u0117, 15 vnt.<\/title>\n<meta name=\"description\" content=\"WOOPIE led\u0173 gaminimo aparato rinkinys, led\u0173 salono d\u0117lion\u0117, 15 vnt. - KidsPlay. Did\u017eiausias vaik\u0173 \u017eaisl\u0173 pasirinkimas.\" \/>\n<meta name=\"robots\" content=\"index, follow, max-snippet:-1, max-image-preview:large, max-video-preview:-1\" \/>\n<link rel=\"canonical\" href=\"https:\/\/kidsplay.lt\/lv\/products\/woopie-ledu-gaminimo-aparato-rinkinys-ledu-salono-delione-15-vnt\/\" \/>\n<meta property=\"og:locale\" content=\"lv_LV\" \/>\n<meta property=\"og:type\" content=\"article\" \/>\n<meta property=\"og:title\" content=\"WOOPIE led\u0173 gaminimo aparato rinkinys, led\u0173 salono d\u0117lion\u0117, 15 vnt.\" \/>\n<meta property=\"og:description\" content=\"WOOPIE led\u0173 gaminimo aparato rinkinys, led\u0173 salono d\u0117lion\u0117, 15 vnt. - KidsPlay. Did\u017eiausias vaik\u0173 \u017eaisl\u0173 pasirinkimas.\" \/>\n<meta property=\"og:url\" content=\"https:\/\/kidsplay.lt\/lv\/products\/woopie-ledu-gaminimo-aparato-rinkinys-ledu-salono-delione-15-vnt\/\" \/>\n<meta property=\"og:site_name\" content=\"KidsPlay\" \/>\n<meta property=\"article:publisher\" content=\"https:\/\/www.facebook.com\/www.kidsplay.lt\" \/>\n<meta property=\"article:modified_time\" content=\"2026-04-07T07:04:31+00:00\" \/>\n<meta property=\"og:image\" content=\"https:\/\/kidsplay.lt\/wp-content\/uploads\/2025\/10\/WOOPIE-ledu-gaminimo-aparato-rinkinys-ledu-salono-delione-15-vnt-800x800.jpg\" \/>\n\t<meta property=\"og:image:width\" content=\"800\" \/>\n\t<meta property=\"og:image:height\" content=\"800\" \/>\n\t<meta property=\"og:image:type\" content=\"image\/jpeg\" \/>\n<meta name=\"twitter:card\" content=\"summary_large_image\" \/>\n<meta name=\"twitter:label1\" content=\"Est. reading time\" \/>\n\t<meta name=\"twitter:data1\" content=\"1 min\u016bte\" \/>\n<script type=\"application\/ld+json\" class=\"yoast-schema-graph\">{\"@context\":\"https:\\\/\\\/schema.org\",\"@graph\":[{\"@type\":\"WebPage\",\"@id\":\"https:\\\/\\\/kidsplay.lt\\\/produktas\\\/woopie-ledu-gaminimo-aparato-rinkinys-ledu-salono-delione-15-vnt\\\/\",\"url\":\"https:\\\/\\\/kidsplay.lt\\\/produktas\\\/woopie-ledu-gaminimo-aparato-rinkinys-ledu-salono-delione-15-vnt\\\/\",\"name\":\"WOOPIE led\u0173 gaminimo aparato rinkinys, led\u0173 salono d\u0117lion\u0117, 15 vnt.\",\"isPartOf\":{\"@id\":\"https:\\\/\\\/kidsplay.lt\\\/#website\"},\"primaryImageOfPage\":{\"@id\":\"https:\\\/\\\/kidsplay.lt\\\/produktas\\\/woopie-ledu-gaminimo-aparato-rinkinys-ledu-salono-delione-15-vnt\\\/#primaryimage\"},\"image\":{\"@id\":\"https:\\\/\\\/kidsplay.lt\\\/produktas\\\/woopie-ledu-gaminimo-aparato-rinkinys-ledu-salono-delione-15-vnt\\\/#primaryimage\"},\"thumbnailUrl\":\"https:\\\/\\\/kidsplay.lt\\\/wp-content\\\/uploads\\\/2025\\\/10\\\/WOOPIE-ledu-gaminimo-aparato-rinkinys-ledu-salono-delione-15-vnt.jpg\",\"datePublished\":\"2025-10-22T07:50:55+00:00\",\"dateModified\":\"2026-04-07T07:04:31+00:00\",\"description\":\"WOOPIE led\u0173 gaminimo aparato rinkinys, led\u0173 salono d\u0117lion\u0117, 15 vnt. - KidsPlay. Did\u017eiausias vaik\u0173 \u017eaisl\u0173 pasirinkimas.\",\"breadcrumb\":{\"@id\":\"https:\\\/\\\/kidsplay.lt\\\/produktas\\\/woopie-ledu-gaminimo-aparato-rinkinys-ledu-salono-delione-15-vnt\\\/#breadcrumb\"},\"inLanguage\":\"lv-LV\",\"potentialAction\":[{\"@type\":\"ReadAction\",\"target\":[\"https:\\\/\\\/kidsplay.lt\\\/produktas\\\/woopie-ledu-gaminimo-aparato-rinkinys-ledu-salono-delione-15-vnt\\\/\"]}]},{\"@type\":\"ImageObject\",\"inLanguage\":\"lv-LV\",\"@id\":\"https:\\\/\\\/kidsplay.lt\\\/produktas\\\/woopie-ledu-gaminimo-aparato-rinkinys-ledu-salono-delione-15-vnt\\\/#primaryimage\",\"url\":\"https:\\\/\\\/kidsplay.lt\\\/wp-content\\\/uploads\\\/2025\\\/10\\\/WOOPIE-ledu-gaminimo-aparato-rinkinys-ledu-salono-delione-15-vnt.jpg\",\"contentUrl\":\"https:\\\/\\\/kidsplay.lt\\\/wp-content\\\/uploads\\\/2025\\\/10\\\/WOOPIE-ledu-gaminimo-aparato-rinkinys-ledu-salono-delione-15-vnt.jpg\",\"width\":2560,\"height\":2560,\"caption\":\"WOOPIE led\u0173 gaminimo aparato rinkinys\"},{\"@type\":\"BreadcrumbList\",\"@id\":\"https:\\\/\\\/kidsplay.lt\\\/produktas\\\/woopie-ledu-gaminimo-aparato-rinkinys-ledu-salono-delione-15-vnt\\\/#breadcrumb\",\"itemListElement\":[{\"@type\":\"ListItem\",\"position\":1,\"name\":\"Pagrindinis\",\"item\":\"https:\\\/\\\/kidsplay.lt\\\/\"},{\"@type\":\"ListItem\",\"position\":2,\"name\":\"Parduotuv\u0117\",\"item\":\"https:\\\/\\\/kidsplay.lt\\\/parduotuve\\\/\"},{\"@type\":\"ListItem\",\"position\":3,\"name\":\"WOOPIE led\u0173 gaminimo aparato rinkinys, led\u0173 salono d\u0117lion\u0117, 15 vnt.\"}]},{\"@type\":\"WebSite\",\"@id\":\"https:\\\/\\\/kidsplay.lt\\\/#website\",\"url\":\"https:\\\/\\\/kidsplay.lt\\\/\",\"name\":\"Kidsplay.lt\",\"description\":\"\u012evairios prek\u0117s vaikams\",\"publisher\":{\"@id\":\"https:\\\/\\\/kidsplay.lt\\\/#organization\"},\"alternateName\":\"Kidsplay\",\"potentialAction\":[{\"@type\":\"SearchAction\",\"target\":{\"@type\":\"EntryPoint\",\"urlTemplate\":\"https:\\\/\\\/kidsplay.lt\\\/?s={search_term_string}\"},\"query-input\":{\"@type\":\"PropertyValueSpecification\",\"valueRequired\":true,\"valueName\":\"search_term_string\"}}],\"inLanguage\":\"lv-LV\"},{\"@type\":\"Organization\",\"@id\":\"https:\\\/\\\/kidsplay.lt\\\/#organization\",\"name\":\"KidsPlay\",\"url\":\"https:\\\/\\\/kidsplay.lt\\\/\",\"logo\":{\"@type\":\"ImageObject\",\"inLanguage\":\"lv-LV\",\"@id\":\"https:\\\/\\\/kidsplay.lt\\\/#\\\/schema\\\/logo\\\/image\\\/\",\"url\":\"https:\\\/\\\/kidsplay.lt\\\/wp-content\\\/uploads\\\/2023\\\/07\\\/kidsplay-logo.png\",\"contentUrl\":\"https:\\\/\\\/kidsplay.lt\\\/wp-content\\\/uploads\\\/2023\\\/07\\\/kidsplay-logo.png\",\"width\":451,\"height\":98,\"caption\":\"KidsPlay\"},\"image\":{\"@id\":\"https:\\\/\\\/kidsplay.lt\\\/#\\\/schema\\\/logo\\\/image\\\/\"},\"sameAs\":[\"https:\\\/\\\/www.facebook.com\\\/www.kidsplay.lt\"]}]}<\/script>\n<!-- \/ Yoast SEO plugin. -->","yoast_head_json":{"title":"WOOPIE led\u0173 gaminimo aparato rinkinys, led\u0173 salono d\u0117lion\u0117, 15 vnt.","description":"WOOPIE led\u0173 gaminimo aparato rinkinys, led\u0173 salono d\u0117lion\u0117, 15 vnt. - KidsPlay. Did\u017eiausias vaik\u0173 \u017eaisl\u0173 pasirinkimas.","robots":{"index":"index","follow":"follow","max-snippet":"max-snippet:-1","max-image-preview":"max-image-preview:large","max-video-preview":"max-video-preview:-1"},"canonical":"https:\/\/kidsplay.lt\/lv\/products\/woopie-ledu-gaminimo-aparato-rinkinys-ledu-salono-delione-15-vnt\/","og_locale":"lv_LV","og_type":"article","og_title":"WOOPIE led\u0173 gaminimo aparato rinkinys, led\u0173 salono d\u0117lion\u0117, 15 vnt.","og_description":"WOOPIE led\u0173 gaminimo aparato rinkinys, led\u0173 salono d\u0117lion\u0117, 15 vnt. - KidsPlay. Did\u017eiausias vaik\u0173 \u017eaisl\u0173 pasirinkimas.","og_url":"https:\/\/kidsplay.lt\/lv\/products\/woopie-ledu-gaminimo-aparato-rinkinys-ledu-salono-delione-15-vnt\/","og_site_name":"KidsPlay","article_publisher":"https:\/\/www.facebook.com\/www.kidsplay.lt","article_modified_time":"2026-04-07T07:04:31+00:00","og_image":[{"width":800,"height":800,"url":"https:\/\/kidsplay.lt\/wp-content\/uploads\/2025\/10\/WOOPIE-ledu-gaminimo-aparato-rinkinys-ledu-salono-delione-15-vnt-800x800.jpg","type":"image\/jpeg"}],"twitter_card":"summary_large_image","twitter_misc":{"Est. reading time":"1 min\u016bte"},"schema":{"@context":"https:\/\/schema.org","@graph":[{"@type":"WebPage","@id":"https:\/\/kidsplay.lt\/produktas\/woopie-ledu-gaminimo-aparato-rinkinys-ledu-salono-delione-15-vnt\/","url":"https:\/\/kidsplay.lt\/produktas\/woopie-ledu-gaminimo-aparato-rinkinys-ledu-salono-delione-15-vnt\/","name":"WOOPIE led\u0173 gaminimo aparato rinkinys, led\u0173 salono d\u0117lion\u0117, 15 vnt.","isPartOf":{"@id":"https:\/\/kidsplay.lt\/#website"},"primaryImageOfPage":{"@id":"https:\/\/kidsplay.lt\/produktas\/woopie-ledu-gaminimo-aparato-rinkinys-ledu-salono-delione-15-vnt\/#primaryimage"},"image":{"@id":"https:\/\/kidsplay.lt\/produktas\/woopie-ledu-gaminimo-aparato-rinkinys-ledu-salono-delione-15-vnt\/#primaryimage"},"thumbnailUrl":"https:\/\/kidsplay.lt\/wp-content\/uploads\/2025\/10\/WOOPIE-ledu-gaminimo-aparato-rinkinys-ledu-salono-delione-15-vnt.jpg","datePublished":"2025-10-22T07:50:55+00:00","dateModified":"2026-04-07T07:04:31+00:00","description":"WOOPIE led\u0173 gaminimo aparato rinkinys, led\u0173 salono d\u0117lion\u0117, 15 vnt. - KidsPlay. Did\u017eiausias vaik\u0173 \u017eaisl\u0173 pasirinkimas.","breadcrumb":{"@id":"https:\/\/kidsplay.lt\/produktas\/woopie-ledu-gaminimo-aparato-rinkinys-ledu-salono-delione-15-vnt\/#breadcrumb"},"inLanguage":"lv-LV","potentialAction":[{"@type":"ReadAction","target":["https:\/\/kidsplay.lt\/produktas\/woopie-ledu-gaminimo-aparato-rinkinys-ledu-salono-delione-15-vnt\/"]}]},{"@type":"ImageObject","inLanguage":"lv-LV","@id":"https:\/\/kidsplay.lt\/produktas\/woopie-ledu-gaminimo-aparato-rinkinys-ledu-salono-delione-15-vnt\/#primaryimage","url":"https:\/\/kidsplay.lt\/wp-content\/uploads\/2025\/10\/WOOPIE-ledu-gaminimo-aparato-rinkinys-ledu-salono-delione-15-vnt.jpg","contentUrl":"https:\/\/kidsplay.lt\/wp-content\/uploads\/2025\/10\/WOOPIE-ledu-gaminimo-aparato-rinkinys-ledu-salono-delione-15-vnt.jpg","width":2560,"height":2560,"caption":"WOOPIE led\u0173 gaminimo aparato rinkinys"},{"@type":"BreadcrumbList","@id":"https:\/\/kidsplay.lt\/produktas\/woopie-ledu-gaminimo-aparato-rinkinys-ledu-salono-delione-15-vnt\/#breadcrumb","itemListElement":[{"@type":"ListItem","position":1,"name":"Pagrindinis","item":"https:\/\/kidsplay.lt\/"},{"@type":"ListItem","position":2,"name":"Parduotuv\u0117","item":"https:\/\/kidsplay.lt\/parduotuve\/"},{"@type":"ListItem","position":3,"name":"WOOPIE led\u0173 gaminimo aparato rinkinys, led\u0173 salono d\u0117lion\u0117, 15 vnt."}]},{"@type":"WebSite","@id":"https:\/\/kidsplay.lt\/#website","url":"https:\/\/kidsplay.lt\/","name":"B\u0113rnu sp\u0113les.lv","description":"\u012evairios prek\u0117s vaikams","publisher":{"@id":"https:\/\/kidsplay.lt\/#organization"},"alternateName":"Kidsplay","potentialAction":[{"@type":"SearchAction","target":{"@type":"EntryPoint","urlTemplate":"https:\/\/kidsplay.lt\/?s={search_term_string}"},"query-input":{"@type":"PropertyValueSpecification","valueRequired":true,"valueName":"search_term_string"}}],"inLanguage":"lv-LV"},{"@type":"Organization","@id":"https:\/\/kidsplay.lt\/#organization","name":"B\u0113rnu sp\u0113le","url":"https:\/\/kidsplay.lt\/","logo":{"@type":"ImageObject","inLanguage":"lv-LV","@id":"https:\/\/kidsplay.lt\/#\/schema\/logo\/image\/","url":"https:\/\/kidsplay.lt\/wp-content\/uploads\/2023\/07\/kidsplay-logo.png","contentUrl":"https:\/\/kidsplay.lt\/wp-content\/uploads\/2023\/07\/kidsplay-logo.png","width":451,"height":98,"caption":"KidsPlay"},"image":{"@id":"https:\/\/kidsplay.lt\/#\/schema\/logo\/image\/"},"sameAs":["https:\/\/www.facebook.com\/www.kidsplay.lt"]}]}},"_links":{"self":[{"href":"https:\/\/kidsplay.lt\/lv\/wp-json\/wp\/v2\/product\/77532","targetHints":{"allow":["GET"]}}],"collection":[{"href":"https:\/\/kidsplay.lt\/lv\/wp-json\/wp\/v2\/product"}],"about":[{"href":"https:\/\/kidsplay.lt\/lv\/wp-json\/wp\/v2\/types\/product"}],"version-history":[{"count":1,"href":"https:\/\/kidsplay.lt\/lv\/wp-json\/wp\/v2\/product\/77532\/revisions"}],"predecessor-version":[{"id":77533,"href":"https:\/\/kidsplay.lt\/lv\/wp-json\/wp\/v2\/product\/77532\/revisions\/77533"}],"wp:featuredmedia":[{"embeddable":true,"href":"https:\/\/kidsplay.lt\/lv\/wp-json\/wp\/v2\/media\/77534"}],"wp:attachment":[{"href":"https:\/\/kidsplay.lt\/lv\/wp-json\/wp\/v2\/media?parent=77532"}],"wp:term":[{"taxonomy":"product_brand","embeddable":true,"href":"https:\/\/kidsplay.lt\/lv\/wp-json\/wp\/v2\/product_brand?post=77532"},{"taxonomy":"product_cat","embeddable":true,"href":"https:\/\/kidsplay.lt\/lv\/wp-json\/wp\/v2\/product_cat?post=77532"},{"taxonomy":"product_tag","embeddable":true,"href":"https:\/\/kidsplay.lt\/lv\/wp-json\/wp\/v2\/product_tag?post=77532"}],"curies":[{"name":"wp","href":"https:\/\/api.w.org\/{rel}","templated":true}]}}