{"id":77547,"date":"2025-10-22T10:51:55","date_gmt":"2025-10-22T07:51:55","guid":{"rendered":"https:\/\/kidsplay.lt\/produktas\/woopie-baby-minkstas-barskutis-2in1-kramtukas-sensorinis-zaislas-kudikiams-nuo-0-men\/"},"modified":"2026-03-26T12:21:38","modified_gmt":"2026-03-26T10:21:38","slug":"woopie-baby-minkstas-barskutis-2in1-kramtukas-sensorinis-zaislas-kudikiams-nuo-0-men","status":"publish","type":"product","link":"https:\/\/kidsplay.lt\/lv\/products\/woopie-baby-minkstas-barskutis-2in1-kramtukas-sensorinis-zaislas-kudikiams-nuo-0-men\/","title":{"rendered":"WOOPIE BABY m\u012bksta grabul\u012bte 2in1 grau\u017eam\u0101-sensor\u0101 rota\u013clieta mazu\u013ciem no 0 m\u0113ne\u0161u vecuma."},"content":{"rendered":"<p>Kr\u0101sain\u0101 bumbi\u0146as formas grabul\u012bte no WOOPIE ir lieliska rota\u013clieta pa\u0161iem maz\u0101kajiem, pild\u012bta ar s\u012bk\u0101m p\u0113rl\u012bt\u0113m un rad\u012bta, dom\u0101jot par mazu\u013ciem. Forma un izm\u0113rs ir piel\u0101goti b\u0113rnu sp\u0113j\u0101m un vajadz\u012bb\u0101m, un katrs gredzens rot\u0113, radot unik\u0101lu ska\u0146u. Grabul\u012btes rokturi ir izgatavoti no gumijas komfortam.<\/p>\n<p>Funkcijas:<\/p>\n<p> \t\u2013 rota\u013clieta no pirmajiem dz\u012bves m\u0113ne\u0161iem,<br \/>\n \t\u2013 2\u00a0vien\u0101 grau\u017eamais un grabul\u012btis,<br \/>\n \t\u2013 pagrie\u017eoties rada ska\u0146as \u2013 rakstur\u012bga klik\u0161\u0137o\u0161a ska\u0146a<br \/>\n \t\u2013 bez as\u0101m mal\u0101m \u2013 dro\u0161s b\u0113rniem,<br \/>\n \t\u2013 krelles ar rot\u0113jo\u0161iem ap\u013ciem,<br \/>\n \t- gumijas rokturi,<br \/>\n \t\u2013 mazg\u0101\u0161anas iesp\u0113ja.<\/p>\n<p>Rota\u013clieta att\u012bst\u0101s:<\/p>\n<p> \t\u2013 smalk\u0101s motorikas,<br \/>\n \t\u2013 acu-roku koordin\u0101cija,<br \/>\n \t\u2013 redzes, dzirdes un taustes ma\u0146as,<br \/>\n \t\u2013 att\u012bst\u012bt izt\u0113li un sp\u0113ju at\u0161\u0137irt materi\u0101lus, to formas, kr\u0101sas un tekst\u016bras.<\/p>","protected":false},"excerpt":{"rendered":"<p>Spalvingas rutulio formos bar\u0161kutis\u00a0i\u0161\u00a0WOOPIE\u00a0yra puikus \u017eaislas patiems ma\u017eiausiems, pripildytas ma\u017ey\u010di\u0173 karoliukais ir sukurtas\u00a0galvojant apie k\u016bdikius\u00a0. Forma ir dydis pritaikyti prie<\/p>","protected":false},"featured_media":77549,"template":"","meta":{"_acf_changed":false,"_glsr_average":0,"_glsr_ranking":0,"_glsr_reviews":0},"product_brand":[],"product_cat":[396,229],"product_tag":[],"class_list":{"0":"post-77547","1":"product","2":"type-product","3":"status-publish","4":"has-post-thumbnail","6":"product_cat-kudikiu-zaislai-vaikams2","7":"product_cat-zaislai-vaikams","8":"\"style=\"background-color: #2ecc711c;\"","10":"first","11":"outofstock","12":"purchasable","13":"product-type-simple"},"acf":[],"yoast_head":"<!-- This site is optimized with the Yoast SEO plugin v27.4 - https:\/\/yoast.com\/product\/yoast-seo-wordpress\/ -->\n<title>WOOPIE BABY mink\u0161tas bar\u0161kutis 2in1 kramtukas-sensorinis \u017eaislas k\u016bdikiams nuo 0 m\u0117n.<\/title>\n<meta name=\"description\" content=\"WOOPIE BABY mink\u0161tas bar\u0161kutis 2in1 kramtukas-sensorinis \u017eaislas k\u016bdikiams nuo 0 m\u0117n. - KidsPlay. Did\u017eiausias vaik\u0173 \u017eaisl\u0173 pasirinkimas.\" \/>\n<meta name=\"robots\" content=\"index, follow, max-snippet:-1, max-image-preview:large, max-video-preview:-1\" \/>\n<link rel=\"canonical\" href=\"https:\/\/kidsplay.lt\/lv\/products\/woopie-baby-minkstas-barskutis-2in1-kramtukas-sensorinis-zaislas-kudikiams-nuo-0-men\/\" \/>\n<meta property=\"og:locale\" content=\"lv_LV\" \/>\n<meta property=\"og:type\" content=\"article\" \/>\n<meta property=\"og:title\" content=\"WOOPIE BABY mink\u0161tas bar\u0161kutis 2in1 kramtukas-sensorinis \u017eaislas k\u016bdikiams nuo 0 m\u0117n.\" \/>\n<meta property=\"og:description\" content=\"WOOPIE BABY mink\u0161tas bar\u0161kutis 2in1 kramtukas-sensorinis \u017eaislas k\u016bdikiams nuo 0 m\u0117n. - KidsPlay. Did\u017eiausias vaik\u0173 \u017eaisl\u0173 pasirinkimas.\" \/>\n<meta property=\"og:url\" content=\"https:\/\/kidsplay.lt\/lv\/products\/woopie-baby-minkstas-barskutis-2in1-kramtukas-sensorinis-zaislas-kudikiams-nuo-0-men\/\" \/>\n<meta property=\"og:site_name\" content=\"KidsPlay\" \/>\n<meta property=\"article:publisher\" content=\"https:\/\/www.facebook.com\/www.kidsplay.lt\" \/>\n<meta property=\"article:modified_time\" content=\"2026-03-26T10:21:38+00:00\" \/>\n<meta property=\"og:image\" content=\"https:\/\/kidsplay.lt\/wp-content\/uploads\/2025\/10\/WOOPIE-BABY-minkstas-barskutis-2in1-kramtukas-sensorinis-zaislas-kudikiams-nuo-0-men.jpg\" \/>\n\t<meta property=\"og:image:width\" content=\"2560\" \/>\n\t<meta property=\"og:image:height\" content=\"2560\" \/>\n\t<meta property=\"og:image:type\" content=\"image\/jpeg\" \/>\n<meta name=\"twitter:card\" content=\"summary_large_image\" \/>\n<meta name=\"twitter:label1\" content=\"Est. reading time\" \/>\n\t<meta name=\"twitter:data1\" content=\"1 min\u016bte\" \/>\n<script type=\"application\/ld+json\" class=\"yoast-schema-graph\">{\"@context\":\"https:\\\/\\\/schema.org\",\"@graph\":[{\"@type\":\"WebPage\",\"@id\":\"https:\\\/\\\/kidsplay.lt\\\/produktas\\\/woopie-baby-minkstas-barskutis-2in1-kramtukas-sensorinis-zaislas-kudikiams-nuo-0-men\\\/\",\"url\":\"https:\\\/\\\/kidsplay.lt\\\/produktas\\\/woopie-baby-minkstas-barskutis-2in1-kramtukas-sensorinis-zaislas-kudikiams-nuo-0-men\\\/\",\"name\":\"WOOPIE BABY mink\u0161tas bar\u0161kutis 2in1 kramtukas-sensorinis \u017eaislas k\u016bdikiams nuo 0 m\u0117n.\",\"isPartOf\":{\"@id\":\"https:\\\/\\\/kidsplay.lt\\\/#website\"},\"primaryImageOfPage\":{\"@id\":\"https:\\\/\\\/kidsplay.lt\\\/produktas\\\/woopie-baby-minkstas-barskutis-2in1-kramtukas-sensorinis-zaislas-kudikiams-nuo-0-men\\\/#primaryimage\"},\"image\":{\"@id\":\"https:\\\/\\\/kidsplay.lt\\\/produktas\\\/woopie-baby-minkstas-barskutis-2in1-kramtukas-sensorinis-zaislas-kudikiams-nuo-0-men\\\/#primaryimage\"},\"thumbnailUrl\":\"https:\\\/\\\/kidsplay.lt\\\/wp-content\\\/uploads\\\/2025\\\/10\\\/WOOPIE-BABY-minkstas-barskutis-2in1-kramtukas-sensorinis-zaislas-kudikiams-nuo-0-men.jpg\",\"datePublished\":\"2025-10-22T07:51:55+00:00\",\"dateModified\":\"2026-03-26T10:21:38+00:00\",\"description\":\"WOOPIE BABY mink\u0161tas bar\u0161kutis 2in1 kramtukas-sensorinis \u017eaislas k\u016bdikiams nuo 0 m\u0117n. - KidsPlay. Did\u017eiausias vaik\u0173 \u017eaisl\u0173 pasirinkimas.\",\"breadcrumb\":{\"@id\":\"https:\\\/\\\/kidsplay.lt\\\/produktas\\\/woopie-baby-minkstas-barskutis-2in1-kramtukas-sensorinis-zaislas-kudikiams-nuo-0-men\\\/#breadcrumb\"},\"inLanguage\":\"lv-LV\",\"potentialAction\":[{\"@type\":\"ReadAction\",\"target\":[\"https:\\\/\\\/kidsplay.lt\\\/produktas\\\/woopie-baby-minkstas-barskutis-2in1-kramtukas-sensorinis-zaislas-kudikiams-nuo-0-men\\\/\"]}]},{\"@type\":\"ImageObject\",\"inLanguage\":\"lv-LV\",\"@id\":\"https:\\\/\\\/kidsplay.lt\\\/produktas\\\/woopie-baby-minkstas-barskutis-2in1-kramtukas-sensorinis-zaislas-kudikiams-nuo-0-men\\\/#primaryimage\",\"url\":\"https:\\\/\\\/kidsplay.lt\\\/wp-content\\\/uploads\\\/2025\\\/10\\\/WOOPIE-BABY-minkstas-barskutis-2in1-kramtukas-sensorinis-zaislas-kudikiams-nuo-0-men.jpg\",\"contentUrl\":\"https:\\\/\\\/kidsplay.lt\\\/wp-content\\\/uploads\\\/2025\\\/10\\\/WOOPIE-BABY-minkstas-barskutis-2in1-kramtukas-sensorinis-zaislas-kudikiams-nuo-0-men.jpg\",\"width\":2560,\"height\":2560,\"caption\":\"WOOPIE BABY mink\u0161tas bar\u0161kutis 2in1 kramtukas-sensorinis \u017eaislas k\u016bdikiams nuo 0 m\u0117n.\"},{\"@type\":\"BreadcrumbList\",\"@id\":\"https:\\\/\\\/kidsplay.lt\\\/produktas\\\/woopie-baby-minkstas-barskutis-2in1-kramtukas-sensorinis-zaislas-kudikiams-nuo-0-men\\\/#breadcrumb\",\"itemListElement\":[{\"@type\":\"ListItem\",\"position\":1,\"name\":\"Pagrindinis\",\"item\":\"https:\\\/\\\/kidsplay.lt\\\/\"},{\"@type\":\"ListItem\",\"position\":2,\"name\":\"Parduotuv\u0117\",\"item\":\"https:\\\/\\\/kidsplay.lt\\\/parduotuve\\\/\"},{\"@type\":\"ListItem\",\"position\":3,\"name\":\"WOOPIE BABY mink\u0161tas bar\u0161kutis 2in1 kramtukas-sensorinis \u017eaislas k\u016bdikiams nuo 0 m\u0117n.\"}]},{\"@type\":\"WebSite\",\"@id\":\"https:\\\/\\\/kidsplay.lt\\\/#website\",\"url\":\"https:\\\/\\\/kidsplay.lt\\\/\",\"name\":\"Kidsplay.lt\",\"description\":\"\u012evairios prek\u0117s vaikams\",\"publisher\":{\"@id\":\"https:\\\/\\\/kidsplay.lt\\\/#organization\"},\"alternateName\":\"Kidsplay\",\"potentialAction\":[{\"@type\":\"SearchAction\",\"target\":{\"@type\":\"EntryPoint\",\"urlTemplate\":\"https:\\\/\\\/kidsplay.lt\\\/?s={search_term_string}\"},\"query-input\":{\"@type\":\"PropertyValueSpecification\",\"valueRequired\":true,\"valueName\":\"search_term_string\"}}],\"inLanguage\":\"lv-LV\"},{\"@type\":\"Organization\",\"@id\":\"https:\\\/\\\/kidsplay.lt\\\/#organization\",\"name\":\"KidsPlay\",\"url\":\"https:\\\/\\\/kidsplay.lt\\\/\",\"logo\":{\"@type\":\"ImageObject\",\"inLanguage\":\"lv-LV\",\"@id\":\"https:\\\/\\\/kidsplay.lt\\\/#\\\/schema\\\/logo\\\/image\\\/\",\"url\":\"https:\\\/\\\/kidsplay.lt\\\/wp-content\\\/uploads\\\/2023\\\/07\\\/kidsplay-logo.png\",\"contentUrl\":\"https:\\\/\\\/kidsplay.lt\\\/wp-content\\\/uploads\\\/2023\\\/07\\\/kidsplay-logo.png\",\"width\":451,\"height\":98,\"caption\":\"KidsPlay\"},\"image\":{\"@id\":\"https:\\\/\\\/kidsplay.lt\\\/#\\\/schema\\\/logo\\\/image\\\/\"},\"sameAs\":[\"https:\\\/\\\/www.facebook.com\\\/www.kidsplay.lt\"]}]}<\/script>\n<!-- \/ Yoast SEO plugin. -->","yoast_head_json":{"title":"WOOPIE BABY m\u012bksta grabul\u012bte 2in1 grau\u017eam\u0101-sensor\u0101 rota\u013clieta mazu\u013ciem no 0 m\u0113ne\u0161u vecuma.","description":"WOOPIE BABY mink\u0161tas bar\u0161kutis 2in1 kramtukas-sensorinis \u017eaislas k\u016bdikiams nuo 0 m\u0117n. - KidsPlay. Did\u017eiausias vaik\u0173 \u017eaisl\u0173 pasirinkimas.","robots":{"index":"index","follow":"follow","max-snippet":"max-snippet:-1","max-image-preview":"max-image-preview:large","max-video-preview":"max-video-preview:-1"},"canonical":"https:\/\/kidsplay.lt\/lv\/products\/woopie-baby-minkstas-barskutis-2in1-kramtukas-sensorinis-zaislas-kudikiams-nuo-0-men\/","og_locale":"lv_LV","og_type":"article","og_title":"WOOPIE BABY mink\u0161tas bar\u0161kutis 2in1 kramtukas-sensorinis \u017eaislas k\u016bdikiams nuo 0 m\u0117n.","og_description":"WOOPIE BABY mink\u0161tas bar\u0161kutis 2in1 kramtukas-sensorinis \u017eaislas k\u016bdikiams nuo 0 m\u0117n. - KidsPlay. Did\u017eiausias vaik\u0173 \u017eaisl\u0173 pasirinkimas.","og_url":"https:\/\/kidsplay.lt\/lv\/products\/woopie-baby-minkstas-barskutis-2in1-kramtukas-sensorinis-zaislas-kudikiams-nuo-0-men\/","og_site_name":"KidsPlay","article_publisher":"https:\/\/www.facebook.com\/www.kidsplay.lt","article_modified_time":"2026-03-26T10:21:38+00:00","og_image":[{"width":2560,"height":2560,"url":"https:\/\/kidsplay.lt\/wp-content\/uploads\/2025\/10\/WOOPIE-BABY-minkstas-barskutis-2in1-kramtukas-sensorinis-zaislas-kudikiams-nuo-0-men.jpg","type":"image\/jpeg"}],"twitter_card":"summary_large_image","twitter_misc":{"Est. reading time":"1 min\u016bte"},"schema":{"@context":"https:\/\/schema.org","@graph":[{"@type":"WebPage","@id":"https:\/\/kidsplay.lt\/produktas\/woopie-baby-minkstas-barskutis-2in1-kramtukas-sensorinis-zaislas-kudikiams-nuo-0-men\/","url":"https:\/\/kidsplay.lt\/produktas\/woopie-baby-minkstas-barskutis-2in1-kramtukas-sensorinis-zaislas-kudikiams-nuo-0-men\/","name":"WOOPIE BABY m\u012bksta grabul\u012bte 2in1 grau\u017eam\u0101-sensor\u0101 rota\u013clieta mazu\u013ciem no 0 m\u0113ne\u0161u vecuma.","isPartOf":{"@id":"https:\/\/kidsplay.lt\/#website"},"primaryImageOfPage":{"@id":"https:\/\/kidsplay.lt\/produktas\/woopie-baby-minkstas-barskutis-2in1-kramtukas-sensorinis-zaislas-kudikiams-nuo-0-men\/#primaryimage"},"image":{"@id":"https:\/\/kidsplay.lt\/produktas\/woopie-baby-minkstas-barskutis-2in1-kramtukas-sensorinis-zaislas-kudikiams-nuo-0-men\/#primaryimage"},"thumbnailUrl":"https:\/\/kidsplay.lt\/wp-content\/uploads\/2025\/10\/WOOPIE-BABY-minkstas-barskutis-2in1-kramtukas-sensorinis-zaislas-kudikiams-nuo-0-men.jpg","datePublished":"2025-10-22T07:51:55+00:00","dateModified":"2026-03-26T10:21:38+00:00","description":"WOOPIE BABY mink\u0161tas bar\u0161kutis 2in1 kramtukas-sensorinis \u017eaislas k\u016bdikiams nuo 0 m\u0117n. - KidsPlay. Did\u017eiausias vaik\u0173 \u017eaisl\u0173 pasirinkimas.","breadcrumb":{"@id":"https:\/\/kidsplay.lt\/produktas\/woopie-baby-minkstas-barskutis-2in1-kramtukas-sensorinis-zaislas-kudikiams-nuo-0-men\/#breadcrumb"},"inLanguage":"lv-LV","potentialAction":[{"@type":"ReadAction","target":["https:\/\/kidsplay.lt\/produktas\/woopie-baby-minkstas-barskutis-2in1-kramtukas-sensorinis-zaislas-kudikiams-nuo-0-men\/"]}]},{"@type":"ImageObject","inLanguage":"lv-LV","@id":"https:\/\/kidsplay.lt\/produktas\/woopie-baby-minkstas-barskutis-2in1-kramtukas-sensorinis-zaislas-kudikiams-nuo-0-men\/#primaryimage","url":"https:\/\/kidsplay.lt\/wp-content\/uploads\/2025\/10\/WOOPIE-BABY-minkstas-barskutis-2in1-kramtukas-sensorinis-zaislas-kudikiams-nuo-0-men.jpg","contentUrl":"https:\/\/kidsplay.lt\/wp-content\/uploads\/2025\/10\/WOOPIE-BABY-minkstas-barskutis-2in1-kramtukas-sensorinis-zaislas-kudikiams-nuo-0-men.jpg","width":2560,"height":2560,"caption":"WOOPIE BABY mink\u0161tas bar\u0161kutis 2in1 kramtukas-sensorinis \u017eaislas k\u016bdikiams nuo 0 m\u0117n."},{"@type":"BreadcrumbList","@id":"https:\/\/kidsplay.lt\/produktas\/woopie-baby-minkstas-barskutis-2in1-kramtukas-sensorinis-zaislas-kudikiams-nuo-0-men\/#breadcrumb","itemListElement":[{"@type":"ListItem","position":1,"name":"Pagrindinis","item":"https:\/\/kidsplay.lt\/"},{"@type":"ListItem","position":2,"name":"Parduotuv\u0117","item":"https:\/\/kidsplay.lt\/parduotuve\/"},{"@type":"ListItem","position":3,"name":"WOOPIE BABY mink\u0161tas bar\u0161kutis 2in1 kramtukas-sensorinis \u017eaislas k\u016bdikiams nuo 0 m\u0117n."}]},{"@type":"WebSite","@id":"https:\/\/kidsplay.lt\/#website","url":"https:\/\/kidsplay.lt\/","name":"B\u0113rnu sp\u0113les.lv","description":"\u012evairios prek\u0117s vaikams","publisher":{"@id":"https:\/\/kidsplay.lt\/#organization"},"alternateName":"Kidsplay","potentialAction":[{"@type":"SearchAction","target":{"@type":"EntryPoint","urlTemplate":"https:\/\/kidsplay.lt\/?s={search_term_string}"},"query-input":{"@type":"PropertyValueSpecification","valueRequired":true,"valueName":"search_term_string"}}],"inLanguage":"lv-LV"},{"@type":"Organization","@id":"https:\/\/kidsplay.lt\/#organization","name":"B\u0113rnu sp\u0113le","url":"https:\/\/kidsplay.lt\/","logo":{"@type":"ImageObject","inLanguage":"lv-LV","@id":"https:\/\/kidsplay.lt\/#\/schema\/logo\/image\/","url":"https:\/\/kidsplay.lt\/wp-content\/uploads\/2023\/07\/kidsplay-logo.png","contentUrl":"https:\/\/kidsplay.lt\/wp-content\/uploads\/2023\/07\/kidsplay-logo.png","width":451,"height":98,"caption":"KidsPlay"},"image":{"@id":"https:\/\/kidsplay.lt\/#\/schema\/logo\/image\/"},"sameAs":["https:\/\/www.facebook.com\/www.kidsplay.lt"]}]}},"_links":{"self":[{"href":"https:\/\/kidsplay.lt\/lv\/wp-json\/wp\/v2\/product\/77547","targetHints":{"allow":["GET"]}}],"collection":[{"href":"https:\/\/kidsplay.lt\/lv\/wp-json\/wp\/v2\/product"}],"about":[{"href":"https:\/\/kidsplay.lt\/lv\/wp-json\/wp\/v2\/types\/product"}],"version-history":[{"count":1,"href":"https:\/\/kidsplay.lt\/lv\/wp-json\/wp\/v2\/product\/77547\/revisions"}],"predecessor-version":[{"id":77548,"href":"https:\/\/kidsplay.lt\/lv\/wp-json\/wp\/v2\/product\/77547\/revisions\/77548"}],"wp:featuredmedia":[{"embeddable":true,"href":"https:\/\/kidsplay.lt\/lv\/wp-json\/wp\/v2\/media\/77549"}],"wp:attachment":[{"href":"https:\/\/kidsplay.lt\/lv\/wp-json\/wp\/v2\/media?parent=77547"}],"wp:term":[{"taxonomy":"product_brand","embeddable":true,"href":"https:\/\/kidsplay.lt\/lv\/wp-json\/wp\/v2\/product_brand?post=77547"},{"taxonomy":"product_cat","embeddable":true,"href":"https:\/\/kidsplay.lt\/lv\/wp-json\/wp\/v2\/product_cat?post=77547"},{"taxonomy":"product_tag","embeddable":true,"href":"https:\/\/kidsplay.lt\/lv\/wp-json\/wp\/v2\/product_tag?post=77547"}],"curies":[{"name":"wp","href":"https:\/\/api.w.org\/{rel}","templated":true}]}}