{"id":77578,"date":"2025-10-22T10:54:19","date_gmt":"2025-10-22T07:54:19","guid":{"rendered":"https:\/\/kidsplay.lt\/produktas\/woopie-baby-muzikine-dezute-su-karuseliniais-gyvunais-lavinamasis-zaislas\/"},"modified":"2026-04-13T14:25:34","modified_gmt":"2026-04-13T11:25:34","slug":"woopie-baby-muzikine-dezute-su-karuseliniais-gyvunais-lavinamasis-zaislas","status":"publish","type":"product","link":"https:\/\/kidsplay.lt\/lv\/products\/woopie-baby-muzikine-dezute-su-karuseliniais-gyvunais-lavinamasis-zaislas\/","title":{"rendered":"WOOPIE BABY m\u016bzikas l\u0101d\u012bte ar karuse\u013ca dz\u012bvniekiem, izgl\u012btojo\u0161a rota\u013clieta"},"content":{"rendered":"<p>WOOPIE\u00a0muzikin\u0117 karusel\u0117\u00a0yra b\u016btinas \u017eaislas kiekvienam vaikui. Jos pagrindin\u0117 paskirtis \u2013\u00a0lavinti\u00a0poj\u016b\u010dius\u00a0, be to, ji gali b\u016bti naudojama kaip\u00a0migdomoji\u00a0priemon\u0117\u00a0. Ji taip pat atlieka\u00a0muzikin\u0117s d\u0117\u017eut\u0117s\u00a0su besisukan\u010diais gyv\u016bnais funkcij\u0105. Nugar\u0117l\u0117je yra\u00a0skai\u010diai\u00a0, imituojantys senovini\u0173 telefon\u0173 su alk\u016bn\u0117mis rinkim\u0105. Gaminys taip pat turi\u00a0siurbtuk\u0105\u00a0, kuris efektyviai stabilizuoja \u017eaisl\u0105 ir apsaugo j\u012f nuo kritimo. \u0160is \u017eaislas labai lavina vaiko poj\u016b\u010dius ir padeda ilgam i\u0161laikyti koncentracij\u0105.<\/p>\n<p>Rakstur\u012bgs:<\/p>\n<p> \t&#8211; \u017daislas vaikams nuo 18 m\u0117nesi\u0173<br \/>\n \t&#8211; Muzikin\u0117 karusel\u0117\u00a0su besisukan\u010diais gyv\u016bnais<br \/>\n \t&#8211; Muzikin\u0117s d\u0117\u017eut\u0117s\u00a0funkcija\u00a0\u2013 miego gerinimo priemon\u0117<br \/>\n \t&#8211; Slankiojan\u010dio telefono\u00a0su skai\u010diais\u00a0imitacija<br \/>\n \t&#8211; Siurbimo taur\u0117\u00a0karuselei stabilizuoti<\/p>\n<p>Rota\u013clieta att\u012bst\u0101s:<\/p>\n<p> \t&#8211; Klausos poj\u016btis<br \/>\n \t&#8211; Reg\u0117jimo poj\u016btis<br \/>\n \t&#8211; Aki\u0173 ir rank\u0173 koordinacija<br \/>\n \t&#8211; Geb\u0117jimas susikaupti<\/p>","protected":false},"excerpt":{"rendered":"<p>WOOPIE\u00a0muzikin\u0117 karusel\u0117\u00a0yra b\u016btinas \u017eaislas kiekvienam vaikui. Jos pagrindin\u0117 paskirtis \u2013\u00a0lavinti\u00a0poj\u016b\u010dius\u00a0, be to, ji gali b\u016bti naudojama kaip\u00a0migdomoji\u00a0priemon\u0117\u00a0. Ji taip pat<\/p>","protected":false},"featured_media":77580,"template":"","meta":{"_acf_changed":false,"_glsr_average":0,"_glsr_ranking":0,"_glsr_reviews":0},"product_brand":[],"product_cat":[396,229],"product_tag":[],"class_list":{"0":"post-77578","1":"product","2":"type-product","3":"status-publish","4":"has-post-thumbnail","6":"product_cat-kudikiu-zaislai-vaikams2","7":"product_cat-zaislai-vaikams","8":"\"style=\"background-color: #2ecc711c;\"","10":"first","11":"instock","12":"purchasable","13":"product-type-simple"},"acf":[],"yoast_head":"<!-- This site is optimized with the Yoast SEO plugin v27.4 - https:\/\/yoast.com\/product\/yoast-seo-wordpress\/ -->\n<title>WOOPIE BABY muzikin\u0117 d\u0117\u017eut\u0117 su karuseliniais gyv\u016bnais, lavinamasis \u017eaislas<\/title>\n<meta name=\"description\" content=\"WOOPIE BABY muzikin\u0117 d\u0117\u017eut\u0117 su karuseliniais gyv\u016bnais, lavinamasis \u017eaislas - KidsPlay. Did\u017eiausias vaik\u0173 \u017eaisl\u0173 pasirinkimas.\" \/>\n<meta name=\"robots\" content=\"index, follow, max-snippet:-1, max-image-preview:large, max-video-preview:-1\" \/>\n<link rel=\"canonical\" href=\"https:\/\/kidsplay.lt\/lv\/products\/woopie-baby-muzikine-dezute-su-karuseliniais-gyvunais-lavinamasis-zaislas\/\" \/>\n<meta property=\"og:locale\" content=\"lv_LV\" \/>\n<meta property=\"og:type\" content=\"article\" \/>\n<meta property=\"og:title\" content=\"WOOPIE BABY muzikin\u0117 d\u0117\u017eut\u0117 su karuseliniais gyv\u016bnais, lavinamasis \u017eaislas\" \/>\n<meta property=\"og:description\" content=\"WOOPIE BABY muzikin\u0117 d\u0117\u017eut\u0117 su karuseliniais gyv\u016bnais, lavinamasis \u017eaislas - KidsPlay. Did\u017eiausias vaik\u0173 \u017eaisl\u0173 pasirinkimas.\" \/>\n<meta property=\"og:url\" content=\"https:\/\/kidsplay.lt\/lv\/products\/woopie-baby-muzikine-dezute-su-karuseliniais-gyvunais-lavinamasis-zaislas\/\" \/>\n<meta property=\"og:site_name\" content=\"KidsPlay\" \/>\n<meta property=\"article:publisher\" content=\"https:\/\/www.facebook.com\/www.kidsplay.lt\" \/>\n<meta property=\"article:modified_time\" content=\"2026-04-13T11:25:34+00:00\" \/>\n<meta property=\"og:image\" content=\"https:\/\/kidsplay.lt\/wp-content\/uploads\/2025\/10\/WOOPIE-BABY-muzikine-dezute-su-karuseliniais-gyvunais-lavinamasis-zaislas.jpg\" \/>\n\t<meta property=\"og:image:width\" content=\"2450\" \/>\n\t<meta property=\"og:image:height\" content=\"2488\" \/>\n\t<meta property=\"og:image:type\" content=\"image\/jpeg\" \/>\n<meta name=\"twitter:card\" content=\"summary_large_image\" \/>\n<meta name=\"twitter:label1\" content=\"Est. reading time\" \/>\n\t<meta name=\"twitter:data1\" content=\"1 min\u016bte\" \/>\n<script type=\"application\/ld+json\" class=\"yoast-schema-graph\">{\"@context\":\"https:\\\/\\\/schema.org\",\"@graph\":[{\"@type\":\"WebPage\",\"@id\":\"https:\\\/\\\/kidsplay.lt\\\/produktas\\\/woopie-baby-muzikine-dezute-su-karuseliniais-gyvunais-lavinamasis-zaislas\\\/\",\"url\":\"https:\\\/\\\/kidsplay.lt\\\/produktas\\\/woopie-baby-muzikine-dezute-su-karuseliniais-gyvunais-lavinamasis-zaislas\\\/\",\"name\":\"WOOPIE BABY muzikin\u0117 d\u0117\u017eut\u0117 su karuseliniais gyv\u016bnais, lavinamasis \u017eaislas\",\"isPartOf\":{\"@id\":\"https:\\\/\\\/kidsplay.lt\\\/#website\"},\"primaryImageOfPage\":{\"@id\":\"https:\\\/\\\/kidsplay.lt\\\/produktas\\\/woopie-baby-muzikine-dezute-su-karuseliniais-gyvunais-lavinamasis-zaislas\\\/#primaryimage\"},\"image\":{\"@id\":\"https:\\\/\\\/kidsplay.lt\\\/produktas\\\/woopie-baby-muzikine-dezute-su-karuseliniais-gyvunais-lavinamasis-zaislas\\\/#primaryimage\"},\"thumbnailUrl\":\"https:\\\/\\\/kidsplay.lt\\\/wp-content\\\/uploads\\\/2025\\\/10\\\/WOOPIE-BABY-muzikine-dezute-su-karuseliniais-gyvunais-lavinamasis-zaislas.jpg\",\"datePublished\":\"2025-10-22T07:54:19+00:00\",\"dateModified\":\"2026-04-13T11:25:34+00:00\",\"description\":\"WOOPIE BABY muzikin\u0117 d\u0117\u017eut\u0117 su karuseliniais gyv\u016bnais, lavinamasis \u017eaislas - KidsPlay. Did\u017eiausias vaik\u0173 \u017eaisl\u0173 pasirinkimas.\",\"breadcrumb\":{\"@id\":\"https:\\\/\\\/kidsplay.lt\\\/produktas\\\/woopie-baby-muzikine-dezute-su-karuseliniais-gyvunais-lavinamasis-zaislas\\\/#breadcrumb\"},\"inLanguage\":\"lv-LV\",\"potentialAction\":[{\"@type\":\"ReadAction\",\"target\":[\"https:\\\/\\\/kidsplay.lt\\\/produktas\\\/woopie-baby-muzikine-dezute-su-karuseliniais-gyvunais-lavinamasis-zaislas\\\/\"]}]},{\"@type\":\"ImageObject\",\"inLanguage\":\"lv-LV\",\"@id\":\"https:\\\/\\\/kidsplay.lt\\\/produktas\\\/woopie-baby-muzikine-dezute-su-karuseliniais-gyvunais-lavinamasis-zaislas\\\/#primaryimage\",\"url\":\"https:\\\/\\\/kidsplay.lt\\\/wp-content\\\/uploads\\\/2025\\\/10\\\/WOOPIE-BABY-muzikine-dezute-su-karuseliniais-gyvunais-lavinamasis-zaislas.jpg\",\"contentUrl\":\"https:\\\/\\\/kidsplay.lt\\\/wp-content\\\/uploads\\\/2025\\\/10\\\/WOOPIE-BABY-muzikine-dezute-su-karuseliniais-gyvunais-lavinamasis-zaislas.jpg\",\"width\":2450,\"height\":2488,\"caption\":\"WOOPIE BABY muzikin\u0117 d\u0117\u017eut\u0117 su karuseliniais gyv\u016bnais\"},{\"@type\":\"BreadcrumbList\",\"@id\":\"https:\\\/\\\/kidsplay.lt\\\/produktas\\\/woopie-baby-muzikine-dezute-su-karuseliniais-gyvunais-lavinamasis-zaislas\\\/#breadcrumb\",\"itemListElement\":[{\"@type\":\"ListItem\",\"position\":1,\"name\":\"Pagrindinis\",\"item\":\"https:\\\/\\\/kidsplay.lt\\\/\"},{\"@type\":\"ListItem\",\"position\":2,\"name\":\"Parduotuv\u0117\",\"item\":\"https:\\\/\\\/kidsplay.lt\\\/parduotuve\\\/\"},{\"@type\":\"ListItem\",\"position\":3,\"name\":\"WOOPIE BABY muzikin\u0117 d\u0117\u017eut\u0117 su karuseliniais gyv\u016bnais, lavinamasis \u017eaislas\"}]},{\"@type\":\"WebSite\",\"@id\":\"https:\\\/\\\/kidsplay.lt\\\/#website\",\"url\":\"https:\\\/\\\/kidsplay.lt\\\/\",\"name\":\"Kidsplay.lt\",\"description\":\"\u012evairios prek\u0117s vaikams\",\"publisher\":{\"@id\":\"https:\\\/\\\/kidsplay.lt\\\/#organization\"},\"alternateName\":\"Kidsplay\",\"potentialAction\":[{\"@type\":\"SearchAction\",\"target\":{\"@type\":\"EntryPoint\",\"urlTemplate\":\"https:\\\/\\\/kidsplay.lt\\\/?s={search_term_string}\"},\"query-input\":{\"@type\":\"PropertyValueSpecification\",\"valueRequired\":true,\"valueName\":\"search_term_string\"}}],\"inLanguage\":\"lv-LV\"},{\"@type\":\"Organization\",\"@id\":\"https:\\\/\\\/kidsplay.lt\\\/#organization\",\"name\":\"KidsPlay\",\"url\":\"https:\\\/\\\/kidsplay.lt\\\/\",\"logo\":{\"@type\":\"ImageObject\",\"inLanguage\":\"lv-LV\",\"@id\":\"https:\\\/\\\/kidsplay.lt\\\/#\\\/schema\\\/logo\\\/image\\\/\",\"url\":\"https:\\\/\\\/kidsplay.lt\\\/wp-content\\\/uploads\\\/2023\\\/07\\\/kidsplay-logo.png\",\"contentUrl\":\"https:\\\/\\\/kidsplay.lt\\\/wp-content\\\/uploads\\\/2023\\\/07\\\/kidsplay-logo.png\",\"width\":451,\"height\":98,\"caption\":\"KidsPlay\"},\"image\":{\"@id\":\"https:\\\/\\\/kidsplay.lt\\\/#\\\/schema\\\/logo\\\/image\\\/\"},\"sameAs\":[\"https:\\\/\\\/www.facebook.com\\\/www.kidsplay.lt\"]}]}<\/script>\n<!-- \/ Yoast SEO plugin. -->","yoast_head_json":{"title":"WOOPIE BABY m\u016bzikas l\u0101d\u012bte ar karuse\u013ca dz\u012bvniekiem, izgl\u012btojo\u0161a rota\u013clieta","description":"WOOPIE BABY muzikin\u0117 d\u0117\u017eut\u0117 su karuseliniais gyv\u016bnais, lavinamasis \u017eaislas - KidsPlay. Did\u017eiausias vaik\u0173 \u017eaisl\u0173 pasirinkimas.","robots":{"index":"index","follow":"follow","max-snippet":"max-snippet:-1","max-image-preview":"max-image-preview:large","max-video-preview":"max-video-preview:-1"},"canonical":"https:\/\/kidsplay.lt\/lv\/products\/woopie-baby-muzikine-dezute-su-karuseliniais-gyvunais-lavinamasis-zaislas\/","og_locale":"lv_LV","og_type":"article","og_title":"WOOPIE BABY muzikin\u0117 d\u0117\u017eut\u0117 su karuseliniais gyv\u016bnais, lavinamasis \u017eaislas","og_description":"WOOPIE BABY muzikin\u0117 d\u0117\u017eut\u0117 su karuseliniais gyv\u016bnais, lavinamasis \u017eaislas - KidsPlay. Did\u017eiausias vaik\u0173 \u017eaisl\u0173 pasirinkimas.","og_url":"https:\/\/kidsplay.lt\/lv\/products\/woopie-baby-muzikine-dezute-su-karuseliniais-gyvunais-lavinamasis-zaislas\/","og_site_name":"KidsPlay","article_publisher":"https:\/\/www.facebook.com\/www.kidsplay.lt","article_modified_time":"2026-04-13T11:25:34+00:00","og_image":[{"width":2450,"height":2488,"url":"https:\/\/kidsplay.lt\/wp-content\/uploads\/2025\/10\/WOOPIE-BABY-muzikine-dezute-su-karuseliniais-gyvunais-lavinamasis-zaislas.jpg","type":"image\/jpeg"}],"twitter_card":"summary_large_image","twitter_misc":{"Est. reading time":"1 min\u016bte"},"schema":{"@context":"https:\/\/schema.org","@graph":[{"@type":"WebPage","@id":"https:\/\/kidsplay.lt\/produktas\/woopie-baby-muzikine-dezute-su-karuseliniais-gyvunais-lavinamasis-zaislas\/","url":"https:\/\/kidsplay.lt\/produktas\/woopie-baby-muzikine-dezute-su-karuseliniais-gyvunais-lavinamasis-zaislas\/","name":"WOOPIE BABY m\u016bzikas l\u0101d\u012bte ar karuse\u013ca dz\u012bvniekiem, izgl\u012btojo\u0161a rota\u013clieta","isPartOf":{"@id":"https:\/\/kidsplay.lt\/#website"},"primaryImageOfPage":{"@id":"https:\/\/kidsplay.lt\/produktas\/woopie-baby-muzikine-dezute-su-karuseliniais-gyvunais-lavinamasis-zaislas\/#primaryimage"},"image":{"@id":"https:\/\/kidsplay.lt\/produktas\/woopie-baby-muzikine-dezute-su-karuseliniais-gyvunais-lavinamasis-zaislas\/#primaryimage"},"thumbnailUrl":"https:\/\/kidsplay.lt\/wp-content\/uploads\/2025\/10\/WOOPIE-BABY-muzikine-dezute-su-karuseliniais-gyvunais-lavinamasis-zaislas.jpg","datePublished":"2025-10-22T07:54:19+00:00","dateModified":"2026-04-13T11:25:34+00:00","description":"WOOPIE BABY muzikin\u0117 d\u0117\u017eut\u0117 su karuseliniais gyv\u016bnais, lavinamasis \u017eaislas - KidsPlay. Did\u017eiausias vaik\u0173 \u017eaisl\u0173 pasirinkimas.","breadcrumb":{"@id":"https:\/\/kidsplay.lt\/produktas\/woopie-baby-muzikine-dezute-su-karuseliniais-gyvunais-lavinamasis-zaislas\/#breadcrumb"},"inLanguage":"lv-LV","potentialAction":[{"@type":"ReadAction","target":["https:\/\/kidsplay.lt\/produktas\/woopie-baby-muzikine-dezute-su-karuseliniais-gyvunais-lavinamasis-zaislas\/"]}]},{"@type":"ImageObject","inLanguage":"lv-LV","@id":"https:\/\/kidsplay.lt\/produktas\/woopie-baby-muzikine-dezute-su-karuseliniais-gyvunais-lavinamasis-zaislas\/#primaryimage","url":"https:\/\/kidsplay.lt\/wp-content\/uploads\/2025\/10\/WOOPIE-BABY-muzikine-dezute-su-karuseliniais-gyvunais-lavinamasis-zaislas.jpg","contentUrl":"https:\/\/kidsplay.lt\/wp-content\/uploads\/2025\/10\/WOOPIE-BABY-muzikine-dezute-su-karuseliniais-gyvunais-lavinamasis-zaislas.jpg","width":2450,"height":2488,"caption":"WOOPIE BABY muzikin\u0117 d\u0117\u017eut\u0117 su karuseliniais gyv\u016bnais"},{"@type":"BreadcrumbList","@id":"https:\/\/kidsplay.lt\/produktas\/woopie-baby-muzikine-dezute-su-karuseliniais-gyvunais-lavinamasis-zaislas\/#breadcrumb","itemListElement":[{"@type":"ListItem","position":1,"name":"Pagrindinis","item":"https:\/\/kidsplay.lt\/"},{"@type":"ListItem","position":2,"name":"Parduotuv\u0117","item":"https:\/\/kidsplay.lt\/parduotuve\/"},{"@type":"ListItem","position":3,"name":"WOOPIE BABY muzikin\u0117 d\u0117\u017eut\u0117 su karuseliniais gyv\u016bnais, lavinamasis \u017eaislas"}]},{"@type":"WebSite","@id":"https:\/\/kidsplay.lt\/#website","url":"https:\/\/kidsplay.lt\/","name":"B\u0113rnu sp\u0113les.lv","description":"\u012evairios prek\u0117s vaikams","publisher":{"@id":"https:\/\/kidsplay.lt\/#organization"},"alternateName":"Kidsplay","potentialAction":[{"@type":"SearchAction","target":{"@type":"EntryPoint","urlTemplate":"https:\/\/kidsplay.lt\/?s={search_term_string}"},"query-input":{"@type":"PropertyValueSpecification","valueRequired":true,"valueName":"search_term_string"}}],"inLanguage":"lv-LV"},{"@type":"Organization","@id":"https:\/\/kidsplay.lt\/#organization","name":"B\u0113rnu sp\u0113le","url":"https:\/\/kidsplay.lt\/","logo":{"@type":"ImageObject","inLanguage":"lv-LV","@id":"https:\/\/kidsplay.lt\/#\/schema\/logo\/image\/","url":"https:\/\/kidsplay.lt\/wp-content\/uploads\/2023\/07\/kidsplay-logo.png","contentUrl":"https:\/\/kidsplay.lt\/wp-content\/uploads\/2023\/07\/kidsplay-logo.png","width":451,"height":98,"caption":"KidsPlay"},"image":{"@id":"https:\/\/kidsplay.lt\/#\/schema\/logo\/image\/"},"sameAs":["https:\/\/www.facebook.com\/www.kidsplay.lt"]}]}},"_links":{"self":[{"href":"https:\/\/kidsplay.lt\/lv\/wp-json\/wp\/v2\/product\/77578","targetHints":{"allow":["GET"]}}],"collection":[{"href":"https:\/\/kidsplay.lt\/lv\/wp-json\/wp\/v2\/product"}],"about":[{"href":"https:\/\/kidsplay.lt\/lv\/wp-json\/wp\/v2\/types\/product"}],"version-history":[{"count":1,"href":"https:\/\/kidsplay.lt\/lv\/wp-json\/wp\/v2\/product\/77578\/revisions"}],"predecessor-version":[{"id":77579,"href":"https:\/\/kidsplay.lt\/lv\/wp-json\/wp\/v2\/product\/77578\/revisions\/77579"}],"wp:featuredmedia":[{"embeddable":true,"href":"https:\/\/kidsplay.lt\/lv\/wp-json\/wp\/v2\/media\/77580"}],"wp:attachment":[{"href":"https:\/\/kidsplay.lt\/lv\/wp-json\/wp\/v2\/media?parent=77578"}],"wp:term":[{"taxonomy":"product_brand","embeddable":true,"href":"https:\/\/kidsplay.lt\/lv\/wp-json\/wp\/v2\/product_brand?post=77578"},{"taxonomy":"product_cat","embeddable":true,"href":"https:\/\/kidsplay.lt\/lv\/wp-json\/wp\/v2\/product_cat?post=77578"},{"taxonomy":"product_tag","embeddable":true,"href":"https:\/\/kidsplay.lt\/lv\/wp-json\/wp\/v2\/product_tag?post=77578"}],"curies":[{"name":"wp","href":"https:\/\/api.w.org\/{rel}","templated":true}]}}