{"id":77603,"date":"2025-10-22T10:59:46","date_gmt":"2025-10-22T07:59:46","guid":{"rendered":"https:\/\/kidsplay.lt\/produktas\/woopie-royal-xl-vienaragio-aukle-su-lopsiu-ir-maitinimo-rinkiniu\/"},"modified":"2026-04-13T14:26:32","modified_gmt":"2026-04-13T11:26:32","slug":"woopie-royal-xl-vienaragio-aukle-su-lopsiu-ir-maitinimo-rinkiniu","status":"publish","type":"product","link":"https:\/\/kidsplay.lt\/lv\/products\/woopie-royal-xl-vienaragio-aukle-su-lopsiu-ir-maitinimo-rinkiniu\/","title":{"rendered":"WOOPIE ROYAL XL vienrad\u017ea b\u0113rnu gulti\u0146a un baro\u0161anas komplekts"},"content":{"rendered":"<p>Atraskite magi\u0161k\u0105 k\u016bdiki\u0173 prie\u017ei\u016bros pasaul\u012f su \u0161ia \u017eavinga \u201e\u00a0Woopie\u201c l\u0117le ir ro\u017eine lovele!\u00a0\u0160is nuostabus rinkinys puikiai tinka ma\u017eyliams, kurie m\u0117gsta \u017eaisti namelius. Mink\u0161to audinio l\u0117l\u0117 su tikrovi\u0161kais veido bruo\u017eais yra apsirengusi violetiniu kostiumu ir kepure, o rinkinyje yra viskas, ko reikia kasdienei k\u016bdikio prie\u017ei\u016brai. Spalvingas, saugus dizainas \u017eaidim\u0173 laik\u0105 paver\u010dia dar \u012fdomesniu ir praturtinan\u010diu.<\/p>\n<p>Rakstur\u012bgs:<\/p>\n<p> \t&#8211; Vaikams nuo\u00a018 m\u0117nesi\u0173\u00a0am\u017eiaus<br \/>\n \t\u2013 Izgatavots no augstas kvalit\u0101tes materi\u0101liem<br \/>\n \t&#8211; Mink\u0161ta l\u0117l\u0117 su realisti\u0161kais veido bruo\u017eais ir judan\u010diomis gal\u016bn\u0117mis<br \/>\n \t&#8211; Lop\u0161ys su pagalve<br \/>\n \t&#8211; Spalvinga pi\u017eama su kepure<\/p>\n<p>Komplekt\u0101 ietilpst:<\/p>\n<p> \t&#8211; Realisti\u0161ka l\u0117l\u0117 su drabu\u017eiais<br \/>\n \t&#8211; Spenelis<br \/>\n \t&#8211; Pieno butelis<br \/>\n \t&#8211; Lop\u0161ys<br \/>\n \t&#8211; Pagalv\u0117<br \/>\n \t&#8211; Seilinukas<br \/>\n \t&#8211; Antklod\u0117<\/p>\n<p>Rota\u013clieta att\u012bst\u0101s:<\/p>\n<p> \t&#8211; R\u016bpestingumo \u012fg\u016bd\u017eiai<br \/>\n \t&#8211; Vaizduot\u0117<br \/>\n \t&#8211; K\u016brybi\u0161kumas<br \/>\n \t&#8211; Atsakomyb\u0117<br \/>\n \t\u2013 Motorisk\u0101s prasmes<\/p>","protected":false},"excerpt":{"rendered":"<p>Atraskite magi\u0161k\u0105 k\u016bdiki\u0173 prie\u017ei\u016bros pasaul\u012f su \u0161ia \u017eavinga \u201e\u00a0Woopie\u201c l\u0117le ir ro\u017eine lovele!\u00a0\u0160is nuostabus rinkinys puikiai tinka ma\u017eyliams, kurie m\u0117gsta<\/p>","protected":false},"featured_media":77605,"template":"","meta":{"_acf_changed":false,"_glsr_average":0,"_glsr_ranking":0,"_glsr_reviews":0},"product_brand":[],"product_cat":[443,229],"product_tag":[],"class_list":{"0":"post-77603","1":"product","2":"type-product","3":"status-publish","4":"has-post-thumbnail","6":"product_cat-leles-ir-priedai","7":"product_cat-zaislai-vaikams","8":"\"style=\"background-color: #2ecc711c;\"","10":"first","11":"instock","12":"purchasable","13":"product-type-simple"},"acf":[],"yoast_head":"<!-- This site is optimized with the Yoast SEO plugin v27.4 - https:\/\/yoast.com\/product\/yoast-seo-wordpress\/ -->\n<title>WOOPIE ROYAL XL Vienaragio aukl\u0117 su lop\u0161iu ir maitinimo rinkiniu<\/title>\n<meta name=\"description\" content=\"WOOPIE ROYAL XL Vienaragio aukl\u0117 su lop\u0161iu ir maitinimo rinkiniu - KidsPlay. Did\u017eiausias vaik\u0173 \u017eaisl\u0173 pasirinkimas.\" \/>\n<meta name=\"robots\" content=\"index, follow, max-snippet:-1, max-image-preview:large, max-video-preview:-1\" \/>\n<link rel=\"canonical\" href=\"https:\/\/kidsplay.lt\/lv\/products\/woopie-royal-xl-vienaragio-aukle-su-lopsiu-ir-maitinimo-rinkiniu\/\" \/>\n<meta property=\"og:locale\" content=\"lv_LV\" \/>\n<meta property=\"og:type\" content=\"article\" \/>\n<meta property=\"og:title\" content=\"WOOPIE ROYAL XL Vienaragio aukl\u0117 su lop\u0161iu ir maitinimo rinkiniu\" \/>\n<meta property=\"og:description\" content=\"WOOPIE ROYAL XL Vienaragio aukl\u0117 su lop\u0161iu ir maitinimo rinkiniu - KidsPlay. Did\u017eiausias vaik\u0173 \u017eaisl\u0173 pasirinkimas.\" \/>\n<meta property=\"og:url\" content=\"https:\/\/kidsplay.lt\/lv\/products\/woopie-royal-xl-vienaragio-aukle-su-lopsiu-ir-maitinimo-rinkiniu\/\" \/>\n<meta property=\"og:site_name\" content=\"KidsPlay\" \/>\n<meta property=\"article:publisher\" content=\"https:\/\/www.facebook.com\/www.kidsplay.lt\" \/>\n<meta property=\"article:modified_time\" content=\"2026-04-13T11:26:32+00:00\" \/>\n<meta property=\"og:image\" content=\"https:\/\/kidsplay.lt\/wp-content\/uploads\/2025\/10\/WOOPIE-ROYAL-XL-Vienaragio-aukle-su-lopsiu-ir-maitinimo-rinkiniu.jpg\" \/>\n\t<meta property=\"og:image:width\" content=\"1000\" \/>\n\t<meta property=\"og:image:height\" content=\"1000\" \/>\n\t<meta property=\"og:image:type\" content=\"image\/jpeg\" \/>\n<meta name=\"twitter:card\" content=\"summary_large_image\" \/>\n<meta name=\"twitter:label1\" content=\"Est. reading time\" \/>\n\t<meta name=\"twitter:data1\" content=\"1 min\u016bte\" \/>\n<script type=\"application\/ld+json\" class=\"yoast-schema-graph\">{\"@context\":\"https:\\\/\\\/schema.org\",\"@graph\":[{\"@type\":\"WebPage\",\"@id\":\"https:\\\/\\\/kidsplay.lt\\\/produktas\\\/woopie-royal-xl-vienaragio-aukle-su-lopsiu-ir-maitinimo-rinkiniu\\\/\",\"url\":\"https:\\\/\\\/kidsplay.lt\\\/produktas\\\/woopie-royal-xl-vienaragio-aukle-su-lopsiu-ir-maitinimo-rinkiniu\\\/\",\"name\":\"WOOPIE ROYAL XL Vienaragio aukl\u0117 su lop\u0161iu ir maitinimo rinkiniu\",\"isPartOf\":{\"@id\":\"https:\\\/\\\/kidsplay.lt\\\/#website\"},\"primaryImageOfPage\":{\"@id\":\"https:\\\/\\\/kidsplay.lt\\\/produktas\\\/woopie-royal-xl-vienaragio-aukle-su-lopsiu-ir-maitinimo-rinkiniu\\\/#primaryimage\"},\"image\":{\"@id\":\"https:\\\/\\\/kidsplay.lt\\\/produktas\\\/woopie-royal-xl-vienaragio-aukle-su-lopsiu-ir-maitinimo-rinkiniu\\\/#primaryimage\"},\"thumbnailUrl\":\"https:\\\/\\\/kidsplay.lt\\\/wp-content\\\/uploads\\\/2025\\\/10\\\/WOOPIE-ROYAL-XL-Vienaragio-aukle-su-lopsiu-ir-maitinimo-rinkiniu.jpg\",\"datePublished\":\"2025-10-22T07:59:46+00:00\",\"dateModified\":\"2026-04-13T11:26:32+00:00\",\"description\":\"WOOPIE ROYAL XL Vienaragio aukl\u0117 su lop\u0161iu ir maitinimo rinkiniu - KidsPlay. Did\u017eiausias vaik\u0173 \u017eaisl\u0173 pasirinkimas.\",\"breadcrumb\":{\"@id\":\"https:\\\/\\\/kidsplay.lt\\\/produktas\\\/woopie-royal-xl-vienaragio-aukle-su-lopsiu-ir-maitinimo-rinkiniu\\\/#breadcrumb\"},\"inLanguage\":\"lv-LV\",\"potentialAction\":[{\"@type\":\"ReadAction\",\"target\":[\"https:\\\/\\\/kidsplay.lt\\\/produktas\\\/woopie-royal-xl-vienaragio-aukle-su-lopsiu-ir-maitinimo-rinkiniu\\\/\"]}]},{\"@type\":\"ImageObject\",\"inLanguage\":\"lv-LV\",\"@id\":\"https:\\\/\\\/kidsplay.lt\\\/produktas\\\/woopie-royal-xl-vienaragio-aukle-su-lopsiu-ir-maitinimo-rinkiniu\\\/#primaryimage\",\"url\":\"https:\\\/\\\/kidsplay.lt\\\/wp-content\\\/uploads\\\/2025\\\/10\\\/WOOPIE-ROYAL-XL-Vienaragio-aukle-su-lopsiu-ir-maitinimo-rinkiniu.jpg\",\"contentUrl\":\"https:\\\/\\\/kidsplay.lt\\\/wp-content\\\/uploads\\\/2025\\\/10\\\/WOOPIE-ROYAL-XL-Vienaragio-aukle-su-lopsiu-ir-maitinimo-rinkiniu.jpg\",\"width\":1000,\"height\":1000,\"caption\":\"WOOPIE ROYAL XL Vienaragio aukl\u0117 su lop\u0161iu ir maitinimo rinkiniu\"},{\"@type\":\"BreadcrumbList\",\"@id\":\"https:\\\/\\\/kidsplay.lt\\\/produktas\\\/woopie-royal-xl-vienaragio-aukle-su-lopsiu-ir-maitinimo-rinkiniu\\\/#breadcrumb\",\"itemListElement\":[{\"@type\":\"ListItem\",\"position\":1,\"name\":\"Pagrindinis\",\"item\":\"https:\\\/\\\/kidsplay.lt\\\/\"},{\"@type\":\"ListItem\",\"position\":2,\"name\":\"Parduotuv\u0117\",\"item\":\"https:\\\/\\\/kidsplay.lt\\\/parduotuve\\\/\"},{\"@type\":\"ListItem\",\"position\":3,\"name\":\"WOOPIE ROYAL XL Vienaragio aukl\u0117 su lop\u0161iu ir maitinimo rinkiniu\"}]},{\"@type\":\"WebSite\",\"@id\":\"https:\\\/\\\/kidsplay.lt\\\/#website\",\"url\":\"https:\\\/\\\/kidsplay.lt\\\/\",\"name\":\"Kidsplay.lt\",\"description\":\"\u012evairios prek\u0117s vaikams\",\"publisher\":{\"@id\":\"https:\\\/\\\/kidsplay.lt\\\/#organization\"},\"alternateName\":\"Kidsplay\",\"potentialAction\":[{\"@type\":\"SearchAction\",\"target\":{\"@type\":\"EntryPoint\",\"urlTemplate\":\"https:\\\/\\\/kidsplay.lt\\\/?s={search_term_string}\"},\"query-input\":{\"@type\":\"PropertyValueSpecification\",\"valueRequired\":true,\"valueName\":\"search_term_string\"}}],\"inLanguage\":\"lv-LV\"},{\"@type\":\"Organization\",\"@id\":\"https:\\\/\\\/kidsplay.lt\\\/#organization\",\"name\":\"KidsPlay\",\"url\":\"https:\\\/\\\/kidsplay.lt\\\/\",\"logo\":{\"@type\":\"ImageObject\",\"inLanguage\":\"lv-LV\",\"@id\":\"https:\\\/\\\/kidsplay.lt\\\/#\\\/schema\\\/logo\\\/image\\\/\",\"url\":\"https:\\\/\\\/kidsplay.lt\\\/wp-content\\\/uploads\\\/2023\\\/07\\\/kidsplay-logo.png\",\"contentUrl\":\"https:\\\/\\\/kidsplay.lt\\\/wp-content\\\/uploads\\\/2023\\\/07\\\/kidsplay-logo.png\",\"width\":451,\"height\":98,\"caption\":\"KidsPlay\"},\"image\":{\"@id\":\"https:\\\/\\\/kidsplay.lt\\\/#\\\/schema\\\/logo\\\/image\\\/\"},\"sameAs\":[\"https:\\\/\\\/www.facebook.com\\\/www.kidsplay.lt\"]}]}<\/script>\n<!-- \/ Yoast SEO plugin. -->","yoast_head_json":{"title":"WOOPIE ROYAL XL vienrad\u017ea b\u0113rnu gulti\u0146a un baro\u0161anas komplekts","description":"WOOPIE ROYAL XL Vienaragio aukl\u0117 su lop\u0161iu ir maitinimo rinkiniu - KidsPlay. Did\u017eiausias vaik\u0173 \u017eaisl\u0173 pasirinkimas.","robots":{"index":"index","follow":"follow","max-snippet":"max-snippet:-1","max-image-preview":"max-image-preview:large","max-video-preview":"max-video-preview:-1"},"canonical":"https:\/\/kidsplay.lt\/lv\/products\/woopie-royal-xl-vienaragio-aukle-su-lopsiu-ir-maitinimo-rinkiniu\/","og_locale":"lv_LV","og_type":"article","og_title":"WOOPIE ROYAL XL Vienaragio aukl\u0117 su lop\u0161iu ir maitinimo rinkiniu","og_description":"WOOPIE ROYAL XL Vienaragio aukl\u0117 su lop\u0161iu ir maitinimo rinkiniu - KidsPlay. Did\u017eiausias vaik\u0173 \u017eaisl\u0173 pasirinkimas.","og_url":"https:\/\/kidsplay.lt\/lv\/products\/woopie-royal-xl-vienaragio-aukle-su-lopsiu-ir-maitinimo-rinkiniu\/","og_site_name":"KidsPlay","article_publisher":"https:\/\/www.facebook.com\/www.kidsplay.lt","article_modified_time":"2026-04-13T11:26:32+00:00","og_image":[{"width":1000,"height":1000,"url":"https:\/\/kidsplay.lt\/wp-content\/uploads\/2025\/10\/WOOPIE-ROYAL-XL-Vienaragio-aukle-su-lopsiu-ir-maitinimo-rinkiniu.jpg","type":"image\/jpeg"}],"twitter_card":"summary_large_image","twitter_misc":{"Est. reading time":"1 min\u016bte"},"schema":{"@context":"https:\/\/schema.org","@graph":[{"@type":"WebPage","@id":"https:\/\/kidsplay.lt\/produktas\/woopie-royal-xl-vienaragio-aukle-su-lopsiu-ir-maitinimo-rinkiniu\/","url":"https:\/\/kidsplay.lt\/produktas\/woopie-royal-xl-vienaragio-aukle-su-lopsiu-ir-maitinimo-rinkiniu\/","name":"WOOPIE ROYAL XL vienrad\u017ea b\u0113rnu gulti\u0146a un baro\u0161anas komplekts","isPartOf":{"@id":"https:\/\/kidsplay.lt\/#website"},"primaryImageOfPage":{"@id":"https:\/\/kidsplay.lt\/produktas\/woopie-royal-xl-vienaragio-aukle-su-lopsiu-ir-maitinimo-rinkiniu\/#primaryimage"},"image":{"@id":"https:\/\/kidsplay.lt\/produktas\/woopie-royal-xl-vienaragio-aukle-su-lopsiu-ir-maitinimo-rinkiniu\/#primaryimage"},"thumbnailUrl":"https:\/\/kidsplay.lt\/wp-content\/uploads\/2025\/10\/WOOPIE-ROYAL-XL-Vienaragio-aukle-su-lopsiu-ir-maitinimo-rinkiniu.jpg","datePublished":"2025-10-22T07:59:46+00:00","dateModified":"2026-04-13T11:26:32+00:00","description":"WOOPIE ROYAL XL Vienaragio aukl\u0117 su lop\u0161iu ir maitinimo rinkiniu - KidsPlay. Did\u017eiausias vaik\u0173 \u017eaisl\u0173 pasirinkimas.","breadcrumb":{"@id":"https:\/\/kidsplay.lt\/produktas\/woopie-royal-xl-vienaragio-aukle-su-lopsiu-ir-maitinimo-rinkiniu\/#breadcrumb"},"inLanguage":"lv-LV","potentialAction":[{"@type":"ReadAction","target":["https:\/\/kidsplay.lt\/produktas\/woopie-royal-xl-vienaragio-aukle-su-lopsiu-ir-maitinimo-rinkiniu\/"]}]},{"@type":"ImageObject","inLanguage":"lv-LV","@id":"https:\/\/kidsplay.lt\/produktas\/woopie-royal-xl-vienaragio-aukle-su-lopsiu-ir-maitinimo-rinkiniu\/#primaryimage","url":"https:\/\/kidsplay.lt\/wp-content\/uploads\/2025\/10\/WOOPIE-ROYAL-XL-Vienaragio-aukle-su-lopsiu-ir-maitinimo-rinkiniu.jpg","contentUrl":"https:\/\/kidsplay.lt\/wp-content\/uploads\/2025\/10\/WOOPIE-ROYAL-XL-Vienaragio-aukle-su-lopsiu-ir-maitinimo-rinkiniu.jpg","width":1000,"height":1000,"caption":"WOOPIE ROYAL XL Vienaragio aukl\u0117 su lop\u0161iu ir maitinimo rinkiniu"},{"@type":"BreadcrumbList","@id":"https:\/\/kidsplay.lt\/produktas\/woopie-royal-xl-vienaragio-aukle-su-lopsiu-ir-maitinimo-rinkiniu\/#breadcrumb","itemListElement":[{"@type":"ListItem","position":1,"name":"Pagrindinis","item":"https:\/\/kidsplay.lt\/"},{"@type":"ListItem","position":2,"name":"Parduotuv\u0117","item":"https:\/\/kidsplay.lt\/parduotuve\/"},{"@type":"ListItem","position":3,"name":"WOOPIE ROYAL XL Vienaragio aukl\u0117 su lop\u0161iu ir maitinimo rinkiniu"}]},{"@type":"WebSite","@id":"https:\/\/kidsplay.lt\/#website","url":"https:\/\/kidsplay.lt\/","name":"B\u0113rnu sp\u0113les.lv","description":"\u012evairios prek\u0117s vaikams","publisher":{"@id":"https:\/\/kidsplay.lt\/#organization"},"alternateName":"Kidsplay","potentialAction":[{"@type":"SearchAction","target":{"@type":"EntryPoint","urlTemplate":"https:\/\/kidsplay.lt\/?s={search_term_string}"},"query-input":{"@type":"PropertyValueSpecification","valueRequired":true,"valueName":"search_term_string"}}],"inLanguage":"lv-LV"},{"@type":"Organization","@id":"https:\/\/kidsplay.lt\/#organization","name":"B\u0113rnu sp\u0113le","url":"https:\/\/kidsplay.lt\/","logo":{"@type":"ImageObject","inLanguage":"lv-LV","@id":"https:\/\/kidsplay.lt\/#\/schema\/logo\/image\/","url":"https:\/\/kidsplay.lt\/wp-content\/uploads\/2023\/07\/kidsplay-logo.png","contentUrl":"https:\/\/kidsplay.lt\/wp-content\/uploads\/2023\/07\/kidsplay-logo.png","width":451,"height":98,"caption":"KidsPlay"},"image":{"@id":"https:\/\/kidsplay.lt\/#\/schema\/logo\/image\/"},"sameAs":["https:\/\/www.facebook.com\/www.kidsplay.lt"]}]}},"_links":{"self":[{"href":"https:\/\/kidsplay.lt\/lv\/wp-json\/wp\/v2\/product\/77603","targetHints":{"allow":["GET"]}}],"collection":[{"href":"https:\/\/kidsplay.lt\/lv\/wp-json\/wp\/v2\/product"}],"about":[{"href":"https:\/\/kidsplay.lt\/lv\/wp-json\/wp\/v2\/types\/product"}],"version-history":[{"count":1,"href":"https:\/\/kidsplay.lt\/lv\/wp-json\/wp\/v2\/product\/77603\/revisions"}],"predecessor-version":[{"id":77604,"href":"https:\/\/kidsplay.lt\/lv\/wp-json\/wp\/v2\/product\/77603\/revisions\/77604"}],"wp:featuredmedia":[{"embeddable":true,"href":"https:\/\/kidsplay.lt\/lv\/wp-json\/wp\/v2\/media\/77605"}],"wp:attachment":[{"href":"https:\/\/kidsplay.lt\/lv\/wp-json\/wp\/v2\/media?parent=77603"}],"wp:term":[{"taxonomy":"product_brand","embeddable":true,"href":"https:\/\/kidsplay.lt\/lv\/wp-json\/wp\/v2\/product_brand?post=77603"},{"taxonomy":"product_cat","embeddable":true,"href":"https:\/\/kidsplay.lt\/lv\/wp-json\/wp\/v2\/product_cat?post=77603"},{"taxonomy":"product_tag","embeddable":true,"href":"https:\/\/kidsplay.lt\/lv\/wp-json\/wp\/v2\/product_tag?post=77603"}],"curies":[{"name":"wp","href":"https:\/\/api.w.org\/{rel}","templated":true}]}}